{"id":33745,"date":"2023-08-14T12:31:06","date_gmt":"2023-08-14T10:44:13","guid":{"rendered":"https:\/\/www.robertzueblin.com\/?post_type=product&#038;p=33745"},"modified":"2025-09-25T20:08:17","modified_gmt":"2025-09-25T18:08:17","slug":"albert-steiner-1877-%e2%80%a0-1965-la-carga-del-dia-impresion-de-helio-sadag-ginebra","status":"publish","type":"product","link":"https:\/\/www.robertzueblin.com\/es\/albert-steiner\/la-carga-del-dia-impresion-de-helio-sadag-ginebra\/","title":{"rendered":"Albert STEINER (* 1877, \u2020 1965) &#8211; La carga del d\u00eda &#8211; Impresi\u00f3n de Helio Sadag, Ginebra"},"content":{"rendered":"<p><span style=\"font-family: AkkoPro-BoldCondensed!important\">Tipo:<\/span> <a href=\"https:\/\/www.robertzueblin.com\/es\/tipo\/pintura\/\">pintura<\/a><\/p>\n<p><span style=\"font-family: AkkoPro-BoldCondensed!important\">Fot\u00f3grafo:<\/span> Albert Steiner<\/p>\n<p><span style=\"font-family: AkkoPro-BoldCondensed!important\">Objeto:<\/span> grabado en marco<\/p>\n<p><span style=\"font-family: AkkoPro-BoldCondensed!important\">Material:<\/span> grabado sobre papel<\/p>\n<p><span style=\"font-family: AkkoPro-BoldCondensed!important\">Dimensiones:<\/span> medida del marco exterior: alto: 20 cm, ancho: 25,5 cm; medida del marco interior: 18,5 cm, ancho: 24 cm<\/p>\n<p><span style=\"font-family: AkkoPro-BoldCondensed!important\">A\u00f1o de producci\u00f3n:<\/span> desconocido<\/p>\n<p><span style=\"font-family: AkkoPro-BoldCondensed!important\">Estado:<\/span> la impresi\u00f3n est\u00e1 algo manchada, en parte ligeramente ondulada, en general est\u00e1 en buen estado, al marco le faltan algunas partes<\/p>\n","protected":false},"excerpt":{"rendered":"<p>Tipo: pintura Fot\u00f3grafo: Albert Steiner Objeto: grabado en marco Material: grabado sobre papel Dimensiones: medida del marco exterior: alto: 20 cm, ancho: 25,5 cm; medida del marco interior: 18,5 cm, ancho: 24 cm A\u00f1o de producci\u00f3n: desconocido Estado: la impresi\u00f3n est\u00e1 algo manchada, en parte ligeramente ondulada, en general est\u00e1 en buen estado, al marco [&hellip;]<\/p>\n","protected":false},"featured_media":33750,"template":"","meta":[],"product_brand":[],"product_cat":[494,778],"product_tag":[],"class_list":{"0":"post-33745","1":"product","2":"type-product","3":"status-publish","4":"has-post-thumbnail","6":"product_cat-albert-steiner","7":"product_cat-pintura","9":"first","10":"instock","11":"sold-individually","12":"shipping-taxable","13":"purchasable","14":"product-type-simple"},"yoast_head":"<!-- This site is optimized with the Yoast SEO plugin v27.5 - https:\/\/yoast.com\/product\/yoast-seo-wordpress\/ -->\n<title>Albert STEINER - La carga del d\u00eda - Impresi\u00f3n de Helio Sadag<\/title>\n<meta name=\"description\" content=\"Impresi\u00f3n fotogr\u00e1fica art\u00edstica de una foto del famoso fot\u00f3grafo Albert Steiner: La carga del d\u00eda, impresi\u00f3n de la casa Helio Sadag, Ginebra, Suiza.\" \/>\n<meta name=\"robots\" content=\"index, follow, max-snippet:-1, max-image-preview:large, max-video-preview:-1\" \/>\n<link rel=\"canonical\" href=\"https:\/\/www.robertzueblin.com\/es\/albert-steiner\/la-carga-del-dia-impresion-de-helio-sadag-ginebra\/\" \/>\n<meta property=\"og:locale\" content=\"es_ES\" \/>\n<meta property=\"og:type\" content=\"article\" \/>\n<meta property=\"og:title\" content=\"Albert STEINER - La carga del d\u00eda - Impresi\u00f3n de Helio Sadag\" \/>\n<meta property=\"og:description\" content=\"Impresi\u00f3n fotogr\u00e1fica art\u00edstica de una foto del famoso fot\u00f3grafo Albert Steiner: La carga del d\u00eda, impresi\u00f3n de la casa Helio Sadag, Ginebra, Suiza.\" \/>\n<meta property=\"og:url\" content=\"https:\/\/www.robertzueblin.com\/es\/albert-steiner\/la-carga-del-dia-impresion-de-helio-sadag-ginebra\/\" \/>\n<meta property=\"og:site_name\" content=\"ROBERT Z\u00dcBLIN\" \/>\n<meta property=\"article:modified_time\" content=\"2025-09-25T18:08:17+00:00\" \/>\n<meta property=\"og:image\" content=\"https:\/\/www.robertzueblin.com\/wp-content\/uploads\/albert-steiner-la-carga-del-dia-helio-sadag-ginebra-foto-titulo.jpg\" \/>\n\t<meta property=\"og:image:width\" content=\"1300\" \/>\n\t<meta property=\"og:image:height\" content=\"1026\" \/>\n\t<meta property=\"og:image:type\" content=\"image\/jpeg\" \/>\n<meta name=\"twitter:card\" content=\"summary_large_image\" \/>\n<script type=\"application\/ld+json\" class=\"yoast-schema-graph\">{\"@context\":\"https:\\\/\\\/schema.org\",\"@graph\":[{\"@type\":\"WebPage\",\"@id\":\"https:\\\/\\\/www.robertzueblin.com\\\/es\\\/albert-steiner\\\/la-carga-del-dia-impresion-de-helio-sadag-ginebra\\\/\",\"url\":\"https:\\\/\\\/www.robertzueblin.com\\\/es\\\/albert-steiner\\\/la-carga-del-dia-impresion-de-helio-sadag-ginebra\\\/\",\"name\":\"Albert STEINER - La carga del d\u00eda - Impresi\u00f3n de Helio Sadag\",\"isPartOf\":{\"@id\":\"https:\\\/\\\/www.robertzueblin.com\\\/es\\\/#website\"},\"primaryImageOfPage\":{\"@id\":\"https:\\\/\\\/www.robertzueblin.com\\\/es\\\/albert-steiner\\\/la-carga-del-dia-impresion-de-helio-sadag-ginebra\\\/#primaryimage\"},\"image\":{\"@id\":\"https:\\\/\\\/www.robertzueblin.com\\\/es\\\/albert-steiner\\\/la-carga-del-dia-impresion-de-helio-sadag-ginebra\\\/#primaryimage\"},\"thumbnailUrl\":\"https:\\\/\\\/www.robertzueblin.com\\\/wp-content\\\/uploads\\\/albert-steiner-la-carga-del-dia-helio-sadag-ginebra-foto-titulo.jpg\",\"datePublished\":\"2023-08-14T10:44:13+00:00\",\"dateModified\":\"2025-09-25T18:08:17+00:00\",\"description\":\"Impresi\u00f3n fotogr\u00e1fica art\u00edstica de una foto del famoso fot\u00f3grafo Albert Steiner: La carga del d\u00eda, impresi\u00f3n de la casa Helio Sadag, Ginebra, Suiza.\",\"breadcrumb\":{\"@id\":\"https:\\\/\\\/www.robertzueblin.com\\\/es\\\/albert-steiner\\\/la-carga-del-dia-impresion-de-helio-sadag-ginebra\\\/#breadcrumb\"},\"inLanguage\":\"es\",\"potentialAction\":[{\"@type\":\"ReadAction\",\"target\":[\"https:\\\/\\\/www.robertzueblin.com\\\/es\\\/albert-steiner\\\/la-carga-del-dia-impresion-de-helio-sadag-ginebra\\\/\"]}]},{\"@type\":\"ImageObject\",\"inLanguage\":\"es\",\"@id\":\"https:\\\/\\\/www.robertzueblin.com\\\/es\\\/albert-steiner\\\/la-carga-del-dia-impresion-de-helio-sadag-ginebra\\\/#primaryimage\",\"url\":\"https:\\\/\\\/www.robertzueblin.com\\\/wp-content\\\/uploads\\\/albert-steiner-la-carga-del-dia-helio-sadag-ginebra-foto-titulo.jpg\",\"contentUrl\":\"https:\\\/\\\/www.robertzueblin.com\\\/wp-content\\\/uploads\\\/albert-steiner-la-carga-del-dia-helio-sadag-ginebra-foto-titulo.jpg\",\"width\":1300,\"height\":1026},{\"@type\":\"BreadcrumbList\",\"@id\":\"https:\\\/\\\/www.robertzueblin.com\\\/es\\\/albert-steiner\\\/la-carga-del-dia-impresion-de-helio-sadag-ginebra\\\/#breadcrumb\",\"itemListElement\":[{\"@type\":\"ListItem\",\"position\":1,\"name\":\"Startseite\",\"item\":\"https:\\\/\\\/www.robertzueblin.com\\\/es\\\/\"},{\"@type\":\"ListItem\",\"position\":2,\"name\":\"Galer\u00eda de arte online (tienda online)\",\"item\":\"https:\\\/\\\/www.robertzueblin.com\\\/es\\\/galeria-de-arte-online\\\/\"},{\"@type\":\"ListItem\",\"position\":3,\"name\":\"Albert STEINER (* 1877, \u2020 1965) &#8211; La carga del d\u00eda &#8211; Impresi\u00f3n de Helio Sadag, Ginebra\"}]},{\"@type\":\"WebSite\",\"@id\":\"https:\\\/\\\/www.robertzueblin.com\\\/es\\\/#website\",\"url\":\"https:\\\/\\\/www.robertzueblin.com\\\/es\\\/\",\"name\":\"ROBERT Z\u00dcBLIN\",\"description\":\"\",\"publisher\":{\"@id\":\"https:\\\/\\\/www.robertzueblin.com\\\/es\\\/#organization\"},\"potentialAction\":[{\"@type\":\"SearchAction\",\"target\":{\"@type\":\"EntryPoint\",\"urlTemplate\":\"https:\\\/\\\/www.robertzueblin.com\\\/es\\\/?s={search_term_string}\"},\"query-input\":{\"@type\":\"PropertyValueSpecification\",\"valueRequired\":true,\"valueName\":\"search_term_string\"}}],\"inLanguage\":\"es\"},{\"@type\":\"Organization\",\"@id\":\"https:\\\/\\\/www.robertzueblin.com\\\/es\\\/#organization\",\"name\":\"ROBERT Z\u00dcBLIN\",\"url\":\"https:\\\/\\\/www.robertzueblin.com\\\/es\\\/\",\"logo\":{\"@type\":\"ImageObject\",\"inLanguage\":\"es\",\"@id\":\"https:\\\/\\\/www.robertzueblin.com\\\/es\\\/#\\\/schema\\\/logo\\\/image\\\/\",\"url\":\"https:\\\/\\\/www.robertzueblin.com\\\/wp-content\\\/uploads\\\/cropped-cropped-logo-von-robert-zueblin.jpg\",\"contentUrl\":\"https:\\\/\\\/www.robertzueblin.com\\\/wp-content\\\/uploads\\\/cropped-cropped-logo-von-robert-zueblin.jpg\",\"width\":440,\"height\":60,\"caption\":\"ROBERT Z\u00dcBLIN\"},\"image\":{\"@id\":\"https:\\\/\\\/www.robertzueblin.com\\\/es\\\/#\\\/schema\\\/logo\\\/image\\\/\"}}]}<\/script>\n<!-- \/ Yoast SEO plugin. -->","yoast_head_json":{"title":"Albert STEINER - La carga del d\u00eda - Impresi\u00f3n de Helio Sadag","description":"Impresi\u00f3n fotogr\u00e1fica art\u00edstica de una foto del famoso fot\u00f3grafo Albert Steiner: La carga del d\u00eda, impresi\u00f3n de la casa Helio Sadag, Ginebra, Suiza.","robots":{"index":"index","follow":"follow","max-snippet":"max-snippet:-1","max-image-preview":"max-image-preview:large","max-video-preview":"max-video-preview:-1"},"canonical":"https:\/\/www.robertzueblin.com\/es\/albert-steiner\/la-carga-del-dia-impresion-de-helio-sadag-ginebra\/","og_locale":"es_ES","og_type":"article","og_title":"Albert STEINER - La carga del d\u00eda - Impresi\u00f3n de Helio Sadag","og_description":"Impresi\u00f3n fotogr\u00e1fica art\u00edstica de una foto del famoso fot\u00f3grafo Albert Steiner: La carga del d\u00eda, impresi\u00f3n de la casa Helio Sadag, Ginebra, Suiza.","og_url":"https:\/\/www.robertzueblin.com\/es\/albert-steiner\/la-carga-del-dia-impresion-de-helio-sadag-ginebra\/","og_site_name":"ROBERT Z\u00dcBLIN","article_modified_time":"2025-09-25T18:08:17+00:00","og_image":[{"width":1300,"height":1026,"url":"https:\/\/www.robertzueblin.com\/wp-content\/uploads\/albert-steiner-la-carga-del-dia-helio-sadag-ginebra-foto-titulo.jpg","type":"image\/jpeg"}],"twitter_card":"summary_large_image","schema":{"@context":"https:\/\/schema.org","@graph":[{"@type":"WebPage","@id":"https:\/\/www.robertzueblin.com\/es\/albert-steiner\/la-carga-del-dia-impresion-de-helio-sadag-ginebra\/","url":"https:\/\/www.robertzueblin.com\/es\/albert-steiner\/la-carga-del-dia-impresion-de-helio-sadag-ginebra\/","name":"Albert STEINER - La carga del d\u00eda - Impresi\u00f3n de Helio Sadag","isPartOf":{"@id":"https:\/\/www.robertzueblin.com\/es\/#website"},"primaryImageOfPage":{"@id":"https:\/\/www.robertzueblin.com\/es\/albert-steiner\/la-carga-del-dia-impresion-de-helio-sadag-ginebra\/#primaryimage"},"image":{"@id":"https:\/\/www.robertzueblin.com\/es\/albert-steiner\/la-carga-del-dia-impresion-de-helio-sadag-ginebra\/#primaryimage"},"thumbnailUrl":"https:\/\/www.robertzueblin.com\/wp-content\/uploads\/albert-steiner-la-carga-del-dia-helio-sadag-ginebra-foto-titulo.jpg","datePublished":"2023-08-14T10:44:13+00:00","dateModified":"2025-09-25T18:08:17+00:00","description":"Impresi\u00f3n fotogr\u00e1fica art\u00edstica de una foto del famoso fot\u00f3grafo Albert Steiner: La carga del d\u00eda, impresi\u00f3n de la casa Helio Sadag, Ginebra, Suiza.","breadcrumb":{"@id":"https:\/\/www.robertzueblin.com\/es\/albert-steiner\/la-carga-del-dia-impresion-de-helio-sadag-ginebra\/#breadcrumb"},"inLanguage":"es","potentialAction":[{"@type":"ReadAction","target":["https:\/\/www.robertzueblin.com\/es\/albert-steiner\/la-carga-del-dia-impresion-de-helio-sadag-ginebra\/"]}]},{"@type":"ImageObject","inLanguage":"es","@id":"https:\/\/www.robertzueblin.com\/es\/albert-steiner\/la-carga-del-dia-impresion-de-helio-sadag-ginebra\/#primaryimage","url":"https:\/\/www.robertzueblin.com\/wp-content\/uploads\/albert-steiner-la-carga-del-dia-helio-sadag-ginebra-foto-titulo.jpg","contentUrl":"https:\/\/www.robertzueblin.com\/wp-content\/uploads\/albert-steiner-la-carga-del-dia-helio-sadag-ginebra-foto-titulo.jpg","width":1300,"height":1026},{"@type":"BreadcrumbList","@id":"https:\/\/www.robertzueblin.com\/es\/albert-steiner\/la-carga-del-dia-impresion-de-helio-sadag-ginebra\/#breadcrumb","itemListElement":[{"@type":"ListItem","position":1,"name":"Startseite","item":"https:\/\/www.robertzueblin.com\/es\/"},{"@type":"ListItem","position":2,"name":"Galer\u00eda de arte online (tienda online)","item":"https:\/\/www.robertzueblin.com\/es\/galeria-de-arte-online\/"},{"@type":"ListItem","position":3,"name":"Albert STEINER (* 1877, \u2020 1965) &#8211; La carga del d\u00eda &#8211; Impresi\u00f3n de Helio Sadag, Ginebra"}]},{"@type":"WebSite","@id":"https:\/\/www.robertzueblin.com\/es\/#website","url":"https:\/\/www.robertzueblin.com\/es\/","name":"ROBERT Z\u00dcBLIN","description":"","publisher":{"@id":"https:\/\/www.robertzueblin.com\/es\/#organization"},"potentialAction":[{"@type":"SearchAction","target":{"@type":"EntryPoint","urlTemplate":"https:\/\/www.robertzueblin.com\/es\/?s={search_term_string}"},"query-input":{"@type":"PropertyValueSpecification","valueRequired":true,"valueName":"search_term_string"}}],"inLanguage":"es"},{"@type":"Organization","@id":"https:\/\/www.robertzueblin.com\/es\/#organization","name":"ROBERT Z\u00dcBLIN","url":"https:\/\/www.robertzueblin.com\/es\/","logo":{"@type":"ImageObject","inLanguage":"es","@id":"https:\/\/www.robertzueblin.com\/es\/#\/schema\/logo\/image\/","url":"https:\/\/www.robertzueblin.com\/wp-content\/uploads\/cropped-cropped-logo-von-robert-zueblin.jpg","contentUrl":"https:\/\/www.robertzueblin.com\/wp-content\/uploads\/cropped-cropped-logo-von-robert-zueblin.jpg","width":440,"height":60,"caption":"ROBERT Z\u00dcBLIN"},"image":{"@id":"https:\/\/www.robertzueblin.com\/es\/#\/schema\/logo\/image\/"}}]}},"_links":{"self":[{"href":"https:\/\/www.robertzueblin.com\/es\/wp-json\/wp\/v2\/product\/33745","targetHints":{"allow":["GET"]}}],"collection":[{"href":"https:\/\/www.robertzueblin.com\/es\/wp-json\/wp\/v2\/product"}],"about":[{"href":"https:\/\/www.robertzueblin.com\/es\/wp-json\/wp\/v2\/types\/product"}],"wp:featuredmedia":[{"embeddable":true,"href":"https:\/\/www.robertzueblin.com\/es\/wp-json\/wp\/v2\/media\/33750"}],"wp:attachment":[{"href":"https:\/\/www.robertzueblin.com\/es\/wp-json\/wp\/v2\/media?parent=33745"}],"wp:term":[{"taxonomy":"product_brand","embeddable":true,"href":"https:\/\/www.robertzueblin.com\/es\/wp-json\/wp\/v2\/product_brand?post=33745"},{"taxonomy":"product_cat","embeddable":true,"href":"https:\/\/www.robertzueblin.com\/es\/wp-json\/wp\/v2\/product_cat?post=33745"},{"taxonomy":"product_tag","embeddable":true,"href":"https:\/\/www.robertzueblin.com\/es\/wp-json\/wp\/v2\/product_tag?post=33745"}],"curies":[{"name":"wp","href":"https:\/\/api.w.org\/{rel}","templated":true}]}}