{"id":33496,"date":"2023-07-21T14:12:20","date_gmt":"2023-07-21T12:18:00","guid":{"rendered":"https:\/\/www.robertzueblin.com\/?post_type=product&#038;p=33496"},"modified":"2023-08-06T13:07:15","modified_gmt":"2023-08-06T11:07:15","slug":"heiner-hans-koerting-1911-%e2%80%a0-1991-jarron-de-ceramica-azul-ceramica-de-taller","status":"publish","type":"product","link":"https:\/\/www.robertzueblin.com\/es\/heiner-hans-koerting\/jarron-de-ceramica-azul-ceramica-de-taller\/","title":{"rendered":"Heiner Hans K\u00d6RTING (* 1911, \u2020 1991) &#8211; Jarr\u00f3n de cer\u00e1mica azul &#8211; cer\u00e1mica de taller"},"content":{"rendered":"<p><span style=\"font-family: AkkoPro-BoldCondensed!important\">Tipo:<\/strong> <a href=\"https:\/\/www.robertzueblin.com\/es\/tipo\/ceramica-artistica-ceramica-artesanal-ceramica-de-taller\/\">cer\u00e1mica de taller<\/a><\/p>\n<p><span style=\"font-family: AkkoPro-BoldCondensed!important\">Dise\u00f1o:<\/span> Heiner Hans K\u00f6rting (* 1911, \u2020 1991)<\/p>\n<p><span style=\"font-family: AkkoPro-BoldCondensed!important\">Ejecuci\u00f3n:<\/span> Heiner Hans K\u00f6rting (* 1911, \u2020 1991)<\/p>\n<p><span style=\"font-family: AkkoPro-BoldCondensed!important\">Objeto:<\/span> jarr\u00f3n<\/p>\n<p><span style=\"font-family: AkkoPro-BoldCondensed!important\">Dimensiones:<\/span> altura: 13 cm, anchura: 12 cm<\/p>\n<p><span style=\"font-family: AkkoPro-BoldCondensed!important\">Cuerpo:<\/span> te\u00f1ido en azul<\/p>\n<p><span style=\"font-family: AkkoPro-BoldCondensed!important\">Superficie:<\/span> azul<\/p>\n<p><span style=\"font-family: AkkoPro-BoldCondensed!important\">Periodo de producci\u00f3n:<\/span> desconocido<\/p>\n<p><span style=\"font-family: AkkoPro-BoldCondensed!important\">Estado:<\/span> restaurado con el m\u00e9todo kintsugi (metal utilizado: lat\u00f3n, sin oro)<\/p>\n<p><span style=\"font-family: AkkoPro-BoldCondensed!important\">Firma\/marca:<\/span> H en K<\/p>\n","protected":false},"excerpt":{"rendered":"<p>Tipo: cer\u00e1mica de taller Dise\u00f1o: Heiner Hans K\u00f6rting (* 1911, \u2020 1991) Ejecuci\u00f3n: Heiner Hans K\u00f6rting (* 1911, \u2020 1991) Objeto: jarr\u00f3n Dimensiones: altura: 13 cm, anchura: 12 cm Cuerpo: te\u00f1ido en azul Superficie: azul Periodo de producci\u00f3n: desconocido Estado: restaurado con el m\u00e9todo kintsugi (metal utilizado: lat\u00f3n, sin oro) Firma\/marca: H en K<\/p>\n","protected":false},"featured_media":33537,"template":"","meta":[],"product_brand":[],"product_cat":[479,485,657],"product_tag":[],"class_list":{"0":"post-33496","1":"product","2":"type-product","3":"status-publish","4":"has-post-thumbnail","6":"product_cat-heiner-hans-koerting","7":"product_cat-jarron-kintsugi","8":"product_cat-kintsugi-shop","10":"first","11":"instock","12":"sold-individually","13":"shipping-taxable","14":"purchasable","15":"product-type-simple"},"yoast_head":"<!-- This site is optimized with the Yoast SEO plugin v27.4 - https:\/\/yoast.com\/product\/yoast-seo-wordpress\/ -->\n<title>Heiner Hans K\u00d6RTING (* 1911, \u2020 1991) - Jarr\u00f3n de cer\u00e1mica azul<\/title>\n<meta name=\"description\" content=\"Jarr\u00f3n azul de Heiner Hans K\u00f6rting de la RDA con arcilla te\u00f1ida de azul y restauraci\u00f3n seg\u00fan el m\u00e9todo Kintsugi (kintsugi de lat\u00f3n).\" \/>\n<meta name=\"robots\" content=\"index, follow, max-snippet:-1, max-image-preview:large, max-video-preview:-1\" \/>\n<link rel=\"canonical\" href=\"https:\/\/www.robertzueblin.com\/es\/heiner-hans-koerting\/jarron-de-ceramica-azul-ceramica-de-taller\/\" \/>\n<meta property=\"og:locale\" content=\"es_ES\" \/>\n<meta property=\"og:type\" content=\"article\" \/>\n<meta property=\"og:title\" content=\"Heiner Hans K\u00d6RTING (* 1911, \u2020 1991) - Jarr\u00f3n de cer\u00e1mica azul\" \/>\n<meta property=\"og:description\" content=\"Jarr\u00f3n azul de Heiner Hans K\u00f6rting de la RDA con arcilla te\u00f1ida de azul y restauraci\u00f3n seg\u00fan el m\u00e9todo Kintsugi (kintsugi de lat\u00f3n).\" \/>\n<meta property=\"og:url\" content=\"https:\/\/www.robertzueblin.com\/es\/heiner-hans-koerting\/jarron-de-ceramica-azul-ceramica-de-taller\/\" \/>\n<meta property=\"og:site_name\" content=\"ROBERT Z\u00dcBLIN\" \/>\n<meta property=\"article:modified_time\" content=\"2023-08-06T11:07:15+00:00\" \/>\n<meta property=\"og:image\" content=\"https:\/\/www.robertzueblin.com\/wp-content\/uploads\/heiner-hans-koerting-ceramica-taller-jarron-azul-kintsugi-foto-titulo.jpg\" \/>\n\t<meta property=\"og:image:width\" content=\"1000\" \/>\n\t<meta property=\"og:image:height\" content=\"1000\" \/>\n\t<meta property=\"og:image:type\" content=\"image\/jpeg\" \/>\n<meta name=\"twitter:card\" content=\"summary_large_image\" \/>\n<script type=\"application\/ld+json\" class=\"yoast-schema-graph\">{\"@context\":\"https:\\\/\\\/schema.org\",\"@graph\":[{\"@type\":\"WebPage\",\"@id\":\"https:\\\/\\\/www.robertzueblin.com\\\/es\\\/heiner-hans-koerting\\\/jarron-de-ceramica-azul-ceramica-de-taller\\\/\",\"url\":\"https:\\\/\\\/www.robertzueblin.com\\\/es\\\/heiner-hans-koerting\\\/jarron-de-ceramica-azul-ceramica-de-taller\\\/\",\"name\":\"Heiner Hans K\u00d6RTING (* 1911, \u2020 1991) - Jarr\u00f3n de cer\u00e1mica azul\",\"isPartOf\":{\"@id\":\"https:\\\/\\\/www.robertzueblin.com\\\/es\\\/#website\"},\"primaryImageOfPage\":{\"@id\":\"https:\\\/\\\/www.robertzueblin.com\\\/es\\\/heiner-hans-koerting\\\/jarron-de-ceramica-azul-ceramica-de-taller\\\/#primaryimage\"},\"image\":{\"@id\":\"https:\\\/\\\/www.robertzueblin.com\\\/es\\\/heiner-hans-koerting\\\/jarron-de-ceramica-azul-ceramica-de-taller\\\/#primaryimage\"},\"thumbnailUrl\":\"https:\\\/\\\/www.robertzueblin.com\\\/wp-content\\\/uploads\\\/heiner-hans-koerting-ceramica-taller-jarron-azul-kintsugi-foto-titulo.jpg\",\"datePublished\":\"2023-07-21T12:18:00+00:00\",\"dateModified\":\"2023-08-06T11:07:15+00:00\",\"description\":\"Jarr\u00f3n azul de Heiner Hans K\u00f6rting de la RDA con arcilla te\u00f1ida de azul y restauraci\u00f3n seg\u00fan el m\u00e9todo Kintsugi (kintsugi de lat\u00f3n).\",\"breadcrumb\":{\"@id\":\"https:\\\/\\\/www.robertzueblin.com\\\/es\\\/heiner-hans-koerting\\\/jarron-de-ceramica-azul-ceramica-de-taller\\\/#breadcrumb\"},\"inLanguage\":\"es\",\"potentialAction\":[{\"@type\":\"ReadAction\",\"target\":[\"https:\\\/\\\/www.robertzueblin.com\\\/es\\\/heiner-hans-koerting\\\/jarron-de-ceramica-azul-ceramica-de-taller\\\/\"]}]},{\"@type\":\"ImageObject\",\"inLanguage\":\"es\",\"@id\":\"https:\\\/\\\/www.robertzueblin.com\\\/es\\\/heiner-hans-koerting\\\/jarron-de-ceramica-azul-ceramica-de-taller\\\/#primaryimage\",\"url\":\"https:\\\/\\\/www.robertzueblin.com\\\/wp-content\\\/uploads\\\/heiner-hans-koerting-ceramica-taller-jarron-azul-kintsugi-foto-titulo.jpg\",\"contentUrl\":\"https:\\\/\\\/www.robertzueblin.com\\\/wp-content\\\/uploads\\\/heiner-hans-koerting-ceramica-taller-jarron-azul-kintsugi-foto-titulo.jpg\",\"width\":1000,\"height\":1000},{\"@type\":\"BreadcrumbList\",\"@id\":\"https:\\\/\\\/www.robertzueblin.com\\\/es\\\/heiner-hans-koerting\\\/jarron-de-ceramica-azul-ceramica-de-taller\\\/#breadcrumb\",\"itemListElement\":[{\"@type\":\"ListItem\",\"position\":1,\"name\":\"Startseite\",\"item\":\"https:\\\/\\\/www.robertzueblin.com\\\/es\\\/\"},{\"@type\":\"ListItem\",\"position\":2,\"name\":\"Galer\u00eda de arte online (tienda online)\",\"item\":\"https:\\\/\\\/www.robertzueblin.com\\\/es\\\/galeria-de-arte-online\\\/\"},{\"@type\":\"ListItem\",\"position\":3,\"name\":\"Heiner Hans K\u00d6RTING (* 1911, \u2020 1991) &#8211; Jarr\u00f3n de cer\u00e1mica azul &#8211; cer\u00e1mica de taller\"}]},{\"@type\":\"WebSite\",\"@id\":\"https:\\\/\\\/www.robertzueblin.com\\\/es\\\/#website\",\"url\":\"https:\\\/\\\/www.robertzueblin.com\\\/es\\\/\",\"name\":\"ROBERT Z\u00dcBLIN\",\"description\":\"\",\"publisher\":{\"@id\":\"https:\\\/\\\/www.robertzueblin.com\\\/es\\\/#organization\"},\"potentialAction\":[{\"@type\":\"SearchAction\",\"target\":{\"@type\":\"EntryPoint\",\"urlTemplate\":\"https:\\\/\\\/www.robertzueblin.com\\\/es\\\/?s={search_term_string}\"},\"query-input\":{\"@type\":\"PropertyValueSpecification\",\"valueRequired\":true,\"valueName\":\"search_term_string\"}}],\"inLanguage\":\"es\"},{\"@type\":\"Organization\",\"@id\":\"https:\\\/\\\/www.robertzueblin.com\\\/es\\\/#organization\",\"name\":\"ROBERT Z\u00dcBLIN\",\"url\":\"https:\\\/\\\/www.robertzueblin.com\\\/es\\\/\",\"logo\":{\"@type\":\"ImageObject\",\"inLanguage\":\"es\",\"@id\":\"https:\\\/\\\/www.robertzueblin.com\\\/es\\\/#\\\/schema\\\/logo\\\/image\\\/\",\"url\":\"https:\\\/\\\/www.robertzueblin.com\\\/wp-content\\\/uploads\\\/cropped-cropped-logo-von-robert-zueblin.jpg\",\"contentUrl\":\"https:\\\/\\\/www.robertzueblin.com\\\/wp-content\\\/uploads\\\/cropped-cropped-logo-von-robert-zueblin.jpg\",\"width\":440,\"height\":60,\"caption\":\"ROBERT Z\u00dcBLIN\"},\"image\":{\"@id\":\"https:\\\/\\\/www.robertzueblin.com\\\/es\\\/#\\\/schema\\\/logo\\\/image\\\/\"}}]}<\/script>\n<!-- \/ Yoast SEO plugin. -->","yoast_head_json":{"title":"Heiner Hans K\u00d6RTING (* 1911, \u2020 1991) - Jarr\u00f3n de cer\u00e1mica azul","description":"Jarr\u00f3n azul de Heiner Hans K\u00f6rting de la RDA con arcilla te\u00f1ida de azul y restauraci\u00f3n seg\u00fan el m\u00e9todo Kintsugi (kintsugi de lat\u00f3n).","robots":{"index":"index","follow":"follow","max-snippet":"max-snippet:-1","max-image-preview":"max-image-preview:large","max-video-preview":"max-video-preview:-1"},"canonical":"https:\/\/www.robertzueblin.com\/es\/heiner-hans-koerting\/jarron-de-ceramica-azul-ceramica-de-taller\/","og_locale":"es_ES","og_type":"article","og_title":"Heiner Hans K\u00d6RTING (* 1911, \u2020 1991) - Jarr\u00f3n de cer\u00e1mica azul","og_description":"Jarr\u00f3n azul de Heiner Hans K\u00f6rting de la RDA con arcilla te\u00f1ida de azul y restauraci\u00f3n seg\u00fan el m\u00e9todo Kintsugi (kintsugi de lat\u00f3n).","og_url":"https:\/\/www.robertzueblin.com\/es\/heiner-hans-koerting\/jarron-de-ceramica-azul-ceramica-de-taller\/","og_site_name":"ROBERT Z\u00dcBLIN","article_modified_time":"2023-08-06T11:07:15+00:00","og_image":[{"width":1000,"height":1000,"url":"https:\/\/www.robertzueblin.com\/wp-content\/uploads\/heiner-hans-koerting-ceramica-taller-jarron-azul-kintsugi-foto-titulo.jpg","type":"image\/jpeg"}],"twitter_card":"summary_large_image","schema":{"@context":"https:\/\/schema.org","@graph":[{"@type":"WebPage","@id":"https:\/\/www.robertzueblin.com\/es\/heiner-hans-koerting\/jarron-de-ceramica-azul-ceramica-de-taller\/","url":"https:\/\/www.robertzueblin.com\/es\/heiner-hans-koerting\/jarron-de-ceramica-azul-ceramica-de-taller\/","name":"Heiner Hans K\u00d6RTING (* 1911, \u2020 1991) - Jarr\u00f3n de cer\u00e1mica azul","isPartOf":{"@id":"https:\/\/www.robertzueblin.com\/es\/#website"},"primaryImageOfPage":{"@id":"https:\/\/www.robertzueblin.com\/es\/heiner-hans-koerting\/jarron-de-ceramica-azul-ceramica-de-taller\/#primaryimage"},"image":{"@id":"https:\/\/www.robertzueblin.com\/es\/heiner-hans-koerting\/jarron-de-ceramica-azul-ceramica-de-taller\/#primaryimage"},"thumbnailUrl":"https:\/\/www.robertzueblin.com\/wp-content\/uploads\/heiner-hans-koerting-ceramica-taller-jarron-azul-kintsugi-foto-titulo.jpg","datePublished":"2023-07-21T12:18:00+00:00","dateModified":"2023-08-06T11:07:15+00:00","description":"Jarr\u00f3n azul de Heiner Hans K\u00f6rting de la RDA con arcilla te\u00f1ida de azul y restauraci\u00f3n seg\u00fan el m\u00e9todo Kintsugi (kintsugi de lat\u00f3n).","breadcrumb":{"@id":"https:\/\/www.robertzueblin.com\/es\/heiner-hans-koerting\/jarron-de-ceramica-azul-ceramica-de-taller\/#breadcrumb"},"inLanguage":"es","potentialAction":[{"@type":"ReadAction","target":["https:\/\/www.robertzueblin.com\/es\/heiner-hans-koerting\/jarron-de-ceramica-azul-ceramica-de-taller\/"]}]},{"@type":"ImageObject","inLanguage":"es","@id":"https:\/\/www.robertzueblin.com\/es\/heiner-hans-koerting\/jarron-de-ceramica-azul-ceramica-de-taller\/#primaryimage","url":"https:\/\/www.robertzueblin.com\/wp-content\/uploads\/heiner-hans-koerting-ceramica-taller-jarron-azul-kintsugi-foto-titulo.jpg","contentUrl":"https:\/\/www.robertzueblin.com\/wp-content\/uploads\/heiner-hans-koerting-ceramica-taller-jarron-azul-kintsugi-foto-titulo.jpg","width":1000,"height":1000},{"@type":"BreadcrumbList","@id":"https:\/\/www.robertzueblin.com\/es\/heiner-hans-koerting\/jarron-de-ceramica-azul-ceramica-de-taller\/#breadcrumb","itemListElement":[{"@type":"ListItem","position":1,"name":"Startseite","item":"https:\/\/www.robertzueblin.com\/es\/"},{"@type":"ListItem","position":2,"name":"Galer\u00eda de arte online (tienda online)","item":"https:\/\/www.robertzueblin.com\/es\/galeria-de-arte-online\/"},{"@type":"ListItem","position":3,"name":"Heiner Hans K\u00d6RTING (* 1911, \u2020 1991) &#8211; Jarr\u00f3n de cer\u00e1mica azul &#8211; cer\u00e1mica de taller"}]},{"@type":"WebSite","@id":"https:\/\/www.robertzueblin.com\/es\/#website","url":"https:\/\/www.robertzueblin.com\/es\/","name":"ROBERT Z\u00dcBLIN","description":"","publisher":{"@id":"https:\/\/www.robertzueblin.com\/es\/#organization"},"potentialAction":[{"@type":"SearchAction","target":{"@type":"EntryPoint","urlTemplate":"https:\/\/www.robertzueblin.com\/es\/?s={search_term_string}"},"query-input":{"@type":"PropertyValueSpecification","valueRequired":true,"valueName":"search_term_string"}}],"inLanguage":"es"},{"@type":"Organization","@id":"https:\/\/www.robertzueblin.com\/es\/#organization","name":"ROBERT Z\u00dcBLIN","url":"https:\/\/www.robertzueblin.com\/es\/","logo":{"@type":"ImageObject","inLanguage":"es","@id":"https:\/\/www.robertzueblin.com\/es\/#\/schema\/logo\/image\/","url":"https:\/\/www.robertzueblin.com\/wp-content\/uploads\/cropped-cropped-logo-von-robert-zueblin.jpg","contentUrl":"https:\/\/www.robertzueblin.com\/wp-content\/uploads\/cropped-cropped-logo-von-robert-zueblin.jpg","width":440,"height":60,"caption":"ROBERT Z\u00dcBLIN"},"image":{"@id":"https:\/\/www.robertzueblin.com\/es\/#\/schema\/logo\/image\/"}}]}},"_links":{"self":[{"href":"https:\/\/www.robertzueblin.com\/es\/wp-json\/wp\/v2\/product\/33496","targetHints":{"allow":["GET"]}}],"collection":[{"href":"https:\/\/www.robertzueblin.com\/es\/wp-json\/wp\/v2\/product"}],"about":[{"href":"https:\/\/www.robertzueblin.com\/es\/wp-json\/wp\/v2\/types\/product"}],"wp:featuredmedia":[{"embeddable":true,"href":"https:\/\/www.robertzueblin.com\/es\/wp-json\/wp\/v2\/media\/33537"}],"wp:attachment":[{"href":"https:\/\/www.robertzueblin.com\/es\/wp-json\/wp\/v2\/media?parent=33496"}],"wp:term":[{"taxonomy":"product_brand","embeddable":true,"href":"https:\/\/www.robertzueblin.com\/es\/wp-json\/wp\/v2\/product_brand?post=33496"},{"taxonomy":"product_cat","embeddable":true,"href":"https:\/\/www.robertzueblin.com\/es\/wp-json\/wp\/v2\/product_cat?post=33496"},{"taxonomy":"product_tag","embeddable":true,"href":"https:\/\/www.robertzueblin.com\/es\/wp-json\/wp\/v2\/product_tag?post=33496"}],"curies":[{"name":"wp","href":"https:\/\/api.w.org\/{rel}","templated":true}]}}