{"id":33003,"date":"2023-06-22T19:05:19","date_gmt":"2023-06-22T17:36:40","guid":{"rendered":"https:\/\/www.robertzueblin.com\/?post_type=product&#038;p=33003"},"modified":"2023-06-22T20:33:54","modified_gmt":"2023-06-22T18:33:54","slug":"het-kruikje-marguerite-friedlaender-wildenhain-atribuido-dos-tazas-con-platillos-en-estilo-bauhaus-ceramica-de-taller","status":"publish","type":"product","link":"https:\/\/www.robertzueblin.com\/es\/het-kruikje\/marguerite-friedlaender-wildenhain-atribuido-dos-tazas-con-platillos-en-estilo-bauhaus-ceramica-estilo\/","title":{"rendered":"HET KRUIKJE (Marguerite FRIEDLAENDER-WILDENHAIN) [atribuido] &#8211; Dos tazas con platillos en estilo Bauhaus &#8211; cer\u00e1mica de taller"},"content":{"rendered":"<p><span style=\"font-family: AkkoPro-BoldCondensed!important\">Tipo:<\/span> <a href=\"https:\/\/www.robertzueblin.com\/es\/tipo\/ceramica-artistica-ceramica-artesanal-ceramica-de-taller\/\">cer\u00e1mica de taller<\/a><\/p>\n<p><span style=\"font-family: AkkoPro-BoldCondensed!important\">Dise\u00f1o:<\/span> probablemente Marguerite Friedlaender-Wildenhain [atribuido], quiz\u00e1 Franz Wildenhain [atribuido]<\/p>\n<p><span style=\"font-family: AkkoPro-BoldCondensed!important\">Ejecuci\u00f3n:<\/span> taller Het Kruikje (&apos;t Kruikje) [atribuido]<\/p>\n<p><span style=\"font-family: AkkoPro-BoldCondensed!important\">Objeto:<\/span> tazas con platillos<\/p>\n<p><span style=\"font-family: AkkoPro-BoldCondensed!important\">Dimensiones:<\/span> Juego 1: taza: altura: 5,4 cm, anchura: 9,8 cm, posavasos: altura: 1,5 cm, anchura: 12,5 cm; Juego 2: taza: altura: 5,1 cm, anchura: 9,8 cm, posavasos: altura: 1,7 cm, anchura: 12,5 cm<\/p>\n<p><span style=\"font-family: AkkoPro-BoldCondensed!important\">Cuerpo:<\/span> marr\u00f3n<\/p>\n<p><span style=\"font-family: AkkoPro-BoldCondensed!important\">Superficie:<\/span> blanco, azul, marr\u00f3n<\/p>\n<p><span style=\"font-family: AkkoPro-BoldCondensed!important\">A\u00f1o de producci\u00f3n:<\/span> 1930s\/1940s<\/p>\n<p><span style=\"font-family: AkkoPro-BoldCondensed!important\">Estado:<\/span> muescas en los pies de 2 tazas y un plato, probablemente debidas al proceso de fabricaci\u00f3n, estas muescas son posiblemente desportilladuras m\u00ednimas, pero no visibles en la posici\u00f3n normal de la taza sobre el plato.<\/p>\n<p><span style=\"font-family: AkkoPro-BoldCondensed!important\">Firma\/marca:<\/span> sin<\/p>\n<p><span style=\"font-family: AkkoPro-BoldCondensed!important\">Detalles:<\/span><br \/>\nLas tazas y los platos no est\u00e1n firmados, pero, seg\u00fan el anterior propietario, proceden de un contexto m\u00e1s amplio de piezas de servicio que habr\u00eda incluido cer\u00e1micas con la denominaci\u00f3n Het Kruikje (&apos;t Kruikje). Adem\u00e1s, el anterior propietario de las tazas y los platillos hab\u00eda sido un coleccionista holand\u00e9s que, a su vez, hab\u00eda adquirido las cer\u00e1micas a un se\u00f1or mayor, y los padres de este se\u00f1or mayor hab\u00edan tenido una tienda de artesan\u00eda en Holanda en el periodo anterior a la guerra, donde se vend\u00edan las cer\u00e1micas de Het Kruikje.<\/p>\n<p>Pero s\u00f3lo el estilo del esmalte sugiere que las cer\u00e1micas proceden del taller de Het Kruikje, concretamente de <a href=\"https:\/\/www.robertzueblin.com\/es\/marguerite-friedlaender-wildenhain\/\">Marguerite Friedlaender-Wildenhain<\/a>, que aprendi\u00f3 cer\u00e1mica en la <a href=\"https:\/\/www.robertzueblin.com\/es\/epocas-estilisticas\/bauhaus\/\">Bauhaus<\/a>. Por supuesto, existe la posibilidad de que las piezas fueran dise\u00f1adas por su marido Franz Rudolf Wildenhain (Frans Wildenhain), que tambi\u00e9n fue alumno de la Bauhaus. La obra fue ejecutada por Marguerite Friedlaender-Wildenhain, Franz Rudolf Wildenhain o un empleado o aprendiz del taller Het Kruikje (&apos;t Kruikje).<\/p>\n<p>Teniendo en cuenta la informaci\u00f3n de que la tienda de artesan\u00eda hab\u00eda empezado a incluir cer\u00e1mica de Het Kruikje en su surtido hacia 1938\/1939, las piezas se fecharon en la d\u00e9cada de 1930\/1940.<\/p>\n","protected":false},"excerpt":{"rendered":"<p>Tipo: cer\u00e1mica de taller Dise\u00f1o: probablemente Marguerite Friedlaender-Wildenhain [atribuido], quiz\u00e1 Franz Wildenhain [atribuido] Ejecuci\u00f3n: taller Het Kruikje (&apos;t Kruikje) [atribuido] Objeto: tazas con platillos Dimensiones: Juego 1: taza: altura: 5,4 cm, anchura: 9,8 cm, posavasos: altura: 1,5 cm, anchura: 12,5 cm; Juego 2: taza: altura: 5,1 cm, anchura: 9,8 cm, posavasos: altura: 1,7 cm, anchura: [&hellip;]<\/p>\n","protected":false},"featured_media":33005,"template":"","meta":[],"product_brand":[],"product_cat":[204,406,418],"product_tag":[],"class_list":{"0":"post-33003","1":"product","2":"type-product","3":"status-publish","4":"has-post-thumbnail","6":"product_cat-bauhaus","7":"product_cat-het-kruikje","8":"product_cat-marguerite-friedlaender-wildenhain","10":"first","11":"instock","12":"sold-individually","13":"shipping-taxable","14":"purchasable","15":"product-type-simple"},"yoast_head":"<!-- This site is optimized with the Yoast SEO plugin v27.6 - https:\/\/yoast.com\/product\/yoast-seo-wordpress\/ -->\n<title>T KRUIKJE Marguerite WILDENHAIN: Tazas Cer\u00e1mica Bauhaus<\/title>\n<meta name=\"description\" content=\"Het Kruikje (&amp;apos;t Kruikje) (Marguerite Friedlaender-Wildenhain) [atribuci\u00f3n]: Dos tazas con platillos en estilo de cer\u00e1mica Bauhaus, cer\u00e1mica de estudio.\" \/>\n<meta name=\"robots\" content=\"index, follow, max-snippet:-1, max-image-preview:large, max-video-preview:-1\" \/>\n<link rel=\"canonical\" href=\"https:\/\/www.robertzueblin.com\/es\/het-kruikje\/marguerite-friedlaender-wildenhain-atribuido-dos-tazas-con-platillos-en-estilo-bauhaus-ceramica-estilo\/\" \/>\n<meta property=\"og:locale\" content=\"es_ES\" \/>\n<meta property=\"og:type\" content=\"article\" \/>\n<meta property=\"og:title\" content=\"T KRUIKJE Marguerite WILDENHAIN: Tazas Cer\u00e1mica Bauhaus\" \/>\n<meta property=\"og:description\" content=\"Het Kruikje (&amp;apos;t Kruikje) (Marguerite Friedlaender-Wildenhain) [atribuci\u00f3n]: Dos tazas con platillos en estilo de cer\u00e1mica Bauhaus, cer\u00e1mica de estudio.\" \/>\n<meta property=\"og:url\" content=\"https:\/\/www.robertzueblin.com\/es\/het-kruikje\/marguerite-friedlaender-wildenhain-atribuido-dos-tazas-con-platillos-en-estilo-bauhaus-ceramica-estilo\/\" \/>\n<meta property=\"og:site_name\" content=\"ROBERT Z\u00dcBLIN\" \/>\n<meta property=\"article:modified_time\" content=\"2023-06-22T18:33:54+00:00\" \/>\n<meta property=\"og:image\" content=\"https:\/\/www.robertzueblin.com\/wp-content\/uploads\/het-kruikje-marguerite-friedlaender-ceramica-taller-tazas-platillos-ceramica-bauhaus-foto-titulo.jpg\" \/>\n\t<meta property=\"og:image:width\" content=\"1000\" \/>\n\t<meta property=\"og:image:height\" content=\"1000\" \/>\n\t<meta property=\"og:image:type\" content=\"image\/jpeg\" \/>\n<meta name=\"twitter:card\" content=\"summary_large_image\" \/>\n<script type=\"application\/ld+json\" class=\"yoast-schema-graph\">{\"@context\":\"https:\\\/\\\/schema.org\",\"@graph\":[{\"@type\":\"WebPage\",\"@id\":\"https:\\\/\\\/www.robertzueblin.com\\\/es\\\/het-kruikje\\\/marguerite-friedlaender-wildenhain-atribuido-dos-tazas-con-platillos-en-estilo-bauhaus-ceramica-estilo\\\/\",\"url\":\"https:\\\/\\\/www.robertzueblin.com\\\/es\\\/het-kruikje\\\/marguerite-friedlaender-wildenhain-atribuido-dos-tazas-con-platillos-en-estilo-bauhaus-ceramica-estilo\\\/\",\"name\":\"T KRUIKJE Marguerite WILDENHAIN: Tazas Cer\u00e1mica Bauhaus\",\"isPartOf\":{\"@id\":\"https:\\\/\\\/www.robertzueblin.com\\\/es\\\/#website\"},\"primaryImageOfPage\":{\"@id\":\"https:\\\/\\\/www.robertzueblin.com\\\/es\\\/het-kruikje\\\/marguerite-friedlaender-wildenhain-atribuido-dos-tazas-con-platillos-en-estilo-bauhaus-ceramica-estilo\\\/#primaryimage\"},\"image\":{\"@id\":\"https:\\\/\\\/www.robertzueblin.com\\\/es\\\/het-kruikje\\\/marguerite-friedlaender-wildenhain-atribuido-dos-tazas-con-platillos-en-estilo-bauhaus-ceramica-estilo\\\/#primaryimage\"},\"thumbnailUrl\":\"https:\\\/\\\/www.robertzueblin.com\\\/wp-content\\\/uploads\\\/het-kruikje-marguerite-friedlaender-ceramica-taller-tazas-platillos-ceramica-bauhaus-foto-titulo.jpg\",\"datePublished\":\"2023-06-22T17:36:40+00:00\",\"dateModified\":\"2023-06-22T18:33:54+00:00\",\"description\":\"Het Kruikje (&apos;t Kruikje) (Marguerite Friedlaender-Wildenhain) [atribuci\u00f3n]: Dos tazas con platillos en estilo de cer\u00e1mica Bauhaus, cer\u00e1mica de estudio.\",\"breadcrumb\":{\"@id\":\"https:\\\/\\\/www.robertzueblin.com\\\/es\\\/het-kruikje\\\/marguerite-friedlaender-wildenhain-atribuido-dos-tazas-con-platillos-en-estilo-bauhaus-ceramica-estilo\\\/#breadcrumb\"},\"inLanguage\":\"es\",\"potentialAction\":[{\"@type\":\"ReadAction\",\"target\":[\"https:\\\/\\\/www.robertzueblin.com\\\/es\\\/het-kruikje\\\/marguerite-friedlaender-wildenhain-atribuido-dos-tazas-con-platillos-en-estilo-bauhaus-ceramica-estilo\\\/\"]}]},{\"@type\":\"ImageObject\",\"inLanguage\":\"es\",\"@id\":\"https:\\\/\\\/www.robertzueblin.com\\\/es\\\/het-kruikje\\\/marguerite-friedlaender-wildenhain-atribuido-dos-tazas-con-platillos-en-estilo-bauhaus-ceramica-estilo\\\/#primaryimage\",\"url\":\"https:\\\/\\\/www.robertzueblin.com\\\/wp-content\\\/uploads\\\/het-kruikje-marguerite-friedlaender-ceramica-taller-tazas-platillos-ceramica-bauhaus-foto-titulo.jpg\",\"contentUrl\":\"https:\\\/\\\/www.robertzueblin.com\\\/wp-content\\\/uploads\\\/het-kruikje-marguerite-friedlaender-ceramica-taller-tazas-platillos-ceramica-bauhaus-foto-titulo.jpg\",\"width\":1000,\"height\":1000},{\"@type\":\"BreadcrumbList\",\"@id\":\"https:\\\/\\\/www.robertzueblin.com\\\/es\\\/het-kruikje\\\/marguerite-friedlaender-wildenhain-atribuido-dos-tazas-con-platillos-en-estilo-bauhaus-ceramica-estilo\\\/#breadcrumb\",\"itemListElement\":[{\"@type\":\"ListItem\",\"position\":1,\"name\":\"Startseite\",\"item\":\"https:\\\/\\\/www.robertzueblin.com\\\/es\\\/\"},{\"@type\":\"ListItem\",\"position\":2,\"name\":\"Galer\u00eda de arte online (tienda online)\",\"item\":\"https:\\\/\\\/www.robertzueblin.com\\\/es\\\/galeria-de-arte-online\\\/\"},{\"@type\":\"ListItem\",\"position\":3,\"name\":\"HET KRUIKJE (Marguerite FRIEDLAENDER-WILDENHAIN) [atribuido] &#8211; Dos tazas con platillos en estilo Bauhaus &#8211; cer\u00e1mica de taller\"}]},{\"@type\":\"WebSite\",\"@id\":\"https:\\\/\\\/www.robertzueblin.com\\\/es\\\/#website\",\"url\":\"https:\\\/\\\/www.robertzueblin.com\\\/es\\\/\",\"name\":\"ROBERT Z\u00dcBLIN\",\"description\":\"\",\"publisher\":{\"@id\":\"https:\\\/\\\/www.robertzueblin.com\\\/es\\\/#organization\"},\"potentialAction\":[{\"@type\":\"SearchAction\",\"target\":{\"@type\":\"EntryPoint\",\"urlTemplate\":\"https:\\\/\\\/www.robertzueblin.com\\\/es\\\/?s={search_term_string}\"},\"query-input\":{\"@type\":\"PropertyValueSpecification\",\"valueRequired\":true,\"valueName\":\"search_term_string\"}}],\"inLanguage\":\"es\"},{\"@type\":\"Organization\",\"@id\":\"https:\\\/\\\/www.robertzueblin.com\\\/es\\\/#organization\",\"name\":\"ROBERT Z\u00dcBLIN\",\"url\":\"https:\\\/\\\/www.robertzueblin.com\\\/es\\\/\",\"logo\":{\"@type\":\"ImageObject\",\"inLanguage\":\"es\",\"@id\":\"https:\\\/\\\/www.robertzueblin.com\\\/es\\\/#\\\/schema\\\/logo\\\/image\\\/\",\"url\":\"https:\\\/\\\/www.robertzueblin.com\\\/wp-content\\\/uploads\\\/cropped-cropped-logo-von-robert-zueblin.jpg\",\"contentUrl\":\"https:\\\/\\\/www.robertzueblin.com\\\/wp-content\\\/uploads\\\/cropped-cropped-logo-von-robert-zueblin.jpg\",\"width\":440,\"height\":60,\"caption\":\"ROBERT Z\u00dcBLIN\"},\"image\":{\"@id\":\"https:\\\/\\\/www.robertzueblin.com\\\/es\\\/#\\\/schema\\\/logo\\\/image\\\/\"}}]}<\/script>\n<!-- \/ Yoast SEO plugin. -->","yoast_head_json":{"title":"T KRUIKJE Marguerite WILDENHAIN: Tazas Cer\u00e1mica Bauhaus","description":"Het Kruikje (&apos;t Kruikje) (Marguerite Friedlaender-Wildenhain) [atribuci\u00f3n]: Dos tazas con platillos en estilo de cer\u00e1mica Bauhaus, cer\u00e1mica de estudio.","robots":{"index":"index","follow":"follow","max-snippet":"max-snippet:-1","max-image-preview":"max-image-preview:large","max-video-preview":"max-video-preview:-1"},"canonical":"https:\/\/www.robertzueblin.com\/es\/het-kruikje\/marguerite-friedlaender-wildenhain-atribuido-dos-tazas-con-platillos-en-estilo-bauhaus-ceramica-estilo\/","og_locale":"es_ES","og_type":"article","og_title":"T KRUIKJE Marguerite WILDENHAIN: Tazas Cer\u00e1mica Bauhaus","og_description":"Het Kruikje (&apos;t Kruikje) (Marguerite Friedlaender-Wildenhain) [atribuci\u00f3n]: Dos tazas con platillos en estilo de cer\u00e1mica Bauhaus, cer\u00e1mica de estudio.","og_url":"https:\/\/www.robertzueblin.com\/es\/het-kruikje\/marguerite-friedlaender-wildenhain-atribuido-dos-tazas-con-platillos-en-estilo-bauhaus-ceramica-estilo\/","og_site_name":"ROBERT Z\u00dcBLIN","article_modified_time":"2023-06-22T18:33:54+00:00","og_image":[{"width":1000,"height":1000,"url":"https:\/\/www.robertzueblin.com\/wp-content\/uploads\/het-kruikje-marguerite-friedlaender-ceramica-taller-tazas-platillos-ceramica-bauhaus-foto-titulo.jpg","type":"image\/jpeg"}],"twitter_card":"summary_large_image","schema":{"@context":"https:\/\/schema.org","@graph":[{"@type":"WebPage","@id":"https:\/\/www.robertzueblin.com\/es\/het-kruikje\/marguerite-friedlaender-wildenhain-atribuido-dos-tazas-con-platillos-en-estilo-bauhaus-ceramica-estilo\/","url":"https:\/\/www.robertzueblin.com\/es\/het-kruikje\/marguerite-friedlaender-wildenhain-atribuido-dos-tazas-con-platillos-en-estilo-bauhaus-ceramica-estilo\/","name":"T KRUIKJE Marguerite WILDENHAIN: Tazas Cer\u00e1mica Bauhaus","isPartOf":{"@id":"https:\/\/www.robertzueblin.com\/es\/#website"},"primaryImageOfPage":{"@id":"https:\/\/www.robertzueblin.com\/es\/het-kruikje\/marguerite-friedlaender-wildenhain-atribuido-dos-tazas-con-platillos-en-estilo-bauhaus-ceramica-estilo\/#primaryimage"},"image":{"@id":"https:\/\/www.robertzueblin.com\/es\/het-kruikje\/marguerite-friedlaender-wildenhain-atribuido-dos-tazas-con-platillos-en-estilo-bauhaus-ceramica-estilo\/#primaryimage"},"thumbnailUrl":"https:\/\/www.robertzueblin.com\/wp-content\/uploads\/het-kruikje-marguerite-friedlaender-ceramica-taller-tazas-platillos-ceramica-bauhaus-foto-titulo.jpg","datePublished":"2023-06-22T17:36:40+00:00","dateModified":"2023-06-22T18:33:54+00:00","description":"Het Kruikje (&apos;t Kruikje) (Marguerite Friedlaender-Wildenhain) [atribuci\u00f3n]: Dos tazas con platillos en estilo de cer\u00e1mica Bauhaus, cer\u00e1mica de estudio.","breadcrumb":{"@id":"https:\/\/www.robertzueblin.com\/es\/het-kruikje\/marguerite-friedlaender-wildenhain-atribuido-dos-tazas-con-platillos-en-estilo-bauhaus-ceramica-estilo\/#breadcrumb"},"inLanguage":"es","potentialAction":[{"@type":"ReadAction","target":["https:\/\/www.robertzueblin.com\/es\/het-kruikje\/marguerite-friedlaender-wildenhain-atribuido-dos-tazas-con-platillos-en-estilo-bauhaus-ceramica-estilo\/"]}]},{"@type":"ImageObject","inLanguage":"es","@id":"https:\/\/www.robertzueblin.com\/es\/het-kruikje\/marguerite-friedlaender-wildenhain-atribuido-dos-tazas-con-platillos-en-estilo-bauhaus-ceramica-estilo\/#primaryimage","url":"https:\/\/www.robertzueblin.com\/wp-content\/uploads\/het-kruikje-marguerite-friedlaender-ceramica-taller-tazas-platillos-ceramica-bauhaus-foto-titulo.jpg","contentUrl":"https:\/\/www.robertzueblin.com\/wp-content\/uploads\/het-kruikje-marguerite-friedlaender-ceramica-taller-tazas-platillos-ceramica-bauhaus-foto-titulo.jpg","width":1000,"height":1000},{"@type":"BreadcrumbList","@id":"https:\/\/www.robertzueblin.com\/es\/het-kruikje\/marguerite-friedlaender-wildenhain-atribuido-dos-tazas-con-platillos-en-estilo-bauhaus-ceramica-estilo\/#breadcrumb","itemListElement":[{"@type":"ListItem","position":1,"name":"Startseite","item":"https:\/\/www.robertzueblin.com\/es\/"},{"@type":"ListItem","position":2,"name":"Galer\u00eda de arte online (tienda online)","item":"https:\/\/www.robertzueblin.com\/es\/galeria-de-arte-online\/"},{"@type":"ListItem","position":3,"name":"HET KRUIKJE (Marguerite FRIEDLAENDER-WILDENHAIN) [atribuido] &#8211; Dos tazas con platillos en estilo Bauhaus &#8211; cer\u00e1mica de taller"}]},{"@type":"WebSite","@id":"https:\/\/www.robertzueblin.com\/es\/#website","url":"https:\/\/www.robertzueblin.com\/es\/","name":"ROBERT Z\u00dcBLIN","description":"","publisher":{"@id":"https:\/\/www.robertzueblin.com\/es\/#organization"},"potentialAction":[{"@type":"SearchAction","target":{"@type":"EntryPoint","urlTemplate":"https:\/\/www.robertzueblin.com\/es\/?s={search_term_string}"},"query-input":{"@type":"PropertyValueSpecification","valueRequired":true,"valueName":"search_term_string"}}],"inLanguage":"es"},{"@type":"Organization","@id":"https:\/\/www.robertzueblin.com\/es\/#organization","name":"ROBERT Z\u00dcBLIN","url":"https:\/\/www.robertzueblin.com\/es\/","logo":{"@type":"ImageObject","inLanguage":"es","@id":"https:\/\/www.robertzueblin.com\/es\/#\/schema\/logo\/image\/","url":"https:\/\/www.robertzueblin.com\/wp-content\/uploads\/cropped-cropped-logo-von-robert-zueblin.jpg","contentUrl":"https:\/\/www.robertzueblin.com\/wp-content\/uploads\/cropped-cropped-logo-von-robert-zueblin.jpg","width":440,"height":60,"caption":"ROBERT Z\u00dcBLIN"},"image":{"@id":"https:\/\/www.robertzueblin.com\/es\/#\/schema\/logo\/image\/"}}]}},"_links":{"self":[{"href":"https:\/\/www.robertzueblin.com\/es\/wp-json\/wp\/v2\/product\/33003","targetHints":{"allow":["GET"]}}],"collection":[{"href":"https:\/\/www.robertzueblin.com\/es\/wp-json\/wp\/v2\/product"}],"about":[{"href":"https:\/\/www.robertzueblin.com\/es\/wp-json\/wp\/v2\/types\/product"}],"wp:featuredmedia":[{"embeddable":true,"href":"https:\/\/www.robertzueblin.com\/es\/wp-json\/wp\/v2\/media\/33005"}],"wp:attachment":[{"href":"https:\/\/www.robertzueblin.com\/es\/wp-json\/wp\/v2\/media?parent=33003"}],"wp:term":[{"taxonomy":"product_brand","embeddable":true,"href":"https:\/\/www.robertzueblin.com\/es\/wp-json\/wp\/v2\/product_brand?post=33003"},{"taxonomy":"product_cat","embeddable":true,"href":"https:\/\/www.robertzueblin.com\/es\/wp-json\/wp\/v2\/product_cat?post=33003"},{"taxonomy":"product_tag","embeddable":true,"href":"https:\/\/www.robertzueblin.com\/es\/wp-json\/wp\/v2\/product_tag?post=33003"}],"curies":[{"name":"wp","href":"https:\/\/api.w.org\/{rel}","templated":true}]}}