{"id":3294,"date":"2021-11-26T18:25:49","date_gmt":"2021-11-26T17:25:49","guid":{"rendered":"https:\/\/www.robertzueblin.com\/?post_type=product&#038;p=3294"},"modified":"2026-01-06T15:52:28","modified_gmt":"2026-01-06T14:52:28","slug":"paul-dresler-1879-%e2%80%a0-1950-cup","status":"publish","type":"product","link":"https:\/\/www.robertzueblin.com\/es\/paul-dresler\/ceramica-taller-taza\/","title":{"rendered":"Paul DRESLER (* 1879 \u2013 \u2020 1950) \u2013 Taza (reparaci\u00f3n Gintsugi) &#8211; cer\u00e1mica de taller"},"content":{"rendered":"<p><span style=\"font-family: AkkoPro-BoldCondensed!important\">Tipo:<\/span> <a href=\"https:\/\/www.robertzueblin.com\/es\/tipo\/ceramica-artistica-ceramica-artesanal-ceramica-de-taller\/\">Cer\u00e1mica de taller<\/a><\/p>\n<p><span style=\"font-family: AkkoPro-BoldCondensed!important\">Dise\u00f1o:<\/span> Paul Dresler (* 1879 &#8211; \u2020 1950)<\/p>\n<p><span style=\"font-family: AkkoPro-BoldCondensed!important\">Ejecuci\u00f3n:<\/span> Alfarer\u00eda Grootenburg<\/p>\n<p><span style=\"font-family: AkkoPro-BoldCondensed!important\">Objeto:<\/span> Taza<\/p>\n<p><span style=\"font-family: AkkoPro-BoldCondensed!important\">Dimensiones:<\/span> altura: 7,6 cm, di\u00e1metro: 10,5 cm<\/p>\n<p><span style=\"font-family: AkkoPro-BoldCondensed!important\">Cuerpo:<\/span> ligero<\/p>\n<p><span style=\"font-family: AkkoPro-BoldCondensed!important\">Superficie:<\/span> azul, rojo, gris y negro<\/p>\n<p><span style=\"font-family: AkkoPro-BoldCondensed!important\">A\u00f1o de producci\u00f3n:<\/span> a\u00f1os 30 del siglo XX<\/p>\n<p><span style=\"font-family: AkkoPro-BoldCondensed!important\">Estado:<\/span> Peque\u00f1a grieta fina que atraviesa el borde superior reparada mediante el m\u00e9todo de reparaci\u00f3n Gintsugi con laca plateada, es decir, laca Urushi espolvoreada con polvo de plata aut\u00e9ntica.<\/p>\n<p><span style=\"font-family: AkkoPro-BoldCondensed!important\">Firma\/marca:<\/span> Dos torres sobre el agua conectadas por un puente<\/p>\n<p><span style=\"font-family: AkkoPro-BoldCondensed!important\">Detalles:<\/span><br \/>\nLa taza de la cer\u00e1mica Grootenburg &#8211; probablemente dise\u00f1ada por Paul Dresler &#8211; data de la d\u00e9cada de 1930. En el libro \u00abPaul Dresler (1879-1950) und die T\u00f6pferei Grootenburg\u00bb, en la p\u00e1gina 42, se ilustran dos tazas de la misma forma, pero cada una con esmaltes diferentes, que tambi\u00e9n datan de la d\u00e9cada de 1930. [1]  <\/p>\n<p>La taza de cer\u00e1mica que se ofrece aqu\u00ed tiene una peque\u00f1a grieta fina que va por fuera y por dentro -es decir, continua- en el borde superior. Esta grieta fue restaurada por Robert Z\u00fcblin utilizando el m\u00e9todo de reparaci\u00f3n Gintsugi. El Gintsugi es un subtipo de la restauraci\u00f3n <a href=\"https:\/\/www.robertzueblin.com\/es\/kintsugi\/\">Kintsugi<\/a> originaria de Jap\u00f3n, en la que el metal utilizado en el Gintsugi es plata aut\u00e9ntica y no oro aut\u00e9ntico. \u00abGin\u00bb significa \u00abplata\u00bb, mientras que \u00abtsugi\u00bb significa \u00abunir\u00bb. La plata real estaba aplicada en forma de polvo espolvoreado sobre la laca urushi, que estaba aplicada previamente a la grieta.<\/p>\n<p><em>Nota a pie de p\u00e1gina:<\/em><br \/>\n[1] Theis, Heinz-J. (ed.): Paul Dresler (1879-1950) und die T\u00f6pferei Grootenburg, Berl\u00edn 2010, p. 42.<\/p>\n","protected":false},"excerpt":{"rendered":"<p><span style=\"color: #e2401c;\">&#x25cf;<\/span><span> vendido<\/span><\/p>\n","protected":false},"featured_media":34430,"template":"","meta":[],"product_brand":[],"product_cat":[657,198],"product_tag":[],"class_list":{"0":"post-3294","1":"product","2":"type-product","3":"status-publish","4":"has-post-thumbnail","6":"product_cat-kintsugi-shop","7":"product_cat-paul-dresler","9":"first","10":"outofstock","11":"sold-individually","12":"shipping-taxable","13":"product-type-simple"},"yoast_head":"<!-- This site is optimized with the Yoast SEO plugin v27.4 - https:\/\/yoast.com\/product\/yoast-seo-wordpress\/ -->\n<title>Paul DRESLER - Taza (reparaci\u00f3n Gintsugi) - cer\u00e1mica de taller<\/title>\n<meta name=\"description\" content=\"Taza de cer\u00e1mica de la d\u00e9cada de 1930 del ceramista Paul Dresler de la alfarer\u00eda Grootenburg con reparaci\u00f3n Gintsugi (t\u00e9cnica Kintsugi).\" \/>\n<meta name=\"robots\" content=\"index, follow, max-snippet:-1, max-image-preview:large, max-video-preview:-1\" \/>\n<link rel=\"canonical\" href=\"https:\/\/www.robertzueblin.com\/es\/paul-dresler\/ceramica-taller-taza\/\" \/>\n<meta property=\"og:locale\" content=\"es_ES\" \/>\n<meta property=\"og:type\" content=\"article\" \/>\n<meta property=\"og:title\" content=\"Paul DRESLER - Taza (reparaci\u00f3n Gintsugi) - cer\u00e1mica de taller\" \/>\n<meta property=\"og:description\" content=\"Taza de cer\u00e1mica de la d\u00e9cada de 1930 del ceramista Paul Dresler de la alfarer\u00eda Grootenburg con reparaci\u00f3n Gintsugi (t\u00e9cnica Kintsugi).\" \/>\n<meta property=\"og:url\" content=\"https:\/\/www.robertzueblin.com\/es\/paul-dresler\/ceramica-taller-taza\/\" \/>\n<meta property=\"og:site_name\" content=\"ROBERT Z\u00dcBLIN\" \/>\n<meta property=\"article:modified_time\" content=\"2026-01-06T14:52:28+00:00\" \/>\n<meta property=\"og:image\" content=\"https:\/\/www.robertzueblin.com\/wp-content\/uploads\/paul-dresler-taza-anos-1930-ceramica-kintsugi-gintsugi-foto-titulo.jpg\" \/>\n\t<meta property=\"og:image:width\" content=\"1000\" \/>\n\t<meta property=\"og:image:height\" content=\"1000\" \/>\n\t<meta property=\"og:image:type\" content=\"image\/jpeg\" \/>\n<meta name=\"twitter:card\" content=\"summary_large_image\" \/>\n<script type=\"application\/ld+json\" class=\"yoast-schema-graph\">{\"@context\":\"https:\\\/\\\/schema.org\",\"@graph\":[{\"@type\":\"WebPage\",\"@id\":\"https:\\\/\\\/www.robertzueblin.com\\\/es\\\/paul-dresler\\\/ceramica-taller-taza\\\/\",\"url\":\"https:\\\/\\\/www.robertzueblin.com\\\/es\\\/paul-dresler\\\/ceramica-taller-taza\\\/\",\"name\":\"Paul DRESLER - Taza (reparaci\u00f3n Gintsugi) - cer\u00e1mica de taller\",\"isPartOf\":{\"@id\":\"https:\\\/\\\/www.robertzueblin.com\\\/es\\\/#website\"},\"primaryImageOfPage\":{\"@id\":\"https:\\\/\\\/www.robertzueblin.com\\\/es\\\/paul-dresler\\\/ceramica-taller-taza\\\/#primaryimage\"},\"image\":{\"@id\":\"https:\\\/\\\/www.robertzueblin.com\\\/es\\\/paul-dresler\\\/ceramica-taller-taza\\\/#primaryimage\"},\"thumbnailUrl\":\"https:\\\/\\\/www.robertzueblin.com\\\/wp-content\\\/uploads\\\/paul-dresler-taza-anos-1930-ceramica-kintsugi-gintsugi-foto-titulo.jpg\",\"datePublished\":\"2021-11-26T17:25:49+00:00\",\"dateModified\":\"2026-01-06T14:52:28+00:00\",\"description\":\"Taza de cer\u00e1mica de la d\u00e9cada de 1930 del ceramista Paul Dresler de la alfarer\u00eda Grootenburg con reparaci\u00f3n Gintsugi (t\u00e9cnica Kintsugi).\",\"breadcrumb\":{\"@id\":\"https:\\\/\\\/www.robertzueblin.com\\\/es\\\/paul-dresler\\\/ceramica-taller-taza\\\/#breadcrumb\"},\"inLanguage\":\"es\",\"potentialAction\":[{\"@type\":\"ReadAction\",\"target\":[\"https:\\\/\\\/www.robertzueblin.com\\\/es\\\/paul-dresler\\\/ceramica-taller-taza\\\/\"]}]},{\"@type\":\"ImageObject\",\"inLanguage\":\"es\",\"@id\":\"https:\\\/\\\/www.robertzueblin.com\\\/es\\\/paul-dresler\\\/ceramica-taller-taza\\\/#primaryimage\",\"url\":\"https:\\\/\\\/www.robertzueblin.com\\\/wp-content\\\/uploads\\\/paul-dresler-taza-anos-1930-ceramica-kintsugi-gintsugi-foto-titulo.jpg\",\"contentUrl\":\"https:\\\/\\\/www.robertzueblin.com\\\/wp-content\\\/uploads\\\/paul-dresler-taza-anos-1930-ceramica-kintsugi-gintsugi-foto-titulo.jpg\",\"width\":1000,\"height\":1000},{\"@type\":\"BreadcrumbList\",\"@id\":\"https:\\\/\\\/www.robertzueblin.com\\\/es\\\/paul-dresler\\\/ceramica-taller-taza\\\/#breadcrumb\",\"itemListElement\":[{\"@type\":\"ListItem\",\"position\":1,\"name\":\"Startseite\",\"item\":\"https:\\\/\\\/www.robertzueblin.com\\\/es\\\/\"},{\"@type\":\"ListItem\",\"position\":2,\"name\":\"Galer\u00eda de arte online (tienda online)\",\"item\":\"https:\\\/\\\/www.robertzueblin.com\\\/es\\\/galeria-de-arte-online\\\/\"},{\"@type\":\"ListItem\",\"position\":3,\"name\":\"Paul DRESLER (* 1879 \u2013 \u2020 1950) \u2013 Taza (reparaci\u00f3n Gintsugi) &#8211; cer\u00e1mica de taller\"}]},{\"@type\":\"WebSite\",\"@id\":\"https:\\\/\\\/www.robertzueblin.com\\\/es\\\/#website\",\"url\":\"https:\\\/\\\/www.robertzueblin.com\\\/es\\\/\",\"name\":\"ROBERT Z\u00dcBLIN\",\"description\":\"\",\"publisher\":{\"@id\":\"https:\\\/\\\/www.robertzueblin.com\\\/es\\\/#organization\"},\"potentialAction\":[{\"@type\":\"SearchAction\",\"target\":{\"@type\":\"EntryPoint\",\"urlTemplate\":\"https:\\\/\\\/www.robertzueblin.com\\\/es\\\/?s={search_term_string}\"},\"query-input\":{\"@type\":\"PropertyValueSpecification\",\"valueRequired\":true,\"valueName\":\"search_term_string\"}}],\"inLanguage\":\"es\"},{\"@type\":\"Organization\",\"@id\":\"https:\\\/\\\/www.robertzueblin.com\\\/es\\\/#organization\",\"name\":\"ROBERT Z\u00dcBLIN\",\"url\":\"https:\\\/\\\/www.robertzueblin.com\\\/es\\\/\",\"logo\":{\"@type\":\"ImageObject\",\"inLanguage\":\"es\",\"@id\":\"https:\\\/\\\/www.robertzueblin.com\\\/es\\\/#\\\/schema\\\/logo\\\/image\\\/\",\"url\":\"https:\\\/\\\/www.robertzueblin.com\\\/wp-content\\\/uploads\\\/cropped-cropped-logo-von-robert-zueblin.jpg\",\"contentUrl\":\"https:\\\/\\\/www.robertzueblin.com\\\/wp-content\\\/uploads\\\/cropped-cropped-logo-von-robert-zueblin.jpg\",\"width\":440,\"height\":60,\"caption\":\"ROBERT Z\u00dcBLIN\"},\"image\":{\"@id\":\"https:\\\/\\\/www.robertzueblin.com\\\/es\\\/#\\\/schema\\\/logo\\\/image\\\/\"}}]}<\/script>\n<!-- \/ Yoast SEO plugin. -->","yoast_head_json":{"title":"Paul DRESLER - Taza (reparaci\u00f3n Gintsugi) - cer\u00e1mica de taller","description":"Taza de cer\u00e1mica de la d\u00e9cada de 1930 del ceramista Paul Dresler de la alfarer\u00eda Grootenburg con reparaci\u00f3n Gintsugi (t\u00e9cnica Kintsugi).","robots":{"index":"index","follow":"follow","max-snippet":"max-snippet:-1","max-image-preview":"max-image-preview:large","max-video-preview":"max-video-preview:-1"},"canonical":"https:\/\/www.robertzueblin.com\/es\/paul-dresler\/ceramica-taller-taza\/","og_locale":"es_ES","og_type":"article","og_title":"Paul DRESLER - Taza (reparaci\u00f3n Gintsugi) - cer\u00e1mica de taller","og_description":"Taza de cer\u00e1mica de la d\u00e9cada de 1930 del ceramista Paul Dresler de la alfarer\u00eda Grootenburg con reparaci\u00f3n Gintsugi (t\u00e9cnica Kintsugi).","og_url":"https:\/\/www.robertzueblin.com\/es\/paul-dresler\/ceramica-taller-taza\/","og_site_name":"ROBERT Z\u00dcBLIN","article_modified_time":"2026-01-06T14:52:28+00:00","og_image":[{"width":1000,"height":1000,"url":"https:\/\/www.robertzueblin.com\/wp-content\/uploads\/paul-dresler-taza-anos-1930-ceramica-kintsugi-gintsugi-foto-titulo.jpg","type":"image\/jpeg"}],"twitter_card":"summary_large_image","schema":{"@context":"https:\/\/schema.org","@graph":[{"@type":"WebPage","@id":"https:\/\/www.robertzueblin.com\/es\/paul-dresler\/ceramica-taller-taza\/","url":"https:\/\/www.robertzueblin.com\/es\/paul-dresler\/ceramica-taller-taza\/","name":"Paul DRESLER - Taza (reparaci\u00f3n Gintsugi) - cer\u00e1mica de taller","isPartOf":{"@id":"https:\/\/www.robertzueblin.com\/es\/#website"},"primaryImageOfPage":{"@id":"https:\/\/www.robertzueblin.com\/es\/paul-dresler\/ceramica-taller-taza\/#primaryimage"},"image":{"@id":"https:\/\/www.robertzueblin.com\/es\/paul-dresler\/ceramica-taller-taza\/#primaryimage"},"thumbnailUrl":"https:\/\/www.robertzueblin.com\/wp-content\/uploads\/paul-dresler-taza-anos-1930-ceramica-kintsugi-gintsugi-foto-titulo.jpg","datePublished":"2021-11-26T17:25:49+00:00","dateModified":"2026-01-06T14:52:28+00:00","description":"Taza de cer\u00e1mica de la d\u00e9cada de 1930 del ceramista Paul Dresler de la alfarer\u00eda Grootenburg con reparaci\u00f3n Gintsugi (t\u00e9cnica Kintsugi).","breadcrumb":{"@id":"https:\/\/www.robertzueblin.com\/es\/paul-dresler\/ceramica-taller-taza\/#breadcrumb"},"inLanguage":"es","potentialAction":[{"@type":"ReadAction","target":["https:\/\/www.robertzueblin.com\/es\/paul-dresler\/ceramica-taller-taza\/"]}]},{"@type":"ImageObject","inLanguage":"es","@id":"https:\/\/www.robertzueblin.com\/es\/paul-dresler\/ceramica-taller-taza\/#primaryimage","url":"https:\/\/www.robertzueblin.com\/wp-content\/uploads\/paul-dresler-taza-anos-1930-ceramica-kintsugi-gintsugi-foto-titulo.jpg","contentUrl":"https:\/\/www.robertzueblin.com\/wp-content\/uploads\/paul-dresler-taza-anos-1930-ceramica-kintsugi-gintsugi-foto-titulo.jpg","width":1000,"height":1000},{"@type":"BreadcrumbList","@id":"https:\/\/www.robertzueblin.com\/es\/paul-dresler\/ceramica-taller-taza\/#breadcrumb","itemListElement":[{"@type":"ListItem","position":1,"name":"Startseite","item":"https:\/\/www.robertzueblin.com\/es\/"},{"@type":"ListItem","position":2,"name":"Galer\u00eda de arte online (tienda online)","item":"https:\/\/www.robertzueblin.com\/es\/galeria-de-arte-online\/"},{"@type":"ListItem","position":3,"name":"Paul DRESLER (* 1879 \u2013 \u2020 1950) \u2013 Taza (reparaci\u00f3n Gintsugi) &#8211; cer\u00e1mica de taller"}]},{"@type":"WebSite","@id":"https:\/\/www.robertzueblin.com\/es\/#website","url":"https:\/\/www.robertzueblin.com\/es\/","name":"ROBERT Z\u00dcBLIN","description":"","publisher":{"@id":"https:\/\/www.robertzueblin.com\/es\/#organization"},"potentialAction":[{"@type":"SearchAction","target":{"@type":"EntryPoint","urlTemplate":"https:\/\/www.robertzueblin.com\/es\/?s={search_term_string}"},"query-input":{"@type":"PropertyValueSpecification","valueRequired":true,"valueName":"search_term_string"}}],"inLanguage":"es"},{"@type":"Organization","@id":"https:\/\/www.robertzueblin.com\/es\/#organization","name":"ROBERT Z\u00dcBLIN","url":"https:\/\/www.robertzueblin.com\/es\/","logo":{"@type":"ImageObject","inLanguage":"es","@id":"https:\/\/www.robertzueblin.com\/es\/#\/schema\/logo\/image\/","url":"https:\/\/www.robertzueblin.com\/wp-content\/uploads\/cropped-cropped-logo-von-robert-zueblin.jpg","contentUrl":"https:\/\/www.robertzueblin.com\/wp-content\/uploads\/cropped-cropped-logo-von-robert-zueblin.jpg","width":440,"height":60,"caption":"ROBERT Z\u00dcBLIN"},"image":{"@id":"https:\/\/www.robertzueblin.com\/es\/#\/schema\/logo\/image\/"}}]}},"_links":{"self":[{"href":"https:\/\/www.robertzueblin.com\/es\/wp-json\/wp\/v2\/product\/3294","targetHints":{"allow":["GET"]}}],"collection":[{"href":"https:\/\/www.robertzueblin.com\/es\/wp-json\/wp\/v2\/product"}],"about":[{"href":"https:\/\/www.robertzueblin.com\/es\/wp-json\/wp\/v2\/types\/product"}],"wp:featuredmedia":[{"embeddable":true,"href":"https:\/\/www.robertzueblin.com\/es\/wp-json\/wp\/v2\/media\/34430"}],"wp:attachment":[{"href":"https:\/\/www.robertzueblin.com\/es\/wp-json\/wp\/v2\/media?parent=3294"}],"wp:term":[{"taxonomy":"product_brand","embeddable":true,"href":"https:\/\/www.robertzueblin.com\/es\/wp-json\/wp\/v2\/product_brand?post=3294"},{"taxonomy":"product_cat","embeddable":true,"href":"https:\/\/www.robertzueblin.com\/es\/wp-json\/wp\/v2\/product_cat?post=3294"},{"taxonomy":"product_tag","embeddable":true,"href":"https:\/\/www.robertzueblin.com\/es\/wp-json\/wp\/v2\/product_tag?post=3294"}],"curies":[{"name":"wp","href":"https:\/\/api.w.org\/{rel}","templated":true}]}}