{"id":3292,"date":"2021-11-26T18:19:42","date_gmt":"2021-11-26T17:37:13","guid":{"rendered":"https:\/\/www.robertzueblin.com\/?post_type=product&#038;p=3292"},"modified":"2022-12-15T19:20:43","modified_gmt":"2022-12-15T18:20:43","slug":"paul-dresler-1879-%e2%80%a0-1950-atribuido-jarron-con-tres-asas","status":"publish","type":"product","link":"https:\/\/www.robertzueblin.com\/es\/paul-dresler\/jarron-con-tres-asas\/","title":{"rendered":"Paul DRESLER (* 1879 \u2013 \u2020 1950) \u2013 [atribuido] \u2013 Jarr\u00f3n con tres asas &#8211; cer\u00e1mica de taller"},"content":{"rendered":"<p><span style=\"font-family: AkkoPro-BoldCondensed!important\">Tipo:<\/span> <a href=\"https:\/\/www.robertzueblin.com\/es\/tipo\/ceramica-artistica-ceramica-artesanal-ceramica-de-taller\/\">Cer\u00e1mica de taller<\/a><\/p>\n<p><span style=\"font-family: AkkoPro-BoldCondensed!important\">Dise\u00f1o:<\/span> Paul Dresler (* 1879 &#8211; \u2020 1950) [atribuido]<\/p>\n<p><span style=\"font-family: AkkoPro-BoldCondensed!important\">Ejecuci\u00f3n:<\/span> Alfarer\u00eda Grootenburg [atribuido]<\/p>\n<p><span style=\"font-family: AkkoPro-BoldCondensed!important\">Objeto:<\/span> Jarr\u00f3n<\/p>\n<p><span style=\"font-family: AkkoPro-BoldCondensed!important\">Dimensiones:<\/span> altura: 13,2 cm, di\u00e1metro: 14 cm<\/p>\n<p><span style=\"font-family: AkkoPro-BoldCondensed!important\">Cuerpo:<\/span> amarillento<\/p>\n<p><span style=\"font-family: AkkoPro-BoldCondensed!important\">Superficie:<\/span> verde, p\u00farpura, rojo, gris<\/p>\n<p><span style=\"font-family: AkkoPro-BoldCondensed!important\">A\u00f1o de producci\u00f3n:<\/span> a\u00f1os 20 del siglo XX<\/p>\n<p><span style=\"font-family: AkkoPro-BoldCondensed!important\">Estado:<\/span> sin da\u00f1os<\/p>\n<p><span style=\"font-family: AkkoPro-BoldCondensed!important\">Firma\/marca:<\/span> ninguna<\/p>\n<p><span style=\"font-family: AkkoPro-BoldCondensed!important\">Detalles:<\/span><br \/>\nUn jarr\u00f3n de tres corchetes con una forma y un esmalte parecido se atribuye a Paul Dresler o a la cer\u00e1mica Grootenburg en el cat\u00e1logo del Keramik-Museum de Berl\u00edn \u00abPaul Dresler (1879-1950) und die T\u00f6pferei Grootenburg\u00bb [1]. <\/p>\n<p><em>Nota de pie de p\u00e1gina:<\/em><br \/>\n1. Heinz-J. Theis para el F\u00f6rderverein Keramik-Museum Berlin (ed.): Paul Dresler (1879-1950) und die T\u00f6pferei Grootenburg, Berl\u00edn 2010, p. 39.<\/p>\n","protected":false},"excerpt":{"rendered":"<p>Tipo: Cer\u00e1mica de taller Dise\u00f1o: Paul Dresler (* 1879 &#8211; \u2020 1950) [atribuido] Ejecuci\u00f3n: Alfarer\u00eda Grootenburg [atribuido] Objeto: Jarr\u00f3n Dimensiones: altura: 13,2 cm, di\u00e1metro: 14 cm Cuerpo: amarillento Superficie: verde, p\u00farpura, rojo, gris A\u00f1o de producci\u00f3n: a\u00f1os 20 del siglo XX Estado: sin da\u00f1os Firma\/marca: ninguna Detalles: Un jarr\u00f3n de tres corchetes con una forma [&hellip;]<\/p>\n","protected":false},"featured_media":3259,"template":"","meta":[],"product_brand":[],"product_cat":[198],"product_tag":[],"class_list":{"0":"post-3292","1":"product","2":"type-product","3":"status-publish","4":"has-post-thumbnail","6":"product_cat-paul-dresler","8":"first","9":"instock","10":"sold-individually","11":"shipping-taxable","12":"purchasable","13":"product-type-simple"},"yoast_head":"<!-- This site is optimized with the Yoast SEO plugin v27.4 - https:\/\/yoast.com\/product\/yoast-seo-wordpress\/ -->\n<title>Paul DRESLER - Jarr\u00f3n con tres asas (jarr\u00f3n de tres ojos)<\/title>\n<meta name=\"description\" content=\"Jarr\u00f3n de cer\u00e1mica de taller con tres asas en verde, morado, rojo y gris atribuido a Paul Dresler - a veces llamado incorrectamente Paul Dressler.\" \/>\n<meta name=\"robots\" content=\"index, follow, max-snippet:-1, max-image-preview:large, max-video-preview:-1\" \/>\n<link rel=\"canonical\" href=\"https:\/\/www.robertzueblin.com\/es\/paul-dresler\/jarron-con-tres-asas\/\" \/>\n<meta property=\"og:locale\" content=\"es_ES\" \/>\n<meta property=\"og:type\" content=\"article\" \/>\n<meta property=\"og:title\" content=\"Paul DRESLER - Jarr\u00f3n con tres asas (jarr\u00f3n de tres ojos)\" \/>\n<meta property=\"og:description\" content=\"Jarr\u00f3n de cer\u00e1mica de taller con tres asas en verde, morado, rojo y gris atribuido a Paul Dresler - a veces llamado incorrectamente Paul Dressler.\" \/>\n<meta property=\"og:url\" content=\"https:\/\/www.robertzueblin.com\/es\/paul-dresler\/jarron-con-tres-asas\/\" \/>\n<meta property=\"og:site_name\" content=\"ROBERT Z\u00dcBLIN\" \/>\n<meta property=\"article:modified_time\" content=\"2022-12-15T18:20:43+00:00\" \/>\n<meta property=\"og:image\" content=\"https:\/\/www.robertzueblin.com\/wp-content\/uploads\/atribuido-paul-dresler-ceramica-taller-jarron-verde-foto-titulo.jpg\" \/>\n\t<meta property=\"og:image:width\" content=\"1000\" \/>\n\t<meta property=\"og:image:height\" content=\"1000\" \/>\n\t<meta property=\"og:image:type\" content=\"image\/jpeg\" \/>\n<meta name=\"twitter:card\" content=\"summary_large_image\" \/>\n<script type=\"application\/ld+json\" class=\"yoast-schema-graph\">{\"@context\":\"https:\\\/\\\/schema.org\",\"@graph\":[{\"@type\":\"WebPage\",\"@id\":\"https:\\\/\\\/www.robertzueblin.com\\\/es\\\/paul-dresler\\\/jarron-con-tres-asas\\\/\",\"url\":\"https:\\\/\\\/www.robertzueblin.com\\\/es\\\/paul-dresler\\\/jarron-con-tres-asas\\\/\",\"name\":\"Paul DRESLER - Jarr\u00f3n con tres asas (jarr\u00f3n de tres ojos)\",\"isPartOf\":{\"@id\":\"https:\\\/\\\/www.robertzueblin.com\\\/es\\\/#website\"},\"primaryImageOfPage\":{\"@id\":\"https:\\\/\\\/www.robertzueblin.com\\\/es\\\/paul-dresler\\\/jarron-con-tres-asas\\\/#primaryimage\"},\"image\":{\"@id\":\"https:\\\/\\\/www.robertzueblin.com\\\/es\\\/paul-dresler\\\/jarron-con-tres-asas\\\/#primaryimage\"},\"thumbnailUrl\":\"https:\\\/\\\/www.robertzueblin.com\\\/wp-content\\\/uploads\\\/atribuido-paul-dresler-ceramica-taller-jarron-verde-foto-titulo.jpg\",\"datePublished\":\"2021-11-26T17:37:13+00:00\",\"dateModified\":\"2022-12-15T18:20:43+00:00\",\"description\":\"Jarr\u00f3n de cer\u00e1mica de taller con tres asas en verde, morado, rojo y gris atribuido a Paul Dresler - a veces llamado incorrectamente Paul Dressler.\",\"breadcrumb\":{\"@id\":\"https:\\\/\\\/www.robertzueblin.com\\\/es\\\/paul-dresler\\\/jarron-con-tres-asas\\\/#breadcrumb\"},\"inLanguage\":\"es\",\"potentialAction\":[{\"@type\":\"ReadAction\",\"target\":[\"https:\\\/\\\/www.robertzueblin.com\\\/es\\\/paul-dresler\\\/jarron-con-tres-asas\\\/\"]}]},{\"@type\":\"ImageObject\",\"inLanguage\":\"es\",\"@id\":\"https:\\\/\\\/www.robertzueblin.com\\\/es\\\/paul-dresler\\\/jarron-con-tres-asas\\\/#primaryimage\",\"url\":\"https:\\\/\\\/www.robertzueblin.com\\\/wp-content\\\/uploads\\\/atribuido-paul-dresler-ceramica-taller-jarron-verde-foto-titulo.jpg\",\"contentUrl\":\"https:\\\/\\\/www.robertzueblin.com\\\/wp-content\\\/uploads\\\/atribuido-paul-dresler-ceramica-taller-jarron-verde-foto-titulo.jpg\",\"width\":1000,\"height\":1000},{\"@type\":\"BreadcrumbList\",\"@id\":\"https:\\\/\\\/www.robertzueblin.com\\\/es\\\/paul-dresler\\\/jarron-con-tres-asas\\\/#breadcrumb\",\"itemListElement\":[{\"@type\":\"ListItem\",\"position\":1,\"name\":\"Startseite\",\"item\":\"https:\\\/\\\/www.robertzueblin.com\\\/es\\\/\"},{\"@type\":\"ListItem\",\"position\":2,\"name\":\"Galer\u00eda de arte online (tienda online)\",\"item\":\"https:\\\/\\\/www.robertzueblin.com\\\/es\\\/galeria-de-arte-online\\\/\"},{\"@type\":\"ListItem\",\"position\":3,\"name\":\"Paul DRESLER (* 1879 \u2013 \u2020 1950) \u2013 [atribuido] \u2013 Jarr\u00f3n con tres asas &#8211; cer\u00e1mica de taller\"}]},{\"@type\":\"WebSite\",\"@id\":\"https:\\\/\\\/www.robertzueblin.com\\\/es\\\/#website\",\"url\":\"https:\\\/\\\/www.robertzueblin.com\\\/es\\\/\",\"name\":\"ROBERT Z\u00dcBLIN\",\"description\":\"\",\"publisher\":{\"@id\":\"https:\\\/\\\/www.robertzueblin.com\\\/es\\\/#organization\"},\"potentialAction\":[{\"@type\":\"SearchAction\",\"target\":{\"@type\":\"EntryPoint\",\"urlTemplate\":\"https:\\\/\\\/www.robertzueblin.com\\\/es\\\/?s={search_term_string}\"},\"query-input\":{\"@type\":\"PropertyValueSpecification\",\"valueRequired\":true,\"valueName\":\"search_term_string\"}}],\"inLanguage\":\"es\"},{\"@type\":\"Organization\",\"@id\":\"https:\\\/\\\/www.robertzueblin.com\\\/es\\\/#organization\",\"name\":\"ROBERT Z\u00dcBLIN\",\"url\":\"https:\\\/\\\/www.robertzueblin.com\\\/es\\\/\",\"logo\":{\"@type\":\"ImageObject\",\"inLanguage\":\"es\",\"@id\":\"https:\\\/\\\/www.robertzueblin.com\\\/es\\\/#\\\/schema\\\/logo\\\/image\\\/\",\"url\":\"https:\\\/\\\/www.robertzueblin.com\\\/wp-content\\\/uploads\\\/cropped-cropped-logo-von-robert-zueblin.jpg\",\"contentUrl\":\"https:\\\/\\\/www.robertzueblin.com\\\/wp-content\\\/uploads\\\/cropped-cropped-logo-von-robert-zueblin.jpg\",\"width\":440,\"height\":60,\"caption\":\"ROBERT Z\u00dcBLIN\"},\"image\":{\"@id\":\"https:\\\/\\\/www.robertzueblin.com\\\/es\\\/#\\\/schema\\\/logo\\\/image\\\/\"}}]}<\/script>\n<!-- \/ Yoast SEO plugin. -->","yoast_head_json":{"title":"Paul DRESLER - Jarr\u00f3n con tres asas (jarr\u00f3n de tres ojos)","description":"Jarr\u00f3n de cer\u00e1mica de taller con tres asas en verde, morado, rojo y gris atribuido a Paul Dresler - a veces llamado incorrectamente Paul Dressler.","robots":{"index":"index","follow":"follow","max-snippet":"max-snippet:-1","max-image-preview":"max-image-preview:large","max-video-preview":"max-video-preview:-1"},"canonical":"https:\/\/www.robertzueblin.com\/es\/paul-dresler\/jarron-con-tres-asas\/","og_locale":"es_ES","og_type":"article","og_title":"Paul DRESLER - Jarr\u00f3n con tres asas (jarr\u00f3n de tres ojos)","og_description":"Jarr\u00f3n de cer\u00e1mica de taller con tres asas en verde, morado, rojo y gris atribuido a Paul Dresler - a veces llamado incorrectamente Paul Dressler.","og_url":"https:\/\/www.robertzueblin.com\/es\/paul-dresler\/jarron-con-tres-asas\/","og_site_name":"ROBERT Z\u00dcBLIN","article_modified_time":"2022-12-15T18:20:43+00:00","og_image":[{"width":1000,"height":1000,"url":"https:\/\/www.robertzueblin.com\/wp-content\/uploads\/atribuido-paul-dresler-ceramica-taller-jarron-verde-foto-titulo.jpg","type":"image\/jpeg"}],"twitter_card":"summary_large_image","schema":{"@context":"https:\/\/schema.org","@graph":[{"@type":"WebPage","@id":"https:\/\/www.robertzueblin.com\/es\/paul-dresler\/jarron-con-tres-asas\/","url":"https:\/\/www.robertzueblin.com\/es\/paul-dresler\/jarron-con-tres-asas\/","name":"Paul DRESLER - Jarr\u00f3n con tres asas (jarr\u00f3n de tres ojos)","isPartOf":{"@id":"https:\/\/www.robertzueblin.com\/es\/#website"},"primaryImageOfPage":{"@id":"https:\/\/www.robertzueblin.com\/es\/paul-dresler\/jarron-con-tres-asas\/#primaryimage"},"image":{"@id":"https:\/\/www.robertzueblin.com\/es\/paul-dresler\/jarron-con-tres-asas\/#primaryimage"},"thumbnailUrl":"https:\/\/www.robertzueblin.com\/wp-content\/uploads\/atribuido-paul-dresler-ceramica-taller-jarron-verde-foto-titulo.jpg","datePublished":"2021-11-26T17:37:13+00:00","dateModified":"2022-12-15T18:20:43+00:00","description":"Jarr\u00f3n de cer\u00e1mica de taller con tres asas en verde, morado, rojo y gris atribuido a Paul Dresler - a veces llamado incorrectamente Paul Dressler.","breadcrumb":{"@id":"https:\/\/www.robertzueblin.com\/es\/paul-dresler\/jarron-con-tres-asas\/#breadcrumb"},"inLanguage":"es","potentialAction":[{"@type":"ReadAction","target":["https:\/\/www.robertzueblin.com\/es\/paul-dresler\/jarron-con-tres-asas\/"]}]},{"@type":"ImageObject","inLanguage":"es","@id":"https:\/\/www.robertzueblin.com\/es\/paul-dresler\/jarron-con-tres-asas\/#primaryimage","url":"https:\/\/www.robertzueblin.com\/wp-content\/uploads\/atribuido-paul-dresler-ceramica-taller-jarron-verde-foto-titulo.jpg","contentUrl":"https:\/\/www.robertzueblin.com\/wp-content\/uploads\/atribuido-paul-dresler-ceramica-taller-jarron-verde-foto-titulo.jpg","width":1000,"height":1000},{"@type":"BreadcrumbList","@id":"https:\/\/www.robertzueblin.com\/es\/paul-dresler\/jarron-con-tres-asas\/#breadcrumb","itemListElement":[{"@type":"ListItem","position":1,"name":"Startseite","item":"https:\/\/www.robertzueblin.com\/es\/"},{"@type":"ListItem","position":2,"name":"Galer\u00eda de arte online (tienda online)","item":"https:\/\/www.robertzueblin.com\/es\/galeria-de-arte-online\/"},{"@type":"ListItem","position":3,"name":"Paul DRESLER (* 1879 \u2013 \u2020 1950) \u2013 [atribuido] \u2013 Jarr\u00f3n con tres asas &#8211; cer\u00e1mica de taller"}]},{"@type":"WebSite","@id":"https:\/\/www.robertzueblin.com\/es\/#website","url":"https:\/\/www.robertzueblin.com\/es\/","name":"ROBERT Z\u00dcBLIN","description":"","publisher":{"@id":"https:\/\/www.robertzueblin.com\/es\/#organization"},"potentialAction":[{"@type":"SearchAction","target":{"@type":"EntryPoint","urlTemplate":"https:\/\/www.robertzueblin.com\/es\/?s={search_term_string}"},"query-input":{"@type":"PropertyValueSpecification","valueRequired":true,"valueName":"search_term_string"}}],"inLanguage":"es"},{"@type":"Organization","@id":"https:\/\/www.robertzueblin.com\/es\/#organization","name":"ROBERT Z\u00dcBLIN","url":"https:\/\/www.robertzueblin.com\/es\/","logo":{"@type":"ImageObject","inLanguage":"es","@id":"https:\/\/www.robertzueblin.com\/es\/#\/schema\/logo\/image\/","url":"https:\/\/www.robertzueblin.com\/wp-content\/uploads\/cropped-cropped-logo-von-robert-zueblin.jpg","contentUrl":"https:\/\/www.robertzueblin.com\/wp-content\/uploads\/cropped-cropped-logo-von-robert-zueblin.jpg","width":440,"height":60,"caption":"ROBERT Z\u00dcBLIN"},"image":{"@id":"https:\/\/www.robertzueblin.com\/es\/#\/schema\/logo\/image\/"}}]}},"_links":{"self":[{"href":"https:\/\/www.robertzueblin.com\/es\/wp-json\/wp\/v2\/product\/3292","targetHints":{"allow":["GET"]}}],"collection":[{"href":"https:\/\/www.robertzueblin.com\/es\/wp-json\/wp\/v2\/product"}],"about":[{"href":"https:\/\/www.robertzueblin.com\/es\/wp-json\/wp\/v2\/types\/product"}],"wp:featuredmedia":[{"embeddable":true,"href":"https:\/\/www.robertzueblin.com\/es\/wp-json\/wp\/v2\/media\/3259"}],"wp:attachment":[{"href":"https:\/\/www.robertzueblin.com\/es\/wp-json\/wp\/v2\/media?parent=3292"}],"wp:term":[{"taxonomy":"product_brand","embeddable":true,"href":"https:\/\/www.robertzueblin.com\/es\/wp-json\/wp\/v2\/product_brand?post=3292"},{"taxonomy":"product_cat","embeddable":true,"href":"https:\/\/www.robertzueblin.com\/es\/wp-json\/wp\/v2\/product_cat?post=3292"},{"taxonomy":"product_tag","embeddable":true,"href":"https:\/\/www.robertzueblin.com\/es\/wp-json\/wp\/v2\/product_tag?post=3292"}],"curies":[{"name":"wp","href":"https:\/\/api.w.org\/{rel}","templated":true}]}}