{"id":32880,"date":"2023-06-16T19:11:45","date_gmt":"2023-06-16T17:19:59","guid":{"rendered":"https:\/\/www.robertzueblin.com\/?post_type=product&#038;p=32880"},"modified":"2023-07-30T13:35:14","modified_gmt":"2023-07-30T11:35:14","slug":"tessa-kidick-1915-%e2%80%a0-2002-jarra-con-estrias-ceramica-de-taller","status":"publish","type":"product","link":"https:\/\/www.robertzueblin.com\/es\/tessa-kidick\/jarra-con-estrias-ceramica-de-taller\/","title":{"rendered":"Tessa KIDICK (* 1915, \u2020 2002) \u2013 Jarra con estr\u00edas &#8211; cer\u00e1mica de taller"},"content":{"rendered":"<p><span style=\"font-family: AkkoPro-BoldCondensed!important\">Tipo:<\/span> <a href=\"https:\/\/www.robertzueblin.com\/es\/tipo\/ceramica-artistica-ceramica-artesanal-ceramica-de-taller\/\">cer\u00e1mica de taller<\/a><\/p>\n<p><span style=\"font-family: AkkoPro-BoldCondensed!important\">Dise\u00f1o:<\/span> Tessa Kidick<\/p>\n<p><span style=\"font-family: AkkoPro-BoldCondensed!important\">Ejecuci\u00f3n:<\/span> Tessa Kidick<\/p>\n<p><span style=\"font-family: AkkoPro-BoldCondensed!important\">Objeto:<\/span> jarra<\/p>\n<p><span style=\"font-family: AkkoPro-BoldCondensed!important\">Dimensiones:<\/span> altura: 10 cm, anchura: 13 cm<\/p>\n<p><span style=\"font-family: AkkoPro-BoldCondensed!important\">Cuerpo:<\/span> marr\u00f3n<\/p>\n<p><span style=\"font-family: AkkoPro-BoldCondensed!important\">Superficie:<\/span> marr\u00f3n<\/p>\n<p><span style=\"font-family: AkkoPro-BoldCondensed!important\">Per\u00edodo de producci\u00f3n:<\/span> desconocido<\/p>\n<p><span style=\"font-family: AkkoPro-BoldCondensed!important\">Estado:<\/span> intacto, rastros de abrasi\u00f3n bajo el asa en el pie debidos a la fabricaci\u00f3n<\/p>\n<p><span style=\"font-family: AkkoPro-BoldCondensed!important\">Firma\/marca:<\/span> Tess Kidick<\/p>\n","protected":false},"excerpt":{"rendered":"<p><span style=\"color: #e2401c\">&#x25cf;<\/span><span> vendido<\/span><\/p>\n","protected":false},"featured_media":32886,"template":"","meta":[],"product_brand":[],"product_cat":[206],"product_tag":[],"class_list":{"0":"post-32880","1":"product","2":"type-product","3":"status-publish","4":"has-post-thumbnail","6":"product_cat-tessa-kidick","8":"first","9":"outofstock","10":"sold-individually","11":"shipping-taxable","12":"product-type-simple"},"yoast_head":"<!-- This site is optimized with the Yoast SEO plugin v27.4 - https:\/\/yoast.com\/product\/yoast-seo-wordpress\/ -->\n<title>Tessa KIDICK \u2013 Jarra con estr\u00edas - cer\u00e1mica de taller<\/title>\n<meta name=\"description\" content=\"Peque\u00f1a jarra de cer\u00e1mica con estr\u00edas en color marr\u00f3n de la ceramista Tessa Kidick (tambi\u00e9n llamada Tess Kidick) de Canad\u00e1.\" \/>\n<meta name=\"robots\" content=\"index, follow, max-snippet:-1, max-image-preview:large, max-video-preview:-1\" \/>\n<link rel=\"canonical\" href=\"https:\/\/www.robertzueblin.com\/es\/tessa-kidick\/jarra-con-estrias-ceramica-de-taller\/\" \/>\n<meta property=\"og:locale\" content=\"es_ES\" \/>\n<meta property=\"og:type\" content=\"article\" \/>\n<meta property=\"og:title\" content=\"Tessa KIDICK \u2013 Jarra con estr\u00edas - cer\u00e1mica de taller\" \/>\n<meta property=\"og:description\" content=\"Peque\u00f1a jarra de cer\u00e1mica con estr\u00edas en color marr\u00f3n de la ceramista Tessa Kidick (tambi\u00e9n llamada Tess Kidick) de Canad\u00e1.\" \/>\n<meta property=\"og:url\" content=\"https:\/\/www.robertzueblin.com\/es\/tessa-kidick\/jarra-con-estrias-ceramica-de-taller\/\" \/>\n<meta property=\"og:site_name\" content=\"ROBERT Z\u00dcBLIN\" \/>\n<meta property=\"article:modified_time\" content=\"2023-07-30T11:35:14+00:00\" \/>\n<meta property=\"og:image\" content=\"https:\/\/www.robertzueblin.com\/wp-content\/uploads\/tessa-kidick-ceramica-taller-jarra-estrias-foto-titulo.jpg\" \/>\n\t<meta property=\"og:image:width\" content=\"1000\" \/>\n\t<meta property=\"og:image:height\" content=\"1000\" \/>\n\t<meta property=\"og:image:type\" content=\"image\/jpeg\" \/>\n<meta name=\"twitter:card\" content=\"summary_large_image\" \/>\n<script type=\"application\/ld+json\" class=\"yoast-schema-graph\">{\"@context\":\"https:\\\/\\\/schema.org\",\"@graph\":[{\"@type\":\"WebPage\",\"@id\":\"https:\\\/\\\/www.robertzueblin.com\\\/es\\\/tessa-kidick\\\/jarra-con-estrias-ceramica-de-taller\\\/\",\"url\":\"https:\\\/\\\/www.robertzueblin.com\\\/es\\\/tessa-kidick\\\/jarra-con-estrias-ceramica-de-taller\\\/\",\"name\":\"Tessa KIDICK \u2013 Jarra con estr\u00edas - cer\u00e1mica de taller\",\"isPartOf\":{\"@id\":\"https:\\\/\\\/www.robertzueblin.com\\\/es\\\/#website\"},\"primaryImageOfPage\":{\"@id\":\"https:\\\/\\\/www.robertzueblin.com\\\/es\\\/tessa-kidick\\\/jarra-con-estrias-ceramica-de-taller\\\/#primaryimage\"},\"image\":{\"@id\":\"https:\\\/\\\/www.robertzueblin.com\\\/es\\\/tessa-kidick\\\/jarra-con-estrias-ceramica-de-taller\\\/#primaryimage\"},\"thumbnailUrl\":\"https:\\\/\\\/www.robertzueblin.com\\\/wp-content\\\/uploads\\\/tessa-kidick-ceramica-taller-jarra-estrias-foto-titulo.jpg\",\"datePublished\":\"2023-06-16T17:19:59+00:00\",\"dateModified\":\"2023-07-30T11:35:14+00:00\",\"description\":\"Peque\u00f1a jarra de cer\u00e1mica con estr\u00edas en color marr\u00f3n de la ceramista Tessa Kidick (tambi\u00e9n llamada Tess Kidick) de Canad\u00e1.\",\"breadcrumb\":{\"@id\":\"https:\\\/\\\/www.robertzueblin.com\\\/es\\\/tessa-kidick\\\/jarra-con-estrias-ceramica-de-taller\\\/#breadcrumb\"},\"inLanguage\":\"es\",\"potentialAction\":[{\"@type\":\"ReadAction\",\"target\":[\"https:\\\/\\\/www.robertzueblin.com\\\/es\\\/tessa-kidick\\\/jarra-con-estrias-ceramica-de-taller\\\/\"]}]},{\"@type\":\"ImageObject\",\"inLanguage\":\"es\",\"@id\":\"https:\\\/\\\/www.robertzueblin.com\\\/es\\\/tessa-kidick\\\/jarra-con-estrias-ceramica-de-taller\\\/#primaryimage\",\"url\":\"https:\\\/\\\/www.robertzueblin.com\\\/wp-content\\\/uploads\\\/tessa-kidick-ceramica-taller-jarra-estrias-foto-titulo.jpg\",\"contentUrl\":\"https:\\\/\\\/www.robertzueblin.com\\\/wp-content\\\/uploads\\\/tessa-kidick-ceramica-taller-jarra-estrias-foto-titulo.jpg\",\"width\":1000,\"height\":1000},{\"@type\":\"BreadcrumbList\",\"@id\":\"https:\\\/\\\/www.robertzueblin.com\\\/es\\\/tessa-kidick\\\/jarra-con-estrias-ceramica-de-taller\\\/#breadcrumb\",\"itemListElement\":[{\"@type\":\"ListItem\",\"position\":1,\"name\":\"Startseite\",\"item\":\"https:\\\/\\\/www.robertzueblin.com\\\/es\\\/\"},{\"@type\":\"ListItem\",\"position\":2,\"name\":\"Galer\u00eda de arte online (tienda online)\",\"item\":\"https:\\\/\\\/www.robertzueblin.com\\\/es\\\/galeria-de-arte-online\\\/\"},{\"@type\":\"ListItem\",\"position\":3,\"name\":\"Tessa KIDICK (* 1915, \u2020 2002) \u2013 Jarra con estr\u00edas &#8211; cer\u00e1mica de taller\"}]},{\"@type\":\"WebSite\",\"@id\":\"https:\\\/\\\/www.robertzueblin.com\\\/es\\\/#website\",\"url\":\"https:\\\/\\\/www.robertzueblin.com\\\/es\\\/\",\"name\":\"ROBERT Z\u00dcBLIN\",\"description\":\"\",\"publisher\":{\"@id\":\"https:\\\/\\\/www.robertzueblin.com\\\/es\\\/#organization\"},\"potentialAction\":[{\"@type\":\"SearchAction\",\"target\":{\"@type\":\"EntryPoint\",\"urlTemplate\":\"https:\\\/\\\/www.robertzueblin.com\\\/es\\\/?s={search_term_string}\"},\"query-input\":{\"@type\":\"PropertyValueSpecification\",\"valueRequired\":true,\"valueName\":\"search_term_string\"}}],\"inLanguage\":\"es\"},{\"@type\":\"Organization\",\"@id\":\"https:\\\/\\\/www.robertzueblin.com\\\/es\\\/#organization\",\"name\":\"ROBERT Z\u00dcBLIN\",\"url\":\"https:\\\/\\\/www.robertzueblin.com\\\/es\\\/\",\"logo\":{\"@type\":\"ImageObject\",\"inLanguage\":\"es\",\"@id\":\"https:\\\/\\\/www.robertzueblin.com\\\/es\\\/#\\\/schema\\\/logo\\\/image\\\/\",\"url\":\"https:\\\/\\\/www.robertzueblin.com\\\/wp-content\\\/uploads\\\/cropped-cropped-logo-von-robert-zueblin.jpg\",\"contentUrl\":\"https:\\\/\\\/www.robertzueblin.com\\\/wp-content\\\/uploads\\\/cropped-cropped-logo-von-robert-zueblin.jpg\",\"width\":440,\"height\":60,\"caption\":\"ROBERT Z\u00dcBLIN\"},\"image\":{\"@id\":\"https:\\\/\\\/www.robertzueblin.com\\\/es\\\/#\\\/schema\\\/logo\\\/image\\\/\"}}]}<\/script>\n<!-- \/ Yoast SEO plugin. -->","yoast_head_json":{"title":"Tessa KIDICK \u2013 Jarra con estr\u00edas - cer\u00e1mica de taller","description":"Peque\u00f1a jarra de cer\u00e1mica con estr\u00edas en color marr\u00f3n de la ceramista Tessa Kidick (tambi\u00e9n llamada Tess Kidick) de Canad\u00e1.","robots":{"index":"index","follow":"follow","max-snippet":"max-snippet:-1","max-image-preview":"max-image-preview:large","max-video-preview":"max-video-preview:-1"},"canonical":"https:\/\/www.robertzueblin.com\/es\/tessa-kidick\/jarra-con-estrias-ceramica-de-taller\/","og_locale":"es_ES","og_type":"article","og_title":"Tessa KIDICK \u2013 Jarra con estr\u00edas - cer\u00e1mica de taller","og_description":"Peque\u00f1a jarra de cer\u00e1mica con estr\u00edas en color marr\u00f3n de la ceramista Tessa Kidick (tambi\u00e9n llamada Tess Kidick) de Canad\u00e1.","og_url":"https:\/\/www.robertzueblin.com\/es\/tessa-kidick\/jarra-con-estrias-ceramica-de-taller\/","og_site_name":"ROBERT Z\u00dcBLIN","article_modified_time":"2023-07-30T11:35:14+00:00","og_image":[{"width":1000,"height":1000,"url":"https:\/\/www.robertzueblin.com\/wp-content\/uploads\/tessa-kidick-ceramica-taller-jarra-estrias-foto-titulo.jpg","type":"image\/jpeg"}],"twitter_card":"summary_large_image","schema":{"@context":"https:\/\/schema.org","@graph":[{"@type":"WebPage","@id":"https:\/\/www.robertzueblin.com\/es\/tessa-kidick\/jarra-con-estrias-ceramica-de-taller\/","url":"https:\/\/www.robertzueblin.com\/es\/tessa-kidick\/jarra-con-estrias-ceramica-de-taller\/","name":"Tessa KIDICK \u2013 Jarra con estr\u00edas - cer\u00e1mica de taller","isPartOf":{"@id":"https:\/\/www.robertzueblin.com\/es\/#website"},"primaryImageOfPage":{"@id":"https:\/\/www.robertzueblin.com\/es\/tessa-kidick\/jarra-con-estrias-ceramica-de-taller\/#primaryimage"},"image":{"@id":"https:\/\/www.robertzueblin.com\/es\/tessa-kidick\/jarra-con-estrias-ceramica-de-taller\/#primaryimage"},"thumbnailUrl":"https:\/\/www.robertzueblin.com\/wp-content\/uploads\/tessa-kidick-ceramica-taller-jarra-estrias-foto-titulo.jpg","datePublished":"2023-06-16T17:19:59+00:00","dateModified":"2023-07-30T11:35:14+00:00","description":"Peque\u00f1a jarra de cer\u00e1mica con estr\u00edas en color marr\u00f3n de la ceramista Tessa Kidick (tambi\u00e9n llamada Tess Kidick) de Canad\u00e1.","breadcrumb":{"@id":"https:\/\/www.robertzueblin.com\/es\/tessa-kidick\/jarra-con-estrias-ceramica-de-taller\/#breadcrumb"},"inLanguage":"es","potentialAction":[{"@type":"ReadAction","target":["https:\/\/www.robertzueblin.com\/es\/tessa-kidick\/jarra-con-estrias-ceramica-de-taller\/"]}]},{"@type":"ImageObject","inLanguage":"es","@id":"https:\/\/www.robertzueblin.com\/es\/tessa-kidick\/jarra-con-estrias-ceramica-de-taller\/#primaryimage","url":"https:\/\/www.robertzueblin.com\/wp-content\/uploads\/tessa-kidick-ceramica-taller-jarra-estrias-foto-titulo.jpg","contentUrl":"https:\/\/www.robertzueblin.com\/wp-content\/uploads\/tessa-kidick-ceramica-taller-jarra-estrias-foto-titulo.jpg","width":1000,"height":1000},{"@type":"BreadcrumbList","@id":"https:\/\/www.robertzueblin.com\/es\/tessa-kidick\/jarra-con-estrias-ceramica-de-taller\/#breadcrumb","itemListElement":[{"@type":"ListItem","position":1,"name":"Startseite","item":"https:\/\/www.robertzueblin.com\/es\/"},{"@type":"ListItem","position":2,"name":"Galer\u00eda de arte online (tienda online)","item":"https:\/\/www.robertzueblin.com\/es\/galeria-de-arte-online\/"},{"@type":"ListItem","position":3,"name":"Tessa KIDICK (* 1915, \u2020 2002) \u2013 Jarra con estr\u00edas &#8211; cer\u00e1mica de taller"}]},{"@type":"WebSite","@id":"https:\/\/www.robertzueblin.com\/es\/#website","url":"https:\/\/www.robertzueblin.com\/es\/","name":"ROBERT Z\u00dcBLIN","description":"","publisher":{"@id":"https:\/\/www.robertzueblin.com\/es\/#organization"},"potentialAction":[{"@type":"SearchAction","target":{"@type":"EntryPoint","urlTemplate":"https:\/\/www.robertzueblin.com\/es\/?s={search_term_string}"},"query-input":{"@type":"PropertyValueSpecification","valueRequired":true,"valueName":"search_term_string"}}],"inLanguage":"es"},{"@type":"Organization","@id":"https:\/\/www.robertzueblin.com\/es\/#organization","name":"ROBERT Z\u00dcBLIN","url":"https:\/\/www.robertzueblin.com\/es\/","logo":{"@type":"ImageObject","inLanguage":"es","@id":"https:\/\/www.robertzueblin.com\/es\/#\/schema\/logo\/image\/","url":"https:\/\/www.robertzueblin.com\/wp-content\/uploads\/cropped-cropped-logo-von-robert-zueblin.jpg","contentUrl":"https:\/\/www.robertzueblin.com\/wp-content\/uploads\/cropped-cropped-logo-von-robert-zueblin.jpg","width":440,"height":60,"caption":"ROBERT Z\u00dcBLIN"},"image":{"@id":"https:\/\/www.robertzueblin.com\/es\/#\/schema\/logo\/image\/"}}]}},"_links":{"self":[{"href":"https:\/\/www.robertzueblin.com\/es\/wp-json\/wp\/v2\/product\/32880","targetHints":{"allow":["GET"]}}],"collection":[{"href":"https:\/\/www.robertzueblin.com\/es\/wp-json\/wp\/v2\/product"}],"about":[{"href":"https:\/\/www.robertzueblin.com\/es\/wp-json\/wp\/v2\/types\/product"}],"wp:featuredmedia":[{"embeddable":true,"href":"https:\/\/www.robertzueblin.com\/es\/wp-json\/wp\/v2\/media\/32886"}],"wp:attachment":[{"href":"https:\/\/www.robertzueblin.com\/es\/wp-json\/wp\/v2\/media?parent=32880"}],"wp:term":[{"taxonomy":"product_brand","embeddable":true,"href":"https:\/\/www.robertzueblin.com\/es\/wp-json\/wp\/v2\/product_brand?post=32880"},{"taxonomy":"product_cat","embeddable":true,"href":"https:\/\/www.robertzueblin.com\/es\/wp-json\/wp\/v2\/product_cat?post=32880"},{"taxonomy":"product_tag","embeddable":true,"href":"https:\/\/www.robertzueblin.com\/es\/wp-json\/wp\/v2\/product_tag?post=32880"}],"curies":[{"name":"wp","href":"https:\/\/api.w.org\/{rel}","templated":true}]}}