{"id":32279,"date":"2023-04-28T17:40:11","date_gmt":"2023-04-28T15:54:24","guid":{"rendered":"https:\/\/www.robertzueblin.com\/?post_type=product&#038;p=32279"},"modified":"2023-04-28T17:54:40","modified_gmt":"2023-04-28T15:54:40","slug":"j-m-maure-y-a-lebret-1871-%e2%80%a0-1955-jarron-con-peces-con-varias-aberturas-ceramica-de-taller","status":"publish","type":"product","link":"https:\/\/www.robertzueblin.com\/es\/jean-marie-maure-y-alfred-lebret\/jarron-con-peces-con-varias-aberturas-ceramica-de-taller\/","title":{"rendered":"J.M. Maure y A. Lebret (* 1871, \u2020 1955) &#8211; Jarr\u00f3n con peces con varias aberturas &#8211; cer\u00e1mica de taller"},"content":{"rendered":"<p><span style=\"font-family: AkkoPro-BoldCondensed!important\">Tipo:<\/span> <a href=\"https:\/\/www.robertzueblin.com\/es\/tipo\/ceramica-artistica-ceramica-artesanal-ceramica-de-taller\/\">cer\u00e1mica de taller<\/a><\/p>\n<p><span style=\"font-family: AkkoPro-BoldCondensed!important\">Dise\u00f1o:<\/span> Alfred Lebret<\/p>\n<p><span style=\"font-family: AkkoPro-BoldCondensed!important\">Ejecuci\u00f3n:<\/span> Jean-Marie Maure y Alfred Lebret, La Poterie des Ligers<\/p>\n<p><span style=\"font-family: AkkoPro-BoldCondensed!important\">Objeto:<\/span> jarr\u00f3n<\/p>\n<p><span style=\"font-family: AkkoPro-BoldCondensed!important\">Dimensiones:<\/span> altura: 20 cm, anchura: 16 cm<\/p>\n<p><span style=\"font-family: AkkoPro-BoldCondensed!important\">Cuerpo:<\/span> claro<\/p>\n<p><span style=\"font-family: AkkoPro-BoldCondensed!important\">Superficie:<\/span> azul, marr\u00f3n, blanco y celad\u00f3n<\/p>\n<p><span style=\"font-family: AkkoPro-BoldCondensed!important\">A\u00f1o de producci\u00f3n:<\/span> probablemente en torno a 1920<\/p>\n<p><span style=\"font-family: AkkoPro-BoldCondensed!important\">Estado:<\/span> intacto<\/p>\n<p><span style=\"font-family: AkkoPro-BoldCondensed!important\">Firma\/marca:<\/span> Marca con \u00abGres Artistique, J.M. Maure\u00bb, y firmado por Lebret.<\/p>\n","protected":false},"excerpt":{"rendered":"<p>Tipo: cer\u00e1mica de taller Dise\u00f1o: Alfred Lebret Ejecuci\u00f3n: Jean-Marie Maure y Alfred Lebret, La Poterie des Ligers Objeto: jarr\u00f3n Dimensiones: altura: 20 cm, anchura: 16 cm Cuerpo: claro Superficie: azul, marr\u00f3n, blanco y celad\u00f3n A\u00f1o de producci\u00f3n: probablemente en torno a 1920 Estado: intacto Firma\/marca: Marca con \u00abGres Artistique, J.M. Maure\u00bb, y firmado por Lebret.<\/p>\n","protected":false},"featured_media":32283,"template":"","meta":[],"product_brand":[],"product_cat":[463],"product_tag":[],"class_list":{"0":"post-32279","1":"product","2":"type-product","3":"status-publish","4":"has-post-thumbnail","6":"product_cat-jean-marie-maure-y-alfred-lebret","8":"first","9":"instock","10":"sold-individually","11":"shipping-taxable","12":"purchasable","13":"product-type-simple"},"yoast_head":"<!-- This site is optimized with the Yoast SEO plugin v27.4 - https:\/\/yoast.com\/product\/yoast-seo-wordpress\/ -->\n<title>J.M. Maure y A. Lebret - Jarr\u00f3n con peces con varias aberturas<\/title>\n<meta name=\"robots\" content=\"index, follow, max-snippet:-1, max-image-preview:large, max-video-preview:-1\" \/>\n<link rel=\"canonical\" href=\"https:\/\/www.robertzueblin.com\/es\/jean-marie-maure-y-alfred-lebret\/jarron-con-peces-con-varias-aberturas-ceramica-de-taller\/\" \/>\n<meta property=\"og:locale\" content=\"es_ES\" \/>\n<meta property=\"og:type\" content=\"article\" \/>\n<meta property=\"og:title\" content=\"J.M. Maure y A. Lebret - Jarr\u00f3n con peces con varias aberturas\" \/>\n<meta property=\"og:description\" content=\"Tipo: cer\u00e1mica de taller Dise\u00f1o: Alfred Lebret Ejecuci\u00f3n: Jean-Marie Maure y Alfred Lebret, La Poterie des Ligers Objeto: jarr\u00f3n Dimensiones: altura: 20 cm, anchura: 16 cm Cuerpo: claro Superficie: azul, marr\u00f3n, blanco y celad\u00f3n A\u00f1o de producci\u00f3n: probablemente en torno a 1920 Estado: intacto Firma\/marca: Marca con \u00abGres Artistique, J.M. Maure\u00bb, y firmado por Lebret.\" \/>\n<meta property=\"og:url\" content=\"https:\/\/www.robertzueblin.com\/es\/jean-marie-maure-y-alfred-lebret\/jarron-con-peces-con-varias-aberturas-ceramica-de-taller\/\" \/>\n<meta property=\"og:site_name\" content=\"ROBERT Z\u00dcBLIN\" \/>\n<meta property=\"article:modified_time\" content=\"2023-04-28T15:54:40+00:00\" \/>\n<meta property=\"og:image\" content=\"https:\/\/www.robertzueblin.com\/wp-content\/uploads\/maure-lebret-ceramica-taller-jarron-peces-foto-titulo.jpg\" \/>\n\t<meta property=\"og:image:width\" content=\"1000\" \/>\n\t<meta property=\"og:image:height\" content=\"1000\" \/>\n\t<meta property=\"og:image:type\" content=\"image\/jpeg\" \/>\n<meta name=\"twitter:card\" content=\"summary_large_image\" \/>\n<script type=\"application\/ld+json\" class=\"yoast-schema-graph\">{\"@context\":\"https:\\\/\\\/schema.org\",\"@graph\":[{\"@type\":\"WebPage\",\"@id\":\"https:\\\/\\\/www.robertzueblin.com\\\/es\\\/jean-marie-maure-y-alfred-lebret\\\/jarron-con-peces-con-varias-aberturas-ceramica-de-taller\\\/\",\"url\":\"https:\\\/\\\/www.robertzueblin.com\\\/es\\\/jean-marie-maure-y-alfred-lebret\\\/jarron-con-peces-con-varias-aberturas-ceramica-de-taller\\\/\",\"name\":\"J.M. Maure y A. Lebret - Jarr\u00f3n con peces con varias aberturas\",\"isPartOf\":{\"@id\":\"https:\\\/\\\/www.robertzueblin.com\\\/es\\\/#website\"},\"primaryImageOfPage\":{\"@id\":\"https:\\\/\\\/www.robertzueblin.com\\\/es\\\/jean-marie-maure-y-alfred-lebret\\\/jarron-con-peces-con-varias-aberturas-ceramica-de-taller\\\/#primaryimage\"},\"image\":{\"@id\":\"https:\\\/\\\/www.robertzueblin.com\\\/es\\\/jean-marie-maure-y-alfred-lebret\\\/jarron-con-peces-con-varias-aberturas-ceramica-de-taller\\\/#primaryimage\"},\"thumbnailUrl\":\"https:\\\/\\\/www.robertzueblin.com\\\/wp-content\\\/uploads\\\/maure-lebret-ceramica-taller-jarron-peces-foto-titulo.jpg\",\"datePublished\":\"2023-04-28T15:54:24+00:00\",\"dateModified\":\"2023-04-28T15:54:40+00:00\",\"breadcrumb\":{\"@id\":\"https:\\\/\\\/www.robertzueblin.com\\\/es\\\/jean-marie-maure-y-alfred-lebret\\\/jarron-con-peces-con-varias-aberturas-ceramica-de-taller\\\/#breadcrumb\"},\"inLanguage\":\"es\",\"potentialAction\":[{\"@type\":\"ReadAction\",\"target\":[\"https:\\\/\\\/www.robertzueblin.com\\\/es\\\/jean-marie-maure-y-alfred-lebret\\\/jarron-con-peces-con-varias-aberturas-ceramica-de-taller\\\/\"]}]},{\"@type\":\"ImageObject\",\"inLanguage\":\"es\",\"@id\":\"https:\\\/\\\/www.robertzueblin.com\\\/es\\\/jean-marie-maure-y-alfred-lebret\\\/jarron-con-peces-con-varias-aberturas-ceramica-de-taller\\\/#primaryimage\",\"url\":\"https:\\\/\\\/www.robertzueblin.com\\\/wp-content\\\/uploads\\\/maure-lebret-ceramica-taller-jarron-peces-foto-titulo.jpg\",\"contentUrl\":\"https:\\\/\\\/www.robertzueblin.com\\\/wp-content\\\/uploads\\\/maure-lebret-ceramica-taller-jarron-peces-foto-titulo.jpg\",\"width\":1000,\"height\":1000},{\"@type\":\"BreadcrumbList\",\"@id\":\"https:\\\/\\\/www.robertzueblin.com\\\/es\\\/jean-marie-maure-y-alfred-lebret\\\/jarron-con-peces-con-varias-aberturas-ceramica-de-taller\\\/#breadcrumb\",\"itemListElement\":[{\"@type\":\"ListItem\",\"position\":1,\"name\":\"Startseite\",\"item\":\"https:\\\/\\\/www.robertzueblin.com\\\/es\\\/\"},{\"@type\":\"ListItem\",\"position\":2,\"name\":\"Galer\u00eda de arte online (tienda online)\",\"item\":\"https:\\\/\\\/www.robertzueblin.com\\\/es\\\/galeria-de-arte-online\\\/\"},{\"@type\":\"ListItem\",\"position\":3,\"name\":\"J.M. Maure y A. Lebret (* 1871, \u2020 1955) &#8211; Jarr\u00f3n con peces con varias aberturas &#8211; cer\u00e1mica de taller\"}]},{\"@type\":\"WebSite\",\"@id\":\"https:\\\/\\\/www.robertzueblin.com\\\/es\\\/#website\",\"url\":\"https:\\\/\\\/www.robertzueblin.com\\\/es\\\/\",\"name\":\"ROBERT Z\u00dcBLIN\",\"description\":\"\",\"publisher\":{\"@id\":\"https:\\\/\\\/www.robertzueblin.com\\\/es\\\/#organization\"},\"potentialAction\":[{\"@type\":\"SearchAction\",\"target\":{\"@type\":\"EntryPoint\",\"urlTemplate\":\"https:\\\/\\\/www.robertzueblin.com\\\/es\\\/?s={search_term_string}\"},\"query-input\":{\"@type\":\"PropertyValueSpecification\",\"valueRequired\":true,\"valueName\":\"search_term_string\"}}],\"inLanguage\":\"es\"},{\"@type\":\"Organization\",\"@id\":\"https:\\\/\\\/www.robertzueblin.com\\\/es\\\/#organization\",\"name\":\"ROBERT Z\u00dcBLIN\",\"url\":\"https:\\\/\\\/www.robertzueblin.com\\\/es\\\/\",\"logo\":{\"@type\":\"ImageObject\",\"inLanguage\":\"es\",\"@id\":\"https:\\\/\\\/www.robertzueblin.com\\\/es\\\/#\\\/schema\\\/logo\\\/image\\\/\",\"url\":\"https:\\\/\\\/www.robertzueblin.com\\\/wp-content\\\/uploads\\\/cropped-cropped-logo-von-robert-zueblin.jpg\",\"contentUrl\":\"https:\\\/\\\/www.robertzueblin.com\\\/wp-content\\\/uploads\\\/cropped-cropped-logo-von-robert-zueblin.jpg\",\"width\":440,\"height\":60,\"caption\":\"ROBERT Z\u00dcBLIN\"},\"image\":{\"@id\":\"https:\\\/\\\/www.robertzueblin.com\\\/es\\\/#\\\/schema\\\/logo\\\/image\\\/\"}}]}<\/script>\n<!-- \/ Yoast SEO plugin. -->","yoast_head_json":{"title":"J.M. Maure y A. Lebret - Jarr\u00f3n con peces con varias aberturas","robots":{"index":"index","follow":"follow","max-snippet":"max-snippet:-1","max-image-preview":"max-image-preview:large","max-video-preview":"max-video-preview:-1"},"canonical":"https:\/\/www.robertzueblin.com\/es\/jean-marie-maure-y-alfred-lebret\/jarron-con-peces-con-varias-aberturas-ceramica-de-taller\/","og_locale":"es_ES","og_type":"article","og_title":"J.M. Maure y A. Lebret - Jarr\u00f3n con peces con varias aberturas","og_description":"Tipo: cer\u00e1mica de taller Dise\u00f1o: Alfred Lebret Ejecuci\u00f3n: Jean-Marie Maure y Alfred Lebret, La Poterie des Ligers Objeto: jarr\u00f3n Dimensiones: altura: 20 cm, anchura: 16 cm Cuerpo: claro Superficie: azul, marr\u00f3n, blanco y celad\u00f3n A\u00f1o de producci\u00f3n: probablemente en torno a 1920 Estado: intacto Firma\/marca: Marca con \u00abGres Artistique, J.M. Maure\u00bb, y firmado por Lebret.","og_url":"https:\/\/www.robertzueblin.com\/es\/jean-marie-maure-y-alfred-lebret\/jarron-con-peces-con-varias-aberturas-ceramica-de-taller\/","og_site_name":"ROBERT Z\u00dcBLIN","article_modified_time":"2023-04-28T15:54:40+00:00","og_image":[{"width":1000,"height":1000,"url":"https:\/\/www.robertzueblin.com\/wp-content\/uploads\/maure-lebret-ceramica-taller-jarron-peces-foto-titulo.jpg","type":"image\/jpeg"}],"twitter_card":"summary_large_image","schema":{"@context":"https:\/\/schema.org","@graph":[{"@type":"WebPage","@id":"https:\/\/www.robertzueblin.com\/es\/jean-marie-maure-y-alfred-lebret\/jarron-con-peces-con-varias-aberturas-ceramica-de-taller\/","url":"https:\/\/www.robertzueblin.com\/es\/jean-marie-maure-y-alfred-lebret\/jarron-con-peces-con-varias-aberturas-ceramica-de-taller\/","name":"J.M. Maure y A. Lebret - Jarr\u00f3n con peces con varias aberturas","isPartOf":{"@id":"https:\/\/www.robertzueblin.com\/es\/#website"},"primaryImageOfPage":{"@id":"https:\/\/www.robertzueblin.com\/es\/jean-marie-maure-y-alfred-lebret\/jarron-con-peces-con-varias-aberturas-ceramica-de-taller\/#primaryimage"},"image":{"@id":"https:\/\/www.robertzueblin.com\/es\/jean-marie-maure-y-alfred-lebret\/jarron-con-peces-con-varias-aberturas-ceramica-de-taller\/#primaryimage"},"thumbnailUrl":"https:\/\/www.robertzueblin.com\/wp-content\/uploads\/maure-lebret-ceramica-taller-jarron-peces-foto-titulo.jpg","datePublished":"2023-04-28T15:54:24+00:00","dateModified":"2023-04-28T15:54:40+00:00","breadcrumb":{"@id":"https:\/\/www.robertzueblin.com\/es\/jean-marie-maure-y-alfred-lebret\/jarron-con-peces-con-varias-aberturas-ceramica-de-taller\/#breadcrumb"},"inLanguage":"es","potentialAction":[{"@type":"ReadAction","target":["https:\/\/www.robertzueblin.com\/es\/jean-marie-maure-y-alfred-lebret\/jarron-con-peces-con-varias-aberturas-ceramica-de-taller\/"]}]},{"@type":"ImageObject","inLanguage":"es","@id":"https:\/\/www.robertzueblin.com\/es\/jean-marie-maure-y-alfred-lebret\/jarron-con-peces-con-varias-aberturas-ceramica-de-taller\/#primaryimage","url":"https:\/\/www.robertzueblin.com\/wp-content\/uploads\/maure-lebret-ceramica-taller-jarron-peces-foto-titulo.jpg","contentUrl":"https:\/\/www.robertzueblin.com\/wp-content\/uploads\/maure-lebret-ceramica-taller-jarron-peces-foto-titulo.jpg","width":1000,"height":1000},{"@type":"BreadcrumbList","@id":"https:\/\/www.robertzueblin.com\/es\/jean-marie-maure-y-alfred-lebret\/jarron-con-peces-con-varias-aberturas-ceramica-de-taller\/#breadcrumb","itemListElement":[{"@type":"ListItem","position":1,"name":"Startseite","item":"https:\/\/www.robertzueblin.com\/es\/"},{"@type":"ListItem","position":2,"name":"Galer\u00eda de arte online (tienda online)","item":"https:\/\/www.robertzueblin.com\/es\/galeria-de-arte-online\/"},{"@type":"ListItem","position":3,"name":"J.M. Maure y A. Lebret (* 1871, \u2020 1955) &#8211; Jarr\u00f3n con peces con varias aberturas &#8211; cer\u00e1mica de taller"}]},{"@type":"WebSite","@id":"https:\/\/www.robertzueblin.com\/es\/#website","url":"https:\/\/www.robertzueblin.com\/es\/","name":"ROBERT Z\u00dcBLIN","description":"","publisher":{"@id":"https:\/\/www.robertzueblin.com\/es\/#organization"},"potentialAction":[{"@type":"SearchAction","target":{"@type":"EntryPoint","urlTemplate":"https:\/\/www.robertzueblin.com\/es\/?s={search_term_string}"},"query-input":{"@type":"PropertyValueSpecification","valueRequired":true,"valueName":"search_term_string"}}],"inLanguage":"es"},{"@type":"Organization","@id":"https:\/\/www.robertzueblin.com\/es\/#organization","name":"ROBERT Z\u00dcBLIN","url":"https:\/\/www.robertzueblin.com\/es\/","logo":{"@type":"ImageObject","inLanguage":"es","@id":"https:\/\/www.robertzueblin.com\/es\/#\/schema\/logo\/image\/","url":"https:\/\/www.robertzueblin.com\/wp-content\/uploads\/cropped-cropped-logo-von-robert-zueblin.jpg","contentUrl":"https:\/\/www.robertzueblin.com\/wp-content\/uploads\/cropped-cropped-logo-von-robert-zueblin.jpg","width":440,"height":60,"caption":"ROBERT Z\u00dcBLIN"},"image":{"@id":"https:\/\/www.robertzueblin.com\/es\/#\/schema\/logo\/image\/"}}]}},"_links":{"self":[{"href":"https:\/\/www.robertzueblin.com\/es\/wp-json\/wp\/v2\/product\/32279","targetHints":{"allow":["GET"]}}],"collection":[{"href":"https:\/\/www.robertzueblin.com\/es\/wp-json\/wp\/v2\/product"}],"about":[{"href":"https:\/\/www.robertzueblin.com\/es\/wp-json\/wp\/v2\/types\/product"}],"wp:featuredmedia":[{"embeddable":true,"href":"https:\/\/www.robertzueblin.com\/es\/wp-json\/wp\/v2\/media\/32283"}],"wp:attachment":[{"href":"https:\/\/www.robertzueblin.com\/es\/wp-json\/wp\/v2\/media?parent=32279"}],"wp:term":[{"taxonomy":"product_brand","embeddable":true,"href":"https:\/\/www.robertzueblin.com\/es\/wp-json\/wp\/v2\/product_brand?post=32279"},{"taxonomy":"product_cat","embeddable":true,"href":"https:\/\/www.robertzueblin.com\/es\/wp-json\/wp\/v2\/product_cat?post=32279"},{"taxonomy":"product_tag","embeddable":true,"href":"https:\/\/www.robertzueblin.com\/es\/wp-json\/wp\/v2\/product_tag?post=32279"}],"curies":[{"name":"wp","href":"https:\/\/api.w.org\/{rel}","templated":true}]}}