{"id":3148,"date":"2021-09-25T17:45:33","date_gmt":"2021-12-03T09:22:09","guid":{"rendered":"https:\/\/www.robertzueblin.com\/?post_type=product&#038;p=3148"},"modified":"2023-01-06T12:55:11","modified_gmt":"2023-01-06T11:55:11","slug":"karl-juettner-1921-%e2%80%a0-2006-jarron-con-estructura","status":"publish","type":"product","link":"https:\/\/www.robertzueblin.com\/es\/karl-juettner\/jarron-con-estructura\/","title":{"rendered":"Karl J\u00dcTTNER (* 1921, \u2020 2006) \u2013 Jarr\u00f3n con estructura &#8211; cer\u00e1mica de taller"},"content":{"rendered":"<p><span style=\"font-family: AkkoPro-BoldCondensed!important\">Tipo:<\/span> <a href=\"https:\/\/www.robertzueblin.com\/es\/tipo\/ceramica-artistica-ceramica-artesanal-ceramica-de-taller\/\">cer\u00e1mica de taller<\/a><\/p>\n<p><span style=\"font-family: AkkoPro-BoldCondensed!important\">Dise\u00f1o:<\/span> Karl J\u00fcttner (* 1921, \u2020 2006)<\/p>\n<p><span style=\"font-family: AkkoPro-BoldCondensed!important\">Ejecuci\u00f3n:<\/span> Taller de Karl J\u00fcttner<\/p>\n<p><span style=\"font-family: AkkoPro-BoldCondensed!important\">Objeto:<\/span> jarr\u00f3n<\/p>\n<p><span style=\"font-family: AkkoPro-BoldCondensed!important\">Dimensiones:<\/span> altura: 16,5 cm, anchura: 16 cm<\/p>\n<p><span style=\"font-family: AkkoPro-BoldCondensed!important\">Cuerpo:<\/span> marr\u00f3n oscuro<\/p>\n<p><span style=\"font-family: AkkoPro-BoldCondensed!important\">Superficie:<\/span> verde, negro, gris, beige<\/p>\n<p><span style=\"font-family: AkkoPro-BoldCondensed!important\">Per\u00edodo de producci\u00f3n:<\/span> probablemente la d\u00e9cada de 1970<\/p>\n<p><span style=\"font-family: AkkoPro-BoldCondensed!important\">Estado:<\/span> sin da\u00f1os<\/p>\n<p><span style=\"font-family: AkkoPro-BoldCondensed!important\">Firma\/marca:<\/span> Hombrecillo con letras \u00abJUE\u00bb<\/p>\n<p><span style=\"font-family: AkkoPro-BoldCondensed!important\">Detalles:<\/span> Precioso jarr\u00f3n compacto de cer\u00e1mica del taller de Karl J\u00fcttner, s\u00f3lo parcialmente esmaltado. En el centro, el jarr\u00f3n tiene una estructura sin esmaltar. El jarr\u00f3n se fabric\u00f3 probablemente en la d\u00e9cada de 1970.<\/p>\n","protected":false},"excerpt":{"rendered":"<p>Tipo: cer\u00e1mica de taller Dise\u00f1o: Karl J\u00fcttner (* 1921, \u2020 2006) Ejecuci\u00f3n: Taller de Karl J\u00fcttner Objeto: jarr\u00f3n Dimensiones: altura: 16,5 cm, anchura: 16 cm Cuerpo: marr\u00f3n oscuro Superficie: verde, negro, gris, beige Per\u00edodo de producci\u00f3n: probablemente la d\u00e9cada de 1970 Estado: sin da\u00f1os Firma\/marca: Hombrecillo con letras \u00abJUE\u00bb Detalles: Precioso jarr\u00f3n compacto de cer\u00e1mica [&hellip;]<\/p>\n","protected":false},"featured_media":2808,"template":"","meta":[],"product_brand":[],"product_cat":[191],"product_tag":[],"class_list":{"0":"post-3148","1":"product","2":"type-product","3":"status-publish","4":"has-post-thumbnail","6":"product_cat-karl-juettner","8":"first","9":"instock","10":"sold-individually","11":"shipping-taxable","12":"purchasable","13":"product-type-simple"},"yoast_head":"<!-- This site is optimized with the Yoast SEO plugin v27.4 - https:\/\/yoast.com\/product\/yoast-seo-wordpress\/ -->\n<title>Karl J\u00dcTTNER - Jarr\u00f3n con estructura - cer\u00e1mica de taller<\/title>\n<meta name=\"description\" content=\"Cer\u00e1mica de la RDA: Jarr\u00f3n de cer\u00e1mica de taller con estructura del ceramista Karl J\u00fcttner, que fue miembro del grupo de artistas de Saalfeld.\" \/>\n<meta name=\"robots\" content=\"index, follow, max-snippet:-1, max-image-preview:large, max-video-preview:-1\" \/>\n<link rel=\"canonical\" href=\"https:\/\/www.robertzueblin.com\/es\/karl-juettner\/jarron-con-estructura\/\" \/>\n<meta property=\"og:locale\" content=\"es_ES\" \/>\n<meta property=\"og:type\" content=\"article\" \/>\n<meta property=\"og:title\" content=\"Karl J\u00dcTTNER - Jarr\u00f3n con estructura - cer\u00e1mica de taller\" \/>\n<meta property=\"og:description\" content=\"Cer\u00e1mica de la RDA: Jarr\u00f3n de cer\u00e1mica de taller con estructura del ceramista Karl J\u00fcttner, que fue miembro del grupo de artistas de Saalfeld.\" \/>\n<meta property=\"og:url\" content=\"https:\/\/www.robertzueblin.com\/es\/karl-juettner\/jarron-con-estructura\/\" \/>\n<meta property=\"og:site_name\" content=\"ROBERT Z\u00dcBLIN\" \/>\n<meta property=\"article:modified_time\" content=\"2023-01-06T11:55:11+00:00\" \/>\n<meta property=\"og:image\" content=\"https:\/\/www.robertzueblin.com\/wp-content\/uploads\/karl-juettner-ceramica-de-taller-jarron-estructura-foto-titulo.jpg\" \/>\n\t<meta property=\"og:image:width\" content=\"1000\" \/>\n\t<meta property=\"og:image:height\" content=\"1000\" \/>\n\t<meta property=\"og:image:type\" content=\"image\/jpeg\" \/>\n<meta name=\"twitter:card\" content=\"summary_large_image\" \/>\n<script type=\"application\/ld+json\" class=\"yoast-schema-graph\">{\"@context\":\"https:\\\/\\\/schema.org\",\"@graph\":[{\"@type\":\"WebPage\",\"@id\":\"https:\\\/\\\/www.robertzueblin.com\\\/es\\\/karl-juettner\\\/jarron-con-estructura\\\/\",\"url\":\"https:\\\/\\\/www.robertzueblin.com\\\/es\\\/karl-juettner\\\/jarron-con-estructura\\\/\",\"name\":\"Karl J\u00dcTTNER - Jarr\u00f3n con estructura - cer\u00e1mica de taller\",\"isPartOf\":{\"@id\":\"https:\\\/\\\/www.robertzueblin.com\\\/es\\\/#website\"},\"primaryImageOfPage\":{\"@id\":\"https:\\\/\\\/www.robertzueblin.com\\\/es\\\/karl-juettner\\\/jarron-con-estructura\\\/#primaryimage\"},\"image\":{\"@id\":\"https:\\\/\\\/www.robertzueblin.com\\\/es\\\/karl-juettner\\\/jarron-con-estructura\\\/#primaryimage\"},\"thumbnailUrl\":\"https:\\\/\\\/www.robertzueblin.com\\\/wp-content\\\/uploads\\\/karl-juettner-ceramica-de-taller-jarron-estructura-foto-titulo.jpg\",\"datePublished\":\"2021-12-03T09:22:09+00:00\",\"dateModified\":\"2023-01-06T11:55:11+00:00\",\"description\":\"Cer\u00e1mica de la RDA: Jarr\u00f3n de cer\u00e1mica de taller con estructura del ceramista Karl J\u00fcttner, que fue miembro del grupo de artistas de Saalfeld.\",\"breadcrumb\":{\"@id\":\"https:\\\/\\\/www.robertzueblin.com\\\/es\\\/karl-juettner\\\/jarron-con-estructura\\\/#breadcrumb\"},\"inLanguage\":\"es\",\"potentialAction\":[{\"@type\":\"ReadAction\",\"target\":[\"https:\\\/\\\/www.robertzueblin.com\\\/es\\\/karl-juettner\\\/jarron-con-estructura\\\/\"]}]},{\"@type\":\"ImageObject\",\"inLanguage\":\"es\",\"@id\":\"https:\\\/\\\/www.robertzueblin.com\\\/es\\\/karl-juettner\\\/jarron-con-estructura\\\/#primaryimage\",\"url\":\"https:\\\/\\\/www.robertzueblin.com\\\/wp-content\\\/uploads\\\/karl-juettner-ceramica-de-taller-jarron-estructura-foto-titulo.jpg\",\"contentUrl\":\"https:\\\/\\\/www.robertzueblin.com\\\/wp-content\\\/uploads\\\/karl-juettner-ceramica-de-taller-jarron-estructura-foto-titulo.jpg\",\"width\":1000,\"height\":1000},{\"@type\":\"BreadcrumbList\",\"@id\":\"https:\\\/\\\/www.robertzueblin.com\\\/es\\\/karl-juettner\\\/jarron-con-estructura\\\/#breadcrumb\",\"itemListElement\":[{\"@type\":\"ListItem\",\"position\":1,\"name\":\"Startseite\",\"item\":\"https:\\\/\\\/www.robertzueblin.com\\\/es\\\/\"},{\"@type\":\"ListItem\",\"position\":2,\"name\":\"Galer\u00eda de arte online (tienda online)\",\"item\":\"https:\\\/\\\/www.robertzueblin.com\\\/es\\\/galeria-de-arte-online\\\/\"},{\"@type\":\"ListItem\",\"position\":3,\"name\":\"Karl J\u00dcTTNER (* 1921, \u2020 2006) \u2013 Jarr\u00f3n con estructura &#8211; cer\u00e1mica de taller\"}]},{\"@type\":\"WebSite\",\"@id\":\"https:\\\/\\\/www.robertzueblin.com\\\/es\\\/#website\",\"url\":\"https:\\\/\\\/www.robertzueblin.com\\\/es\\\/\",\"name\":\"ROBERT Z\u00dcBLIN\",\"description\":\"\",\"publisher\":{\"@id\":\"https:\\\/\\\/www.robertzueblin.com\\\/es\\\/#organization\"},\"potentialAction\":[{\"@type\":\"SearchAction\",\"target\":{\"@type\":\"EntryPoint\",\"urlTemplate\":\"https:\\\/\\\/www.robertzueblin.com\\\/es\\\/?s={search_term_string}\"},\"query-input\":{\"@type\":\"PropertyValueSpecification\",\"valueRequired\":true,\"valueName\":\"search_term_string\"}}],\"inLanguage\":\"es\"},{\"@type\":\"Organization\",\"@id\":\"https:\\\/\\\/www.robertzueblin.com\\\/es\\\/#organization\",\"name\":\"ROBERT Z\u00dcBLIN\",\"url\":\"https:\\\/\\\/www.robertzueblin.com\\\/es\\\/\",\"logo\":{\"@type\":\"ImageObject\",\"inLanguage\":\"es\",\"@id\":\"https:\\\/\\\/www.robertzueblin.com\\\/es\\\/#\\\/schema\\\/logo\\\/image\\\/\",\"url\":\"https:\\\/\\\/www.robertzueblin.com\\\/wp-content\\\/uploads\\\/cropped-cropped-logo-von-robert-zueblin.jpg\",\"contentUrl\":\"https:\\\/\\\/www.robertzueblin.com\\\/wp-content\\\/uploads\\\/cropped-cropped-logo-von-robert-zueblin.jpg\",\"width\":440,\"height\":60,\"caption\":\"ROBERT Z\u00dcBLIN\"},\"image\":{\"@id\":\"https:\\\/\\\/www.robertzueblin.com\\\/es\\\/#\\\/schema\\\/logo\\\/image\\\/\"}}]}<\/script>\n<!-- \/ Yoast SEO plugin. -->","yoast_head_json":{"title":"Karl J\u00dcTTNER - Jarr\u00f3n con estructura - cer\u00e1mica de taller","description":"Cer\u00e1mica de la RDA: Jarr\u00f3n de cer\u00e1mica de taller con estructura del ceramista Karl J\u00fcttner, que fue miembro del grupo de artistas de Saalfeld.","robots":{"index":"index","follow":"follow","max-snippet":"max-snippet:-1","max-image-preview":"max-image-preview:large","max-video-preview":"max-video-preview:-1"},"canonical":"https:\/\/www.robertzueblin.com\/es\/karl-juettner\/jarron-con-estructura\/","og_locale":"es_ES","og_type":"article","og_title":"Karl J\u00dcTTNER - Jarr\u00f3n con estructura - cer\u00e1mica de taller","og_description":"Cer\u00e1mica de la RDA: Jarr\u00f3n de cer\u00e1mica de taller con estructura del ceramista Karl J\u00fcttner, que fue miembro del grupo de artistas de Saalfeld.","og_url":"https:\/\/www.robertzueblin.com\/es\/karl-juettner\/jarron-con-estructura\/","og_site_name":"ROBERT Z\u00dcBLIN","article_modified_time":"2023-01-06T11:55:11+00:00","og_image":[{"width":1000,"height":1000,"url":"https:\/\/www.robertzueblin.com\/wp-content\/uploads\/karl-juettner-ceramica-de-taller-jarron-estructura-foto-titulo.jpg","type":"image\/jpeg"}],"twitter_card":"summary_large_image","schema":{"@context":"https:\/\/schema.org","@graph":[{"@type":"WebPage","@id":"https:\/\/www.robertzueblin.com\/es\/karl-juettner\/jarron-con-estructura\/","url":"https:\/\/www.robertzueblin.com\/es\/karl-juettner\/jarron-con-estructura\/","name":"Karl J\u00dcTTNER - Jarr\u00f3n con estructura - cer\u00e1mica de taller","isPartOf":{"@id":"https:\/\/www.robertzueblin.com\/es\/#website"},"primaryImageOfPage":{"@id":"https:\/\/www.robertzueblin.com\/es\/karl-juettner\/jarron-con-estructura\/#primaryimage"},"image":{"@id":"https:\/\/www.robertzueblin.com\/es\/karl-juettner\/jarron-con-estructura\/#primaryimage"},"thumbnailUrl":"https:\/\/www.robertzueblin.com\/wp-content\/uploads\/karl-juettner-ceramica-de-taller-jarron-estructura-foto-titulo.jpg","datePublished":"2021-12-03T09:22:09+00:00","dateModified":"2023-01-06T11:55:11+00:00","description":"Cer\u00e1mica de la RDA: Jarr\u00f3n de cer\u00e1mica de taller con estructura del ceramista Karl J\u00fcttner, que fue miembro del grupo de artistas de Saalfeld.","breadcrumb":{"@id":"https:\/\/www.robertzueblin.com\/es\/karl-juettner\/jarron-con-estructura\/#breadcrumb"},"inLanguage":"es","potentialAction":[{"@type":"ReadAction","target":["https:\/\/www.robertzueblin.com\/es\/karl-juettner\/jarron-con-estructura\/"]}]},{"@type":"ImageObject","inLanguage":"es","@id":"https:\/\/www.robertzueblin.com\/es\/karl-juettner\/jarron-con-estructura\/#primaryimage","url":"https:\/\/www.robertzueblin.com\/wp-content\/uploads\/karl-juettner-ceramica-de-taller-jarron-estructura-foto-titulo.jpg","contentUrl":"https:\/\/www.robertzueblin.com\/wp-content\/uploads\/karl-juettner-ceramica-de-taller-jarron-estructura-foto-titulo.jpg","width":1000,"height":1000},{"@type":"BreadcrumbList","@id":"https:\/\/www.robertzueblin.com\/es\/karl-juettner\/jarron-con-estructura\/#breadcrumb","itemListElement":[{"@type":"ListItem","position":1,"name":"Startseite","item":"https:\/\/www.robertzueblin.com\/es\/"},{"@type":"ListItem","position":2,"name":"Galer\u00eda de arte online (tienda online)","item":"https:\/\/www.robertzueblin.com\/es\/galeria-de-arte-online\/"},{"@type":"ListItem","position":3,"name":"Karl J\u00dcTTNER (* 1921, \u2020 2006) \u2013 Jarr\u00f3n con estructura &#8211; cer\u00e1mica de taller"}]},{"@type":"WebSite","@id":"https:\/\/www.robertzueblin.com\/es\/#website","url":"https:\/\/www.robertzueblin.com\/es\/","name":"ROBERT Z\u00dcBLIN","description":"","publisher":{"@id":"https:\/\/www.robertzueblin.com\/es\/#organization"},"potentialAction":[{"@type":"SearchAction","target":{"@type":"EntryPoint","urlTemplate":"https:\/\/www.robertzueblin.com\/es\/?s={search_term_string}"},"query-input":{"@type":"PropertyValueSpecification","valueRequired":true,"valueName":"search_term_string"}}],"inLanguage":"es"},{"@type":"Organization","@id":"https:\/\/www.robertzueblin.com\/es\/#organization","name":"ROBERT Z\u00dcBLIN","url":"https:\/\/www.robertzueblin.com\/es\/","logo":{"@type":"ImageObject","inLanguage":"es","@id":"https:\/\/www.robertzueblin.com\/es\/#\/schema\/logo\/image\/","url":"https:\/\/www.robertzueblin.com\/wp-content\/uploads\/cropped-cropped-logo-von-robert-zueblin.jpg","contentUrl":"https:\/\/www.robertzueblin.com\/wp-content\/uploads\/cropped-cropped-logo-von-robert-zueblin.jpg","width":440,"height":60,"caption":"ROBERT Z\u00dcBLIN"},"image":{"@id":"https:\/\/www.robertzueblin.com\/es\/#\/schema\/logo\/image\/"}}]}},"_links":{"self":[{"href":"https:\/\/www.robertzueblin.com\/es\/wp-json\/wp\/v2\/product\/3148","targetHints":{"allow":["GET"]}}],"collection":[{"href":"https:\/\/www.robertzueblin.com\/es\/wp-json\/wp\/v2\/product"}],"about":[{"href":"https:\/\/www.robertzueblin.com\/es\/wp-json\/wp\/v2\/types\/product"}],"wp:featuredmedia":[{"embeddable":true,"href":"https:\/\/www.robertzueblin.com\/es\/wp-json\/wp\/v2\/media\/2808"}],"wp:attachment":[{"href":"https:\/\/www.robertzueblin.com\/es\/wp-json\/wp\/v2\/media?parent=3148"}],"wp:term":[{"taxonomy":"product_brand","embeddable":true,"href":"https:\/\/www.robertzueblin.com\/es\/wp-json\/wp\/v2\/product_brand?post=3148"},{"taxonomy":"product_cat","embeddable":true,"href":"https:\/\/www.robertzueblin.com\/es\/wp-json\/wp\/v2\/product_cat?post=3148"},{"taxonomy":"product_tag","embeddable":true,"href":"https:\/\/www.robertzueblin.com\/es\/wp-json\/wp\/v2\/product_tag?post=3148"}],"curies":[{"name":"wp","href":"https:\/\/api.w.org\/{rel}","templated":true}]}}