{"id":3146,"date":"2021-09-25T19:30:31","date_gmt":"2021-09-25T17:30:31","guid":{"rendered":"https:\/\/www.robertzueblin.com\/?post_type=product&#038;p=3146"},"modified":"2025-12-20T17:43:34","modified_gmt":"2025-12-20T16:43:34","slug":"richard-bampi-1896-%e2%80%a0-1965-pequeno-cuenco-amarillo-marron-y-verde","status":"publish","type":"product","link":"https:\/\/www.robertzueblin.com\/es\/richard-bampi\/pequeno-cuenco-amarillo-marron-y-verde\/","title":{"rendered":"Richard BAMPI (* 1896, \u2020 1965) &#8211; Peque\u00f1o cuenco (amarillo, marr\u00f3n y verde) &#8211; cer\u00e1mica de taller"},"content":{"rendered":"<p><span style=\"font-family: AkkoPro-BoldCondensed!important\">Tipo:<\/span> <a href=\"https:\/\/www.robertzueblin.com\/es\/tipo\/ceramica-artistica-ceramica-artesanal-ceramica-de-taller\/\">cer\u00e1mica de taller<\/a><\/p>\n<p><span style=\"font-family: AkkoPro-BoldCondensed!important\">Dise\u00f1o:<\/span> Richard Bampi (* 1896, \u2020 1965)<\/p>\n<p><span style=\"font-family: AkkoPro-BoldCondensed!important\">Ejecuci\u00f3n:<\/span> Manufactura de Faenza Richard Bampi, Kandern<\/p>\n<p><span style=\"font-family: AkkoPro-BoldCondensed!important\">Objeto:<\/span> taz\u00f3n<\/p>\n<p><span style=\"font-family: AkkoPro-BoldCondensed!important\">Dimensiones:<\/span> altura: 5 cm, di\u00e1metro: 7,5 cm<\/p>\n<p><span style=\"font-family: AkkoPro-BoldCondensed!important\">Cuerpo:<\/span> cuerpo blanco<\/p>\n<p><span style=\"font-family: AkkoPro-BoldCondensed!important\">Superficie:<\/span> esmalte mate verde, amarillo y marr\u00f3n<\/p>\n<p><span style=\"font-family: AkkoPro-BoldCondensed!important\">Fecha de producci\u00f3n:<\/span> 1956<\/p>\n<p><span style=\"font-family: AkkoPro-BoldCondensed!important\">Estado:<\/span> sin da\u00f1os<\/p>\n<p><span style=\"font-family: AkkoPro-BoldCondensed!important\">Firma\/marca:<\/span> Rb en un \u00f3valo <\/p>\n<p><span style=\"font-family: AkkoPro-BoldCondensed!important\">Detalles:<\/span><br \/>\nCuenco de cer\u00e1mica torneada de la f\u00e1brica de loza Richard Bampi, Kandern. El cuenco lleva el sello Rb. El cuenco fue fabricado en 1956 [1].<\/p>\n<p><em>Nota a pie de p\u00e1gina:<\/em><br \/>\n1 Sch\u00fcly, Maria: Ricahrd Bampi, Keramiker der Moderne, Arnoldsche, Stuttgart, 1993, p. 375<\/p>\n","protected":false},"excerpt":{"rendered":"<p>Tipo: cer\u00e1mica de taller Dise\u00f1o: Richard Bampi (* 1896, \u2020 1965) Ejecuci\u00f3n: Manufactura de Faenza Richard Bampi, Kandern Objeto: taz\u00f3n Dimensiones: altura: 5 cm, di\u00e1metro: 7,5 cm Cuerpo: cuerpo blanco Superficie: esmalte mate verde, amarillo y marr\u00f3n Fecha de producci\u00f3n: 1956 Estado: sin da\u00f1os Firma\/marca: Rb en un \u00f3valo Detalles: Cuenco de cer\u00e1mica torneada de [&hellip;]<\/p>\n","protected":false},"featured_media":2648,"template":"","meta":[],"product_brand":[],"product_cat":[200],"product_tag":[],"class_list":{"0":"post-3146","1":"product","2":"type-product","3":"status-publish","4":"has-post-thumbnail","6":"product_cat-richard-bampi","8":"first","9":"instock","10":"shipping-taxable","11":"purchasable","12":"product-type-simple"},"yoast_head":"<!-- This site is optimized with the Yoast SEO plugin v27.4 - https:\/\/yoast.com\/product\/yoast-seo-wordpress\/ -->\n<title>Richard BAMPI - Cuenco peque\u00f1o - cer\u00e1mica de taller<\/title>\n<meta name=\"description\" content=\"Peque\u00f1o cuenco del ceramista Richard Bampi con esmalte mate y arcilla muy finamente torneada. Fue uno de los mejores ceramistas de Alemania.\" \/>\n<meta name=\"robots\" content=\"index, follow, max-snippet:-1, max-image-preview:large, max-video-preview:-1\" \/>\n<link rel=\"canonical\" href=\"https:\/\/www.robertzueblin.com\/es\/richard-bampi\/pequeno-cuenco-amarillo-marron-y-verde\/\" \/>\n<meta property=\"og:locale\" content=\"es_ES\" \/>\n<meta property=\"og:type\" content=\"article\" \/>\n<meta property=\"og:title\" content=\"Richard BAMPI - Cuenco peque\u00f1o - cer\u00e1mica de taller\" \/>\n<meta property=\"og:description\" content=\"Peque\u00f1o cuenco del ceramista Richard Bampi con esmalte mate y arcilla muy finamente torneada. Fue uno de los mejores ceramistas de Alemania.\" \/>\n<meta property=\"og:url\" content=\"https:\/\/www.robertzueblin.com\/es\/richard-bampi\/pequeno-cuenco-amarillo-marron-y-verde\/\" \/>\n<meta property=\"og:site_name\" content=\"ROBERT Z\u00dcBLIN\" \/>\n<meta property=\"article:modified_time\" content=\"2025-12-20T16:43:34+00:00\" \/>\n<meta property=\"og:image\" content=\"https:\/\/www.robertzueblin.com\/wp-content\/uploads\/richard-bampi-ceramica-de-taller-pequeno-cuenco-amarillo-marron-verde-foto-titulo.jpg\" \/>\n\t<meta property=\"og:image:width\" content=\"1000\" \/>\n\t<meta property=\"og:image:height\" content=\"1000\" \/>\n\t<meta property=\"og:image:type\" content=\"image\/jpeg\" \/>\n<meta name=\"twitter:card\" content=\"summary_large_image\" \/>\n<script type=\"application\/ld+json\" class=\"yoast-schema-graph\">{\"@context\":\"https:\\\/\\\/schema.org\",\"@graph\":[{\"@type\":\"WebPage\",\"@id\":\"https:\\\/\\\/www.robertzueblin.com\\\/es\\\/richard-bampi\\\/pequeno-cuenco-amarillo-marron-y-verde\\\/\",\"url\":\"https:\\\/\\\/www.robertzueblin.com\\\/es\\\/richard-bampi\\\/pequeno-cuenco-amarillo-marron-y-verde\\\/\",\"name\":\"Richard BAMPI - Cuenco peque\u00f1o - cer\u00e1mica de taller\",\"isPartOf\":{\"@id\":\"https:\\\/\\\/www.robertzueblin.com\\\/es\\\/#website\"},\"primaryImageOfPage\":{\"@id\":\"https:\\\/\\\/www.robertzueblin.com\\\/es\\\/richard-bampi\\\/pequeno-cuenco-amarillo-marron-y-verde\\\/#primaryimage\"},\"image\":{\"@id\":\"https:\\\/\\\/www.robertzueblin.com\\\/es\\\/richard-bampi\\\/pequeno-cuenco-amarillo-marron-y-verde\\\/#primaryimage\"},\"thumbnailUrl\":\"https:\\\/\\\/www.robertzueblin.com\\\/wp-content\\\/uploads\\\/richard-bampi-ceramica-de-taller-pequeno-cuenco-amarillo-marron-verde-foto-titulo.jpg\",\"datePublished\":\"2021-09-25T17:30:31+00:00\",\"dateModified\":\"2025-12-20T16:43:34+00:00\",\"description\":\"Peque\u00f1o cuenco del ceramista Richard Bampi con esmalte mate y arcilla muy finamente torneada. Fue uno de los mejores ceramistas de Alemania.\",\"breadcrumb\":{\"@id\":\"https:\\\/\\\/www.robertzueblin.com\\\/es\\\/richard-bampi\\\/pequeno-cuenco-amarillo-marron-y-verde\\\/#breadcrumb\"},\"inLanguage\":\"es\",\"potentialAction\":[{\"@type\":\"ReadAction\",\"target\":[\"https:\\\/\\\/www.robertzueblin.com\\\/es\\\/richard-bampi\\\/pequeno-cuenco-amarillo-marron-y-verde\\\/\"]}]},{\"@type\":\"ImageObject\",\"inLanguage\":\"es\",\"@id\":\"https:\\\/\\\/www.robertzueblin.com\\\/es\\\/richard-bampi\\\/pequeno-cuenco-amarillo-marron-y-verde\\\/#primaryimage\",\"url\":\"https:\\\/\\\/www.robertzueblin.com\\\/wp-content\\\/uploads\\\/richard-bampi-ceramica-de-taller-pequeno-cuenco-amarillo-marron-verde-foto-titulo.jpg\",\"contentUrl\":\"https:\\\/\\\/www.robertzueblin.com\\\/wp-content\\\/uploads\\\/richard-bampi-ceramica-de-taller-pequeno-cuenco-amarillo-marron-verde-foto-titulo.jpg\",\"width\":1000,\"height\":1000},{\"@type\":\"BreadcrumbList\",\"@id\":\"https:\\\/\\\/www.robertzueblin.com\\\/es\\\/richard-bampi\\\/pequeno-cuenco-amarillo-marron-y-verde\\\/#breadcrumb\",\"itemListElement\":[{\"@type\":\"ListItem\",\"position\":1,\"name\":\"Startseite\",\"item\":\"https:\\\/\\\/www.robertzueblin.com\\\/es\\\/\"},{\"@type\":\"ListItem\",\"position\":2,\"name\":\"Galer\u00eda de arte online (tienda online)\",\"item\":\"https:\\\/\\\/www.robertzueblin.com\\\/es\\\/galeria-de-arte-online\\\/\"},{\"@type\":\"ListItem\",\"position\":3,\"name\":\"Richard BAMPI (* 1896, \u2020 1965) &#8211; Peque\u00f1o cuenco (amarillo, marr\u00f3n y verde) &#8211; cer\u00e1mica de taller\"}]},{\"@type\":\"WebSite\",\"@id\":\"https:\\\/\\\/www.robertzueblin.com\\\/es\\\/#website\",\"url\":\"https:\\\/\\\/www.robertzueblin.com\\\/es\\\/\",\"name\":\"ROBERT Z\u00dcBLIN\",\"description\":\"\",\"publisher\":{\"@id\":\"https:\\\/\\\/www.robertzueblin.com\\\/es\\\/#organization\"},\"potentialAction\":[{\"@type\":\"SearchAction\",\"target\":{\"@type\":\"EntryPoint\",\"urlTemplate\":\"https:\\\/\\\/www.robertzueblin.com\\\/es\\\/?s={search_term_string}\"},\"query-input\":{\"@type\":\"PropertyValueSpecification\",\"valueRequired\":true,\"valueName\":\"search_term_string\"}}],\"inLanguage\":\"es\"},{\"@type\":\"Organization\",\"@id\":\"https:\\\/\\\/www.robertzueblin.com\\\/es\\\/#organization\",\"name\":\"ROBERT Z\u00dcBLIN\",\"url\":\"https:\\\/\\\/www.robertzueblin.com\\\/es\\\/\",\"logo\":{\"@type\":\"ImageObject\",\"inLanguage\":\"es\",\"@id\":\"https:\\\/\\\/www.robertzueblin.com\\\/es\\\/#\\\/schema\\\/logo\\\/image\\\/\",\"url\":\"https:\\\/\\\/www.robertzueblin.com\\\/wp-content\\\/uploads\\\/cropped-cropped-logo-von-robert-zueblin.jpg\",\"contentUrl\":\"https:\\\/\\\/www.robertzueblin.com\\\/wp-content\\\/uploads\\\/cropped-cropped-logo-von-robert-zueblin.jpg\",\"width\":440,\"height\":60,\"caption\":\"ROBERT Z\u00dcBLIN\"},\"image\":{\"@id\":\"https:\\\/\\\/www.robertzueblin.com\\\/es\\\/#\\\/schema\\\/logo\\\/image\\\/\"}}]}<\/script>\n<!-- \/ Yoast SEO plugin. -->","yoast_head_json":{"title":"Richard BAMPI - Cuenco peque\u00f1o - cer\u00e1mica de taller","description":"Peque\u00f1o cuenco del ceramista Richard Bampi con esmalte mate y arcilla muy finamente torneada. Fue uno de los mejores ceramistas de Alemania.","robots":{"index":"index","follow":"follow","max-snippet":"max-snippet:-1","max-image-preview":"max-image-preview:large","max-video-preview":"max-video-preview:-1"},"canonical":"https:\/\/www.robertzueblin.com\/es\/richard-bampi\/pequeno-cuenco-amarillo-marron-y-verde\/","og_locale":"es_ES","og_type":"article","og_title":"Richard BAMPI - Cuenco peque\u00f1o - cer\u00e1mica de taller","og_description":"Peque\u00f1o cuenco del ceramista Richard Bampi con esmalte mate y arcilla muy finamente torneada. Fue uno de los mejores ceramistas de Alemania.","og_url":"https:\/\/www.robertzueblin.com\/es\/richard-bampi\/pequeno-cuenco-amarillo-marron-y-verde\/","og_site_name":"ROBERT Z\u00dcBLIN","article_modified_time":"2025-12-20T16:43:34+00:00","og_image":[{"width":1000,"height":1000,"url":"https:\/\/www.robertzueblin.com\/wp-content\/uploads\/richard-bampi-ceramica-de-taller-pequeno-cuenco-amarillo-marron-verde-foto-titulo.jpg","type":"image\/jpeg"}],"twitter_card":"summary_large_image","schema":{"@context":"https:\/\/schema.org","@graph":[{"@type":"WebPage","@id":"https:\/\/www.robertzueblin.com\/es\/richard-bampi\/pequeno-cuenco-amarillo-marron-y-verde\/","url":"https:\/\/www.robertzueblin.com\/es\/richard-bampi\/pequeno-cuenco-amarillo-marron-y-verde\/","name":"Richard BAMPI - Cuenco peque\u00f1o - cer\u00e1mica de taller","isPartOf":{"@id":"https:\/\/www.robertzueblin.com\/es\/#website"},"primaryImageOfPage":{"@id":"https:\/\/www.robertzueblin.com\/es\/richard-bampi\/pequeno-cuenco-amarillo-marron-y-verde\/#primaryimage"},"image":{"@id":"https:\/\/www.robertzueblin.com\/es\/richard-bampi\/pequeno-cuenco-amarillo-marron-y-verde\/#primaryimage"},"thumbnailUrl":"https:\/\/www.robertzueblin.com\/wp-content\/uploads\/richard-bampi-ceramica-de-taller-pequeno-cuenco-amarillo-marron-verde-foto-titulo.jpg","datePublished":"2021-09-25T17:30:31+00:00","dateModified":"2025-12-20T16:43:34+00:00","description":"Peque\u00f1o cuenco del ceramista Richard Bampi con esmalte mate y arcilla muy finamente torneada. Fue uno de los mejores ceramistas de Alemania.","breadcrumb":{"@id":"https:\/\/www.robertzueblin.com\/es\/richard-bampi\/pequeno-cuenco-amarillo-marron-y-verde\/#breadcrumb"},"inLanguage":"es","potentialAction":[{"@type":"ReadAction","target":["https:\/\/www.robertzueblin.com\/es\/richard-bampi\/pequeno-cuenco-amarillo-marron-y-verde\/"]}]},{"@type":"ImageObject","inLanguage":"es","@id":"https:\/\/www.robertzueblin.com\/es\/richard-bampi\/pequeno-cuenco-amarillo-marron-y-verde\/#primaryimage","url":"https:\/\/www.robertzueblin.com\/wp-content\/uploads\/richard-bampi-ceramica-de-taller-pequeno-cuenco-amarillo-marron-verde-foto-titulo.jpg","contentUrl":"https:\/\/www.robertzueblin.com\/wp-content\/uploads\/richard-bampi-ceramica-de-taller-pequeno-cuenco-amarillo-marron-verde-foto-titulo.jpg","width":1000,"height":1000},{"@type":"BreadcrumbList","@id":"https:\/\/www.robertzueblin.com\/es\/richard-bampi\/pequeno-cuenco-amarillo-marron-y-verde\/#breadcrumb","itemListElement":[{"@type":"ListItem","position":1,"name":"Startseite","item":"https:\/\/www.robertzueblin.com\/es\/"},{"@type":"ListItem","position":2,"name":"Galer\u00eda de arte online (tienda online)","item":"https:\/\/www.robertzueblin.com\/es\/galeria-de-arte-online\/"},{"@type":"ListItem","position":3,"name":"Richard BAMPI (* 1896, \u2020 1965) &#8211; Peque\u00f1o cuenco (amarillo, marr\u00f3n y verde) &#8211; cer\u00e1mica de taller"}]},{"@type":"WebSite","@id":"https:\/\/www.robertzueblin.com\/es\/#website","url":"https:\/\/www.robertzueblin.com\/es\/","name":"ROBERT Z\u00dcBLIN","description":"","publisher":{"@id":"https:\/\/www.robertzueblin.com\/es\/#organization"},"potentialAction":[{"@type":"SearchAction","target":{"@type":"EntryPoint","urlTemplate":"https:\/\/www.robertzueblin.com\/es\/?s={search_term_string}"},"query-input":{"@type":"PropertyValueSpecification","valueRequired":true,"valueName":"search_term_string"}}],"inLanguage":"es"},{"@type":"Organization","@id":"https:\/\/www.robertzueblin.com\/es\/#organization","name":"ROBERT Z\u00dcBLIN","url":"https:\/\/www.robertzueblin.com\/es\/","logo":{"@type":"ImageObject","inLanguage":"es","@id":"https:\/\/www.robertzueblin.com\/es\/#\/schema\/logo\/image\/","url":"https:\/\/www.robertzueblin.com\/wp-content\/uploads\/cropped-cropped-logo-von-robert-zueblin.jpg","contentUrl":"https:\/\/www.robertzueblin.com\/wp-content\/uploads\/cropped-cropped-logo-von-robert-zueblin.jpg","width":440,"height":60,"caption":"ROBERT Z\u00dcBLIN"},"image":{"@id":"https:\/\/www.robertzueblin.com\/es\/#\/schema\/logo\/image\/"}}]}},"_links":{"self":[{"href":"https:\/\/www.robertzueblin.com\/es\/wp-json\/wp\/v2\/product\/3146","targetHints":{"allow":["GET"]}}],"collection":[{"href":"https:\/\/www.robertzueblin.com\/es\/wp-json\/wp\/v2\/product"}],"about":[{"href":"https:\/\/www.robertzueblin.com\/es\/wp-json\/wp\/v2\/types\/product"}],"wp:featuredmedia":[{"embeddable":true,"href":"https:\/\/www.robertzueblin.com\/es\/wp-json\/wp\/v2\/media\/2648"}],"wp:attachment":[{"href":"https:\/\/www.robertzueblin.com\/es\/wp-json\/wp\/v2\/media?parent=3146"}],"wp:term":[{"taxonomy":"product_brand","embeddable":true,"href":"https:\/\/www.robertzueblin.com\/es\/wp-json\/wp\/v2\/product_brand?post=3146"},{"taxonomy":"product_cat","embeddable":true,"href":"https:\/\/www.robertzueblin.com\/es\/wp-json\/wp\/v2\/product_cat?post=3146"},{"taxonomy":"product_tag","embeddable":true,"href":"https:\/\/www.robertzueblin.com\/es\/wp-json\/wp\/v2\/product_tag?post=3146"}],"curies":[{"name":"wp","href":"https:\/\/api.w.org\/{rel}","templated":true}]}}