{"id":3137,"date":"2021-09-27T21:28:48","date_gmt":"2021-12-03T09:39:32","guid":{"rendered":"https:\/\/www.robertzueblin.com\/?post_type=product&#038;p=3137"},"modified":"2023-01-05T15:15:36","modified_gmt":"2023-01-05T14:15:36","slug":"richard-bampi-1896-%e2%80%a0-1965-pequeno-cuenco-con-esmalte-de-cristal","status":"publish","type":"product","link":"https:\/\/www.robertzueblin.com\/es\/richard-bampi\/pequeno-cuenco-con-esmalte-de-cristal\/","title":{"rendered":"Richard BAMPI (* 1896, \u2020 1965) &#8211; Peque\u00f1o cuenco con esmalte de cristal &#8211; cer\u00e1mica de taller"},"content":{"rendered":"<p><span style=\"font-family: AkkoPro-BoldCondensed!important\">Tipo:<\/span> <a href=\"https:\/\/www.robertzueblin.com\/es\/tipo\/ceramica-artistica-ceramica-artesanal-ceramica-de-taller\/\">cer\u00e1mica de taller<\/a><\/p>\n<p><span style=\"font-family: AkkoPro-BoldCondensed!important\">Dise\u00f1o:<\/span> Richard Bampi (* 1896, \u2020 1965)<\/p>\n<p><span style=\"font-family: AkkoPro-BoldCondensed!important\">Ejecuci\u00f3n:<\/span> Richard Bampi (* 1896, \u2020 1965)<\/p>\n<p><span style=\"font-family: AkkoPro-BoldCondensed!important\">Objeto:<\/span> cuenco peque\u00f1o<\/p>\n<p><span style=\"font-family: AkkoPro-BoldCondensed!important\">Dimensiones:<\/span> altura: 3 cm, anchura: 9 cm<\/p>\n<p><span style=\"font-family: AkkoPro-BoldCondensed!important\">Cuerpo:<\/span> cuerpo de color claro<\/p>\n<p><span style=\"font-family: AkkoPro-BoldCondensed!important\">Superficie:<\/span> verde, turquesa, azul, amarillo, dorado, marr\u00f3n, gris<\/p>\n<p><span style=\"font-family: AkkoPro-BoldCondensed!important\">A\u00f1o de producci\u00f3n:<\/span> alrededor de 1961<\/p>\n<p><span style=\"font-family: AkkoPro-BoldCondensed!important\">Estado:<\/span> sin da\u00f1os<\/p>\n<p><span style=\"font-family: AkkoPro-BoldCondensed!important\">Firma\/marca:<\/span> Rb en \u00f3valo y firmada a mano<\/p>\n<p><span style=\"font-family: AkkoPro-BoldCondensed!important\">Detalles:<\/span><br \/>\nEste peque\u00f1o cuenco de cer\u00e1mica de Richard Bampi tiene un expresivo esmalte de cristal. El esmalte cambia por partes de liso a mate. El cuenco est\u00e1 firmado a mano por Richard Bampi. Tambi\u00e9n lleva el sello \u00abRb in oval\u00bb. Una pieza con un esmalte similar est\u00e1 fechada en las fuentes bibliogr\u00e1ficas en 1961 [1].<\/p>\n<p><em>Nota a pie de p\u00e1gina:<\/em><br \/>\nVerein f\u00fcr keramische Kunst e.V., Keramion &#8211; Museum f\u00fcr zeitgen\u00f6ssische keramische Kunst (ed.): Kunst im Keramion, 19, Richard Bampi, Frechen 1981, pp. 124 y s.<\/p>\n","protected":false},"excerpt":{"rendered":"<p><span style=\"color: #e2401c\">&#x25cf;<\/span><span> vendido<\/span><\/p>\n","protected":false},"featured_media":2651,"template":"","meta":[],"product_brand":[],"product_cat":[200],"product_tag":[],"class_list":{"0":"post-3137","1":"product","2":"type-product","3":"status-publish","4":"has-post-thumbnail","6":"product_cat-richard-bampi","8":"first","9":"outofstock","10":"sold-individually","11":"shipping-taxable","12":"product-type-simple"},"yoast_head":"<!-- This site is optimized with the Yoast SEO plugin v27.4 - https:\/\/yoast.com\/product\/yoast-seo-wordpress\/ -->\n<title>Richard BAMPI - Cuenco peque\u00f1o con esmalte de cristal<\/title>\n<meta name=\"description\" content=\"Peque\u00f1o cuenco con esmalte de cristal del ceramista alem\u00e1n Richard Bampi (cer\u00e1mica de taller) alrededor de 1960; muy finamente torneado y firmado a mano.\" \/>\n<meta name=\"robots\" content=\"index, follow, max-snippet:-1, max-image-preview:large, max-video-preview:-1\" \/>\n<link rel=\"canonical\" href=\"https:\/\/www.robertzueblin.com\/es\/richard-bampi\/pequeno-cuenco-con-esmalte-de-cristal\/\" \/>\n<meta property=\"og:locale\" content=\"es_ES\" \/>\n<meta property=\"og:type\" content=\"article\" \/>\n<meta property=\"og:title\" content=\"Richard BAMPI - Cuenco peque\u00f1o con esmalte de cristal\" \/>\n<meta property=\"og:description\" content=\"Peque\u00f1o cuenco con esmalte de cristal del ceramista alem\u00e1n Richard Bampi (cer\u00e1mica de taller) alrededor de 1960; muy finamente torneado y firmado a mano.\" \/>\n<meta property=\"og:url\" content=\"https:\/\/www.robertzueblin.com\/es\/richard-bampi\/pequeno-cuenco-con-esmalte-de-cristal\/\" \/>\n<meta property=\"og:site_name\" content=\"ROBERT Z\u00dcBLIN\" \/>\n<meta property=\"article:modified_time\" content=\"2023-01-05T14:15:36+00:00\" \/>\n<meta property=\"og:image\" content=\"https:\/\/www.robertzueblin.com\/wp-content\/uploads\/richard-bampi-ceramica-de-taller-pequeno-cuenco-esmalte-cristal-foto-titulo.jpg\" \/>\n\t<meta property=\"og:image:width\" content=\"1000\" \/>\n\t<meta property=\"og:image:height\" content=\"1000\" \/>\n\t<meta property=\"og:image:type\" content=\"image\/jpeg\" \/>\n<meta name=\"twitter:card\" content=\"summary_large_image\" \/>\n<script type=\"application\/ld+json\" class=\"yoast-schema-graph\">{\"@context\":\"https:\\\/\\\/schema.org\",\"@graph\":[{\"@type\":\"WebPage\",\"@id\":\"https:\\\/\\\/www.robertzueblin.com\\\/es\\\/richard-bampi\\\/pequeno-cuenco-con-esmalte-de-cristal\\\/\",\"url\":\"https:\\\/\\\/www.robertzueblin.com\\\/es\\\/richard-bampi\\\/pequeno-cuenco-con-esmalte-de-cristal\\\/\",\"name\":\"Richard BAMPI - Cuenco peque\u00f1o con esmalte de cristal\",\"isPartOf\":{\"@id\":\"https:\\\/\\\/www.robertzueblin.com\\\/es\\\/#website\"},\"primaryImageOfPage\":{\"@id\":\"https:\\\/\\\/www.robertzueblin.com\\\/es\\\/richard-bampi\\\/pequeno-cuenco-con-esmalte-de-cristal\\\/#primaryimage\"},\"image\":{\"@id\":\"https:\\\/\\\/www.robertzueblin.com\\\/es\\\/richard-bampi\\\/pequeno-cuenco-con-esmalte-de-cristal\\\/#primaryimage\"},\"thumbnailUrl\":\"https:\\\/\\\/www.robertzueblin.com\\\/wp-content\\\/uploads\\\/richard-bampi-ceramica-de-taller-pequeno-cuenco-esmalte-cristal-foto-titulo.jpg\",\"datePublished\":\"2021-12-03T09:39:32+00:00\",\"dateModified\":\"2023-01-05T14:15:36+00:00\",\"description\":\"Peque\u00f1o cuenco con esmalte de cristal del ceramista alem\u00e1n Richard Bampi (cer\u00e1mica de taller) alrededor de 1960; muy finamente torneado y firmado a mano.\",\"breadcrumb\":{\"@id\":\"https:\\\/\\\/www.robertzueblin.com\\\/es\\\/richard-bampi\\\/pequeno-cuenco-con-esmalte-de-cristal\\\/#breadcrumb\"},\"inLanguage\":\"es\",\"potentialAction\":[{\"@type\":\"ReadAction\",\"target\":[\"https:\\\/\\\/www.robertzueblin.com\\\/es\\\/richard-bampi\\\/pequeno-cuenco-con-esmalte-de-cristal\\\/\"]}]},{\"@type\":\"ImageObject\",\"inLanguage\":\"es\",\"@id\":\"https:\\\/\\\/www.robertzueblin.com\\\/es\\\/richard-bampi\\\/pequeno-cuenco-con-esmalte-de-cristal\\\/#primaryimage\",\"url\":\"https:\\\/\\\/www.robertzueblin.com\\\/wp-content\\\/uploads\\\/richard-bampi-ceramica-de-taller-pequeno-cuenco-esmalte-cristal-foto-titulo.jpg\",\"contentUrl\":\"https:\\\/\\\/www.robertzueblin.com\\\/wp-content\\\/uploads\\\/richard-bampi-ceramica-de-taller-pequeno-cuenco-esmalte-cristal-foto-titulo.jpg\",\"width\":1000,\"height\":1000},{\"@type\":\"BreadcrumbList\",\"@id\":\"https:\\\/\\\/www.robertzueblin.com\\\/es\\\/richard-bampi\\\/pequeno-cuenco-con-esmalte-de-cristal\\\/#breadcrumb\",\"itemListElement\":[{\"@type\":\"ListItem\",\"position\":1,\"name\":\"Startseite\",\"item\":\"https:\\\/\\\/www.robertzueblin.com\\\/es\\\/\"},{\"@type\":\"ListItem\",\"position\":2,\"name\":\"Galer\u00eda de arte online (tienda online)\",\"item\":\"https:\\\/\\\/www.robertzueblin.com\\\/es\\\/galeria-de-arte-online\\\/\"},{\"@type\":\"ListItem\",\"position\":3,\"name\":\"Richard BAMPI (* 1896, \u2020 1965) &#8211; Peque\u00f1o cuenco con esmalte de cristal &#8211; cer\u00e1mica de taller\"}]},{\"@type\":\"WebSite\",\"@id\":\"https:\\\/\\\/www.robertzueblin.com\\\/es\\\/#website\",\"url\":\"https:\\\/\\\/www.robertzueblin.com\\\/es\\\/\",\"name\":\"ROBERT Z\u00dcBLIN\",\"description\":\"\",\"publisher\":{\"@id\":\"https:\\\/\\\/www.robertzueblin.com\\\/es\\\/#organization\"},\"potentialAction\":[{\"@type\":\"SearchAction\",\"target\":{\"@type\":\"EntryPoint\",\"urlTemplate\":\"https:\\\/\\\/www.robertzueblin.com\\\/es\\\/?s={search_term_string}\"},\"query-input\":{\"@type\":\"PropertyValueSpecification\",\"valueRequired\":true,\"valueName\":\"search_term_string\"}}],\"inLanguage\":\"es\"},{\"@type\":\"Organization\",\"@id\":\"https:\\\/\\\/www.robertzueblin.com\\\/es\\\/#organization\",\"name\":\"ROBERT Z\u00dcBLIN\",\"url\":\"https:\\\/\\\/www.robertzueblin.com\\\/es\\\/\",\"logo\":{\"@type\":\"ImageObject\",\"inLanguage\":\"es\",\"@id\":\"https:\\\/\\\/www.robertzueblin.com\\\/es\\\/#\\\/schema\\\/logo\\\/image\\\/\",\"url\":\"https:\\\/\\\/www.robertzueblin.com\\\/wp-content\\\/uploads\\\/cropped-cropped-logo-von-robert-zueblin.jpg\",\"contentUrl\":\"https:\\\/\\\/www.robertzueblin.com\\\/wp-content\\\/uploads\\\/cropped-cropped-logo-von-robert-zueblin.jpg\",\"width\":440,\"height\":60,\"caption\":\"ROBERT Z\u00dcBLIN\"},\"image\":{\"@id\":\"https:\\\/\\\/www.robertzueblin.com\\\/es\\\/#\\\/schema\\\/logo\\\/image\\\/\"}}]}<\/script>\n<!-- \/ Yoast SEO plugin. -->","yoast_head_json":{"title":"Richard BAMPI - Cuenco peque\u00f1o con esmalte de cristal","description":"Peque\u00f1o cuenco con esmalte de cristal del ceramista alem\u00e1n Richard Bampi (cer\u00e1mica de taller) alrededor de 1960; muy finamente torneado y firmado a mano.","robots":{"index":"index","follow":"follow","max-snippet":"max-snippet:-1","max-image-preview":"max-image-preview:large","max-video-preview":"max-video-preview:-1"},"canonical":"https:\/\/www.robertzueblin.com\/es\/richard-bampi\/pequeno-cuenco-con-esmalte-de-cristal\/","og_locale":"es_ES","og_type":"article","og_title":"Richard BAMPI - Cuenco peque\u00f1o con esmalte de cristal","og_description":"Peque\u00f1o cuenco con esmalte de cristal del ceramista alem\u00e1n Richard Bampi (cer\u00e1mica de taller) alrededor de 1960; muy finamente torneado y firmado a mano.","og_url":"https:\/\/www.robertzueblin.com\/es\/richard-bampi\/pequeno-cuenco-con-esmalte-de-cristal\/","og_site_name":"ROBERT Z\u00dcBLIN","article_modified_time":"2023-01-05T14:15:36+00:00","og_image":[{"width":1000,"height":1000,"url":"https:\/\/www.robertzueblin.com\/wp-content\/uploads\/richard-bampi-ceramica-de-taller-pequeno-cuenco-esmalte-cristal-foto-titulo.jpg","type":"image\/jpeg"}],"twitter_card":"summary_large_image","schema":{"@context":"https:\/\/schema.org","@graph":[{"@type":"WebPage","@id":"https:\/\/www.robertzueblin.com\/es\/richard-bampi\/pequeno-cuenco-con-esmalte-de-cristal\/","url":"https:\/\/www.robertzueblin.com\/es\/richard-bampi\/pequeno-cuenco-con-esmalte-de-cristal\/","name":"Richard BAMPI - Cuenco peque\u00f1o con esmalte de cristal","isPartOf":{"@id":"https:\/\/www.robertzueblin.com\/es\/#website"},"primaryImageOfPage":{"@id":"https:\/\/www.robertzueblin.com\/es\/richard-bampi\/pequeno-cuenco-con-esmalte-de-cristal\/#primaryimage"},"image":{"@id":"https:\/\/www.robertzueblin.com\/es\/richard-bampi\/pequeno-cuenco-con-esmalte-de-cristal\/#primaryimage"},"thumbnailUrl":"https:\/\/www.robertzueblin.com\/wp-content\/uploads\/richard-bampi-ceramica-de-taller-pequeno-cuenco-esmalte-cristal-foto-titulo.jpg","datePublished":"2021-12-03T09:39:32+00:00","dateModified":"2023-01-05T14:15:36+00:00","description":"Peque\u00f1o cuenco con esmalte de cristal del ceramista alem\u00e1n Richard Bampi (cer\u00e1mica de taller) alrededor de 1960; muy finamente torneado y firmado a mano.","breadcrumb":{"@id":"https:\/\/www.robertzueblin.com\/es\/richard-bampi\/pequeno-cuenco-con-esmalte-de-cristal\/#breadcrumb"},"inLanguage":"es","potentialAction":[{"@type":"ReadAction","target":["https:\/\/www.robertzueblin.com\/es\/richard-bampi\/pequeno-cuenco-con-esmalte-de-cristal\/"]}]},{"@type":"ImageObject","inLanguage":"es","@id":"https:\/\/www.robertzueblin.com\/es\/richard-bampi\/pequeno-cuenco-con-esmalte-de-cristal\/#primaryimage","url":"https:\/\/www.robertzueblin.com\/wp-content\/uploads\/richard-bampi-ceramica-de-taller-pequeno-cuenco-esmalte-cristal-foto-titulo.jpg","contentUrl":"https:\/\/www.robertzueblin.com\/wp-content\/uploads\/richard-bampi-ceramica-de-taller-pequeno-cuenco-esmalte-cristal-foto-titulo.jpg","width":1000,"height":1000},{"@type":"BreadcrumbList","@id":"https:\/\/www.robertzueblin.com\/es\/richard-bampi\/pequeno-cuenco-con-esmalte-de-cristal\/#breadcrumb","itemListElement":[{"@type":"ListItem","position":1,"name":"Startseite","item":"https:\/\/www.robertzueblin.com\/es\/"},{"@type":"ListItem","position":2,"name":"Galer\u00eda de arte online (tienda online)","item":"https:\/\/www.robertzueblin.com\/es\/galeria-de-arte-online\/"},{"@type":"ListItem","position":3,"name":"Richard BAMPI (* 1896, \u2020 1965) &#8211; Peque\u00f1o cuenco con esmalte de cristal &#8211; cer\u00e1mica de taller"}]},{"@type":"WebSite","@id":"https:\/\/www.robertzueblin.com\/es\/#website","url":"https:\/\/www.robertzueblin.com\/es\/","name":"ROBERT Z\u00dcBLIN","description":"","publisher":{"@id":"https:\/\/www.robertzueblin.com\/es\/#organization"},"potentialAction":[{"@type":"SearchAction","target":{"@type":"EntryPoint","urlTemplate":"https:\/\/www.robertzueblin.com\/es\/?s={search_term_string}"},"query-input":{"@type":"PropertyValueSpecification","valueRequired":true,"valueName":"search_term_string"}}],"inLanguage":"es"},{"@type":"Organization","@id":"https:\/\/www.robertzueblin.com\/es\/#organization","name":"ROBERT Z\u00dcBLIN","url":"https:\/\/www.robertzueblin.com\/es\/","logo":{"@type":"ImageObject","inLanguage":"es","@id":"https:\/\/www.robertzueblin.com\/es\/#\/schema\/logo\/image\/","url":"https:\/\/www.robertzueblin.com\/wp-content\/uploads\/cropped-cropped-logo-von-robert-zueblin.jpg","contentUrl":"https:\/\/www.robertzueblin.com\/wp-content\/uploads\/cropped-cropped-logo-von-robert-zueblin.jpg","width":440,"height":60,"caption":"ROBERT Z\u00dcBLIN"},"image":{"@id":"https:\/\/www.robertzueblin.com\/es\/#\/schema\/logo\/image\/"}}]}},"_links":{"self":[{"href":"https:\/\/www.robertzueblin.com\/es\/wp-json\/wp\/v2\/product\/3137","targetHints":{"allow":["GET"]}}],"collection":[{"href":"https:\/\/www.robertzueblin.com\/es\/wp-json\/wp\/v2\/product"}],"about":[{"href":"https:\/\/www.robertzueblin.com\/es\/wp-json\/wp\/v2\/types\/product"}],"wp:featuredmedia":[{"embeddable":true,"href":"https:\/\/www.robertzueblin.com\/es\/wp-json\/wp\/v2\/media\/2651"}],"wp:attachment":[{"href":"https:\/\/www.robertzueblin.com\/es\/wp-json\/wp\/v2\/media?parent=3137"}],"wp:term":[{"taxonomy":"product_brand","embeddable":true,"href":"https:\/\/www.robertzueblin.com\/es\/wp-json\/wp\/v2\/product_brand?post=3137"},{"taxonomy":"product_cat","embeddable":true,"href":"https:\/\/www.robertzueblin.com\/es\/wp-json\/wp\/v2\/product_cat?post=3137"},{"taxonomy":"product_tag","embeddable":true,"href":"https:\/\/www.robertzueblin.com\/es\/wp-json\/wp\/v2\/product_tag?post=3137"}],"curies":[{"name":"wp","href":"https:\/\/api.w.org\/{rel}","templated":true}]}}