{"id":31140,"date":"2023-01-25T19:28:32","date_gmt":"2023-01-28T09:07:12","guid":{"rendered":"https:\/\/www.robertzueblin.com\/?post_type=product&#038;p=31140"},"modified":"2024-08-10T20:22:43","modified_gmt":"2024-08-10T18:22:43","slug":"mila-vazquez-otero-1978-friedrich-nietzsche-busto-i","status":"publish","type":"product","link":"https:\/\/www.robertzueblin.com\/es\/mila-vazquez-otero\/friedrich-nietzsche-busto-i\/","title":{"rendered":"Mila V\u00c1ZQUEZ OTERO (* 1978) &#8211; Friedrich Nietzsche Busto I"},"content":{"rendered":"<p><span style=\"font-family: AkkoPro-BoldCondensed!important\">Tipo:<\/span> escultura<\/p>\n<p><span style=\"font-family: AkkoPro-BoldCondensed!important\">Dise\u00f1o:<\/span> Mila V\u00e1zquez Otero (* 1978)<\/p>\n<p><span style=\"font-family: AkkoPro-BoldCondensed!important\">Ejecuci\u00f3n:<\/span> Mila V\u00e1zquez Otero (* 1978)<\/p>\n<p><span style=\"font-family: AkkoPro-BoldCondensed!important\">Objeto:<\/span> escultura<\/p>\n<p><span style=\"font-family: AkkoPro-BoldCondensed!important\">Material:<\/span> Papel de peri\u00f3dico, cola, alambre y madera de roble<\/p>\n<p><span style=\"font-family: AkkoPro-BoldCondensed!important\">Dimensiones:<\/span> altura: 12,5 cm (incluida la base), anchura: 5,5 cm y profundidad: 4,5 cm<\/p>\n<p><span style=\"font-family: AkkoPro-BoldCondensed!important\">A\u00f1o de producci\u00f3n:<\/span> 2023<\/p>\n<p><span style=\"font-family: AkkoPro-BoldCondensed!important\">Firma\/marca:<\/span> O sobre M<\/p>\n<p><span style=\"font-family: AkkoPro-BoldCondensed!important\">Detalles:<\/span><br \/>\nEl busto de Friedrich Nietzsche es obra de la artista Mila V\u00e1zquez Otero. Friedrich Nietzsche es uno de los fil\u00f3sofos m\u00e1s importantes de la Edad Moderna.<\/p>\n<p>El busto de Friedrich Nietzsche est\u00e1 hecho de papel de peri\u00f3dico y cola. En la escultura de Nietzsche hay madera y alambre para unir las piezas. La base de madera es de roble. La firma del artista tambi\u00e9n figura en la base.<\/p>\n<p>El busto de Nietzsche est\u00e1 pintado con pintura acr\u00edlica transparente con protecci\u00f3n UV, la base no est\u00e1 pintada con pintura acr\u00edlica sino aceitada.<\/p>\n","protected":false},"excerpt":{"rendered":"<p>Tipo: escultura Dise\u00f1o: Mila V\u00e1zquez Otero (* 1978) Ejecuci\u00f3n: Mila V\u00e1zquez Otero (* 1978) Objeto: escultura Material: Papel de peri\u00f3dico, cola, alambre y madera de roble Dimensiones: altura: 12,5 cm (incluida la base), anchura: 5,5 cm y profundidad: 4,5 cm A\u00f1o de producci\u00f3n: 2023 Firma\/marca: O sobre M Detalles: El busto de Friedrich Nietzsche es [&hellip;]<\/p>\n","protected":false},"featured_media":31141,"template":"","meta":[],"product_brand":[],"product_cat":[368],"product_tag":[],"class_list":{"0":"post-31140","1":"product","2":"type-product","3":"status-publish","4":"has-post-thumbnail","6":"product_cat-mila-vazquez-otero","8":"first","9":"instock","10":"sold-individually","11":"shipping-taxable","12":"purchasable","13":"product-type-simple"},"yoast_head":"<!-- This site is optimized with the Yoast SEO plugin v27.5 - https:\/\/yoast.com\/product\/yoast-seo-wordpress\/ -->\n<title>Mila V\u00c1ZQUEZ OTERO (* 1978) - Friedrich Nietzsche Busto I<\/title>\n<meta name=\"description\" content=\"Busto de Friedrich Nietzsche, obra de la artista Mila V\u00e1zquez Otero. El busto de Nietzsche es esencialmente de papel y cola, la base de madera de roble.\" \/>\n<meta name=\"robots\" content=\"index, follow, max-snippet:-1, max-image-preview:large, max-video-preview:-1\" \/>\n<link rel=\"canonical\" href=\"https:\/\/www.robertzueblin.com\/es\/mila-vazquez-otero\/friedrich-nietzsche-busto-i\/\" \/>\n<meta property=\"og:locale\" content=\"es_ES\" \/>\n<meta property=\"og:type\" content=\"article\" \/>\n<meta property=\"og:title\" content=\"Mila V\u00c1ZQUEZ OTERO (* 1978) - Friedrich Nietzsche Busto I\" \/>\n<meta property=\"og:description\" content=\"Busto de Friedrich Nietzsche, obra de la artista Mila V\u00e1zquez Otero. El busto de Nietzsche es esencialmente de papel y cola, la base de madera de roble.\" \/>\n<meta property=\"og:url\" content=\"https:\/\/www.robertzueblin.com\/es\/mila-vazquez-otero\/friedrich-nietzsche-busto-i\/\" \/>\n<meta property=\"og:site_name\" content=\"ROBERT Z\u00dcBLIN\" \/>\n<meta property=\"article:modified_time\" content=\"2024-08-10T18:22:43+00:00\" \/>\n<meta property=\"og:image\" content=\"https:\/\/www.robertzueblin.com\/wp-content\/uploads\/mila-vazquez-otero-friedrich-nietzsche-buesto-I-detalle.jpg\" \/>\n\t<meta property=\"og:image:width\" content=\"1000\" \/>\n\t<meta property=\"og:image:height\" content=\"1000\" \/>\n\t<meta property=\"og:image:type\" content=\"image\/jpeg\" \/>\n<meta name=\"twitter:card\" content=\"summary_large_image\" \/>\n<script type=\"application\/ld+json\" class=\"yoast-schema-graph\">{\"@context\":\"https:\\\/\\\/schema.org\",\"@graph\":[{\"@type\":\"WebPage\",\"@id\":\"https:\\\/\\\/www.robertzueblin.com\\\/es\\\/mila-vazquez-otero\\\/friedrich-nietzsche-busto-i\\\/\",\"url\":\"https:\\\/\\\/www.robertzueblin.com\\\/es\\\/mila-vazquez-otero\\\/friedrich-nietzsche-busto-i\\\/\",\"name\":\"Mila V\u00c1ZQUEZ OTERO (* 1978) - Friedrich Nietzsche Busto I\",\"isPartOf\":{\"@id\":\"https:\\\/\\\/www.robertzueblin.com\\\/es\\\/#website\"},\"primaryImageOfPage\":{\"@id\":\"https:\\\/\\\/www.robertzueblin.com\\\/es\\\/mila-vazquez-otero\\\/friedrich-nietzsche-busto-i\\\/#primaryimage\"},\"image\":{\"@id\":\"https:\\\/\\\/www.robertzueblin.com\\\/es\\\/mila-vazquez-otero\\\/friedrich-nietzsche-busto-i\\\/#primaryimage\"},\"thumbnailUrl\":\"https:\\\/\\\/www.robertzueblin.com\\\/wp-content\\\/uploads\\\/mila-vazquez-otero-friedrich-nietzsche-buesto-I-detalle.jpg\",\"datePublished\":\"2023-01-28T09:07:12+00:00\",\"dateModified\":\"2024-08-10T18:22:43+00:00\",\"description\":\"Busto de Friedrich Nietzsche, obra de la artista Mila V\u00e1zquez Otero. El busto de Nietzsche es esencialmente de papel y cola, la base de madera de roble.\",\"breadcrumb\":{\"@id\":\"https:\\\/\\\/www.robertzueblin.com\\\/es\\\/mila-vazquez-otero\\\/friedrich-nietzsche-busto-i\\\/#breadcrumb\"},\"inLanguage\":\"es\",\"potentialAction\":[{\"@type\":\"ReadAction\",\"target\":[\"https:\\\/\\\/www.robertzueblin.com\\\/es\\\/mila-vazquez-otero\\\/friedrich-nietzsche-busto-i\\\/\"]}]},{\"@type\":\"ImageObject\",\"inLanguage\":\"es\",\"@id\":\"https:\\\/\\\/www.robertzueblin.com\\\/es\\\/mila-vazquez-otero\\\/friedrich-nietzsche-busto-i\\\/#primaryimage\",\"url\":\"https:\\\/\\\/www.robertzueblin.com\\\/wp-content\\\/uploads\\\/mila-vazquez-otero-friedrich-nietzsche-buesto-I-detalle.jpg\",\"contentUrl\":\"https:\\\/\\\/www.robertzueblin.com\\\/wp-content\\\/uploads\\\/mila-vazquez-otero-friedrich-nietzsche-buesto-I-detalle.jpg\",\"width\":1000,\"height\":1000},{\"@type\":\"BreadcrumbList\",\"@id\":\"https:\\\/\\\/www.robertzueblin.com\\\/es\\\/mila-vazquez-otero\\\/friedrich-nietzsche-busto-i\\\/#breadcrumb\",\"itemListElement\":[{\"@type\":\"ListItem\",\"position\":1,\"name\":\"Startseite\",\"item\":\"https:\\\/\\\/www.robertzueblin.com\\\/es\\\/\"},{\"@type\":\"ListItem\",\"position\":2,\"name\":\"Galer\u00eda de arte online (tienda online)\",\"item\":\"https:\\\/\\\/www.robertzueblin.com\\\/es\\\/galeria-de-arte-online\\\/\"},{\"@type\":\"ListItem\",\"position\":3,\"name\":\"Mila V\u00c1ZQUEZ OTERO (* 1978) &#8211; Friedrich Nietzsche Busto I\"}]},{\"@type\":\"WebSite\",\"@id\":\"https:\\\/\\\/www.robertzueblin.com\\\/es\\\/#website\",\"url\":\"https:\\\/\\\/www.robertzueblin.com\\\/es\\\/\",\"name\":\"ROBERT Z\u00dcBLIN\",\"description\":\"\",\"publisher\":{\"@id\":\"https:\\\/\\\/www.robertzueblin.com\\\/es\\\/#organization\"},\"potentialAction\":[{\"@type\":\"SearchAction\",\"target\":{\"@type\":\"EntryPoint\",\"urlTemplate\":\"https:\\\/\\\/www.robertzueblin.com\\\/es\\\/?s={search_term_string}\"},\"query-input\":{\"@type\":\"PropertyValueSpecification\",\"valueRequired\":true,\"valueName\":\"search_term_string\"}}],\"inLanguage\":\"es\"},{\"@type\":\"Organization\",\"@id\":\"https:\\\/\\\/www.robertzueblin.com\\\/es\\\/#organization\",\"name\":\"ROBERT Z\u00dcBLIN\",\"url\":\"https:\\\/\\\/www.robertzueblin.com\\\/es\\\/\",\"logo\":{\"@type\":\"ImageObject\",\"inLanguage\":\"es\",\"@id\":\"https:\\\/\\\/www.robertzueblin.com\\\/es\\\/#\\\/schema\\\/logo\\\/image\\\/\",\"url\":\"https:\\\/\\\/www.robertzueblin.com\\\/wp-content\\\/uploads\\\/cropped-cropped-logo-von-robert-zueblin.jpg\",\"contentUrl\":\"https:\\\/\\\/www.robertzueblin.com\\\/wp-content\\\/uploads\\\/cropped-cropped-logo-von-robert-zueblin.jpg\",\"width\":440,\"height\":60,\"caption\":\"ROBERT Z\u00dcBLIN\"},\"image\":{\"@id\":\"https:\\\/\\\/www.robertzueblin.com\\\/es\\\/#\\\/schema\\\/logo\\\/image\\\/\"}}]}<\/script>\n<!-- \/ Yoast SEO plugin. -->","yoast_head_json":{"title":"Mila V\u00c1ZQUEZ OTERO (* 1978) - Friedrich Nietzsche Busto I","description":"Busto de Friedrich Nietzsche, obra de la artista Mila V\u00e1zquez Otero. El busto de Nietzsche es esencialmente de papel y cola, la base de madera de roble.","robots":{"index":"index","follow":"follow","max-snippet":"max-snippet:-1","max-image-preview":"max-image-preview:large","max-video-preview":"max-video-preview:-1"},"canonical":"https:\/\/www.robertzueblin.com\/es\/mila-vazquez-otero\/friedrich-nietzsche-busto-i\/","og_locale":"es_ES","og_type":"article","og_title":"Mila V\u00c1ZQUEZ OTERO (* 1978) - Friedrich Nietzsche Busto I","og_description":"Busto de Friedrich Nietzsche, obra de la artista Mila V\u00e1zquez Otero. El busto de Nietzsche es esencialmente de papel y cola, la base de madera de roble.","og_url":"https:\/\/www.robertzueblin.com\/es\/mila-vazquez-otero\/friedrich-nietzsche-busto-i\/","og_site_name":"ROBERT Z\u00dcBLIN","article_modified_time":"2024-08-10T18:22:43+00:00","og_image":[{"width":1000,"height":1000,"url":"https:\/\/www.robertzueblin.com\/wp-content\/uploads\/mila-vazquez-otero-friedrich-nietzsche-buesto-I-detalle.jpg","type":"image\/jpeg"}],"twitter_card":"summary_large_image","schema":{"@context":"https:\/\/schema.org","@graph":[{"@type":"WebPage","@id":"https:\/\/www.robertzueblin.com\/es\/mila-vazquez-otero\/friedrich-nietzsche-busto-i\/","url":"https:\/\/www.robertzueblin.com\/es\/mila-vazquez-otero\/friedrich-nietzsche-busto-i\/","name":"Mila V\u00c1ZQUEZ OTERO (* 1978) - Friedrich Nietzsche Busto I","isPartOf":{"@id":"https:\/\/www.robertzueblin.com\/es\/#website"},"primaryImageOfPage":{"@id":"https:\/\/www.robertzueblin.com\/es\/mila-vazquez-otero\/friedrich-nietzsche-busto-i\/#primaryimage"},"image":{"@id":"https:\/\/www.robertzueblin.com\/es\/mila-vazquez-otero\/friedrich-nietzsche-busto-i\/#primaryimage"},"thumbnailUrl":"https:\/\/www.robertzueblin.com\/wp-content\/uploads\/mila-vazquez-otero-friedrich-nietzsche-buesto-I-detalle.jpg","datePublished":"2023-01-28T09:07:12+00:00","dateModified":"2024-08-10T18:22:43+00:00","description":"Busto de Friedrich Nietzsche, obra de la artista Mila V\u00e1zquez Otero. El busto de Nietzsche es esencialmente de papel y cola, la base de madera de roble.","breadcrumb":{"@id":"https:\/\/www.robertzueblin.com\/es\/mila-vazquez-otero\/friedrich-nietzsche-busto-i\/#breadcrumb"},"inLanguage":"es","potentialAction":[{"@type":"ReadAction","target":["https:\/\/www.robertzueblin.com\/es\/mila-vazquez-otero\/friedrich-nietzsche-busto-i\/"]}]},{"@type":"ImageObject","inLanguage":"es","@id":"https:\/\/www.robertzueblin.com\/es\/mila-vazquez-otero\/friedrich-nietzsche-busto-i\/#primaryimage","url":"https:\/\/www.robertzueblin.com\/wp-content\/uploads\/mila-vazquez-otero-friedrich-nietzsche-buesto-I-detalle.jpg","contentUrl":"https:\/\/www.robertzueblin.com\/wp-content\/uploads\/mila-vazquez-otero-friedrich-nietzsche-buesto-I-detalle.jpg","width":1000,"height":1000},{"@type":"BreadcrumbList","@id":"https:\/\/www.robertzueblin.com\/es\/mila-vazquez-otero\/friedrich-nietzsche-busto-i\/#breadcrumb","itemListElement":[{"@type":"ListItem","position":1,"name":"Startseite","item":"https:\/\/www.robertzueblin.com\/es\/"},{"@type":"ListItem","position":2,"name":"Galer\u00eda de arte online (tienda online)","item":"https:\/\/www.robertzueblin.com\/es\/galeria-de-arte-online\/"},{"@type":"ListItem","position":3,"name":"Mila V\u00c1ZQUEZ OTERO (* 1978) &#8211; Friedrich Nietzsche Busto I"}]},{"@type":"WebSite","@id":"https:\/\/www.robertzueblin.com\/es\/#website","url":"https:\/\/www.robertzueblin.com\/es\/","name":"ROBERT Z\u00dcBLIN","description":"","publisher":{"@id":"https:\/\/www.robertzueblin.com\/es\/#organization"},"potentialAction":[{"@type":"SearchAction","target":{"@type":"EntryPoint","urlTemplate":"https:\/\/www.robertzueblin.com\/es\/?s={search_term_string}"},"query-input":{"@type":"PropertyValueSpecification","valueRequired":true,"valueName":"search_term_string"}}],"inLanguage":"es"},{"@type":"Organization","@id":"https:\/\/www.robertzueblin.com\/es\/#organization","name":"ROBERT Z\u00dcBLIN","url":"https:\/\/www.robertzueblin.com\/es\/","logo":{"@type":"ImageObject","inLanguage":"es","@id":"https:\/\/www.robertzueblin.com\/es\/#\/schema\/logo\/image\/","url":"https:\/\/www.robertzueblin.com\/wp-content\/uploads\/cropped-cropped-logo-von-robert-zueblin.jpg","contentUrl":"https:\/\/www.robertzueblin.com\/wp-content\/uploads\/cropped-cropped-logo-von-robert-zueblin.jpg","width":440,"height":60,"caption":"ROBERT Z\u00dcBLIN"},"image":{"@id":"https:\/\/www.robertzueblin.com\/es\/#\/schema\/logo\/image\/"}}]}},"_links":{"self":[{"href":"https:\/\/www.robertzueblin.com\/es\/wp-json\/wp\/v2\/product\/31140","targetHints":{"allow":["GET"]}}],"collection":[{"href":"https:\/\/www.robertzueblin.com\/es\/wp-json\/wp\/v2\/product"}],"about":[{"href":"https:\/\/www.robertzueblin.com\/es\/wp-json\/wp\/v2\/types\/product"}],"wp:featuredmedia":[{"embeddable":true,"href":"https:\/\/www.robertzueblin.com\/es\/wp-json\/wp\/v2\/media\/31141"}],"wp:attachment":[{"href":"https:\/\/www.robertzueblin.com\/es\/wp-json\/wp\/v2\/media?parent=31140"}],"wp:term":[{"taxonomy":"product_brand","embeddable":true,"href":"https:\/\/www.robertzueblin.com\/es\/wp-json\/wp\/v2\/product_brand?post=31140"},{"taxonomy":"product_cat","embeddable":true,"href":"https:\/\/www.robertzueblin.com\/es\/wp-json\/wp\/v2\/product_cat?post=31140"},{"taxonomy":"product_tag","embeddable":true,"href":"https:\/\/www.robertzueblin.com\/es\/wp-json\/wp\/v2\/product_tag?post=31140"}],"curies":[{"name":"wp","href":"https:\/\/api.w.org\/{rel}","templated":true}]}}