{"id":3102,"date":"2021-10-09T09:52:19","date_gmt":"2021-12-03T08:52:09","guid":{"rendered":"https:\/\/www.robertzueblin.com\/?post_type=product&#038;p=3102"},"modified":"2023-01-11T11:47:43","modified_gmt":"2023-01-11T10:47:43","slug":"richard-bampi-1896-%e2%80%a0-1965-cesto-en-estilo-wabi-sabi","status":"publish","type":"product","link":"https:\/\/www.robertzueblin.com\/es\/richard-bampi\/cesto-en-estilo-wabi-sabi\/","title":{"rendered":"Richard BAMPI (* 1896, \u2020 1965) &#8211; Cesto en estilo Wabi-Sabi &#8211; cer\u00e1mica de taller"},"content":{"rendered":"<p><span style=\"font-family: AkkoPro-BoldCondensed!important\">Tipo:<\/span> <a href=\"https:\/\/www.robertzueblin.com\/es\/tipo\/ceramica-artistica-ceramica-artesanal-ceramica-de-taller\/\">Cer\u00e1mica de taller<\/a><\/p>\n<p><span style=\"font-family: AkkoPro-BoldCondensed!important\">Dise\u00f1o:<\/span> Richard Bampi (* 1896, \u2020 1965)<\/p>\n<p><span style=\"font-family: AkkoPro-BoldCondensed!important\">Ejecuci\u00f3n:<\/span> Manufactura de Faenza Richard Bampi, Kandern<\/p>\n<p><span style=\"font-family: AkkoPro-BoldCondensed!important\">Objeto:<\/span> cesto\t<\/p>\n<p><span style=\"font-family: AkkoPro-BoldCondensed!important\">Dimensiones:<\/span> altura sin asa: 7 cm, altura con asa: 15,5 cm, anchura sin asa: 15,5 cm, anchura con asa: 16,5 cm<\/p>\n<p><span style=\"font-family: AkkoPro-BoldCondensed!important\">Cuerpo:<\/span> cuerpo marr\u00f3n claro<\/p>\n<p><span style=\"font-family: AkkoPro-BoldCondensed!important\">Superficie:<\/span> vidriado marr\u00f3n y blanco-marr\u00f3n, en parte con partes azules; vidriado en el interior del cuenco con craquelado<\/p>\n<p><span style=\"font-family: AkkoPro-BoldCondensed!important\">Per\u00edodo de producci\u00f3n:<\/span> 1941 &#8211; alrededor de 1952<\/p>\n<p><span style=\"font-family: AkkoPro-BoldCondensed!important\">Estado:<\/span> faltan partes en el acabado del mango, as\u00ed como en la parte del mango donde pasa por los agujeros del cuenco<\/p>\n<p><span style=\"font-family: AkkoPro-BoldCondensed!important\">Marca:<\/span> Sello RB<\/p>\n<p><span style=\"font-family: AkkoPro-BoldCondensed!important\">Detalles:<\/span><br \/>\nEl cuenco de cer\u00e1mica del cesto est\u00e1 torneado en la Manufactura de Faenza Richard Bampi, en Kandern. El cuenco est\u00e1 sellodo con el sello RB, que se utiliz\u00f3 desde 1941 hasta aproximadamente 1952 [1]. A partir de 1941, Richard Bampi trabaj\u00f3 en parte con el pintor Julius Bissier, que introdujo a Richard Bampi en el budismo zen [2]. El cuenco con asa responde aqu\u00ed a la est\u00e9tica del budismo zen, el wabi-sabi, seg\u00fan el cual la belleza reside, entre otras cosas, en la simplicidad y la aleatoriedad [3]. La forma y los colores del cuenco son sencillos, el esmalte corre aleatoriamente por el interior y el exterior del cuenco. Sin embargo, no se puede ver que el cuenco se remonte a un dise\u00f1o de Bissier.<\/p>\n<p><em>Notas a pie de p\u00e1gina:<\/em><br \/>\n1. Verein f\u00fcr keramische Kunst e.V., Keramion &#8211; Museum f\u00fcr zeitgen\u00f6ssische keramische Kunst (ed.): Kunst im Keramion, 19, Richard Bampi, Frechen 1981, p. 142.<br \/>\n2. Verein f\u00fcr keramische Kunst e.V., Keramion &#8211; Museum f\u00fcr zeitgen\u00f6ssische keramische Kunst (ed.): Kunst im Keramion, 19, Richard Bampi, Frechen 1981, p. 48.<br \/>\n3. del Museum f\u00fcr V\u00f6lkerkunde Leipzig. Introducci\u00f3n y explicaciones de Karla Bilang: Japanische Keramik, Leipzig 1978, p. XI.<\/p>\n","protected":false},"excerpt":{"rendered":"<p><span style=\"color: #e2401c\">&#x25cf;<\/span><span> vendido<\/span><\/p>\n","protected":false},"featured_media":2604,"template":"","meta":[],"product_brand":[],"product_cat":[200],"product_tag":[],"class_list":{"0":"post-3102","1":"product","2":"type-product","3":"status-publish","4":"has-post-thumbnail","6":"product_cat-richard-bampi","8":"first","9":"outofstock","10":"shipping-taxable","11":"product-type-simple"},"yoast_head":"<!-- This site is optimized with the Yoast SEO plugin v27.4 - https:\/\/yoast.com\/product\/yoast-seo-wordpress\/ -->\n<title>Richard BAMPI (* 1896, \u2020 1965) - Cesto en estilo Wabi-Sabi<\/title>\n<meta name=\"description\" content=\"Cuenco con asa de cer\u00e1mica de taller en estilo wabi-sabi del ceramista Richard Bampi con ejecuci\u00f3n en la manufactura de loza Richard Bampi.\" \/>\n<meta name=\"robots\" content=\"index, follow, max-snippet:-1, max-image-preview:large, max-video-preview:-1\" \/>\n<link rel=\"canonical\" href=\"https:\/\/www.robertzueblin.com\/es\/richard-bampi\/cesto-en-estilo-wabi-sabi\/\" \/>\n<meta property=\"og:locale\" content=\"es_ES\" \/>\n<meta property=\"og:type\" content=\"article\" \/>\n<meta property=\"og:title\" content=\"Richard BAMPI (* 1896, \u2020 1965) - Cesto en estilo Wabi-Sabi\" \/>\n<meta property=\"og:description\" content=\"Cuenco con asa de cer\u00e1mica de taller en estilo wabi-sabi del ceramista Richard Bampi con ejecuci\u00f3n en la manufactura de loza Richard Bampi.\" \/>\n<meta property=\"og:url\" content=\"https:\/\/www.robertzueblin.com\/es\/richard-bampi\/cesto-en-estilo-wabi-sabi\/\" \/>\n<meta property=\"og:site_name\" content=\"ROBERT Z\u00dcBLIN\" \/>\n<meta property=\"article:modified_time\" content=\"2023-01-11T10:47:43+00:00\" \/>\n<meta property=\"og:image\" content=\"https:\/\/www.robertzueblin.com\/wp-content\/uploads\/richard-bampi-ceramica-de-taller-cesto-estilo-wabi-sabi-foto-titulo.jpg\" \/>\n\t<meta property=\"og:image:width\" content=\"1000\" \/>\n\t<meta property=\"og:image:height\" content=\"1000\" \/>\n\t<meta property=\"og:image:type\" content=\"image\/jpeg\" \/>\n<meta name=\"twitter:card\" content=\"summary_large_image\" \/>\n<script type=\"application\/ld+json\" class=\"yoast-schema-graph\">{\"@context\":\"https:\\\/\\\/schema.org\",\"@graph\":[{\"@type\":\"WebPage\",\"@id\":\"https:\\\/\\\/www.robertzueblin.com\\\/es\\\/richard-bampi\\\/cesto-en-estilo-wabi-sabi\\\/\",\"url\":\"https:\\\/\\\/www.robertzueblin.com\\\/es\\\/richard-bampi\\\/cesto-en-estilo-wabi-sabi\\\/\",\"name\":\"Richard BAMPI (* 1896, \u2020 1965) - Cesto en estilo Wabi-Sabi\",\"isPartOf\":{\"@id\":\"https:\\\/\\\/www.robertzueblin.com\\\/es\\\/#website\"},\"primaryImageOfPage\":{\"@id\":\"https:\\\/\\\/www.robertzueblin.com\\\/es\\\/richard-bampi\\\/cesto-en-estilo-wabi-sabi\\\/#primaryimage\"},\"image\":{\"@id\":\"https:\\\/\\\/www.robertzueblin.com\\\/es\\\/richard-bampi\\\/cesto-en-estilo-wabi-sabi\\\/#primaryimage\"},\"thumbnailUrl\":\"https:\\\/\\\/www.robertzueblin.com\\\/wp-content\\\/uploads\\\/richard-bampi-ceramica-de-taller-cesto-estilo-wabi-sabi-foto-titulo.jpg\",\"datePublished\":\"2021-12-03T08:52:09+00:00\",\"dateModified\":\"2023-01-11T10:47:43+00:00\",\"description\":\"Cuenco con asa de cer\u00e1mica de taller en estilo wabi-sabi del ceramista Richard Bampi con ejecuci\u00f3n en la manufactura de loza Richard Bampi.\",\"breadcrumb\":{\"@id\":\"https:\\\/\\\/www.robertzueblin.com\\\/es\\\/richard-bampi\\\/cesto-en-estilo-wabi-sabi\\\/#breadcrumb\"},\"inLanguage\":\"es\",\"potentialAction\":[{\"@type\":\"ReadAction\",\"target\":[\"https:\\\/\\\/www.robertzueblin.com\\\/es\\\/richard-bampi\\\/cesto-en-estilo-wabi-sabi\\\/\"]}]},{\"@type\":\"ImageObject\",\"inLanguage\":\"es\",\"@id\":\"https:\\\/\\\/www.robertzueblin.com\\\/es\\\/richard-bampi\\\/cesto-en-estilo-wabi-sabi\\\/#primaryimage\",\"url\":\"https:\\\/\\\/www.robertzueblin.com\\\/wp-content\\\/uploads\\\/richard-bampi-ceramica-de-taller-cesto-estilo-wabi-sabi-foto-titulo.jpg\",\"contentUrl\":\"https:\\\/\\\/www.robertzueblin.com\\\/wp-content\\\/uploads\\\/richard-bampi-ceramica-de-taller-cesto-estilo-wabi-sabi-foto-titulo.jpg\",\"width\":1000,\"height\":1000},{\"@type\":\"BreadcrumbList\",\"@id\":\"https:\\\/\\\/www.robertzueblin.com\\\/es\\\/richard-bampi\\\/cesto-en-estilo-wabi-sabi\\\/#breadcrumb\",\"itemListElement\":[{\"@type\":\"ListItem\",\"position\":1,\"name\":\"Startseite\",\"item\":\"https:\\\/\\\/www.robertzueblin.com\\\/es\\\/\"},{\"@type\":\"ListItem\",\"position\":2,\"name\":\"Galer\u00eda de arte online (tienda online)\",\"item\":\"https:\\\/\\\/www.robertzueblin.com\\\/es\\\/galeria-de-arte-online\\\/\"},{\"@type\":\"ListItem\",\"position\":3,\"name\":\"Richard BAMPI (* 1896, \u2020 1965) &#8211; Cesto en estilo Wabi-Sabi &#8211; cer\u00e1mica de taller\"}]},{\"@type\":\"WebSite\",\"@id\":\"https:\\\/\\\/www.robertzueblin.com\\\/es\\\/#website\",\"url\":\"https:\\\/\\\/www.robertzueblin.com\\\/es\\\/\",\"name\":\"ROBERT Z\u00dcBLIN\",\"description\":\"\",\"publisher\":{\"@id\":\"https:\\\/\\\/www.robertzueblin.com\\\/es\\\/#organization\"},\"potentialAction\":[{\"@type\":\"SearchAction\",\"target\":{\"@type\":\"EntryPoint\",\"urlTemplate\":\"https:\\\/\\\/www.robertzueblin.com\\\/es\\\/?s={search_term_string}\"},\"query-input\":{\"@type\":\"PropertyValueSpecification\",\"valueRequired\":true,\"valueName\":\"search_term_string\"}}],\"inLanguage\":\"es\"},{\"@type\":\"Organization\",\"@id\":\"https:\\\/\\\/www.robertzueblin.com\\\/es\\\/#organization\",\"name\":\"ROBERT Z\u00dcBLIN\",\"url\":\"https:\\\/\\\/www.robertzueblin.com\\\/es\\\/\",\"logo\":{\"@type\":\"ImageObject\",\"inLanguage\":\"es\",\"@id\":\"https:\\\/\\\/www.robertzueblin.com\\\/es\\\/#\\\/schema\\\/logo\\\/image\\\/\",\"url\":\"https:\\\/\\\/www.robertzueblin.com\\\/wp-content\\\/uploads\\\/cropped-cropped-logo-von-robert-zueblin.jpg\",\"contentUrl\":\"https:\\\/\\\/www.robertzueblin.com\\\/wp-content\\\/uploads\\\/cropped-cropped-logo-von-robert-zueblin.jpg\",\"width\":440,\"height\":60,\"caption\":\"ROBERT Z\u00dcBLIN\"},\"image\":{\"@id\":\"https:\\\/\\\/www.robertzueblin.com\\\/es\\\/#\\\/schema\\\/logo\\\/image\\\/\"}}]}<\/script>\n<!-- \/ Yoast SEO plugin. -->","yoast_head_json":{"title":"Richard BAMPI (* 1896, \u2020 1965) - Cesto en estilo Wabi-Sabi","description":"Cuenco con asa de cer\u00e1mica de taller en estilo wabi-sabi del ceramista Richard Bampi con ejecuci\u00f3n en la manufactura de loza Richard Bampi.","robots":{"index":"index","follow":"follow","max-snippet":"max-snippet:-1","max-image-preview":"max-image-preview:large","max-video-preview":"max-video-preview:-1"},"canonical":"https:\/\/www.robertzueblin.com\/es\/richard-bampi\/cesto-en-estilo-wabi-sabi\/","og_locale":"es_ES","og_type":"article","og_title":"Richard BAMPI (* 1896, \u2020 1965) - Cesto en estilo Wabi-Sabi","og_description":"Cuenco con asa de cer\u00e1mica de taller en estilo wabi-sabi del ceramista Richard Bampi con ejecuci\u00f3n en la manufactura de loza Richard Bampi.","og_url":"https:\/\/www.robertzueblin.com\/es\/richard-bampi\/cesto-en-estilo-wabi-sabi\/","og_site_name":"ROBERT Z\u00dcBLIN","article_modified_time":"2023-01-11T10:47:43+00:00","og_image":[{"width":1000,"height":1000,"url":"https:\/\/www.robertzueblin.com\/wp-content\/uploads\/richard-bampi-ceramica-de-taller-cesto-estilo-wabi-sabi-foto-titulo.jpg","type":"image\/jpeg"}],"twitter_card":"summary_large_image","schema":{"@context":"https:\/\/schema.org","@graph":[{"@type":"WebPage","@id":"https:\/\/www.robertzueblin.com\/es\/richard-bampi\/cesto-en-estilo-wabi-sabi\/","url":"https:\/\/www.robertzueblin.com\/es\/richard-bampi\/cesto-en-estilo-wabi-sabi\/","name":"Richard BAMPI (* 1896, \u2020 1965) - Cesto en estilo Wabi-Sabi","isPartOf":{"@id":"https:\/\/www.robertzueblin.com\/es\/#website"},"primaryImageOfPage":{"@id":"https:\/\/www.robertzueblin.com\/es\/richard-bampi\/cesto-en-estilo-wabi-sabi\/#primaryimage"},"image":{"@id":"https:\/\/www.robertzueblin.com\/es\/richard-bampi\/cesto-en-estilo-wabi-sabi\/#primaryimage"},"thumbnailUrl":"https:\/\/www.robertzueblin.com\/wp-content\/uploads\/richard-bampi-ceramica-de-taller-cesto-estilo-wabi-sabi-foto-titulo.jpg","datePublished":"2021-12-03T08:52:09+00:00","dateModified":"2023-01-11T10:47:43+00:00","description":"Cuenco con asa de cer\u00e1mica de taller en estilo wabi-sabi del ceramista Richard Bampi con ejecuci\u00f3n en la manufactura de loza Richard Bampi.","breadcrumb":{"@id":"https:\/\/www.robertzueblin.com\/es\/richard-bampi\/cesto-en-estilo-wabi-sabi\/#breadcrumb"},"inLanguage":"es","potentialAction":[{"@type":"ReadAction","target":["https:\/\/www.robertzueblin.com\/es\/richard-bampi\/cesto-en-estilo-wabi-sabi\/"]}]},{"@type":"ImageObject","inLanguage":"es","@id":"https:\/\/www.robertzueblin.com\/es\/richard-bampi\/cesto-en-estilo-wabi-sabi\/#primaryimage","url":"https:\/\/www.robertzueblin.com\/wp-content\/uploads\/richard-bampi-ceramica-de-taller-cesto-estilo-wabi-sabi-foto-titulo.jpg","contentUrl":"https:\/\/www.robertzueblin.com\/wp-content\/uploads\/richard-bampi-ceramica-de-taller-cesto-estilo-wabi-sabi-foto-titulo.jpg","width":1000,"height":1000},{"@type":"BreadcrumbList","@id":"https:\/\/www.robertzueblin.com\/es\/richard-bampi\/cesto-en-estilo-wabi-sabi\/#breadcrumb","itemListElement":[{"@type":"ListItem","position":1,"name":"Startseite","item":"https:\/\/www.robertzueblin.com\/es\/"},{"@type":"ListItem","position":2,"name":"Galer\u00eda de arte online (tienda online)","item":"https:\/\/www.robertzueblin.com\/es\/galeria-de-arte-online\/"},{"@type":"ListItem","position":3,"name":"Richard BAMPI (* 1896, \u2020 1965) &#8211; Cesto en estilo Wabi-Sabi &#8211; cer\u00e1mica de taller"}]},{"@type":"WebSite","@id":"https:\/\/www.robertzueblin.com\/es\/#website","url":"https:\/\/www.robertzueblin.com\/es\/","name":"ROBERT Z\u00dcBLIN","description":"","publisher":{"@id":"https:\/\/www.robertzueblin.com\/es\/#organization"},"potentialAction":[{"@type":"SearchAction","target":{"@type":"EntryPoint","urlTemplate":"https:\/\/www.robertzueblin.com\/es\/?s={search_term_string}"},"query-input":{"@type":"PropertyValueSpecification","valueRequired":true,"valueName":"search_term_string"}}],"inLanguage":"es"},{"@type":"Organization","@id":"https:\/\/www.robertzueblin.com\/es\/#organization","name":"ROBERT Z\u00dcBLIN","url":"https:\/\/www.robertzueblin.com\/es\/","logo":{"@type":"ImageObject","inLanguage":"es","@id":"https:\/\/www.robertzueblin.com\/es\/#\/schema\/logo\/image\/","url":"https:\/\/www.robertzueblin.com\/wp-content\/uploads\/cropped-cropped-logo-von-robert-zueblin.jpg","contentUrl":"https:\/\/www.robertzueblin.com\/wp-content\/uploads\/cropped-cropped-logo-von-robert-zueblin.jpg","width":440,"height":60,"caption":"ROBERT Z\u00dcBLIN"},"image":{"@id":"https:\/\/www.robertzueblin.com\/es\/#\/schema\/logo\/image\/"}}]}},"_links":{"self":[{"href":"https:\/\/www.robertzueblin.com\/es\/wp-json\/wp\/v2\/product\/3102","targetHints":{"allow":["GET"]}}],"collection":[{"href":"https:\/\/www.robertzueblin.com\/es\/wp-json\/wp\/v2\/product"}],"about":[{"href":"https:\/\/www.robertzueblin.com\/es\/wp-json\/wp\/v2\/types\/product"}],"wp:featuredmedia":[{"embeddable":true,"href":"https:\/\/www.robertzueblin.com\/es\/wp-json\/wp\/v2\/media\/2604"}],"wp:attachment":[{"href":"https:\/\/www.robertzueblin.com\/es\/wp-json\/wp\/v2\/media?parent=3102"}],"wp:term":[{"taxonomy":"product_brand","embeddable":true,"href":"https:\/\/www.robertzueblin.com\/es\/wp-json\/wp\/v2\/product_brand?post=3102"},{"taxonomy":"product_cat","embeddable":true,"href":"https:\/\/www.robertzueblin.com\/es\/wp-json\/wp\/v2\/product_cat?post=3102"},{"taxonomy":"product_tag","embeddable":true,"href":"https:\/\/www.robertzueblin.com\/es\/wp-json\/wp\/v2\/product_tag?post=3102"}],"curies":[{"name":"wp","href":"https:\/\/api.w.org\/{rel}","templated":true}]}}