{"id":3086,"date":"2021-10-09T11:06:22","date_gmt":"2021-11-29T20:55:41","guid":{"rendered":"https:\/\/www.robertzueblin.com\/?post_type=product&#038;p=3086"},"modified":"2025-01-17T16:48:37","modified_gmt":"2025-01-17T15:48:37","slug":"otto-douglas-hill-1897-%e2%80%a0-1972-jardinera-de-ceramica","status":"publish","type":"product","link":"https:\/\/www.robertzueblin.com\/es\/otto-douglas-hill\/portamacetas-de-ceramica\/","title":{"rendered":"Otto DOUGLAS-HILL (* 1897, \u2020 1972) &#8211; Portamacetas de cer\u00e1mica &#8211; cer\u00e1mica de taller"},"content":{"rendered":"<p><span style=\"font-family: AkkoPro-BoldCondensed!important\">Tipo:<\/span> <a href=\"https:\/\/www.robertzueblin.com\/es\/tipo\/ceramica-artistica-ceramica-artesanal-ceramica-de-taller\/\">Cer\u00e1mica de taller<\/a><\/p>\n<p><span style=\"font-family: AkkoPro-BoldCondensed!important\">Dise\u00f1o:<\/span> Otto Douglas-Hill (* 1897, \u2020 1972)<\/p>\n<p><span style=\"font-family: AkkoPro-BoldCondensed!important\">Ejecuci\u00f3n:<\/span> Taller de Otto Douglas-Hill<\/p>\n<p><span style=\"font-family: AkkoPro-BoldCondensed!important\">Objeto:<\/span> portamacetas<\/p>\n<p><span style=\"font-family: AkkoPro-BoldCondensed!important\">Dimensiones:<\/span> altura: 13,5 cm, anchura: 14 cm<\/p>\n<p><span style=\"font-family: AkkoPro-BoldCondensed!important\">Cuerpo:<\/span> cuerpo marr\u00f3n<\/p>\n<p><span style=\"font-family: AkkoPro-BoldCondensed!important\">Superficie:<\/span> exterior: rojo-marr\u00f3n, interior: negro<\/p>\n<p><span style=\"font-family: AkkoPro-BoldCondensed!important\">Fecha de producci\u00f3n:<\/span> a\u00f1os 40<\/p>\n<p><span style=\"font-family: AkkoPro-BoldCondensed!important\">Estado:<\/span> La jardinera de cer\u00e1mica tiene una mancha restaurada en el borde superior; en el interior del borde superior hay peque\u00f1os da\u00f1os, probablemente causados por el uso de la jardinera.<\/p>\n<p><span style=\"font-family: AkkoPro-BoldCondensed!important\">Firma\/marca:<\/span> O-H\u25c4- DOUGLASHILL<\/p>\n<p><span style=\"font-family: AkkoPro-BoldCondensed!important\">Detalles:<\/span><br \/>\nEl ceramista Otto Douglas-Hill, en realidad Otto Douglas Douglas-Hill, es conocido por sus inusuales dise\u00f1os. Douglas-Hill no pod\u00eda tornear \u00e9l mismo, pero dise\u00f1\u00f3 esta jardinera de cer\u00e1mica. Data probablemente de la d\u00e9cada de 1940, cuando el material escaseaba debido a la Segunda Guerra Mundial y, por tanto, ya no era posible realizar esmaltes elaborados.<\/p>\n","protected":false},"excerpt":{"rendered":"<p>Tipo: Cer\u00e1mica de taller Dise\u00f1o: Otto Douglas-Hill (* 1897, \u2020 1972) Ejecuci\u00f3n: Taller de Otto Douglas-Hill Objeto: portamacetas Dimensiones: altura: 13,5 cm, anchura: 14 cm Cuerpo: cuerpo marr\u00f3n Superficie: exterior: rojo-marr\u00f3n, interior: negro Fecha de producci\u00f3n: a\u00f1os 40 Estado: La jardinera de cer\u00e1mica tiene una mancha restaurada en el borde superior; en el interior del [&hellip;]<\/p>\n","protected":false},"featured_media":2704,"template":"","meta":[],"product_brand":[],"product_cat":[194],"product_tag":[],"class_list":{"0":"post-3086","1":"product","2":"type-product","3":"status-publish","4":"has-post-thumbnail","6":"product_cat-otto-douglas-hill","8":"first","9":"instock","10":"sold-individually","11":"shipping-taxable","12":"purchasable","13":"product-type-simple"},"yoast_head":"<!-- This site is optimized with the Yoast SEO plugin v27.4 - https:\/\/yoast.com\/product\/yoast-seo-wordpress\/ -->\n<title>Otto DOUGLAS-HILL (* 1897, \u2020 1972) - Portamacetas de cer\u00e1mica<\/title>\n<meta name=\"description\" content=\"Jardinera de cer\u00e1mica de taller de la d\u00e9cada de 1940, obra de Otto Douglas-Hill, entonces profesor de la Hochschule f\u00fcr Bildende K\u00fcnste de Berl\u00edn.\" \/>\n<meta name=\"robots\" content=\"index, follow, max-snippet:-1, max-image-preview:large, max-video-preview:-1\" \/>\n<link rel=\"canonical\" href=\"https:\/\/www.robertzueblin.com\/es\/otto-douglas-hill\/portamacetas-de-ceramica\/\" \/>\n<meta property=\"og:locale\" content=\"es_ES\" \/>\n<meta property=\"og:type\" content=\"article\" \/>\n<meta property=\"og:title\" content=\"Otto DOUGLAS-HILL (* 1897, \u2020 1972) - Portamacetas de cer\u00e1mica\" \/>\n<meta property=\"og:description\" content=\"Jardinera de cer\u00e1mica de taller de la d\u00e9cada de 1940, obra de Otto Douglas-Hill, entonces profesor de la Hochschule f\u00fcr Bildende K\u00fcnste de Berl\u00edn.\" \/>\n<meta property=\"og:url\" content=\"https:\/\/www.robertzueblin.com\/es\/otto-douglas-hill\/portamacetas-de-ceramica\/\" \/>\n<meta property=\"og:site_name\" content=\"ROBERT Z\u00dcBLIN\" \/>\n<meta property=\"article:modified_time\" content=\"2025-01-17T15:48:37+00:00\" \/>\n<meta property=\"og:image\" content=\"https:\/\/www.robertzueblin.com\/wp-content\/uploads\/otto-douglas-hill-jardinera-ceramica-foto-titulo.jpg\" \/>\n\t<meta property=\"og:image:width\" content=\"870\" \/>\n\t<meta property=\"og:image:height\" content=\"870\" \/>\n\t<meta property=\"og:image:type\" content=\"image\/jpeg\" \/>\n<meta name=\"twitter:card\" content=\"summary_large_image\" \/>\n<script type=\"application\/ld+json\" class=\"yoast-schema-graph\">{\"@context\":\"https:\\\/\\\/schema.org\",\"@graph\":[{\"@type\":\"WebPage\",\"@id\":\"https:\\\/\\\/www.robertzueblin.com\\\/es\\\/otto-douglas-hill\\\/portamacetas-de-ceramica\\\/\",\"url\":\"https:\\\/\\\/www.robertzueblin.com\\\/es\\\/otto-douglas-hill\\\/portamacetas-de-ceramica\\\/\",\"name\":\"Otto DOUGLAS-HILL (* 1897, \u2020 1972) - Portamacetas de cer\u00e1mica\",\"isPartOf\":{\"@id\":\"https:\\\/\\\/www.robertzueblin.com\\\/es\\\/#website\"},\"primaryImageOfPage\":{\"@id\":\"https:\\\/\\\/www.robertzueblin.com\\\/es\\\/otto-douglas-hill\\\/portamacetas-de-ceramica\\\/#primaryimage\"},\"image\":{\"@id\":\"https:\\\/\\\/www.robertzueblin.com\\\/es\\\/otto-douglas-hill\\\/portamacetas-de-ceramica\\\/#primaryimage\"},\"thumbnailUrl\":\"https:\\\/\\\/www.robertzueblin.com\\\/wp-content\\\/uploads\\\/otto-douglas-hill-jardinera-ceramica-foto-titulo.jpg\",\"datePublished\":\"2021-11-29T20:55:41+00:00\",\"dateModified\":\"2025-01-17T15:48:37+00:00\",\"description\":\"Jardinera de cer\u00e1mica de taller de la d\u00e9cada de 1940, obra de Otto Douglas-Hill, entonces profesor de la Hochschule f\u00fcr Bildende K\u00fcnste de Berl\u00edn.\",\"breadcrumb\":{\"@id\":\"https:\\\/\\\/www.robertzueblin.com\\\/es\\\/otto-douglas-hill\\\/portamacetas-de-ceramica\\\/#breadcrumb\"},\"inLanguage\":\"es\",\"potentialAction\":[{\"@type\":\"ReadAction\",\"target\":[\"https:\\\/\\\/www.robertzueblin.com\\\/es\\\/otto-douglas-hill\\\/portamacetas-de-ceramica\\\/\"]}]},{\"@type\":\"ImageObject\",\"inLanguage\":\"es\",\"@id\":\"https:\\\/\\\/www.robertzueblin.com\\\/es\\\/otto-douglas-hill\\\/portamacetas-de-ceramica\\\/#primaryimage\",\"url\":\"https:\\\/\\\/www.robertzueblin.com\\\/wp-content\\\/uploads\\\/otto-douglas-hill-jardinera-ceramica-foto-titulo.jpg\",\"contentUrl\":\"https:\\\/\\\/www.robertzueblin.com\\\/wp-content\\\/uploads\\\/otto-douglas-hill-jardinera-ceramica-foto-titulo.jpg\",\"width\":870,\"height\":870},{\"@type\":\"BreadcrumbList\",\"@id\":\"https:\\\/\\\/www.robertzueblin.com\\\/es\\\/otto-douglas-hill\\\/portamacetas-de-ceramica\\\/#breadcrumb\",\"itemListElement\":[{\"@type\":\"ListItem\",\"position\":1,\"name\":\"Startseite\",\"item\":\"https:\\\/\\\/www.robertzueblin.com\\\/es\\\/\"},{\"@type\":\"ListItem\",\"position\":2,\"name\":\"Galer\u00eda de arte online (tienda online)\",\"item\":\"https:\\\/\\\/www.robertzueblin.com\\\/es\\\/galeria-de-arte-online\\\/\"},{\"@type\":\"ListItem\",\"position\":3,\"name\":\"Otto DOUGLAS-HILL (* 1897, \u2020 1972) &#8211; Portamacetas de cer\u00e1mica &#8211; cer\u00e1mica de taller\"}]},{\"@type\":\"WebSite\",\"@id\":\"https:\\\/\\\/www.robertzueblin.com\\\/es\\\/#website\",\"url\":\"https:\\\/\\\/www.robertzueblin.com\\\/es\\\/\",\"name\":\"ROBERT Z\u00dcBLIN\",\"description\":\"\",\"publisher\":{\"@id\":\"https:\\\/\\\/www.robertzueblin.com\\\/es\\\/#organization\"},\"potentialAction\":[{\"@type\":\"SearchAction\",\"target\":{\"@type\":\"EntryPoint\",\"urlTemplate\":\"https:\\\/\\\/www.robertzueblin.com\\\/es\\\/?s={search_term_string}\"},\"query-input\":{\"@type\":\"PropertyValueSpecification\",\"valueRequired\":true,\"valueName\":\"search_term_string\"}}],\"inLanguage\":\"es\"},{\"@type\":\"Organization\",\"@id\":\"https:\\\/\\\/www.robertzueblin.com\\\/es\\\/#organization\",\"name\":\"ROBERT Z\u00dcBLIN\",\"url\":\"https:\\\/\\\/www.robertzueblin.com\\\/es\\\/\",\"logo\":{\"@type\":\"ImageObject\",\"inLanguage\":\"es\",\"@id\":\"https:\\\/\\\/www.robertzueblin.com\\\/es\\\/#\\\/schema\\\/logo\\\/image\\\/\",\"url\":\"https:\\\/\\\/www.robertzueblin.com\\\/wp-content\\\/uploads\\\/cropped-cropped-logo-von-robert-zueblin.jpg\",\"contentUrl\":\"https:\\\/\\\/www.robertzueblin.com\\\/wp-content\\\/uploads\\\/cropped-cropped-logo-von-robert-zueblin.jpg\",\"width\":440,\"height\":60,\"caption\":\"ROBERT Z\u00dcBLIN\"},\"image\":{\"@id\":\"https:\\\/\\\/www.robertzueblin.com\\\/es\\\/#\\\/schema\\\/logo\\\/image\\\/\"}}]}<\/script>\n<!-- \/ Yoast SEO plugin. -->","yoast_head_json":{"title":"Otto DOUGLAS-HILL (* 1897, \u2020 1972) - Portamacetas de cer\u00e1mica","description":"Jardinera de cer\u00e1mica de taller de la d\u00e9cada de 1940, obra de Otto Douglas-Hill, entonces profesor de la Hochschule f\u00fcr Bildende K\u00fcnste de Berl\u00edn.","robots":{"index":"index","follow":"follow","max-snippet":"max-snippet:-1","max-image-preview":"max-image-preview:large","max-video-preview":"max-video-preview:-1"},"canonical":"https:\/\/www.robertzueblin.com\/es\/otto-douglas-hill\/portamacetas-de-ceramica\/","og_locale":"es_ES","og_type":"article","og_title":"Otto DOUGLAS-HILL (* 1897, \u2020 1972) - Portamacetas de cer\u00e1mica","og_description":"Jardinera de cer\u00e1mica de taller de la d\u00e9cada de 1940, obra de Otto Douglas-Hill, entonces profesor de la Hochschule f\u00fcr Bildende K\u00fcnste de Berl\u00edn.","og_url":"https:\/\/www.robertzueblin.com\/es\/otto-douglas-hill\/portamacetas-de-ceramica\/","og_site_name":"ROBERT Z\u00dcBLIN","article_modified_time":"2025-01-17T15:48:37+00:00","og_image":[{"width":870,"height":870,"url":"https:\/\/www.robertzueblin.com\/wp-content\/uploads\/otto-douglas-hill-jardinera-ceramica-foto-titulo.jpg","type":"image\/jpeg"}],"twitter_card":"summary_large_image","schema":{"@context":"https:\/\/schema.org","@graph":[{"@type":"WebPage","@id":"https:\/\/www.robertzueblin.com\/es\/otto-douglas-hill\/portamacetas-de-ceramica\/","url":"https:\/\/www.robertzueblin.com\/es\/otto-douglas-hill\/portamacetas-de-ceramica\/","name":"Otto DOUGLAS-HILL (* 1897, \u2020 1972) - Portamacetas de cer\u00e1mica","isPartOf":{"@id":"https:\/\/www.robertzueblin.com\/es\/#website"},"primaryImageOfPage":{"@id":"https:\/\/www.robertzueblin.com\/es\/otto-douglas-hill\/portamacetas-de-ceramica\/#primaryimage"},"image":{"@id":"https:\/\/www.robertzueblin.com\/es\/otto-douglas-hill\/portamacetas-de-ceramica\/#primaryimage"},"thumbnailUrl":"https:\/\/www.robertzueblin.com\/wp-content\/uploads\/otto-douglas-hill-jardinera-ceramica-foto-titulo.jpg","datePublished":"2021-11-29T20:55:41+00:00","dateModified":"2025-01-17T15:48:37+00:00","description":"Jardinera de cer\u00e1mica de taller de la d\u00e9cada de 1940, obra de Otto Douglas-Hill, entonces profesor de la Hochschule f\u00fcr Bildende K\u00fcnste de Berl\u00edn.","breadcrumb":{"@id":"https:\/\/www.robertzueblin.com\/es\/otto-douglas-hill\/portamacetas-de-ceramica\/#breadcrumb"},"inLanguage":"es","potentialAction":[{"@type":"ReadAction","target":["https:\/\/www.robertzueblin.com\/es\/otto-douglas-hill\/portamacetas-de-ceramica\/"]}]},{"@type":"ImageObject","inLanguage":"es","@id":"https:\/\/www.robertzueblin.com\/es\/otto-douglas-hill\/portamacetas-de-ceramica\/#primaryimage","url":"https:\/\/www.robertzueblin.com\/wp-content\/uploads\/otto-douglas-hill-jardinera-ceramica-foto-titulo.jpg","contentUrl":"https:\/\/www.robertzueblin.com\/wp-content\/uploads\/otto-douglas-hill-jardinera-ceramica-foto-titulo.jpg","width":870,"height":870},{"@type":"BreadcrumbList","@id":"https:\/\/www.robertzueblin.com\/es\/otto-douglas-hill\/portamacetas-de-ceramica\/#breadcrumb","itemListElement":[{"@type":"ListItem","position":1,"name":"Startseite","item":"https:\/\/www.robertzueblin.com\/es\/"},{"@type":"ListItem","position":2,"name":"Galer\u00eda de arte online (tienda online)","item":"https:\/\/www.robertzueblin.com\/es\/galeria-de-arte-online\/"},{"@type":"ListItem","position":3,"name":"Otto DOUGLAS-HILL (* 1897, \u2020 1972) &#8211; Portamacetas de cer\u00e1mica &#8211; cer\u00e1mica de taller"}]},{"@type":"WebSite","@id":"https:\/\/www.robertzueblin.com\/es\/#website","url":"https:\/\/www.robertzueblin.com\/es\/","name":"ROBERT Z\u00dcBLIN","description":"","publisher":{"@id":"https:\/\/www.robertzueblin.com\/es\/#organization"},"potentialAction":[{"@type":"SearchAction","target":{"@type":"EntryPoint","urlTemplate":"https:\/\/www.robertzueblin.com\/es\/?s={search_term_string}"},"query-input":{"@type":"PropertyValueSpecification","valueRequired":true,"valueName":"search_term_string"}}],"inLanguage":"es"},{"@type":"Organization","@id":"https:\/\/www.robertzueblin.com\/es\/#organization","name":"ROBERT Z\u00dcBLIN","url":"https:\/\/www.robertzueblin.com\/es\/","logo":{"@type":"ImageObject","inLanguage":"es","@id":"https:\/\/www.robertzueblin.com\/es\/#\/schema\/logo\/image\/","url":"https:\/\/www.robertzueblin.com\/wp-content\/uploads\/cropped-cropped-logo-von-robert-zueblin.jpg","contentUrl":"https:\/\/www.robertzueblin.com\/wp-content\/uploads\/cropped-cropped-logo-von-robert-zueblin.jpg","width":440,"height":60,"caption":"ROBERT Z\u00dcBLIN"},"image":{"@id":"https:\/\/www.robertzueblin.com\/es\/#\/schema\/logo\/image\/"}}]}},"_links":{"self":[{"href":"https:\/\/www.robertzueblin.com\/es\/wp-json\/wp\/v2\/product\/3086","targetHints":{"allow":["GET"]}}],"collection":[{"href":"https:\/\/www.robertzueblin.com\/es\/wp-json\/wp\/v2\/product"}],"about":[{"href":"https:\/\/www.robertzueblin.com\/es\/wp-json\/wp\/v2\/types\/product"}],"wp:featuredmedia":[{"embeddable":true,"href":"https:\/\/www.robertzueblin.com\/es\/wp-json\/wp\/v2\/media\/2704"}],"wp:attachment":[{"href":"https:\/\/www.robertzueblin.com\/es\/wp-json\/wp\/v2\/media?parent=3086"}],"wp:term":[{"taxonomy":"product_brand","embeddable":true,"href":"https:\/\/www.robertzueblin.com\/es\/wp-json\/wp\/v2\/product_brand?post=3086"},{"taxonomy":"product_cat","embeddable":true,"href":"https:\/\/www.robertzueblin.com\/es\/wp-json\/wp\/v2\/product_cat?post=3086"},{"taxonomy":"product_tag","embeddable":true,"href":"https:\/\/www.robertzueblin.com\/es\/wp-json\/wp\/v2\/product_tag?post=3086"}],"curies":[{"name":"wp","href":"https:\/\/api.w.org\/{rel}","templated":true}]}}