{"id":3083,"date":"2021-10-09T11:20:04","date_gmt":"2021-11-29T18:20:49","guid":{"rendered":"https:\/\/www.robertzueblin.com\/?post_type=product&#038;p=3083"},"modified":"2023-03-05T12:48:54","modified_gmt":"2023-03-05T11:48:54","slug":"goerge-hohlt-1930-jarron-marron","status":"publish","type":"product","link":"https:\/\/www.robertzueblin.com\/es\/goerge-hohlt\/jarron-marron\/","title":{"rendered":"G\u00f6rge HOHLT (* 1930, \u2020 2022) &#8211; Jarr\u00f3n marr\u00f3n &#8211; cer\u00e1mica de taller"},"content":{"rendered":"<p><span style=\"font-family: AkkoPro-BoldCondensed!important\">Tipo:<\/span> <a href=\"https:\/\/www.robertzueblin.com\/es\/tipo\/ceramica-artistica-ceramica-artesanal-ceramica-de-taller\/\">Cer\u00e1mica de taller<\/a><\/p>\n<p><span style=\"font-family: AkkoPro-BoldCondensed!important\">Dise\u00f1o:<\/span> G\u00f6rge Hohlt (* 1930, \u2020 2022)<\/p>\n<p><span style=\"font-family: AkkoPro-BoldCondensed!important\">Ejecuci\u00f3n:<\/span> G\u00f6rge Hohlt (* 1930, \u2020 2022)<\/p>\n<p><span style=\"font-family: AkkoPro-BoldCondensed!important\">Objeto:<\/span> jarr\u00f3n<\/p>\n<p><span style=\"font-family: AkkoPro-BoldCondensed!important\">Dimensiones:<\/span> altura: 14 cm, anchura: 14,5 cm<\/p>\n<p><span style=\"font-family: AkkoPro-BoldCondensed!important\">Cuerpo:<\/span> cuerpo de color claro<\/p>\n<p><span style=\"font-family: AkkoPro-BoldCondensed!important\">Superficie:<\/span> marr\u00f3n, rojo vino, p\u00farpura, verde oscuro<\/p>\n<p><span style=\"font-family: AkkoPro-BoldCondensed!important\">A\u00f1o de producci\u00f3n:<\/span> 1978<\/p>\n<p><span style=\"font-family: AkkoPro-BoldCondensed!important\">Estado:<\/span> sin da\u00f1os<\/p>\n<p><span style=\"font-family: AkkoPro-BoldCondensed!important\">Firma\/marca:<\/span> gato nuevo y G en H<\/p>\n<p><span style=\"font-family: AkkoPro-BoldCondensed!important\">Detalles:<\/span><br \/>\nEste jarr\u00f3n de cer\u00e1mica fue torneado por el ceramista G\u00f6rge Hohlt. El esmalte est\u00e1 parcialmente craquelado. Cautiva por su delicado juego de colores de verde oscuro, rojo vino y p\u00farpura. El a\u00f1o de producci\u00f3n, 1978, puede verse en la firma.<\/p>\n","protected":false},"excerpt":{"rendered":"<p>Tipo: Cer\u00e1mica de taller Dise\u00f1o: G\u00f6rge Hohlt (* 1930, \u2020 2022) Ejecuci\u00f3n: G\u00f6rge Hohlt (* 1930, \u2020 2022) Objeto: jarr\u00f3n Dimensiones: altura: 14 cm, anchura: 14,5 cm Cuerpo: cuerpo de color claro Superficie: marr\u00f3n, rojo vino, p\u00farpura, verde oscuro A\u00f1o de producci\u00f3n: 1978 Estado: sin da\u00f1os Firma\/marca: gato nuevo y G en H Detalles: Este [&hellip;]<\/p>\n","protected":false},"featured_media":2773,"template":"","meta":[],"product_brand":[],"product_cat":[183],"product_tag":[],"class_list":{"0":"post-3083","1":"product","2":"type-product","3":"status-publish","4":"has-post-thumbnail","6":"product_cat-goerge-hohlt","8":"first","9":"instock","10":"sold-individually","11":"shipping-taxable","12":"purchasable","13":"product-type-simple"},"yoast_head":"<!-- This site is optimized with the Yoast SEO plugin v27.4 - https:\/\/yoast.com\/product\/yoast-seo-wordpress\/ -->\n<title>G\u00f6rge HOHLT - Jarr\u00f3n marr\u00f3n - cer\u00e1mica de taller<\/title>\n<meta name=\"description\" content=\"Jarr\u00f3n de cer\u00e1mica de taller en marr\u00f3n, rojo vino y morado, con esmalte parcialmente craquelado, realizada en 1978 por el ceramista G\u00f6rge Hohlt.\" \/>\n<meta name=\"robots\" content=\"index, follow, max-snippet:-1, max-image-preview:large, max-video-preview:-1\" \/>\n<link rel=\"canonical\" href=\"https:\/\/www.robertzueblin.com\/es\/goerge-hohlt\/jarron-marron\/\" \/>\n<meta property=\"og:locale\" content=\"es_ES\" \/>\n<meta property=\"og:type\" content=\"article\" \/>\n<meta property=\"og:title\" content=\"G\u00f6rge HOHLT - Jarr\u00f3n marr\u00f3n - cer\u00e1mica de taller\" \/>\n<meta property=\"og:description\" content=\"Jarr\u00f3n de cer\u00e1mica de taller en marr\u00f3n, rojo vino y morado, con esmalte parcialmente craquelado, realizada en 1978 por el ceramista G\u00f6rge Hohlt.\" \/>\n<meta property=\"og:url\" content=\"https:\/\/www.robertzueblin.com\/es\/goerge-hohlt\/jarron-marron\/\" \/>\n<meta property=\"og:site_name\" content=\"ROBERT Z\u00dcBLIN\" \/>\n<meta property=\"article:modified_time\" content=\"2023-03-05T11:48:54+00:00\" \/>\n<meta property=\"og:image\" content=\"https:\/\/www.robertzueblin.com\/wp-content\/uploads\/goerge-hohlt-ceramica-de-taller-jarron-marron-foto-titulo.jpg\" \/>\n\t<meta property=\"og:image:width\" content=\"1080\" \/>\n\t<meta property=\"og:image:height\" content=\"1080\" \/>\n\t<meta property=\"og:image:type\" content=\"image\/jpeg\" \/>\n<meta name=\"twitter:card\" content=\"summary_large_image\" \/>\n<script type=\"application\/ld+json\" class=\"yoast-schema-graph\">{\"@context\":\"https:\\\/\\\/schema.org\",\"@graph\":[{\"@type\":\"WebPage\",\"@id\":\"https:\\\/\\\/www.robertzueblin.com\\\/es\\\/goerge-hohlt\\\/jarron-marron\\\/\",\"url\":\"https:\\\/\\\/www.robertzueblin.com\\\/es\\\/goerge-hohlt\\\/jarron-marron\\\/\",\"name\":\"G\u00f6rge HOHLT - Jarr\u00f3n marr\u00f3n - cer\u00e1mica de taller\",\"isPartOf\":{\"@id\":\"https:\\\/\\\/www.robertzueblin.com\\\/es\\\/#website\"},\"primaryImageOfPage\":{\"@id\":\"https:\\\/\\\/www.robertzueblin.com\\\/es\\\/goerge-hohlt\\\/jarron-marron\\\/#primaryimage\"},\"image\":{\"@id\":\"https:\\\/\\\/www.robertzueblin.com\\\/es\\\/goerge-hohlt\\\/jarron-marron\\\/#primaryimage\"},\"thumbnailUrl\":\"https:\\\/\\\/www.robertzueblin.com\\\/wp-content\\\/uploads\\\/goerge-hohlt-ceramica-de-taller-jarron-marron-foto-titulo.jpg\",\"datePublished\":\"2021-11-29T18:20:49+00:00\",\"dateModified\":\"2023-03-05T11:48:54+00:00\",\"description\":\"Jarr\u00f3n de cer\u00e1mica de taller en marr\u00f3n, rojo vino y morado, con esmalte parcialmente craquelado, realizada en 1978 por el ceramista G\u00f6rge Hohlt.\",\"breadcrumb\":{\"@id\":\"https:\\\/\\\/www.robertzueblin.com\\\/es\\\/goerge-hohlt\\\/jarron-marron\\\/#breadcrumb\"},\"inLanguage\":\"es\",\"potentialAction\":[{\"@type\":\"ReadAction\",\"target\":[\"https:\\\/\\\/www.robertzueblin.com\\\/es\\\/goerge-hohlt\\\/jarron-marron\\\/\"]}]},{\"@type\":\"ImageObject\",\"inLanguage\":\"es\",\"@id\":\"https:\\\/\\\/www.robertzueblin.com\\\/es\\\/goerge-hohlt\\\/jarron-marron\\\/#primaryimage\",\"url\":\"https:\\\/\\\/www.robertzueblin.com\\\/wp-content\\\/uploads\\\/goerge-hohlt-ceramica-de-taller-jarron-marron-foto-titulo.jpg\",\"contentUrl\":\"https:\\\/\\\/www.robertzueblin.com\\\/wp-content\\\/uploads\\\/goerge-hohlt-ceramica-de-taller-jarron-marron-foto-titulo.jpg\",\"width\":1080,\"height\":1080},{\"@type\":\"BreadcrumbList\",\"@id\":\"https:\\\/\\\/www.robertzueblin.com\\\/es\\\/goerge-hohlt\\\/jarron-marron\\\/#breadcrumb\",\"itemListElement\":[{\"@type\":\"ListItem\",\"position\":1,\"name\":\"Startseite\",\"item\":\"https:\\\/\\\/www.robertzueblin.com\\\/es\\\/\"},{\"@type\":\"ListItem\",\"position\":2,\"name\":\"Galer\u00eda de arte online (tienda online)\",\"item\":\"https:\\\/\\\/www.robertzueblin.com\\\/es\\\/galeria-de-arte-online\\\/\"},{\"@type\":\"ListItem\",\"position\":3,\"name\":\"G\u00f6rge HOHLT (* 1930, \u2020 2022) &#8211; Jarr\u00f3n marr\u00f3n &#8211; cer\u00e1mica de taller\"}]},{\"@type\":\"WebSite\",\"@id\":\"https:\\\/\\\/www.robertzueblin.com\\\/es\\\/#website\",\"url\":\"https:\\\/\\\/www.robertzueblin.com\\\/es\\\/\",\"name\":\"ROBERT Z\u00dcBLIN\",\"description\":\"\",\"publisher\":{\"@id\":\"https:\\\/\\\/www.robertzueblin.com\\\/es\\\/#organization\"},\"potentialAction\":[{\"@type\":\"SearchAction\",\"target\":{\"@type\":\"EntryPoint\",\"urlTemplate\":\"https:\\\/\\\/www.robertzueblin.com\\\/es\\\/?s={search_term_string}\"},\"query-input\":{\"@type\":\"PropertyValueSpecification\",\"valueRequired\":true,\"valueName\":\"search_term_string\"}}],\"inLanguage\":\"es\"},{\"@type\":\"Organization\",\"@id\":\"https:\\\/\\\/www.robertzueblin.com\\\/es\\\/#organization\",\"name\":\"ROBERT Z\u00dcBLIN\",\"url\":\"https:\\\/\\\/www.robertzueblin.com\\\/es\\\/\",\"logo\":{\"@type\":\"ImageObject\",\"inLanguage\":\"es\",\"@id\":\"https:\\\/\\\/www.robertzueblin.com\\\/es\\\/#\\\/schema\\\/logo\\\/image\\\/\",\"url\":\"https:\\\/\\\/www.robertzueblin.com\\\/wp-content\\\/uploads\\\/cropped-cropped-logo-von-robert-zueblin.jpg\",\"contentUrl\":\"https:\\\/\\\/www.robertzueblin.com\\\/wp-content\\\/uploads\\\/cropped-cropped-logo-von-robert-zueblin.jpg\",\"width\":440,\"height\":60,\"caption\":\"ROBERT Z\u00dcBLIN\"},\"image\":{\"@id\":\"https:\\\/\\\/www.robertzueblin.com\\\/es\\\/#\\\/schema\\\/logo\\\/image\\\/\"}}]}<\/script>\n<!-- \/ Yoast SEO plugin. -->","yoast_head_json":{"title":"G\u00f6rge HOHLT - Jarr\u00f3n marr\u00f3n - cer\u00e1mica de taller","description":"Jarr\u00f3n de cer\u00e1mica de taller en marr\u00f3n, rojo vino y morado, con esmalte parcialmente craquelado, realizada en 1978 por el ceramista G\u00f6rge Hohlt.","robots":{"index":"index","follow":"follow","max-snippet":"max-snippet:-1","max-image-preview":"max-image-preview:large","max-video-preview":"max-video-preview:-1"},"canonical":"https:\/\/www.robertzueblin.com\/es\/goerge-hohlt\/jarron-marron\/","og_locale":"es_ES","og_type":"article","og_title":"G\u00f6rge HOHLT - Jarr\u00f3n marr\u00f3n - cer\u00e1mica de taller","og_description":"Jarr\u00f3n de cer\u00e1mica de taller en marr\u00f3n, rojo vino y morado, con esmalte parcialmente craquelado, realizada en 1978 por el ceramista G\u00f6rge Hohlt.","og_url":"https:\/\/www.robertzueblin.com\/es\/goerge-hohlt\/jarron-marron\/","og_site_name":"ROBERT Z\u00dcBLIN","article_modified_time":"2023-03-05T11:48:54+00:00","og_image":[{"width":1080,"height":1080,"url":"https:\/\/www.robertzueblin.com\/wp-content\/uploads\/goerge-hohlt-ceramica-de-taller-jarron-marron-foto-titulo.jpg","type":"image\/jpeg"}],"twitter_card":"summary_large_image","schema":{"@context":"https:\/\/schema.org","@graph":[{"@type":"WebPage","@id":"https:\/\/www.robertzueblin.com\/es\/goerge-hohlt\/jarron-marron\/","url":"https:\/\/www.robertzueblin.com\/es\/goerge-hohlt\/jarron-marron\/","name":"G\u00f6rge HOHLT - Jarr\u00f3n marr\u00f3n - cer\u00e1mica de taller","isPartOf":{"@id":"https:\/\/www.robertzueblin.com\/es\/#website"},"primaryImageOfPage":{"@id":"https:\/\/www.robertzueblin.com\/es\/goerge-hohlt\/jarron-marron\/#primaryimage"},"image":{"@id":"https:\/\/www.robertzueblin.com\/es\/goerge-hohlt\/jarron-marron\/#primaryimage"},"thumbnailUrl":"https:\/\/www.robertzueblin.com\/wp-content\/uploads\/goerge-hohlt-ceramica-de-taller-jarron-marron-foto-titulo.jpg","datePublished":"2021-11-29T18:20:49+00:00","dateModified":"2023-03-05T11:48:54+00:00","description":"Jarr\u00f3n de cer\u00e1mica de taller en marr\u00f3n, rojo vino y morado, con esmalte parcialmente craquelado, realizada en 1978 por el ceramista G\u00f6rge Hohlt.","breadcrumb":{"@id":"https:\/\/www.robertzueblin.com\/es\/goerge-hohlt\/jarron-marron\/#breadcrumb"},"inLanguage":"es","potentialAction":[{"@type":"ReadAction","target":["https:\/\/www.robertzueblin.com\/es\/goerge-hohlt\/jarron-marron\/"]}]},{"@type":"ImageObject","inLanguage":"es","@id":"https:\/\/www.robertzueblin.com\/es\/goerge-hohlt\/jarron-marron\/#primaryimage","url":"https:\/\/www.robertzueblin.com\/wp-content\/uploads\/goerge-hohlt-ceramica-de-taller-jarron-marron-foto-titulo.jpg","contentUrl":"https:\/\/www.robertzueblin.com\/wp-content\/uploads\/goerge-hohlt-ceramica-de-taller-jarron-marron-foto-titulo.jpg","width":1080,"height":1080},{"@type":"BreadcrumbList","@id":"https:\/\/www.robertzueblin.com\/es\/goerge-hohlt\/jarron-marron\/#breadcrumb","itemListElement":[{"@type":"ListItem","position":1,"name":"Startseite","item":"https:\/\/www.robertzueblin.com\/es\/"},{"@type":"ListItem","position":2,"name":"Galer\u00eda de arte online (tienda online)","item":"https:\/\/www.robertzueblin.com\/es\/galeria-de-arte-online\/"},{"@type":"ListItem","position":3,"name":"G\u00f6rge HOHLT (* 1930, \u2020 2022) &#8211; Jarr\u00f3n marr\u00f3n &#8211; cer\u00e1mica de taller"}]},{"@type":"WebSite","@id":"https:\/\/www.robertzueblin.com\/es\/#website","url":"https:\/\/www.robertzueblin.com\/es\/","name":"ROBERT Z\u00dcBLIN","description":"","publisher":{"@id":"https:\/\/www.robertzueblin.com\/es\/#organization"},"potentialAction":[{"@type":"SearchAction","target":{"@type":"EntryPoint","urlTemplate":"https:\/\/www.robertzueblin.com\/es\/?s={search_term_string}"},"query-input":{"@type":"PropertyValueSpecification","valueRequired":true,"valueName":"search_term_string"}}],"inLanguage":"es"},{"@type":"Organization","@id":"https:\/\/www.robertzueblin.com\/es\/#organization","name":"ROBERT Z\u00dcBLIN","url":"https:\/\/www.robertzueblin.com\/es\/","logo":{"@type":"ImageObject","inLanguage":"es","@id":"https:\/\/www.robertzueblin.com\/es\/#\/schema\/logo\/image\/","url":"https:\/\/www.robertzueblin.com\/wp-content\/uploads\/cropped-cropped-logo-von-robert-zueblin.jpg","contentUrl":"https:\/\/www.robertzueblin.com\/wp-content\/uploads\/cropped-cropped-logo-von-robert-zueblin.jpg","width":440,"height":60,"caption":"ROBERT Z\u00dcBLIN"},"image":{"@id":"https:\/\/www.robertzueblin.com\/es\/#\/schema\/logo\/image\/"}}]}},"_links":{"self":[{"href":"https:\/\/www.robertzueblin.com\/es\/wp-json\/wp\/v2\/product\/3083","targetHints":{"allow":["GET"]}}],"collection":[{"href":"https:\/\/www.robertzueblin.com\/es\/wp-json\/wp\/v2\/product"}],"about":[{"href":"https:\/\/www.robertzueblin.com\/es\/wp-json\/wp\/v2\/types\/product"}],"wp:featuredmedia":[{"embeddable":true,"href":"https:\/\/www.robertzueblin.com\/es\/wp-json\/wp\/v2\/media\/2773"}],"wp:attachment":[{"href":"https:\/\/www.robertzueblin.com\/es\/wp-json\/wp\/v2\/media?parent=3083"}],"wp:term":[{"taxonomy":"product_brand","embeddable":true,"href":"https:\/\/www.robertzueblin.com\/es\/wp-json\/wp\/v2\/product_brand?post=3083"},{"taxonomy":"product_cat","embeddable":true,"href":"https:\/\/www.robertzueblin.com\/es\/wp-json\/wp\/v2\/product_cat?post=3083"},{"taxonomy":"product_tag","embeddable":true,"href":"https:\/\/www.robertzueblin.com\/es\/wp-json\/wp\/v2\/product_tag?post=3083"}],"curies":[{"name":"wp","href":"https:\/\/api.w.org\/{rel}","templated":true}]}}