{"id":3082,"date":"2021-10-09T11:29:08","date_gmt":"2021-11-29T20:43:08","guid":{"rendered":"https:\/\/www.robertzueblin.com\/?post_type=product&#038;p=3082"},"modified":"2023-03-05T12:46:10","modified_gmt":"2023-03-05T11:46:10","slug":"goerge-hohlt-1930-jarron-de-porcelana-de-color-celadon","status":"publish","type":"product","link":"https:\/\/www.robertzueblin.com\/es\/goerge-hohlt\/jarron-de-porcelana-de-color-celadon\/","title":{"rendered":"G\u00f6rge HOHLT (* 1930, \u2020 2022) &#8211; Jarr\u00f3n de porcelana de color celad\u00f3n &#8211; cer\u00e1mica de taller"},"content":{"rendered":"<p><span style=\"font-family: AkkoPro-BoldCondensed!important\">Tipo:<\/span> <a href=\"https:\/\/www.robertzueblin.com\/es\/tipo\/ceramica-artistica-ceramica-artesanal-ceramica-de-taller\/\">Cer\u00e1mica de taller<\/a><\/p>\n<p><span style=\"font-family: AkkoPro-BoldCondensed!important\">Dise\u00f1o:<\/span> G\u00f6rge Hohlt (* 1930, \u2020 2022)<\/p>\n<p><span style=\"font-family: AkkoPro-BoldCondensed!important\">Ejecuci\u00f3n:<\/span> G\u00f6rge Hohlt (* 1930, \u2020 2022)<\/p>\n<p><span style=\"font-family: AkkoPro-BoldCondensed!important\">Objeto:<\/span> jarr\u00f3n<\/p>\n<p><span style=\"font-family: AkkoPro-BoldCondensed!important\">Dimensiones:<\/span> altura: 17 cm, anchura: 14 cm<\/p>\n<p><span style=\"font-family: AkkoPro-BoldCondensed!important\">Cuerpo:<\/span> blanco<\/p>\n<p><span style=\"font-family: AkkoPro-BoldCondensed!important\">Superficie:<\/span> blanco, celad\u00f3n<\/p>\n<p><span style=\"font-family: AkkoPro-BoldCondensed!important\">A\u00f1o de producci\u00f3n:<\/span> 2004<\/p>\n<p><span style=\"font-family: AkkoPro-BoldCondensed!important\">Estado:<\/span> sin da\u00f1os<\/p>\n<p><span style=\"font-family: AkkoPro-BoldCondensed!important\">Firma\/marca:<\/span> gato nuevo y G en H<\/p>\n<p><span style=\"font-family: AkkoPro-BoldCondensed!important\">Detalles:<\/span><br \/>\nEsta cer\u00e1mica de taller de G\u00f6rge Hohlt est\u00e1 hecha de porcelana. El esmalte tiene un tono celad\u00f3n muy sutil. El jarr\u00f3n con forma de huevo data de 2004 (v\u00e9ase la firma a\u00f1adida).<\/p>\n","protected":false},"excerpt":{"rendered":"<p><span style=\"color: #e2401c\">&#x25cf;<\/span><span> vendido<\/span><\/p>\n","protected":false},"featured_media":2779,"template":"","meta":[],"product_brand":[],"product_cat":[183],"product_tag":[],"class_list":{"0":"post-3082","1":"product","2":"type-product","3":"status-publish","4":"has-post-thumbnail","6":"product_cat-goerge-hohlt","8":"first","9":"outofstock","10":"shipping-taxable","11":"product-type-simple"},"yoast_head":"<!-- This site is optimized with the Yoast SEO plugin v27.4 - https:\/\/yoast.com\/product\/yoast-seo-wordpress\/ -->\n<title>G\u00f6rge HOHLT - Jarr\u00f3n de porcelana de color celad\u00f3n<\/title>\n<meta name=\"description\" content=\"Jarr\u00f3n de porcelana de estudio en color celad\u00f3n muy sutil, en forma de huevo, realizado en 2004 por el ceramista G\u00f6rge Hohlt.\" \/>\n<meta name=\"robots\" content=\"index, follow, max-snippet:-1, max-image-preview:large, max-video-preview:-1\" \/>\n<link rel=\"canonical\" href=\"https:\/\/www.robertzueblin.com\/es\/goerge-hohlt\/jarron-de-porcelana-de-color-celadon\/\" \/>\n<meta property=\"og:locale\" content=\"es_ES\" \/>\n<meta property=\"og:type\" content=\"article\" \/>\n<meta property=\"og:title\" content=\"G\u00f6rge HOHLT - Jarr\u00f3n de porcelana de color celad\u00f3n\" \/>\n<meta property=\"og:description\" content=\"Jarr\u00f3n de porcelana de estudio en color celad\u00f3n muy sutil, en forma de huevo, realizado en 2004 por el ceramista G\u00f6rge Hohlt.\" \/>\n<meta property=\"og:url\" content=\"https:\/\/www.robertzueblin.com\/es\/goerge-hohlt\/jarron-de-porcelana-de-color-celadon\/\" \/>\n<meta property=\"og:site_name\" content=\"ROBERT Z\u00dcBLIN\" \/>\n<meta property=\"article:modified_time\" content=\"2023-03-05T11:46:10+00:00\" \/>\n<meta property=\"og:image\" content=\"https:\/\/www.robertzueblin.com\/wp-content\/uploads\/goerge-hohlt-jarron-porcelana-celadon-foto-titulo.jpg\" \/>\n\t<meta property=\"og:image:width\" content=\"1080\" \/>\n\t<meta property=\"og:image:height\" content=\"1080\" \/>\n\t<meta property=\"og:image:type\" content=\"image\/jpeg\" \/>\n<meta name=\"twitter:card\" content=\"summary_large_image\" \/>\n<script type=\"application\/ld+json\" class=\"yoast-schema-graph\">{\"@context\":\"https:\\\/\\\/schema.org\",\"@graph\":[{\"@type\":\"WebPage\",\"@id\":\"https:\\\/\\\/www.robertzueblin.com\\\/es\\\/goerge-hohlt\\\/jarron-de-porcelana-de-color-celadon\\\/\",\"url\":\"https:\\\/\\\/www.robertzueblin.com\\\/es\\\/goerge-hohlt\\\/jarron-de-porcelana-de-color-celadon\\\/\",\"name\":\"G\u00f6rge HOHLT - Jarr\u00f3n de porcelana de color celad\u00f3n\",\"isPartOf\":{\"@id\":\"https:\\\/\\\/www.robertzueblin.com\\\/es\\\/#website\"},\"primaryImageOfPage\":{\"@id\":\"https:\\\/\\\/www.robertzueblin.com\\\/es\\\/goerge-hohlt\\\/jarron-de-porcelana-de-color-celadon\\\/#primaryimage\"},\"image\":{\"@id\":\"https:\\\/\\\/www.robertzueblin.com\\\/es\\\/goerge-hohlt\\\/jarron-de-porcelana-de-color-celadon\\\/#primaryimage\"},\"thumbnailUrl\":\"https:\\\/\\\/www.robertzueblin.com\\\/wp-content\\\/uploads\\\/goerge-hohlt-jarron-porcelana-celadon-foto-titulo.jpg\",\"datePublished\":\"2021-11-29T20:43:08+00:00\",\"dateModified\":\"2023-03-05T11:46:10+00:00\",\"description\":\"Jarr\u00f3n de porcelana de estudio en color celad\u00f3n muy sutil, en forma de huevo, realizado en 2004 por el ceramista G\u00f6rge Hohlt.\",\"breadcrumb\":{\"@id\":\"https:\\\/\\\/www.robertzueblin.com\\\/es\\\/goerge-hohlt\\\/jarron-de-porcelana-de-color-celadon\\\/#breadcrumb\"},\"inLanguage\":\"es\",\"potentialAction\":[{\"@type\":\"ReadAction\",\"target\":[\"https:\\\/\\\/www.robertzueblin.com\\\/es\\\/goerge-hohlt\\\/jarron-de-porcelana-de-color-celadon\\\/\"]}]},{\"@type\":\"ImageObject\",\"inLanguage\":\"es\",\"@id\":\"https:\\\/\\\/www.robertzueblin.com\\\/es\\\/goerge-hohlt\\\/jarron-de-porcelana-de-color-celadon\\\/#primaryimage\",\"url\":\"https:\\\/\\\/www.robertzueblin.com\\\/wp-content\\\/uploads\\\/goerge-hohlt-jarron-porcelana-celadon-foto-titulo.jpg\",\"contentUrl\":\"https:\\\/\\\/www.robertzueblin.com\\\/wp-content\\\/uploads\\\/goerge-hohlt-jarron-porcelana-celadon-foto-titulo.jpg\",\"width\":1080,\"height\":1080},{\"@type\":\"BreadcrumbList\",\"@id\":\"https:\\\/\\\/www.robertzueblin.com\\\/es\\\/goerge-hohlt\\\/jarron-de-porcelana-de-color-celadon\\\/#breadcrumb\",\"itemListElement\":[{\"@type\":\"ListItem\",\"position\":1,\"name\":\"Startseite\",\"item\":\"https:\\\/\\\/www.robertzueblin.com\\\/es\\\/\"},{\"@type\":\"ListItem\",\"position\":2,\"name\":\"Galer\u00eda de arte online (tienda online)\",\"item\":\"https:\\\/\\\/www.robertzueblin.com\\\/es\\\/galeria-de-arte-online\\\/\"},{\"@type\":\"ListItem\",\"position\":3,\"name\":\"G\u00f6rge HOHLT (* 1930, \u2020 2022) &#8211; Jarr\u00f3n de porcelana de color celad\u00f3n &#8211; cer\u00e1mica de taller\"}]},{\"@type\":\"WebSite\",\"@id\":\"https:\\\/\\\/www.robertzueblin.com\\\/es\\\/#website\",\"url\":\"https:\\\/\\\/www.robertzueblin.com\\\/es\\\/\",\"name\":\"ROBERT Z\u00dcBLIN\",\"description\":\"\",\"publisher\":{\"@id\":\"https:\\\/\\\/www.robertzueblin.com\\\/es\\\/#organization\"},\"potentialAction\":[{\"@type\":\"SearchAction\",\"target\":{\"@type\":\"EntryPoint\",\"urlTemplate\":\"https:\\\/\\\/www.robertzueblin.com\\\/es\\\/?s={search_term_string}\"},\"query-input\":{\"@type\":\"PropertyValueSpecification\",\"valueRequired\":true,\"valueName\":\"search_term_string\"}}],\"inLanguage\":\"es\"},{\"@type\":\"Organization\",\"@id\":\"https:\\\/\\\/www.robertzueblin.com\\\/es\\\/#organization\",\"name\":\"ROBERT Z\u00dcBLIN\",\"url\":\"https:\\\/\\\/www.robertzueblin.com\\\/es\\\/\",\"logo\":{\"@type\":\"ImageObject\",\"inLanguage\":\"es\",\"@id\":\"https:\\\/\\\/www.robertzueblin.com\\\/es\\\/#\\\/schema\\\/logo\\\/image\\\/\",\"url\":\"https:\\\/\\\/www.robertzueblin.com\\\/wp-content\\\/uploads\\\/cropped-cropped-logo-von-robert-zueblin.jpg\",\"contentUrl\":\"https:\\\/\\\/www.robertzueblin.com\\\/wp-content\\\/uploads\\\/cropped-cropped-logo-von-robert-zueblin.jpg\",\"width\":440,\"height\":60,\"caption\":\"ROBERT Z\u00dcBLIN\"},\"image\":{\"@id\":\"https:\\\/\\\/www.robertzueblin.com\\\/es\\\/#\\\/schema\\\/logo\\\/image\\\/\"}}]}<\/script>\n<!-- \/ Yoast SEO plugin. -->","yoast_head_json":{"title":"G\u00f6rge HOHLT - Jarr\u00f3n de porcelana de color celad\u00f3n","description":"Jarr\u00f3n de porcelana de estudio en color celad\u00f3n muy sutil, en forma de huevo, realizado en 2004 por el ceramista G\u00f6rge Hohlt.","robots":{"index":"index","follow":"follow","max-snippet":"max-snippet:-1","max-image-preview":"max-image-preview:large","max-video-preview":"max-video-preview:-1"},"canonical":"https:\/\/www.robertzueblin.com\/es\/goerge-hohlt\/jarron-de-porcelana-de-color-celadon\/","og_locale":"es_ES","og_type":"article","og_title":"G\u00f6rge HOHLT - Jarr\u00f3n de porcelana de color celad\u00f3n","og_description":"Jarr\u00f3n de porcelana de estudio en color celad\u00f3n muy sutil, en forma de huevo, realizado en 2004 por el ceramista G\u00f6rge Hohlt.","og_url":"https:\/\/www.robertzueblin.com\/es\/goerge-hohlt\/jarron-de-porcelana-de-color-celadon\/","og_site_name":"ROBERT Z\u00dcBLIN","article_modified_time":"2023-03-05T11:46:10+00:00","og_image":[{"width":1080,"height":1080,"url":"https:\/\/www.robertzueblin.com\/wp-content\/uploads\/goerge-hohlt-jarron-porcelana-celadon-foto-titulo.jpg","type":"image\/jpeg"}],"twitter_card":"summary_large_image","schema":{"@context":"https:\/\/schema.org","@graph":[{"@type":"WebPage","@id":"https:\/\/www.robertzueblin.com\/es\/goerge-hohlt\/jarron-de-porcelana-de-color-celadon\/","url":"https:\/\/www.robertzueblin.com\/es\/goerge-hohlt\/jarron-de-porcelana-de-color-celadon\/","name":"G\u00f6rge HOHLT - Jarr\u00f3n de porcelana de color celad\u00f3n","isPartOf":{"@id":"https:\/\/www.robertzueblin.com\/es\/#website"},"primaryImageOfPage":{"@id":"https:\/\/www.robertzueblin.com\/es\/goerge-hohlt\/jarron-de-porcelana-de-color-celadon\/#primaryimage"},"image":{"@id":"https:\/\/www.robertzueblin.com\/es\/goerge-hohlt\/jarron-de-porcelana-de-color-celadon\/#primaryimage"},"thumbnailUrl":"https:\/\/www.robertzueblin.com\/wp-content\/uploads\/goerge-hohlt-jarron-porcelana-celadon-foto-titulo.jpg","datePublished":"2021-11-29T20:43:08+00:00","dateModified":"2023-03-05T11:46:10+00:00","description":"Jarr\u00f3n de porcelana de estudio en color celad\u00f3n muy sutil, en forma de huevo, realizado en 2004 por el ceramista G\u00f6rge Hohlt.","breadcrumb":{"@id":"https:\/\/www.robertzueblin.com\/es\/goerge-hohlt\/jarron-de-porcelana-de-color-celadon\/#breadcrumb"},"inLanguage":"es","potentialAction":[{"@type":"ReadAction","target":["https:\/\/www.robertzueblin.com\/es\/goerge-hohlt\/jarron-de-porcelana-de-color-celadon\/"]}]},{"@type":"ImageObject","inLanguage":"es","@id":"https:\/\/www.robertzueblin.com\/es\/goerge-hohlt\/jarron-de-porcelana-de-color-celadon\/#primaryimage","url":"https:\/\/www.robertzueblin.com\/wp-content\/uploads\/goerge-hohlt-jarron-porcelana-celadon-foto-titulo.jpg","contentUrl":"https:\/\/www.robertzueblin.com\/wp-content\/uploads\/goerge-hohlt-jarron-porcelana-celadon-foto-titulo.jpg","width":1080,"height":1080},{"@type":"BreadcrumbList","@id":"https:\/\/www.robertzueblin.com\/es\/goerge-hohlt\/jarron-de-porcelana-de-color-celadon\/#breadcrumb","itemListElement":[{"@type":"ListItem","position":1,"name":"Startseite","item":"https:\/\/www.robertzueblin.com\/es\/"},{"@type":"ListItem","position":2,"name":"Galer\u00eda de arte online (tienda online)","item":"https:\/\/www.robertzueblin.com\/es\/galeria-de-arte-online\/"},{"@type":"ListItem","position":3,"name":"G\u00f6rge HOHLT (* 1930, \u2020 2022) &#8211; Jarr\u00f3n de porcelana de color celad\u00f3n &#8211; cer\u00e1mica de taller"}]},{"@type":"WebSite","@id":"https:\/\/www.robertzueblin.com\/es\/#website","url":"https:\/\/www.robertzueblin.com\/es\/","name":"ROBERT Z\u00dcBLIN","description":"","publisher":{"@id":"https:\/\/www.robertzueblin.com\/es\/#organization"},"potentialAction":[{"@type":"SearchAction","target":{"@type":"EntryPoint","urlTemplate":"https:\/\/www.robertzueblin.com\/es\/?s={search_term_string}"},"query-input":{"@type":"PropertyValueSpecification","valueRequired":true,"valueName":"search_term_string"}}],"inLanguage":"es"},{"@type":"Organization","@id":"https:\/\/www.robertzueblin.com\/es\/#organization","name":"ROBERT Z\u00dcBLIN","url":"https:\/\/www.robertzueblin.com\/es\/","logo":{"@type":"ImageObject","inLanguage":"es","@id":"https:\/\/www.robertzueblin.com\/es\/#\/schema\/logo\/image\/","url":"https:\/\/www.robertzueblin.com\/wp-content\/uploads\/cropped-cropped-logo-von-robert-zueblin.jpg","contentUrl":"https:\/\/www.robertzueblin.com\/wp-content\/uploads\/cropped-cropped-logo-von-robert-zueblin.jpg","width":440,"height":60,"caption":"ROBERT Z\u00dcBLIN"},"image":{"@id":"https:\/\/www.robertzueblin.com\/es\/#\/schema\/logo\/image\/"}}]}},"_links":{"self":[{"href":"https:\/\/www.robertzueblin.com\/es\/wp-json\/wp\/v2\/product\/3082","targetHints":{"allow":["GET"]}}],"collection":[{"href":"https:\/\/www.robertzueblin.com\/es\/wp-json\/wp\/v2\/product"}],"about":[{"href":"https:\/\/www.robertzueblin.com\/es\/wp-json\/wp\/v2\/types\/product"}],"wp:featuredmedia":[{"embeddable":true,"href":"https:\/\/www.robertzueblin.com\/es\/wp-json\/wp\/v2\/media\/2779"}],"wp:attachment":[{"href":"https:\/\/www.robertzueblin.com\/es\/wp-json\/wp\/v2\/media?parent=3082"}],"wp:term":[{"taxonomy":"product_brand","embeddable":true,"href":"https:\/\/www.robertzueblin.com\/es\/wp-json\/wp\/v2\/product_brand?post=3082"},{"taxonomy":"product_cat","embeddable":true,"href":"https:\/\/www.robertzueblin.com\/es\/wp-json\/wp\/v2\/product_cat?post=3082"},{"taxonomy":"product_tag","embeddable":true,"href":"https:\/\/www.robertzueblin.com\/es\/wp-json\/wp\/v2\/product_tag?post=3082"}],"curies":[{"name":"wp","href":"https:\/\/api.w.org\/{rel}","templated":true}]}}