{"id":3074,"date":"2021-10-09T12:07:19","date_gmt":"2021-11-29T20:30:59","guid":{"rendered":"https:\/\/www.robertzueblin.com\/?post_type=product&#038;p=3074"},"modified":"2022-12-23T18:28:19","modified_gmt":"2022-12-23T17:28:19","slug":"eugene-lion-1867-%e2%80%a0-1945-jarron-en-estilo-tenmoku","status":"publish","type":"product","link":"https:\/\/www.robertzueblin.com\/es\/eugene-lion\/jarron-en-estilo-tenmoku\/","title":{"rendered":"Eug\u00e8ne LION (* 1867, \u2020 1945) \u2013 Jarr\u00f3n en estilo Tenmoku &#8211; cer\u00e1mica de taller"},"content":{"rendered":"<p><span style=\"font-family: AkkoPro-BoldCondensed!important\">Tipo:<\/span> <a href=\"https:\/\/www.robertzueblin.com\/es\/tipo\/ceramica-artistica-ceramica-artesanal-ceramica-de-taller\/\">Cer\u00e1mica de taller<\/a><\/p>\n<p><span style=\"font-family: AkkoPro-BoldCondensed!important\">Dise\u00f1o:<\/span> Eug\u00e8ne Lion (* 1867, \u2020 1945)<\/p>\n<p><span style=\"font-family: AkkoPro-BoldCondensed!important\">Ejecuci\u00f3n:<\/span> Eug\u00e8ne Lion (* 1867, \u2020 1945)<\/p>\n<p><span style=\"font-family: AkkoPro-BoldCondensed!important\">Objeto:<\/span> jarr\u00f3n<\/p>\n<p><span style=\"font-family: AkkoPro-BoldCondensed!important\">Dimensiones:<\/span> altura: 11,5 cm, di\u00e1metro: 7,5 cm<\/p>\n<p><span style=\"font-family: AkkoPro-BoldCondensed!important\">Cuerpo:<\/span> cuerpo gris<\/p>\n<p><span style=\"font-family: AkkoPro-BoldCondensed!important\">Superficie:<\/span> esmalte marr\u00f3n y negro con desborde de vidrio azul y blanco<\/p>\n<p><span style=\"font-family: AkkoPro-BoldCondensed!important\">A\u00f1o de producci\u00f3n:<\/span> probablemente hacia 1900<\/p>\n<p><span style=\"font-family: AkkoPro-BoldCondensed!important\">Estado:<\/span> burbujas del esmalte parcialmente da\u00f1adas<\/p>\n<p><span style=\"font-family: AkkoPro-BoldCondensed!important\">Firma:<\/span> Lion<\/p>\n<p><span style=\"font-family: AkkoPro-BoldCondensed!important\">Detalles:<\/span><br \/>\nJarr\u00f3n de cer\u00e1mica torneada de Eug\u00e8ne Lion. El esmalte marr\u00f3n-negro recuerda a los esmaltes japoneses Tenmoku. El jarr\u00f3n es un ejemplo de japonismo en Francia. El desborde vidriado blanco-azul muestra la influencia del ceramista Jean-Joseph Carri\u00e8s. Tanto Eug\u00e8ne Lion como Carri\u00e8s trabajaron en Saint-Amand-en-Puisaye.<\/p>\n","protected":false},"excerpt":{"rendered":"<p>Tipo: Cer\u00e1mica de taller Dise\u00f1o: Eug\u00e8ne Lion (* 1867, \u2020 1945) Ejecuci\u00f3n: Eug\u00e8ne Lion (* 1867, \u2020 1945) Objeto: jarr\u00f3n Dimensiones: altura: 11,5 cm, di\u00e1metro: 7,5 cm Cuerpo: cuerpo gris Superficie: esmalte marr\u00f3n y negro con desborde de vidrio azul y blanco A\u00f1o de producci\u00f3n: probablemente hacia 1900 Estado: burbujas del esmalte parcialmente da\u00f1adas Firma: [&hellip;]<\/p>\n","protected":false},"featured_media":2844,"template":"","meta":[],"product_brand":[],"product_cat":[175],"product_tag":[],"class_list":{"0":"post-3074","1":"product","2":"type-product","3":"status-publish","4":"has-post-thumbnail","6":"product_cat-eugene-lion","8":"first","9":"instock","10":"sold-individually","11":"shipping-taxable","12":"purchasable","13":"product-type-simple"},"yoast_head":"<!-- This site is optimized with the Yoast SEO plugin v27.4 - https:\/\/yoast.com\/product\/yoast-seo-wordpress\/ -->\n<title>Eug\u00e8ne LION - Jarr\u00f3n estilo Tenmoku - cer\u00e1mica de taller<\/title>\n<meta name=\"description\" content=\"Jarr\u00f3n de cer\u00e1mica de taller de estilo Tenmoku en color marr\u00f3n con esmalte marr\u00f3n-negro y rebosante de esmalte azul-blanco del ceramista Eug\u00e8ne Lion.\" \/>\n<meta name=\"robots\" content=\"index, follow, max-snippet:-1, max-image-preview:large, max-video-preview:-1\" \/>\n<link rel=\"canonical\" href=\"https:\/\/www.robertzueblin.com\/es\/eugene-lion\/jarron-en-estilo-tenmoku\/\" \/>\n<meta property=\"og:locale\" content=\"es_ES\" \/>\n<meta property=\"og:type\" content=\"article\" \/>\n<meta property=\"og:title\" content=\"Eug\u00e8ne LION - Jarr\u00f3n estilo Tenmoku - cer\u00e1mica de taller\" \/>\n<meta property=\"og:description\" content=\"Jarr\u00f3n de cer\u00e1mica de taller de estilo Tenmoku en color marr\u00f3n con esmalte marr\u00f3n-negro y rebosante de esmalte azul-blanco del ceramista Eug\u00e8ne Lion.\" \/>\n<meta property=\"og:url\" content=\"https:\/\/www.robertzueblin.com\/es\/eugene-lion\/jarron-en-estilo-tenmoku\/\" \/>\n<meta property=\"og:site_name\" content=\"ROBERT Z\u00dcBLIN\" \/>\n<meta property=\"article:modified_time\" content=\"2022-12-23T17:28:19+00:00\" \/>\n<meta property=\"og:image\" content=\"https:\/\/www.robertzueblin.com\/wp-content\/uploads\/eugene-lion-jarron-estilo-tenmoku-ceramica-foto-titulo.jpg\" \/>\n\t<meta property=\"og:image:width\" content=\"1000\" \/>\n\t<meta property=\"og:image:height\" content=\"1000\" \/>\n\t<meta property=\"og:image:type\" content=\"image\/jpeg\" \/>\n<meta name=\"twitter:card\" content=\"summary_large_image\" \/>\n<script type=\"application\/ld+json\" class=\"yoast-schema-graph\">{\"@context\":\"https:\\\/\\\/schema.org\",\"@graph\":[{\"@type\":\"WebPage\",\"@id\":\"https:\\\/\\\/www.robertzueblin.com\\\/es\\\/eugene-lion\\\/jarron-en-estilo-tenmoku\\\/\",\"url\":\"https:\\\/\\\/www.robertzueblin.com\\\/es\\\/eugene-lion\\\/jarron-en-estilo-tenmoku\\\/\",\"name\":\"Eug\u00e8ne LION - Jarr\u00f3n estilo Tenmoku - cer\u00e1mica de taller\",\"isPartOf\":{\"@id\":\"https:\\\/\\\/www.robertzueblin.com\\\/es\\\/#website\"},\"primaryImageOfPage\":{\"@id\":\"https:\\\/\\\/www.robertzueblin.com\\\/es\\\/eugene-lion\\\/jarron-en-estilo-tenmoku\\\/#primaryimage\"},\"image\":{\"@id\":\"https:\\\/\\\/www.robertzueblin.com\\\/es\\\/eugene-lion\\\/jarron-en-estilo-tenmoku\\\/#primaryimage\"},\"thumbnailUrl\":\"https:\\\/\\\/www.robertzueblin.com\\\/wp-content\\\/uploads\\\/eugene-lion-jarron-estilo-tenmoku-ceramica-foto-titulo.jpg\",\"datePublished\":\"2021-11-29T20:30:59+00:00\",\"dateModified\":\"2022-12-23T17:28:19+00:00\",\"description\":\"Jarr\u00f3n de cer\u00e1mica de taller de estilo Tenmoku en color marr\u00f3n con esmalte marr\u00f3n-negro y rebosante de esmalte azul-blanco del ceramista Eug\u00e8ne Lion.\",\"breadcrumb\":{\"@id\":\"https:\\\/\\\/www.robertzueblin.com\\\/es\\\/eugene-lion\\\/jarron-en-estilo-tenmoku\\\/#breadcrumb\"},\"inLanguage\":\"es\",\"potentialAction\":[{\"@type\":\"ReadAction\",\"target\":[\"https:\\\/\\\/www.robertzueblin.com\\\/es\\\/eugene-lion\\\/jarron-en-estilo-tenmoku\\\/\"]}]},{\"@type\":\"ImageObject\",\"inLanguage\":\"es\",\"@id\":\"https:\\\/\\\/www.robertzueblin.com\\\/es\\\/eugene-lion\\\/jarron-en-estilo-tenmoku\\\/#primaryimage\",\"url\":\"https:\\\/\\\/www.robertzueblin.com\\\/wp-content\\\/uploads\\\/eugene-lion-jarron-estilo-tenmoku-ceramica-foto-titulo.jpg\",\"contentUrl\":\"https:\\\/\\\/www.robertzueblin.com\\\/wp-content\\\/uploads\\\/eugene-lion-jarron-estilo-tenmoku-ceramica-foto-titulo.jpg\",\"width\":1000,\"height\":1000},{\"@type\":\"BreadcrumbList\",\"@id\":\"https:\\\/\\\/www.robertzueblin.com\\\/es\\\/eugene-lion\\\/jarron-en-estilo-tenmoku\\\/#breadcrumb\",\"itemListElement\":[{\"@type\":\"ListItem\",\"position\":1,\"name\":\"Startseite\",\"item\":\"https:\\\/\\\/www.robertzueblin.com\\\/es\\\/\"},{\"@type\":\"ListItem\",\"position\":2,\"name\":\"Galer\u00eda de arte online (tienda online)\",\"item\":\"https:\\\/\\\/www.robertzueblin.com\\\/es\\\/galeria-de-arte-online\\\/\"},{\"@type\":\"ListItem\",\"position\":3,\"name\":\"Eug\u00e8ne LION (* 1867, \u2020 1945) \u2013 Jarr\u00f3n en estilo Tenmoku &#8211; cer\u00e1mica de taller\"}]},{\"@type\":\"WebSite\",\"@id\":\"https:\\\/\\\/www.robertzueblin.com\\\/es\\\/#website\",\"url\":\"https:\\\/\\\/www.robertzueblin.com\\\/es\\\/\",\"name\":\"ROBERT Z\u00dcBLIN\",\"description\":\"\",\"publisher\":{\"@id\":\"https:\\\/\\\/www.robertzueblin.com\\\/es\\\/#organization\"},\"potentialAction\":[{\"@type\":\"SearchAction\",\"target\":{\"@type\":\"EntryPoint\",\"urlTemplate\":\"https:\\\/\\\/www.robertzueblin.com\\\/es\\\/?s={search_term_string}\"},\"query-input\":{\"@type\":\"PropertyValueSpecification\",\"valueRequired\":true,\"valueName\":\"search_term_string\"}}],\"inLanguage\":\"es\"},{\"@type\":\"Organization\",\"@id\":\"https:\\\/\\\/www.robertzueblin.com\\\/es\\\/#organization\",\"name\":\"ROBERT Z\u00dcBLIN\",\"url\":\"https:\\\/\\\/www.robertzueblin.com\\\/es\\\/\",\"logo\":{\"@type\":\"ImageObject\",\"inLanguage\":\"es\",\"@id\":\"https:\\\/\\\/www.robertzueblin.com\\\/es\\\/#\\\/schema\\\/logo\\\/image\\\/\",\"url\":\"https:\\\/\\\/www.robertzueblin.com\\\/wp-content\\\/uploads\\\/cropped-cropped-logo-von-robert-zueblin.jpg\",\"contentUrl\":\"https:\\\/\\\/www.robertzueblin.com\\\/wp-content\\\/uploads\\\/cropped-cropped-logo-von-robert-zueblin.jpg\",\"width\":440,\"height\":60,\"caption\":\"ROBERT Z\u00dcBLIN\"},\"image\":{\"@id\":\"https:\\\/\\\/www.robertzueblin.com\\\/es\\\/#\\\/schema\\\/logo\\\/image\\\/\"}}]}<\/script>\n<!-- \/ Yoast SEO plugin. -->","yoast_head_json":{"title":"Eug\u00e8ne LION - Jarr\u00f3n estilo Tenmoku - cer\u00e1mica de taller","description":"Jarr\u00f3n de cer\u00e1mica de taller de estilo Tenmoku en color marr\u00f3n con esmalte marr\u00f3n-negro y rebosante de esmalte azul-blanco del ceramista Eug\u00e8ne Lion.","robots":{"index":"index","follow":"follow","max-snippet":"max-snippet:-1","max-image-preview":"max-image-preview:large","max-video-preview":"max-video-preview:-1"},"canonical":"https:\/\/www.robertzueblin.com\/es\/eugene-lion\/jarron-en-estilo-tenmoku\/","og_locale":"es_ES","og_type":"article","og_title":"Eug\u00e8ne LION - Jarr\u00f3n estilo Tenmoku - cer\u00e1mica de taller","og_description":"Jarr\u00f3n de cer\u00e1mica de taller de estilo Tenmoku en color marr\u00f3n con esmalte marr\u00f3n-negro y rebosante de esmalte azul-blanco del ceramista Eug\u00e8ne Lion.","og_url":"https:\/\/www.robertzueblin.com\/es\/eugene-lion\/jarron-en-estilo-tenmoku\/","og_site_name":"ROBERT Z\u00dcBLIN","article_modified_time":"2022-12-23T17:28:19+00:00","og_image":[{"width":1000,"height":1000,"url":"https:\/\/www.robertzueblin.com\/wp-content\/uploads\/eugene-lion-jarron-estilo-tenmoku-ceramica-foto-titulo.jpg","type":"image\/jpeg"}],"twitter_card":"summary_large_image","schema":{"@context":"https:\/\/schema.org","@graph":[{"@type":"WebPage","@id":"https:\/\/www.robertzueblin.com\/es\/eugene-lion\/jarron-en-estilo-tenmoku\/","url":"https:\/\/www.robertzueblin.com\/es\/eugene-lion\/jarron-en-estilo-tenmoku\/","name":"Eug\u00e8ne LION - Jarr\u00f3n estilo Tenmoku - cer\u00e1mica de taller","isPartOf":{"@id":"https:\/\/www.robertzueblin.com\/es\/#website"},"primaryImageOfPage":{"@id":"https:\/\/www.robertzueblin.com\/es\/eugene-lion\/jarron-en-estilo-tenmoku\/#primaryimage"},"image":{"@id":"https:\/\/www.robertzueblin.com\/es\/eugene-lion\/jarron-en-estilo-tenmoku\/#primaryimage"},"thumbnailUrl":"https:\/\/www.robertzueblin.com\/wp-content\/uploads\/eugene-lion-jarron-estilo-tenmoku-ceramica-foto-titulo.jpg","datePublished":"2021-11-29T20:30:59+00:00","dateModified":"2022-12-23T17:28:19+00:00","description":"Jarr\u00f3n de cer\u00e1mica de taller de estilo Tenmoku en color marr\u00f3n con esmalte marr\u00f3n-negro y rebosante de esmalte azul-blanco del ceramista Eug\u00e8ne Lion.","breadcrumb":{"@id":"https:\/\/www.robertzueblin.com\/es\/eugene-lion\/jarron-en-estilo-tenmoku\/#breadcrumb"},"inLanguage":"es","potentialAction":[{"@type":"ReadAction","target":["https:\/\/www.robertzueblin.com\/es\/eugene-lion\/jarron-en-estilo-tenmoku\/"]}]},{"@type":"ImageObject","inLanguage":"es","@id":"https:\/\/www.robertzueblin.com\/es\/eugene-lion\/jarron-en-estilo-tenmoku\/#primaryimage","url":"https:\/\/www.robertzueblin.com\/wp-content\/uploads\/eugene-lion-jarron-estilo-tenmoku-ceramica-foto-titulo.jpg","contentUrl":"https:\/\/www.robertzueblin.com\/wp-content\/uploads\/eugene-lion-jarron-estilo-tenmoku-ceramica-foto-titulo.jpg","width":1000,"height":1000},{"@type":"BreadcrumbList","@id":"https:\/\/www.robertzueblin.com\/es\/eugene-lion\/jarron-en-estilo-tenmoku\/#breadcrumb","itemListElement":[{"@type":"ListItem","position":1,"name":"Startseite","item":"https:\/\/www.robertzueblin.com\/es\/"},{"@type":"ListItem","position":2,"name":"Galer\u00eda de arte online (tienda online)","item":"https:\/\/www.robertzueblin.com\/es\/galeria-de-arte-online\/"},{"@type":"ListItem","position":3,"name":"Eug\u00e8ne LION (* 1867, \u2020 1945) \u2013 Jarr\u00f3n en estilo Tenmoku &#8211; cer\u00e1mica de taller"}]},{"@type":"WebSite","@id":"https:\/\/www.robertzueblin.com\/es\/#website","url":"https:\/\/www.robertzueblin.com\/es\/","name":"ROBERT Z\u00dcBLIN","description":"","publisher":{"@id":"https:\/\/www.robertzueblin.com\/es\/#organization"},"potentialAction":[{"@type":"SearchAction","target":{"@type":"EntryPoint","urlTemplate":"https:\/\/www.robertzueblin.com\/es\/?s={search_term_string}"},"query-input":{"@type":"PropertyValueSpecification","valueRequired":true,"valueName":"search_term_string"}}],"inLanguage":"es"},{"@type":"Organization","@id":"https:\/\/www.robertzueblin.com\/es\/#organization","name":"ROBERT Z\u00dcBLIN","url":"https:\/\/www.robertzueblin.com\/es\/","logo":{"@type":"ImageObject","inLanguage":"es","@id":"https:\/\/www.robertzueblin.com\/es\/#\/schema\/logo\/image\/","url":"https:\/\/www.robertzueblin.com\/wp-content\/uploads\/cropped-cropped-logo-von-robert-zueblin.jpg","contentUrl":"https:\/\/www.robertzueblin.com\/wp-content\/uploads\/cropped-cropped-logo-von-robert-zueblin.jpg","width":440,"height":60,"caption":"ROBERT Z\u00dcBLIN"},"image":{"@id":"https:\/\/www.robertzueblin.com\/es\/#\/schema\/logo\/image\/"}}]}},"_links":{"self":[{"href":"https:\/\/www.robertzueblin.com\/es\/wp-json\/wp\/v2\/product\/3074","targetHints":{"allow":["GET"]}}],"collection":[{"href":"https:\/\/www.robertzueblin.com\/es\/wp-json\/wp\/v2\/product"}],"about":[{"href":"https:\/\/www.robertzueblin.com\/es\/wp-json\/wp\/v2\/types\/product"}],"wp:featuredmedia":[{"embeddable":true,"href":"https:\/\/www.robertzueblin.com\/es\/wp-json\/wp\/v2\/media\/2844"}],"wp:attachment":[{"href":"https:\/\/www.robertzueblin.com\/es\/wp-json\/wp\/v2\/media?parent=3074"}],"wp:term":[{"taxonomy":"product_brand","embeddable":true,"href":"https:\/\/www.robertzueblin.com\/es\/wp-json\/wp\/v2\/product_brand?post=3074"},{"taxonomy":"product_cat","embeddable":true,"href":"https:\/\/www.robertzueblin.com\/es\/wp-json\/wp\/v2\/product_cat?post=3074"},{"taxonomy":"product_tag","embeddable":true,"href":"https:\/\/www.robertzueblin.com\/es\/wp-json\/wp\/v2\/product_tag?post=3074"}],"curies":[{"name":"wp","href":"https:\/\/api.w.org\/{rel}","templated":true}]}}