{"id":3071,"date":"2021-10-09T12:27:58","date_gmt":"2021-10-09T10:27:58","guid":{"rendered":"https:\/\/www.robertzueblin.com\/?post_type=product&#038;p=3071"},"modified":"2022-12-23T17:41:33","modified_gmt":"2022-12-23T16:41:33","slug":"gerhard-meisel-1903-%e2%80%a0-1979-jarron-en-estilo-brutalista","status":"publish","type":"product","link":"https:\/\/www.robertzueblin.com\/es\/gerhard-meisel\/jarron-en-estilo-brutalista\/","title":{"rendered":"Gerhard MEISEL (* 1903, \u2020 1979) \u2013 Jarr\u00f3n en estilo brutalista &#8211; cer\u00e1mica de taller"},"content":{"rendered":"<p><span style=\"font-family: AkkoPro-BoldCondensed!important\">Tipo:<\/span> <a href=\"https:\/\/www.robertzueblin.com\/es\/tipo\/ceramica-artistica-ceramica-artesanal-ceramica-de-taller\/\">Cer\u00e1mica de taller<\/a><\/p>\n<p><span style=\"font-family: AkkoPro-BoldCondensed!important\">Dise\u00f1o:<\/span> Gerhard Meisel (* 1903, \u2020 1979)<\/p>\n<p><span style=\"font-family: AkkoPro-BoldCondensed!important\">Ejecuci\u00f3n:<\/span> Gerhard Meisel (* 1903, \u2020 1979)<\/p>\n<p><span style=\"font-family: AkkoPro-BoldCondensed!important\">Objeto:<\/span> jarr\u00f3n<\/p>\n<p><span style=\"font-family: AkkoPro-BoldCondensed!important\">Dimensiones:<\/span> altura: 14 cm, anchura: 8 cm<\/p>\n<p><span style=\"font-family: AkkoPro-BoldCondensed!important\">Cuerpo:<\/span> cuerpo marr\u00f3n<\/p>\n<p><span style=\"font-family: AkkoPro-BoldCondensed!important\">Superficie:<\/span> gris, marr\u00f3n, p\u00farpura<\/p>\n<p><span style=\"font-family: AkkoPro-BoldCondensed!important\">Fecha de producci\u00f3n:<\/span> probablemente los a\u00f1os 70<\/p>\n<p><span style=\"font-family: AkkoPro-BoldCondensed!important\">Estado:<\/span> sin da\u00f1os<\/p>\n<p><span style=\"font-family: AkkoPro-BoldCondensed!important\">Firma\/marca:<\/span> G. Meisel STAHNSDORF<\/p>\n<p><span style=\"font-family: AkkoPro-BoldCondensed!important\">Detalles:<\/span><br \/>\nEste jarr\u00f3n de Gerhard Meisel est\u00e1 torneado a mano y dise\u00f1ado al estilo del Brutalismo. El jarr\u00f3n cautiva por su forma inusual, el variado esmalte y la estructura de la superficie.<\/p>\n","protected":false},"excerpt":{"rendered":"<p>Tipo: Cer\u00e1mica de taller Dise\u00f1o: Gerhard Meisel (* 1903, \u2020 1979) Ejecuci\u00f3n: Gerhard Meisel (* 1903, \u2020 1979) Objeto: jarr\u00f3n Dimensiones: altura: 14 cm, anchura: 8 cm Cuerpo: cuerpo marr\u00f3n Superficie: gris, marr\u00f3n, p\u00farpura Fecha de producci\u00f3n: probablemente los a\u00f1os 70 Estado: sin da\u00f1os Firma\/marca: G. Meisel STAHNSDORF Detalles: Este jarr\u00f3n de Gerhard Meisel est\u00e1 [&hellip;]<\/p>\n","protected":false},"featured_media":2866,"template":"","meta":[],"product_brand":[],"product_cat":[181],"product_tag":[],"class_list":{"0":"post-3071","1":"product","2":"type-product","3":"status-publish","4":"has-post-thumbnail","6":"product_cat-gerhard-meisel","8":"first","9":"instock","10":"sold-individually","11":"shipping-taxable","12":"purchasable","13":"product-type-simple"},"yoast_head":"<!-- This site is optimized with the Yoast SEO plugin v27.4 - https:\/\/yoast.com\/product\/yoast-seo-wordpress\/ -->\n<title>Gerhard MEISEL - Jarr\u00f3n estilo Brutalismo - cer\u00e1mica de taller<\/title>\n<meta name=\"description\" content=\"Jarr\u00f3n de cer\u00e1mica de estudio de estilo Brutalista en gris, marr\u00f3n y p\u00farpura con dise\u00f1o de espiga de Gerhard Meisel con taller en Stahnsdorf, Brandenburgo.\" \/>\n<meta name=\"robots\" content=\"index, follow, max-snippet:-1, max-image-preview:large, max-video-preview:-1\" \/>\n<link rel=\"canonical\" href=\"https:\/\/www.robertzueblin.com\/es\/gerhard-meisel\/jarron-en-estilo-brutalista\/\" \/>\n<meta property=\"og:locale\" content=\"es_ES\" \/>\n<meta property=\"og:type\" content=\"article\" \/>\n<meta property=\"og:title\" content=\"Gerhard MEISEL - Jarr\u00f3n estilo Brutalismo - cer\u00e1mica de taller\" \/>\n<meta property=\"og:description\" content=\"Jarr\u00f3n de cer\u00e1mica de estudio de estilo Brutalista en gris, marr\u00f3n y p\u00farpura con dise\u00f1o de espiga de Gerhard Meisel con taller en Stahnsdorf, Brandenburgo.\" \/>\n<meta property=\"og:url\" content=\"https:\/\/www.robertzueblin.com\/es\/gerhard-meisel\/jarron-en-estilo-brutalista\/\" \/>\n<meta property=\"og:site_name\" content=\"ROBERT Z\u00dcBLIN\" \/>\n<meta property=\"article:modified_time\" content=\"2022-12-23T16:41:33+00:00\" \/>\n<meta property=\"og:image\" content=\"https:\/\/www.robertzueblin.com\/wp-content\/uploads\/gerhard-meisel-jarron-estilo-brutalista-ceramica-foto-titulo.jpg\" \/>\n\t<meta property=\"og:image:width\" content=\"1000\" \/>\n\t<meta property=\"og:image:height\" content=\"1000\" \/>\n\t<meta property=\"og:image:type\" content=\"image\/jpeg\" \/>\n<meta name=\"twitter:card\" content=\"summary_large_image\" \/>\n<script type=\"application\/ld+json\" class=\"yoast-schema-graph\">{\"@context\":\"https:\\\/\\\/schema.org\",\"@graph\":[{\"@type\":\"WebPage\",\"@id\":\"https:\\\/\\\/www.robertzueblin.com\\\/es\\\/gerhard-meisel\\\/jarron-en-estilo-brutalista\\\/\",\"url\":\"https:\\\/\\\/www.robertzueblin.com\\\/es\\\/gerhard-meisel\\\/jarron-en-estilo-brutalista\\\/\",\"name\":\"Gerhard MEISEL - Jarr\u00f3n estilo Brutalismo - cer\u00e1mica de taller\",\"isPartOf\":{\"@id\":\"https:\\\/\\\/www.robertzueblin.com\\\/es\\\/#website\"},\"primaryImageOfPage\":{\"@id\":\"https:\\\/\\\/www.robertzueblin.com\\\/es\\\/gerhard-meisel\\\/jarron-en-estilo-brutalista\\\/#primaryimage\"},\"image\":{\"@id\":\"https:\\\/\\\/www.robertzueblin.com\\\/es\\\/gerhard-meisel\\\/jarron-en-estilo-brutalista\\\/#primaryimage\"},\"thumbnailUrl\":\"https:\\\/\\\/www.robertzueblin.com\\\/wp-content\\\/uploads\\\/gerhard-meisel-jarron-estilo-brutalista-ceramica-foto-titulo.jpg\",\"datePublished\":\"2021-10-09T10:27:58+00:00\",\"dateModified\":\"2022-12-23T16:41:33+00:00\",\"description\":\"Jarr\u00f3n de cer\u00e1mica de estudio de estilo Brutalista en gris, marr\u00f3n y p\u00farpura con dise\u00f1o de espiga de Gerhard Meisel con taller en Stahnsdorf, Brandenburgo.\",\"breadcrumb\":{\"@id\":\"https:\\\/\\\/www.robertzueblin.com\\\/es\\\/gerhard-meisel\\\/jarron-en-estilo-brutalista\\\/#breadcrumb\"},\"inLanguage\":\"es\",\"potentialAction\":[{\"@type\":\"ReadAction\",\"target\":[\"https:\\\/\\\/www.robertzueblin.com\\\/es\\\/gerhard-meisel\\\/jarron-en-estilo-brutalista\\\/\"]}]},{\"@type\":\"ImageObject\",\"inLanguage\":\"es\",\"@id\":\"https:\\\/\\\/www.robertzueblin.com\\\/es\\\/gerhard-meisel\\\/jarron-en-estilo-brutalista\\\/#primaryimage\",\"url\":\"https:\\\/\\\/www.robertzueblin.com\\\/wp-content\\\/uploads\\\/gerhard-meisel-jarron-estilo-brutalista-ceramica-foto-titulo.jpg\",\"contentUrl\":\"https:\\\/\\\/www.robertzueblin.com\\\/wp-content\\\/uploads\\\/gerhard-meisel-jarron-estilo-brutalista-ceramica-foto-titulo.jpg\",\"width\":1000,\"height\":1000},{\"@type\":\"BreadcrumbList\",\"@id\":\"https:\\\/\\\/www.robertzueblin.com\\\/es\\\/gerhard-meisel\\\/jarron-en-estilo-brutalista\\\/#breadcrumb\",\"itemListElement\":[{\"@type\":\"ListItem\",\"position\":1,\"name\":\"Startseite\",\"item\":\"https:\\\/\\\/www.robertzueblin.com\\\/es\\\/\"},{\"@type\":\"ListItem\",\"position\":2,\"name\":\"Galer\u00eda de arte online (tienda online)\",\"item\":\"https:\\\/\\\/www.robertzueblin.com\\\/es\\\/galeria-de-arte-online\\\/\"},{\"@type\":\"ListItem\",\"position\":3,\"name\":\"Gerhard MEISEL (* 1903, \u2020 1979) \u2013 Jarr\u00f3n en estilo brutalista &#8211; cer\u00e1mica de taller\"}]},{\"@type\":\"WebSite\",\"@id\":\"https:\\\/\\\/www.robertzueblin.com\\\/es\\\/#website\",\"url\":\"https:\\\/\\\/www.robertzueblin.com\\\/es\\\/\",\"name\":\"ROBERT Z\u00dcBLIN\",\"description\":\"\",\"publisher\":{\"@id\":\"https:\\\/\\\/www.robertzueblin.com\\\/es\\\/#organization\"},\"potentialAction\":[{\"@type\":\"SearchAction\",\"target\":{\"@type\":\"EntryPoint\",\"urlTemplate\":\"https:\\\/\\\/www.robertzueblin.com\\\/es\\\/?s={search_term_string}\"},\"query-input\":{\"@type\":\"PropertyValueSpecification\",\"valueRequired\":true,\"valueName\":\"search_term_string\"}}],\"inLanguage\":\"es\"},{\"@type\":\"Organization\",\"@id\":\"https:\\\/\\\/www.robertzueblin.com\\\/es\\\/#organization\",\"name\":\"ROBERT Z\u00dcBLIN\",\"url\":\"https:\\\/\\\/www.robertzueblin.com\\\/es\\\/\",\"logo\":{\"@type\":\"ImageObject\",\"inLanguage\":\"es\",\"@id\":\"https:\\\/\\\/www.robertzueblin.com\\\/es\\\/#\\\/schema\\\/logo\\\/image\\\/\",\"url\":\"https:\\\/\\\/www.robertzueblin.com\\\/wp-content\\\/uploads\\\/cropped-cropped-logo-von-robert-zueblin.jpg\",\"contentUrl\":\"https:\\\/\\\/www.robertzueblin.com\\\/wp-content\\\/uploads\\\/cropped-cropped-logo-von-robert-zueblin.jpg\",\"width\":440,\"height\":60,\"caption\":\"ROBERT Z\u00dcBLIN\"},\"image\":{\"@id\":\"https:\\\/\\\/www.robertzueblin.com\\\/es\\\/#\\\/schema\\\/logo\\\/image\\\/\"}}]}<\/script>\n<!-- \/ Yoast SEO plugin. -->","yoast_head_json":{"title":"Gerhard MEISEL - Jarr\u00f3n estilo Brutalismo - cer\u00e1mica de taller","description":"Jarr\u00f3n de cer\u00e1mica de estudio de estilo Brutalista en gris, marr\u00f3n y p\u00farpura con dise\u00f1o de espiga de Gerhard Meisel con taller en Stahnsdorf, Brandenburgo.","robots":{"index":"index","follow":"follow","max-snippet":"max-snippet:-1","max-image-preview":"max-image-preview:large","max-video-preview":"max-video-preview:-1"},"canonical":"https:\/\/www.robertzueblin.com\/es\/gerhard-meisel\/jarron-en-estilo-brutalista\/","og_locale":"es_ES","og_type":"article","og_title":"Gerhard MEISEL - Jarr\u00f3n estilo Brutalismo - cer\u00e1mica de taller","og_description":"Jarr\u00f3n de cer\u00e1mica de estudio de estilo Brutalista en gris, marr\u00f3n y p\u00farpura con dise\u00f1o de espiga de Gerhard Meisel con taller en Stahnsdorf, Brandenburgo.","og_url":"https:\/\/www.robertzueblin.com\/es\/gerhard-meisel\/jarron-en-estilo-brutalista\/","og_site_name":"ROBERT Z\u00dcBLIN","article_modified_time":"2022-12-23T16:41:33+00:00","og_image":[{"width":1000,"height":1000,"url":"https:\/\/www.robertzueblin.com\/wp-content\/uploads\/gerhard-meisel-jarron-estilo-brutalista-ceramica-foto-titulo.jpg","type":"image\/jpeg"}],"twitter_card":"summary_large_image","schema":{"@context":"https:\/\/schema.org","@graph":[{"@type":"WebPage","@id":"https:\/\/www.robertzueblin.com\/es\/gerhard-meisel\/jarron-en-estilo-brutalista\/","url":"https:\/\/www.robertzueblin.com\/es\/gerhard-meisel\/jarron-en-estilo-brutalista\/","name":"Gerhard MEISEL - Jarr\u00f3n estilo Brutalismo - cer\u00e1mica de taller","isPartOf":{"@id":"https:\/\/www.robertzueblin.com\/es\/#website"},"primaryImageOfPage":{"@id":"https:\/\/www.robertzueblin.com\/es\/gerhard-meisel\/jarron-en-estilo-brutalista\/#primaryimage"},"image":{"@id":"https:\/\/www.robertzueblin.com\/es\/gerhard-meisel\/jarron-en-estilo-brutalista\/#primaryimage"},"thumbnailUrl":"https:\/\/www.robertzueblin.com\/wp-content\/uploads\/gerhard-meisel-jarron-estilo-brutalista-ceramica-foto-titulo.jpg","datePublished":"2021-10-09T10:27:58+00:00","dateModified":"2022-12-23T16:41:33+00:00","description":"Jarr\u00f3n de cer\u00e1mica de estudio de estilo Brutalista en gris, marr\u00f3n y p\u00farpura con dise\u00f1o de espiga de Gerhard Meisel con taller en Stahnsdorf, Brandenburgo.","breadcrumb":{"@id":"https:\/\/www.robertzueblin.com\/es\/gerhard-meisel\/jarron-en-estilo-brutalista\/#breadcrumb"},"inLanguage":"es","potentialAction":[{"@type":"ReadAction","target":["https:\/\/www.robertzueblin.com\/es\/gerhard-meisel\/jarron-en-estilo-brutalista\/"]}]},{"@type":"ImageObject","inLanguage":"es","@id":"https:\/\/www.robertzueblin.com\/es\/gerhard-meisel\/jarron-en-estilo-brutalista\/#primaryimage","url":"https:\/\/www.robertzueblin.com\/wp-content\/uploads\/gerhard-meisel-jarron-estilo-brutalista-ceramica-foto-titulo.jpg","contentUrl":"https:\/\/www.robertzueblin.com\/wp-content\/uploads\/gerhard-meisel-jarron-estilo-brutalista-ceramica-foto-titulo.jpg","width":1000,"height":1000},{"@type":"BreadcrumbList","@id":"https:\/\/www.robertzueblin.com\/es\/gerhard-meisel\/jarron-en-estilo-brutalista\/#breadcrumb","itemListElement":[{"@type":"ListItem","position":1,"name":"Startseite","item":"https:\/\/www.robertzueblin.com\/es\/"},{"@type":"ListItem","position":2,"name":"Galer\u00eda de arte online (tienda online)","item":"https:\/\/www.robertzueblin.com\/es\/galeria-de-arte-online\/"},{"@type":"ListItem","position":3,"name":"Gerhard MEISEL (* 1903, \u2020 1979) \u2013 Jarr\u00f3n en estilo brutalista &#8211; cer\u00e1mica de taller"}]},{"@type":"WebSite","@id":"https:\/\/www.robertzueblin.com\/es\/#website","url":"https:\/\/www.robertzueblin.com\/es\/","name":"ROBERT Z\u00dcBLIN","description":"","publisher":{"@id":"https:\/\/www.robertzueblin.com\/es\/#organization"},"potentialAction":[{"@type":"SearchAction","target":{"@type":"EntryPoint","urlTemplate":"https:\/\/www.robertzueblin.com\/es\/?s={search_term_string}"},"query-input":{"@type":"PropertyValueSpecification","valueRequired":true,"valueName":"search_term_string"}}],"inLanguage":"es"},{"@type":"Organization","@id":"https:\/\/www.robertzueblin.com\/es\/#organization","name":"ROBERT Z\u00dcBLIN","url":"https:\/\/www.robertzueblin.com\/es\/","logo":{"@type":"ImageObject","inLanguage":"es","@id":"https:\/\/www.robertzueblin.com\/es\/#\/schema\/logo\/image\/","url":"https:\/\/www.robertzueblin.com\/wp-content\/uploads\/cropped-cropped-logo-von-robert-zueblin.jpg","contentUrl":"https:\/\/www.robertzueblin.com\/wp-content\/uploads\/cropped-cropped-logo-von-robert-zueblin.jpg","width":440,"height":60,"caption":"ROBERT Z\u00dcBLIN"},"image":{"@id":"https:\/\/www.robertzueblin.com\/es\/#\/schema\/logo\/image\/"}}]}},"_links":{"self":[{"href":"https:\/\/www.robertzueblin.com\/es\/wp-json\/wp\/v2\/product\/3071","targetHints":{"allow":["GET"]}}],"collection":[{"href":"https:\/\/www.robertzueblin.com\/es\/wp-json\/wp\/v2\/product"}],"about":[{"href":"https:\/\/www.robertzueblin.com\/es\/wp-json\/wp\/v2\/types\/product"}],"wp:featuredmedia":[{"embeddable":true,"href":"https:\/\/www.robertzueblin.com\/es\/wp-json\/wp\/v2\/media\/2866"}],"wp:attachment":[{"href":"https:\/\/www.robertzueblin.com\/es\/wp-json\/wp\/v2\/media?parent=3071"}],"wp:term":[{"taxonomy":"product_brand","embeddable":true,"href":"https:\/\/www.robertzueblin.com\/es\/wp-json\/wp\/v2\/product_brand?post=3071"},{"taxonomy":"product_cat","embeddable":true,"href":"https:\/\/www.robertzueblin.com\/es\/wp-json\/wp\/v2\/product_cat?post=3071"},{"taxonomy":"product_tag","embeddable":true,"href":"https:\/\/www.robertzueblin.com\/es\/wp-json\/wp\/v2\/product_tag?post=3071"}],"curies":[{"name":"wp","href":"https:\/\/api.w.org\/{rel}","templated":true}]}}