{"id":3063,"date":"2021-10-09T12:43:06","date_gmt":"2021-11-29T20:01:38","guid":{"rendered":"https:\/\/www.robertzueblin.com\/?post_type=product&#038;p=3063"},"modified":"2023-08-15T14:25:29","modified_gmt":"2023-08-15T12:25:29","slug":"george-e-ohr-1857-%e2%80%a0-1918-cuenco-de-alrededor-de-1895","status":"publish","type":"product","link":"https:\/\/www.robertzueblin.com\/es\/george-e-ohr\/cuenco-de-alrededor-de-1895\/","title":{"rendered":"George E. OHR (* 1857, \u2020 1918) &#8211; Cuenco de alrededor de 1895 &#8211; cer\u00e1mica de taller"},"content":{"rendered":"<p><span style=\"font-family: AkkoPro-BoldCondensed!important\">Tipo:<\/span><a href=\"https:\/\/www.robertzueblin.com\/es\/tipo\/ceramica-artistica-ceramica-artesanal-ceramica-de-taller\/\">Cer\u00e1mica de taller<\/a><\/p>\n<p><span style=\"font-family: AkkoPro-BoldCondensed!important\">Dise\u00f1o:<\/span> George E. Ohr (* 1857, \u2020 1918)<\/p>\n<p><span style=\"font-family: AkkoPro-BoldCondensed!important\">Ejecuci\u00f3n:<\/span> George E. Ohr (* 1857, \u2020 1918)<\/p>\n<p><span style=\"font-family: AkkoPro-BoldCondensed!important\">Objeto:<\/span> cuenco<\/p>\n<p><span style=\"font-family: AkkoPro-BoldCondensed!important\">Dimensiones:<\/span> altura: 9 cm, di\u00e1metro: 16 cm<\/p>\n<p><span style=\"font-family: AkkoPro-BoldCondensed!important\">Cuerpo:<\/span> cuerpo naranja-rojo<\/p>\n<p><span style=\"font-family: AkkoPro-BoldCondensed!important\">Superficie:<\/span> esmalte transparente, que deja traslucir el cuerpo rojo anaranjado, manchas parcialmente negras en el exterior y en el interior<\/p>\n<p><span style=\"font-family: AkkoPro-BoldCondensed!important\">A\u00f1o de producci\u00f3n:<\/span> alrededor de 1895<\/p>\n<p><span style=\"font-family: AkkoPro-BoldCondensed!important\">Estado:<\/span> en el pie y en la transici\u00f3n a la pared hay grietas (en parte continuas) en la arcilla, que aparentemente ya estaban presentes antes de la cocci\u00f3n del esmalte; por lo dem\u00e1s, se encuentra en muy buen estado<\/p>\n<p><span style=\"font-family: AkkoPro-BoldCondensed!important\">Firma\/marca:<\/span> G E Ohr<\/p>\n<p><span style=\"font-family: AkkoPro-BoldCondensed!important\">Detalles:<\/span><br \/>\nGeorge E. Ohr se dio a s\u00ed mismo el apodo de \u00abAlfarero Loco de Biloxi\u00bb y est\u00e1 considerado como la primera persona en Estados Unidos que cre\u00f3 cer\u00e1mica art\u00edstica con un lenguaje formal propio. T\u00edpico del ceramista George E. Ohr son, entre otras cosas, las finas paredes de sus recipientes. Adem\u00e1s, el cuenco de cer\u00e1mica es tan fino que se teme que se rompa si se sujeta con demasiada fuerza. El esmalte transparente con manchas negras deja que la arcilla roja-anaranjada se encargue de la coloraci\u00f3n.<\/p>\n","protected":false},"excerpt":{"rendered":"<p><span style=\"color: #e2401c;\">&#x25cf;<\/span><span> vendido<\/span><\/p>\n","protected":false},"featured_media":2892,"template":"","meta":[],"product_brand":[],"product_cat":[177],"product_tag":[],"class_list":{"0":"post-3063","1":"product","2":"type-product","3":"status-publish","4":"has-post-thumbnail","6":"product_cat-george-e-ohr","8":"first","9":"outofstock","10":"sold-individually","11":"shipping-taxable","12":"product-type-simple"},"yoast_head":"<!-- This site is optimized with the Yoast SEO plugin v27.4 - https:\/\/yoast.com\/product\/yoast-seo-wordpress\/ -->\n<title>George E. OHR - Taz\u00f3n de alrededor de 1895<\/title>\n<meta name=\"description\" content=\"Cuenco de cer\u00e1mica de taller con esmalte transparente con manchas negras del ceramista George E. Ohr, tambi\u00e9n llamado Mad Potter de Biloxi.\" \/>\n<meta name=\"robots\" content=\"index, follow, max-snippet:-1, max-image-preview:large, max-video-preview:-1\" \/>\n<link rel=\"canonical\" href=\"https:\/\/www.robertzueblin.com\/es\/george-e-ohr\/cuenco-de-alrededor-de-1895\/\" \/>\n<meta property=\"og:locale\" content=\"es_ES\" \/>\n<meta property=\"og:type\" content=\"article\" \/>\n<meta property=\"og:title\" content=\"George E. OHR - Taz\u00f3n de alrededor de 1895\" \/>\n<meta property=\"og:description\" content=\"Cuenco de cer\u00e1mica de taller con esmalte transparente con manchas negras del ceramista George E. Ohr, tambi\u00e9n llamado Mad Potter de Biloxi.\" \/>\n<meta property=\"og:url\" content=\"https:\/\/www.robertzueblin.com\/es\/george-e-ohr\/cuenco-de-alrededor-de-1895\/\" \/>\n<meta property=\"og:site_name\" content=\"ROBERT Z\u00dcBLIN\" \/>\n<meta property=\"article:modified_time\" content=\"2023-08-15T12:25:29+00:00\" \/>\n<meta property=\"og:image\" content=\"https:\/\/www.robertzueblin.com\/wp-content\/uploads\/george-e-ohr-ceramica-cuenco-foto-titulo.jpg\" \/>\n\t<meta property=\"og:image:width\" content=\"1000\" \/>\n\t<meta property=\"og:image:height\" content=\"1000\" \/>\n\t<meta property=\"og:image:type\" content=\"image\/jpeg\" \/>\n<meta name=\"twitter:card\" content=\"summary_large_image\" \/>\n<script type=\"application\/ld+json\" class=\"yoast-schema-graph\">{\"@context\":\"https:\\\/\\\/schema.org\",\"@graph\":[{\"@type\":\"WebPage\",\"@id\":\"https:\\\/\\\/www.robertzueblin.com\\\/es\\\/george-e-ohr\\\/cuenco-de-alrededor-de-1895\\\/\",\"url\":\"https:\\\/\\\/www.robertzueblin.com\\\/es\\\/george-e-ohr\\\/cuenco-de-alrededor-de-1895\\\/\",\"name\":\"George E. OHR - Taz\u00f3n de alrededor de 1895\",\"isPartOf\":{\"@id\":\"https:\\\/\\\/www.robertzueblin.com\\\/es\\\/#website\"},\"primaryImageOfPage\":{\"@id\":\"https:\\\/\\\/www.robertzueblin.com\\\/es\\\/george-e-ohr\\\/cuenco-de-alrededor-de-1895\\\/#primaryimage\"},\"image\":{\"@id\":\"https:\\\/\\\/www.robertzueblin.com\\\/es\\\/george-e-ohr\\\/cuenco-de-alrededor-de-1895\\\/#primaryimage\"},\"thumbnailUrl\":\"https:\\\/\\\/www.robertzueblin.com\\\/wp-content\\\/uploads\\\/george-e-ohr-ceramica-cuenco-foto-titulo.jpg\",\"datePublished\":\"2021-11-29T20:01:38+00:00\",\"dateModified\":\"2023-08-15T12:25:29+00:00\",\"description\":\"Cuenco de cer\u00e1mica de taller con esmalte transparente con manchas negras del ceramista George E. Ohr, tambi\u00e9n llamado Mad Potter de Biloxi.\",\"breadcrumb\":{\"@id\":\"https:\\\/\\\/www.robertzueblin.com\\\/es\\\/george-e-ohr\\\/cuenco-de-alrededor-de-1895\\\/#breadcrumb\"},\"inLanguage\":\"es\",\"potentialAction\":[{\"@type\":\"ReadAction\",\"target\":[\"https:\\\/\\\/www.robertzueblin.com\\\/es\\\/george-e-ohr\\\/cuenco-de-alrededor-de-1895\\\/\"]}]},{\"@type\":\"ImageObject\",\"inLanguage\":\"es\",\"@id\":\"https:\\\/\\\/www.robertzueblin.com\\\/es\\\/george-e-ohr\\\/cuenco-de-alrededor-de-1895\\\/#primaryimage\",\"url\":\"https:\\\/\\\/www.robertzueblin.com\\\/wp-content\\\/uploads\\\/george-e-ohr-ceramica-cuenco-foto-titulo.jpg\",\"contentUrl\":\"https:\\\/\\\/www.robertzueblin.com\\\/wp-content\\\/uploads\\\/george-e-ohr-ceramica-cuenco-foto-titulo.jpg\",\"width\":1000,\"height\":1000},{\"@type\":\"BreadcrumbList\",\"@id\":\"https:\\\/\\\/www.robertzueblin.com\\\/es\\\/george-e-ohr\\\/cuenco-de-alrededor-de-1895\\\/#breadcrumb\",\"itemListElement\":[{\"@type\":\"ListItem\",\"position\":1,\"name\":\"Startseite\",\"item\":\"https:\\\/\\\/www.robertzueblin.com\\\/es\\\/\"},{\"@type\":\"ListItem\",\"position\":2,\"name\":\"Galer\u00eda de arte online (tienda online)\",\"item\":\"https:\\\/\\\/www.robertzueblin.com\\\/es\\\/galeria-de-arte-online\\\/\"},{\"@type\":\"ListItem\",\"position\":3,\"name\":\"George E. OHR (* 1857, \u2020 1918) &#8211; Cuenco de alrededor de 1895 &#8211; cer\u00e1mica de taller\"}]},{\"@type\":\"WebSite\",\"@id\":\"https:\\\/\\\/www.robertzueblin.com\\\/es\\\/#website\",\"url\":\"https:\\\/\\\/www.robertzueblin.com\\\/es\\\/\",\"name\":\"ROBERT Z\u00dcBLIN\",\"description\":\"\",\"publisher\":{\"@id\":\"https:\\\/\\\/www.robertzueblin.com\\\/es\\\/#organization\"},\"potentialAction\":[{\"@type\":\"SearchAction\",\"target\":{\"@type\":\"EntryPoint\",\"urlTemplate\":\"https:\\\/\\\/www.robertzueblin.com\\\/es\\\/?s={search_term_string}\"},\"query-input\":{\"@type\":\"PropertyValueSpecification\",\"valueRequired\":true,\"valueName\":\"search_term_string\"}}],\"inLanguage\":\"es\"},{\"@type\":\"Organization\",\"@id\":\"https:\\\/\\\/www.robertzueblin.com\\\/es\\\/#organization\",\"name\":\"ROBERT Z\u00dcBLIN\",\"url\":\"https:\\\/\\\/www.robertzueblin.com\\\/es\\\/\",\"logo\":{\"@type\":\"ImageObject\",\"inLanguage\":\"es\",\"@id\":\"https:\\\/\\\/www.robertzueblin.com\\\/es\\\/#\\\/schema\\\/logo\\\/image\\\/\",\"url\":\"https:\\\/\\\/www.robertzueblin.com\\\/wp-content\\\/uploads\\\/cropped-cropped-logo-von-robert-zueblin.jpg\",\"contentUrl\":\"https:\\\/\\\/www.robertzueblin.com\\\/wp-content\\\/uploads\\\/cropped-cropped-logo-von-robert-zueblin.jpg\",\"width\":440,\"height\":60,\"caption\":\"ROBERT Z\u00dcBLIN\"},\"image\":{\"@id\":\"https:\\\/\\\/www.robertzueblin.com\\\/es\\\/#\\\/schema\\\/logo\\\/image\\\/\"}}]}<\/script>\n<!-- \/ Yoast SEO plugin. -->","yoast_head_json":{"title":"George E. OHR - Taz\u00f3n de alrededor de 1895","description":"Cuenco de cer\u00e1mica de taller con esmalte transparente con manchas negras del ceramista George E. Ohr, tambi\u00e9n llamado Mad Potter de Biloxi.","robots":{"index":"index","follow":"follow","max-snippet":"max-snippet:-1","max-image-preview":"max-image-preview:large","max-video-preview":"max-video-preview:-1"},"canonical":"https:\/\/www.robertzueblin.com\/es\/george-e-ohr\/cuenco-de-alrededor-de-1895\/","og_locale":"es_ES","og_type":"article","og_title":"George E. OHR - Taz\u00f3n de alrededor de 1895","og_description":"Cuenco de cer\u00e1mica de taller con esmalte transparente con manchas negras del ceramista George E. Ohr, tambi\u00e9n llamado Mad Potter de Biloxi.","og_url":"https:\/\/www.robertzueblin.com\/es\/george-e-ohr\/cuenco-de-alrededor-de-1895\/","og_site_name":"ROBERT Z\u00dcBLIN","article_modified_time":"2023-08-15T12:25:29+00:00","og_image":[{"width":1000,"height":1000,"url":"https:\/\/www.robertzueblin.com\/wp-content\/uploads\/george-e-ohr-ceramica-cuenco-foto-titulo.jpg","type":"image\/jpeg"}],"twitter_card":"summary_large_image","schema":{"@context":"https:\/\/schema.org","@graph":[{"@type":"WebPage","@id":"https:\/\/www.robertzueblin.com\/es\/george-e-ohr\/cuenco-de-alrededor-de-1895\/","url":"https:\/\/www.robertzueblin.com\/es\/george-e-ohr\/cuenco-de-alrededor-de-1895\/","name":"George E. OHR - Taz\u00f3n de alrededor de 1895","isPartOf":{"@id":"https:\/\/www.robertzueblin.com\/es\/#website"},"primaryImageOfPage":{"@id":"https:\/\/www.robertzueblin.com\/es\/george-e-ohr\/cuenco-de-alrededor-de-1895\/#primaryimage"},"image":{"@id":"https:\/\/www.robertzueblin.com\/es\/george-e-ohr\/cuenco-de-alrededor-de-1895\/#primaryimage"},"thumbnailUrl":"https:\/\/www.robertzueblin.com\/wp-content\/uploads\/george-e-ohr-ceramica-cuenco-foto-titulo.jpg","datePublished":"2021-11-29T20:01:38+00:00","dateModified":"2023-08-15T12:25:29+00:00","description":"Cuenco de cer\u00e1mica de taller con esmalte transparente con manchas negras del ceramista George E. Ohr, tambi\u00e9n llamado Mad Potter de Biloxi.","breadcrumb":{"@id":"https:\/\/www.robertzueblin.com\/es\/george-e-ohr\/cuenco-de-alrededor-de-1895\/#breadcrumb"},"inLanguage":"es","potentialAction":[{"@type":"ReadAction","target":["https:\/\/www.robertzueblin.com\/es\/george-e-ohr\/cuenco-de-alrededor-de-1895\/"]}]},{"@type":"ImageObject","inLanguage":"es","@id":"https:\/\/www.robertzueblin.com\/es\/george-e-ohr\/cuenco-de-alrededor-de-1895\/#primaryimage","url":"https:\/\/www.robertzueblin.com\/wp-content\/uploads\/george-e-ohr-ceramica-cuenco-foto-titulo.jpg","contentUrl":"https:\/\/www.robertzueblin.com\/wp-content\/uploads\/george-e-ohr-ceramica-cuenco-foto-titulo.jpg","width":1000,"height":1000},{"@type":"BreadcrumbList","@id":"https:\/\/www.robertzueblin.com\/es\/george-e-ohr\/cuenco-de-alrededor-de-1895\/#breadcrumb","itemListElement":[{"@type":"ListItem","position":1,"name":"Startseite","item":"https:\/\/www.robertzueblin.com\/es\/"},{"@type":"ListItem","position":2,"name":"Galer\u00eda de arte online (tienda online)","item":"https:\/\/www.robertzueblin.com\/es\/galeria-de-arte-online\/"},{"@type":"ListItem","position":3,"name":"George E. OHR (* 1857, \u2020 1918) &#8211; Cuenco de alrededor de 1895 &#8211; cer\u00e1mica de taller"}]},{"@type":"WebSite","@id":"https:\/\/www.robertzueblin.com\/es\/#website","url":"https:\/\/www.robertzueblin.com\/es\/","name":"ROBERT Z\u00dcBLIN","description":"","publisher":{"@id":"https:\/\/www.robertzueblin.com\/es\/#organization"},"potentialAction":[{"@type":"SearchAction","target":{"@type":"EntryPoint","urlTemplate":"https:\/\/www.robertzueblin.com\/es\/?s={search_term_string}"},"query-input":{"@type":"PropertyValueSpecification","valueRequired":true,"valueName":"search_term_string"}}],"inLanguage":"es"},{"@type":"Organization","@id":"https:\/\/www.robertzueblin.com\/es\/#organization","name":"ROBERT Z\u00dcBLIN","url":"https:\/\/www.robertzueblin.com\/es\/","logo":{"@type":"ImageObject","inLanguage":"es","@id":"https:\/\/www.robertzueblin.com\/es\/#\/schema\/logo\/image\/","url":"https:\/\/www.robertzueblin.com\/wp-content\/uploads\/cropped-cropped-logo-von-robert-zueblin.jpg","contentUrl":"https:\/\/www.robertzueblin.com\/wp-content\/uploads\/cropped-cropped-logo-von-robert-zueblin.jpg","width":440,"height":60,"caption":"ROBERT Z\u00dcBLIN"},"image":{"@id":"https:\/\/www.robertzueblin.com\/es\/#\/schema\/logo\/image\/"}}]}},"_links":{"self":[{"href":"https:\/\/www.robertzueblin.com\/es\/wp-json\/wp\/v2\/product\/3063","targetHints":{"allow":["GET"]}}],"collection":[{"href":"https:\/\/www.robertzueblin.com\/es\/wp-json\/wp\/v2\/product"}],"about":[{"href":"https:\/\/www.robertzueblin.com\/es\/wp-json\/wp\/v2\/types\/product"}],"wp:featuredmedia":[{"embeddable":true,"href":"https:\/\/www.robertzueblin.com\/es\/wp-json\/wp\/v2\/media\/2892"}],"wp:attachment":[{"href":"https:\/\/www.robertzueblin.com\/es\/wp-json\/wp\/v2\/media?parent=3063"}],"wp:term":[{"taxonomy":"product_brand","embeddable":true,"href":"https:\/\/www.robertzueblin.com\/es\/wp-json\/wp\/v2\/product_brand?post=3063"},{"taxonomy":"product_cat","embeddable":true,"href":"https:\/\/www.robertzueblin.com\/es\/wp-json\/wp\/v2\/product_cat?post=3063"},{"taxonomy":"product_tag","embeddable":true,"href":"https:\/\/www.robertzueblin.com\/es\/wp-json\/wp\/v2\/product_tag?post=3063"}],"curies":[{"name":"wp","href":"https:\/\/api.w.org\/{rel}","templated":true}]}}