{"id":3060,"date":"2021-10-09T12:49:17","date_gmt":"2021-10-09T10:49:17","guid":{"rendered":"https:\/\/www.robertzueblin.com\/?post_type=product&#038;p=3060"},"modified":"2024-09-18T10:45:44","modified_gmt":"2024-09-18T08:45:44","slug":"gusso-reuss-1885-%e2%80%a0-1962-jarron-de-coccion-por-reduccion","status":"publish","type":"product","link":"https:\/\/www.robertzueblin.com\/es\/gusso-reuss\/jarron-de-coccion-por-reduccion\/","title":{"rendered":"Gusso REUSS (* 1885, \u2020 1962) &#8211; Jarr\u00f3n de cocci\u00f3n por reducci\u00f3n &#8211; cer\u00e1mica de taller"},"content":{"rendered":"<p><span style=\"font-family: AkkoPro-BoldCondensed!important\">Tipo:<\/span> <a href=\"https:\/\/www.robertzueblin.com\/es\/tipo\/ceramica-artistica-ceramica-artesanal-ceramica-de-taller\/\">Cer\u00e1mica de taller<\/a><\/p>\n<p><span style=\"font-family: AkkoPro-BoldCondensed!important\">Dise\u00f1o:<\/span> Gusso Reuss (* 1885, \u2020 1962)<\/p>\n<p><span style=\"font-family: AkkoPro-BoldCondensed!important\">Ejecuci\u00f3n:<\/span> Taller Reuss<\/p>\n<p><span style=\"font-family: AkkoPro-BoldCondensed!important\">Objeto:<\/span> jarr\u00f3n<\/p>\n<p><span style=\"font-family: AkkoPro-BoldCondensed!important\">Dimensiones:<\/span> altura: 8,5 cm, di\u00e1metro: 7 cm<\/p>\n<p><span style=\"font-family: AkkoPro-BoldCondensed!important\">Cuerpo:<\/span> cuerpo de color claro<\/p>\n<p><span style=\"font-family: AkkoPro-BoldCondensed!important\">Superficie:<\/span> el esmalte es gris ahumado, rosa, rojo ciruela y marr\u00f3n, blanco, peque\u00f1a cantidad de esmalte de brillo<\/p>\n<p><span style=\"font-family: AkkoPro-BoldCondensed!important\">Fecha de producci\u00f3n:<\/span> probablemente los a\u00f1os 30<\/p>\n<p><span style=\"font-family: AkkoPro-BoldCondensed!important\">Estado:<\/span> en el pie unos 4,5 cm de p\u00e9rdida de material y falta de esmalte en este lugar, ambos probablemente ocurridos durante la producci\u00f3n, en parte rayaduras en el esmalte<\/p>\n<p><span style=\"font-family: AkkoPro-BoldCondensed!important\">Firma\/marca:<\/span> REUSS<\/p>\n<p><span style=\"font-family: AkkoPro-BoldCondensed!important\">Detalles:<\/span><br \/>\nJarr\u00f3n de cer\u00e1mica torneada del taller Reuss. Este jarr\u00f3n de aqu\u00ed, realizado por cocci\u00f3n de reducci\u00f3n, data probablemente de los a\u00f1os 30 [1]. Gusso (Gustav Otto) Reuss era conocido por sus experimentos con el esmalte, que pretend\u00edan redescubrir las t\u00e9cnicas chinas de esmaltado de los periodos Sung y Kang-Hsi en particular. Gusso Reuss expuso por primera vez sus cer\u00e1micas con esmaltes por reducci\u00f3n en 1927 [2].<\/p>\n<p><em>Notas a pie de p\u00e1gina:<\/em><br \/>\n1. cat. n\u00ba 358, en: Kunstgewerbeverein Hamburg e.V. (ed.): Moderne deutsche Keramik, Hamburgo 1962, p. 91.<br \/>\n2. Kunstgewerbeverein Hamburg e.V. (ed.): Moderne deutsche Keramik, Hamburgo 1962, p. 90.<\/p>\n","protected":false},"excerpt":{"rendered":"<p><span style=\"color: #e2401c;\">&#x25cf;<\/span><span> vendido<\/span><\/p>\n","protected":false},"featured_media":2938,"template":"","meta":[],"product_brand":[],"product_cat":[182],"product_tag":[],"class_list":{"0":"post-3060","1":"product","2":"type-product","3":"status-publish","4":"has-post-thumbnail","6":"product_cat-gusso-reuss","8":"first","9":"outofstock","10":"sold-individually","11":"shipping-taxable","12":"product-type-simple"},"yoast_head":"<!-- This site is optimized with the Yoast SEO plugin v27.4 - https:\/\/yoast.com\/product\/yoast-seo-wordpress\/ -->\n<title>Gusso REUSS - Jarr\u00f3n de cocci\u00f3n por reducci\u00f3n cer\u00e1mica de taller<\/title>\n<meta name=\"description\" content=\"Jarr\u00f3n de cer\u00e1mica de taller realizado en cocci\u00f3n de reducci\u00f3n con esmalte gris ahumado y rosa por el ceramista Gusso Reuss con taller en Alemania.\" \/>\n<meta name=\"robots\" content=\"index, follow, max-snippet:-1, max-image-preview:large, max-video-preview:-1\" \/>\n<link rel=\"canonical\" href=\"https:\/\/www.robertzueblin.com\/es\/gusso-reuss\/jarron-de-coccion-por-reduccion\/\" \/>\n<meta property=\"og:locale\" content=\"es_ES\" \/>\n<meta property=\"og:type\" content=\"article\" \/>\n<meta property=\"og:title\" content=\"Gusso REUSS - Jarr\u00f3n de cocci\u00f3n por reducci\u00f3n cer\u00e1mica de taller\" \/>\n<meta property=\"og:description\" content=\"Jarr\u00f3n de cer\u00e1mica de taller realizado en cocci\u00f3n de reducci\u00f3n con esmalte gris ahumado y rosa por el ceramista Gusso Reuss con taller en Alemania.\" \/>\n<meta property=\"og:url\" content=\"https:\/\/www.robertzueblin.com\/es\/gusso-reuss\/jarron-de-coccion-por-reduccion\/\" \/>\n<meta property=\"og:site_name\" content=\"ROBERT Z\u00dcBLIN\" \/>\n<meta property=\"article:modified_time\" content=\"2024-09-18T08:45:44+00:00\" \/>\n<meta property=\"og:image\" content=\"https:\/\/www.robertzueblin.com\/wp-content\/uploads\/gusso-reuss-jarron-reduccion-ceramica-foto-titulo.jpg\" \/>\n\t<meta property=\"og:image:width\" content=\"1000\" \/>\n\t<meta property=\"og:image:height\" content=\"1000\" \/>\n\t<meta property=\"og:image:type\" content=\"image\/jpeg\" \/>\n<meta name=\"twitter:card\" content=\"summary_large_image\" \/>\n<script type=\"application\/ld+json\" class=\"yoast-schema-graph\">{\"@context\":\"https:\\\/\\\/schema.org\",\"@graph\":[{\"@type\":\"WebPage\",\"@id\":\"https:\\\/\\\/www.robertzueblin.com\\\/es\\\/gusso-reuss\\\/jarron-de-coccion-por-reduccion\\\/\",\"url\":\"https:\\\/\\\/www.robertzueblin.com\\\/es\\\/gusso-reuss\\\/jarron-de-coccion-por-reduccion\\\/\",\"name\":\"Gusso REUSS - Jarr\u00f3n de cocci\u00f3n por reducci\u00f3n cer\u00e1mica de taller\",\"isPartOf\":{\"@id\":\"https:\\\/\\\/www.robertzueblin.com\\\/es\\\/#website\"},\"primaryImageOfPage\":{\"@id\":\"https:\\\/\\\/www.robertzueblin.com\\\/es\\\/gusso-reuss\\\/jarron-de-coccion-por-reduccion\\\/#primaryimage\"},\"image\":{\"@id\":\"https:\\\/\\\/www.robertzueblin.com\\\/es\\\/gusso-reuss\\\/jarron-de-coccion-por-reduccion\\\/#primaryimage\"},\"thumbnailUrl\":\"https:\\\/\\\/www.robertzueblin.com\\\/wp-content\\\/uploads\\\/gusso-reuss-jarron-reduccion-ceramica-foto-titulo.jpg\",\"datePublished\":\"2021-10-09T10:49:17+00:00\",\"dateModified\":\"2024-09-18T08:45:44+00:00\",\"description\":\"Jarr\u00f3n de cer\u00e1mica de taller realizado en cocci\u00f3n de reducci\u00f3n con esmalte gris ahumado y rosa por el ceramista Gusso Reuss con taller en Alemania.\",\"breadcrumb\":{\"@id\":\"https:\\\/\\\/www.robertzueblin.com\\\/es\\\/gusso-reuss\\\/jarron-de-coccion-por-reduccion\\\/#breadcrumb\"},\"inLanguage\":\"es\",\"potentialAction\":[{\"@type\":\"ReadAction\",\"target\":[\"https:\\\/\\\/www.robertzueblin.com\\\/es\\\/gusso-reuss\\\/jarron-de-coccion-por-reduccion\\\/\"]}]},{\"@type\":\"ImageObject\",\"inLanguage\":\"es\",\"@id\":\"https:\\\/\\\/www.robertzueblin.com\\\/es\\\/gusso-reuss\\\/jarron-de-coccion-por-reduccion\\\/#primaryimage\",\"url\":\"https:\\\/\\\/www.robertzueblin.com\\\/wp-content\\\/uploads\\\/gusso-reuss-jarron-reduccion-ceramica-foto-titulo.jpg\",\"contentUrl\":\"https:\\\/\\\/www.robertzueblin.com\\\/wp-content\\\/uploads\\\/gusso-reuss-jarron-reduccion-ceramica-foto-titulo.jpg\",\"width\":1000,\"height\":1000},{\"@type\":\"BreadcrumbList\",\"@id\":\"https:\\\/\\\/www.robertzueblin.com\\\/es\\\/gusso-reuss\\\/jarron-de-coccion-por-reduccion\\\/#breadcrumb\",\"itemListElement\":[{\"@type\":\"ListItem\",\"position\":1,\"name\":\"Startseite\",\"item\":\"https:\\\/\\\/www.robertzueblin.com\\\/es\\\/\"},{\"@type\":\"ListItem\",\"position\":2,\"name\":\"Galer\u00eda de arte online (tienda online)\",\"item\":\"https:\\\/\\\/www.robertzueblin.com\\\/es\\\/galeria-de-arte-online\\\/\"},{\"@type\":\"ListItem\",\"position\":3,\"name\":\"Gusso REUSS (* 1885, \u2020 1962) &#8211; Jarr\u00f3n de cocci\u00f3n por reducci\u00f3n &#8211; cer\u00e1mica de taller\"}]},{\"@type\":\"WebSite\",\"@id\":\"https:\\\/\\\/www.robertzueblin.com\\\/es\\\/#website\",\"url\":\"https:\\\/\\\/www.robertzueblin.com\\\/es\\\/\",\"name\":\"ROBERT Z\u00dcBLIN\",\"description\":\"\",\"publisher\":{\"@id\":\"https:\\\/\\\/www.robertzueblin.com\\\/es\\\/#organization\"},\"potentialAction\":[{\"@type\":\"SearchAction\",\"target\":{\"@type\":\"EntryPoint\",\"urlTemplate\":\"https:\\\/\\\/www.robertzueblin.com\\\/es\\\/?s={search_term_string}\"},\"query-input\":{\"@type\":\"PropertyValueSpecification\",\"valueRequired\":true,\"valueName\":\"search_term_string\"}}],\"inLanguage\":\"es\"},{\"@type\":\"Organization\",\"@id\":\"https:\\\/\\\/www.robertzueblin.com\\\/es\\\/#organization\",\"name\":\"ROBERT Z\u00dcBLIN\",\"url\":\"https:\\\/\\\/www.robertzueblin.com\\\/es\\\/\",\"logo\":{\"@type\":\"ImageObject\",\"inLanguage\":\"es\",\"@id\":\"https:\\\/\\\/www.robertzueblin.com\\\/es\\\/#\\\/schema\\\/logo\\\/image\\\/\",\"url\":\"https:\\\/\\\/www.robertzueblin.com\\\/wp-content\\\/uploads\\\/cropped-cropped-logo-von-robert-zueblin.jpg\",\"contentUrl\":\"https:\\\/\\\/www.robertzueblin.com\\\/wp-content\\\/uploads\\\/cropped-cropped-logo-von-robert-zueblin.jpg\",\"width\":440,\"height\":60,\"caption\":\"ROBERT Z\u00dcBLIN\"},\"image\":{\"@id\":\"https:\\\/\\\/www.robertzueblin.com\\\/es\\\/#\\\/schema\\\/logo\\\/image\\\/\"}}]}<\/script>\n<!-- \/ Yoast SEO plugin. -->","yoast_head_json":{"title":"Gusso REUSS - Jarr\u00f3n de cocci\u00f3n por reducci\u00f3n cer\u00e1mica de taller","description":"Jarr\u00f3n de cer\u00e1mica de taller realizado en cocci\u00f3n de reducci\u00f3n con esmalte gris ahumado y rosa por el ceramista Gusso Reuss con taller en Alemania.","robots":{"index":"index","follow":"follow","max-snippet":"max-snippet:-1","max-image-preview":"max-image-preview:large","max-video-preview":"max-video-preview:-1"},"canonical":"https:\/\/www.robertzueblin.com\/es\/gusso-reuss\/jarron-de-coccion-por-reduccion\/","og_locale":"es_ES","og_type":"article","og_title":"Gusso REUSS - Jarr\u00f3n de cocci\u00f3n por reducci\u00f3n cer\u00e1mica de taller","og_description":"Jarr\u00f3n de cer\u00e1mica de taller realizado en cocci\u00f3n de reducci\u00f3n con esmalte gris ahumado y rosa por el ceramista Gusso Reuss con taller en Alemania.","og_url":"https:\/\/www.robertzueblin.com\/es\/gusso-reuss\/jarron-de-coccion-por-reduccion\/","og_site_name":"ROBERT Z\u00dcBLIN","article_modified_time":"2024-09-18T08:45:44+00:00","og_image":[{"width":1000,"height":1000,"url":"https:\/\/www.robertzueblin.com\/wp-content\/uploads\/gusso-reuss-jarron-reduccion-ceramica-foto-titulo.jpg","type":"image\/jpeg"}],"twitter_card":"summary_large_image","schema":{"@context":"https:\/\/schema.org","@graph":[{"@type":"WebPage","@id":"https:\/\/www.robertzueblin.com\/es\/gusso-reuss\/jarron-de-coccion-por-reduccion\/","url":"https:\/\/www.robertzueblin.com\/es\/gusso-reuss\/jarron-de-coccion-por-reduccion\/","name":"Gusso REUSS - Jarr\u00f3n de cocci\u00f3n por reducci\u00f3n cer\u00e1mica de taller","isPartOf":{"@id":"https:\/\/www.robertzueblin.com\/es\/#website"},"primaryImageOfPage":{"@id":"https:\/\/www.robertzueblin.com\/es\/gusso-reuss\/jarron-de-coccion-por-reduccion\/#primaryimage"},"image":{"@id":"https:\/\/www.robertzueblin.com\/es\/gusso-reuss\/jarron-de-coccion-por-reduccion\/#primaryimage"},"thumbnailUrl":"https:\/\/www.robertzueblin.com\/wp-content\/uploads\/gusso-reuss-jarron-reduccion-ceramica-foto-titulo.jpg","datePublished":"2021-10-09T10:49:17+00:00","dateModified":"2024-09-18T08:45:44+00:00","description":"Jarr\u00f3n de cer\u00e1mica de taller realizado en cocci\u00f3n de reducci\u00f3n con esmalte gris ahumado y rosa por el ceramista Gusso Reuss con taller en Alemania.","breadcrumb":{"@id":"https:\/\/www.robertzueblin.com\/es\/gusso-reuss\/jarron-de-coccion-por-reduccion\/#breadcrumb"},"inLanguage":"es","potentialAction":[{"@type":"ReadAction","target":["https:\/\/www.robertzueblin.com\/es\/gusso-reuss\/jarron-de-coccion-por-reduccion\/"]}]},{"@type":"ImageObject","inLanguage":"es","@id":"https:\/\/www.robertzueblin.com\/es\/gusso-reuss\/jarron-de-coccion-por-reduccion\/#primaryimage","url":"https:\/\/www.robertzueblin.com\/wp-content\/uploads\/gusso-reuss-jarron-reduccion-ceramica-foto-titulo.jpg","contentUrl":"https:\/\/www.robertzueblin.com\/wp-content\/uploads\/gusso-reuss-jarron-reduccion-ceramica-foto-titulo.jpg","width":1000,"height":1000},{"@type":"BreadcrumbList","@id":"https:\/\/www.robertzueblin.com\/es\/gusso-reuss\/jarron-de-coccion-por-reduccion\/#breadcrumb","itemListElement":[{"@type":"ListItem","position":1,"name":"Startseite","item":"https:\/\/www.robertzueblin.com\/es\/"},{"@type":"ListItem","position":2,"name":"Galer\u00eda de arte online (tienda online)","item":"https:\/\/www.robertzueblin.com\/es\/galeria-de-arte-online\/"},{"@type":"ListItem","position":3,"name":"Gusso REUSS (* 1885, \u2020 1962) &#8211; Jarr\u00f3n de cocci\u00f3n por reducci\u00f3n &#8211; cer\u00e1mica de taller"}]},{"@type":"WebSite","@id":"https:\/\/www.robertzueblin.com\/es\/#website","url":"https:\/\/www.robertzueblin.com\/es\/","name":"ROBERT Z\u00dcBLIN","description":"","publisher":{"@id":"https:\/\/www.robertzueblin.com\/es\/#organization"},"potentialAction":[{"@type":"SearchAction","target":{"@type":"EntryPoint","urlTemplate":"https:\/\/www.robertzueblin.com\/es\/?s={search_term_string}"},"query-input":{"@type":"PropertyValueSpecification","valueRequired":true,"valueName":"search_term_string"}}],"inLanguage":"es"},{"@type":"Organization","@id":"https:\/\/www.robertzueblin.com\/es\/#organization","name":"ROBERT Z\u00dcBLIN","url":"https:\/\/www.robertzueblin.com\/es\/","logo":{"@type":"ImageObject","inLanguage":"es","@id":"https:\/\/www.robertzueblin.com\/es\/#\/schema\/logo\/image\/","url":"https:\/\/www.robertzueblin.com\/wp-content\/uploads\/cropped-cropped-logo-von-robert-zueblin.jpg","contentUrl":"https:\/\/www.robertzueblin.com\/wp-content\/uploads\/cropped-cropped-logo-von-robert-zueblin.jpg","width":440,"height":60,"caption":"ROBERT Z\u00dcBLIN"},"image":{"@id":"https:\/\/www.robertzueblin.com\/es\/#\/schema\/logo\/image\/"}}]}},"_links":{"self":[{"href":"https:\/\/www.robertzueblin.com\/es\/wp-json\/wp\/v2\/product\/3060","targetHints":{"allow":["GET"]}}],"collection":[{"href":"https:\/\/www.robertzueblin.com\/es\/wp-json\/wp\/v2\/product"}],"about":[{"href":"https:\/\/www.robertzueblin.com\/es\/wp-json\/wp\/v2\/types\/product"}],"wp:featuredmedia":[{"embeddable":true,"href":"https:\/\/www.robertzueblin.com\/es\/wp-json\/wp\/v2\/media\/2938"}],"wp:attachment":[{"href":"https:\/\/www.robertzueblin.com\/es\/wp-json\/wp\/v2\/media?parent=3060"}],"wp:term":[{"taxonomy":"product_brand","embeddable":true,"href":"https:\/\/www.robertzueblin.com\/es\/wp-json\/wp\/v2\/product_brand?post=3060"},{"taxonomy":"product_cat","embeddable":true,"href":"https:\/\/www.robertzueblin.com\/es\/wp-json\/wp\/v2\/product_cat?post=3060"},{"taxonomy":"product_tag","embeddable":true,"href":"https:\/\/www.robertzueblin.com\/es\/wp-json\/wp\/v2\/product_tag?post=3060"}],"curies":[{"name":"wp","href":"https:\/\/api.w.org\/{rel}","templated":true}]}}