{"id":3059,"date":"2021-10-09T12:52:29","date_gmt":"2021-11-29T19:12:35","guid":{"rendered":"https:\/\/www.robertzueblin.com\/?post_type=product&#038;p=3059"},"modified":"2025-01-05T11:35:07","modified_gmt":"2025-01-05T10:35:07","slug":"gusso-reuss-1885-%e2%80%a0-1962-jarron-amarillo-principios-de-los-anos-50","status":"publish","type":"product","link":"https:\/\/www.robertzueblin.com\/es\/gusso-reuss\/jarron-amarillo-principios-de-los-anos-50\/","title":{"rendered":"Gusso REUSS (* 1885, \u2020 1962) &#8211; Jarr\u00f3n amarillo (principios de los a\u00f1os 50) &#8211; cer\u00e1mica de taller"},"content":{"rendered":"<p><span style=\"font-family: AkkoPro-BoldCondensed!important\">Tipo:<\/span> <a href=\"https:\/\/www.robertzueblin.com\/es\/tipo\/ceramica-artistica-ceramica-artesanal-ceramica-de-taller\/\">Cer\u00e1mica de taller<\/a><\/p>\n<p><span style=\"font-family: AkkoPro-BoldCondensed!important\">Dise\u00f1o:<\/span> Gusso Reuss (* 1885, \u2020 1962)<\/p>\n<p><span style=\"font-family: AkkoPro-BoldCondensed!important\">Ejecuci\u00f3n:<\/span> Taller Reuss<\/p>\n<p><span style=\"font-family: AkkoPro-BoldCondensed!important\">Objeto:<\/span> jarr\u00f3n<\/p>\n<p><span style=\"font-family: AkkoPro-BoldCondensed!important\">Dimensiones:<\/span> altura: 14,5 cm, di\u00e1metro: 9 cm<\/p>\n<p><span style=\"font-family: AkkoPro-BoldCondensed!important\">Cuerpo:<\/span> cuerpo de color claro<\/p>\n<p><span style=\"font-family: AkkoPro-BoldCondensed!important\">Superficie:<\/span> el vidriado es amarillo p\u00e1lido con manchas viol\u00e1ceas y un hombro vidriado viol\u00e1ceo; adem\u00e1s, hay rasgos turquesa muy ligeros distribuidos por el jarr\u00f3n. <\/p>\n<p><span style=\"font-family: AkkoPro-BoldCondensed!important\">Fecha de producci\u00f3n:<\/span> principios de los a\u00f1os 50<\/p>\n<p><span style=\"font-family: AkkoPro-BoldCondensed!important\">Estado:<\/span> tres peque\u00f1os golpes en el exterior del pie<\/p>\n<p><span style=\"font-family: AkkoPro-BoldCondensed!important\">Firma\/marca:<\/strong> REUSS<\/p>\n<p><span style=\"font-family: AkkoPro-BoldCondensed!important\">Detalles:<\/span><br \/>\nJarr\u00f3n de cer\u00e1mica, torneado, realizado en el taller de Reuss. El jarr\u00f3n fue cocido en una cocci\u00f3n de reducci\u00f3n y parece ser que data de principios de la d\u00e9cada de 1950 [1]. Gusso (Gustav Otto) Reuss realiz\u00f3 experimentos con esmaltes, ya que quer\u00eda copiar los esmaltes tal y como se produc\u00edan en las \u00e9pocas Sung y Kang Hsi en China. Gusso Reuss expuso sus experimentos p\u00fablicamente por primera vez a finales de la d\u00e9cada de 1920 [2].<\/p>\n<p><em>Notas a pie de p\u00e1gina:<\/em><br \/>\n1. v\u00e9ase la figura 616, en: Klinge, Ekkart (editor): Deutsche Keramik des 20. Jahrhunderts, Band II, D\u00fcsseldorf 1978, pp. 144s.<br \/>\n2. asociaci\u00f3n de arte y artesan\u00eda Hamburg e.V. (ed.): Moderne deutsche Keramik, Hamburgo 1962, p. 90.<\/p>\n","protected":false},"excerpt":{"rendered":"<p>Tipo: Cer\u00e1mica de taller Dise\u00f1o: Gusso Reuss (* 1885, \u2020 1962) Ejecuci\u00f3n: Taller Reuss Objeto: jarr\u00f3n Dimensiones: altura: 14,5 cm, di\u00e1metro: 9 cm Cuerpo: cuerpo de color claro Superficie: el vidriado es amarillo p\u00e1lido con manchas viol\u00e1ceas y un hombro vidriado viol\u00e1ceo; adem\u00e1s, hay rasgos turquesa muy ligeros distribuidos por el jarr\u00f3n. Fecha de producci\u00f3n: [&hellip;]<\/p>\n","protected":false},"featured_media":2930,"template":"","meta":[],"product_brand":[],"product_cat":[182],"product_tag":[],"class_list":{"0":"post-3059","1":"product","2":"type-product","3":"status-publish","4":"has-post-thumbnail","6":"product_cat-gusso-reuss","8":"first","9":"instock","10":"sold-individually","11":"shipping-taxable","12":"purchasable","13":"product-type-simple"},"yoast_head":"<!-- This site is optimized with the Yoast SEO plugin v27.4 - https:\/\/yoast.com\/product\/yoast-seo-wordpress\/ -->\n<title>Gusso REUSS - Jarr\u00f3n amarillo - cer\u00e1mica de taller<\/title>\n<meta name=\"description\" content=\"Jarr\u00f3n de cer\u00e1mica de taller amarillo con esmalte amarillo p\u00e1lido y manchas moradas del ceramista Gusso Reuss con taller en Sch\u00f6ngeising.\" \/>\n<meta name=\"robots\" content=\"index, follow, max-snippet:-1, max-image-preview:large, max-video-preview:-1\" \/>\n<link rel=\"canonical\" href=\"https:\/\/www.robertzueblin.com\/es\/gusso-reuss\/jarron-amarillo-principios-de-los-anos-50\/\" \/>\n<meta property=\"og:locale\" content=\"es_ES\" \/>\n<meta property=\"og:type\" content=\"article\" \/>\n<meta property=\"og:title\" content=\"Gusso REUSS - Jarr\u00f3n amarillo - cer\u00e1mica de taller\" \/>\n<meta property=\"og:description\" content=\"Jarr\u00f3n de cer\u00e1mica de taller amarillo con esmalte amarillo p\u00e1lido y manchas moradas del ceramista Gusso Reuss con taller en Sch\u00f6ngeising.\" \/>\n<meta property=\"og:url\" content=\"https:\/\/www.robertzueblin.com\/es\/gusso-reuss\/jarron-amarillo-principios-de-los-anos-50\/\" \/>\n<meta property=\"og:site_name\" content=\"ROBERT Z\u00dcBLIN\" \/>\n<meta property=\"article:modified_time\" content=\"2025-01-05T10:35:07+00:00\" \/>\n<meta property=\"og:image\" content=\"https:\/\/www.robertzueblin.com\/wp-content\/uploads\/gusso-reuss-jarron-amarillo-reduccion-ceramica-foto-titulo.jpg\" \/>\n\t<meta property=\"og:image:width\" content=\"1000\" \/>\n\t<meta property=\"og:image:height\" content=\"1000\" \/>\n\t<meta property=\"og:image:type\" content=\"image\/jpeg\" \/>\n<meta name=\"twitter:card\" content=\"summary_large_image\" \/>\n<script type=\"application\/ld+json\" class=\"yoast-schema-graph\">{\"@context\":\"https:\\\/\\\/schema.org\",\"@graph\":[{\"@type\":\"WebPage\",\"@id\":\"https:\\\/\\\/www.robertzueblin.com\\\/es\\\/gusso-reuss\\\/jarron-amarillo-principios-de-los-anos-50\\\/\",\"url\":\"https:\\\/\\\/www.robertzueblin.com\\\/es\\\/gusso-reuss\\\/jarron-amarillo-principios-de-los-anos-50\\\/\",\"name\":\"Gusso REUSS - Jarr\u00f3n amarillo - cer\u00e1mica de taller\",\"isPartOf\":{\"@id\":\"https:\\\/\\\/www.robertzueblin.com\\\/es\\\/#website\"},\"primaryImageOfPage\":{\"@id\":\"https:\\\/\\\/www.robertzueblin.com\\\/es\\\/gusso-reuss\\\/jarron-amarillo-principios-de-los-anos-50\\\/#primaryimage\"},\"image\":{\"@id\":\"https:\\\/\\\/www.robertzueblin.com\\\/es\\\/gusso-reuss\\\/jarron-amarillo-principios-de-los-anos-50\\\/#primaryimage\"},\"thumbnailUrl\":\"https:\\\/\\\/www.robertzueblin.com\\\/wp-content\\\/uploads\\\/gusso-reuss-jarron-amarillo-reduccion-ceramica-foto-titulo.jpg\",\"datePublished\":\"2021-11-29T19:12:35+00:00\",\"dateModified\":\"2025-01-05T10:35:07+00:00\",\"description\":\"Jarr\u00f3n de cer\u00e1mica de taller amarillo con esmalte amarillo p\u00e1lido y manchas moradas del ceramista Gusso Reuss con taller en Sch\u00f6ngeising.\",\"breadcrumb\":{\"@id\":\"https:\\\/\\\/www.robertzueblin.com\\\/es\\\/gusso-reuss\\\/jarron-amarillo-principios-de-los-anos-50\\\/#breadcrumb\"},\"inLanguage\":\"es\",\"potentialAction\":[{\"@type\":\"ReadAction\",\"target\":[\"https:\\\/\\\/www.robertzueblin.com\\\/es\\\/gusso-reuss\\\/jarron-amarillo-principios-de-los-anos-50\\\/\"]}]},{\"@type\":\"ImageObject\",\"inLanguage\":\"es\",\"@id\":\"https:\\\/\\\/www.robertzueblin.com\\\/es\\\/gusso-reuss\\\/jarron-amarillo-principios-de-los-anos-50\\\/#primaryimage\",\"url\":\"https:\\\/\\\/www.robertzueblin.com\\\/wp-content\\\/uploads\\\/gusso-reuss-jarron-amarillo-reduccion-ceramica-foto-titulo.jpg\",\"contentUrl\":\"https:\\\/\\\/www.robertzueblin.com\\\/wp-content\\\/uploads\\\/gusso-reuss-jarron-amarillo-reduccion-ceramica-foto-titulo.jpg\",\"width\":1000,\"height\":1000},{\"@type\":\"BreadcrumbList\",\"@id\":\"https:\\\/\\\/www.robertzueblin.com\\\/es\\\/gusso-reuss\\\/jarron-amarillo-principios-de-los-anos-50\\\/#breadcrumb\",\"itemListElement\":[{\"@type\":\"ListItem\",\"position\":1,\"name\":\"Startseite\",\"item\":\"https:\\\/\\\/www.robertzueblin.com\\\/es\\\/\"},{\"@type\":\"ListItem\",\"position\":2,\"name\":\"Galer\u00eda de arte online (tienda online)\",\"item\":\"https:\\\/\\\/www.robertzueblin.com\\\/es\\\/galeria-de-arte-online\\\/\"},{\"@type\":\"ListItem\",\"position\":3,\"name\":\"Gusso REUSS (* 1885, \u2020 1962) &#8211; Jarr\u00f3n amarillo (principios de los a\u00f1os 50) &#8211; cer\u00e1mica de taller\"}]},{\"@type\":\"WebSite\",\"@id\":\"https:\\\/\\\/www.robertzueblin.com\\\/es\\\/#website\",\"url\":\"https:\\\/\\\/www.robertzueblin.com\\\/es\\\/\",\"name\":\"ROBERT Z\u00dcBLIN\",\"description\":\"\",\"publisher\":{\"@id\":\"https:\\\/\\\/www.robertzueblin.com\\\/es\\\/#organization\"},\"potentialAction\":[{\"@type\":\"SearchAction\",\"target\":{\"@type\":\"EntryPoint\",\"urlTemplate\":\"https:\\\/\\\/www.robertzueblin.com\\\/es\\\/?s={search_term_string}\"},\"query-input\":{\"@type\":\"PropertyValueSpecification\",\"valueRequired\":true,\"valueName\":\"search_term_string\"}}],\"inLanguage\":\"es\"},{\"@type\":\"Organization\",\"@id\":\"https:\\\/\\\/www.robertzueblin.com\\\/es\\\/#organization\",\"name\":\"ROBERT Z\u00dcBLIN\",\"url\":\"https:\\\/\\\/www.robertzueblin.com\\\/es\\\/\",\"logo\":{\"@type\":\"ImageObject\",\"inLanguage\":\"es\",\"@id\":\"https:\\\/\\\/www.robertzueblin.com\\\/es\\\/#\\\/schema\\\/logo\\\/image\\\/\",\"url\":\"https:\\\/\\\/www.robertzueblin.com\\\/wp-content\\\/uploads\\\/cropped-cropped-logo-von-robert-zueblin.jpg\",\"contentUrl\":\"https:\\\/\\\/www.robertzueblin.com\\\/wp-content\\\/uploads\\\/cropped-cropped-logo-von-robert-zueblin.jpg\",\"width\":440,\"height\":60,\"caption\":\"ROBERT Z\u00dcBLIN\"},\"image\":{\"@id\":\"https:\\\/\\\/www.robertzueblin.com\\\/es\\\/#\\\/schema\\\/logo\\\/image\\\/\"}}]}<\/script>\n<!-- \/ Yoast SEO plugin. -->","yoast_head_json":{"title":"Gusso REUSS - Jarr\u00f3n amarillo - cer\u00e1mica de taller","description":"Jarr\u00f3n de cer\u00e1mica de taller amarillo con esmalte amarillo p\u00e1lido y manchas moradas del ceramista Gusso Reuss con taller en Sch\u00f6ngeising.","robots":{"index":"index","follow":"follow","max-snippet":"max-snippet:-1","max-image-preview":"max-image-preview:large","max-video-preview":"max-video-preview:-1"},"canonical":"https:\/\/www.robertzueblin.com\/es\/gusso-reuss\/jarron-amarillo-principios-de-los-anos-50\/","og_locale":"es_ES","og_type":"article","og_title":"Gusso REUSS - Jarr\u00f3n amarillo - cer\u00e1mica de taller","og_description":"Jarr\u00f3n de cer\u00e1mica de taller amarillo con esmalte amarillo p\u00e1lido y manchas moradas del ceramista Gusso Reuss con taller en Sch\u00f6ngeising.","og_url":"https:\/\/www.robertzueblin.com\/es\/gusso-reuss\/jarron-amarillo-principios-de-los-anos-50\/","og_site_name":"ROBERT Z\u00dcBLIN","article_modified_time":"2025-01-05T10:35:07+00:00","og_image":[{"width":1000,"height":1000,"url":"https:\/\/www.robertzueblin.com\/wp-content\/uploads\/gusso-reuss-jarron-amarillo-reduccion-ceramica-foto-titulo.jpg","type":"image\/jpeg"}],"twitter_card":"summary_large_image","schema":{"@context":"https:\/\/schema.org","@graph":[{"@type":"WebPage","@id":"https:\/\/www.robertzueblin.com\/es\/gusso-reuss\/jarron-amarillo-principios-de-los-anos-50\/","url":"https:\/\/www.robertzueblin.com\/es\/gusso-reuss\/jarron-amarillo-principios-de-los-anos-50\/","name":"Gusso REUSS - Jarr\u00f3n amarillo - cer\u00e1mica de taller","isPartOf":{"@id":"https:\/\/www.robertzueblin.com\/es\/#website"},"primaryImageOfPage":{"@id":"https:\/\/www.robertzueblin.com\/es\/gusso-reuss\/jarron-amarillo-principios-de-los-anos-50\/#primaryimage"},"image":{"@id":"https:\/\/www.robertzueblin.com\/es\/gusso-reuss\/jarron-amarillo-principios-de-los-anos-50\/#primaryimage"},"thumbnailUrl":"https:\/\/www.robertzueblin.com\/wp-content\/uploads\/gusso-reuss-jarron-amarillo-reduccion-ceramica-foto-titulo.jpg","datePublished":"2021-11-29T19:12:35+00:00","dateModified":"2025-01-05T10:35:07+00:00","description":"Jarr\u00f3n de cer\u00e1mica de taller amarillo con esmalte amarillo p\u00e1lido y manchas moradas del ceramista Gusso Reuss con taller en Sch\u00f6ngeising.","breadcrumb":{"@id":"https:\/\/www.robertzueblin.com\/es\/gusso-reuss\/jarron-amarillo-principios-de-los-anos-50\/#breadcrumb"},"inLanguage":"es","potentialAction":[{"@type":"ReadAction","target":["https:\/\/www.robertzueblin.com\/es\/gusso-reuss\/jarron-amarillo-principios-de-los-anos-50\/"]}]},{"@type":"ImageObject","inLanguage":"es","@id":"https:\/\/www.robertzueblin.com\/es\/gusso-reuss\/jarron-amarillo-principios-de-los-anos-50\/#primaryimage","url":"https:\/\/www.robertzueblin.com\/wp-content\/uploads\/gusso-reuss-jarron-amarillo-reduccion-ceramica-foto-titulo.jpg","contentUrl":"https:\/\/www.robertzueblin.com\/wp-content\/uploads\/gusso-reuss-jarron-amarillo-reduccion-ceramica-foto-titulo.jpg","width":1000,"height":1000},{"@type":"BreadcrumbList","@id":"https:\/\/www.robertzueblin.com\/es\/gusso-reuss\/jarron-amarillo-principios-de-los-anos-50\/#breadcrumb","itemListElement":[{"@type":"ListItem","position":1,"name":"Startseite","item":"https:\/\/www.robertzueblin.com\/es\/"},{"@type":"ListItem","position":2,"name":"Galer\u00eda de arte online (tienda online)","item":"https:\/\/www.robertzueblin.com\/es\/galeria-de-arte-online\/"},{"@type":"ListItem","position":3,"name":"Gusso REUSS (* 1885, \u2020 1962) &#8211; Jarr\u00f3n amarillo (principios de los a\u00f1os 50) &#8211; cer\u00e1mica de taller"}]},{"@type":"WebSite","@id":"https:\/\/www.robertzueblin.com\/es\/#website","url":"https:\/\/www.robertzueblin.com\/es\/","name":"ROBERT Z\u00dcBLIN","description":"","publisher":{"@id":"https:\/\/www.robertzueblin.com\/es\/#organization"},"potentialAction":[{"@type":"SearchAction","target":{"@type":"EntryPoint","urlTemplate":"https:\/\/www.robertzueblin.com\/es\/?s={search_term_string}"},"query-input":{"@type":"PropertyValueSpecification","valueRequired":true,"valueName":"search_term_string"}}],"inLanguage":"es"},{"@type":"Organization","@id":"https:\/\/www.robertzueblin.com\/es\/#organization","name":"ROBERT Z\u00dcBLIN","url":"https:\/\/www.robertzueblin.com\/es\/","logo":{"@type":"ImageObject","inLanguage":"es","@id":"https:\/\/www.robertzueblin.com\/es\/#\/schema\/logo\/image\/","url":"https:\/\/www.robertzueblin.com\/wp-content\/uploads\/cropped-cropped-logo-von-robert-zueblin.jpg","contentUrl":"https:\/\/www.robertzueblin.com\/wp-content\/uploads\/cropped-cropped-logo-von-robert-zueblin.jpg","width":440,"height":60,"caption":"ROBERT Z\u00dcBLIN"},"image":{"@id":"https:\/\/www.robertzueblin.com\/es\/#\/schema\/logo\/image\/"}}]}},"_links":{"self":[{"href":"https:\/\/www.robertzueblin.com\/es\/wp-json\/wp\/v2\/product\/3059","targetHints":{"allow":["GET"]}}],"collection":[{"href":"https:\/\/www.robertzueblin.com\/es\/wp-json\/wp\/v2\/product"}],"about":[{"href":"https:\/\/www.robertzueblin.com\/es\/wp-json\/wp\/v2\/types\/product"}],"wp:featuredmedia":[{"embeddable":true,"href":"https:\/\/www.robertzueblin.com\/es\/wp-json\/wp\/v2\/media\/2930"}],"wp:attachment":[{"href":"https:\/\/www.robertzueblin.com\/es\/wp-json\/wp\/v2\/media?parent=3059"}],"wp:term":[{"taxonomy":"product_brand","embeddable":true,"href":"https:\/\/www.robertzueblin.com\/es\/wp-json\/wp\/v2\/product_brand?post=3059"},{"taxonomy":"product_cat","embeddable":true,"href":"https:\/\/www.robertzueblin.com\/es\/wp-json\/wp\/v2\/product_cat?post=3059"},{"taxonomy":"product_tag","embeddable":true,"href":"https:\/\/www.robertzueblin.com\/es\/wp-json\/wp\/v2\/product_tag?post=3059"}],"curies":[{"name":"wp","href":"https:\/\/api.w.org\/{rel}","templated":true}]}}