{"id":3055,"date":"2021-10-09T13:00:28","date_gmt":"2021-11-29T18:43:06","guid":{"rendered":"https:\/\/www.robertzueblin.com\/?post_type=product&#038;p=3055"},"modified":"2022-12-20T16:47:34","modified_gmt":"2022-12-20T15:47:34","slug":"clary-von-ruckteschell-trueb-1882-%e2%80%a0-1969-candelabro-de-ceramica","status":"publish","type":"product","link":"https:\/\/www.robertzueblin.com\/es\/clary-von-ruckteschell-trueb\/candelabro-de-ceramica\/","title":{"rendered":"Clary von RUCKTESCHELL-TRUEB (* 1882, \u2020 1969) &#8211; Candelabro de cer\u00e1mica &#8211; cer\u00e1mica de taller"},"content":{"rendered":"<p><span style=\"font-family: AkkoPro-BoldCondensed!important\">Tipo:<\/span> <a href=\"https:\/\/www.robertzueblin.com\/es\/tipo\/ceramica-artistica-ceramica-artesanal-ceramica-de-taller\/\">Cer\u00e1mica de taller<\/a><\/p>\n<p><span style=\"font-family: AkkoPro-BoldCondensed!important\">Dise\u00f1o:<\/span> Clary von Ruckteschell-Tru\u00ebb (* 1882, \u2020 1969)<\/p>\n<p><span style=\"font-family: AkkoPro-BoldCondensed!important\">Ejecuci\u00f3n:<\/span> Clary von Ruckteschell-Tru\u00ebb (* 1882, \u2020 1969)<\/p>\n<p><span style=\"font-family: AkkoPro-BoldCondensed!important\">Objeto:<\/span> candelabro de cer\u00e1mica<\/p>\n<p><span style=\"font-family: AkkoPro-BoldCondensed!important\">Dimensiones:<\/span> altura: 4,5 cm, anchura: 12 cm<\/p>\n<p><span style=\"font-family: AkkoPro-BoldCondensed!important\">Cuerpo:<\/span> cuerpo rojo-marr\u00f3n<\/p>\n<p><span style=\"font-family: AkkoPro-BoldCondensed!important\">Superficie:<\/span> azul, negro<\/p>\n<p><span style=\"font-family: AkkoPro-BoldCondensed!important\">A\u00f1o de producci\u00f3n:<\/span> probablemente la d\u00e9cada de 1930<\/p>\n<p><span style=\"font-family: AkkoPro-BoldCondensed!important\">Estado:<\/span> sin da\u00f1os<\/p>\n<p><span style=\"font-family: AkkoPro-BoldCondensed!important\">Firma:<\/span> CRvT (o sea CvRT)<\/p>\n<p><span style=\"font-family: AkkoPro-BoldCondensed!important\">Detalles:<\/span><br \/>\nEste candelabro de cer\u00e1mica fue realizado por la ceramista Clary von Ruckteschell-Tru\u00ebb, probablemente en la d\u00e9cada de 1930.<\/p>\n","protected":false},"excerpt":{"rendered":"<p><span style=\"color: #e2401c\">&#x25cf;<\/span><span> vendido<\/span><\/p>\n","protected":false},"featured_media":2952,"template":"","meta":[],"product_brand":[],"product_cat":[173],"product_tag":[],"class_list":{"0":"post-3055","1":"product","2":"type-product","3":"status-publish","4":"has-post-thumbnail","6":"product_cat-clary-von-ruckteschell-trueb","8":"first","9":"outofstock","10":"shipping-taxable","11":"product-type-simple"},"yoast_head":"<!-- This site is optimized with the Yoast SEO plugin v27.3 - https:\/\/yoast.com\/product\/yoast-seo-wordpress\/ -->\n<title>Clary von RUCKTESCHELL-TRU\u00cbB - Candelabro de cer\u00e1mica<\/title>\n<meta name=\"description\" content=\"Candelabro en cer\u00e1mica, probablemente de los a\u00f1os 30, del ceramista con taller en Dachau (Baviera), Clary (Clara) von Ruckteschell-Tru\u00ebb.\" \/>\n<meta name=\"robots\" content=\"index, follow, max-snippet:-1, max-image-preview:large, max-video-preview:-1\" \/>\n<link rel=\"canonical\" href=\"https:\/\/www.robertzueblin.com\/es\/clary-von-ruckteschell-trueb\/candelabro-de-ceramica\/\" \/>\n<meta property=\"og:locale\" content=\"es_ES\" \/>\n<meta property=\"og:type\" content=\"article\" \/>\n<meta property=\"og:title\" content=\"Clary von RUCKTESCHELL-TRU\u00cbB - Candelabro de cer\u00e1mica\" \/>\n<meta property=\"og:description\" content=\"Candelabro en cer\u00e1mica, probablemente de los a\u00f1os 30, del ceramista con taller en Dachau (Baviera), Clary (Clara) von Ruckteschell-Tru\u00ebb.\" \/>\n<meta property=\"og:url\" content=\"https:\/\/www.robertzueblin.com\/es\/clary-von-ruckteschell-trueb\/candelabro-de-ceramica\/\" \/>\n<meta property=\"og:site_name\" content=\"ROBERT Z\u00dcBLIN\" \/>\n<meta property=\"article:modified_time\" content=\"2022-12-20T15:47:34+00:00\" \/>\n<meta property=\"og:image\" content=\"https:\/\/www.robertzueblin.com\/wp-content\/uploads\/clary-von-ruckteschell-trueb-candelabro-ceramica-foto-titulo.jpg\" \/>\n\t<meta property=\"og:image:width\" content=\"1000\" \/>\n\t<meta property=\"og:image:height\" content=\"1000\" \/>\n\t<meta property=\"og:image:type\" content=\"image\/jpeg\" \/>\n<meta name=\"twitter:card\" content=\"summary_large_image\" \/>\n<script type=\"application\/ld+json\" class=\"yoast-schema-graph\">{\"@context\":\"https:\\\/\\\/schema.org\",\"@graph\":[{\"@type\":\"WebPage\",\"@id\":\"https:\\\/\\\/www.robertzueblin.com\\\/es\\\/clary-von-ruckteschell-trueb\\\/candelabro-de-ceramica\\\/\",\"url\":\"https:\\\/\\\/www.robertzueblin.com\\\/es\\\/clary-von-ruckteschell-trueb\\\/candelabro-de-ceramica\\\/\",\"name\":\"Clary von RUCKTESCHELL-TRU\u00cbB - Candelabro de cer\u00e1mica\",\"isPartOf\":{\"@id\":\"https:\\\/\\\/www.robertzueblin.com\\\/es\\\/#website\"},\"primaryImageOfPage\":{\"@id\":\"https:\\\/\\\/www.robertzueblin.com\\\/es\\\/clary-von-ruckteschell-trueb\\\/candelabro-de-ceramica\\\/#primaryimage\"},\"image\":{\"@id\":\"https:\\\/\\\/www.robertzueblin.com\\\/es\\\/clary-von-ruckteschell-trueb\\\/candelabro-de-ceramica\\\/#primaryimage\"},\"thumbnailUrl\":\"https:\\\/\\\/www.robertzueblin.com\\\/wp-content\\\/uploads\\\/clary-von-ruckteschell-trueb-candelabro-ceramica-foto-titulo.jpg\",\"datePublished\":\"2021-11-29T18:43:06+00:00\",\"dateModified\":\"2022-12-20T15:47:34+00:00\",\"description\":\"Candelabro en cer\u00e1mica, probablemente de los a\u00f1os 30, del ceramista con taller en Dachau (Baviera), Clary (Clara) von Ruckteschell-Tru\u00ebb.\",\"breadcrumb\":{\"@id\":\"https:\\\/\\\/www.robertzueblin.com\\\/es\\\/clary-von-ruckteschell-trueb\\\/candelabro-de-ceramica\\\/#breadcrumb\"},\"inLanguage\":\"es\",\"potentialAction\":[{\"@type\":\"ReadAction\",\"target\":[\"https:\\\/\\\/www.robertzueblin.com\\\/es\\\/clary-von-ruckteschell-trueb\\\/candelabro-de-ceramica\\\/\"]}]},{\"@type\":\"ImageObject\",\"inLanguage\":\"es\",\"@id\":\"https:\\\/\\\/www.robertzueblin.com\\\/es\\\/clary-von-ruckteschell-trueb\\\/candelabro-de-ceramica\\\/#primaryimage\",\"url\":\"https:\\\/\\\/www.robertzueblin.com\\\/wp-content\\\/uploads\\\/clary-von-ruckteschell-trueb-candelabro-ceramica-foto-titulo.jpg\",\"contentUrl\":\"https:\\\/\\\/www.robertzueblin.com\\\/wp-content\\\/uploads\\\/clary-von-ruckteschell-trueb-candelabro-ceramica-foto-titulo.jpg\",\"width\":1000,\"height\":1000},{\"@type\":\"BreadcrumbList\",\"@id\":\"https:\\\/\\\/www.robertzueblin.com\\\/es\\\/clary-von-ruckteschell-trueb\\\/candelabro-de-ceramica\\\/#breadcrumb\",\"itemListElement\":[{\"@type\":\"ListItem\",\"position\":1,\"name\":\"Startseite\",\"item\":\"https:\\\/\\\/www.robertzueblin.com\\\/es\\\/\"},{\"@type\":\"ListItem\",\"position\":2,\"name\":\"Galer\u00eda de arte online (tienda online)\",\"item\":\"https:\\\/\\\/www.robertzueblin.com\\\/es\\\/galeria-de-arte-online\\\/\"},{\"@type\":\"ListItem\",\"position\":3,\"name\":\"Clary von RUCKTESCHELL-TRUEB (* 1882, \u2020 1969) &#8211; Candelabro de cer\u00e1mica &#8211; cer\u00e1mica de taller\"}]},{\"@type\":\"WebSite\",\"@id\":\"https:\\\/\\\/www.robertzueblin.com\\\/es\\\/#website\",\"url\":\"https:\\\/\\\/www.robertzueblin.com\\\/es\\\/\",\"name\":\"ROBERT Z\u00dcBLIN\",\"description\":\"\",\"publisher\":{\"@id\":\"https:\\\/\\\/www.robertzueblin.com\\\/es\\\/#organization\"},\"potentialAction\":[{\"@type\":\"SearchAction\",\"target\":{\"@type\":\"EntryPoint\",\"urlTemplate\":\"https:\\\/\\\/www.robertzueblin.com\\\/es\\\/?s={search_term_string}\"},\"query-input\":{\"@type\":\"PropertyValueSpecification\",\"valueRequired\":true,\"valueName\":\"search_term_string\"}}],\"inLanguage\":\"es\"},{\"@type\":\"Organization\",\"@id\":\"https:\\\/\\\/www.robertzueblin.com\\\/es\\\/#organization\",\"name\":\"ROBERT Z\u00dcBLIN\",\"url\":\"https:\\\/\\\/www.robertzueblin.com\\\/es\\\/\",\"logo\":{\"@type\":\"ImageObject\",\"inLanguage\":\"es\",\"@id\":\"https:\\\/\\\/www.robertzueblin.com\\\/es\\\/#\\\/schema\\\/logo\\\/image\\\/\",\"url\":\"https:\\\/\\\/www.robertzueblin.com\\\/wp-content\\\/uploads\\\/cropped-cropped-logo-von-robert-zueblin.jpg\",\"contentUrl\":\"https:\\\/\\\/www.robertzueblin.com\\\/wp-content\\\/uploads\\\/cropped-cropped-logo-von-robert-zueblin.jpg\",\"width\":440,\"height\":60,\"caption\":\"ROBERT Z\u00dcBLIN\"},\"image\":{\"@id\":\"https:\\\/\\\/www.robertzueblin.com\\\/es\\\/#\\\/schema\\\/logo\\\/image\\\/\"}}]}<\/script>\n<!-- \/ Yoast SEO plugin. -->","yoast_head_json":{"title":"Clary von RUCKTESCHELL-TRU\u00cbB - Candelabro de cer\u00e1mica","description":"Candelabro en cer\u00e1mica, probablemente de los a\u00f1os 30, del ceramista con taller en Dachau (Baviera), Clary (Clara) von Ruckteschell-Tru\u00ebb.","robots":{"index":"index","follow":"follow","max-snippet":"max-snippet:-1","max-image-preview":"max-image-preview:large","max-video-preview":"max-video-preview:-1"},"canonical":"https:\/\/www.robertzueblin.com\/es\/clary-von-ruckteschell-trueb\/candelabro-de-ceramica\/","og_locale":"es_ES","og_type":"article","og_title":"Clary von RUCKTESCHELL-TRU\u00cbB - Candelabro de cer\u00e1mica","og_description":"Candelabro en cer\u00e1mica, probablemente de los a\u00f1os 30, del ceramista con taller en Dachau (Baviera), Clary (Clara) von Ruckteschell-Tru\u00ebb.","og_url":"https:\/\/www.robertzueblin.com\/es\/clary-von-ruckteschell-trueb\/candelabro-de-ceramica\/","og_site_name":"ROBERT Z\u00dcBLIN","article_modified_time":"2022-12-20T15:47:34+00:00","og_image":[{"width":1000,"height":1000,"url":"https:\/\/www.robertzueblin.com\/wp-content\/uploads\/clary-von-ruckteschell-trueb-candelabro-ceramica-foto-titulo.jpg","type":"image\/jpeg"}],"twitter_card":"summary_large_image","schema":{"@context":"https:\/\/schema.org","@graph":[{"@type":"WebPage","@id":"https:\/\/www.robertzueblin.com\/es\/clary-von-ruckteschell-trueb\/candelabro-de-ceramica\/","url":"https:\/\/www.robertzueblin.com\/es\/clary-von-ruckteschell-trueb\/candelabro-de-ceramica\/","name":"Clary von RUCKTESCHELL-TRU\u00cbB - Candelabro de cer\u00e1mica","isPartOf":{"@id":"https:\/\/www.robertzueblin.com\/es\/#website"},"primaryImageOfPage":{"@id":"https:\/\/www.robertzueblin.com\/es\/clary-von-ruckteschell-trueb\/candelabro-de-ceramica\/#primaryimage"},"image":{"@id":"https:\/\/www.robertzueblin.com\/es\/clary-von-ruckteschell-trueb\/candelabro-de-ceramica\/#primaryimage"},"thumbnailUrl":"https:\/\/www.robertzueblin.com\/wp-content\/uploads\/clary-von-ruckteschell-trueb-candelabro-ceramica-foto-titulo.jpg","datePublished":"2021-11-29T18:43:06+00:00","dateModified":"2022-12-20T15:47:34+00:00","description":"Candelabro en cer\u00e1mica, probablemente de los a\u00f1os 30, del ceramista con taller en Dachau (Baviera), Clary (Clara) von Ruckteschell-Tru\u00ebb.","breadcrumb":{"@id":"https:\/\/www.robertzueblin.com\/es\/clary-von-ruckteschell-trueb\/candelabro-de-ceramica\/#breadcrumb"},"inLanguage":"es","potentialAction":[{"@type":"ReadAction","target":["https:\/\/www.robertzueblin.com\/es\/clary-von-ruckteschell-trueb\/candelabro-de-ceramica\/"]}]},{"@type":"ImageObject","inLanguage":"es","@id":"https:\/\/www.robertzueblin.com\/es\/clary-von-ruckteschell-trueb\/candelabro-de-ceramica\/#primaryimage","url":"https:\/\/www.robertzueblin.com\/wp-content\/uploads\/clary-von-ruckteschell-trueb-candelabro-ceramica-foto-titulo.jpg","contentUrl":"https:\/\/www.robertzueblin.com\/wp-content\/uploads\/clary-von-ruckteschell-trueb-candelabro-ceramica-foto-titulo.jpg","width":1000,"height":1000},{"@type":"BreadcrumbList","@id":"https:\/\/www.robertzueblin.com\/es\/clary-von-ruckteschell-trueb\/candelabro-de-ceramica\/#breadcrumb","itemListElement":[{"@type":"ListItem","position":1,"name":"Startseite","item":"https:\/\/www.robertzueblin.com\/es\/"},{"@type":"ListItem","position":2,"name":"Galer\u00eda de arte online (tienda online)","item":"https:\/\/www.robertzueblin.com\/es\/galeria-de-arte-online\/"},{"@type":"ListItem","position":3,"name":"Clary von RUCKTESCHELL-TRUEB (* 1882, \u2020 1969) &#8211; Candelabro de cer\u00e1mica &#8211; cer\u00e1mica de taller"}]},{"@type":"WebSite","@id":"https:\/\/www.robertzueblin.com\/es\/#website","url":"https:\/\/www.robertzueblin.com\/es\/","name":"ROBERT Z\u00dcBLIN","description":"","publisher":{"@id":"https:\/\/www.robertzueblin.com\/es\/#organization"},"potentialAction":[{"@type":"SearchAction","target":{"@type":"EntryPoint","urlTemplate":"https:\/\/www.robertzueblin.com\/es\/?s={search_term_string}"},"query-input":{"@type":"PropertyValueSpecification","valueRequired":true,"valueName":"search_term_string"}}],"inLanguage":"es"},{"@type":"Organization","@id":"https:\/\/www.robertzueblin.com\/es\/#organization","name":"ROBERT Z\u00dcBLIN","url":"https:\/\/www.robertzueblin.com\/es\/","logo":{"@type":"ImageObject","inLanguage":"es","@id":"https:\/\/www.robertzueblin.com\/es\/#\/schema\/logo\/image\/","url":"https:\/\/www.robertzueblin.com\/wp-content\/uploads\/cropped-cropped-logo-von-robert-zueblin.jpg","contentUrl":"https:\/\/www.robertzueblin.com\/wp-content\/uploads\/cropped-cropped-logo-von-robert-zueblin.jpg","width":440,"height":60,"caption":"ROBERT Z\u00dcBLIN"},"image":{"@id":"https:\/\/www.robertzueblin.com\/es\/#\/schema\/logo\/image\/"}}]}},"_links":{"self":[{"href":"https:\/\/www.robertzueblin.com\/es\/wp-json\/wp\/v2\/product\/3055","targetHints":{"allow":["GET"]}}],"collection":[{"href":"https:\/\/www.robertzueblin.com\/es\/wp-json\/wp\/v2\/product"}],"about":[{"href":"https:\/\/www.robertzueblin.com\/es\/wp-json\/wp\/v2\/types\/product"}],"wp:featuredmedia":[{"embeddable":true,"href":"https:\/\/www.robertzueblin.com\/es\/wp-json\/wp\/v2\/media\/2952"}],"wp:attachment":[{"href":"https:\/\/www.robertzueblin.com\/es\/wp-json\/wp\/v2\/media?parent=3055"}],"wp:term":[{"taxonomy":"product_brand","embeddable":true,"href":"https:\/\/www.robertzueblin.com\/es\/wp-json\/wp\/v2\/product_brand?post=3055"},{"taxonomy":"product_cat","embeddable":true,"href":"https:\/\/www.robertzueblin.com\/es\/wp-json\/wp\/v2\/product_cat?post=3055"},{"taxonomy":"product_tag","embeddable":true,"href":"https:\/\/www.robertzueblin.com\/es\/wp-json\/wp\/v2\/product_tag?post=3055"}],"curies":[{"name":"wp","href":"https:\/\/api.w.org\/{rel}","templated":true}]}}