{"id":3044,"date":"2021-10-09T13:23:47","date_gmt":"2021-11-29T17:31:05","guid":{"rendered":"https:\/\/www.robertzueblin.com\/?post_type=product&#038;p=3044"},"modified":"2022-12-15T19:56:15","modified_gmt":"2022-12-15T18:56:15","slug":"lucien-arnaud-jarron-marron","status":"publish","type":"product","link":"https:\/\/www.robertzueblin.com\/es\/lucien-arnaud\/jarron-marron\/","title":{"rendered":"Lucien ARNAUD \u2013 Jarr\u00f3n marr\u00f3n &#8211; cer\u00e1mica de taller"},"content":{"rendered":"<p><span style=\"font-family: AkkoPro-BoldCondensed!important\">Tipo:<\/span><a href=\"https:\/\/www.robertzueblin.com\/es\/tipo\/ceramica-artistica-ceramica-artesanal-ceramica-de-taller\/\">Cer\u00e1mica de taller<\/a><\/p>\n<p><span style=\"font-family: AkkoPro-BoldCondensed!important\">Dise\u00f1o:<\/span> Lucien Arnaud<\/p>\n<p><span style=\"font-family: AkkoPro-BoldCondensed!important\">Ejecuci\u00f3n:<\/span> Lucien Arnaud<\/p>\n<p><span style=\"font-family: AkkoPro-BoldCondensed!important\">Objeto:<\/span> jarr\u00f3n<\/p>\n<p><span style=\"font-family: AkkoPro-BoldCondensed!important\">Dimensiones:<\/span> altura: 16 cm, di\u00e1metro: 11,5 cm<\/p>\n<p><span style=\"font-family: AkkoPro-BoldCondensed!important\">Cuerpo:<\/span> cuerpo gris-marr\u00f3n<\/p>\n<p><span style=\"font-family: AkkoPro-BoldCondensed!important\">Superficie:<\/span> esmalte de color marr\u00f3n claro a oscuro en el exterior, principalmente blanquecino en el interior <\/p>\n<p><span style=\"font-family: AkkoPro-BoldCondensed!important\">A\u00f1o de producci\u00f3n:<\/span> alrededor de 1920<\/p>\n<p><span style=\"font-family: AkkoPro-BoldCondensed!important\">Estado:<\/span> sin da\u00f1os<\/p>\n<p><span style=\"font-family: AkkoPro-BoldCondensed!important\">Firma\/marca:<\/span> L Arnaud St Amand<\/p>\n<p><span style=\"font-family: AkkoPro-BoldCondensed!important\">Detalles:<\/span><br \/>\nEste jarr\u00f3n de cer\u00e1mica del ceramista Lucien Arnaud fue torneado. Est\u00e1 decorado con motivos grabados que recuerdan ciertas obras de Jean-Joseph Carri\u00e8s. El jarr\u00f3n est\u00e1 firmado a mano \u00abL Arnaud St Amand\u00bb.<\/p>\n","protected":false},"excerpt":{"rendered":"<p>Tipo:Cer\u00e1mica de taller Dise\u00f1o: Lucien Arnaud Ejecuci\u00f3n: Lucien Arnaud Objeto: jarr\u00f3n Dimensiones: altura: 16 cm, di\u00e1metro: 11,5 cm Cuerpo: cuerpo gris-marr\u00f3n Superficie: esmalte de color marr\u00f3n claro a oscuro en el exterior, principalmente blanquecino en el interior A\u00f1o de producci\u00f3n: alrededor de 1920 Estado: sin da\u00f1os Firma\/marca: L Arnaud St Amand Detalles: Este jarr\u00f3n de [&hellip;]<\/p>\n","protected":false},"featured_media":2579,"template":"","meta":[],"product_brand":[],"product_cat":[193],"product_tag":[],"class_list":{"0":"post-3044","1":"product","2":"type-product","3":"status-publish","4":"has-post-thumbnail","6":"product_cat-lucien-arnaud","8":"first","9":"instock","10":"sold-individually","11":"shipping-taxable","12":"purchasable","13":"product-type-simple"},"yoast_head":"<!-- This site is optimized with the Yoast SEO plugin v27.4 - https:\/\/yoast.com\/product\/yoast-seo-wordpress\/ -->\n<title>Lucien ARNAUD - Jarr\u00f3n marr\u00f3n - cer\u00e1mica de taller<\/title>\n<meta name=\"description\" content=\"Jarr\u00f3n de cer\u00e1mica de taller con esmalte exterior de color marr\u00f3n claro a oscuro de alrededor de 1920 de Lucien Arnaud de Saint-Amand-en-Puisaye, Francia.\" \/>\n<meta name=\"robots\" content=\"index, follow, max-snippet:-1, max-image-preview:large, max-video-preview:-1\" \/>\n<link rel=\"canonical\" href=\"https:\/\/www.robertzueblin.com\/es\/lucien-arnaud\/jarron-marron\/\" \/>\n<meta property=\"og:locale\" content=\"es_ES\" \/>\n<meta property=\"og:type\" content=\"article\" \/>\n<meta property=\"og:title\" content=\"Lucien ARNAUD - Jarr\u00f3n marr\u00f3n - cer\u00e1mica de taller\" \/>\n<meta property=\"og:description\" content=\"Jarr\u00f3n de cer\u00e1mica de taller con esmalte exterior de color marr\u00f3n claro a oscuro de alrededor de 1920 de Lucien Arnaud de Saint-Amand-en-Puisaye, Francia.\" \/>\n<meta property=\"og:url\" content=\"https:\/\/www.robertzueblin.com\/es\/lucien-arnaud\/jarron-marron\/\" \/>\n<meta property=\"og:site_name\" content=\"ROBERT Z\u00dcBLIN\" \/>\n<meta property=\"article:modified_time\" content=\"2022-12-15T18:56:15+00:00\" \/>\n<meta property=\"og:image\" content=\"https:\/\/www.robertzueblin.com\/wp-content\/uploads\/lucien-arnaud-ceramica-jarron-marron-foto-titulo.jpg\" \/>\n\t<meta property=\"og:image:width\" content=\"1000\" \/>\n\t<meta property=\"og:image:height\" content=\"1000\" \/>\n\t<meta property=\"og:image:type\" content=\"image\/jpeg\" \/>\n<meta name=\"twitter:card\" content=\"summary_large_image\" \/>\n<script type=\"application\/ld+json\" class=\"yoast-schema-graph\">{\"@context\":\"https:\\\/\\\/schema.org\",\"@graph\":[{\"@type\":\"WebPage\",\"@id\":\"https:\\\/\\\/www.robertzueblin.com\\\/es\\\/lucien-arnaud\\\/jarron-marron\\\/\",\"url\":\"https:\\\/\\\/www.robertzueblin.com\\\/es\\\/lucien-arnaud\\\/jarron-marron\\\/\",\"name\":\"Lucien ARNAUD - Jarr\u00f3n marr\u00f3n - cer\u00e1mica de taller\",\"isPartOf\":{\"@id\":\"https:\\\/\\\/www.robertzueblin.com\\\/es\\\/#website\"},\"primaryImageOfPage\":{\"@id\":\"https:\\\/\\\/www.robertzueblin.com\\\/es\\\/lucien-arnaud\\\/jarron-marron\\\/#primaryimage\"},\"image\":{\"@id\":\"https:\\\/\\\/www.robertzueblin.com\\\/es\\\/lucien-arnaud\\\/jarron-marron\\\/#primaryimage\"},\"thumbnailUrl\":\"https:\\\/\\\/www.robertzueblin.com\\\/wp-content\\\/uploads\\\/lucien-arnaud-ceramica-jarron-marron-foto-titulo.jpg\",\"datePublished\":\"2021-11-29T17:31:05+00:00\",\"dateModified\":\"2022-12-15T18:56:15+00:00\",\"description\":\"Jarr\u00f3n de cer\u00e1mica de taller con esmalte exterior de color marr\u00f3n claro a oscuro de alrededor de 1920 de Lucien Arnaud de Saint-Amand-en-Puisaye, Francia.\",\"breadcrumb\":{\"@id\":\"https:\\\/\\\/www.robertzueblin.com\\\/es\\\/lucien-arnaud\\\/jarron-marron\\\/#breadcrumb\"},\"inLanguage\":\"es\",\"potentialAction\":[{\"@type\":\"ReadAction\",\"target\":[\"https:\\\/\\\/www.robertzueblin.com\\\/es\\\/lucien-arnaud\\\/jarron-marron\\\/\"]}]},{\"@type\":\"ImageObject\",\"inLanguage\":\"es\",\"@id\":\"https:\\\/\\\/www.robertzueblin.com\\\/es\\\/lucien-arnaud\\\/jarron-marron\\\/#primaryimage\",\"url\":\"https:\\\/\\\/www.robertzueblin.com\\\/wp-content\\\/uploads\\\/lucien-arnaud-ceramica-jarron-marron-foto-titulo.jpg\",\"contentUrl\":\"https:\\\/\\\/www.robertzueblin.com\\\/wp-content\\\/uploads\\\/lucien-arnaud-ceramica-jarron-marron-foto-titulo.jpg\",\"width\":1000,\"height\":1000},{\"@type\":\"BreadcrumbList\",\"@id\":\"https:\\\/\\\/www.robertzueblin.com\\\/es\\\/lucien-arnaud\\\/jarron-marron\\\/#breadcrumb\",\"itemListElement\":[{\"@type\":\"ListItem\",\"position\":1,\"name\":\"Startseite\",\"item\":\"https:\\\/\\\/www.robertzueblin.com\\\/es\\\/\"},{\"@type\":\"ListItem\",\"position\":2,\"name\":\"Galer\u00eda de arte online (tienda online)\",\"item\":\"https:\\\/\\\/www.robertzueblin.com\\\/es\\\/galeria-de-arte-online\\\/\"},{\"@type\":\"ListItem\",\"position\":3,\"name\":\"Lucien ARNAUD \u2013 Jarr\u00f3n marr\u00f3n &#8211; cer\u00e1mica de taller\"}]},{\"@type\":\"WebSite\",\"@id\":\"https:\\\/\\\/www.robertzueblin.com\\\/es\\\/#website\",\"url\":\"https:\\\/\\\/www.robertzueblin.com\\\/es\\\/\",\"name\":\"ROBERT Z\u00dcBLIN\",\"description\":\"\",\"publisher\":{\"@id\":\"https:\\\/\\\/www.robertzueblin.com\\\/es\\\/#organization\"},\"potentialAction\":[{\"@type\":\"SearchAction\",\"target\":{\"@type\":\"EntryPoint\",\"urlTemplate\":\"https:\\\/\\\/www.robertzueblin.com\\\/es\\\/?s={search_term_string}\"},\"query-input\":{\"@type\":\"PropertyValueSpecification\",\"valueRequired\":true,\"valueName\":\"search_term_string\"}}],\"inLanguage\":\"es\"},{\"@type\":\"Organization\",\"@id\":\"https:\\\/\\\/www.robertzueblin.com\\\/es\\\/#organization\",\"name\":\"ROBERT Z\u00dcBLIN\",\"url\":\"https:\\\/\\\/www.robertzueblin.com\\\/es\\\/\",\"logo\":{\"@type\":\"ImageObject\",\"inLanguage\":\"es\",\"@id\":\"https:\\\/\\\/www.robertzueblin.com\\\/es\\\/#\\\/schema\\\/logo\\\/image\\\/\",\"url\":\"https:\\\/\\\/www.robertzueblin.com\\\/wp-content\\\/uploads\\\/cropped-cropped-logo-von-robert-zueblin.jpg\",\"contentUrl\":\"https:\\\/\\\/www.robertzueblin.com\\\/wp-content\\\/uploads\\\/cropped-cropped-logo-von-robert-zueblin.jpg\",\"width\":440,\"height\":60,\"caption\":\"ROBERT Z\u00dcBLIN\"},\"image\":{\"@id\":\"https:\\\/\\\/www.robertzueblin.com\\\/es\\\/#\\\/schema\\\/logo\\\/image\\\/\"}}]}<\/script>\n<!-- \/ Yoast SEO plugin. -->","yoast_head_json":{"title":"Lucien ARNAUD - Jarr\u00f3n marr\u00f3n - cer\u00e1mica de taller","description":"Jarr\u00f3n de cer\u00e1mica de taller con esmalte exterior de color marr\u00f3n claro a oscuro de alrededor de 1920 de Lucien Arnaud de Saint-Amand-en-Puisaye, Francia.","robots":{"index":"index","follow":"follow","max-snippet":"max-snippet:-1","max-image-preview":"max-image-preview:large","max-video-preview":"max-video-preview:-1"},"canonical":"https:\/\/www.robertzueblin.com\/es\/lucien-arnaud\/jarron-marron\/","og_locale":"es_ES","og_type":"article","og_title":"Lucien ARNAUD - Jarr\u00f3n marr\u00f3n - cer\u00e1mica de taller","og_description":"Jarr\u00f3n de cer\u00e1mica de taller con esmalte exterior de color marr\u00f3n claro a oscuro de alrededor de 1920 de Lucien Arnaud de Saint-Amand-en-Puisaye, Francia.","og_url":"https:\/\/www.robertzueblin.com\/es\/lucien-arnaud\/jarron-marron\/","og_site_name":"ROBERT Z\u00dcBLIN","article_modified_time":"2022-12-15T18:56:15+00:00","og_image":[{"width":1000,"height":1000,"url":"https:\/\/www.robertzueblin.com\/wp-content\/uploads\/lucien-arnaud-ceramica-jarron-marron-foto-titulo.jpg","type":"image\/jpeg"}],"twitter_card":"summary_large_image","schema":{"@context":"https:\/\/schema.org","@graph":[{"@type":"WebPage","@id":"https:\/\/www.robertzueblin.com\/es\/lucien-arnaud\/jarron-marron\/","url":"https:\/\/www.robertzueblin.com\/es\/lucien-arnaud\/jarron-marron\/","name":"Lucien ARNAUD - Jarr\u00f3n marr\u00f3n - cer\u00e1mica de taller","isPartOf":{"@id":"https:\/\/www.robertzueblin.com\/es\/#website"},"primaryImageOfPage":{"@id":"https:\/\/www.robertzueblin.com\/es\/lucien-arnaud\/jarron-marron\/#primaryimage"},"image":{"@id":"https:\/\/www.robertzueblin.com\/es\/lucien-arnaud\/jarron-marron\/#primaryimage"},"thumbnailUrl":"https:\/\/www.robertzueblin.com\/wp-content\/uploads\/lucien-arnaud-ceramica-jarron-marron-foto-titulo.jpg","datePublished":"2021-11-29T17:31:05+00:00","dateModified":"2022-12-15T18:56:15+00:00","description":"Jarr\u00f3n de cer\u00e1mica de taller con esmalte exterior de color marr\u00f3n claro a oscuro de alrededor de 1920 de Lucien Arnaud de Saint-Amand-en-Puisaye, Francia.","breadcrumb":{"@id":"https:\/\/www.robertzueblin.com\/es\/lucien-arnaud\/jarron-marron\/#breadcrumb"},"inLanguage":"es","potentialAction":[{"@type":"ReadAction","target":["https:\/\/www.robertzueblin.com\/es\/lucien-arnaud\/jarron-marron\/"]}]},{"@type":"ImageObject","inLanguage":"es","@id":"https:\/\/www.robertzueblin.com\/es\/lucien-arnaud\/jarron-marron\/#primaryimage","url":"https:\/\/www.robertzueblin.com\/wp-content\/uploads\/lucien-arnaud-ceramica-jarron-marron-foto-titulo.jpg","contentUrl":"https:\/\/www.robertzueblin.com\/wp-content\/uploads\/lucien-arnaud-ceramica-jarron-marron-foto-titulo.jpg","width":1000,"height":1000},{"@type":"BreadcrumbList","@id":"https:\/\/www.robertzueblin.com\/es\/lucien-arnaud\/jarron-marron\/#breadcrumb","itemListElement":[{"@type":"ListItem","position":1,"name":"Startseite","item":"https:\/\/www.robertzueblin.com\/es\/"},{"@type":"ListItem","position":2,"name":"Galer\u00eda de arte online (tienda online)","item":"https:\/\/www.robertzueblin.com\/es\/galeria-de-arte-online\/"},{"@type":"ListItem","position":3,"name":"Lucien ARNAUD \u2013 Jarr\u00f3n marr\u00f3n &#8211; cer\u00e1mica de taller"}]},{"@type":"WebSite","@id":"https:\/\/www.robertzueblin.com\/es\/#website","url":"https:\/\/www.robertzueblin.com\/es\/","name":"ROBERT Z\u00dcBLIN","description":"","publisher":{"@id":"https:\/\/www.robertzueblin.com\/es\/#organization"},"potentialAction":[{"@type":"SearchAction","target":{"@type":"EntryPoint","urlTemplate":"https:\/\/www.robertzueblin.com\/es\/?s={search_term_string}"},"query-input":{"@type":"PropertyValueSpecification","valueRequired":true,"valueName":"search_term_string"}}],"inLanguage":"es"},{"@type":"Organization","@id":"https:\/\/www.robertzueblin.com\/es\/#organization","name":"ROBERT Z\u00dcBLIN","url":"https:\/\/www.robertzueblin.com\/es\/","logo":{"@type":"ImageObject","inLanguage":"es","@id":"https:\/\/www.robertzueblin.com\/es\/#\/schema\/logo\/image\/","url":"https:\/\/www.robertzueblin.com\/wp-content\/uploads\/cropped-cropped-logo-von-robert-zueblin.jpg","contentUrl":"https:\/\/www.robertzueblin.com\/wp-content\/uploads\/cropped-cropped-logo-von-robert-zueblin.jpg","width":440,"height":60,"caption":"ROBERT Z\u00dcBLIN"},"image":{"@id":"https:\/\/www.robertzueblin.com\/es\/#\/schema\/logo\/image\/"}}]}},"_links":{"self":[{"href":"https:\/\/www.robertzueblin.com\/es\/wp-json\/wp\/v2\/product\/3044","targetHints":{"allow":["GET"]}}],"collection":[{"href":"https:\/\/www.robertzueblin.com\/es\/wp-json\/wp\/v2\/product"}],"about":[{"href":"https:\/\/www.robertzueblin.com\/es\/wp-json\/wp\/v2\/types\/product"}],"wp:featuredmedia":[{"embeddable":true,"href":"https:\/\/www.robertzueblin.com\/es\/wp-json\/wp\/v2\/media\/2579"}],"wp:attachment":[{"href":"https:\/\/www.robertzueblin.com\/es\/wp-json\/wp\/v2\/media?parent=3044"}],"wp:term":[{"taxonomy":"product_brand","embeddable":true,"href":"https:\/\/www.robertzueblin.com\/es\/wp-json\/wp\/v2\/product_brand?post=3044"},{"taxonomy":"product_cat","embeddable":true,"href":"https:\/\/www.robertzueblin.com\/es\/wp-json\/wp\/v2\/product_cat?post=3044"},{"taxonomy":"product_tag","embeddable":true,"href":"https:\/\/www.robertzueblin.com\/es\/wp-json\/wp\/v2\/product_tag?post=3044"}],"curies":[{"name":"wp","href":"https:\/\/api.w.org\/{rel}","templated":true}]}}