{"id":29672,"date":"2022-10-26T18:53:28","date_gmt":"2022-10-26T18:05:35","guid":{"rendered":"https:\/\/www.robertzueblin.com\/?post_type=product&#038;p=29672"},"modified":"2024-10-10T20:04:37","modified_gmt":"2024-10-10T18:04:37","slug":"het-kruikje-marguerite-friedlaender-wildenhain-lechera-ceramica-de-taller","status":"publish","type":"product","link":"https:\/\/www.robertzueblin.com\/es\/het-kruikje\/marguerite-friedlaender-wildenhain-lechera-ceramica-de-taller\/","title":{"rendered":"HET KRUIKJE (Marguerite FRIEDLAENDER-WILDENHAIN) [atribuida] &#8211; Lechera con restauraci\u00f3n de Gintsugi &#8211; cer\u00e1mica de taller"},"content":{"rendered":"<p><span style=\"font-family: AkkoPro-BoldCondensed!important\">Tipo:<\/span> <a href=\"https:\/\/www.robertzueblin.com\/es\/tipo\/ceramica-artistica-ceramica-artesanal-ceramica-de-taller\/\">cer\u00e1mica de taller<\/a><\/p>\n<p><span style=\"font-family: AkkoPro-BoldCondensed!important\">Dise\u00f1o:<\/span> probablemente Marguerite Friedlaender-Wildenhain [atribuido], quiz\u00e1 Franz Wildenhain [atribuido]<\/p>\n<p><span style=\"font-family: AkkoPro-BoldCondensed!important\">Ejecuci\u00f3n:<\/span> taller Het Kruikje [atribuido]<\/p>\n<p><span style=\"font-family: AkkoPro-BoldCondensed!important\">Objeto:<\/span> lechera<\/p>\n<p><span style=\"font-family: AkkoPro-BoldCondensed!important\">Dimensiones:<\/span> altura: 9,3 cm, anchura: 12,5 cm<\/p>\n<p><span style=\"font-family: AkkoPro-BoldCondensed!important\">Cuerpo:<\/span> marr\u00f3n rojizo<\/p>\n<p><span style=\"font-family: AkkoPro-BoldCondensed!important\">Superficie:<\/span> blanco y azul claro<\/p>\n<p><span style=\"font-family: AkkoPro-BoldCondensed!important\">A\u00f1o de producci\u00f3n:<\/span> 1930s\/1940s<\/p>\n<p><span style=\"font-family: AkkoPro-BoldCondensed!important\">Estado:<\/span> un desconchado grande y varias peque\u00f1os en el pitorro, reparado con el m\u00e9todo de reparaci\u00f3n Gintsugi con laca plateada.<\/p>\n<p><span style=\"font-family: AkkoPro-BoldCondensed!important\">Firma\/marca:<\/span> sin<\/p>\n<p><span style=\"font-family: AkkoPro-BoldCondensed!important\">Detalles:<\/span><br \/>\nLa lechera no est\u00e1 firmada, es decir, no tiene ni firma ni marca, pero seg\u00fan el anterior propietario procede de un contexto m\u00e1s amplio de piezas de servicio, que tambi\u00e9n inclu\u00eda cer\u00e1micas con la marca Het Kruikje. El propietario anterior al anterior propietario de la lechera era un coleccionista de Holanda que hab\u00eda adquirido la cer\u00e1mica a un se\u00f1or mayor. Los padres de este anciano caballero hab\u00edan tenido un negocio de artesan\u00eda en Holanda en el periodo anterior a la guerra y hab\u00edan llevado la cer\u00e1mica Het Kruikje.<\/p>\n<p>El borde extremadamente fino de la lechera tambi\u00e9n habla de una cer\u00e1mica del taller de Het Kruikje, ya que estos bordes finos son t\u00edpicos de las piezas de la <a href=\"https:\/\/www.robertzueblin.com\/es\/epocas-estilisticas\/bauhaus\/\">alfarer\u00eda de la Bauhaus<\/a> en Dornburg, donde Marguerite Friedlaender-Wildenhain y Franz Rudolf Wildenhain aprendieron como estudiantes de la Bauhaus. Otto Lindig, que tambi\u00e9n fue alumno de la Bauhaus, tambi\u00e9n utiliz\u00f3 estos <a href=\"https:\/\/www.robertzueblin.com\/es\/otto-lindig\/jarron-con-esmalte-tipo-lava\/\">finos bordes en sus cer\u00e1micas<\/a>.<\/p>\n<p>La forma y el esmalte de la lechera fueron probablemente dise\u00f1ados por Marguerite Friedlaender-Wildenhain. Sin embargo, tambi\u00e9n es posible que fuera dise\u00f1ado por su marido Franz Rudolf Wildenhain (Frans Wildenhain). Adem\u00e1s de Marguerite Friedlaender-Wildenhain y Franz Rudolf Wildenhain, en el taller de Het Kruikje tambi\u00e9n trabajaban empleados y aprendices, por lo que es dif\u00edcil saber qui\u00e9n torne\u00f3 y esmalt\u00f3 el c\u00e1ntaro de leche.<\/p>\n<p>Dado que la tienda de artesan\u00eda empez\u00f3 a incluir cer\u00e1mica de Het Kruikje en su surtido hacia 1938\/1939, la dataci\u00f3n de los a\u00f1os 1930\/1940 parece adecuada.<\/p>\n<p>En <a href=\"https:\/\/youtu.be\/pSuGNz5Uiko?t=490\">este v\u00eddeo<\/a> se pueden ver piezas de lechera con picos anchos similares, pero de la \u00e9poca posterior a la guerra del taller de Marguerite Wildenhain \u00abPond Farm Pottery\u00bb en California (EEUU).<\/p>\n","protected":false},"excerpt":{"rendered":"<p><span style=\"color: #e2401c;\">&#x25cf;<\/span><span> vendido<\/span><\/p>\n","protected":false},"featured_media":35467,"template":"","meta":[],"product_brand":[],"product_cat":[204,406,657,418],"product_tag":[],"class_list":{"0":"post-29672","1":"product","2":"type-product","3":"status-publish","4":"has-post-thumbnail","6":"product_cat-bauhaus","7":"product_cat-het-kruikje","8":"product_cat-kintsugi-shop","9":"product_cat-marguerite-friedlaender-wildenhain","11":"first","12":"outofstock","13":"sold-individually","14":"shipping-taxable","15":"product-type-simple"},"yoast_head":"<!-- This site is optimized with the Yoast SEO plugin v27.5 - https:\/\/yoast.com\/product\/yoast-seo-wordpress\/ -->\n<title>HET KRUIKJE - Marguerite FRIEDLAENDER - lechera<\/title>\n<meta name=\"description\" content=\"Lechera de cer\u00e1mica de taller de un juego de caf\u00e9 realizado en el taller Het Kruikje por Marguerite Friedl\u00e4nder-Wildenhain o Franz Wildenhain.\" \/>\n<meta name=\"robots\" content=\"index, follow, max-snippet:-1, max-image-preview:large, max-video-preview:-1\" \/>\n<link rel=\"canonical\" href=\"https:\/\/www.robertzueblin.com\/es\/het-kruikje\/marguerite-friedlaender-wildenhain-lechera-ceramica-de-taller\/\" \/>\n<meta property=\"og:locale\" content=\"es_ES\" \/>\n<meta property=\"og:type\" content=\"article\" \/>\n<meta property=\"og:title\" content=\"HET KRUIKJE - Marguerite FRIEDLAENDER - lechera\" \/>\n<meta property=\"og:description\" content=\"Lechera de cer\u00e1mica de taller de un juego de caf\u00e9 realizado en el taller Het Kruikje por Marguerite Friedl\u00e4nder-Wildenhain o Franz Wildenhain.\" \/>\n<meta property=\"og:url\" content=\"https:\/\/www.robertzueblin.com\/es\/het-kruikje\/marguerite-friedlaender-wildenhain-lechera-ceramica-de-taller\/\" \/>\n<meta property=\"og:site_name\" content=\"ROBERT Z\u00dcBLIN\" \/>\n<meta property=\"article:modified_time\" content=\"2024-10-10T18:04:37+00:00\" \/>\n<meta property=\"og:image\" content=\"https:\/\/www.robertzueblin.com\/wp-content\/uploads\/het-kruikje-marguerite-friedlaender-franz-wildenhain-ceramica-taller-lechera-gintsugi-foto-titulo.jpg\" \/>\n\t<meta property=\"og:image:width\" content=\"1000\" \/>\n\t<meta property=\"og:image:height\" content=\"1000\" \/>\n\t<meta property=\"og:image:type\" content=\"image\/jpeg\" \/>\n<meta name=\"twitter:card\" content=\"summary_large_image\" \/>\n<script type=\"application\/ld+json\" class=\"yoast-schema-graph\">{\"@context\":\"https:\\\/\\\/schema.org\",\"@graph\":[{\"@type\":\"WebPage\",\"@id\":\"https:\\\/\\\/www.robertzueblin.com\\\/es\\\/het-kruikje\\\/marguerite-friedlaender-wildenhain-lechera-ceramica-de-taller\\\/\",\"url\":\"https:\\\/\\\/www.robertzueblin.com\\\/es\\\/het-kruikje\\\/marguerite-friedlaender-wildenhain-lechera-ceramica-de-taller\\\/\",\"name\":\"HET KRUIKJE - Marguerite FRIEDLAENDER - lechera\",\"isPartOf\":{\"@id\":\"https:\\\/\\\/www.robertzueblin.com\\\/es\\\/#website\"},\"primaryImageOfPage\":{\"@id\":\"https:\\\/\\\/www.robertzueblin.com\\\/es\\\/het-kruikje\\\/marguerite-friedlaender-wildenhain-lechera-ceramica-de-taller\\\/#primaryimage\"},\"image\":{\"@id\":\"https:\\\/\\\/www.robertzueblin.com\\\/es\\\/het-kruikje\\\/marguerite-friedlaender-wildenhain-lechera-ceramica-de-taller\\\/#primaryimage\"},\"thumbnailUrl\":\"https:\\\/\\\/www.robertzueblin.com\\\/wp-content\\\/uploads\\\/het-kruikje-marguerite-friedlaender-franz-wildenhain-ceramica-taller-lechera-gintsugi-foto-titulo.jpg\",\"datePublished\":\"2022-10-26T18:05:35+00:00\",\"dateModified\":\"2024-10-10T18:04:37+00:00\",\"description\":\"Lechera de cer\u00e1mica de taller de un juego de caf\u00e9 realizado en el taller Het Kruikje por Marguerite Friedl\u00e4nder-Wildenhain o Franz Wildenhain.\",\"breadcrumb\":{\"@id\":\"https:\\\/\\\/www.robertzueblin.com\\\/es\\\/het-kruikje\\\/marguerite-friedlaender-wildenhain-lechera-ceramica-de-taller\\\/#breadcrumb\"},\"inLanguage\":\"es\",\"potentialAction\":[{\"@type\":\"ReadAction\",\"target\":[\"https:\\\/\\\/www.robertzueblin.com\\\/es\\\/het-kruikje\\\/marguerite-friedlaender-wildenhain-lechera-ceramica-de-taller\\\/\"]}]},{\"@type\":\"ImageObject\",\"inLanguage\":\"es\",\"@id\":\"https:\\\/\\\/www.robertzueblin.com\\\/es\\\/het-kruikje\\\/marguerite-friedlaender-wildenhain-lechera-ceramica-de-taller\\\/#primaryimage\",\"url\":\"https:\\\/\\\/www.robertzueblin.com\\\/wp-content\\\/uploads\\\/het-kruikje-marguerite-friedlaender-franz-wildenhain-ceramica-taller-lechera-gintsugi-foto-titulo.jpg\",\"contentUrl\":\"https:\\\/\\\/www.robertzueblin.com\\\/wp-content\\\/uploads\\\/het-kruikje-marguerite-friedlaender-franz-wildenhain-ceramica-taller-lechera-gintsugi-foto-titulo.jpg\",\"width\":1000,\"height\":1000},{\"@type\":\"BreadcrumbList\",\"@id\":\"https:\\\/\\\/www.robertzueblin.com\\\/es\\\/het-kruikje\\\/marguerite-friedlaender-wildenhain-lechera-ceramica-de-taller\\\/#breadcrumb\",\"itemListElement\":[{\"@type\":\"ListItem\",\"position\":1,\"name\":\"Startseite\",\"item\":\"https:\\\/\\\/www.robertzueblin.com\\\/es\\\/\"},{\"@type\":\"ListItem\",\"position\":2,\"name\":\"Galer\u00eda de arte online (tienda online)\",\"item\":\"https:\\\/\\\/www.robertzueblin.com\\\/es\\\/galeria-de-arte-online\\\/\"},{\"@type\":\"ListItem\",\"position\":3,\"name\":\"HET KRUIKJE (Marguerite FRIEDLAENDER-WILDENHAIN) [atribuida] &#8211; Lechera con restauraci\u00f3n de Gintsugi &#8211; cer\u00e1mica de taller\"}]},{\"@type\":\"WebSite\",\"@id\":\"https:\\\/\\\/www.robertzueblin.com\\\/es\\\/#website\",\"url\":\"https:\\\/\\\/www.robertzueblin.com\\\/es\\\/\",\"name\":\"ROBERT Z\u00dcBLIN\",\"description\":\"\",\"publisher\":{\"@id\":\"https:\\\/\\\/www.robertzueblin.com\\\/es\\\/#organization\"},\"potentialAction\":[{\"@type\":\"SearchAction\",\"target\":{\"@type\":\"EntryPoint\",\"urlTemplate\":\"https:\\\/\\\/www.robertzueblin.com\\\/es\\\/?s={search_term_string}\"},\"query-input\":{\"@type\":\"PropertyValueSpecification\",\"valueRequired\":true,\"valueName\":\"search_term_string\"}}],\"inLanguage\":\"es\"},{\"@type\":\"Organization\",\"@id\":\"https:\\\/\\\/www.robertzueblin.com\\\/es\\\/#organization\",\"name\":\"ROBERT Z\u00dcBLIN\",\"url\":\"https:\\\/\\\/www.robertzueblin.com\\\/es\\\/\",\"logo\":{\"@type\":\"ImageObject\",\"inLanguage\":\"es\",\"@id\":\"https:\\\/\\\/www.robertzueblin.com\\\/es\\\/#\\\/schema\\\/logo\\\/image\\\/\",\"url\":\"https:\\\/\\\/www.robertzueblin.com\\\/wp-content\\\/uploads\\\/cropped-cropped-logo-von-robert-zueblin.jpg\",\"contentUrl\":\"https:\\\/\\\/www.robertzueblin.com\\\/wp-content\\\/uploads\\\/cropped-cropped-logo-von-robert-zueblin.jpg\",\"width\":440,\"height\":60,\"caption\":\"ROBERT Z\u00dcBLIN\"},\"image\":{\"@id\":\"https:\\\/\\\/www.robertzueblin.com\\\/es\\\/#\\\/schema\\\/logo\\\/image\\\/\"}}]}<\/script>\n<!-- \/ Yoast SEO plugin. -->","yoast_head_json":{"title":"HET KRUIKJE - Marguerite FRIEDLAENDER - lechera","description":"Lechera de cer\u00e1mica de taller de un juego de caf\u00e9 realizado en el taller Het Kruikje por Marguerite Friedl\u00e4nder-Wildenhain o Franz Wildenhain.","robots":{"index":"index","follow":"follow","max-snippet":"max-snippet:-1","max-image-preview":"max-image-preview:large","max-video-preview":"max-video-preview:-1"},"canonical":"https:\/\/www.robertzueblin.com\/es\/het-kruikje\/marguerite-friedlaender-wildenhain-lechera-ceramica-de-taller\/","og_locale":"es_ES","og_type":"article","og_title":"HET KRUIKJE - Marguerite FRIEDLAENDER - lechera","og_description":"Lechera de cer\u00e1mica de taller de un juego de caf\u00e9 realizado en el taller Het Kruikje por Marguerite Friedl\u00e4nder-Wildenhain o Franz Wildenhain.","og_url":"https:\/\/www.robertzueblin.com\/es\/het-kruikje\/marguerite-friedlaender-wildenhain-lechera-ceramica-de-taller\/","og_site_name":"ROBERT Z\u00dcBLIN","article_modified_time":"2024-10-10T18:04:37+00:00","og_image":[{"width":1000,"height":1000,"url":"https:\/\/www.robertzueblin.com\/wp-content\/uploads\/het-kruikje-marguerite-friedlaender-franz-wildenhain-ceramica-taller-lechera-gintsugi-foto-titulo.jpg","type":"image\/jpeg"}],"twitter_card":"summary_large_image","schema":{"@context":"https:\/\/schema.org","@graph":[{"@type":"WebPage","@id":"https:\/\/www.robertzueblin.com\/es\/het-kruikje\/marguerite-friedlaender-wildenhain-lechera-ceramica-de-taller\/","url":"https:\/\/www.robertzueblin.com\/es\/het-kruikje\/marguerite-friedlaender-wildenhain-lechera-ceramica-de-taller\/","name":"HET KRUIKJE - Marguerite FRIEDLAENDER - lechera","isPartOf":{"@id":"https:\/\/www.robertzueblin.com\/es\/#website"},"primaryImageOfPage":{"@id":"https:\/\/www.robertzueblin.com\/es\/het-kruikje\/marguerite-friedlaender-wildenhain-lechera-ceramica-de-taller\/#primaryimage"},"image":{"@id":"https:\/\/www.robertzueblin.com\/es\/het-kruikje\/marguerite-friedlaender-wildenhain-lechera-ceramica-de-taller\/#primaryimage"},"thumbnailUrl":"https:\/\/www.robertzueblin.com\/wp-content\/uploads\/het-kruikje-marguerite-friedlaender-franz-wildenhain-ceramica-taller-lechera-gintsugi-foto-titulo.jpg","datePublished":"2022-10-26T18:05:35+00:00","dateModified":"2024-10-10T18:04:37+00:00","description":"Lechera de cer\u00e1mica de taller de un juego de caf\u00e9 realizado en el taller Het Kruikje por Marguerite Friedl\u00e4nder-Wildenhain o Franz Wildenhain.","breadcrumb":{"@id":"https:\/\/www.robertzueblin.com\/es\/het-kruikje\/marguerite-friedlaender-wildenhain-lechera-ceramica-de-taller\/#breadcrumb"},"inLanguage":"es","potentialAction":[{"@type":"ReadAction","target":["https:\/\/www.robertzueblin.com\/es\/het-kruikje\/marguerite-friedlaender-wildenhain-lechera-ceramica-de-taller\/"]}]},{"@type":"ImageObject","inLanguage":"es","@id":"https:\/\/www.robertzueblin.com\/es\/het-kruikje\/marguerite-friedlaender-wildenhain-lechera-ceramica-de-taller\/#primaryimage","url":"https:\/\/www.robertzueblin.com\/wp-content\/uploads\/het-kruikje-marguerite-friedlaender-franz-wildenhain-ceramica-taller-lechera-gintsugi-foto-titulo.jpg","contentUrl":"https:\/\/www.robertzueblin.com\/wp-content\/uploads\/het-kruikje-marguerite-friedlaender-franz-wildenhain-ceramica-taller-lechera-gintsugi-foto-titulo.jpg","width":1000,"height":1000},{"@type":"BreadcrumbList","@id":"https:\/\/www.robertzueblin.com\/es\/het-kruikje\/marguerite-friedlaender-wildenhain-lechera-ceramica-de-taller\/#breadcrumb","itemListElement":[{"@type":"ListItem","position":1,"name":"Startseite","item":"https:\/\/www.robertzueblin.com\/es\/"},{"@type":"ListItem","position":2,"name":"Galer\u00eda de arte online (tienda online)","item":"https:\/\/www.robertzueblin.com\/es\/galeria-de-arte-online\/"},{"@type":"ListItem","position":3,"name":"HET KRUIKJE (Marguerite FRIEDLAENDER-WILDENHAIN) [atribuida] &#8211; Lechera con restauraci\u00f3n de Gintsugi &#8211; cer\u00e1mica de taller"}]},{"@type":"WebSite","@id":"https:\/\/www.robertzueblin.com\/es\/#website","url":"https:\/\/www.robertzueblin.com\/es\/","name":"ROBERT Z\u00dcBLIN","description":"","publisher":{"@id":"https:\/\/www.robertzueblin.com\/es\/#organization"},"potentialAction":[{"@type":"SearchAction","target":{"@type":"EntryPoint","urlTemplate":"https:\/\/www.robertzueblin.com\/es\/?s={search_term_string}"},"query-input":{"@type":"PropertyValueSpecification","valueRequired":true,"valueName":"search_term_string"}}],"inLanguage":"es"},{"@type":"Organization","@id":"https:\/\/www.robertzueblin.com\/es\/#organization","name":"ROBERT Z\u00dcBLIN","url":"https:\/\/www.robertzueblin.com\/es\/","logo":{"@type":"ImageObject","inLanguage":"es","@id":"https:\/\/www.robertzueblin.com\/es\/#\/schema\/logo\/image\/","url":"https:\/\/www.robertzueblin.com\/wp-content\/uploads\/cropped-cropped-logo-von-robert-zueblin.jpg","contentUrl":"https:\/\/www.robertzueblin.com\/wp-content\/uploads\/cropped-cropped-logo-von-robert-zueblin.jpg","width":440,"height":60,"caption":"ROBERT Z\u00dcBLIN"},"image":{"@id":"https:\/\/www.robertzueblin.com\/es\/#\/schema\/logo\/image\/"}}]}},"_links":{"self":[{"href":"https:\/\/www.robertzueblin.com\/es\/wp-json\/wp\/v2\/product\/29672","targetHints":{"allow":["GET"]}}],"collection":[{"href":"https:\/\/www.robertzueblin.com\/es\/wp-json\/wp\/v2\/product"}],"about":[{"href":"https:\/\/www.robertzueblin.com\/es\/wp-json\/wp\/v2\/types\/product"}],"wp:featuredmedia":[{"embeddable":true,"href":"https:\/\/www.robertzueblin.com\/es\/wp-json\/wp\/v2\/media\/35467"}],"wp:attachment":[{"href":"https:\/\/www.robertzueblin.com\/es\/wp-json\/wp\/v2\/media?parent=29672"}],"wp:term":[{"taxonomy":"product_brand","embeddable":true,"href":"https:\/\/www.robertzueblin.com\/es\/wp-json\/wp\/v2\/product_brand?post=29672"},{"taxonomy":"product_cat","embeddable":true,"href":"https:\/\/www.robertzueblin.com\/es\/wp-json\/wp\/v2\/product_cat?post=29672"},{"taxonomy":"product_tag","embeddable":true,"href":"https:\/\/www.robertzueblin.com\/es\/wp-json\/wp\/v2\/product_tag?post=29672"}],"curies":[{"name":"wp","href":"https:\/\/api.w.org\/{rel}","templated":true}]}}