{"id":27577,"date":"2022-07-29T12:22:10","date_gmt":"2022-07-29T10:23:57","guid":{"rendered":"https:\/\/www.robertzueblin.com\/?post_type=product&#038;p=27577"},"modified":"2025-05-05T05:32:37","modified_gmt":"2025-05-05T03:32:37","slug":"horst-rave-1941-%e2%80%a0-2009-arte-concreto-serigrafia-sin-titulo","status":"publish","type":"product","link":"https:\/\/www.robertzueblin.com\/es\/horst-rave\/arte-concreto-serigrafia-sin-titulo\/","title":{"rendered":"Horst RAVE (* 1941, \u2020 2009) &#8211; Arte concreto &#8211; Serigraf\u00eda sin t\u00edtulo"},"content":{"rendered":"<p><span style=\"font-family: AkkoPro-BoldCondensed!important\">Tipo:<\/span> <a href=\"https:\/\/www.robertzueblin.com\/es\/tipo\/pintura\/\">pintura<\/a><\/p>\n<p><span style=\"font-family: AkkoPro-BoldCondensed!important\">Dise\u00f1o:<\/span> Horst Rave (* 1941, \u2020 2009)<\/p>\n<p><span style=\"font-family: AkkoPro-BoldCondensed!important\">Objeto:<\/span> serigraf\u00eda<\/p>\n<p><span style=\"font-family: AkkoPro-BoldCondensed!important\">Material:<\/span> tinta sobre papel<\/p>\n<p><span style=\"font-family: AkkoPro-BoldCondensed!important\">Dimensiones:<\/span> altura: 40,1 cm; anchura: 29,8 cm<\/p>\n<p><span style=\"font-family: AkkoPro-BoldCondensed!important\">A\u00f1o de producci\u00f3n:<\/span> sin fecha<\/p>\n<p><span style=\"font-family: AkkoPro-BoldCondensed!important\">Estado:<\/span> papel amarillento, parcialmente manchado, arrugas, relieves, abrasi\u00f3n<\/p>\n<p><span style=\"font-family: AkkoPro-BoldCondensed!important\">Firma\/marca:<\/span> Rave<\/p>\n<p><span style=\"font-family: AkkoPro-BoldCondensed!important\">Edici\u00f3n:<\/span> 100\/94, edici\u00f3n galerie teufel koblenz<\/p>\n","protected":false},"excerpt":{"rendered":"<p>Tipo: pintura Dise\u00f1o: Horst Rave (* 1941, \u2020 2009) Objeto: serigraf\u00eda Material: tinta sobre papel Dimensiones: altura: 40,1 cm; anchura: 29,8 cm A\u00f1o de producci\u00f3n: sin fecha Estado: papel amarillento, parcialmente manchado, arrugas, relieves, abrasi\u00f3n Firma\/marca: Rave Edici\u00f3n: 100\/94, edici\u00f3n galerie teufel koblenz<\/p>\n","protected":false},"featured_media":27578,"template":"","meta":[],"product_brand":[],"product_cat":[778,391],"product_tag":[],"class_list":{"0":"post-27577","1":"product","2":"type-product","3":"status-publish","4":"has-post-thumbnail","6":"product_cat-pintura","7":"product_cat-horst-rave","9":"first","10":"instock","11":"sold-individually","12":"shipping-taxable","13":"purchasable","14":"product-type-simple"},"yoast_head":"<!-- This site is optimized with the Yoast SEO plugin v27.5 - https:\/\/yoast.com\/product\/yoast-seo-wordpress\/ -->\n<title>Horst RAVE (* 1941, \u2020 2009) - Arte concreto - Serigraf\u00eda sin t\u00edtulo - ROBERT Z\u00dcBLIN<\/title>\n<meta name=\"robots\" content=\"index, follow, max-snippet:-1, max-image-preview:large, max-video-preview:-1\" \/>\n<link rel=\"canonical\" href=\"https:\/\/www.robertzueblin.com\/es\/horst-rave\/arte-concreto-serigrafia-sin-titulo\/\" \/>\n<meta property=\"og:locale\" content=\"es_ES\" \/>\n<meta property=\"og:type\" content=\"article\" \/>\n<meta property=\"og:title\" content=\"Horst RAVE (* 1941, \u2020 2009) - Arte concreto - Serigraf\u00eda sin t\u00edtulo - ROBERT Z\u00dcBLIN\" \/>\n<meta property=\"og:description\" content=\"Tipo: pintura Dise\u00f1o: Horst Rave (* 1941, \u2020 2009) Objeto: serigraf\u00eda Material: tinta sobre papel Dimensiones: altura: 40,1 cm; anchura: 29,8 cm A\u00f1o de producci\u00f3n: sin fecha Estado: papel amarillento, parcialmente manchado, arrugas, relieves, abrasi\u00f3n Firma\/marca: Rave Edici\u00f3n: 100\/94, edici\u00f3n galerie teufel koblenz\" \/>\n<meta property=\"og:url\" content=\"https:\/\/www.robertzueblin.com\/es\/horst-rave\/arte-concreto-serigrafia-sin-titulo\/\" \/>\n<meta property=\"og:site_name\" content=\"ROBERT Z\u00dcBLIN\" \/>\n<meta property=\"article:modified_time\" content=\"2025-05-05T03:32:37+00:00\" \/>\n<meta property=\"og:image\" content=\"https:\/\/www.robertzueblin.com\/wp-content\/uploads\/horst-rave-serigrafia-edition-galerie-teufel-koblenz.jpg\" \/>\n\t<meta property=\"og:image:width\" content=\"978\" \/>\n\t<meta property=\"og:image:height\" content=\"1332\" \/>\n\t<meta property=\"og:image:type\" content=\"image\/jpeg\" \/>\n<meta name=\"twitter:card\" content=\"summary_large_image\" \/>\n<script type=\"application\/ld+json\" class=\"yoast-schema-graph\">{\"@context\":\"https:\\\/\\\/schema.org\",\"@graph\":[{\"@type\":\"WebPage\",\"@id\":\"https:\\\/\\\/www.robertzueblin.com\\\/es\\\/horst-rave\\\/arte-concreto-serigrafia-sin-titulo\\\/\",\"url\":\"https:\\\/\\\/www.robertzueblin.com\\\/es\\\/horst-rave\\\/arte-concreto-serigrafia-sin-titulo\\\/\",\"name\":\"Horst RAVE (* 1941, \u2020 2009) - Arte concreto - Serigraf\u00eda sin t\u00edtulo - ROBERT Z\u00dcBLIN\",\"isPartOf\":{\"@id\":\"https:\\\/\\\/www.robertzueblin.com\\\/es\\\/#website\"},\"primaryImageOfPage\":{\"@id\":\"https:\\\/\\\/www.robertzueblin.com\\\/es\\\/horst-rave\\\/arte-concreto-serigrafia-sin-titulo\\\/#primaryimage\"},\"image\":{\"@id\":\"https:\\\/\\\/www.robertzueblin.com\\\/es\\\/horst-rave\\\/arte-concreto-serigrafia-sin-titulo\\\/#primaryimage\"},\"thumbnailUrl\":\"https:\\\/\\\/www.robertzueblin.com\\\/wp-content\\\/uploads\\\/horst-rave-serigrafia-edition-galerie-teufel-koblenz.jpg\",\"datePublished\":\"2022-07-29T10:23:57+00:00\",\"dateModified\":\"2025-05-05T03:32:37+00:00\",\"breadcrumb\":{\"@id\":\"https:\\\/\\\/www.robertzueblin.com\\\/es\\\/horst-rave\\\/arte-concreto-serigrafia-sin-titulo\\\/#breadcrumb\"},\"inLanguage\":\"es\",\"potentialAction\":[{\"@type\":\"ReadAction\",\"target\":[\"https:\\\/\\\/www.robertzueblin.com\\\/es\\\/horst-rave\\\/arte-concreto-serigrafia-sin-titulo\\\/\"]}]},{\"@type\":\"ImageObject\",\"inLanguage\":\"es\",\"@id\":\"https:\\\/\\\/www.robertzueblin.com\\\/es\\\/horst-rave\\\/arte-concreto-serigrafia-sin-titulo\\\/#primaryimage\",\"url\":\"https:\\\/\\\/www.robertzueblin.com\\\/wp-content\\\/uploads\\\/horst-rave-serigrafia-edition-galerie-teufel-koblenz.jpg\",\"contentUrl\":\"https:\\\/\\\/www.robertzueblin.com\\\/wp-content\\\/uploads\\\/horst-rave-serigrafia-edition-galerie-teufel-koblenz.jpg\",\"width\":978,\"height\":1332},{\"@type\":\"BreadcrumbList\",\"@id\":\"https:\\\/\\\/www.robertzueblin.com\\\/es\\\/horst-rave\\\/arte-concreto-serigrafia-sin-titulo\\\/#breadcrumb\",\"itemListElement\":[{\"@type\":\"ListItem\",\"position\":1,\"name\":\"Startseite\",\"item\":\"https:\\\/\\\/www.robertzueblin.com\\\/es\\\/\"},{\"@type\":\"ListItem\",\"position\":2,\"name\":\"Galer\u00eda de arte online (tienda online)\",\"item\":\"https:\\\/\\\/www.robertzueblin.com\\\/es\\\/galeria-de-arte-online\\\/\"},{\"@type\":\"ListItem\",\"position\":3,\"name\":\"Horst RAVE (* 1941, \u2020 2009) &#8211; Arte concreto &#8211; Serigraf\u00eda sin t\u00edtulo\"}]},{\"@type\":\"WebSite\",\"@id\":\"https:\\\/\\\/www.robertzueblin.com\\\/es\\\/#website\",\"url\":\"https:\\\/\\\/www.robertzueblin.com\\\/es\\\/\",\"name\":\"ROBERT Z\u00dcBLIN\",\"description\":\"\",\"publisher\":{\"@id\":\"https:\\\/\\\/www.robertzueblin.com\\\/es\\\/#organization\"},\"potentialAction\":[{\"@type\":\"SearchAction\",\"target\":{\"@type\":\"EntryPoint\",\"urlTemplate\":\"https:\\\/\\\/www.robertzueblin.com\\\/es\\\/?s={search_term_string}\"},\"query-input\":{\"@type\":\"PropertyValueSpecification\",\"valueRequired\":true,\"valueName\":\"search_term_string\"}}],\"inLanguage\":\"es\"},{\"@type\":\"Organization\",\"@id\":\"https:\\\/\\\/www.robertzueblin.com\\\/es\\\/#organization\",\"name\":\"ROBERT Z\u00dcBLIN\",\"url\":\"https:\\\/\\\/www.robertzueblin.com\\\/es\\\/\",\"logo\":{\"@type\":\"ImageObject\",\"inLanguage\":\"es\",\"@id\":\"https:\\\/\\\/www.robertzueblin.com\\\/es\\\/#\\\/schema\\\/logo\\\/image\\\/\",\"url\":\"https:\\\/\\\/www.robertzueblin.com\\\/wp-content\\\/uploads\\\/cropped-cropped-logo-von-robert-zueblin.jpg\",\"contentUrl\":\"https:\\\/\\\/www.robertzueblin.com\\\/wp-content\\\/uploads\\\/cropped-cropped-logo-von-robert-zueblin.jpg\",\"width\":440,\"height\":60,\"caption\":\"ROBERT Z\u00dcBLIN\"},\"image\":{\"@id\":\"https:\\\/\\\/www.robertzueblin.com\\\/es\\\/#\\\/schema\\\/logo\\\/image\\\/\"}}]}<\/script>\n<!-- \/ Yoast SEO plugin. -->","yoast_head_json":{"title":"Horst RAVE (* 1941, \u2020 2009) - Arte concreto - Serigraf\u00eda sin t\u00edtulo - ROBERT Z\u00dcBLIN","robots":{"index":"index","follow":"follow","max-snippet":"max-snippet:-1","max-image-preview":"max-image-preview:large","max-video-preview":"max-video-preview:-1"},"canonical":"https:\/\/www.robertzueblin.com\/es\/horst-rave\/arte-concreto-serigrafia-sin-titulo\/","og_locale":"es_ES","og_type":"article","og_title":"Horst RAVE (* 1941, \u2020 2009) - Arte concreto - Serigraf\u00eda sin t\u00edtulo - ROBERT Z\u00dcBLIN","og_description":"Tipo: pintura Dise\u00f1o: Horst Rave (* 1941, \u2020 2009) Objeto: serigraf\u00eda Material: tinta sobre papel Dimensiones: altura: 40,1 cm; anchura: 29,8 cm A\u00f1o de producci\u00f3n: sin fecha Estado: papel amarillento, parcialmente manchado, arrugas, relieves, abrasi\u00f3n Firma\/marca: Rave Edici\u00f3n: 100\/94, edici\u00f3n galerie teufel koblenz","og_url":"https:\/\/www.robertzueblin.com\/es\/horst-rave\/arte-concreto-serigrafia-sin-titulo\/","og_site_name":"ROBERT Z\u00dcBLIN","article_modified_time":"2025-05-05T03:32:37+00:00","og_image":[{"width":978,"height":1332,"url":"https:\/\/www.robertzueblin.com\/wp-content\/uploads\/horst-rave-serigrafia-edition-galerie-teufel-koblenz.jpg","type":"image\/jpeg"}],"twitter_card":"summary_large_image","schema":{"@context":"https:\/\/schema.org","@graph":[{"@type":"WebPage","@id":"https:\/\/www.robertzueblin.com\/es\/horst-rave\/arte-concreto-serigrafia-sin-titulo\/","url":"https:\/\/www.robertzueblin.com\/es\/horst-rave\/arte-concreto-serigrafia-sin-titulo\/","name":"Horst RAVE (* 1941, \u2020 2009) - Arte concreto - Serigraf\u00eda sin t\u00edtulo - ROBERT Z\u00dcBLIN","isPartOf":{"@id":"https:\/\/www.robertzueblin.com\/es\/#website"},"primaryImageOfPage":{"@id":"https:\/\/www.robertzueblin.com\/es\/horst-rave\/arte-concreto-serigrafia-sin-titulo\/#primaryimage"},"image":{"@id":"https:\/\/www.robertzueblin.com\/es\/horst-rave\/arte-concreto-serigrafia-sin-titulo\/#primaryimage"},"thumbnailUrl":"https:\/\/www.robertzueblin.com\/wp-content\/uploads\/horst-rave-serigrafia-edition-galerie-teufel-koblenz.jpg","datePublished":"2022-07-29T10:23:57+00:00","dateModified":"2025-05-05T03:32:37+00:00","breadcrumb":{"@id":"https:\/\/www.robertzueblin.com\/es\/horst-rave\/arte-concreto-serigrafia-sin-titulo\/#breadcrumb"},"inLanguage":"es","potentialAction":[{"@type":"ReadAction","target":["https:\/\/www.robertzueblin.com\/es\/horst-rave\/arte-concreto-serigrafia-sin-titulo\/"]}]},{"@type":"ImageObject","inLanguage":"es","@id":"https:\/\/www.robertzueblin.com\/es\/horst-rave\/arte-concreto-serigrafia-sin-titulo\/#primaryimage","url":"https:\/\/www.robertzueblin.com\/wp-content\/uploads\/horst-rave-serigrafia-edition-galerie-teufel-koblenz.jpg","contentUrl":"https:\/\/www.robertzueblin.com\/wp-content\/uploads\/horst-rave-serigrafia-edition-galerie-teufel-koblenz.jpg","width":978,"height":1332},{"@type":"BreadcrumbList","@id":"https:\/\/www.robertzueblin.com\/es\/horst-rave\/arte-concreto-serigrafia-sin-titulo\/#breadcrumb","itemListElement":[{"@type":"ListItem","position":1,"name":"Startseite","item":"https:\/\/www.robertzueblin.com\/es\/"},{"@type":"ListItem","position":2,"name":"Galer\u00eda de arte online (tienda online)","item":"https:\/\/www.robertzueblin.com\/es\/galeria-de-arte-online\/"},{"@type":"ListItem","position":3,"name":"Horst RAVE (* 1941, \u2020 2009) &#8211; Arte concreto &#8211; Serigraf\u00eda sin t\u00edtulo"}]},{"@type":"WebSite","@id":"https:\/\/www.robertzueblin.com\/es\/#website","url":"https:\/\/www.robertzueblin.com\/es\/","name":"ROBERT Z\u00dcBLIN","description":"","publisher":{"@id":"https:\/\/www.robertzueblin.com\/es\/#organization"},"potentialAction":[{"@type":"SearchAction","target":{"@type":"EntryPoint","urlTemplate":"https:\/\/www.robertzueblin.com\/es\/?s={search_term_string}"},"query-input":{"@type":"PropertyValueSpecification","valueRequired":true,"valueName":"search_term_string"}}],"inLanguage":"es"},{"@type":"Organization","@id":"https:\/\/www.robertzueblin.com\/es\/#organization","name":"ROBERT Z\u00dcBLIN","url":"https:\/\/www.robertzueblin.com\/es\/","logo":{"@type":"ImageObject","inLanguage":"es","@id":"https:\/\/www.robertzueblin.com\/es\/#\/schema\/logo\/image\/","url":"https:\/\/www.robertzueblin.com\/wp-content\/uploads\/cropped-cropped-logo-von-robert-zueblin.jpg","contentUrl":"https:\/\/www.robertzueblin.com\/wp-content\/uploads\/cropped-cropped-logo-von-robert-zueblin.jpg","width":440,"height":60,"caption":"ROBERT Z\u00dcBLIN"},"image":{"@id":"https:\/\/www.robertzueblin.com\/es\/#\/schema\/logo\/image\/"}}]}},"_links":{"self":[{"href":"https:\/\/www.robertzueblin.com\/es\/wp-json\/wp\/v2\/product\/27577","targetHints":{"allow":["GET"]}}],"collection":[{"href":"https:\/\/www.robertzueblin.com\/es\/wp-json\/wp\/v2\/product"}],"about":[{"href":"https:\/\/www.robertzueblin.com\/es\/wp-json\/wp\/v2\/types\/product"}],"wp:featuredmedia":[{"embeddable":true,"href":"https:\/\/www.robertzueblin.com\/es\/wp-json\/wp\/v2\/media\/27578"}],"wp:attachment":[{"href":"https:\/\/www.robertzueblin.com\/es\/wp-json\/wp\/v2\/media?parent=27577"}],"wp:term":[{"taxonomy":"product_brand","embeddable":true,"href":"https:\/\/www.robertzueblin.com\/es\/wp-json\/wp\/v2\/product_brand?post=27577"},{"taxonomy":"product_cat","embeddable":true,"href":"https:\/\/www.robertzueblin.com\/es\/wp-json\/wp\/v2\/product_cat?post=27577"},{"taxonomy":"product_tag","embeddable":true,"href":"https:\/\/www.robertzueblin.com\/es\/wp-json\/wp\/v2\/product_tag?post=27577"}],"curies":[{"name":"wp","href":"https:\/\/api.w.org\/{rel}","templated":true}]}}