{"id":27060,"date":"2022-07-08T12:24:45","date_gmt":"2022-07-08T10:27:34","guid":{"rendered":"https:\/\/www.robertzueblin.com\/?post_type=product&#038;p=27060"},"modified":"2022-12-14T19:15:06","modified_gmt":"2022-12-14T18:15:06","slug":"paul-dresler-1879-%e2%80%a0-1950-jarron-con-hombro-ancho","status":"publish","type":"product","link":"https:\/\/www.robertzueblin.com\/es\/paul-dresler\/jarron-con-hombro-ancho\/","title":{"rendered":"Paul DRESLER (* 1879 &#8211; \u2020 1950) &#8211; Jarr\u00f3n con hombro ancho &#8211; cer\u00e1mica de taller"},"content":{"rendered":"<p><span style=\"font-family: AkkoPro-BoldCondensed!important\">Tipo:<\/span> <a href=\"https:\/\/www.robertzueblin.com\/es\/tipo\/ceramica-artistica-ceramica-artesanal-ceramica-de-taller\/\">cer\u00e1mica de taller<\/a><\/p>\n<p><span style=\"font-family: AkkoPro-BoldCondensed!important\">Dise\u00f1o:<\/span> Paul Dresler (* 1879 &#8211; \u2020 1950)<\/p>\n<p><span style=\"font-family: AkkoPro-BoldCondensed!important\">Ejecuci\u00f3n:<\/span> Alfarer\u00eda Grootenburg<\/p>\n<p><span style=\"font-family: AkkoPro-BoldCondensed!important\">Objeto:<\/span> jarr\u00f3n<\/p>\n<p><span style=\"font-family: AkkoPro-BoldCondensed!important\">Dimensiones:<\/span> altura: 14 cm, anchura: 17 cm<\/p>\n<p><span style=\"font-family: AkkoPro-BoldCondensed!important\">Cuerpo:<\/span> marr\u00f3n<\/p>\n<p><span style=\"font-family: AkkoPro-BoldCondensed!important\">Superficie:<\/span> gris<\/p>\n<p><span style=\"font-family: AkkoPro-BoldCondensed!important\">A\u00f1o de producci\u00f3n:<\/span> a\u00f1os 1920\/1930<\/p>\n<p><span style=\"font-family: AkkoPro-BoldCondensed!important\">Estado:<\/span> sin da\u00f1os<\/p>\n<p><span style=\"font-family: AkkoPro-BoldCondensed!important\">Firma\/marca:<\/span> dos torres sobre olas unidas por un puente.<\/p>\n","protected":false},"excerpt":{"rendered":"<p>Tipo: cer\u00e1mica de taller Dise\u00f1o: Paul Dresler (* 1879 &#8211; \u2020 1950) Ejecuci\u00f3n: Alfarer\u00eda Grootenburg Objeto: jarr\u00f3n Dimensiones: altura: 14 cm, anchura: 17 cm Cuerpo: marr\u00f3n Superficie: gris A\u00f1o de producci\u00f3n: a\u00f1os 1920\/1930 Estado: sin da\u00f1os Firma\/marca: dos torres sobre olas unidas por un puente.<\/p>\n","protected":false},"featured_media":27061,"template":"","meta":[],"product_brand":[],"product_cat":[198],"product_tag":[],"class_list":{"0":"post-27060","1":"product","2":"type-product","3":"status-publish","4":"has-post-thumbnail","6":"product_cat-paul-dresler","8":"first","9":"instock","10":"sold-individually","11":"shipping-taxable","12":"purchasable","13":"product-type-simple"},"yoast_head":"<!-- This site is optimized with the Yoast SEO plugin v27.4 - https:\/\/yoast.com\/product\/yoast-seo-wordpress\/ -->\n<title>Paul DRESLER - Jarr\u00f3n con hombro ancho - cer\u00e1mica de taller<\/title>\n<meta name=\"description\" content=\"Jarr\u00f3n de cer\u00e1mica de taller gris con hombro ancho de los a\u00f1os 1920\/1930 del ceramista Paul Dresler, de la cer\u00e1mica Grootenburg.\" \/>\n<meta name=\"robots\" content=\"index, follow, max-snippet:-1, max-image-preview:large, max-video-preview:-1\" \/>\n<link rel=\"canonical\" href=\"https:\/\/www.robertzueblin.com\/es\/paul-dresler\/jarron-con-hombro-ancho\/\" \/>\n<meta property=\"og:locale\" content=\"es_ES\" \/>\n<meta property=\"og:type\" content=\"article\" \/>\n<meta property=\"og:title\" content=\"Paul DRESLER - Jarr\u00f3n con hombro ancho - cer\u00e1mica de taller\" \/>\n<meta property=\"og:description\" content=\"Jarr\u00f3n de cer\u00e1mica de taller gris con hombro ancho de los a\u00f1os 1920\/1930 del ceramista Paul Dresler, de la cer\u00e1mica Grootenburg.\" \/>\n<meta property=\"og:url\" content=\"https:\/\/www.robertzueblin.com\/es\/paul-dresler\/jarron-con-hombro-ancho\/\" \/>\n<meta property=\"og:site_name\" content=\"ROBERT Z\u00dcBLIN\" \/>\n<meta property=\"article:modified_time\" content=\"2022-12-14T18:15:06+00:00\" \/>\n<meta property=\"og:image\" content=\"https:\/\/www.robertzueblin.com\/wp-content\/uploads\/paul-dresler-ceramica-taller-jarron-hombro-ancho-foto-titulo.jpg\" \/>\n\t<meta property=\"og:image:width\" content=\"1000\" \/>\n\t<meta property=\"og:image:height\" content=\"1000\" \/>\n\t<meta property=\"og:image:type\" content=\"image\/jpeg\" \/>\n<meta name=\"twitter:card\" content=\"summary_large_image\" \/>\n<script type=\"application\/ld+json\" class=\"yoast-schema-graph\">{\"@context\":\"https:\\\/\\\/schema.org\",\"@graph\":[{\"@type\":\"WebPage\",\"@id\":\"https:\\\/\\\/www.robertzueblin.com\\\/es\\\/paul-dresler\\\/jarron-con-hombro-ancho\\\/\",\"url\":\"https:\\\/\\\/www.robertzueblin.com\\\/es\\\/paul-dresler\\\/jarron-con-hombro-ancho\\\/\",\"name\":\"Paul DRESLER - Jarr\u00f3n con hombro ancho - cer\u00e1mica de taller\",\"isPartOf\":{\"@id\":\"https:\\\/\\\/www.robertzueblin.com\\\/es\\\/#website\"},\"primaryImageOfPage\":{\"@id\":\"https:\\\/\\\/www.robertzueblin.com\\\/es\\\/paul-dresler\\\/jarron-con-hombro-ancho\\\/#primaryimage\"},\"image\":{\"@id\":\"https:\\\/\\\/www.robertzueblin.com\\\/es\\\/paul-dresler\\\/jarron-con-hombro-ancho\\\/#primaryimage\"},\"thumbnailUrl\":\"https:\\\/\\\/www.robertzueblin.com\\\/wp-content\\\/uploads\\\/paul-dresler-ceramica-taller-jarron-hombro-ancho-foto-titulo.jpg\",\"datePublished\":\"2022-07-08T10:27:34+00:00\",\"dateModified\":\"2022-12-14T18:15:06+00:00\",\"description\":\"Jarr\u00f3n de cer\u00e1mica de taller gris con hombro ancho de los a\u00f1os 1920\\\/1930 del ceramista Paul Dresler, de la cer\u00e1mica Grootenburg.\",\"breadcrumb\":{\"@id\":\"https:\\\/\\\/www.robertzueblin.com\\\/es\\\/paul-dresler\\\/jarron-con-hombro-ancho\\\/#breadcrumb\"},\"inLanguage\":\"es\",\"potentialAction\":[{\"@type\":\"ReadAction\",\"target\":[\"https:\\\/\\\/www.robertzueblin.com\\\/es\\\/paul-dresler\\\/jarron-con-hombro-ancho\\\/\"]}]},{\"@type\":\"ImageObject\",\"inLanguage\":\"es\",\"@id\":\"https:\\\/\\\/www.robertzueblin.com\\\/es\\\/paul-dresler\\\/jarron-con-hombro-ancho\\\/#primaryimage\",\"url\":\"https:\\\/\\\/www.robertzueblin.com\\\/wp-content\\\/uploads\\\/paul-dresler-ceramica-taller-jarron-hombro-ancho-foto-titulo.jpg\",\"contentUrl\":\"https:\\\/\\\/www.robertzueblin.com\\\/wp-content\\\/uploads\\\/paul-dresler-ceramica-taller-jarron-hombro-ancho-foto-titulo.jpg\",\"width\":1000,\"height\":1000},{\"@type\":\"BreadcrumbList\",\"@id\":\"https:\\\/\\\/www.robertzueblin.com\\\/es\\\/paul-dresler\\\/jarron-con-hombro-ancho\\\/#breadcrumb\",\"itemListElement\":[{\"@type\":\"ListItem\",\"position\":1,\"name\":\"Startseite\",\"item\":\"https:\\\/\\\/www.robertzueblin.com\\\/es\\\/\"},{\"@type\":\"ListItem\",\"position\":2,\"name\":\"Galer\u00eda de arte online (tienda online)\",\"item\":\"https:\\\/\\\/www.robertzueblin.com\\\/es\\\/galeria-de-arte-online\\\/\"},{\"@type\":\"ListItem\",\"position\":3,\"name\":\"Paul DRESLER (* 1879 &#8211; \u2020 1950) &#8211; Jarr\u00f3n con hombro ancho &#8211; cer\u00e1mica de taller\"}]},{\"@type\":\"WebSite\",\"@id\":\"https:\\\/\\\/www.robertzueblin.com\\\/es\\\/#website\",\"url\":\"https:\\\/\\\/www.robertzueblin.com\\\/es\\\/\",\"name\":\"ROBERT Z\u00dcBLIN\",\"description\":\"\",\"publisher\":{\"@id\":\"https:\\\/\\\/www.robertzueblin.com\\\/es\\\/#organization\"},\"potentialAction\":[{\"@type\":\"SearchAction\",\"target\":{\"@type\":\"EntryPoint\",\"urlTemplate\":\"https:\\\/\\\/www.robertzueblin.com\\\/es\\\/?s={search_term_string}\"},\"query-input\":{\"@type\":\"PropertyValueSpecification\",\"valueRequired\":true,\"valueName\":\"search_term_string\"}}],\"inLanguage\":\"es\"},{\"@type\":\"Organization\",\"@id\":\"https:\\\/\\\/www.robertzueblin.com\\\/es\\\/#organization\",\"name\":\"ROBERT Z\u00dcBLIN\",\"url\":\"https:\\\/\\\/www.robertzueblin.com\\\/es\\\/\",\"logo\":{\"@type\":\"ImageObject\",\"inLanguage\":\"es\",\"@id\":\"https:\\\/\\\/www.robertzueblin.com\\\/es\\\/#\\\/schema\\\/logo\\\/image\\\/\",\"url\":\"https:\\\/\\\/www.robertzueblin.com\\\/wp-content\\\/uploads\\\/cropped-cropped-logo-von-robert-zueblin.jpg\",\"contentUrl\":\"https:\\\/\\\/www.robertzueblin.com\\\/wp-content\\\/uploads\\\/cropped-cropped-logo-von-robert-zueblin.jpg\",\"width\":440,\"height\":60,\"caption\":\"ROBERT Z\u00dcBLIN\"},\"image\":{\"@id\":\"https:\\\/\\\/www.robertzueblin.com\\\/es\\\/#\\\/schema\\\/logo\\\/image\\\/\"}}]}<\/script>\n<!-- \/ Yoast SEO plugin. -->","yoast_head_json":{"title":"Paul DRESLER - Jarr\u00f3n con hombro ancho - cer\u00e1mica de taller","description":"Jarr\u00f3n de cer\u00e1mica de taller gris con hombro ancho de los a\u00f1os 1920\/1930 del ceramista Paul Dresler, de la cer\u00e1mica Grootenburg.","robots":{"index":"index","follow":"follow","max-snippet":"max-snippet:-1","max-image-preview":"max-image-preview:large","max-video-preview":"max-video-preview:-1"},"canonical":"https:\/\/www.robertzueblin.com\/es\/paul-dresler\/jarron-con-hombro-ancho\/","og_locale":"es_ES","og_type":"article","og_title":"Paul DRESLER - Jarr\u00f3n con hombro ancho - cer\u00e1mica de taller","og_description":"Jarr\u00f3n de cer\u00e1mica de taller gris con hombro ancho de los a\u00f1os 1920\/1930 del ceramista Paul Dresler, de la cer\u00e1mica Grootenburg.","og_url":"https:\/\/www.robertzueblin.com\/es\/paul-dresler\/jarron-con-hombro-ancho\/","og_site_name":"ROBERT Z\u00dcBLIN","article_modified_time":"2022-12-14T18:15:06+00:00","og_image":[{"width":1000,"height":1000,"url":"https:\/\/www.robertzueblin.com\/wp-content\/uploads\/paul-dresler-ceramica-taller-jarron-hombro-ancho-foto-titulo.jpg","type":"image\/jpeg"}],"twitter_card":"summary_large_image","schema":{"@context":"https:\/\/schema.org","@graph":[{"@type":"WebPage","@id":"https:\/\/www.robertzueblin.com\/es\/paul-dresler\/jarron-con-hombro-ancho\/","url":"https:\/\/www.robertzueblin.com\/es\/paul-dresler\/jarron-con-hombro-ancho\/","name":"Paul DRESLER - Jarr\u00f3n con hombro ancho - cer\u00e1mica de taller","isPartOf":{"@id":"https:\/\/www.robertzueblin.com\/es\/#website"},"primaryImageOfPage":{"@id":"https:\/\/www.robertzueblin.com\/es\/paul-dresler\/jarron-con-hombro-ancho\/#primaryimage"},"image":{"@id":"https:\/\/www.robertzueblin.com\/es\/paul-dresler\/jarron-con-hombro-ancho\/#primaryimage"},"thumbnailUrl":"https:\/\/www.robertzueblin.com\/wp-content\/uploads\/paul-dresler-ceramica-taller-jarron-hombro-ancho-foto-titulo.jpg","datePublished":"2022-07-08T10:27:34+00:00","dateModified":"2022-12-14T18:15:06+00:00","description":"Jarr\u00f3n de cer\u00e1mica de taller gris con hombro ancho de los a\u00f1os 1920\/1930 del ceramista Paul Dresler, de la cer\u00e1mica Grootenburg.","breadcrumb":{"@id":"https:\/\/www.robertzueblin.com\/es\/paul-dresler\/jarron-con-hombro-ancho\/#breadcrumb"},"inLanguage":"es","potentialAction":[{"@type":"ReadAction","target":["https:\/\/www.robertzueblin.com\/es\/paul-dresler\/jarron-con-hombro-ancho\/"]}]},{"@type":"ImageObject","inLanguage":"es","@id":"https:\/\/www.robertzueblin.com\/es\/paul-dresler\/jarron-con-hombro-ancho\/#primaryimage","url":"https:\/\/www.robertzueblin.com\/wp-content\/uploads\/paul-dresler-ceramica-taller-jarron-hombro-ancho-foto-titulo.jpg","contentUrl":"https:\/\/www.robertzueblin.com\/wp-content\/uploads\/paul-dresler-ceramica-taller-jarron-hombro-ancho-foto-titulo.jpg","width":1000,"height":1000},{"@type":"BreadcrumbList","@id":"https:\/\/www.robertzueblin.com\/es\/paul-dresler\/jarron-con-hombro-ancho\/#breadcrumb","itemListElement":[{"@type":"ListItem","position":1,"name":"Startseite","item":"https:\/\/www.robertzueblin.com\/es\/"},{"@type":"ListItem","position":2,"name":"Galer\u00eda de arte online (tienda online)","item":"https:\/\/www.robertzueblin.com\/es\/galeria-de-arte-online\/"},{"@type":"ListItem","position":3,"name":"Paul DRESLER (* 1879 &#8211; \u2020 1950) &#8211; Jarr\u00f3n con hombro ancho &#8211; cer\u00e1mica de taller"}]},{"@type":"WebSite","@id":"https:\/\/www.robertzueblin.com\/es\/#website","url":"https:\/\/www.robertzueblin.com\/es\/","name":"ROBERT Z\u00dcBLIN","description":"","publisher":{"@id":"https:\/\/www.robertzueblin.com\/es\/#organization"},"potentialAction":[{"@type":"SearchAction","target":{"@type":"EntryPoint","urlTemplate":"https:\/\/www.robertzueblin.com\/es\/?s={search_term_string}"},"query-input":{"@type":"PropertyValueSpecification","valueRequired":true,"valueName":"search_term_string"}}],"inLanguage":"es"},{"@type":"Organization","@id":"https:\/\/www.robertzueblin.com\/es\/#organization","name":"ROBERT Z\u00dcBLIN","url":"https:\/\/www.robertzueblin.com\/es\/","logo":{"@type":"ImageObject","inLanguage":"es","@id":"https:\/\/www.robertzueblin.com\/es\/#\/schema\/logo\/image\/","url":"https:\/\/www.robertzueblin.com\/wp-content\/uploads\/cropped-cropped-logo-von-robert-zueblin.jpg","contentUrl":"https:\/\/www.robertzueblin.com\/wp-content\/uploads\/cropped-cropped-logo-von-robert-zueblin.jpg","width":440,"height":60,"caption":"ROBERT Z\u00dcBLIN"},"image":{"@id":"https:\/\/www.robertzueblin.com\/es\/#\/schema\/logo\/image\/"}}]}},"_links":{"self":[{"href":"https:\/\/www.robertzueblin.com\/es\/wp-json\/wp\/v2\/product\/27060","targetHints":{"allow":["GET"]}}],"collection":[{"href":"https:\/\/www.robertzueblin.com\/es\/wp-json\/wp\/v2\/product"}],"about":[{"href":"https:\/\/www.robertzueblin.com\/es\/wp-json\/wp\/v2\/types\/product"}],"wp:featuredmedia":[{"embeddable":true,"href":"https:\/\/www.robertzueblin.com\/es\/wp-json\/wp\/v2\/media\/27061"}],"wp:attachment":[{"href":"https:\/\/www.robertzueblin.com\/es\/wp-json\/wp\/v2\/media?parent=27060"}],"wp:term":[{"taxonomy":"product_brand","embeddable":true,"href":"https:\/\/www.robertzueblin.com\/es\/wp-json\/wp\/v2\/product_brand?post=27060"},{"taxonomy":"product_cat","embeddable":true,"href":"https:\/\/www.robertzueblin.com\/es\/wp-json\/wp\/v2\/product_cat?post=27060"},{"taxonomy":"product_tag","embeddable":true,"href":"https:\/\/www.robertzueblin.com\/es\/wp-json\/wp\/v2\/product_tag?post=27060"}],"curies":[{"name":"wp","href":"https:\/\/api.w.org\/{rel}","templated":true}]}}