{"id":26903,"date":"2022-07-04T10:57:45","date_gmt":"2022-07-04T08:57:45","guid":{"rendered":"https:\/\/www.robertzueblin.com\/?post_type=product&#038;p=26903"},"modified":"2025-12-20T15:47:24","modified_gmt":"2025-12-20T14:47:24","slug":"gerda-koerting-1911-%e2%80%a0-2000-cinco-tazas-de-ceramica","status":"publish","type":"product","link":"https:\/\/www.robertzueblin.com\/es\/gerda-koerting\/cinco-tazas-de-ceramica\/","title":{"rendered":"Gerda K\u00d6RTING (* 1911, \u2020 2000) &#8211; Cinco tazas de cer\u00e1mica &#8211; cer\u00e1mica de taller"},"content":{"rendered":"<p><span style=\"font-family: AkkoPro-BoldCondensed!important\">Tipo:<\/span> <a href=\"https:\/\/www.robertzueblin.com\/es\/tipo\/ceramica-artistica-ceramica-artesanal-ceramica-de-taller\/\">cer\u00e1mica de taller<\/a><\/p>\n<p><span style=\"font-family: AkkoPro-BoldCondensed!important\">Dise\u00f1o:<\/span> Gerda K\u00f6rting (* 1911, \u2020 2000)<\/p>\n<p><span style=\"font-family: AkkoPro-BoldCondensed!important\">Ejecuci\u00f3n:<\/span> Gerda K\u00f6rting<\/p>\n<p><span style=\"font-family: AkkoPro-BoldCondensed!important\">Objeto:<\/span> tazas<\/p>\n<p><span style=\"font-family: AkkoPro-BoldCondensed!important\">Dimensiones:<\/span> altura: 9,1-9,4 cm, anchura: 6,5-6,7 cm<\/p>\n<p><span style=\"font-family: AkkoPro-BoldCondensed!important\">Cuerpo:<\/span> marr\u00f3n <\/p>\n<p><span style=\"font-family: AkkoPro-BoldCondensed!important\">Superficie:<\/span> azul, verde, blanco<\/p>\n<p><span style=\"font-family: AkkoPro-BoldCondensed!important\">Periodo de producci\u00f3n:<\/span> probablemente a\u00f1os 60\/70<\/p>\n<p><span style=\"font-family: AkkoPro-BoldCondensed!important\">Estado:<\/span> sin da\u00f1os <\/p>\n<p><span style=\"font-family: AkkoPro-BoldCondensed!important\">Firma\/marca:<\/span> Hombrecillo encima de GK<\/p>\n","protected":false},"excerpt":{"rendered":"<p>Tipo: cer\u00e1mica de taller Dise\u00f1o: Gerda K\u00f6rting (* 1911, \u2020 2000) Ejecuci\u00f3n: Gerda K\u00f6rting Objeto: tazas Dimensiones: altura: 9,1-9,4 cm, anchura: 6,5-6,7 cm Cuerpo: marr\u00f3n Superficie: azul, verde, blanco Periodo de producci\u00f3n: probablemente a\u00f1os 60\/70 Estado: sin da\u00f1os Firma\/marca: Hombrecillo encima de GK<\/p>\n","protected":false},"featured_media":26906,"template":"","meta":[],"product_brand":[],"product_cat":[179],"product_tag":[],"class_list":{"0":"post-26903","1":"product","2":"type-product","3":"status-publish","4":"has-post-thumbnail","6":"product_cat-gerda-koerting","8":"first","9":"instock","10":"sold-individually","11":"shipping-taxable","12":"purchasable","13":"product-type-simple"},"yoast_head":"<!-- This site is optimized with the Yoast SEO plugin v27.4 - https:\/\/yoast.com\/product\/yoast-seo-wordpress\/ -->\n<title>Gerda K\u00d6RTING - Cinco tazas de cer\u00e1mica - cer\u00e1mica de taller<\/title>\n<meta name=\"description\" content=\"Cinco tazas de cer\u00e1mica de taller en azul, verde y blanco de los a\u00f1os 1960\/1970, de la ceramista de la RDA Gerda K\u00f6rting ; grupo de artistas de Saalfeld.\" \/>\n<meta name=\"robots\" content=\"index, follow, max-snippet:-1, max-image-preview:large, max-video-preview:-1\" \/>\n<link rel=\"canonical\" href=\"https:\/\/www.robertzueblin.com\/es\/gerda-koerting\/cinco-tazas-de-ceramica\/\" \/>\n<meta property=\"og:locale\" content=\"es_ES\" \/>\n<meta property=\"og:type\" content=\"article\" \/>\n<meta property=\"og:title\" content=\"Gerda K\u00d6RTING - Cinco tazas de cer\u00e1mica - cer\u00e1mica de taller\" \/>\n<meta property=\"og:description\" content=\"Cinco tazas de cer\u00e1mica de taller en azul, verde y blanco de los a\u00f1os 1960\/1970, de la ceramista de la RDA Gerda K\u00f6rting ; grupo de artistas de Saalfeld.\" \/>\n<meta property=\"og:url\" content=\"https:\/\/www.robertzueblin.com\/es\/gerda-koerting\/cinco-tazas-de-ceramica\/\" \/>\n<meta property=\"og:site_name\" content=\"ROBERT Z\u00dcBLIN\" \/>\n<meta property=\"article:modified_time\" content=\"2025-12-20T14:47:24+00:00\" \/>\n<meta property=\"og:image\" content=\"https:\/\/www.robertzueblin.com\/wp-content\/uploads\/gerda-koerting-ceramica-taller-cinco-tazas-foto-titulo.jpg\" \/>\n\t<meta property=\"og:image:width\" content=\"1000\" \/>\n\t<meta property=\"og:image:height\" content=\"1000\" \/>\n\t<meta property=\"og:image:type\" content=\"image\/jpeg\" \/>\n<meta name=\"twitter:card\" content=\"summary_large_image\" \/>\n<script type=\"application\/ld+json\" class=\"yoast-schema-graph\">{\"@context\":\"https:\\\/\\\/schema.org\",\"@graph\":[{\"@type\":\"WebPage\",\"@id\":\"https:\\\/\\\/www.robertzueblin.com\\\/es\\\/gerda-koerting\\\/cinco-tazas-de-ceramica\\\/\",\"url\":\"https:\\\/\\\/www.robertzueblin.com\\\/es\\\/gerda-koerting\\\/cinco-tazas-de-ceramica\\\/\",\"name\":\"Gerda K\u00d6RTING - Cinco tazas de cer\u00e1mica - cer\u00e1mica de taller\",\"isPartOf\":{\"@id\":\"https:\\\/\\\/www.robertzueblin.com\\\/es\\\/#website\"},\"primaryImageOfPage\":{\"@id\":\"https:\\\/\\\/www.robertzueblin.com\\\/es\\\/gerda-koerting\\\/cinco-tazas-de-ceramica\\\/#primaryimage\"},\"image\":{\"@id\":\"https:\\\/\\\/www.robertzueblin.com\\\/es\\\/gerda-koerting\\\/cinco-tazas-de-ceramica\\\/#primaryimage\"},\"thumbnailUrl\":\"https:\\\/\\\/www.robertzueblin.com\\\/wp-content\\\/uploads\\\/gerda-koerting-ceramica-taller-cinco-tazas-foto-titulo.jpg\",\"datePublished\":\"2022-07-04T08:57:45+00:00\",\"dateModified\":\"2025-12-20T14:47:24+00:00\",\"description\":\"Cinco tazas de cer\u00e1mica de taller en azul, verde y blanco de los a\u00f1os 1960\\\/1970, de la ceramista de la RDA Gerda K\u00f6rting ; grupo de artistas de Saalfeld.\",\"breadcrumb\":{\"@id\":\"https:\\\/\\\/www.robertzueblin.com\\\/es\\\/gerda-koerting\\\/cinco-tazas-de-ceramica\\\/#breadcrumb\"},\"inLanguage\":\"es\",\"potentialAction\":[{\"@type\":\"ReadAction\",\"target\":[\"https:\\\/\\\/www.robertzueblin.com\\\/es\\\/gerda-koerting\\\/cinco-tazas-de-ceramica\\\/\"]}]},{\"@type\":\"ImageObject\",\"inLanguage\":\"es\",\"@id\":\"https:\\\/\\\/www.robertzueblin.com\\\/es\\\/gerda-koerting\\\/cinco-tazas-de-ceramica\\\/#primaryimage\",\"url\":\"https:\\\/\\\/www.robertzueblin.com\\\/wp-content\\\/uploads\\\/gerda-koerting-ceramica-taller-cinco-tazas-foto-titulo.jpg\",\"contentUrl\":\"https:\\\/\\\/www.robertzueblin.com\\\/wp-content\\\/uploads\\\/gerda-koerting-ceramica-taller-cinco-tazas-foto-titulo.jpg\",\"width\":1000,\"height\":1000},{\"@type\":\"BreadcrumbList\",\"@id\":\"https:\\\/\\\/www.robertzueblin.com\\\/es\\\/gerda-koerting\\\/cinco-tazas-de-ceramica\\\/#breadcrumb\",\"itemListElement\":[{\"@type\":\"ListItem\",\"position\":1,\"name\":\"Startseite\",\"item\":\"https:\\\/\\\/www.robertzueblin.com\\\/es\\\/\"},{\"@type\":\"ListItem\",\"position\":2,\"name\":\"Galer\u00eda de arte online (tienda online)\",\"item\":\"https:\\\/\\\/www.robertzueblin.com\\\/es\\\/galeria-de-arte-online\\\/\"},{\"@type\":\"ListItem\",\"position\":3,\"name\":\"Gerda K\u00d6RTING (* 1911, \u2020 2000) &#8211; Cinco tazas de cer\u00e1mica &#8211; cer\u00e1mica de taller\"}]},{\"@type\":\"WebSite\",\"@id\":\"https:\\\/\\\/www.robertzueblin.com\\\/es\\\/#website\",\"url\":\"https:\\\/\\\/www.robertzueblin.com\\\/es\\\/\",\"name\":\"ROBERT Z\u00dcBLIN\",\"description\":\"\",\"publisher\":{\"@id\":\"https:\\\/\\\/www.robertzueblin.com\\\/es\\\/#organization\"},\"potentialAction\":[{\"@type\":\"SearchAction\",\"target\":{\"@type\":\"EntryPoint\",\"urlTemplate\":\"https:\\\/\\\/www.robertzueblin.com\\\/es\\\/?s={search_term_string}\"},\"query-input\":{\"@type\":\"PropertyValueSpecification\",\"valueRequired\":true,\"valueName\":\"search_term_string\"}}],\"inLanguage\":\"es\"},{\"@type\":\"Organization\",\"@id\":\"https:\\\/\\\/www.robertzueblin.com\\\/es\\\/#organization\",\"name\":\"ROBERT Z\u00dcBLIN\",\"url\":\"https:\\\/\\\/www.robertzueblin.com\\\/es\\\/\",\"logo\":{\"@type\":\"ImageObject\",\"inLanguage\":\"es\",\"@id\":\"https:\\\/\\\/www.robertzueblin.com\\\/es\\\/#\\\/schema\\\/logo\\\/image\\\/\",\"url\":\"https:\\\/\\\/www.robertzueblin.com\\\/wp-content\\\/uploads\\\/cropped-cropped-logo-von-robert-zueblin.jpg\",\"contentUrl\":\"https:\\\/\\\/www.robertzueblin.com\\\/wp-content\\\/uploads\\\/cropped-cropped-logo-von-robert-zueblin.jpg\",\"width\":440,\"height\":60,\"caption\":\"ROBERT Z\u00dcBLIN\"},\"image\":{\"@id\":\"https:\\\/\\\/www.robertzueblin.com\\\/es\\\/#\\\/schema\\\/logo\\\/image\\\/\"}}]}<\/script>\n<!-- \/ Yoast SEO plugin. -->","yoast_head_json":{"title":"Gerda K\u00d6RTING - Cinco tazas de cer\u00e1mica - cer\u00e1mica de taller","description":"Cinco tazas de cer\u00e1mica de taller en azul, verde y blanco de los a\u00f1os 1960\/1970, de la ceramista de la RDA Gerda K\u00f6rting ; grupo de artistas de Saalfeld.","robots":{"index":"index","follow":"follow","max-snippet":"max-snippet:-1","max-image-preview":"max-image-preview:large","max-video-preview":"max-video-preview:-1"},"canonical":"https:\/\/www.robertzueblin.com\/es\/gerda-koerting\/cinco-tazas-de-ceramica\/","og_locale":"es_ES","og_type":"article","og_title":"Gerda K\u00d6RTING - Cinco tazas de cer\u00e1mica - cer\u00e1mica de taller","og_description":"Cinco tazas de cer\u00e1mica de taller en azul, verde y blanco de los a\u00f1os 1960\/1970, de la ceramista de la RDA Gerda K\u00f6rting ; grupo de artistas de Saalfeld.","og_url":"https:\/\/www.robertzueblin.com\/es\/gerda-koerting\/cinco-tazas-de-ceramica\/","og_site_name":"ROBERT Z\u00dcBLIN","article_modified_time":"2025-12-20T14:47:24+00:00","og_image":[{"width":1000,"height":1000,"url":"https:\/\/www.robertzueblin.com\/wp-content\/uploads\/gerda-koerting-ceramica-taller-cinco-tazas-foto-titulo.jpg","type":"image\/jpeg"}],"twitter_card":"summary_large_image","schema":{"@context":"https:\/\/schema.org","@graph":[{"@type":"WebPage","@id":"https:\/\/www.robertzueblin.com\/es\/gerda-koerting\/cinco-tazas-de-ceramica\/","url":"https:\/\/www.robertzueblin.com\/es\/gerda-koerting\/cinco-tazas-de-ceramica\/","name":"Gerda K\u00d6RTING - Cinco tazas de cer\u00e1mica - cer\u00e1mica de taller","isPartOf":{"@id":"https:\/\/www.robertzueblin.com\/es\/#website"},"primaryImageOfPage":{"@id":"https:\/\/www.robertzueblin.com\/es\/gerda-koerting\/cinco-tazas-de-ceramica\/#primaryimage"},"image":{"@id":"https:\/\/www.robertzueblin.com\/es\/gerda-koerting\/cinco-tazas-de-ceramica\/#primaryimage"},"thumbnailUrl":"https:\/\/www.robertzueblin.com\/wp-content\/uploads\/gerda-koerting-ceramica-taller-cinco-tazas-foto-titulo.jpg","datePublished":"2022-07-04T08:57:45+00:00","dateModified":"2025-12-20T14:47:24+00:00","description":"Cinco tazas de cer\u00e1mica de taller en azul, verde y blanco de los a\u00f1os 1960\/1970, de la ceramista de la RDA Gerda K\u00f6rting ; grupo de artistas de Saalfeld.","breadcrumb":{"@id":"https:\/\/www.robertzueblin.com\/es\/gerda-koerting\/cinco-tazas-de-ceramica\/#breadcrumb"},"inLanguage":"es","potentialAction":[{"@type":"ReadAction","target":["https:\/\/www.robertzueblin.com\/es\/gerda-koerting\/cinco-tazas-de-ceramica\/"]}]},{"@type":"ImageObject","inLanguage":"es","@id":"https:\/\/www.robertzueblin.com\/es\/gerda-koerting\/cinco-tazas-de-ceramica\/#primaryimage","url":"https:\/\/www.robertzueblin.com\/wp-content\/uploads\/gerda-koerting-ceramica-taller-cinco-tazas-foto-titulo.jpg","contentUrl":"https:\/\/www.robertzueblin.com\/wp-content\/uploads\/gerda-koerting-ceramica-taller-cinco-tazas-foto-titulo.jpg","width":1000,"height":1000},{"@type":"BreadcrumbList","@id":"https:\/\/www.robertzueblin.com\/es\/gerda-koerting\/cinco-tazas-de-ceramica\/#breadcrumb","itemListElement":[{"@type":"ListItem","position":1,"name":"Startseite","item":"https:\/\/www.robertzueblin.com\/es\/"},{"@type":"ListItem","position":2,"name":"Galer\u00eda de arte online (tienda online)","item":"https:\/\/www.robertzueblin.com\/es\/galeria-de-arte-online\/"},{"@type":"ListItem","position":3,"name":"Gerda K\u00d6RTING (* 1911, \u2020 2000) &#8211; Cinco tazas de cer\u00e1mica &#8211; cer\u00e1mica de taller"}]},{"@type":"WebSite","@id":"https:\/\/www.robertzueblin.com\/es\/#website","url":"https:\/\/www.robertzueblin.com\/es\/","name":"ROBERT Z\u00dcBLIN","description":"","publisher":{"@id":"https:\/\/www.robertzueblin.com\/es\/#organization"},"potentialAction":[{"@type":"SearchAction","target":{"@type":"EntryPoint","urlTemplate":"https:\/\/www.robertzueblin.com\/es\/?s={search_term_string}"},"query-input":{"@type":"PropertyValueSpecification","valueRequired":true,"valueName":"search_term_string"}}],"inLanguage":"es"},{"@type":"Organization","@id":"https:\/\/www.robertzueblin.com\/es\/#organization","name":"ROBERT Z\u00dcBLIN","url":"https:\/\/www.robertzueblin.com\/es\/","logo":{"@type":"ImageObject","inLanguage":"es","@id":"https:\/\/www.robertzueblin.com\/es\/#\/schema\/logo\/image\/","url":"https:\/\/www.robertzueblin.com\/wp-content\/uploads\/cropped-cropped-logo-von-robert-zueblin.jpg","contentUrl":"https:\/\/www.robertzueblin.com\/wp-content\/uploads\/cropped-cropped-logo-von-robert-zueblin.jpg","width":440,"height":60,"caption":"ROBERT Z\u00dcBLIN"},"image":{"@id":"https:\/\/www.robertzueblin.com\/es\/#\/schema\/logo\/image\/"}}]}},"_links":{"self":[{"href":"https:\/\/www.robertzueblin.com\/es\/wp-json\/wp\/v2\/product\/26903","targetHints":{"allow":["GET"]}}],"collection":[{"href":"https:\/\/www.robertzueblin.com\/es\/wp-json\/wp\/v2\/product"}],"about":[{"href":"https:\/\/www.robertzueblin.com\/es\/wp-json\/wp\/v2\/types\/product"}],"wp:featuredmedia":[{"embeddable":true,"href":"https:\/\/www.robertzueblin.com\/es\/wp-json\/wp\/v2\/media\/26906"}],"wp:attachment":[{"href":"https:\/\/www.robertzueblin.com\/es\/wp-json\/wp\/v2\/media?parent=26903"}],"wp:term":[{"taxonomy":"product_brand","embeddable":true,"href":"https:\/\/www.robertzueblin.com\/es\/wp-json\/wp\/v2\/product_brand?post=26903"},{"taxonomy":"product_cat","embeddable":true,"href":"https:\/\/www.robertzueblin.com\/es\/wp-json\/wp\/v2\/product_cat?post=26903"},{"taxonomy":"product_tag","embeddable":true,"href":"https:\/\/www.robertzueblin.com\/es\/wp-json\/wp\/v2\/product_tag?post=26903"}],"curies":[{"name":"wp","href":"https:\/\/api.w.org\/{rel}","templated":true}]}}