{"id":24969,"date":"2022-04-22T10:40:48","date_gmt":"2022-04-22T16:05:52","guid":{"rendered":"https:\/\/www.robertzueblin.com\/?post_type=product&#038;p=24969"},"modified":"2025-01-05T11:57:52","modified_gmt":"2025-01-05T10:57:52","slug":"erhard-goschala-1928-%e2%80%a0-2003-par-de-jarrones-de-ceramica","status":"publish","type":"product","link":"https:\/\/www.robertzueblin.com\/es\/erhard-goschala\/par-de-jarrones-de-ceramica\/","title":{"rendered":"Erhard GOSCHALA (* 1928, \u2020 2003) &#8211; Par de jarrones de cer\u00e1mica &#8211; cer\u00e1mica de taller"},"content":{"rendered":"<p><span style=\"font-family: AkkoPro-BoldCondensed!important\">Tipo:<\/span> <a href=\"https:\/\/www.robertzueblin.com\/es\/tipo\/ceramica-artistica-ceramica-artesanal-ceramica-de-taller\/\">cer\u00e1mica de taller<\/a><\/p>\n<p><span style=\"font-family: AkkoPro-BoldCondensed!important\">Dise\u00f1o:<\/span> Erhard Goschala (* 1928, \u2020 2003)<\/p>\n<p><span style=\"font-family: AkkoPro-BoldCondensed!important\">Ejecuci\u00f3n:<\/span> Taller Erhard Goschala, Meuselwitz<\/p>\n<p><span style=\"font-family: AkkoPro-BoldCondensed!important\">Objeto:<\/span> jarrones<\/p>\n<p><span style=\"font-family: AkkoPro-BoldCondensed!important\">Dimensiones:<\/span> verde: altura: 12 cm, anchura: 9,5 cm; rosa: altura: 12,1 cm, anchura: 9,5 cm<\/p>\n<p><span style=\"font-family: AkkoPro-BoldCondensed!important\">Cuerpo:<\/span> marr\u00f3n oscuro<\/p>\n<p><span style=\"font-family: AkkoPro-BoldCondensed!important\">Superficie:<\/span> verde y rosa<\/p>\n<p><span style=\"font-family: AkkoPro-BoldCondensed!important\">Per\u00edodo de producci\u00f3n:<\/span> probablemente los a\u00f1os 50\/60<\/p>\n<p><span style=\"font-family: AkkoPro-BoldCondensed!important\">Estado:<\/span> el jarr\u00f3n rosa tiene un peque\u00f1o golpe en el pie<\/p>\n<p><span style=\"font-family: AkkoPro-BoldCondensed!important\">Firma\/marca:<\/span> EG Meuselwitz en un c\u00edrculo<\/p>\n","protected":false},"excerpt":{"rendered":"<p>Tipo: cer\u00e1mica de taller Dise\u00f1o: Erhard Goschala (* 1928, \u2020 2003) Ejecuci\u00f3n: Taller Erhard Goschala, Meuselwitz Objeto: jarrones Dimensiones: verde: altura: 12 cm, anchura: 9,5 cm; rosa: altura: 12,1 cm, anchura: 9,5 cm Cuerpo: marr\u00f3n oscuro Superficie: verde y rosa Per\u00edodo de producci\u00f3n: probablemente los a\u00f1os 50\/60 Estado: el jarr\u00f3n rosa tiene un peque\u00f1o golpe [&hellip;]<\/p>\n","protected":false},"featured_media":24970,"template":"","meta":[],"product_brand":[],"product_cat":[345],"product_tag":[],"class_list":{"0":"post-24969","1":"product","2":"type-product","3":"status-publish","4":"has-post-thumbnail","6":"product_cat-erhard-goschala","8":"first","9":"instock","10":"sold-individually","11":"shipping-taxable","12":"purchasable","13":"product-type-simple"},"yoast_head":"<!-- This site is optimized with the Yoast SEO plugin v27.4 - https:\/\/yoast.com\/product\/yoast-seo-wordpress\/ -->\n<title>Erhard GOSCHALA - Par de jarrones - cer\u00e1mica de taller<\/title>\n<meta name=\"description\" content=\"Par de jarrones de cer\u00e1mica de taller en verde y rosa, probablemente de los a\u00f1os 1950\/1960 de Erhard Goschala con taller en Meuselwitz (cer\u00e1mica de la RDA).\" \/>\n<meta name=\"robots\" content=\"index, follow, max-snippet:-1, max-image-preview:large, max-video-preview:-1\" \/>\n<link rel=\"canonical\" href=\"https:\/\/www.robertzueblin.com\/es\/erhard-goschala\/par-de-jarrones-de-ceramica\/\" \/>\n<meta property=\"og:locale\" content=\"es_ES\" \/>\n<meta property=\"og:type\" content=\"article\" \/>\n<meta property=\"og:title\" content=\"Erhard GOSCHALA - Par de jarrones - cer\u00e1mica de taller\" \/>\n<meta property=\"og:description\" content=\"Par de jarrones de cer\u00e1mica de taller en verde y rosa, probablemente de los a\u00f1os 1950\/1960 de Erhard Goschala con taller en Meuselwitz (cer\u00e1mica de la RDA).\" \/>\n<meta property=\"og:url\" content=\"https:\/\/www.robertzueblin.com\/es\/erhard-goschala\/par-de-jarrones-de-ceramica\/\" \/>\n<meta property=\"og:site_name\" content=\"ROBERT Z\u00dcBLIN\" \/>\n<meta property=\"article:modified_time\" content=\"2025-01-05T10:57:52+00:00\" \/>\n<meta property=\"og:image\" content=\"https:\/\/www.robertzueblin.com\/wp-content\/uploads\/erhard-goschala-ceramica-taller-par-jarrones-foto-titulo.jpg\" \/>\n\t<meta property=\"og:image:width\" content=\"1000\" \/>\n\t<meta property=\"og:image:height\" content=\"1000\" \/>\n\t<meta property=\"og:image:type\" content=\"image\/jpeg\" \/>\n<meta name=\"twitter:card\" content=\"summary_large_image\" \/>\n<script type=\"application\/ld+json\" class=\"yoast-schema-graph\">{\"@context\":\"https:\\\/\\\/schema.org\",\"@graph\":[{\"@type\":\"WebPage\",\"@id\":\"https:\\\/\\\/www.robertzueblin.com\\\/es\\\/erhard-goschala\\\/par-de-jarrones-de-ceramica\\\/\",\"url\":\"https:\\\/\\\/www.robertzueblin.com\\\/es\\\/erhard-goschala\\\/par-de-jarrones-de-ceramica\\\/\",\"name\":\"Erhard GOSCHALA - Par de jarrones - cer\u00e1mica de taller\",\"isPartOf\":{\"@id\":\"https:\\\/\\\/www.robertzueblin.com\\\/es\\\/#website\"},\"primaryImageOfPage\":{\"@id\":\"https:\\\/\\\/www.robertzueblin.com\\\/es\\\/erhard-goschala\\\/par-de-jarrones-de-ceramica\\\/#primaryimage\"},\"image\":{\"@id\":\"https:\\\/\\\/www.robertzueblin.com\\\/es\\\/erhard-goschala\\\/par-de-jarrones-de-ceramica\\\/#primaryimage\"},\"thumbnailUrl\":\"https:\\\/\\\/www.robertzueblin.com\\\/wp-content\\\/uploads\\\/erhard-goschala-ceramica-taller-par-jarrones-foto-titulo.jpg\",\"datePublished\":\"2022-04-22T16:05:52+00:00\",\"dateModified\":\"2025-01-05T10:57:52+00:00\",\"description\":\"Par de jarrones de cer\u00e1mica de taller en verde y rosa, probablemente de los a\u00f1os 1950\\\/1960 de Erhard Goschala con taller en Meuselwitz (cer\u00e1mica de la RDA).\",\"breadcrumb\":{\"@id\":\"https:\\\/\\\/www.robertzueblin.com\\\/es\\\/erhard-goschala\\\/par-de-jarrones-de-ceramica\\\/#breadcrumb\"},\"inLanguage\":\"es\",\"potentialAction\":[{\"@type\":\"ReadAction\",\"target\":[\"https:\\\/\\\/www.robertzueblin.com\\\/es\\\/erhard-goschala\\\/par-de-jarrones-de-ceramica\\\/\"]}]},{\"@type\":\"ImageObject\",\"inLanguage\":\"es\",\"@id\":\"https:\\\/\\\/www.robertzueblin.com\\\/es\\\/erhard-goschala\\\/par-de-jarrones-de-ceramica\\\/#primaryimage\",\"url\":\"https:\\\/\\\/www.robertzueblin.com\\\/wp-content\\\/uploads\\\/erhard-goschala-ceramica-taller-par-jarrones-foto-titulo.jpg\",\"contentUrl\":\"https:\\\/\\\/www.robertzueblin.com\\\/wp-content\\\/uploads\\\/erhard-goschala-ceramica-taller-par-jarrones-foto-titulo.jpg\",\"width\":1000,\"height\":1000},{\"@type\":\"BreadcrumbList\",\"@id\":\"https:\\\/\\\/www.robertzueblin.com\\\/es\\\/erhard-goschala\\\/par-de-jarrones-de-ceramica\\\/#breadcrumb\",\"itemListElement\":[{\"@type\":\"ListItem\",\"position\":1,\"name\":\"Startseite\",\"item\":\"https:\\\/\\\/www.robertzueblin.com\\\/es\\\/\"},{\"@type\":\"ListItem\",\"position\":2,\"name\":\"Galer\u00eda de arte online (tienda online)\",\"item\":\"https:\\\/\\\/www.robertzueblin.com\\\/es\\\/galeria-de-arte-online\\\/\"},{\"@type\":\"ListItem\",\"position\":3,\"name\":\"Erhard GOSCHALA (* 1928, \u2020 2003) &#8211; Par de jarrones de cer\u00e1mica &#8211; cer\u00e1mica de taller\"}]},{\"@type\":\"WebSite\",\"@id\":\"https:\\\/\\\/www.robertzueblin.com\\\/es\\\/#website\",\"url\":\"https:\\\/\\\/www.robertzueblin.com\\\/es\\\/\",\"name\":\"ROBERT Z\u00dcBLIN\",\"description\":\"\",\"publisher\":{\"@id\":\"https:\\\/\\\/www.robertzueblin.com\\\/es\\\/#organization\"},\"potentialAction\":[{\"@type\":\"SearchAction\",\"target\":{\"@type\":\"EntryPoint\",\"urlTemplate\":\"https:\\\/\\\/www.robertzueblin.com\\\/es\\\/?s={search_term_string}\"},\"query-input\":{\"@type\":\"PropertyValueSpecification\",\"valueRequired\":true,\"valueName\":\"search_term_string\"}}],\"inLanguage\":\"es\"},{\"@type\":\"Organization\",\"@id\":\"https:\\\/\\\/www.robertzueblin.com\\\/es\\\/#organization\",\"name\":\"ROBERT Z\u00dcBLIN\",\"url\":\"https:\\\/\\\/www.robertzueblin.com\\\/es\\\/\",\"logo\":{\"@type\":\"ImageObject\",\"inLanguage\":\"es\",\"@id\":\"https:\\\/\\\/www.robertzueblin.com\\\/es\\\/#\\\/schema\\\/logo\\\/image\\\/\",\"url\":\"https:\\\/\\\/www.robertzueblin.com\\\/wp-content\\\/uploads\\\/cropped-cropped-logo-von-robert-zueblin.jpg\",\"contentUrl\":\"https:\\\/\\\/www.robertzueblin.com\\\/wp-content\\\/uploads\\\/cropped-cropped-logo-von-robert-zueblin.jpg\",\"width\":440,\"height\":60,\"caption\":\"ROBERT Z\u00dcBLIN\"},\"image\":{\"@id\":\"https:\\\/\\\/www.robertzueblin.com\\\/es\\\/#\\\/schema\\\/logo\\\/image\\\/\"}}]}<\/script>\n<!-- \/ Yoast SEO plugin. -->","yoast_head_json":{"title":"Erhard GOSCHALA - Par de jarrones - cer\u00e1mica de taller","description":"Par de jarrones de cer\u00e1mica de taller en verde y rosa, probablemente de los a\u00f1os 1950\/1960 de Erhard Goschala con taller en Meuselwitz (cer\u00e1mica de la RDA).","robots":{"index":"index","follow":"follow","max-snippet":"max-snippet:-1","max-image-preview":"max-image-preview:large","max-video-preview":"max-video-preview:-1"},"canonical":"https:\/\/www.robertzueblin.com\/es\/erhard-goschala\/par-de-jarrones-de-ceramica\/","og_locale":"es_ES","og_type":"article","og_title":"Erhard GOSCHALA - Par de jarrones - cer\u00e1mica de taller","og_description":"Par de jarrones de cer\u00e1mica de taller en verde y rosa, probablemente de los a\u00f1os 1950\/1960 de Erhard Goschala con taller en Meuselwitz (cer\u00e1mica de la RDA).","og_url":"https:\/\/www.robertzueblin.com\/es\/erhard-goschala\/par-de-jarrones-de-ceramica\/","og_site_name":"ROBERT Z\u00dcBLIN","article_modified_time":"2025-01-05T10:57:52+00:00","og_image":[{"width":1000,"height":1000,"url":"https:\/\/www.robertzueblin.com\/wp-content\/uploads\/erhard-goschala-ceramica-taller-par-jarrones-foto-titulo.jpg","type":"image\/jpeg"}],"twitter_card":"summary_large_image","schema":{"@context":"https:\/\/schema.org","@graph":[{"@type":"WebPage","@id":"https:\/\/www.robertzueblin.com\/es\/erhard-goschala\/par-de-jarrones-de-ceramica\/","url":"https:\/\/www.robertzueblin.com\/es\/erhard-goschala\/par-de-jarrones-de-ceramica\/","name":"Erhard GOSCHALA - Par de jarrones - cer\u00e1mica de taller","isPartOf":{"@id":"https:\/\/www.robertzueblin.com\/es\/#website"},"primaryImageOfPage":{"@id":"https:\/\/www.robertzueblin.com\/es\/erhard-goschala\/par-de-jarrones-de-ceramica\/#primaryimage"},"image":{"@id":"https:\/\/www.robertzueblin.com\/es\/erhard-goschala\/par-de-jarrones-de-ceramica\/#primaryimage"},"thumbnailUrl":"https:\/\/www.robertzueblin.com\/wp-content\/uploads\/erhard-goschala-ceramica-taller-par-jarrones-foto-titulo.jpg","datePublished":"2022-04-22T16:05:52+00:00","dateModified":"2025-01-05T10:57:52+00:00","description":"Par de jarrones de cer\u00e1mica de taller en verde y rosa, probablemente de los a\u00f1os 1950\/1960 de Erhard Goschala con taller en Meuselwitz (cer\u00e1mica de la RDA).","breadcrumb":{"@id":"https:\/\/www.robertzueblin.com\/es\/erhard-goschala\/par-de-jarrones-de-ceramica\/#breadcrumb"},"inLanguage":"es","potentialAction":[{"@type":"ReadAction","target":["https:\/\/www.robertzueblin.com\/es\/erhard-goschala\/par-de-jarrones-de-ceramica\/"]}]},{"@type":"ImageObject","inLanguage":"es","@id":"https:\/\/www.robertzueblin.com\/es\/erhard-goschala\/par-de-jarrones-de-ceramica\/#primaryimage","url":"https:\/\/www.robertzueblin.com\/wp-content\/uploads\/erhard-goschala-ceramica-taller-par-jarrones-foto-titulo.jpg","contentUrl":"https:\/\/www.robertzueblin.com\/wp-content\/uploads\/erhard-goschala-ceramica-taller-par-jarrones-foto-titulo.jpg","width":1000,"height":1000},{"@type":"BreadcrumbList","@id":"https:\/\/www.robertzueblin.com\/es\/erhard-goschala\/par-de-jarrones-de-ceramica\/#breadcrumb","itemListElement":[{"@type":"ListItem","position":1,"name":"Startseite","item":"https:\/\/www.robertzueblin.com\/es\/"},{"@type":"ListItem","position":2,"name":"Galer\u00eda de arte online (tienda online)","item":"https:\/\/www.robertzueblin.com\/es\/galeria-de-arte-online\/"},{"@type":"ListItem","position":3,"name":"Erhard GOSCHALA (* 1928, \u2020 2003) &#8211; Par de jarrones de cer\u00e1mica &#8211; cer\u00e1mica de taller"}]},{"@type":"WebSite","@id":"https:\/\/www.robertzueblin.com\/es\/#website","url":"https:\/\/www.robertzueblin.com\/es\/","name":"ROBERT Z\u00dcBLIN","description":"","publisher":{"@id":"https:\/\/www.robertzueblin.com\/es\/#organization"},"potentialAction":[{"@type":"SearchAction","target":{"@type":"EntryPoint","urlTemplate":"https:\/\/www.robertzueblin.com\/es\/?s={search_term_string}"},"query-input":{"@type":"PropertyValueSpecification","valueRequired":true,"valueName":"search_term_string"}}],"inLanguage":"es"},{"@type":"Organization","@id":"https:\/\/www.robertzueblin.com\/es\/#organization","name":"ROBERT Z\u00dcBLIN","url":"https:\/\/www.robertzueblin.com\/es\/","logo":{"@type":"ImageObject","inLanguage":"es","@id":"https:\/\/www.robertzueblin.com\/es\/#\/schema\/logo\/image\/","url":"https:\/\/www.robertzueblin.com\/wp-content\/uploads\/cropped-cropped-logo-von-robert-zueblin.jpg","contentUrl":"https:\/\/www.robertzueblin.com\/wp-content\/uploads\/cropped-cropped-logo-von-robert-zueblin.jpg","width":440,"height":60,"caption":"ROBERT Z\u00dcBLIN"},"image":{"@id":"https:\/\/www.robertzueblin.com\/es\/#\/schema\/logo\/image\/"}}]}},"_links":{"self":[{"href":"https:\/\/www.robertzueblin.com\/es\/wp-json\/wp\/v2\/product\/24969","targetHints":{"allow":["GET"]}}],"collection":[{"href":"https:\/\/www.robertzueblin.com\/es\/wp-json\/wp\/v2\/product"}],"about":[{"href":"https:\/\/www.robertzueblin.com\/es\/wp-json\/wp\/v2\/types\/product"}],"wp:featuredmedia":[{"embeddable":true,"href":"https:\/\/www.robertzueblin.com\/es\/wp-json\/wp\/v2\/media\/24970"}],"wp:attachment":[{"href":"https:\/\/www.robertzueblin.com\/es\/wp-json\/wp\/v2\/media?parent=24969"}],"wp:term":[{"taxonomy":"product_brand","embeddable":true,"href":"https:\/\/www.robertzueblin.com\/es\/wp-json\/wp\/v2\/product_brand?post=24969"},{"taxonomy":"product_cat","embeddable":true,"href":"https:\/\/www.robertzueblin.com\/es\/wp-json\/wp\/v2\/product_cat?post=24969"},{"taxonomy":"product_tag","embeddable":true,"href":"https:\/\/www.robertzueblin.com\/es\/wp-json\/wp\/v2\/product_tag?post=24969"}],"curies":[{"name":"wp","href":"https:\/\/api.w.org\/{rel}","templated":true}]}}