{"id":24757,"date":"2022-04-12T18:19:06","date_gmt":"2022-04-12T16:20:59","guid":{"rendered":"https:\/\/www.robertzueblin.com\/?post_type=product&#038;p=24757"},"modified":"2022-12-15T14:22:46","modified_gmt":"2022-12-15T13:22:46","slug":"mario-enke-1948-jarron-con-esmalte-cocido-en-reduccion","status":"publish","type":"product","link":"https:\/\/www.robertzueblin.com\/es\/mario-enke\/jarron-con-esmalte-cocido-en-reduccion\/","title":{"rendered":"Mario ENKE (* 1948) &#8211; Jarr\u00f3n con esmalte cocido en reducci\u00f3n &#8211; cer\u00e1mica de taller"},"content":{"rendered":"<p><span style=\"font-family: AkkoPro-BoldCondensed!important\">Tipo:<\/span> <a href=\"https:\/\/www.robertzueblin.com\/es\/tipo\/ceramica-artistica-ceramica-artesanal-ceramica-de-taller\/\">cer\u00e1mica de taller<\/a><\/p>\n<p><span style=\"font-family: AkkoPro-BoldCondensed!important\">Dise\u00f1o:<\/span> Mario Enke (* 1948)<\/p>\n<p><span style=\"font-family: AkkoPro-BoldCondensed!important\">Ejecuci\u00f3n:<\/span> taller de Mario Enke<\/p>\n<p><span style=\"font-family: AkkoPro-BoldCondensed!important\">Objeto:<\/span> jarr\u00f3n<\/p>\n<p><span style=\"font-family: AkkoPro-BoldCondensed!important\">Dimensiones:<\/span> altura: 17,5 cm, anchura: 12,5 cm<\/p>\n<p><span style=\"font-family: AkkoPro-BoldCondensed!important\">Cuerpo:<\/span> marr\u00f3n<\/p>\n<p><span style=\"font-family: AkkoPro-BoldCondensed!important\">Superficie:<\/span> rojo granate, celad\u00f3n, gris<\/p>\n<p><span style=\"font-family: AkkoPro-BoldCondensed!important\">Per\u00edodo de producci\u00f3n:<\/span> <\/p>\n<p><span style=\"font-family: AkkoPro-BoldCondensed!important\">Estado:<\/span> sin da\u00f1os<\/p>\n<p><span style=\"font-family: AkkoPro-BoldCondensed!important\">Firma\/marca:<\/span> E en M y dos puntos<\/p>\n","protected":false},"excerpt":{"rendered":"<p>Tipo: cer\u00e1mica de taller Dise\u00f1o: Mario Enke (* 1948) Ejecuci\u00f3n: taller de Mario Enke Objeto: jarr\u00f3n Dimensiones: altura: 17,5 cm, anchura: 12,5 cm Cuerpo: marr\u00f3n Superficie: rojo granate, celad\u00f3n, gris Per\u00edodo de producci\u00f3n: Estado: sin da\u00f1os Firma\/marca: E en M y dos puntos<\/p>\n","protected":false},"featured_media":24761,"template":"","meta":[],"product_brand":[],"product_cat":[338],"product_tag":[],"class_list":{"0":"post-24757","1":"product","2":"type-product","3":"status-publish","4":"has-post-thumbnail","6":"product_cat-mario-enke","8":"first","9":"instock","10":"sold-individually","11":"shipping-taxable","12":"purchasable","13":"product-type-simple"},"yoast_head":"<!-- This site is optimized with the Yoast SEO plugin v27.4 - https:\/\/yoast.com\/product\/yoast-seo-wordpress\/ -->\n<title>Mario ENKE - Jarr\u00f3n con esmalte cocido en reducci\u00f3n<\/title>\n<meta name=\"description\" content=\"Jarr\u00f3n de cer\u00e1mica de taller con esmalte cocido en reducci\u00f3n en rojo granate, celad\u00f3n y gris del ceramista de la RDA Mario Enke, con taller en Lindaunis.\" \/>\n<meta name=\"robots\" content=\"index, follow, max-snippet:-1, max-image-preview:large, max-video-preview:-1\" \/>\n<link rel=\"canonical\" href=\"https:\/\/www.robertzueblin.com\/es\/mario-enke\/jarron-con-esmalte-cocido-en-reduccion\/\" \/>\n<meta property=\"og:locale\" content=\"es_ES\" \/>\n<meta property=\"og:type\" content=\"article\" \/>\n<meta property=\"og:title\" content=\"Mario ENKE - Jarr\u00f3n con esmalte cocido en reducci\u00f3n\" \/>\n<meta property=\"og:description\" content=\"Jarr\u00f3n de cer\u00e1mica de taller con esmalte cocido en reducci\u00f3n en rojo granate, celad\u00f3n y gris del ceramista de la RDA Mario Enke, con taller en Lindaunis.\" \/>\n<meta property=\"og:url\" content=\"https:\/\/www.robertzueblin.com\/es\/mario-enke\/jarron-con-esmalte-cocido-en-reduccion\/\" \/>\n<meta property=\"og:site_name\" content=\"ROBERT Z\u00dcBLIN\" \/>\n<meta property=\"article:modified_time\" content=\"2022-12-15T13:22:46+00:00\" \/>\n<meta property=\"og:image\" content=\"https:\/\/www.robertzueblin.com\/wp-content\/uploads\/mario-enke-ceramica-taller-jarron-esmalte-cocido-reduccion-foto-titulo.jpg\" \/>\n\t<meta property=\"og:image:width\" content=\"1000\" \/>\n\t<meta property=\"og:image:height\" content=\"1000\" \/>\n\t<meta property=\"og:image:type\" content=\"image\/jpeg\" \/>\n<meta name=\"twitter:card\" content=\"summary_large_image\" \/>\n<script type=\"application\/ld+json\" class=\"yoast-schema-graph\">{\"@context\":\"https:\\\/\\\/schema.org\",\"@graph\":[{\"@type\":\"WebPage\",\"@id\":\"https:\\\/\\\/www.robertzueblin.com\\\/es\\\/mario-enke\\\/jarron-con-esmalte-cocido-en-reduccion\\\/\",\"url\":\"https:\\\/\\\/www.robertzueblin.com\\\/es\\\/mario-enke\\\/jarron-con-esmalte-cocido-en-reduccion\\\/\",\"name\":\"Mario ENKE - Jarr\u00f3n con esmalte cocido en reducci\u00f3n\",\"isPartOf\":{\"@id\":\"https:\\\/\\\/www.robertzueblin.com\\\/es\\\/#website\"},\"primaryImageOfPage\":{\"@id\":\"https:\\\/\\\/www.robertzueblin.com\\\/es\\\/mario-enke\\\/jarron-con-esmalte-cocido-en-reduccion\\\/#primaryimage\"},\"image\":{\"@id\":\"https:\\\/\\\/www.robertzueblin.com\\\/es\\\/mario-enke\\\/jarron-con-esmalte-cocido-en-reduccion\\\/#primaryimage\"},\"thumbnailUrl\":\"https:\\\/\\\/www.robertzueblin.com\\\/wp-content\\\/uploads\\\/mario-enke-ceramica-taller-jarron-esmalte-cocido-reduccion-foto-titulo.jpg\",\"datePublished\":\"2022-04-12T16:20:59+00:00\",\"dateModified\":\"2022-12-15T13:22:46+00:00\",\"description\":\"Jarr\u00f3n de cer\u00e1mica de taller con esmalte cocido en reducci\u00f3n en rojo granate, celad\u00f3n y gris del ceramista de la RDA Mario Enke, con taller en Lindaunis.\",\"breadcrumb\":{\"@id\":\"https:\\\/\\\/www.robertzueblin.com\\\/es\\\/mario-enke\\\/jarron-con-esmalte-cocido-en-reduccion\\\/#breadcrumb\"},\"inLanguage\":\"es\",\"potentialAction\":[{\"@type\":\"ReadAction\",\"target\":[\"https:\\\/\\\/www.robertzueblin.com\\\/es\\\/mario-enke\\\/jarron-con-esmalte-cocido-en-reduccion\\\/\"]}]},{\"@type\":\"ImageObject\",\"inLanguage\":\"es\",\"@id\":\"https:\\\/\\\/www.robertzueblin.com\\\/es\\\/mario-enke\\\/jarron-con-esmalte-cocido-en-reduccion\\\/#primaryimage\",\"url\":\"https:\\\/\\\/www.robertzueblin.com\\\/wp-content\\\/uploads\\\/mario-enke-ceramica-taller-jarron-esmalte-cocido-reduccion-foto-titulo.jpg\",\"contentUrl\":\"https:\\\/\\\/www.robertzueblin.com\\\/wp-content\\\/uploads\\\/mario-enke-ceramica-taller-jarron-esmalte-cocido-reduccion-foto-titulo.jpg\",\"width\":1000,\"height\":1000},{\"@type\":\"BreadcrumbList\",\"@id\":\"https:\\\/\\\/www.robertzueblin.com\\\/es\\\/mario-enke\\\/jarron-con-esmalte-cocido-en-reduccion\\\/#breadcrumb\",\"itemListElement\":[{\"@type\":\"ListItem\",\"position\":1,\"name\":\"Startseite\",\"item\":\"https:\\\/\\\/www.robertzueblin.com\\\/es\\\/\"},{\"@type\":\"ListItem\",\"position\":2,\"name\":\"Galer\u00eda de arte online (tienda online)\",\"item\":\"https:\\\/\\\/www.robertzueblin.com\\\/es\\\/galeria-de-arte-online\\\/\"},{\"@type\":\"ListItem\",\"position\":3,\"name\":\"Mario ENKE (* 1948) &#8211; Jarr\u00f3n con esmalte cocido en reducci\u00f3n &#8211; cer\u00e1mica de taller\"}]},{\"@type\":\"WebSite\",\"@id\":\"https:\\\/\\\/www.robertzueblin.com\\\/es\\\/#website\",\"url\":\"https:\\\/\\\/www.robertzueblin.com\\\/es\\\/\",\"name\":\"ROBERT Z\u00dcBLIN\",\"description\":\"\",\"publisher\":{\"@id\":\"https:\\\/\\\/www.robertzueblin.com\\\/es\\\/#organization\"},\"potentialAction\":[{\"@type\":\"SearchAction\",\"target\":{\"@type\":\"EntryPoint\",\"urlTemplate\":\"https:\\\/\\\/www.robertzueblin.com\\\/es\\\/?s={search_term_string}\"},\"query-input\":{\"@type\":\"PropertyValueSpecification\",\"valueRequired\":true,\"valueName\":\"search_term_string\"}}],\"inLanguage\":\"es\"},{\"@type\":\"Organization\",\"@id\":\"https:\\\/\\\/www.robertzueblin.com\\\/es\\\/#organization\",\"name\":\"ROBERT Z\u00dcBLIN\",\"url\":\"https:\\\/\\\/www.robertzueblin.com\\\/es\\\/\",\"logo\":{\"@type\":\"ImageObject\",\"inLanguage\":\"es\",\"@id\":\"https:\\\/\\\/www.robertzueblin.com\\\/es\\\/#\\\/schema\\\/logo\\\/image\\\/\",\"url\":\"https:\\\/\\\/www.robertzueblin.com\\\/wp-content\\\/uploads\\\/cropped-cropped-logo-von-robert-zueblin.jpg\",\"contentUrl\":\"https:\\\/\\\/www.robertzueblin.com\\\/wp-content\\\/uploads\\\/cropped-cropped-logo-von-robert-zueblin.jpg\",\"width\":440,\"height\":60,\"caption\":\"ROBERT Z\u00dcBLIN\"},\"image\":{\"@id\":\"https:\\\/\\\/www.robertzueblin.com\\\/es\\\/#\\\/schema\\\/logo\\\/image\\\/\"}}]}<\/script>\n<!-- \/ Yoast SEO plugin. -->","yoast_head_json":{"title":"Mario ENKE - Jarr\u00f3n con esmalte cocido en reducci\u00f3n","description":"Jarr\u00f3n de cer\u00e1mica de taller con esmalte cocido en reducci\u00f3n en rojo granate, celad\u00f3n y gris del ceramista de la RDA Mario Enke, con taller en Lindaunis.","robots":{"index":"index","follow":"follow","max-snippet":"max-snippet:-1","max-image-preview":"max-image-preview:large","max-video-preview":"max-video-preview:-1"},"canonical":"https:\/\/www.robertzueblin.com\/es\/mario-enke\/jarron-con-esmalte-cocido-en-reduccion\/","og_locale":"es_ES","og_type":"article","og_title":"Mario ENKE - Jarr\u00f3n con esmalte cocido en reducci\u00f3n","og_description":"Jarr\u00f3n de cer\u00e1mica de taller con esmalte cocido en reducci\u00f3n en rojo granate, celad\u00f3n y gris del ceramista de la RDA Mario Enke, con taller en Lindaunis.","og_url":"https:\/\/www.robertzueblin.com\/es\/mario-enke\/jarron-con-esmalte-cocido-en-reduccion\/","og_site_name":"ROBERT Z\u00dcBLIN","article_modified_time":"2022-12-15T13:22:46+00:00","og_image":[{"width":1000,"height":1000,"url":"https:\/\/www.robertzueblin.com\/wp-content\/uploads\/mario-enke-ceramica-taller-jarron-esmalte-cocido-reduccion-foto-titulo.jpg","type":"image\/jpeg"}],"twitter_card":"summary_large_image","schema":{"@context":"https:\/\/schema.org","@graph":[{"@type":"WebPage","@id":"https:\/\/www.robertzueblin.com\/es\/mario-enke\/jarron-con-esmalte-cocido-en-reduccion\/","url":"https:\/\/www.robertzueblin.com\/es\/mario-enke\/jarron-con-esmalte-cocido-en-reduccion\/","name":"Mario ENKE - Jarr\u00f3n con esmalte cocido en reducci\u00f3n","isPartOf":{"@id":"https:\/\/www.robertzueblin.com\/es\/#website"},"primaryImageOfPage":{"@id":"https:\/\/www.robertzueblin.com\/es\/mario-enke\/jarron-con-esmalte-cocido-en-reduccion\/#primaryimage"},"image":{"@id":"https:\/\/www.robertzueblin.com\/es\/mario-enke\/jarron-con-esmalte-cocido-en-reduccion\/#primaryimage"},"thumbnailUrl":"https:\/\/www.robertzueblin.com\/wp-content\/uploads\/mario-enke-ceramica-taller-jarron-esmalte-cocido-reduccion-foto-titulo.jpg","datePublished":"2022-04-12T16:20:59+00:00","dateModified":"2022-12-15T13:22:46+00:00","description":"Jarr\u00f3n de cer\u00e1mica de taller con esmalte cocido en reducci\u00f3n en rojo granate, celad\u00f3n y gris del ceramista de la RDA Mario Enke, con taller en Lindaunis.","breadcrumb":{"@id":"https:\/\/www.robertzueblin.com\/es\/mario-enke\/jarron-con-esmalte-cocido-en-reduccion\/#breadcrumb"},"inLanguage":"es","potentialAction":[{"@type":"ReadAction","target":["https:\/\/www.robertzueblin.com\/es\/mario-enke\/jarron-con-esmalte-cocido-en-reduccion\/"]}]},{"@type":"ImageObject","inLanguage":"es","@id":"https:\/\/www.robertzueblin.com\/es\/mario-enke\/jarron-con-esmalte-cocido-en-reduccion\/#primaryimage","url":"https:\/\/www.robertzueblin.com\/wp-content\/uploads\/mario-enke-ceramica-taller-jarron-esmalte-cocido-reduccion-foto-titulo.jpg","contentUrl":"https:\/\/www.robertzueblin.com\/wp-content\/uploads\/mario-enke-ceramica-taller-jarron-esmalte-cocido-reduccion-foto-titulo.jpg","width":1000,"height":1000},{"@type":"BreadcrumbList","@id":"https:\/\/www.robertzueblin.com\/es\/mario-enke\/jarron-con-esmalte-cocido-en-reduccion\/#breadcrumb","itemListElement":[{"@type":"ListItem","position":1,"name":"Startseite","item":"https:\/\/www.robertzueblin.com\/es\/"},{"@type":"ListItem","position":2,"name":"Galer\u00eda de arte online (tienda online)","item":"https:\/\/www.robertzueblin.com\/es\/galeria-de-arte-online\/"},{"@type":"ListItem","position":3,"name":"Mario ENKE (* 1948) &#8211; Jarr\u00f3n con esmalte cocido en reducci\u00f3n &#8211; cer\u00e1mica de taller"}]},{"@type":"WebSite","@id":"https:\/\/www.robertzueblin.com\/es\/#website","url":"https:\/\/www.robertzueblin.com\/es\/","name":"ROBERT Z\u00dcBLIN","description":"","publisher":{"@id":"https:\/\/www.robertzueblin.com\/es\/#organization"},"potentialAction":[{"@type":"SearchAction","target":{"@type":"EntryPoint","urlTemplate":"https:\/\/www.robertzueblin.com\/es\/?s={search_term_string}"},"query-input":{"@type":"PropertyValueSpecification","valueRequired":true,"valueName":"search_term_string"}}],"inLanguage":"es"},{"@type":"Organization","@id":"https:\/\/www.robertzueblin.com\/es\/#organization","name":"ROBERT Z\u00dcBLIN","url":"https:\/\/www.robertzueblin.com\/es\/","logo":{"@type":"ImageObject","inLanguage":"es","@id":"https:\/\/www.robertzueblin.com\/es\/#\/schema\/logo\/image\/","url":"https:\/\/www.robertzueblin.com\/wp-content\/uploads\/cropped-cropped-logo-von-robert-zueblin.jpg","contentUrl":"https:\/\/www.robertzueblin.com\/wp-content\/uploads\/cropped-cropped-logo-von-robert-zueblin.jpg","width":440,"height":60,"caption":"ROBERT Z\u00dcBLIN"},"image":{"@id":"https:\/\/www.robertzueblin.com\/es\/#\/schema\/logo\/image\/"}}]}},"_links":{"self":[{"href":"https:\/\/www.robertzueblin.com\/es\/wp-json\/wp\/v2\/product\/24757","targetHints":{"allow":["GET"]}}],"collection":[{"href":"https:\/\/www.robertzueblin.com\/es\/wp-json\/wp\/v2\/product"}],"about":[{"href":"https:\/\/www.robertzueblin.com\/es\/wp-json\/wp\/v2\/types\/product"}],"wp:featuredmedia":[{"embeddable":true,"href":"https:\/\/www.robertzueblin.com\/es\/wp-json\/wp\/v2\/media\/24761"}],"wp:attachment":[{"href":"https:\/\/www.robertzueblin.com\/es\/wp-json\/wp\/v2\/media?parent=24757"}],"wp:term":[{"taxonomy":"product_brand","embeddable":true,"href":"https:\/\/www.robertzueblin.com\/es\/wp-json\/wp\/v2\/product_brand?post=24757"},{"taxonomy":"product_cat","embeddable":true,"href":"https:\/\/www.robertzueblin.com\/es\/wp-json\/wp\/v2\/product_cat?post=24757"},{"taxonomy":"product_tag","embeddable":true,"href":"https:\/\/www.robertzueblin.com\/es\/wp-json\/wp\/v2\/product_tag?post=24757"}],"curies":[{"name":"wp","href":"https:\/\/api.w.org\/{rel}","templated":true}]}}