{"id":4645,"date":"2022-01-15T14:31:37","date_gmt":"2022-01-15T13:31:37","guid":{"rendered":"https:\/\/www.robertzueblin.com\/?page_id=4645"},"modified":"2025-01-01T18:16:40","modified_gmt":"2025-01-01T17:16:40","slug":"contacto-al-servicio-de-atencion-al-cliente","status":"publish","type":"page","link":"https:\/\/www.robertzueblin.com\/es\/contacto-al-servicio-de-atencion-al-cliente\/","title":{"rendered":"Contacto al servicio de atenci\u00f3n al cliente"},"content":{"rendered":"<p>Benvenuti nell&#8217;area servizio clienti di ROBERT Z\u00dcBLIN. Si desea ponerse en contacto con nosotros, puede utilizar el siguiente <strong>formulario de contacto<\/strong>:  <\/p>\n\n<div class=\"wpcf7 no-js\" id=\"wpcf7-f42672-o1\" lang=\"es-ES\" dir=\"ltr\" data-wpcf7-id=\"42672\">\n<div class=\"screen-reader-response\"><p role=\"status\" aria-live=\"polite\" aria-atomic=\"true\"><\/p> <ul><\/ul><\/div>\n<form action=\"\/es\/wp-json\/wp\/v2\/pages\/4645#wpcf7-f42672-o1\" method=\"post\" class=\"wpcf7-form init\" aria-label=\"Formulario de contacto\" novalidate=\"novalidate\" data-status=\"init\">\n<fieldset class=\"hidden-fields-container\"><input type=\"hidden\" name=\"_wpcf7\" value=\"42672\" \/><input type=\"hidden\" name=\"_wpcf7_version\" value=\"6.1.5\" \/><input type=\"hidden\" name=\"_wpcf7_locale\" value=\"es_ES\" \/><input type=\"hidden\" name=\"_wpcf7_unit_tag\" value=\"wpcf7-f42672-o1\" \/><input type=\"hidden\" name=\"_wpcf7_container_post\" value=\"0\" \/><input type=\"hidden\" name=\"_wpcf7_posted_data_hash\" value=\"\" \/>\n<\/fieldset>\n<p>Los campos marcados con * son obligatorios. De lo contrario, no ser\u00e1 posible enviar el formulario. (Tenga en cuenta mi <a href=\"https:\/\/www.robertzueblin.com\/es\/aviso-de-privacidad\/\">aviso de privacidad<\/a>).\n<\/p>\n<p><label> Su nombre*<br \/>\n<span class=\"wpcf7-form-control-wrap\" data-name=\"your-name\"><input size=\"40\" maxlength=\"400\" class=\"wpcf7-form-control wpcf7-text wpcf7-validates-as-required\" autocomplete=\"name\" aria-required=\"true\" aria-invalid=\"false\" value=\"\" type=\"text\" name=\"your-name\" \/><\/span> <\/label>\n<\/p>\n<p><label> Su direcci\u00f3n de correo electr\u00f3nico*<br \/>\n<span class=\"wpcf7-form-control-wrap\" data-name=\"your-email\"><input size=\"40\" maxlength=\"400\" class=\"wpcf7-form-control wpcf7-email wpcf7-validates-as-required wpcf7-text wpcf7-validates-as-email\" autocomplete=\"email\" aria-required=\"true\" aria-invalid=\"false\" value=\"\" type=\"email\" name=\"your-email\" \/><\/span> <\/label>\n<\/p>\n<p><label> Su mensaje (opcional)<br \/>\n<span class=\"wpcf7-form-control-wrap\" data-name=\"your-message\"><textarea cols=\"40\" rows=\"10\" maxlength=\"2000\" class=\"wpcf7-form-control wpcf7-textarea\" aria-invalid=\"false\" name=\"your-message\"><\/textarea><\/span> <\/label>\n<\/p>\n<p><input class=\"wpcf7-form-control wpcf7-submit has-spinner\" type=\"submit\" value=\"Enviar\" \/>\n<\/p><div class=\"wpcf7-response-output\" aria-hidden=\"true\"><\/div>\n<\/form>\n<\/div>\n\n<div>&nbsp;<\/div>\n<p>Tambi\u00e9n puede ponerse en contacto con nosotros por <strong>correo electr\u00f3nico<\/strong>: <\/p>\n<p><strong>mitteilung@robertzueblin.com<\/strong><\/p>\n<p>(tenga en cuenta nuestro <a href=\"https:\/\/www.robertzueblin.com\/es\/aviso-de-privacidad\/\">aviso de privacidad<\/a>)<\/p>\n<p>O ll\u00e1menos al siguiente <strong>n\u00famero de tel\u00e9fono<\/strong>: <strong>0041 (0) 77 50 60 744<\/strong> (n\u00famero de m\u00f3vil suizo)  <\/p>\n<p>Tambi\u00e9n puede pedirnos que le <strong>devolvamos la llamada<\/strong> en CH, UE, Reino Unido, EE.UU. y Canad\u00e1 llam\u00e1ndonos brevemente o envi\u00e1ndonos su n\u00famero de tel\u00e9fono a la siguiente direcci\u00f3n de correo electr\u00f3nico y describiendo brevemente su pregunta: <\/p>\n<p><strong>mitteilung@robertzueblin.com<\/strong><\/p>\n<p>(tenga en cuenta nuestro <a href=\"https:\/\/www.robertzueblin.com\/es\/aviso-de-privacidad\/\">aviso de privacidad<\/a>)<\/p>\n","protected":false},"excerpt":{"rendered":"<p>Benvenuti nell&#8217;area servizio clienti di ROBERT Z\u00dcBLIN. Si desea ponerse en contacto con nosotros, puede utilizar el siguiente formulario de contacto: &nbsp; Tambi\u00e9n puede ponerse en contacto con nosotros por correo electr\u00f3nico: mitteilung@robertzueblin.com (tenga en cuenta nuestro aviso de privacidad) O ll\u00e1menos al siguiente n\u00famero de tel\u00e9fono: 0041 (0) 77 50 60 744 (n\u00famero de [&hellip;]<\/p>\n","protected":false},"author":1,"featured_media":0,"parent":0,"menu_order":0,"comment_status":"closed","ping_status":"closed","template":"","meta":{"footnotes":""},"class_list":["post-4645","page","type-page","status-publish","hentry"],"yoast_head":"<!-- This site is optimized with the Yoast SEO plugin v27.5 - https:\/\/yoast.com\/product\/yoast-seo-wordpress\/ -->\n<title>Contacto al servicio de atenci\u00f3n al cliente<\/title>\n<meta name=\"robots\" content=\"index, follow, max-snippet:-1, max-image-preview:large, max-video-preview:-1\" \/>\n<link rel=\"canonical\" href=\"https:\/\/www.robertzueblin.com\/es\/contacto-al-servicio-de-atencion-al-cliente\/\" \/>\n<meta property=\"og:locale\" content=\"es_ES\" \/>\n<meta property=\"og:type\" content=\"article\" \/>\n<meta property=\"og:title\" content=\"Contacto al servicio de atenci\u00f3n al cliente\" \/>\n<meta property=\"og:description\" content=\"Benvenuti nell&#8217;area servizio clienti di ROBERT Z\u00dcBLIN. Si desea ponerse en contacto con nosotros, puede utilizar el siguiente formulario de contacto: &nbsp; Tambi\u00e9n puede ponerse en contacto con nosotros por correo electr\u00f3nico: mitteilung@robertzueblin.com (tenga en cuenta nuestro aviso de privacidad) O ll\u00e1menos al siguiente n\u00famero de tel\u00e9fono: 0041 (0) 77 50 60 744 (n\u00famero de [&hellip;]\" \/>\n<meta property=\"og:url\" content=\"https:\/\/www.robertzueblin.com\/es\/contacto-al-servicio-de-atencion-al-cliente\/\" \/>\n<meta property=\"og:site_name\" content=\"ROBERT Z\u00dcBLIN\" \/>\n<meta property=\"article:modified_time\" content=\"2025-01-01T17:16:40+00:00\" \/>\n<meta name=\"twitter:card\" content=\"summary_large_image\" \/>\n<script type=\"application\/ld+json\" class=\"yoast-schema-graph\">{\"@context\":\"https:\\\/\\\/schema.org\",\"@graph\":[{\"@type\":\"WebPage\",\"@id\":\"https:\\\/\\\/www.robertzueblin.com\\\/es\\\/contacto-al-servicio-de-atencion-al-cliente\\\/\",\"url\":\"https:\\\/\\\/www.robertzueblin.com\\\/es\\\/contacto-al-servicio-de-atencion-al-cliente\\\/\",\"name\":\"Contacto al servicio de atenci\u00f3n al cliente\",\"isPartOf\":{\"@id\":\"https:\\\/\\\/www.robertzueblin.com\\\/es\\\/#website\"},\"datePublished\":\"2022-01-15T13:31:37+00:00\",\"dateModified\":\"2025-01-01T17:16:40+00:00\",\"breadcrumb\":{\"@id\":\"https:\\\/\\\/www.robertzueblin.com\\\/es\\\/contacto-al-servicio-de-atencion-al-cliente\\\/#breadcrumb\"},\"inLanguage\":\"es\",\"potentialAction\":[{\"@type\":\"ReadAction\",\"target\":[\"https:\\\/\\\/www.robertzueblin.com\\\/es\\\/contacto-al-servicio-de-atencion-al-cliente\\\/\"]}]},{\"@type\":\"BreadcrumbList\",\"@id\":\"https:\\\/\\\/www.robertzueblin.com\\\/es\\\/contacto-al-servicio-de-atencion-al-cliente\\\/#breadcrumb\",\"itemListElement\":[{\"@type\":\"ListItem\",\"position\":1,\"name\":\"Startseite\",\"item\":\"https:\\\/\\\/www.robertzueblin.com\\\/es\\\/\"},{\"@type\":\"ListItem\",\"position\":2,\"name\":\"Contacto al servicio de atenci\u00f3n al cliente\"}]},{\"@type\":\"WebSite\",\"@id\":\"https:\\\/\\\/www.robertzueblin.com\\\/es\\\/#website\",\"url\":\"https:\\\/\\\/www.robertzueblin.com\\\/es\\\/\",\"name\":\"ROBERT Z\u00dcBLIN\",\"description\":\"\",\"publisher\":{\"@id\":\"https:\\\/\\\/www.robertzueblin.com\\\/es\\\/#organization\"},\"potentialAction\":[{\"@type\":\"SearchAction\",\"target\":{\"@type\":\"EntryPoint\",\"urlTemplate\":\"https:\\\/\\\/www.robertzueblin.com\\\/es\\\/?s={search_term_string}\"},\"query-input\":{\"@type\":\"PropertyValueSpecification\",\"valueRequired\":true,\"valueName\":\"search_term_string\"}}],\"inLanguage\":\"es\"},{\"@type\":\"Organization\",\"@id\":\"https:\\\/\\\/www.robertzueblin.com\\\/es\\\/#organization\",\"name\":\"ROBERT Z\u00dcBLIN\",\"url\":\"https:\\\/\\\/www.robertzueblin.com\\\/es\\\/\",\"logo\":{\"@type\":\"ImageObject\",\"inLanguage\":\"es\",\"@id\":\"https:\\\/\\\/www.robertzueblin.com\\\/es\\\/#\\\/schema\\\/logo\\\/image\\\/\",\"url\":\"https:\\\/\\\/www.robertzueblin.com\\\/wp-content\\\/uploads\\\/cropped-cropped-logo-von-robert-zueblin.jpg\",\"contentUrl\":\"https:\\\/\\\/www.robertzueblin.com\\\/wp-content\\\/uploads\\\/cropped-cropped-logo-von-robert-zueblin.jpg\",\"width\":440,\"height\":60,\"caption\":\"ROBERT Z\u00dcBLIN\"},\"image\":{\"@id\":\"https:\\\/\\\/www.robertzueblin.com\\\/es\\\/#\\\/schema\\\/logo\\\/image\\\/\"}}]}<\/script>\n<!-- \/ Yoast SEO plugin. -->","yoast_head_json":{"title":"Contacto al servicio de atenci\u00f3n al cliente","robots":{"index":"index","follow":"follow","max-snippet":"max-snippet:-1","max-image-preview":"max-image-preview:large","max-video-preview":"max-video-preview:-1"},"canonical":"https:\/\/www.robertzueblin.com\/es\/contacto-al-servicio-de-atencion-al-cliente\/","og_locale":"es_ES","og_type":"article","og_title":"Contacto al servicio de atenci\u00f3n al cliente","og_description":"Benvenuti nell&#8217;area servizio clienti di ROBERT Z\u00dcBLIN. Si desea ponerse en contacto con nosotros, puede utilizar el siguiente formulario de contacto: &nbsp; Tambi\u00e9n puede ponerse en contacto con nosotros por correo electr\u00f3nico: mitteilung@robertzueblin.com (tenga en cuenta nuestro aviso de privacidad) O ll\u00e1menos al siguiente n\u00famero de tel\u00e9fono: 0041 (0) 77 50 60 744 (n\u00famero de [&hellip;]","og_url":"https:\/\/www.robertzueblin.com\/es\/contacto-al-servicio-de-atencion-al-cliente\/","og_site_name":"ROBERT Z\u00dcBLIN","article_modified_time":"2025-01-01T17:16:40+00:00","twitter_card":"summary_large_image","schema":{"@context":"https:\/\/schema.org","@graph":[{"@type":"WebPage","@id":"https:\/\/www.robertzueblin.com\/es\/contacto-al-servicio-de-atencion-al-cliente\/","url":"https:\/\/www.robertzueblin.com\/es\/contacto-al-servicio-de-atencion-al-cliente\/","name":"Contacto al servicio de atenci\u00f3n al cliente","isPartOf":{"@id":"https:\/\/www.robertzueblin.com\/es\/#website"},"datePublished":"2022-01-15T13:31:37+00:00","dateModified":"2025-01-01T17:16:40+00:00","breadcrumb":{"@id":"https:\/\/www.robertzueblin.com\/es\/contacto-al-servicio-de-atencion-al-cliente\/#breadcrumb"},"inLanguage":"es","potentialAction":[{"@type":"ReadAction","target":["https:\/\/www.robertzueblin.com\/es\/contacto-al-servicio-de-atencion-al-cliente\/"]}]},{"@type":"BreadcrumbList","@id":"https:\/\/www.robertzueblin.com\/es\/contacto-al-servicio-de-atencion-al-cliente\/#breadcrumb","itemListElement":[{"@type":"ListItem","position":1,"name":"Startseite","item":"https:\/\/www.robertzueblin.com\/es\/"},{"@type":"ListItem","position":2,"name":"Contacto al servicio de atenci\u00f3n al cliente"}]},{"@type":"WebSite","@id":"https:\/\/www.robertzueblin.com\/es\/#website","url":"https:\/\/www.robertzueblin.com\/es\/","name":"ROBERT Z\u00dcBLIN","description":"","publisher":{"@id":"https:\/\/www.robertzueblin.com\/es\/#organization"},"potentialAction":[{"@type":"SearchAction","target":{"@type":"EntryPoint","urlTemplate":"https:\/\/www.robertzueblin.com\/es\/?s={search_term_string}"},"query-input":{"@type":"PropertyValueSpecification","valueRequired":true,"valueName":"search_term_string"}}],"inLanguage":"es"},{"@type":"Organization","@id":"https:\/\/www.robertzueblin.com\/es\/#organization","name":"ROBERT Z\u00dcBLIN","url":"https:\/\/www.robertzueblin.com\/es\/","logo":{"@type":"ImageObject","inLanguage":"es","@id":"https:\/\/www.robertzueblin.com\/es\/#\/schema\/logo\/image\/","url":"https:\/\/www.robertzueblin.com\/wp-content\/uploads\/cropped-cropped-logo-von-robert-zueblin.jpg","contentUrl":"https:\/\/www.robertzueblin.com\/wp-content\/uploads\/cropped-cropped-logo-von-robert-zueblin.jpg","width":440,"height":60,"caption":"ROBERT Z\u00dcBLIN"},"image":{"@id":"https:\/\/www.robertzueblin.com\/es\/#\/schema\/logo\/image\/"}}]}},"_links":{"self":[{"href":"https:\/\/www.robertzueblin.com\/es\/wp-json\/wp\/v2\/pages\/4645","targetHints":{"allow":["GET"]}}],"collection":[{"href":"https:\/\/www.robertzueblin.com\/es\/wp-json\/wp\/v2\/pages"}],"about":[{"href":"https:\/\/www.robertzueblin.com\/es\/wp-json\/wp\/v2\/types\/page"}],"author":[{"embeddable":true,"href":"https:\/\/www.robertzueblin.com\/es\/wp-json\/wp\/v2\/users\/1"}],"replies":[{"embeddable":true,"href":"https:\/\/www.robertzueblin.com\/es\/wp-json\/wp\/v2\/comments?post=4645"}],"version-history":[{"count":8,"href":"https:\/\/www.robertzueblin.com\/es\/wp-json\/wp\/v2\/pages\/4645\/revisions"}],"predecessor-version":[{"id":42673,"href":"https:\/\/www.robertzueblin.com\/es\/wp-json\/wp\/v2\/pages\/4645\/revisions\/42673"}],"wp:attachment":[{"href":"https:\/\/www.robertzueblin.com\/es\/wp-json\/wp\/v2\/media?parent=4645"}],"curies":[{"name":"wp","href":"https:\/\/api.w.org\/{rel}","templated":true}]}}