{"id":44047,"date":"2026-02-26T11:51:49","date_gmt":"2026-02-26T10:51:49","guid":{"rendered":"https:\/\/www.robertzueblin.com\/?page_id=44047"},"modified":"2026-02-26T11:57:11","modified_gmt":"2026-02-26T10:57:11","slug":"reparacion-de-ceramica-con-oro-kintsugi","status":"publish","type":"page","link":"https:\/\/www.robertzueblin.com\/es\/kintsugi\/reparacion-de-ceramica-con-oro\/","title":{"rendered":"Reparaci\u00f3n de Cer\u00e1mica con Oro (Kintsugi)"},"content":{"rendered":"<p><strong>La reparaci\u00f3n de cer\u00e1mica con oro es posible con la t\u00e9cnica japonesa Kintsugi y la ofrecemos en Z\u00farich (Suiza). Tambi\u00e9n se conoce como reparaci\u00f3n Kintsugi con oro.<\/p>\n<p>Este m\u00e9todo de reparaci\u00f3n japon\u00e9s se puede utilizar para reparar grietas, peque\u00f1os y grandes defectos y piezas rotas, por ejemplo en platos de cer\u00e1mica, cuencos de cer\u00e1mica o tazas de cer\u00e1mica, pero tambi\u00e9n en art\u00edculos de porcelana.<\/strong><\/p>\n<p><a href=\"https:\/\/www.robertzueblin.com\/es\/kintsugi\/reparacion-de-ceramica-con-oro\/#Estimaci\u00f3n_costes\"><\/p>\n<div class=\"hoverbutton1\" style=\"font-size:1.1em!important;font-family: AkkoPro-BoldCondensed!important;text-decoration: none; color: #ffffff; background: #a89768; border: solid 0.1em; border-color: #847855!important; padding-left: 0.8em; padding-right: 0.8em; padding-top: 0.4em; padding-bottom: 0.4em; float:left; border-radius: 1em; box-shadow: 0.2em 0.3em 0.4em silver;\">Solicite ahora un presupuesto para la reparaci\u00f3n de cer\u00e1mica con oro<\/div>\n<p><\/a><br \/>\n<span>&nbsp;<\/span><\/p>\n<div>&nbsp;<\/div>\n<figure class=\"newsst\"><img decoding=\"async\" src=\"https:\/\/www.robertzueblin.com\/wp-content\/uploads\/johannes-lessmann-ceramica-taller-jarron-verde-reparacion-kintsugi-foto-titulo.jpg\" alt=\"Reparaci\u00f3n de cer\u00e1mica con oro, tambi\u00e9n llamada reparaci\u00f3n kintsugi con oro, aqu\u00ed en un jarr\u00f3n.\"><\/figure><figcaption><strong>Aqu\u00ed se repar\u00f3 la cer\u00e1mica con oro mediante la t\u00e9cnica kintsugi en un defecto del borde superior de un jarr\u00f3n<\/strong><\/figcaption><div>&nbsp;<\/div>\n<div style=\"background: #363636;float: right;line-height: 2.2em;padding: 0.2em 0.2em 0.2em 0.2em;color: #ffffff;margin-left:0.4em;margin-bottom: 2em\">\n<div style=\"font-family: AkkoPro-BoldCondensed;font-size: 1em;text-align: center\"><strong>RESUMEN<\/strong><\/div>\n<div style=\"font-family: AkkoPro-BoldCondensed!important;font-size:1em!important;padding-left: 0.1em!important;padding-right: 0.1em!important;margin-left:0.4em!important\">\n<a style=\"font-family: AkkoPro-MediumCondensed!important;color: #ffffff!important;text-decoration: none;border-bottom: 0.2em solid;padding-bottom: 0.4em\" href=\"#Reparaci\u00f3n_cer\u00e1mica_con_oro\">Reparaci\u00f3n cer\u00e1mica con oro<\/a><br \/>\n<a style=\"font-family: AkkoPro-MediumCondensed!important;color: #ffffff!important;text-decoration: none;border-bottom: 0.2em solid;padding-bottom: 0.4em\" href=\"#Ejemplos_Kintsugi\">Ejemplos con Kintsugi<\/a><br \/>\n<a style=\"font-family: AkkoPro-MediumCondensed!important;color: #ffffff!important;text-decoration: none;border-bottom: 0.2em solid;padding-bottom: 0.4em\" href=\"#Reparaci\u00f3n_cer\u00e1mica_apta_alimentos\">Reparaci\u00f3n cer\u00e1mica apta para alimentos<\/a><br \/>\n<a style=\"font-family: AkkoPro-MediumCondensed!important;color: #ffffff!important;text-decoration: none\" href=\"#Estimaci\u00f3n_costes\">Estimaci\u00f3n de costes<\/a>\n<\/div>\n<\/div>\n<div style=\"font-size:1.1em!important;\">La reparaci\u00f3n tradicional kintsugi de cer\u00e1mica con oro se realiza con la ayuda de la laca urushi, con la que se elaboran masas adhesivas para pegar fragmentos o masas de relleno para rellenar imperfecciones. Por \u00faltimo, se aplica la <strong>laca urushi<\/strong> sobre las zonas restauradas, que luego se espolvorean con polvo de oro aut\u00e9ntico. Cuando se utiliza la laca urushi, tambi\u00e9n se denomina <strong>kintsugi original<\/strong>.<\/div>\n<div>&nbsp;<\/div>\n<div>&nbsp;<\/div>\n<div style=\"position:relative;\">\n<div id=\"Reparaci\u00f3n_cer\u00e1mica_con_oro\" style=\"position:absolute; top:-5em;\"><\/div>\n<\/div>\n<h2>\u00bfC\u00f3mo funciona la reparaci\u00f3n de cer\u00e1mica con oro?<\/h2>\n<p><strong>Reparamos cer\u00e1mica con oro<\/strong> utilizando la <a href=\"https:\/\/www.robertzueblin.com\/es\/kintsugi\/\">t\u00e9cnica Kintsugi<\/a>, que es un antiguo <strong>m\u00e9todo japon\u00e9s de reparaci\u00f3n de cer\u00e1mica y porcelana<\/strong>. El t\u00e9rmino Kintsugi (japon\u00e9s \u91d1\u7d99\u304e) se compone de \u00abKin\u00bb = oro y \u00abtsugi\u00bb = unir, lo que significa \u00abconexi\u00f3n de oro\u00bb. Esto se debe a que las zonas reparadas se refinan con oro al final. En lugar de oro, tambi\u00e9n se pueden utilizar <a href=\"https:\/\/www.robertzueblin.com\/es\/kintsugi\/arte-japones-reparar-ceramica-tecnica-japonesa\/\">otros metales, como plata o lat\u00f3n, para reparar cer\u00e1mica<\/a>.<\/p>\n<p>Otro t\u00e9rmino para kintsugi es \u00abkintsukuroi\u00bb (japon\u00e9s: \u91d1\u7e55\u3044), que significa \u00abreparaci\u00f3n con oro\u00bb.<\/p>\n<p>Uno de los <strong>elementos de ayuda<\/strong> m\u00e1s importantes en la t\u00e9cnica japonesa del kintsugi es la <strong>laca urushi<\/strong>, que se produce a partir de la savia del \u00e1rbol de la laca. Esta laca tambi\u00e9n se conoce como Rhus verniciflua o Rhus vernicifera. En la reparaci\u00f3n kintsugi, la laca urushi (laca china, laca Rhus o laca japonesa) se utiliza para mezclar adhesivos y compuestos, pero tambi\u00e9n para el lacado final de las zonas reparadas.<\/p>\n<p>Tras un breve periodo de espera, en las reparaciones de cer\u00e1mica con oro se espolvorea sobre la <strong>capa final de laca polvo de oro aut\u00e9ntico<\/strong>, que se adhiere a la laca. <\/p>\n<div>&nbsp;<\/div>\n<div>&nbsp;<\/div>\n<div style=\"position:relative;\">\n<div id=\"Ejemplos_Kintsugi\" style=\"position:absolute; top:-5em;\"><\/div>\n<\/div>\n<h2>Ejemplos con Kintsugi<\/h2>\n<p>A continuaci\u00f3n encontrar\u00e1 algunos ejemplos en los que hemos reparado cer\u00e1mica con oro utilizando la t\u00e9cnica japonesa Kintsugi:<\/p>\n<figure class=\"newsst\"><img decoding=\"async\" src=\"https:\/\/www.robertzueblin.com\/wp-content\/uploads\/eugene-lion-ceramica-taller-jarron-reparacion-kintsugi-detalle-reparacion.jpg\" alt=\"Reparaci\u00f3n de cer\u00e1mica con oro, tambi\u00e9n llamada reparaci\u00f3n kintsugi con oro, aqu\u00ed en un jarr\u00f3n.\"><\/figure><figcaption><strong>Reparaci\u00f3n cer\u00e1mica con oro, remodelaci\u00f3n previa de un defecto<\/strong><\/figcaption><div>&nbsp;<\/div>\n<div>&nbsp;<\/div>\n<figure class=\"newsst\"><img decoding=\"async\" src=\"https:\/\/www.robertzueblin.com\/wp-content\/uploads\/johannes-lessmann-ceramica-taller-jarron-verde-reparacion-kintsugi-foto-titulo.jpg\" alt=\"Remodelaci\u00f3n de un defecto y reparaci\u00f3n de cer\u00e1mica con oro mediante el m\u00e9todo de reparaci\u00f3n Kintsugi.\"><\/figure><figcaption><strong>Reparaci\u00f3n cer\u00e1mica con oro, remodelaci\u00f3n previa de un defecto<\/strong><\/figcaption><div>&nbsp;<\/div>\n<div>&nbsp;<\/div>\n<figure class=\"newsst\"><img decoding=\"async\" src=\"https:\/\/www.robertzueblin.com\/wp-content\/uploads\/johann-wanzenried-jarra-leche-reparacion-kintsugi-thoune-mayolica-instagrames.jpg\" alt=\"Reparaci\u00f3n Kintsugi con oro y remodelaci\u00f3n de un defecto.\"><\/figure><figcaption><strong>Reparaci\u00f3n Kintsugi con oro, remodelaci\u00f3n previa de un defecto<\/strong><\/figcaption><div>&nbsp;<\/div>\n<div>&nbsp;<\/div>\n<figure class=\"newsst\"><img decoding=\"async\" src=\"https:\/\/www.robertzueblin.com\/wp-content\/uploads\/clary-von-ruckteschell-trueb-ceramica-taller-caja-reparacion-kintsugi-foto-titulo.jpg\" alt=\"Reparaci\u00f3n de grietas con oro mediante la t\u00e9cnica Kintsugi.\"><\/figure><figcaption><strong>Reparaci\u00f3n de grietas con oro mediante la t\u00e9cnica Kintsugi<\/strong><\/figcaption><div>&nbsp;<\/div>\n<div>&nbsp;<\/div>\n<div>&nbsp;<\/div>\n<div style=\"position:relative;\">\n<div id=\"Reparaci\u00f3n_cer\u00e1mica_apta_alimentos\" style=\"position:absolute; top:-5em;\"><\/div>\n<\/div>\n<h2>Reparaci\u00f3n cer\u00e1mica apta para alimentos<\/h2>\n<p><strong>Nuestras reparaciones de cer\u00e1mica<\/strong> con oro son <strong>aptas para alimentos<\/strong>. Esto se aplica tanto a la laca de urushi que utilizamos como a los compuestos y adhesivos que producimos mezclando urushi con polvo de arcilla o harina de trigo. El oro aut\u00e9ntico utilizado para el acabado final tambi\u00e9n es apto para alimentos.<\/p>\n<div>&nbsp;<\/div>\n<div>&nbsp;<\/div>\n<div style=\"position:relative;\">\n<div id=\"Estimaci\u00f3n_costes\" style=\"position:absolute; top:-5em;\"><\/div>\n<\/div>\n<h2>Estimaci\u00f3n de costes<\/h2>\n<p>Estaremos encantados de proporcionarle un <strong>presupuesto<\/strong> para la reparaci\u00f3n de cer\u00e1mica con oro utilizando el m\u00e9todo Kintsugi. Este presupuesto no es vinculante para usted.<\/p>\n<p><strong>Por favor, env\u00edenos una\/s foto\/s de la pieza a reparar a trav\u00e9s del siguiente formulario de contacto para que podamos tramitar su consulta. Los campos marcados con * son obligatorios. De lo contrario, no ser\u00e1 posible enviar el formulario (tenga en cuenta nuestra <a href=\"https:\/\/www.robertzueblin.com\/es\/aviso-de-privacidad\/\">pol\u00edtica de privacidad<\/a>):<\/strong><\/p>\n\n<div class=\"wpcf7 no-js\" id=\"wpcf7-f49993-o1\" lang=\"es-ES\" dir=\"ltr\" data-wpcf7-id=\"49993\">\n<div class=\"screen-reader-response\"><p role=\"status\" aria-live=\"polite\" aria-atomic=\"true\"><\/p> <ul><\/ul><\/div>\n<form action=\"\/es\/wp-json\/wp\/v2\/pages\/44047#wpcf7-f49993-o1\" method=\"post\" class=\"wpcf7-form init\" aria-label=\"Formulario de contacto\" enctype=\"multipart\/form-data\" novalidate=\"novalidate\" data-status=\"init\">\n<fieldset class=\"hidden-fields-container\"><input type=\"hidden\" name=\"_wpcf7\" value=\"49993\" \/><input type=\"hidden\" name=\"_wpcf7_version\" value=\"6.1.5\" \/><input type=\"hidden\" name=\"_wpcf7_locale\" value=\"es_ES\" \/><input type=\"hidden\" name=\"_wpcf7_unit_tag\" value=\"wpcf7-f49993-o1\" \/><input type=\"hidden\" name=\"_wpcf7_container_post\" value=\"0\" \/><input type=\"hidden\" name=\"_wpcf7_posted_data_hash\" value=\"\" \/>\n<\/fieldset>\n<p><label> Su nombre*<br \/>\n<span class=\"wpcf7-form-control-wrap\" data-name=\"your-name\"><input size=\"40\" maxlength=\"400\" class=\"wpcf7-form-control wpcf7-text wpcf7-validates-as-required\" autocomplete=\"name\" aria-required=\"true\" aria-invalid=\"false\" value=\"\" type=\"text\" name=\"your-name\" \/><\/span> <\/label>\n<\/p>\n<p><label> Su direcci\u00f3n de correo electr\u00f3nico*<br \/>\n<span class=\"wpcf7-form-control-wrap\" data-name=\"your-email\"><input size=\"40\" maxlength=\"400\" class=\"wpcf7-form-control wpcf7-email wpcf7-validates-as-required wpcf7-text wpcf7-validates-as-email\" autocomplete=\"email\" aria-required=\"true\" aria-invalid=\"false\" value=\"\" type=\"email\" name=\"your-email\" \/><\/span> <\/label>\n<\/p>\n<p><label> Su mensaje (opcional)<br \/>\n<span class=\"wpcf7-form-control-wrap\" data-name=\"your-message\"><textarea cols=\"40\" rows=\"10\" maxlength=\"2000\" class=\"wpcf7-form-control wpcf7-textarea\" aria-invalid=\"false\" name=\"your-message\"><\/textarea><\/span> <\/label>\n<\/p>\n<p><label> A continuaci\u00f3n, puede adjuntar la foto o fotos de la pieza que desea reparar al mensaje; despu\u00e9s, solo tiene que hacer clic en el bot\u00f3n \u00abEnviar\u00bb para enviarme su solicitud: <\/label>\n<\/p>\n<p>1\u00aa foto: <span style=\"font-family:AkkoPro-Regular!important; font-size: 0.9em!important;\"><span class=\"wpcf7-form-control-wrap\" data-name=\"file-744\"><input size=\"40\" class=\"wpcf7-form-control wpcf7-file\" accept=\".heic,.heif,.jpg,.jpeg,.png\" aria-invalid=\"false\" type=\"file\" name=\"file-744\" \/><\/span><\/span>\n<\/p>\n<p>2\u00aa foto (si est\u00e1 disponible): <span style=\"font-family:AkkoPro-Regular!important; font-size: 0.9em!important;\"><span class=\"wpcf7-form-control-wrap\" data-name=\"file-243\"><input size=\"40\" class=\"wpcf7-form-control wpcf7-file\" accept=\".heic,.heif,.jpg,.jpeg,.png\" aria-invalid=\"false\" type=\"file\" name=\"file-243\" \/><\/span><\/span>\n<\/p>\n<p>3\u00aa foto (si est\u00e1 disponible): <span style=\"font-family:AkkoPro-Regular!important; font-size: 0.9em!important;\"><span class=\"wpcf7-form-control-wrap\" data-name=\"file-575\"><input size=\"40\" class=\"wpcf7-form-control wpcf7-file\" accept=\".heic,.heif,.jpg,.jpeg,.png\" aria-invalid=\"false\" type=\"file\" name=\"file-575\" \/><\/span><\/span>\n<\/p>\n<p><input class=\"wpcf7-form-control wpcf7-submit has-spinner\" type=\"submit\" value=\"Enviar\" \/>\n<\/p><div class=\"wpcf7-response-output\" aria-hidden=\"true\"><\/div>\n<\/form>\n<\/div>\n\n<div>&nbsp;<\/div>\n<p>Alternativamente, tambi\u00e9n puede enviarnos una foto o fotos del art\u00edculo a reparar a la siguiente direcci\u00f3n de correo electr\u00f3nico, especialmente si la foto respectiva tiene un formato de archivo que no puede enviarse a trav\u00e9s del formulario de contacto anterior:<\/p>\n<p><strong>robert.zueblin@robertzueblin.com<\/strong> <\/p>\n<p>(tenga en cuenta nuestra <a href=\"https:\/\/www.robertzueblin.com\/es\/aviso-de-privacidad\/\">pol\u00edtica de privacidad<\/a>)<\/p>\n<div>&nbsp;<\/div>\n","protected":false},"excerpt":{"rendered":"<p>La reparaci\u00f3n de cer\u00e1mica con oro es posible con la t\u00e9cnica japonesa Kintsugi y la ofrecemos en Z\u00farich (Suiza). Tambi\u00e9n se conoce como reparaci\u00f3n Kintsugi con oro. Este m\u00e9todo de reparaci\u00f3n japon\u00e9s se puede utilizar para reparar grietas, peque\u00f1os y grandes defectos y piezas rotas, por ejemplo en platos de cer\u00e1mica, cuencos de cer\u00e1mica o [&hellip;]<\/p>\n","protected":false},"author":1,"featured_media":0,"parent":33713,"menu_order":0,"comment_status":"closed","ping_status":"closed","template":"","meta":{"footnotes":""},"class_list":["post-44047","page","type-page","status-publish","hentry"],"yoast_head":"<!-- This site is optimized with the Yoast SEO plugin v27.5 - https:\/\/yoast.com\/product\/yoast-seo-wordpress\/ -->\n<title>Reparaci\u00f3n de Cer\u00e1mica con Oro (Kintsugi)<\/title>\n<meta name=\"description\" content=\"La reparaci\u00f3n de cer\u00e1mica con oro se puede realizar mediante la t\u00e9cnica kintsugi, tambi\u00e9n conocida como reparaci\u00f3n kintsugi con oro.\" \/>\n<meta name=\"robots\" content=\"index, follow, max-snippet:-1, max-image-preview:large, max-video-preview:-1\" \/>\n<link rel=\"canonical\" href=\"https:\/\/www.robertzueblin.com\/es\/kintsugi\/reparacion-de-ceramica-con-oro\/\" \/>\n<meta property=\"og:locale\" content=\"es_ES\" \/>\n<meta property=\"og:type\" content=\"article\" \/>\n<meta property=\"og:title\" content=\"Reparaci\u00f3n de Cer\u00e1mica con Oro (Kintsugi)\" \/>\n<meta property=\"og:description\" content=\"La reparaci\u00f3n de cer\u00e1mica con oro se puede realizar mediante la t\u00e9cnica kintsugi, tambi\u00e9n conocida como reparaci\u00f3n kintsugi con oro.\" \/>\n<meta property=\"og:url\" content=\"https:\/\/www.robertzueblin.com\/es\/kintsugi\/reparacion-de-ceramica-con-oro\/\" \/>\n<meta property=\"og:site_name\" content=\"ROBERT Z\u00dcBLIN\" \/>\n<meta property=\"article:modified_time\" content=\"2026-02-26T10:57:11+00:00\" \/>\n<meta property=\"og:image\" content=\"https:\/\/www.robertzueblin.com\/wp-content\/uploads\/johannes-lessmann-ceramica-taller-jarron-verde-reparacion-kintsugi-foto-titulo.jpg\" \/>\n<meta name=\"twitter:card\" content=\"summary_large_image\" \/>\n<script type=\"application\/ld+json\" class=\"yoast-schema-graph\">{\"@context\":\"https:\\\/\\\/schema.org\",\"@graph\":[{\"@type\":\"WebPage\",\"@id\":\"https:\\\/\\\/www.robertzueblin.com\\\/es\\\/kintsugi\\\/reparacion-de-ceramica-con-oro\\\/\",\"url\":\"https:\\\/\\\/www.robertzueblin.com\\\/es\\\/kintsugi\\\/reparacion-de-ceramica-con-oro\\\/\",\"name\":\"Reparaci\u00f3n de Cer\u00e1mica con Oro (Kintsugi)\",\"isPartOf\":{\"@id\":\"https:\\\/\\\/www.robertzueblin.com\\\/es\\\/#website\"},\"primaryImageOfPage\":{\"@id\":\"https:\\\/\\\/www.robertzueblin.com\\\/es\\\/kintsugi\\\/reparacion-de-ceramica-con-oro\\\/#primaryimage\"},\"image\":{\"@id\":\"https:\\\/\\\/www.robertzueblin.com\\\/es\\\/kintsugi\\\/reparacion-de-ceramica-con-oro\\\/#primaryimage\"},\"thumbnailUrl\":\"https:\\\/\\\/www.robertzueblin.com\\\/wp-content\\\/uploads\\\/johannes-lessmann-ceramica-taller-jarron-verde-reparacion-kintsugi-foto-titulo.jpg\",\"datePublished\":\"2026-02-26T10:51:49+00:00\",\"dateModified\":\"2026-02-26T10:57:11+00:00\",\"description\":\"La reparaci\u00f3n de cer\u00e1mica con oro se puede realizar mediante la t\u00e9cnica kintsugi, tambi\u00e9n conocida como reparaci\u00f3n kintsugi con oro.\",\"breadcrumb\":{\"@id\":\"https:\\\/\\\/www.robertzueblin.com\\\/es\\\/kintsugi\\\/reparacion-de-ceramica-con-oro\\\/#breadcrumb\"},\"inLanguage\":\"es\",\"potentialAction\":[{\"@type\":\"ReadAction\",\"target\":[\"https:\\\/\\\/www.robertzueblin.com\\\/es\\\/kintsugi\\\/reparacion-de-ceramica-con-oro\\\/\"]}]},{\"@type\":\"ImageObject\",\"inLanguage\":\"es\",\"@id\":\"https:\\\/\\\/www.robertzueblin.com\\\/es\\\/kintsugi\\\/reparacion-de-ceramica-con-oro\\\/#primaryimage\",\"url\":\"https:\\\/\\\/www.robertzueblin.com\\\/wp-content\\\/uploads\\\/johannes-lessmann-ceramica-taller-jarron-verde-reparacion-kintsugi-foto-titulo.jpg\",\"contentUrl\":\"https:\\\/\\\/www.robertzueblin.com\\\/wp-content\\\/uploads\\\/johannes-lessmann-ceramica-taller-jarron-verde-reparacion-kintsugi-foto-titulo.jpg\"},{\"@type\":\"BreadcrumbList\",\"@id\":\"https:\\\/\\\/www.robertzueblin.com\\\/es\\\/kintsugi\\\/reparacion-de-ceramica-con-oro\\\/#breadcrumb\",\"itemListElement\":[{\"@type\":\"ListItem\",\"position\":1,\"name\":\"Startseite\",\"item\":\"https:\\\/\\\/www.robertzueblin.com\\\/es\\\/\"},{\"@type\":\"ListItem\",\"position\":2,\"name\":\"Kintsugi &#8211; filosof\u00eda, significado, historia\",\"item\":\"https:\\\/\\\/www.robertzueblin.com\\\/es\\\/kintsugi\\\/\"},{\"@type\":\"ListItem\",\"position\":3,\"name\":\"Reparaci\u00f3n de Cer\u00e1mica con Oro (Kintsugi)\"}]},{\"@type\":\"WebSite\",\"@id\":\"https:\\\/\\\/www.robertzueblin.com\\\/es\\\/#website\",\"url\":\"https:\\\/\\\/www.robertzueblin.com\\\/es\\\/\",\"name\":\"ROBERT Z\u00dcBLIN\",\"description\":\"\",\"publisher\":{\"@id\":\"https:\\\/\\\/www.robertzueblin.com\\\/es\\\/#organization\"},\"potentialAction\":[{\"@type\":\"SearchAction\",\"target\":{\"@type\":\"EntryPoint\",\"urlTemplate\":\"https:\\\/\\\/www.robertzueblin.com\\\/es\\\/?s={search_term_string}\"},\"query-input\":{\"@type\":\"PropertyValueSpecification\",\"valueRequired\":true,\"valueName\":\"search_term_string\"}}],\"inLanguage\":\"es\"},{\"@type\":\"Organization\",\"@id\":\"https:\\\/\\\/www.robertzueblin.com\\\/es\\\/#organization\",\"name\":\"ROBERT Z\u00dcBLIN\",\"url\":\"https:\\\/\\\/www.robertzueblin.com\\\/es\\\/\",\"logo\":{\"@type\":\"ImageObject\",\"inLanguage\":\"es\",\"@id\":\"https:\\\/\\\/www.robertzueblin.com\\\/es\\\/#\\\/schema\\\/logo\\\/image\\\/\",\"url\":\"https:\\\/\\\/www.robertzueblin.com\\\/wp-content\\\/uploads\\\/cropped-cropped-logo-von-robert-zueblin.jpg\",\"contentUrl\":\"https:\\\/\\\/www.robertzueblin.com\\\/wp-content\\\/uploads\\\/cropped-cropped-logo-von-robert-zueblin.jpg\",\"width\":440,\"height\":60,\"caption\":\"ROBERT Z\u00dcBLIN\"},\"image\":{\"@id\":\"https:\\\/\\\/www.robertzueblin.com\\\/es\\\/#\\\/schema\\\/logo\\\/image\\\/\"}}]}<\/script>\n<!-- \/ Yoast SEO plugin. -->","yoast_head_json":{"title":"Reparaci\u00f3n de Cer\u00e1mica con Oro (Kintsugi)","description":"La reparaci\u00f3n de cer\u00e1mica con oro se puede realizar mediante la t\u00e9cnica kintsugi, tambi\u00e9n conocida como reparaci\u00f3n kintsugi con oro.","robots":{"index":"index","follow":"follow","max-snippet":"max-snippet:-1","max-image-preview":"max-image-preview:large","max-video-preview":"max-video-preview:-1"},"canonical":"https:\/\/www.robertzueblin.com\/es\/kintsugi\/reparacion-de-ceramica-con-oro\/","og_locale":"es_ES","og_type":"article","og_title":"Reparaci\u00f3n de Cer\u00e1mica con Oro (Kintsugi)","og_description":"La reparaci\u00f3n de cer\u00e1mica con oro se puede realizar mediante la t\u00e9cnica kintsugi, tambi\u00e9n conocida como reparaci\u00f3n kintsugi con oro.","og_url":"https:\/\/www.robertzueblin.com\/es\/kintsugi\/reparacion-de-ceramica-con-oro\/","og_site_name":"ROBERT Z\u00dcBLIN","article_modified_time":"2026-02-26T10:57:11+00:00","og_image":[{"url":"https:\/\/www.robertzueblin.com\/wp-content\/uploads\/johannes-lessmann-ceramica-taller-jarron-verde-reparacion-kintsugi-foto-titulo.jpg","type":"","width":"","height":""}],"twitter_card":"summary_large_image","schema":{"@context":"https:\/\/schema.org","@graph":[{"@type":"WebPage","@id":"https:\/\/www.robertzueblin.com\/es\/kintsugi\/reparacion-de-ceramica-con-oro\/","url":"https:\/\/www.robertzueblin.com\/es\/kintsugi\/reparacion-de-ceramica-con-oro\/","name":"Reparaci\u00f3n de Cer\u00e1mica con Oro (Kintsugi)","isPartOf":{"@id":"https:\/\/www.robertzueblin.com\/es\/#website"},"primaryImageOfPage":{"@id":"https:\/\/www.robertzueblin.com\/es\/kintsugi\/reparacion-de-ceramica-con-oro\/#primaryimage"},"image":{"@id":"https:\/\/www.robertzueblin.com\/es\/kintsugi\/reparacion-de-ceramica-con-oro\/#primaryimage"},"thumbnailUrl":"https:\/\/www.robertzueblin.com\/wp-content\/uploads\/johannes-lessmann-ceramica-taller-jarron-verde-reparacion-kintsugi-foto-titulo.jpg","datePublished":"2026-02-26T10:51:49+00:00","dateModified":"2026-02-26T10:57:11+00:00","description":"La reparaci\u00f3n de cer\u00e1mica con oro se puede realizar mediante la t\u00e9cnica kintsugi, tambi\u00e9n conocida como reparaci\u00f3n kintsugi con oro.","breadcrumb":{"@id":"https:\/\/www.robertzueblin.com\/es\/kintsugi\/reparacion-de-ceramica-con-oro\/#breadcrumb"},"inLanguage":"es","potentialAction":[{"@type":"ReadAction","target":["https:\/\/www.robertzueblin.com\/es\/kintsugi\/reparacion-de-ceramica-con-oro\/"]}]},{"@type":"ImageObject","inLanguage":"es","@id":"https:\/\/www.robertzueblin.com\/es\/kintsugi\/reparacion-de-ceramica-con-oro\/#primaryimage","url":"https:\/\/www.robertzueblin.com\/wp-content\/uploads\/johannes-lessmann-ceramica-taller-jarron-verde-reparacion-kintsugi-foto-titulo.jpg","contentUrl":"https:\/\/www.robertzueblin.com\/wp-content\/uploads\/johannes-lessmann-ceramica-taller-jarron-verde-reparacion-kintsugi-foto-titulo.jpg"},{"@type":"BreadcrumbList","@id":"https:\/\/www.robertzueblin.com\/es\/kintsugi\/reparacion-de-ceramica-con-oro\/#breadcrumb","itemListElement":[{"@type":"ListItem","position":1,"name":"Startseite","item":"https:\/\/www.robertzueblin.com\/es\/"},{"@type":"ListItem","position":2,"name":"Kintsugi &#8211; filosof\u00eda, significado, historia","item":"https:\/\/www.robertzueblin.com\/es\/kintsugi\/"},{"@type":"ListItem","position":3,"name":"Reparaci\u00f3n de Cer\u00e1mica con Oro (Kintsugi)"}]},{"@type":"WebSite","@id":"https:\/\/www.robertzueblin.com\/es\/#website","url":"https:\/\/www.robertzueblin.com\/es\/","name":"ROBERT Z\u00dcBLIN","description":"","publisher":{"@id":"https:\/\/www.robertzueblin.com\/es\/#organization"},"potentialAction":[{"@type":"SearchAction","target":{"@type":"EntryPoint","urlTemplate":"https:\/\/www.robertzueblin.com\/es\/?s={search_term_string}"},"query-input":{"@type":"PropertyValueSpecification","valueRequired":true,"valueName":"search_term_string"}}],"inLanguage":"es"},{"@type":"Organization","@id":"https:\/\/www.robertzueblin.com\/es\/#organization","name":"ROBERT Z\u00dcBLIN","url":"https:\/\/www.robertzueblin.com\/es\/","logo":{"@type":"ImageObject","inLanguage":"es","@id":"https:\/\/www.robertzueblin.com\/es\/#\/schema\/logo\/image\/","url":"https:\/\/www.robertzueblin.com\/wp-content\/uploads\/cropped-cropped-logo-von-robert-zueblin.jpg","contentUrl":"https:\/\/www.robertzueblin.com\/wp-content\/uploads\/cropped-cropped-logo-von-robert-zueblin.jpg","width":440,"height":60,"caption":"ROBERT Z\u00dcBLIN"},"image":{"@id":"https:\/\/www.robertzueblin.com\/es\/#\/schema\/logo\/image\/"}}]}},"_links":{"self":[{"href":"https:\/\/www.robertzueblin.com\/es\/wp-json\/wp\/v2\/pages\/44047","targetHints":{"allow":["GET"]}}],"collection":[{"href":"https:\/\/www.robertzueblin.com\/es\/wp-json\/wp\/v2\/pages"}],"about":[{"href":"https:\/\/www.robertzueblin.com\/es\/wp-json\/wp\/v2\/types\/page"}],"author":[{"embeddable":true,"href":"https:\/\/www.robertzueblin.com\/es\/wp-json\/wp\/v2\/users\/1"}],"replies":[{"embeddable":true,"href":"https:\/\/www.robertzueblin.com\/es\/wp-json\/wp\/v2\/comments?post=44047"}],"version-history":[{"count":11,"href":"https:\/\/www.robertzueblin.com\/es\/wp-json\/wp\/v2\/pages\/44047\/revisions"}],"predecessor-version":[{"id":49995,"href":"https:\/\/www.robertzueblin.com\/es\/wp-json\/wp\/v2\/pages\/44047\/revisions\/49995"}],"up":[{"embeddable":true,"href":"https:\/\/www.robertzueblin.com\/es\/wp-json\/wp\/v2\/pages\/33713"}],"wp:attachment":[{"href":"https:\/\/www.robertzueblin.com\/es\/wp-json\/wp\/v2\/media?parent=44047"}],"curies":[{"name":"wp","href":"https:\/\/api.w.org\/{rel}","templated":true}]}}