{"id":40658,"date":"2024-10-20T19:18:19","date_gmt":"2024-10-20T17:18:19","guid":{"rendered":"https:\/\/www.robertzueblin.com\/?page_id=40658"},"modified":"2024-10-20T19:18:49","modified_gmt":"2024-10-20T17:18:49","slug":"kintsugi-kit-de-reparacion-de-la-ceramica","status":"publish","type":"page","link":"https:\/\/www.robertzueblin.com\/es\/kintsugi\/kintsugi-kit\/","title":{"rendered":"Kintsugi Kit de Reparaci\u00f3n de la Cer\u00e1mica"},"content":{"rendered":"<p><strong>Aqu\u00ed le mostramos d\u00f3nde puede comprar un Kintsugi Kit original para reparar cer\u00e1mica o porcelana. Con tal Kintsugi Kit de reparaci\u00f3n, o Kintsugi set tradicional, puede hacer usted mismo el Kintsugi japon\u00e9s original, a saber, con laca urushi real y oro real.<\/strong><\/p>\n<div><span style=\"float: left;color: #a4a4a4\"><small><i>&#8211; Anuncio &#8211;<\/i><\/small><\/span><\/div>\n<p><a href=\"https:\/\/amzn.to\/3N8oVzw\" rel=\"sponsored\"><\/p>\n<figure class=\"newsst\"><img decoding=\"async\" src=\"https:\/\/m.media-amazon.com\/images\/I\/71UvtTy7EQL._AC_SL1500_.jpg\" alt=\"Comprar Kit Kintsugi de Jap\u00f3n, tambi\u00e9n llamado Kit de reparaci\u00f3n Kintsugi original, Kit Kintsugi original, Kit Kintsukuroi, simplemente haga su pedido en l\u00ednea.\" \/><\/a><\/figure><figcaption><strong><a href=\"https:\/\/amzn.to\/3N8oVzw\">Comprar original Kintsugi Kit de reparaci\u00f3n con oro en <u>\u00abAmazon Japan\u00bb<\/u><\/a><\/strong><\/figcaption><div>&nbsp;<\/div>\n<div style=\"background: #1C1C1C; line-height: 2.2em; padding: 1em 1em 0em 1em; color: #ffffff; margin-left: 0.5em; margin-bottom: 3em; float:right;\">\n<div style=\"font-family: AkkoPro-BoldCondensed;font-size: 1.2em;text-align: center;\"><strong>RESUMEN<\/strong><\/div>\n<ul style=\"font-family: AkkoPro-BoldCondensed!important;font-size:1.1em!important;padding-left: 0.4em!important; margin-left:0.4em!important;\">\n<li><a style=\"font-family: AkkoPro-MediumCondensed!important;color: #ffffff!important; text-decoration: none;\" href=\"#Por_que_necesito_un_kit_Kintsugi\">\u00bfPor qu\u00e9 necesito un Kit Kintsugi?<\/a><\/li>\n<li><a style=\"font-family: AkkoPro-MediumCondensed!important;color: #ffffff!important; text-decoration: none;\" href=\"#Compre_un_kit_Kintsugi_original_en_Japon\">Compre un Kintsugi Kit original en Jap\u00f3n<\/a><\/li>\n<li><a style=\"font-family: AkkoPro-MediumCondensed!important;color: #ffffff!important; text-decoration: none;\" href=\"#Kit_Kintsugi_apto_para_alimentos\">Kit Kintsugi apto para alimentos<\/a><\/li>\n<li><a style=\"font-family: AkkoPro-MediumCondensed!important;color: #ffffff!important; text-decoration: none;\" href=\"#Que_puede_reparar_con_un_juego_Kintsugi\">Qu\u00e9 puede reparar con un juego Kintsugi<\/a><\/li>\n<li><a style=\"font-family: AkkoPro-MediumCondensed!important;color: #ffffff!important; text-decoration: none;\" href=\"#Diferencia_entre_kintsugi_tradicional_y_moderno\">Diferencia entre Kintsugi tradicional y moderno<\/a><\/li>\n<\/ul>\n<\/div>\n<div style=\"font-size:1.1em!important;\"><strong>Sin embargo, no s\u00f3lo existe un Kintsugi Kit que contenga oro aut\u00e9ntico o polvo de oro aut\u00e9ntico. Tambi\u00e9n puede comprar un Kit Kintsugi que contenga adem\u00e1s plata aut\u00e9ntica o polvo de plata aut\u00e9ntico. Con el Kit Kintsugi con oro y plata, tiene un color adicional para elegir. A continuaci\u00f3n, puede realizar el acabado met\u00e1lico final de la reparaci\u00f3n Kintsugi en plata u oro. Sin embargo, debe tener en cuenta que la plata puede deslustrarse con el tiempo, es decir, cambiar de color y oscurecerse. Si s\u00f3lo desea realizar el acabado en color dorado, el juego de reparaci\u00f3n Kintsugi con oro aut\u00e9ntico es suficiente.<\/strong><\/div>\n<div>&nbsp;<\/div>\n<div style=\"font-size:1.1em!important;\"><strong>El Kintsugi es una t\u00e9cnica japonesa centenaria que puede utilizarse para reparar cer\u00e1mica o porcelana. La palabra japonesa \u00abKin\u00bb significa \u00aboro\u00bb y \u00abtsugi\u00bb \u00abunir\u00bb. Sin embargo, Kintsugi (\u91d1\u7d99\u304e) tambi\u00e9n puede traducirse como \u00abuni\u00f3n dorada\u00bb, \u00abuni\u00f3n de oro\u00bb o \u00abensamblaje dorado\u00bb. A veces se utiliza el t\u00e9rmino Kintsukuroi en lugar de Kintsugi, que significa \u00abreparaci\u00f3n con oro\u00bb. Si las zonas reparadas se refinan con plata en lugar de oro, se utiliza el t\u00e9rmino Gintsugi, en el que \u00abgin\u00bb significa plata.<\/strong><\/div>\n<div>&nbsp;<\/div>\n<div>&nbsp;<\/div>\n<div style=\"position:relative;\">\n<div id=\"Por_que_necesito_un_kit_Kintsugi\" style=\"position:absolute; top:-5em;\"><\/div>\n<\/div>\n<h2>\u00bfPor qu\u00e9 necesito un Kit Kintsugi?<\/h2>\n<p>Un <strong>Kit de Kintsugi original<\/strong>, tambi\u00e9n conocido como Kintsugi Kit original, con el que es posible realizar la reparaci\u00f3n original japonesa mediante la <a href=\"https:\/\/www.robertzueblin.com\/es\/kintsugi\/\">t\u00e9cnica del Kintsugi<\/a>, debe contener polvo de oro aut\u00e9ntico, polvo de arcilla, algunas herramientas como un pincel estrecho y abrasivos, adem\u00e1s de la laca Urushi original del \u00e1rbol de la laca. Por supuesto, tambi\u00e9n puede comprar individualmente los materiales y herramientas necesarios para hacer Kintsugi usted mismo (DIY Kintsugi), pero resulta especialmente pr\u00e1ctico para los principiantes comprar un juego (Kit). <\/p>\n<p>Un Kit de Kintsugi (set de Kintsugi) tambi\u00e9n puede incluir una esp\u00e1tula de madera, por ejemplo, para hacer ciertos compuestos de relleno o adhesivos, y una pipeta de agua para hacer la mezcla adecuada de estos compuestos. La guata de seda es adecuado para aplicar el polvo de oro al final de la reparaci\u00f3n Kintsugi, por lo que a menudo se incluye en un Kit Kintsugi. Adem\u00e1s del polvo de oro, tambi\u00e9n puede incluirse polvo de plata en un Kit de reparaci\u00f3n Kintsugi, por ejemplo, lo que le ofrece una gama m\u00e1s amplia de posibles acabados de color para las zonas reparadas. Por ejemplo, algunos esmaltes de las piezas de cer\u00e1mica o porcelana que se van a reparar se adaptan mejor a un color plateado que a uno dorado. Sin embargo, a la hora de decidir el color, es importante tener en cuenta que siempre existe la posibilidad de que la plata se deslustre con el tiempo, es decir, que cambie de color y se oscurezca.<\/p>\n<div>&nbsp;<\/div>\n<div style=\"position:relative;\">\n<div id=\"Compre_un_kit_Kintsugi_original_en_Japon\" style=\"position:absolute; top:-5em;\"><\/div>\n<\/div>\n<h2>Compre un Kintsugi Kit original en Jap\u00f3n<\/h2>\n<p>Dado que <strong>la t\u00e9cnica de reparaci\u00f3n Kintsugi procede de Jap\u00f3n<\/strong>, tambi\u00e9n hay muchos proveedores de Kits Kintsugi originales o Sets Kintsugi originales en Jap\u00f3n. Los Kits de reparaci\u00f3n Kintsugi de proveedores japoneses pueden encargarse c\u00f3modamente en l\u00ednea.<\/p>\n<h3>Kit de Kintsugi con oro para principiantes<\/h3>\n<p>El siguiente <strong>Kit de Kintsugi con polvo de oro<\/strong> es adecuado para principiantes, aunque es esencial leer las instrucciones de Kintsugi, que se incluyen en el set en ingl\u00e9s y japon\u00e9s, antes de empezar a trabajar con el Kit Kintsugi (por ejemplo, debe llevar guantes al utilizar la laca urushi, ya que puede provocar reacciones al\u00e9rgicas; otros recomiendan tambi\u00e9n llevar una mascarilla protectora al utilizar el polvo met\u00e1lico): <\/p>\n\n<table id=\"tablepress-82\" class=\"tablepress tablepress-id-82 tablepress-responsive tablepress-responsive-stack-phone\">\n<tbody>\n<tr class=\"row-1\">\n\t<td class=\"column-1\">&nbsp;<br \/>\n<div><span style=\"float: left;color: #a4a4a4\"><small><i>- Anuncio -<\/i><\/small><\/span><\/div><br \/>\n<a href=\"https:\/\/amzn.to\/3N8oVzw\" rel=\"sponsored\"><img decoding=\"async\" src=\"https:\/\/m.media-amazon.com\/images\/I\/71UvtTy7EQL._AC_SL1500_.jpg\" alt=\"Comprar Kintsugi Kit de Jap\u00f3n, tambi\u00e9n llamado original Kintsugi Kit de reparaci\u00f3n, Kintsugi Kit original, Kintsukuroi Kit, Kintsugi Set, simplemente ordenar online.\" style=\"width: 300px;height: auto\" \/><br \/>\n<div style=\"margin-top: -1em;text-align:left;\"><strong>Original Kintsugi Kit conjunto con oro para principiantes<\/strong><\/div><\/a><br \/>\n<p><a href=\"https:\/\/amzn.to\/3N8oVzw\" rel=\"sponsored\" style=\"text-decoration: none;background: #D8D8D8;padding-left: 0.4em;padding-right: 0.4em;padding-top: -0.1em;padding-bottom: -0.2em;float:left\"><strong>Ver en Amazon.co.jp<\/strong><\/a> <span>&nbsp;<\/span><\/p><\/td><td class=\"column-2\">&nbsp;<br \/>\n<span style=\"font-size: 1.1em;\"><strong>Este Kit Kintsugi incluye lo siguiente: <\/strong><\/span><ul style=\"font-size: 1.1em; text-align:left;\"><li>polvo de oro real (0,1 g)<\/li><li>bola de guata de seda<\/li><li>laca urushi (30 g)<\/li><li>harina de madera (aprox. 8 ml)<\/li><li>arcilla en polvo (aprox. 8 ml)<\/li><li>pigmentos negros (aprox. 3 ml)<\/li><li>pigmentos rojos (aprox. 3 ml)<\/li><li>pincel de punta fina<\/li><li>espatula de pl\u00e1stico<\/li><li>esp\u00e1tula de bamb\u00fa<\/li><li>disco acr\u00edlico<\/li><li>pipeta<\/li><li>papel de lija impermeable<\/li><li>papel de lija<\/li><li>cinta adhesiva<\/li><li>cuchara peque\u00f1a<\/li><li>guantes de goma (talla M de japon\u00e9s)<\/li><li>instrucciones kintsugi (en ingl\u00e9s y japon\u00e9s)<\/li><br \/>\n<\/ul><br \/>\n<\/td>\n<\/tr>\n<\/tbody>\n<\/table>\n<!-- #tablepress-82 from cache -->\n<h3>Kit Kintsugi con oro y plata<\/h3>\n<p>Si desea trabajar con plata adem\u00e1s de oro, puede elegir el siguiente Kit de Kintsugi, que contiene <strong>polvo de oro y plata<\/strong>. Antes de empezar a trabajar con el Kit, es imprescindible leer las instrucciones de Kintsugi, que se incluyen en el Kit Kintsugi en ingl\u00e9s y japon\u00e9s (por ejemplo, debe llevar guantes cuando utilice la laca urushi, ya que puede provocar reacciones al\u00e9rgicas; otros recomiendan tambi\u00e9n llevar una mascarilla protectora cuando utilice el polvo met\u00e1lico): <\/p>\n\n<table id=\"tablepress-86\" class=\"tablepress tablepress-id-86 tablepress-responsive tablepress-responsive-stack-phone\">\n<tbody>\n<tr class=\"row-1\">\n\t<td class=\"column-1\">&nbsp;<br \/>\n<div><span style=\"float: left;color: #a4a4a4\"><small><i>- Anuncio -<\/i><\/small><\/span><\/div><br \/>\n<a href=\"https:\/\/amzn.to\/4gV7Uqf\" rel=\"sponsored\"><img decoding=\"async\" src=\"https:\/\/m.media-amazon.com\/images\/I\/71XUJz76r4L._AC_SL1500_.jpg\" alt=\"Comprar kintsugi kit con oro y plata de Jap\u00f3n, tambi\u00e9n llamado kintsugi kit de reparaci\u00f3n, kintsugi kit original, kit de reparaci\u00f3n kintsugi, kintsugi set original, kit kintsukuroi, simplemente haga su pedido online\" style=\"width: 300px;height: auto\" \/><br \/>\n<div style=\"margin-top: -1em;text-align:left;\"><strong> Kit Kintsugi original con el oro y la plata<\/strong><\/div><\/a><br \/>\n<p><a href=\"https:\/\/amzn.to\/4gV7Uqf\" rel=\"sponsored\" style=\"text-decoration: none;background: #D8D8D8;padding-left: 0.4em;padding-right: 0.4em;padding-top: -0.1em;padding-bottom: -0.2em;float:left\"><strong>Ver en Amazon.co.jp<\/strong><\/a> <span>&nbsp;<\/span><\/p><br \/>\n<\/td><td class=\"column-2\">&nbsp;<br \/>\n<span style=\"font-size: 1.1em;\"><strong>Este Kintsugi Kit incluye lo siguiente:<\/strong><\/span><ul style=\"font-size: 1.1em;text-align:left;\"><li>polvo de oro real (0,3 g)<\/li><li>polvo de plata real (0,5 g)<\/li><li>2 x bola de guata de seda<\/li><li>laca urushi (30 g)<\/li><li>harina de madera (aprox. 8 ml)<\/li><li>arcilla en polvo (aprox. 8 ml)<\/li><li>pigmentos negros (aprox. 3 ml)<\/li><li>Pigmentos rojos (aprox. 3 ml)<\/li><li>pincel con punta fina<\/li><li>esp\u00e1tula de pl\u00e1stico<\/li><li>esp\u00e1tula de bamb\u00fa<\/li><li>disco acr\u00edlico<\/li><li>pipeta<\/li><li>papel de lija impermeable<\/li><li>papel de lija<\/li><li>cinta adhesiva<\/li><li>cuchara peque\u00f1a<\/li><li>guantes de goma (talla M de japon\u00e9s)<\/li><li>instrucciones Kintsugi (en ingl\u00e9s y japon\u00e9s)<\/li><\/ul><br \/>\n<\/td>\n<\/tr>\n<\/tbody>\n<\/table>\n<!-- #tablepress-86 from cache -->\n<div>&nbsp;<\/div>\n<div style=\"position:relative;\">\n<div id=\"Kit_Kintsugi_apto_para_alimentos\" style=\"position:absolute; top:-5em;\"><\/div>\n<\/div>\n<h2>Kit Kintsugi apto para alimentos<\/h2>\n<p>Si desea utilizar el <strong>Kintsugi<\/strong> para reparar <strong>objetos<\/strong> que entran en contacto con alimentos, como una taza en la que se bebe o un plato en el que se come, debe asegurarse de que el <strong>Kit de Kintsugi es apto para alimentos<\/strong>. Adem\u00e1s de la laca, el polvo de arcilla, cualquier polvo de madera y todos los dem\u00e1s materiales utilizados en el juego de reparaci\u00f3n Kintsugi, esto tambi\u00e9n se aplica a la cuesti\u00f3n de si el oro y\/o la plata utilizados para terminar la reparaci\u00f3n son seguros para los alimentos.<\/p>\n<p>Siempre debe preguntar al proveedor si un Kintsugi Kit es apto para alimentos si el proveedor no lo indica en la oferta, por ejemplo escribiendo \u00absafe to use on tableware\u00bb (\u00abapto para vajilla\u00bb) o \u00abfood safe\u00bb (\u00abapto para alimentos\u00bb).<\/p>\n<div>&nbsp;<\/div>\n<div style=\"position:relative;\">\n<div id=\"Que_puede_reparar_con_un_juego_Kintsugi\" style=\"position:absolute; top:-5em;\"><\/div>\n<\/div>\n<h2>Qu\u00e9 puede reparar con un juego Kintsugi<\/h2>\n<p>El Kintsugi es una t\u00e9cnica japonesa para reparar piezas de cer\u00e1mica y porcelana <strong>rotas<\/strong> o agrietadas. Las piezas rotas pueden pegarse mediante el m\u00e9todo Kintsugi, las grietas pueden repararse de varias formas y las <strong>imperfecciones<\/strong> pueden remodelarse.<\/p>\n<p>A continuaci\u00f3n, las zonas remodeladas y las l\u00edneas de rotura se recubren con laca urushi y, tras una breve espera, se aplica el polvo de oro o de plata para el acabado.<\/p>\n<p>Puede ver c\u00f3mo realizar una reparaci\u00f3n Kintsugi en un <a href=\"https:\/\/www.youtube.com\/watch?v=AciRBP-euj0\">tutorial de Kintsugi aqu\u00ed en YouTube<\/a>, por ejemplo.<\/p>\n<p>El Kintsugi es una t\u00e9cnica de reparaci\u00f3n muy antigua que probablemente comenz\u00f3 en Jap\u00f3n en el siglo XV de nuestra era. <a href=\"https:\/\/www.robertzueblin.com\/es\/kintsugi\/#Historia_del_kintsugi\">Puede leer m\u00e1s sobre la historia del Kintsugi aqu\u00ed.<\/a> <\/p>\n<div>&nbsp;<\/div>\n<div style=\"position:relative;\">\n<div id=\"Diferencia_entre_kintsugi_tradicional_y_moderno\" style=\"position:absolute; top:-5em;\"><\/div>\n<\/div>\n<h2>Diferencia entre Kintsugi tradicional y moderno<\/h2>\n<p><strong>El Kintsugi tradicional (Kintsugi original) difiere de las t\u00e9cnicas modernas de Kintsugi<\/strong> en que el <strong>Kintsugi moderno<\/strong> utiliza adhesivos sint\u00e9ticos como el pegamento epoxi y el polvo de color dorado o plateado, por ejemplo. Por consiguiente, al comprar un Kit de reparaci\u00f3n de Kintsugi, debe prestar atenci\u00f3n a si est\u00e1 comprando un Kit de Kintsugi tradicional (tambi\u00e9n conocido como Kit de Kintsugi original o Kintsugi Kit original) o un Kit de Kintsugi moderno. <\/p>\n<p>El <strong>Kintsugi tradicional<\/strong> utiliza <strong>laca urushi, que se obtiene del llamado \u00e1rbol de la laca, y oro aut\u00e9ntico o plata aut\u00e9ntica en polvo<\/strong>. Sin embargo, tambi\u00e9n es posible utilizar otros polvos met\u00e1licos en el Kintsugi tradicional, como polvo de lat\u00f3n, polvo de cobre, polvo de platino, polvo de aluminio o polvo de bronce. Tampoco se utilizan otros pl\u00e1sticos en el Kintsugi tradicional, sino una mezcla de agua, polvo de arcilla y urushi como relleno para reparar imperfecciones, por ejemplo, y una mezcla de harina de trigo, agua y urushi como adhesivo para pegar fragmentos. Seg\u00fan la receta, estas masas tambi\u00e9n pueden tener una composici\u00f3n diferente. El relleno tambi\u00e9n puede basarse en el adhesivo de harina, agua y urushi y luego a\u00f1adirse harina de madera y polvo de arcilla. <\/p>\n<p>Las ventajas de los Kits Kintsugi tradicionales u originales no son s\u00f3lo las materias primas naturales, sino tambi\u00e9n la posibilidad de retirar las cuentas de pegamento que sobresale una vez pegados los fragmentos y endurecido el adhesivo. Esto se debe a que a continuaci\u00f3n se aplican una o varias capas de laca sobre estas l\u00edneas de pegamento, que luego se terminan con polvo de oro o plata. En muchos conjuntos de Kintsugi modernos, en cambio, se dejan como resultado final las cuentas de adhesivo que emergen de las l\u00edneas de rotura.<\/p>\n<p>Si no desea reparar usted mismo su pieza de cer\u00e1mica o porcelana, tambi\u00e9n puede encargar la reparaci\u00f3n de su cer\u00e1mica en nuestro <a href=\"https:\/\/www.robertzueblin.com\/es\/kintsugi\/arte-japones-reparar-ceramica-tecnica-japonesa\/\">taller de reparaci\u00f3n de Kintsugi<\/a>.<\/p>\n","protected":false},"excerpt":{"rendered":"<p>Aqu\u00ed le mostramos d\u00f3nde puede comprar un Kintsugi Kit original para reparar cer\u00e1mica o porcelana. Con tal Kintsugi Kit de reparaci\u00f3n, o Kintsugi set tradicional, puede hacer usted mismo el Kintsugi japon\u00e9s original, a saber, con laca urushi real y oro real. &#8211; Anuncio &#8211; Comprar original Kintsugi Kit de reparaci\u00f3n con oro en \u00abAmazon [&hellip;]<\/p>\n","protected":false},"author":1,"featured_media":0,"parent":33713,"menu_order":0,"comment_status":"closed","ping_status":"closed","template":"","meta":{"footnotes":""},"class_list":["post-40658","page","type-page","status-publish","hentry"],"yoast_head":"<!-- This site is optimized with the Yoast SEO plugin v27.5 - https:\/\/yoast.com\/product\/yoast-seo-wordpress\/ -->\n<title>Kintsugi Kit de Reparaci\u00f3n de la Cer\u00e1mica<\/title>\n<meta name=\"description\" content=\"Desea comprar un original Kintsugi Kit de reparaci\u00f3n (Kit Kintsugi original, Kit Kintsukuroi, Set): pedir en Jap\u00f3n.\" \/>\n<meta name=\"robots\" content=\"index, follow, max-snippet:-1, max-image-preview:large, max-video-preview:-1\" \/>\n<link rel=\"canonical\" href=\"https:\/\/www.robertzueblin.com\/es\/kintsugi\/kintsugi-kit\/\" \/>\n<meta property=\"og:locale\" content=\"es_ES\" \/>\n<meta property=\"og:type\" content=\"article\" \/>\n<meta property=\"og:title\" content=\"Kintsugi Kit de Reparaci\u00f3n de la Cer\u00e1mica\" \/>\n<meta property=\"og:description\" content=\"Desea comprar un original Kintsugi Kit de reparaci\u00f3n (Kit Kintsugi original, Kit Kintsukuroi, Set): pedir en Jap\u00f3n.\" \/>\n<meta property=\"og:url\" content=\"https:\/\/www.robertzueblin.com\/es\/kintsugi\/kintsugi-kit\/\" \/>\n<meta property=\"og:site_name\" content=\"ROBERT Z\u00dcBLIN\" \/>\n<meta property=\"article:modified_time\" content=\"2024-10-20T17:18:49+00:00\" \/>\n<meta property=\"og:image\" content=\"https:\/\/m.media-amazon.com\/images\/I\/71UvtTy7EQL._AC_SL1500_.jpg\" \/>\n<meta name=\"twitter:card\" content=\"summary_large_image\" \/>\n<script type=\"application\/ld+json\" class=\"yoast-schema-graph\">{\"@context\":\"https:\\\/\\\/schema.org\",\"@graph\":[{\"@type\":\"WebPage\",\"@id\":\"https:\\\/\\\/www.robertzueblin.com\\\/es\\\/kintsugi\\\/kintsugi-kit\\\/\",\"url\":\"https:\\\/\\\/www.robertzueblin.com\\\/es\\\/kintsugi\\\/kintsugi-kit\\\/\",\"name\":\"Kintsugi Kit de Reparaci\u00f3n de la Cer\u00e1mica\",\"isPartOf\":{\"@id\":\"https:\\\/\\\/www.robertzueblin.com\\\/es\\\/#website\"},\"primaryImageOfPage\":{\"@id\":\"https:\\\/\\\/www.robertzueblin.com\\\/es\\\/kintsugi\\\/kintsugi-kit\\\/#primaryimage\"},\"image\":{\"@id\":\"https:\\\/\\\/www.robertzueblin.com\\\/es\\\/kintsugi\\\/kintsugi-kit\\\/#primaryimage\"},\"thumbnailUrl\":\"https:\\\/\\\/m.media-amazon.com\\\/images\\\/I\\\/71UvtTy7EQL._AC_SL1500_.jpg\",\"datePublished\":\"2024-10-20T17:18:19+00:00\",\"dateModified\":\"2024-10-20T17:18:49+00:00\",\"description\":\"Desea comprar un original Kintsugi Kit de reparaci\u00f3n (Kit Kintsugi original, Kit Kintsukuroi, Set): pedir en Jap\u00f3n.\",\"breadcrumb\":{\"@id\":\"https:\\\/\\\/www.robertzueblin.com\\\/es\\\/kintsugi\\\/kintsugi-kit\\\/#breadcrumb\"},\"inLanguage\":\"es\",\"potentialAction\":[{\"@type\":\"ReadAction\",\"target\":[\"https:\\\/\\\/www.robertzueblin.com\\\/es\\\/kintsugi\\\/kintsugi-kit\\\/\"]}]},{\"@type\":\"ImageObject\",\"inLanguage\":\"es\",\"@id\":\"https:\\\/\\\/www.robertzueblin.com\\\/es\\\/kintsugi\\\/kintsugi-kit\\\/#primaryimage\",\"url\":\"https:\\\/\\\/m.media-amazon.com\\\/images\\\/I\\\/71UvtTy7EQL._AC_SL1500_.jpg\",\"contentUrl\":\"https:\\\/\\\/m.media-amazon.com\\\/images\\\/I\\\/71UvtTy7EQL._AC_SL1500_.jpg\"},{\"@type\":\"BreadcrumbList\",\"@id\":\"https:\\\/\\\/www.robertzueblin.com\\\/es\\\/kintsugi\\\/kintsugi-kit\\\/#breadcrumb\",\"itemListElement\":[{\"@type\":\"ListItem\",\"position\":1,\"name\":\"Startseite\",\"item\":\"https:\\\/\\\/www.robertzueblin.com\\\/es\\\/\"},{\"@type\":\"ListItem\",\"position\":2,\"name\":\"Kintsugi &#8211; filosof\u00eda, significado, historia\",\"item\":\"https:\\\/\\\/www.robertzueblin.com\\\/es\\\/kintsugi\\\/\"},{\"@type\":\"ListItem\",\"position\":3,\"name\":\"Kintsugi Kit de Reparaci\u00f3n de la Cer\u00e1mica\"}]},{\"@type\":\"WebSite\",\"@id\":\"https:\\\/\\\/www.robertzueblin.com\\\/es\\\/#website\",\"url\":\"https:\\\/\\\/www.robertzueblin.com\\\/es\\\/\",\"name\":\"ROBERT Z\u00dcBLIN\",\"description\":\"\",\"publisher\":{\"@id\":\"https:\\\/\\\/www.robertzueblin.com\\\/es\\\/#organization\"},\"potentialAction\":[{\"@type\":\"SearchAction\",\"target\":{\"@type\":\"EntryPoint\",\"urlTemplate\":\"https:\\\/\\\/www.robertzueblin.com\\\/es\\\/?s={search_term_string}\"},\"query-input\":{\"@type\":\"PropertyValueSpecification\",\"valueRequired\":true,\"valueName\":\"search_term_string\"}}],\"inLanguage\":\"es\"},{\"@type\":\"Organization\",\"@id\":\"https:\\\/\\\/www.robertzueblin.com\\\/es\\\/#organization\",\"name\":\"ROBERT Z\u00dcBLIN\",\"url\":\"https:\\\/\\\/www.robertzueblin.com\\\/es\\\/\",\"logo\":{\"@type\":\"ImageObject\",\"inLanguage\":\"es\",\"@id\":\"https:\\\/\\\/www.robertzueblin.com\\\/es\\\/#\\\/schema\\\/logo\\\/image\\\/\",\"url\":\"https:\\\/\\\/www.robertzueblin.com\\\/wp-content\\\/uploads\\\/cropped-cropped-logo-von-robert-zueblin.jpg\",\"contentUrl\":\"https:\\\/\\\/www.robertzueblin.com\\\/wp-content\\\/uploads\\\/cropped-cropped-logo-von-robert-zueblin.jpg\",\"width\":440,\"height\":60,\"caption\":\"ROBERT Z\u00dcBLIN\"},\"image\":{\"@id\":\"https:\\\/\\\/www.robertzueblin.com\\\/es\\\/#\\\/schema\\\/logo\\\/image\\\/\"}}]}<\/script>\n<!-- \/ Yoast SEO plugin. -->","yoast_head_json":{"title":"Kintsugi Kit de Reparaci\u00f3n de la Cer\u00e1mica","description":"Desea comprar un original Kintsugi Kit de reparaci\u00f3n (Kit Kintsugi original, Kit Kintsukuroi, Set): pedir en Jap\u00f3n.","robots":{"index":"index","follow":"follow","max-snippet":"max-snippet:-1","max-image-preview":"max-image-preview:large","max-video-preview":"max-video-preview:-1"},"canonical":"https:\/\/www.robertzueblin.com\/es\/kintsugi\/kintsugi-kit\/","og_locale":"es_ES","og_type":"article","og_title":"Kintsugi Kit de Reparaci\u00f3n de la Cer\u00e1mica","og_description":"Desea comprar un original Kintsugi Kit de reparaci\u00f3n (Kit Kintsugi original, Kit Kintsukuroi, Set): pedir en Jap\u00f3n.","og_url":"https:\/\/www.robertzueblin.com\/es\/kintsugi\/kintsugi-kit\/","og_site_name":"ROBERT Z\u00dcBLIN","article_modified_time":"2024-10-20T17:18:49+00:00","og_image":[{"url":"https:\/\/m.media-amazon.com\/images\/I\/71UvtTy7EQL._AC_SL1500_.jpg","type":"","width":"","height":""}],"twitter_card":"summary_large_image","schema":{"@context":"https:\/\/schema.org","@graph":[{"@type":"WebPage","@id":"https:\/\/www.robertzueblin.com\/es\/kintsugi\/kintsugi-kit\/","url":"https:\/\/www.robertzueblin.com\/es\/kintsugi\/kintsugi-kit\/","name":"Kintsugi Kit de Reparaci\u00f3n de la Cer\u00e1mica","isPartOf":{"@id":"https:\/\/www.robertzueblin.com\/es\/#website"},"primaryImageOfPage":{"@id":"https:\/\/www.robertzueblin.com\/es\/kintsugi\/kintsugi-kit\/#primaryimage"},"image":{"@id":"https:\/\/www.robertzueblin.com\/es\/kintsugi\/kintsugi-kit\/#primaryimage"},"thumbnailUrl":"https:\/\/m.media-amazon.com\/images\/I\/71UvtTy7EQL._AC_SL1500_.jpg","datePublished":"2024-10-20T17:18:19+00:00","dateModified":"2024-10-20T17:18:49+00:00","description":"Desea comprar un original Kintsugi Kit de reparaci\u00f3n (Kit Kintsugi original, Kit Kintsukuroi, Set): pedir en Jap\u00f3n.","breadcrumb":{"@id":"https:\/\/www.robertzueblin.com\/es\/kintsugi\/kintsugi-kit\/#breadcrumb"},"inLanguage":"es","potentialAction":[{"@type":"ReadAction","target":["https:\/\/www.robertzueblin.com\/es\/kintsugi\/kintsugi-kit\/"]}]},{"@type":"ImageObject","inLanguage":"es","@id":"https:\/\/www.robertzueblin.com\/es\/kintsugi\/kintsugi-kit\/#primaryimage","url":"https:\/\/m.media-amazon.com\/images\/I\/71UvtTy7EQL._AC_SL1500_.jpg","contentUrl":"https:\/\/m.media-amazon.com\/images\/I\/71UvtTy7EQL._AC_SL1500_.jpg"},{"@type":"BreadcrumbList","@id":"https:\/\/www.robertzueblin.com\/es\/kintsugi\/kintsugi-kit\/#breadcrumb","itemListElement":[{"@type":"ListItem","position":1,"name":"Startseite","item":"https:\/\/www.robertzueblin.com\/es\/"},{"@type":"ListItem","position":2,"name":"Kintsugi &#8211; filosof\u00eda, significado, historia","item":"https:\/\/www.robertzueblin.com\/es\/kintsugi\/"},{"@type":"ListItem","position":3,"name":"Kintsugi Kit de Reparaci\u00f3n de la Cer\u00e1mica"}]},{"@type":"WebSite","@id":"https:\/\/www.robertzueblin.com\/es\/#website","url":"https:\/\/www.robertzueblin.com\/es\/","name":"ROBERT Z\u00dcBLIN","description":"","publisher":{"@id":"https:\/\/www.robertzueblin.com\/es\/#organization"},"potentialAction":[{"@type":"SearchAction","target":{"@type":"EntryPoint","urlTemplate":"https:\/\/www.robertzueblin.com\/es\/?s={search_term_string}"},"query-input":{"@type":"PropertyValueSpecification","valueRequired":true,"valueName":"search_term_string"}}],"inLanguage":"es"},{"@type":"Organization","@id":"https:\/\/www.robertzueblin.com\/es\/#organization","name":"ROBERT Z\u00dcBLIN","url":"https:\/\/www.robertzueblin.com\/es\/","logo":{"@type":"ImageObject","inLanguage":"es","@id":"https:\/\/www.robertzueblin.com\/es\/#\/schema\/logo\/image\/","url":"https:\/\/www.robertzueblin.com\/wp-content\/uploads\/cropped-cropped-logo-von-robert-zueblin.jpg","contentUrl":"https:\/\/www.robertzueblin.com\/wp-content\/uploads\/cropped-cropped-logo-von-robert-zueblin.jpg","width":440,"height":60,"caption":"ROBERT Z\u00dcBLIN"},"image":{"@id":"https:\/\/www.robertzueblin.com\/es\/#\/schema\/logo\/image\/"}}]}},"_links":{"self":[{"href":"https:\/\/www.robertzueblin.com\/es\/wp-json\/wp\/v2\/pages\/40658","targetHints":{"allow":["GET"]}}],"collection":[{"href":"https:\/\/www.robertzueblin.com\/es\/wp-json\/wp\/v2\/pages"}],"about":[{"href":"https:\/\/www.robertzueblin.com\/es\/wp-json\/wp\/v2\/types\/page"}],"author":[{"embeddable":true,"href":"https:\/\/www.robertzueblin.com\/es\/wp-json\/wp\/v2\/users\/1"}],"replies":[{"embeddable":true,"href":"https:\/\/www.robertzueblin.com\/es\/wp-json\/wp\/v2\/comments?post=40658"}],"version-history":[{"count":27,"href":"https:\/\/www.robertzueblin.com\/es\/wp-json\/wp\/v2\/pages\/40658\/revisions"}],"predecessor-version":[{"id":40916,"href":"https:\/\/www.robertzueblin.com\/es\/wp-json\/wp\/v2\/pages\/40658\/revisions\/40916"}],"up":[{"embeddable":true,"href":"https:\/\/www.robertzueblin.com\/es\/wp-json\/wp\/v2\/pages\/33713"}],"wp:attachment":[{"href":"https:\/\/www.robertzueblin.com\/es\/wp-json\/wp\/v2\/media?parent=40658"}],"curies":[{"name":"wp","href":"https:\/\/api.w.org\/{rel}","templated":true}]}}