{"id":35158,"date":"2023-11-09T13:44:01","date_gmt":"2023-11-09T12:44:01","guid":{"rendered":"https:\/\/www.robertzueblin.com\/?page_id=35158"},"modified":"2023-11-09T13:44:01","modified_gmt":"2023-11-09T12:44:01","slug":"hacer-oferta","status":"publish","type":"page","link":"https:\/\/www.robertzueblin.com\/es\/hacer-oferta\/","title":{"rendered":"Hacer oferta"},"content":{"rendered":"<p>Si desea hacer una oferta de precio para un producto concreto, ind\u00edquenos tambi\u00e9n para qu\u00e9 producto est\u00e1 haciendo la oferta de precio envi\u00e1ndonos el nombre del producto o el enlace al producto, y env\u00ede esta informaci\u00f3n a:<\/p>\n<p><strong>mitteilung@robertzueblin.com<\/strong><\/p>\n<p>(tenga en cuenta nuestro <a href=\"https:\/\/www.robertzueblin.com\/es\/aviso-de-privacidad\/\">aviso de privacidad<\/a>)<\/p>\n","protected":false},"excerpt":{"rendered":"<p>Si desea hacer una oferta de precio para un producto concreto, ind\u00edquenos tambi\u00e9n para qu\u00e9 producto est\u00e1 haciendo la oferta de precio envi\u00e1ndonos el nombre del producto o el enlace al producto, y env\u00ede esta informaci\u00f3n a: mitteilung@robertzueblin.com (tenga en cuenta nuestro aviso de privacidad)<\/p>\n","protected":false},"author":1,"featured_media":0,"parent":0,"menu_order":0,"comment_status":"closed","ping_status":"closed","template":"","meta":{"footnotes":""},"class_list":["post-35158","page","type-page","status-publish","hentry"],"yoast_head":"<!-- This site is optimized with the Yoast SEO plugin v27.4 - https:\/\/yoast.com\/product\/yoast-seo-wordpress\/ -->\n<title>Hacer oferta<\/title>\n<meta name=\"robots\" content=\"index, follow, max-snippet:-1, max-image-preview:large, max-video-preview:-1\" \/>\n<link rel=\"canonical\" href=\"https:\/\/www.robertzueblin.com\/es\/hacer-oferta\/\" \/>\n<meta property=\"og:locale\" content=\"es_ES\" \/>\n<meta property=\"og:type\" content=\"article\" \/>\n<meta property=\"og:title\" content=\"Hacer oferta\" \/>\n<meta property=\"og:description\" content=\"Si desea hacer una oferta de precio para un producto concreto, ind\u00edquenos tambi\u00e9n para qu\u00e9 producto est\u00e1 haciendo la oferta de precio envi\u00e1ndonos el nombre del producto o el enlace al producto, y env\u00ede esta informaci\u00f3n a: mitteilung@robertzueblin.com (tenga en cuenta nuestro aviso de privacidad)\" \/>\n<meta property=\"og:url\" content=\"https:\/\/www.robertzueblin.com\/es\/hacer-oferta\/\" \/>\n<meta property=\"og:site_name\" content=\"ROBERT Z\u00dcBLIN\" \/>\n<meta name=\"twitter:card\" content=\"summary_large_image\" \/>\n<script type=\"application\/ld+json\" class=\"yoast-schema-graph\">{\"@context\":\"https:\\\/\\\/schema.org\",\"@graph\":[{\"@type\":\"WebPage\",\"@id\":\"https:\\\/\\\/www.robertzueblin.com\\\/es\\\/hacer-oferta\\\/\",\"url\":\"https:\\\/\\\/www.robertzueblin.com\\\/es\\\/hacer-oferta\\\/\",\"name\":\"Hacer oferta\",\"isPartOf\":{\"@id\":\"https:\\\/\\\/www.robertzueblin.com\\\/es\\\/#website\"},\"datePublished\":\"2023-11-09T12:44:01+00:00\",\"breadcrumb\":{\"@id\":\"https:\\\/\\\/www.robertzueblin.com\\\/es\\\/hacer-oferta\\\/#breadcrumb\"},\"inLanguage\":\"es\",\"potentialAction\":[{\"@type\":\"ReadAction\",\"target\":[\"https:\\\/\\\/www.robertzueblin.com\\\/es\\\/hacer-oferta\\\/\"]}]},{\"@type\":\"BreadcrumbList\",\"@id\":\"https:\\\/\\\/www.robertzueblin.com\\\/es\\\/hacer-oferta\\\/#breadcrumb\",\"itemListElement\":[{\"@type\":\"ListItem\",\"position\":1,\"name\":\"Startseite\",\"item\":\"https:\\\/\\\/www.robertzueblin.com\\\/es\\\/\"},{\"@type\":\"ListItem\",\"position\":2,\"name\":\"Hacer oferta\"}]},{\"@type\":\"WebSite\",\"@id\":\"https:\\\/\\\/www.robertzueblin.com\\\/es\\\/#website\",\"url\":\"https:\\\/\\\/www.robertzueblin.com\\\/es\\\/\",\"name\":\"ROBERT Z\u00dcBLIN\",\"description\":\"\",\"publisher\":{\"@id\":\"https:\\\/\\\/www.robertzueblin.com\\\/es\\\/#organization\"},\"potentialAction\":[{\"@type\":\"SearchAction\",\"target\":{\"@type\":\"EntryPoint\",\"urlTemplate\":\"https:\\\/\\\/www.robertzueblin.com\\\/es\\\/?s={search_term_string}\"},\"query-input\":{\"@type\":\"PropertyValueSpecification\",\"valueRequired\":true,\"valueName\":\"search_term_string\"}}],\"inLanguage\":\"es\"},{\"@type\":\"Organization\",\"@id\":\"https:\\\/\\\/www.robertzueblin.com\\\/es\\\/#organization\",\"name\":\"ROBERT Z\u00dcBLIN\",\"url\":\"https:\\\/\\\/www.robertzueblin.com\\\/es\\\/\",\"logo\":{\"@type\":\"ImageObject\",\"inLanguage\":\"es\",\"@id\":\"https:\\\/\\\/www.robertzueblin.com\\\/es\\\/#\\\/schema\\\/logo\\\/image\\\/\",\"url\":\"https:\\\/\\\/www.robertzueblin.com\\\/wp-content\\\/uploads\\\/cropped-cropped-logo-von-robert-zueblin.jpg\",\"contentUrl\":\"https:\\\/\\\/www.robertzueblin.com\\\/wp-content\\\/uploads\\\/cropped-cropped-logo-von-robert-zueblin.jpg\",\"width\":440,\"height\":60,\"caption\":\"ROBERT Z\u00dcBLIN\"},\"image\":{\"@id\":\"https:\\\/\\\/www.robertzueblin.com\\\/es\\\/#\\\/schema\\\/logo\\\/image\\\/\"}}]}<\/script>\n<!-- \/ Yoast SEO plugin. -->","yoast_head_json":{"title":"Hacer oferta","robots":{"index":"index","follow":"follow","max-snippet":"max-snippet:-1","max-image-preview":"max-image-preview:large","max-video-preview":"max-video-preview:-1"},"canonical":"https:\/\/www.robertzueblin.com\/es\/hacer-oferta\/","og_locale":"es_ES","og_type":"article","og_title":"Hacer oferta","og_description":"Si desea hacer una oferta de precio para un producto concreto, ind\u00edquenos tambi\u00e9n para qu\u00e9 producto est\u00e1 haciendo la oferta de precio envi\u00e1ndonos el nombre del producto o el enlace al producto, y env\u00ede esta informaci\u00f3n a: mitteilung@robertzueblin.com (tenga en cuenta nuestro aviso de privacidad)","og_url":"https:\/\/www.robertzueblin.com\/es\/hacer-oferta\/","og_site_name":"ROBERT Z\u00dcBLIN","twitter_card":"summary_large_image","schema":{"@context":"https:\/\/schema.org","@graph":[{"@type":"WebPage","@id":"https:\/\/www.robertzueblin.com\/es\/hacer-oferta\/","url":"https:\/\/www.robertzueblin.com\/es\/hacer-oferta\/","name":"Hacer oferta","isPartOf":{"@id":"https:\/\/www.robertzueblin.com\/es\/#website"},"datePublished":"2023-11-09T12:44:01+00:00","breadcrumb":{"@id":"https:\/\/www.robertzueblin.com\/es\/hacer-oferta\/#breadcrumb"},"inLanguage":"es","potentialAction":[{"@type":"ReadAction","target":["https:\/\/www.robertzueblin.com\/es\/hacer-oferta\/"]}]},{"@type":"BreadcrumbList","@id":"https:\/\/www.robertzueblin.com\/es\/hacer-oferta\/#breadcrumb","itemListElement":[{"@type":"ListItem","position":1,"name":"Startseite","item":"https:\/\/www.robertzueblin.com\/es\/"},{"@type":"ListItem","position":2,"name":"Hacer oferta"}]},{"@type":"WebSite","@id":"https:\/\/www.robertzueblin.com\/es\/#website","url":"https:\/\/www.robertzueblin.com\/es\/","name":"ROBERT Z\u00dcBLIN","description":"","publisher":{"@id":"https:\/\/www.robertzueblin.com\/es\/#organization"},"potentialAction":[{"@type":"SearchAction","target":{"@type":"EntryPoint","urlTemplate":"https:\/\/www.robertzueblin.com\/es\/?s={search_term_string}"},"query-input":{"@type":"PropertyValueSpecification","valueRequired":true,"valueName":"search_term_string"}}],"inLanguage":"es"},{"@type":"Organization","@id":"https:\/\/www.robertzueblin.com\/es\/#organization","name":"ROBERT Z\u00dcBLIN","url":"https:\/\/www.robertzueblin.com\/es\/","logo":{"@type":"ImageObject","inLanguage":"es","@id":"https:\/\/www.robertzueblin.com\/es\/#\/schema\/logo\/image\/","url":"https:\/\/www.robertzueblin.com\/wp-content\/uploads\/cropped-cropped-logo-von-robert-zueblin.jpg","contentUrl":"https:\/\/www.robertzueblin.com\/wp-content\/uploads\/cropped-cropped-logo-von-robert-zueblin.jpg","width":440,"height":60,"caption":"ROBERT Z\u00dcBLIN"},"image":{"@id":"https:\/\/www.robertzueblin.com\/es\/#\/schema\/logo\/image\/"}}]}},"_links":{"self":[{"href":"https:\/\/www.robertzueblin.com\/es\/wp-json\/wp\/v2\/pages\/35158","targetHints":{"allow":["GET"]}}],"collection":[{"href":"https:\/\/www.robertzueblin.com\/es\/wp-json\/wp\/v2\/pages"}],"about":[{"href":"https:\/\/www.robertzueblin.com\/es\/wp-json\/wp\/v2\/types\/page"}],"author":[{"embeddable":true,"href":"https:\/\/www.robertzueblin.com\/es\/wp-json\/wp\/v2\/users\/1"}],"replies":[{"embeddable":true,"href":"https:\/\/www.robertzueblin.com\/es\/wp-json\/wp\/v2\/comments?post=35158"}],"version-history":[{"count":1,"href":"https:\/\/www.robertzueblin.com\/es\/wp-json\/wp\/v2\/pages\/35158\/revisions"}],"predecessor-version":[{"id":35160,"href":"https:\/\/www.robertzueblin.com\/es\/wp-json\/wp\/v2\/pages\/35158\/revisions\/35160"}],"wp:attachment":[{"href":"https:\/\/www.robertzueblin.com\/es\/wp-json\/wp\/v2\/media?parent=35158"}],"curies":[{"name":"wp","href":"https:\/\/api.w.org\/{rel}","templated":true}]}}