{"id":33859,"date":"2023-10-26T21:26:26","date_gmt":"2023-10-26T19:26:26","guid":{"rendered":"https:\/\/www.robertzueblin.com\/?page_id=33859"},"modified":"2023-10-26T21:26:26","modified_gmt":"2023-10-26T19:26:26","slug":"glosario-kintsugi","status":"publish","type":"page","link":"https:\/\/www.robertzueblin.com\/es\/kintsugi\/glosario-kintsugi\/","title":{"rendered":"Glosario Kintsugi"},"content":{"rendered":"<p><strong>Aqu\u00ed encontrar\u00e1 un glosario de t\u00e9rminos que aparecen en relaci\u00f3n con el kintsugi. Esto se debe a que el kintsugi procede de Jap\u00f3n, por lo que casi todos los t\u00e9rminos que aparecen en relaci\u00f3n con el kintsugi proceden del japon\u00e9s. B\u00e1sicamente, el glosario kintsugi es una especie de diccionario kintsugi, porque al lado de cada t\u00e9rmino hay una explicaci\u00f3n de lo que significa ese t\u00e9rmino <a href=\"https:\/\/www.robertzueblin.com\/es\/kintsugi\/\">Kintsugi<\/a>.<\/strong><\/p>\n<figure style=\"width:300px;height:auto\"><img decoding=\"async\" alt=\"Los defectos de la cer\u00e1mica pueden repararse con el m\u00e9todo kintsugi o gintsugi, ambos t\u00e9rminos kintsugi explicados en el glosario del kintsugi.\" src=\"https:\/\/www.robertzueblin.com\/wp-content\/uploads\/auguste-papendieck-ceramica-jarron-detalle-golpe-2-300x300.jpg\" \/><figcaption><strong>Astilla en cer\u00e1mica que se puede reparar con kintsugi<\/strong><br \/>\n<span style=\"font-size: 0.8em\">Foto: Robert Z\u00fcblin<\/span><\/figcaption><\/figure>\n<div>&nbsp;<\/div>\n<div>&nbsp;<\/div>\n<h2>Glosario kintsugi<\/h2>\n\n<table id=\"tablepress-21\" class=\"tablepress tablepress-id-21 tablepress-responsive\">\n<thead>\n<tr class=\"row-1\">\n\t<th class=\"column-1\">T\u00c9RMINO<\/th><th class=\"column-2\">EXPLICACI\u00d3N<\/th>\n<\/tr>\n<\/thead>\n<tbody class=\"row-striping\">\n<tr class=\"row-2\">\n\t<td class=\"column-1\"><strong>Barniz de anacardo<\/strong><\/td><td class=\"column-2\">Laca sint\u00e9tica a base de fenol para hacer kintsugi.<\/td>\n<\/tr>\n<tr class=\"row-3\">\n\t<td class=\"column-1\"><strong>chijimu<\/strong><\/td><td class=\"column-2\">encoger, contraer; en el contexto del trabajo urushi, se refiere al fen\u00f3meno de que la laca urushi aplicada forma arrugas al secarse, lo que puede ocurrir como resultado de que la laca se aplique demasiado espesa y\/o la humedad sea demasiado alta y\/o la laca se seque demasiado r\u00e1pido.<\/td>\n<\/tr>\n<tr class=\"row-4\">\n\t<td class=\"column-1\"><strong>Furo<\/strong><\/td><td class=\"column-2\">caja de curado, que se utiliza para permitir que la laca Urushi se cure en la pieza en cuesti\u00f3n bajo humedad y temperatura suficientes.<\/td>\n<\/tr>\n<tr class=\"row-5\">\n\t<td class=\"column-1\"><strong>Gintsugi<\/strong><\/td><td class=\"column-2\">reparaci\u00f3n con laca de plata, en la que se espolvorea un polvo  sobre la laca Urushi semiseca en lugar de polvo dorado.<\/td>\n<\/tr>\n<tr class=\"row-6\">\n\t<td class=\"column-1\"><strong>hon-urushi\/honurushi<\/strong><\/td><td class=\"column-2\">aut\u00e9ntica laca Urushi, laca en bruto, laca base<\/td>\n<\/tr>\n<tr class=\"row-7\">\n\t<td class=\"column-1\"><strong>Jinoko<\/strong><\/td><td class=\"column-2\">jinoko es un polvo molido de tierra de diatomeas quemada; en comparaci\u00f3n con el tonoko, el jinoko tiene un grano m\u00e1s grueso.<\/td>\n<\/tr>\n<tr class=\"row-8\">\n\t<td class=\"column-1\"><strong>Jozuri<\/strong><\/td><td class=\"column-2\">barniz de acabado utilizado cuando se utilizan metales granulados<\/td>\n<\/tr>\n<tr class=\"row-9\">\n\t<td class=\"column-1\"><strong>Kinoko<\/strong><\/td><td class=\"column-2\">harina de madera fina\/aserr\u00edn fino <\/td>\n<\/tr>\n<tr class=\"row-10\">\n\t<td class=\"column-1\"><strong>Kintsugi<\/strong><\/td><td class=\"column-2\">reparaci\u00f3n de laca dorada kintsugi, en la que se espolvorea polvo de oro sobre la laca urushi semiseca<\/td>\n<\/tr>\n<tr class=\"row-11\">\n\t<td class=\"column-1\"><strong>Ki-Urushi\/kiurushi<\/strong><\/td><td class=\"column-2\">aut\u00e9ntica laca Urushi, laca en bruto, laca base<\/td>\n<\/tr>\n<tr class=\"row-12\">\n\t<td class=\"column-1\"><strong>Kokuso<\/strong><\/td><td class=\"column-2\">compuesto para restaurar o sustituir defectos m\u00e1s grandes (huecos a partir de unos 3 mm); las recetas var\u00edan: 1\u00aa variante: mugi-urushi, tonoko y harina de madera, 2\u00aa variante: mugi-urushi y harina de madera, 3\u00aa variante: sabi-urushi y harina de madera<\/td>\n<\/tr>\n<tr class=\"row-13\">\n\t<td class=\"column-1\"><strong>Mawata<\/strong><\/td><td class=\"column-2\">Guata de seda<\/td>\n<\/tr>\n<tr class=\"row-14\">\n\t<td class=\"column-1\"><strong>Mugi-urushi\/mugiurushi<\/strong><\/td><td class=\"column-2\">mezcla de mugi (harina de trigo) y barniz urushi (barniz del \u00e1rbol del barniz) para pegar las piezas de cer\u00e1mica.<\/td>\n<\/tr>\n<tr class=\"row-15\">\n\t<td class=\"column-1\"><strong>Muro<\/strong><\/td><td class=\"column-2\">caja de curado utilizada para permitir que el barniz urushi se cure en el art\u00edculo en cuesti\u00f3n bajo humedad y temperatura suficientes.<\/td>\n<\/tr>\n<tr class=\"row-16\">\n\t<td class=\"column-1\"><strong>Roiro-Urushi<\/strong><\/td><td class=\"column-2\">laca urushi negra, utilizada para piezas raku negras y\/o para espolvorear con polvo de plata.<\/td>\n<\/tr>\n<tr class=\"row-17\">\n\t<td class=\"column-1\"><strong>Sabi Urushi<\/strong><\/td><td class=\"column-2\">mezcla de jinoko o tonoko, agua y laca urushi (laca del \u00e1rbol de la laca) para rellenar peque\u00f1as imperfecciones (huecos y desconchones de hasta unos 3 mm); primero se mezcla agua y jinoko\/tonoko y luego se mezcla esta mezcla con la laca urushi, de lo contrario la masa no adquiere plasticidad.<\/td>\n<\/tr>\n<tr class=\"row-18\">\n\t<td class=\"column-1\"><strong> Seshime urushi<\/strong><\/td><td class=\"column-2\">antiguamente laca obtenida de ramas finas de \u00e1rboles de laca; hoy es sin\u00f3nimo de ki-urushi\/kiurushi y hon-urushi\/honurushi.<\/td>\n<\/tr>\n<tr class=\"row-19\">\n\t<td class=\"column-1\"><strong>Shinurushi<\/strong><\/td><td class=\"column-2\">laca sint\u00e9tica utilizada para hacer kintsugi<\/td>\n<\/tr>\n<tr class=\"row-20\">\n\t<td class=\"column-1\"><strong>Tonoko<\/strong><\/td><td class=\"column-2\">el tonoko es una masa de harina de arcilla muy rica en cuarzo; comparado con el jinoko, el tonoko tiene un grano m\u00e1s fino.<\/td>\n<\/tr>\n<tr class=\"row-21\">\n\t<td class=\"column-1\"><strong>Toxicodendron vernicifluum<\/strong><\/td><td class=\"column-2\">\u00c1rbol de la laca  (zumaque de la laca), de cuya resina se fabrica la laca urushi.<\/td>\n<\/tr>\n<tr class=\"row-22\">\n\t<td class=\"column-1\"><strong>Urushi<\/strong><\/td><td class=\"column-2\">la laca urushi est\u00e1 hecha de la resina del \u00e1rbol de la laca (Toxicodendron vernicifluum)<\/td>\n<\/tr>\n<tr class=\"row-23\">\n\t<td class=\"column-1\"><strong>urushi-buro<\/strong><\/td><td class=\"column-2\">caja de curado, que se utiliza para permitir que la laca urushi se cure en el objeto en cuesti\u00f3n bajo humedad y temperatura suficientes.<\/td>\n<\/tr>\n<tr class=\"row-24\">\n\t<td class=\"column-1\"><strong>urushi-muro<\/strong><\/td><td class=\"column-2\">caja de curado que se utiliza para permitir que la laca urushi se cure en el objeto en cuesti\u00f3n bajo humedad y temperatura suficientes.<\/td>\n<\/tr>\n<\/tbody>\n<\/table>\n<!-- #tablepress-21 from cache -->\n","protected":false},"excerpt":{"rendered":"<p>Aqu\u00ed encontrar\u00e1 un glosario de t\u00e9rminos que aparecen en relaci\u00f3n con el kintsugi. Esto se debe a que el kintsugi procede de Jap\u00f3n, por lo que casi todos los t\u00e9rminos que aparecen en relaci\u00f3n con el kintsugi proceden del japon\u00e9s. B\u00e1sicamente, el glosario kintsugi es una especie de diccionario kintsugi, porque al lado de cada [&hellip;]<\/p>\n","protected":false},"author":2,"featured_media":0,"parent":33713,"menu_order":0,"comment_status":"closed","ping_status":"closed","template":"","meta":{"footnotes":""},"class_list":["post-33859","page","type-page","status-publish","hentry"],"yoast_head":"<!-- This site is optimized with the Yoast SEO plugin v27.5 - https:\/\/yoast.com\/product\/yoast-seo-wordpress\/ -->\n<title>Glosario Kintsugi<\/title>\n<meta name=\"description\" content=\"Glosario Kintsugi: se explican los t\u00e9rminos de la t\u00e9cnica Kintsugi; como diccionario, junto al t\u00e9rmino hay una explicaci\u00f3n del significado.\" \/>\n<meta name=\"robots\" content=\"index, follow, max-snippet:-1, max-image-preview:large, max-video-preview:-1\" \/>\n<link rel=\"canonical\" href=\"https:\/\/www.robertzueblin.com\/es\/kintsugi\/glosario-kintsugi\/\" \/>\n<meta property=\"og:locale\" content=\"es_ES\" \/>\n<meta property=\"og:type\" content=\"article\" \/>\n<meta property=\"og:title\" content=\"Glosario Kintsugi\" \/>\n<meta property=\"og:description\" content=\"Glosario Kintsugi: se explican los t\u00e9rminos de la t\u00e9cnica Kintsugi; como diccionario, junto al t\u00e9rmino hay una explicaci\u00f3n del significado.\" \/>\n<meta property=\"og:url\" content=\"https:\/\/www.robertzueblin.com\/es\/kintsugi\/glosario-kintsugi\/\" \/>\n<meta property=\"og:site_name\" content=\"ROBERT Z\u00dcBLIN\" \/>\n<meta property=\"og:image\" content=\"https:\/\/www.robertzueblin.com\/wp-content\/uploads\/auguste-papendieck-ceramica-jarron-detalle-golpe-2-300x300.jpg\" \/>\n<meta name=\"twitter:card\" content=\"summary_large_image\" \/>\n<script type=\"application\/ld+json\" class=\"yoast-schema-graph\">{\"@context\":\"https:\\\/\\\/schema.org\",\"@graph\":[{\"@type\":\"WebPage\",\"@id\":\"https:\\\/\\\/www.robertzueblin.com\\\/es\\\/kintsugi\\\/glosario-kintsugi\\\/\",\"url\":\"https:\\\/\\\/www.robertzueblin.com\\\/es\\\/kintsugi\\\/glosario-kintsugi\\\/\",\"name\":\"Glosario Kintsugi\",\"isPartOf\":{\"@id\":\"https:\\\/\\\/www.robertzueblin.com\\\/es\\\/#website\"},\"primaryImageOfPage\":{\"@id\":\"https:\\\/\\\/www.robertzueblin.com\\\/es\\\/kintsugi\\\/glosario-kintsugi\\\/#primaryimage\"},\"image\":{\"@id\":\"https:\\\/\\\/www.robertzueblin.com\\\/es\\\/kintsugi\\\/glosario-kintsugi\\\/#primaryimage\"},\"thumbnailUrl\":\"https:\\\/\\\/www.robertzueblin.com\\\/wp-content\\\/uploads\\\/auguste-papendieck-ceramica-jarron-detalle-golpe-2-300x300.jpg\",\"datePublished\":\"2023-10-26T19:26:26+00:00\",\"description\":\"Glosario Kintsugi: se explican los t\u00e9rminos de la t\u00e9cnica Kintsugi; como diccionario, junto al t\u00e9rmino hay una explicaci\u00f3n del significado.\",\"breadcrumb\":{\"@id\":\"https:\\\/\\\/www.robertzueblin.com\\\/es\\\/kintsugi\\\/glosario-kintsugi\\\/#breadcrumb\"},\"inLanguage\":\"es\",\"potentialAction\":[{\"@type\":\"ReadAction\",\"target\":[\"https:\\\/\\\/www.robertzueblin.com\\\/es\\\/kintsugi\\\/glosario-kintsugi\\\/\"]}]},{\"@type\":\"ImageObject\",\"inLanguage\":\"es\",\"@id\":\"https:\\\/\\\/www.robertzueblin.com\\\/es\\\/kintsugi\\\/glosario-kintsugi\\\/#primaryimage\",\"url\":\"https:\\\/\\\/www.robertzueblin.com\\\/wp-content\\\/uploads\\\/auguste-papendieck-ceramica-jarron-detalle-golpe-2-300x300.jpg\",\"contentUrl\":\"https:\\\/\\\/www.robertzueblin.com\\\/wp-content\\\/uploads\\\/auguste-papendieck-ceramica-jarron-detalle-golpe-2-300x300.jpg\"},{\"@type\":\"BreadcrumbList\",\"@id\":\"https:\\\/\\\/www.robertzueblin.com\\\/es\\\/kintsugi\\\/glosario-kintsugi\\\/#breadcrumb\",\"itemListElement\":[{\"@type\":\"ListItem\",\"position\":1,\"name\":\"Startseite\",\"item\":\"https:\\\/\\\/www.robertzueblin.com\\\/es\\\/\"},{\"@type\":\"ListItem\",\"position\":2,\"name\":\"Kintsugi &#8211; filosof\u00eda, significado, historia\",\"item\":\"https:\\\/\\\/www.robertzueblin.com\\\/es\\\/kintsugi\\\/\"},{\"@type\":\"ListItem\",\"position\":3,\"name\":\"Glosario Kintsugi\"}]},{\"@type\":\"WebSite\",\"@id\":\"https:\\\/\\\/www.robertzueblin.com\\\/es\\\/#website\",\"url\":\"https:\\\/\\\/www.robertzueblin.com\\\/es\\\/\",\"name\":\"ROBERT Z\u00dcBLIN\",\"description\":\"\",\"publisher\":{\"@id\":\"https:\\\/\\\/www.robertzueblin.com\\\/es\\\/#organization\"},\"potentialAction\":[{\"@type\":\"SearchAction\",\"target\":{\"@type\":\"EntryPoint\",\"urlTemplate\":\"https:\\\/\\\/www.robertzueblin.com\\\/es\\\/?s={search_term_string}\"},\"query-input\":{\"@type\":\"PropertyValueSpecification\",\"valueRequired\":true,\"valueName\":\"search_term_string\"}}],\"inLanguage\":\"es\"},{\"@type\":\"Organization\",\"@id\":\"https:\\\/\\\/www.robertzueblin.com\\\/es\\\/#organization\",\"name\":\"ROBERT Z\u00dcBLIN\",\"url\":\"https:\\\/\\\/www.robertzueblin.com\\\/es\\\/\",\"logo\":{\"@type\":\"ImageObject\",\"inLanguage\":\"es\",\"@id\":\"https:\\\/\\\/www.robertzueblin.com\\\/es\\\/#\\\/schema\\\/logo\\\/image\\\/\",\"url\":\"https:\\\/\\\/www.robertzueblin.com\\\/wp-content\\\/uploads\\\/cropped-cropped-logo-von-robert-zueblin.jpg\",\"contentUrl\":\"https:\\\/\\\/www.robertzueblin.com\\\/wp-content\\\/uploads\\\/cropped-cropped-logo-von-robert-zueblin.jpg\",\"width\":440,\"height\":60,\"caption\":\"ROBERT Z\u00dcBLIN\"},\"image\":{\"@id\":\"https:\\\/\\\/www.robertzueblin.com\\\/es\\\/#\\\/schema\\\/logo\\\/image\\\/\"}}]}<\/script>\n<!-- \/ Yoast SEO plugin. -->","yoast_head_json":{"title":"Glosario Kintsugi","description":"Glosario Kintsugi: se explican los t\u00e9rminos de la t\u00e9cnica Kintsugi; como diccionario, junto al t\u00e9rmino hay una explicaci\u00f3n del significado.","robots":{"index":"index","follow":"follow","max-snippet":"max-snippet:-1","max-image-preview":"max-image-preview:large","max-video-preview":"max-video-preview:-1"},"canonical":"https:\/\/www.robertzueblin.com\/es\/kintsugi\/glosario-kintsugi\/","og_locale":"es_ES","og_type":"article","og_title":"Glosario Kintsugi","og_description":"Glosario Kintsugi: se explican los t\u00e9rminos de la t\u00e9cnica Kintsugi; como diccionario, junto al t\u00e9rmino hay una explicaci\u00f3n del significado.","og_url":"https:\/\/www.robertzueblin.com\/es\/kintsugi\/glosario-kintsugi\/","og_site_name":"ROBERT Z\u00dcBLIN","og_image":[{"url":"https:\/\/www.robertzueblin.com\/wp-content\/uploads\/auguste-papendieck-ceramica-jarron-detalle-golpe-2-300x300.jpg","type":"","width":"","height":""}],"twitter_card":"summary_large_image","schema":{"@context":"https:\/\/schema.org","@graph":[{"@type":"WebPage","@id":"https:\/\/www.robertzueblin.com\/es\/kintsugi\/glosario-kintsugi\/","url":"https:\/\/www.robertzueblin.com\/es\/kintsugi\/glosario-kintsugi\/","name":"Glosario Kintsugi","isPartOf":{"@id":"https:\/\/www.robertzueblin.com\/es\/#website"},"primaryImageOfPage":{"@id":"https:\/\/www.robertzueblin.com\/es\/kintsugi\/glosario-kintsugi\/#primaryimage"},"image":{"@id":"https:\/\/www.robertzueblin.com\/es\/kintsugi\/glosario-kintsugi\/#primaryimage"},"thumbnailUrl":"https:\/\/www.robertzueblin.com\/wp-content\/uploads\/auguste-papendieck-ceramica-jarron-detalle-golpe-2-300x300.jpg","datePublished":"2023-10-26T19:26:26+00:00","description":"Glosario Kintsugi: se explican los t\u00e9rminos de la t\u00e9cnica Kintsugi; como diccionario, junto al t\u00e9rmino hay una explicaci\u00f3n del significado.","breadcrumb":{"@id":"https:\/\/www.robertzueblin.com\/es\/kintsugi\/glosario-kintsugi\/#breadcrumb"},"inLanguage":"es","potentialAction":[{"@type":"ReadAction","target":["https:\/\/www.robertzueblin.com\/es\/kintsugi\/glosario-kintsugi\/"]}]},{"@type":"ImageObject","inLanguage":"es","@id":"https:\/\/www.robertzueblin.com\/es\/kintsugi\/glosario-kintsugi\/#primaryimage","url":"https:\/\/www.robertzueblin.com\/wp-content\/uploads\/auguste-papendieck-ceramica-jarron-detalle-golpe-2-300x300.jpg","contentUrl":"https:\/\/www.robertzueblin.com\/wp-content\/uploads\/auguste-papendieck-ceramica-jarron-detalle-golpe-2-300x300.jpg"},{"@type":"BreadcrumbList","@id":"https:\/\/www.robertzueblin.com\/es\/kintsugi\/glosario-kintsugi\/#breadcrumb","itemListElement":[{"@type":"ListItem","position":1,"name":"Startseite","item":"https:\/\/www.robertzueblin.com\/es\/"},{"@type":"ListItem","position":2,"name":"Kintsugi &#8211; filosof\u00eda, significado, historia","item":"https:\/\/www.robertzueblin.com\/es\/kintsugi\/"},{"@type":"ListItem","position":3,"name":"Glosario Kintsugi"}]},{"@type":"WebSite","@id":"https:\/\/www.robertzueblin.com\/es\/#website","url":"https:\/\/www.robertzueblin.com\/es\/","name":"ROBERT Z\u00dcBLIN","description":"","publisher":{"@id":"https:\/\/www.robertzueblin.com\/es\/#organization"},"potentialAction":[{"@type":"SearchAction","target":{"@type":"EntryPoint","urlTemplate":"https:\/\/www.robertzueblin.com\/es\/?s={search_term_string}"},"query-input":{"@type":"PropertyValueSpecification","valueRequired":true,"valueName":"search_term_string"}}],"inLanguage":"es"},{"@type":"Organization","@id":"https:\/\/www.robertzueblin.com\/es\/#organization","name":"ROBERT Z\u00dcBLIN","url":"https:\/\/www.robertzueblin.com\/es\/","logo":{"@type":"ImageObject","inLanguage":"es","@id":"https:\/\/www.robertzueblin.com\/es\/#\/schema\/logo\/image\/","url":"https:\/\/www.robertzueblin.com\/wp-content\/uploads\/cropped-cropped-logo-von-robert-zueblin.jpg","contentUrl":"https:\/\/www.robertzueblin.com\/wp-content\/uploads\/cropped-cropped-logo-von-robert-zueblin.jpg","width":440,"height":60,"caption":"ROBERT Z\u00dcBLIN"},"image":{"@id":"https:\/\/www.robertzueblin.com\/es\/#\/schema\/logo\/image\/"}}]}},"_links":{"self":[{"href":"https:\/\/www.robertzueblin.com\/es\/wp-json\/wp\/v2\/pages\/33859","targetHints":{"allow":["GET"]}}],"collection":[{"href":"https:\/\/www.robertzueblin.com\/es\/wp-json\/wp\/v2\/pages"}],"about":[{"href":"https:\/\/www.robertzueblin.com\/es\/wp-json\/wp\/v2\/types\/page"}],"author":[{"embeddable":true,"href":"https:\/\/www.robertzueblin.com\/es\/wp-json\/wp\/v2\/users\/2"}],"replies":[{"embeddable":true,"href":"https:\/\/www.robertzueblin.com\/es\/wp-json\/wp\/v2\/comments?post=33859"}],"version-history":[{"count":6,"href":"https:\/\/www.robertzueblin.com\/es\/wp-json\/wp\/v2\/pages\/33859\/revisions"}],"predecessor-version":[{"id":34905,"href":"https:\/\/www.robertzueblin.com\/es\/wp-json\/wp\/v2\/pages\/33859\/revisions\/34905"}],"up":[{"embeddable":true,"href":"https:\/\/www.robertzueblin.com\/es\/wp-json\/wp\/v2\/pages\/33713"}],"wp:attachment":[{"href":"https:\/\/www.robertzueblin.com\/es\/wp-json\/wp\/v2\/media?parent=33859"}],"curies":[{"name":"wp","href":"https:\/\/api.w.org\/{rel}","templated":true}]}}