{"id":3159,"date":"2021-11-26T09:25:58","date_gmt":"2021-11-26T08:25:58","guid":{"rendered":"https:\/\/www.robertzueblin.com\/?page_id=3159"},"modified":"2023-04-29T13:52:32","modified_gmt":"2023-04-29T11:52:32","slug":"politica-y-formulario-de-anulacion","status":"publish","type":"page","link":"https:\/\/www.robertzueblin.com\/es\/politica-y-formulario-de-anulacion\/","title":{"rendered":"Pol\u00edtica y formulario de anulaci\u00f3n"},"content":{"rendered":"<p>Los consumidores tienen derecho de rescisi\u00f3n de acuerdo con las siguientes disposiciones, seg\u00fan las cuales un consumidor es toda persona f\u00edsica que celebra un negocio jur\u00eddico con fines que no pueden atribuirse predominantemente ni a su actividad comercial ni a su actividad profesional independiente:<\/p>\n<h2>A. Pol\u00edtica de cancelaci\u00f3n<\/h2>\n<p>Derecho de retracto<\/p>\n<p>Tiene derecho a rescindir este contrato en un plazo de catorce d\u00edas sin indicar el motivo.<\/p>\n<p>El plazo de revocaci\u00f3n es de catorce d\u00edas a partir del d\u00eda en que usted o un tercero nombrado por usted, que no sea el transportista, tenga o haya tomado posesi\u00f3n de las \u00faltimas mercanc\u00edas.<\/p>\n<p>Para ejercer su derecho de rescisi\u00f3n, debe informarme (Robert Z\u00fcblin, Freudenbergstrasse 95, 8044 Z\u00farich, Suiza, correo electr\u00f3nico: widerrufserklaerung@robertzueblin.com) de su decisi\u00f3n de rescindir este contrato mediante una declaraci\u00f3n clara (por ejemplo, una carta o un correo electr\u00f3nico enviado por correo postal). Para ello, puede utilizar el modelo de formulario de anulaci\u00f3n adjunto, que, sin embargo, no es obligatorio.<\/p>\n<p>Para cumplir el plazo de rescisi\u00f3n, basta con que usted env\u00ede la notificaci\u00f3n del ejercicio del derecho de rescisi\u00f3n antes de que expire el plazo de rescisi\u00f3n.<\/p>\n<p>Consecuencias de la rescisi\u00f3n<\/p>\n<p>Si rescinde este contrato, debo reembolsarle todos los pagos que he recibido de usted, incluidos los gastos de env\u00edo (con la excepci\u00f3n de los gastos adicionales resultantes del hecho de que usted haya elegido un tipo de env\u00edo distinto al env\u00edo est\u00e1ndar m\u00e1s barato ofrecido por m\u00ed), sin demora y a m\u00e1s tardar en un plazo de catorce d\u00edas a partir del d\u00eda en que recib\u00ed la notificaci\u00f3n de su rescisi\u00f3n de este contrato. Para este reembolso, utilizar\u00e9 el mismo medio de pago que usted utiliz\u00f3 para la transacci\u00f3n original, a menos que se acuerde expresamente lo contrario con usted; en ning\u00fan caso se le cobrar\u00e1 por este reembolso. Podr\u00e9 denegar el reembolso hasta que haya recibido la mercanc\u00eda o hasta que usted haya presentado una prueba de que ha devuelto la mercanc\u00eda, lo que ocurra primero.<\/p>\n<p>Deber\u00e1 devolverme o entregarme los bienes sin demora y, en cualquier caso, a m\u00e1s tardar en el plazo de catorce d\u00edas a partir del d\u00eda en que me notifique la cancelaci\u00f3n de este contrato. El plazo se cumple si env\u00eda la mercanc\u00eda antes de que expire el plazo de catorce d\u00edas.<\/p>\n<p>Usted correr\u00e1 con los gastos directos de devoluci\u00f3n de la mercanc\u00eda.<\/p>\n<p>S\u00f3lo tiene que pagar la p\u00e9rdida de valor de la mercanc\u00eda si \u00e9sta se debe a una manipulaci\u00f3n de la misma que no es necesaria para comprobar su estado, propiedades y funcionamiento.<\/p>\n<h2>B. Formulario de anulaci\u00f3n<\/h2>\n<p>Si desea rescindir el contrato, rellene y env\u00ede este formulario.<\/p>\n<p>A<\/p>\n<p>Robert Z\u00fcblin<br \/>\nFreudenbergstrasse 95<br \/>\n8044 Z\u00farich<br \/>\nSuiza<\/p>\n<p>Correo electr\u00f3nico: widerrufserklaerung@robertzueblin.com<\/p>\n<p>Yo\/nosotros (*) revocamos el contrato celebrado por m\u00ed\/nosotros (*) para la compra de los siguientes bienes (*)\/la prestaci\u00f3n del siguiente servicio (*)<\/p>\n<p>_______________________________________________________<\/p>\n<p>_______________________________________________________<\/p>\n<p>Pedido en (*) ____________ \/ recibido en (*) __________________<\/p>\n<p>________________________________________________________<br \/>\nNombre del consumidor(es)<\/p>\n<p>________________________________________________________<br \/>\nDirecci\u00f3n del consumidor(es)<\/p>\n<p>________________________________________________________<br \/>\nFirma del consumidor o consumidores (s\u00f3lo en caso de comunicaci\u00f3n en papel)<\/p>\n<p>_________________________<br \/>\nFecha<\/p>\n<p>(*) T\u00e1chese lo que no proceda<\/p>\n","protected":false},"excerpt":{"rendered":"<p>Los consumidores tienen derecho de rescisi\u00f3n de acuerdo con las siguientes disposiciones, seg\u00fan las cuales un consumidor es toda persona f\u00edsica que celebra un negocio jur\u00eddico con fines que no pueden atribuirse predominantemente ni a su actividad comercial ni a su actividad profesional independiente: A. Pol\u00edtica de cancelaci\u00f3n Derecho de retracto Tiene derecho a rescindir [&hellip;]<\/p>\n","protected":false},"author":1,"featured_media":0,"parent":0,"menu_order":0,"comment_status":"closed","ping_status":"closed","template":"","meta":{"footnotes":""},"class_list":["post-3159","page","type-page","status-publish","hentry"],"yoast_head":"<!-- This site is optimized with the Yoast SEO plugin v27.6 - https:\/\/yoast.com\/product\/yoast-seo-wordpress\/ -->\n<title>Pol\u00edtica y formulario de anulaci\u00f3n - ROBERT Z\u00dcBLIN<\/title>\n<meta name=\"robots\" content=\"index, follow, max-snippet:-1, max-image-preview:large, max-video-preview:-1\" \/>\n<link rel=\"canonical\" href=\"https:\/\/www.robertzueblin.com\/es\/politica-y-formulario-de-anulacion\/\" \/>\n<meta property=\"og:locale\" content=\"es_ES\" \/>\n<meta property=\"og:type\" content=\"article\" \/>\n<meta property=\"og:title\" content=\"Pol\u00edtica y formulario de anulaci\u00f3n - ROBERT Z\u00dcBLIN\" \/>\n<meta property=\"og:description\" content=\"Los consumidores tienen derecho de rescisi\u00f3n de acuerdo con las siguientes disposiciones, seg\u00fan las cuales un consumidor es toda persona f\u00edsica que celebra un negocio jur\u00eddico con fines que no pueden atribuirse predominantemente ni a su actividad comercial ni a su actividad profesional independiente: A. Pol\u00edtica de cancelaci\u00f3n Derecho de retracto Tiene derecho a rescindir [&hellip;]\" \/>\n<meta property=\"og:url\" content=\"https:\/\/www.robertzueblin.com\/es\/politica-y-formulario-de-anulacion\/\" \/>\n<meta property=\"og:site_name\" content=\"ROBERT Z\u00dcBLIN\" \/>\n<meta property=\"article:modified_time\" content=\"2023-04-29T11:52:32+00:00\" \/>\n<meta name=\"twitter:card\" content=\"summary_large_image\" \/>\n<script type=\"application\/ld+json\" class=\"yoast-schema-graph\">{\"@context\":\"https:\\\/\\\/schema.org\",\"@graph\":[{\"@type\":\"WebPage\",\"@id\":\"https:\\\/\\\/www.robertzueblin.com\\\/es\\\/politica-y-formulario-de-anulacion\\\/\",\"url\":\"https:\\\/\\\/www.robertzueblin.com\\\/es\\\/politica-y-formulario-de-anulacion\\\/\",\"name\":\"Pol\u00edtica y formulario de anulaci\u00f3n - ROBERT Z\u00dcBLIN\",\"isPartOf\":{\"@id\":\"https:\\\/\\\/www.robertzueblin.com\\\/es\\\/#website\"},\"datePublished\":\"2021-11-26T08:25:58+00:00\",\"dateModified\":\"2023-04-29T11:52:32+00:00\",\"breadcrumb\":{\"@id\":\"https:\\\/\\\/www.robertzueblin.com\\\/es\\\/politica-y-formulario-de-anulacion\\\/#breadcrumb\"},\"inLanguage\":\"es\",\"potentialAction\":[{\"@type\":\"ReadAction\",\"target\":[\"https:\\\/\\\/www.robertzueblin.com\\\/es\\\/politica-y-formulario-de-anulacion\\\/\"]}]},{\"@type\":\"BreadcrumbList\",\"@id\":\"https:\\\/\\\/www.robertzueblin.com\\\/es\\\/politica-y-formulario-de-anulacion\\\/#breadcrumb\",\"itemListElement\":[{\"@type\":\"ListItem\",\"position\":1,\"name\":\"Startseite\",\"item\":\"https:\\\/\\\/www.robertzueblin.com\\\/es\\\/\"},{\"@type\":\"ListItem\",\"position\":2,\"name\":\"Pol\u00edtica y formulario de anulaci\u00f3n\"}]},{\"@type\":\"WebSite\",\"@id\":\"https:\\\/\\\/www.robertzueblin.com\\\/es\\\/#website\",\"url\":\"https:\\\/\\\/www.robertzueblin.com\\\/es\\\/\",\"name\":\"ROBERT Z\u00dcBLIN\",\"description\":\"\",\"publisher\":{\"@id\":\"https:\\\/\\\/www.robertzueblin.com\\\/es\\\/#organization\"},\"potentialAction\":[{\"@type\":\"SearchAction\",\"target\":{\"@type\":\"EntryPoint\",\"urlTemplate\":\"https:\\\/\\\/www.robertzueblin.com\\\/es\\\/?s={search_term_string}\"},\"query-input\":{\"@type\":\"PropertyValueSpecification\",\"valueRequired\":true,\"valueName\":\"search_term_string\"}}],\"inLanguage\":\"es\"},{\"@type\":\"Organization\",\"@id\":\"https:\\\/\\\/www.robertzueblin.com\\\/es\\\/#organization\",\"name\":\"ROBERT Z\u00dcBLIN\",\"url\":\"https:\\\/\\\/www.robertzueblin.com\\\/es\\\/\",\"logo\":{\"@type\":\"ImageObject\",\"inLanguage\":\"es\",\"@id\":\"https:\\\/\\\/www.robertzueblin.com\\\/es\\\/#\\\/schema\\\/logo\\\/image\\\/\",\"url\":\"https:\\\/\\\/www.robertzueblin.com\\\/wp-content\\\/uploads\\\/cropped-cropped-logo-von-robert-zueblin.jpg\",\"contentUrl\":\"https:\\\/\\\/www.robertzueblin.com\\\/wp-content\\\/uploads\\\/cropped-cropped-logo-von-robert-zueblin.jpg\",\"width\":440,\"height\":60,\"caption\":\"ROBERT Z\u00dcBLIN\"},\"image\":{\"@id\":\"https:\\\/\\\/www.robertzueblin.com\\\/es\\\/#\\\/schema\\\/logo\\\/image\\\/\"}}]}<\/script>\n<!-- \/ Yoast SEO plugin. -->","yoast_head_json":{"title":"Pol\u00edtica y formulario de anulaci\u00f3n - ROBERT Z\u00dcBLIN","robots":{"index":"index","follow":"follow","max-snippet":"max-snippet:-1","max-image-preview":"max-image-preview:large","max-video-preview":"max-video-preview:-1"},"canonical":"https:\/\/www.robertzueblin.com\/es\/politica-y-formulario-de-anulacion\/","og_locale":"es_ES","og_type":"article","og_title":"Pol\u00edtica y formulario de anulaci\u00f3n - ROBERT Z\u00dcBLIN","og_description":"Los consumidores tienen derecho de rescisi\u00f3n de acuerdo con las siguientes disposiciones, seg\u00fan las cuales un consumidor es toda persona f\u00edsica que celebra un negocio jur\u00eddico con fines que no pueden atribuirse predominantemente ni a su actividad comercial ni a su actividad profesional independiente: A. Pol\u00edtica de cancelaci\u00f3n Derecho de retracto Tiene derecho a rescindir [&hellip;]","og_url":"https:\/\/www.robertzueblin.com\/es\/politica-y-formulario-de-anulacion\/","og_site_name":"ROBERT Z\u00dcBLIN","article_modified_time":"2023-04-29T11:52:32+00:00","twitter_card":"summary_large_image","schema":{"@context":"https:\/\/schema.org","@graph":[{"@type":"WebPage","@id":"https:\/\/www.robertzueblin.com\/es\/politica-y-formulario-de-anulacion\/","url":"https:\/\/www.robertzueblin.com\/es\/politica-y-formulario-de-anulacion\/","name":"Pol\u00edtica y formulario de anulaci\u00f3n - ROBERT Z\u00dcBLIN","isPartOf":{"@id":"https:\/\/www.robertzueblin.com\/es\/#website"},"datePublished":"2021-11-26T08:25:58+00:00","dateModified":"2023-04-29T11:52:32+00:00","breadcrumb":{"@id":"https:\/\/www.robertzueblin.com\/es\/politica-y-formulario-de-anulacion\/#breadcrumb"},"inLanguage":"es","potentialAction":[{"@type":"ReadAction","target":["https:\/\/www.robertzueblin.com\/es\/politica-y-formulario-de-anulacion\/"]}]},{"@type":"BreadcrumbList","@id":"https:\/\/www.robertzueblin.com\/es\/politica-y-formulario-de-anulacion\/#breadcrumb","itemListElement":[{"@type":"ListItem","position":1,"name":"Startseite","item":"https:\/\/www.robertzueblin.com\/es\/"},{"@type":"ListItem","position":2,"name":"Pol\u00edtica y formulario de anulaci\u00f3n"}]},{"@type":"WebSite","@id":"https:\/\/www.robertzueblin.com\/es\/#website","url":"https:\/\/www.robertzueblin.com\/es\/","name":"ROBERT Z\u00dcBLIN","description":"","publisher":{"@id":"https:\/\/www.robertzueblin.com\/es\/#organization"},"potentialAction":[{"@type":"SearchAction","target":{"@type":"EntryPoint","urlTemplate":"https:\/\/www.robertzueblin.com\/es\/?s={search_term_string}"},"query-input":{"@type":"PropertyValueSpecification","valueRequired":true,"valueName":"search_term_string"}}],"inLanguage":"es"},{"@type":"Organization","@id":"https:\/\/www.robertzueblin.com\/es\/#organization","name":"ROBERT Z\u00dcBLIN","url":"https:\/\/www.robertzueblin.com\/es\/","logo":{"@type":"ImageObject","inLanguage":"es","@id":"https:\/\/www.robertzueblin.com\/es\/#\/schema\/logo\/image\/","url":"https:\/\/www.robertzueblin.com\/wp-content\/uploads\/cropped-cropped-logo-von-robert-zueblin.jpg","contentUrl":"https:\/\/www.robertzueblin.com\/wp-content\/uploads\/cropped-cropped-logo-von-robert-zueblin.jpg","width":440,"height":60,"caption":"ROBERT Z\u00dcBLIN"},"image":{"@id":"https:\/\/www.robertzueblin.com\/es\/#\/schema\/logo\/image\/"}}]}},"_links":{"self":[{"href":"https:\/\/www.robertzueblin.com\/es\/wp-json\/wp\/v2\/pages\/3159","targetHints":{"allow":["GET"]}}],"collection":[{"href":"https:\/\/www.robertzueblin.com\/es\/wp-json\/wp\/v2\/pages"}],"about":[{"href":"https:\/\/www.robertzueblin.com\/es\/wp-json\/wp\/v2\/types\/page"}],"author":[{"embeddable":true,"href":"https:\/\/www.robertzueblin.com\/es\/wp-json\/wp\/v2\/users\/1"}],"replies":[{"embeddable":true,"href":"https:\/\/www.robertzueblin.com\/es\/wp-json\/wp\/v2\/comments?post=3159"}],"version-history":[{"count":3,"href":"https:\/\/www.robertzueblin.com\/es\/wp-json\/wp\/v2\/pages\/3159\/revisions"}],"predecessor-version":[{"id":32464,"href":"https:\/\/www.robertzueblin.com\/es\/wp-json\/wp\/v2\/pages\/3159\/revisions\/32464"}],"wp:attachment":[{"href":"https:\/\/www.robertzueblin.com\/es\/wp-json\/wp\/v2\/media?parent=3159"}],"curies":[{"name":"wp","href":"https:\/\/api.w.org\/{rel}","templated":true}]}}