{"id":3156,"date":"2021-11-26T09:14:58","date_gmt":"2021-11-26T08:14:58","guid":{"rendered":"https:\/\/www.robertzueblin.com\/?page_id=3156"},"modified":"2025-04-03T10:08:41","modified_gmt":"2025-04-03T08:08:41","slug":"informacion-sobre-el-envio-y-pago","status":"publish","type":"page","link":"https:\/\/www.robertzueblin.com\/es\/informacion-sobre-el-envio-y-pago\/","title":{"rendered":"Informaci\u00f3n sobre el env\u00edo y pago para pedidos en la tienda online"},"content":{"rendered":"<p><strong>A continuaci\u00f3n encontrar\u00e1 nuestra informaci\u00f3n sobre env\u00edos y pagos para pedidos en nuestra <a href=\"https:\/\/www.robertzueblin.com\/es\/galeria-de-arte-online\/\">tienda online de la galer\u00eda de arte online ROBERT Z\u00dcBLIN<\/a>.<\/strong><\/p>\n<h2>Informaci\u00f3n sobre el env\u00edo<\/h2>\n<p>Ofrecemos env\u00edo gratuito por correo postal dentro de Suiza y a los pa\u00edses indicados en \u00abEnv\u00edo gratuito por correo postal\u00bb y ofrecemos un env\u00edo por mensajero de pago con la opci\u00f3n de pago adicional \u00abpago en efectivo\/Twint\u00bb dentro de Suiza (v\u00e9ase m\u00e1s abajo \u00abEnv\u00edo por mensajero\u00bb).<\/p>\n<h3>Env\u00edo gratuito por correo postal<\/h3>\n<p>El env\u00edo por correo dentro de Suiza y a los siguientes pa\u00edses es gratuito:<\/p>\n<p>Alemania (Deutschland)<br \/>\nArgentina<br \/>\nAustria (Austria)<br \/>\nB\u00e9lgica (Belgique \/ Belgi\u00eb\/ Belgium)<br \/>\nBolivia<br \/>\nBrasil (Brasil\/ Brazil)<br \/>\nBulgaria (\u0411\u044a\u043b\u0433\u0430\u0440\u0438\u044f\/ Bulgaria)<br \/>\nCanad\u00e1 (Canad\u00e1)<br \/>\nChile<br \/>\nChina (\u4e2d\u534e\u4eba\u6c11\u5171\u548c\u56fd)<br \/>\nChipre<br \/>\nColombia<br \/>\nCorea del Sur (\ub300\ud55c\ubbfc\uad6d\/ Korea, Republic of)<br \/>\nCroacia (Hrvatska\/ Croatia)<br \/>\nDinamarca (Danmark\/ Denmark)<br \/>\nEcuador<br \/>\nEslovaquia (Slovensk\u00e1 republika\/ Slovakia)<br \/>\nEslovenia (Slovenija\/ Slovenia)<br \/>\nEstados Unidos de Am\u00e9rica (Estados Unidos de Am\u00e9rica)<br \/>\nEstonia (Eesti\/ Estonia)<br \/>\nFinlandia (Suomi\/ Finland)<br \/>\nFrancia (Francia)<br \/>\nGrecia (\u0395\u03bb\u03bb\u03ac\u03b4\u03b1\/ Grecia)<br \/>\nHong Kong (\u9999\u6e2f)<br \/>\nHungr\u00eda (Magyarorsz\u00e1g\/ Hungary)<br \/>\nIndia (India)<br \/>\nIrlanda<br \/>\nIslandia (\u00cdsland\/ Iceland)<br \/>\n\u05d9\u05e9\u05e8\u05d0\u05dc Israel<br \/>\nItalia (Italia\/ Italy)<br \/>\nJap\u00f3n (\u65e5\u672c)<br \/>\nLetonia (Latvija\/ Latvia)<br \/>\nLiechtenstein<br \/>\nLituania (Lietuva\/ Lithuania)<br \/>\nLuxemburgo (Luxemburgo)<br \/>\nMalta<br \/>\nM\u00e9xico<br \/>\nNoruega (Norge\/ Norway)<br \/>\nNueva Zelanda<br \/>\nPa\u00edses Bajos (Nederland\/ Netherlands)<br \/>\nParaguay<br \/>\nPer\u00fa<br \/>\nPolonia (Polska\/ Poland)<br \/>\nPortugal<br \/>\nReino Unido (Reino Unido)<br \/>\nRep\u00fablica Checa (\u010cesk\u00e1 republika\/ Czech Republic)<br \/>\nRuman\u00eda (Rom\u00e2nia\/ Romania)<br \/>\nSuecia (Sverige\/ Sweden)<br \/>\nSpain (Espa\u00f1a\/ Spain)<br \/>\nTaiw\u00e1n (\u81fa\u7063)<br \/>\nTailandia (\u0e1b\u0e23\u0e30\u0e40\u0e17\u0e28\u0e44\u0e17\u0e22)<br \/>\nUruguay<\/p>\n<p>No se ofrece el env\u00edo a otros pa\u00edses. No se ofrece el env\u00edo a una direcci\u00f3n de entrega diferente a la de facturaci\u00f3n.<\/p>\n<p>En el caso de env\u00edos a pa\u00edses fuera de Suiza, es posible que se incurra en impuestos, derechos de aduana y costes de tramitaci\u00f3n aduanera del transportista en el momento de la importaci\u00f3n de su pedido realizado con nosotros. Le reembolsaremos &#8211; excepto cuando se env\u00eden a los Estados Unidos de Am\u00e9rica &#8211; por medio de PayPal o de una transferencia bancaria los impuestos y derechos de aduana que se le hayan cobrado al importar su pedido realizado con nosotros, as\u00ed como los gastos de tramitaci\u00f3n aduanera que le haya cobrado el transportista, siempre que nos env\u00ede los recibos correspondientes (por correo electr\u00f3nico a mitteilung@robertzueblin.com o por correo postal a Robert Z\u00fcblin, Freudenbergstrasse 95, 8044 Z\u00farich, Suiza).<\/p>\n<p>El plazo de entrega es de 7 a 14 d\u00edas.<\/p>\n<h3>Env\u00edo por mensajero<\/h3>\n<p>Dentro de Suiza, tambi\u00e9n se ofrece la entrega por mensajer\u00eda, lo que cuesta 50 Euros (46 CHF; 58 USD) con la opci\u00f3n de pago adicional \u00abpago en efectivo o Twint\u00bb (v\u00e9ase m\u00e1s abajo). Tambi\u00e9n en este caso, el plazo de entrega es de 7-14 d\u00edas.<\/p>\n<h3>Informaci\u00f3n sobre el c\u00e1lculo de la fecha de entrega<\/h3>\n<p>El plazo de entrega comienza a correr, en el caso de pago por adelantado mediante transferencia bancaria, el d\u00eda siguiente a la emisi\u00f3n de la orden de pago al banco transferente o, en el caso de otros m\u00e9todos de pago, el d\u00eda siguiente a la celebraci\u00f3n del contrato y finaliza con la expiraci\u00f3n del \u00faltimo d\u00eda del plazo.<\/p>\n<h2>Informaci\u00f3n sobre el pago<\/h2>\n<p>Ofrezco las siguientes opciones de pago, a menos que se especifique lo contrario en la descripci\u00f3n del producto respectivo:<\/p>\n<p>1. Pago anticipado por transferencia bancaria<br \/>\n2. PayPal<br \/>\n3. Pago en efectivo o Twint al seleccionar la opci\u00f3n de entrega por mensajero con coste (v\u00e9anse los costes m\u00e1s arriba) en el momento de la entrega por el mensajero. (s\u00f3lo posible para env\u00edos a direcciones en Suiza)<\/p>\n<h3>Informaci\u00f3n detallada sobre las opciones de pago individuales<\/h3>\n<p>1. Pago anticipado por transferencia bancaria<br \/>\nPor favor, transfiera el importe de la factura convenientemente a mi cuenta bancaria, indicando el n\u00famero de pedido como motivo del pago. Le enviar\u00e9 mis datos bancarios por separado por correo electr\u00f3nico en la confirmaci\u00f3n del pedido.<\/p>\n<p>2. PayPal<br \/>\nTambi\u00e9n puede realizar el pago mediante PayPal. PayPal es un servicio de pago online.<\/p>\n<p>3. Pago en efectivo o con Twint en caso de entrega por mensajero en Suiza<br \/>\nCuando el mensajero le entregue la mercanc\u00eda, podr\u00e1 pagar al mensajero en efectivo o con Twint.<\/p>\n","protected":false},"excerpt":{"rendered":"<p>A continuaci\u00f3n encontrar\u00e1 nuestra informaci\u00f3n sobre env\u00edos y pagos para pedidos en nuestra tienda online de la galer\u00eda de arte online ROBERT Z\u00dcBLIN. Informaci\u00f3n sobre el env\u00edo Ofrecemos env\u00edo gratuito por correo postal dentro de Suiza y a los pa\u00edses indicados en \u00abEnv\u00edo gratuito por correo postal\u00bb y ofrecemos un env\u00edo por mensajero de pago [&hellip;]<\/p>\n","protected":false},"author":1,"featured_media":0,"parent":0,"menu_order":0,"comment_status":"closed","ping_status":"closed","template":"","meta":{"footnotes":""},"class_list":["post-3156","page","type-page","status-publish","hentry"],"yoast_head":"<!-- This site is optimized with the Yoast SEO plugin v27.6 - https:\/\/yoast.com\/product\/yoast-seo-wordpress\/ -->\n<title>Informaci\u00f3n sobre el env\u00edo y pago para pedidos en la tienda online - ROBERT Z\u00dcBLIN<\/title>\n<meta name=\"robots\" content=\"index, follow, max-snippet:-1, max-image-preview:large, max-video-preview:-1\" \/>\n<link rel=\"canonical\" href=\"https:\/\/www.robertzueblin.com\/es\/informacion-sobre-el-envio-y-pago\/\" \/>\n<meta property=\"og:locale\" content=\"es_ES\" \/>\n<meta property=\"og:type\" content=\"article\" \/>\n<meta property=\"og:title\" content=\"Informaci\u00f3n sobre el env\u00edo y pago para pedidos en la tienda online - ROBERT Z\u00dcBLIN\" \/>\n<meta property=\"og:description\" content=\"A continuaci\u00f3n encontrar\u00e1 nuestra informaci\u00f3n sobre env\u00edos y pagos para pedidos en nuestra tienda online de la galer\u00eda de arte online ROBERT Z\u00dcBLIN. Informaci\u00f3n sobre el env\u00edo Ofrecemos env\u00edo gratuito por correo postal dentro de Suiza y a los pa\u00edses indicados en \u00abEnv\u00edo gratuito por correo postal\u00bb y ofrecemos un env\u00edo por mensajero de pago [&hellip;]\" \/>\n<meta property=\"og:url\" content=\"https:\/\/www.robertzueblin.com\/es\/informacion-sobre-el-envio-y-pago\/\" \/>\n<meta property=\"og:site_name\" content=\"ROBERT Z\u00dcBLIN\" \/>\n<meta property=\"article:modified_time\" content=\"2025-04-03T08:08:41+00:00\" \/>\n<meta name=\"twitter:card\" content=\"summary_large_image\" \/>\n<script type=\"application\/ld+json\" class=\"yoast-schema-graph\">{\"@context\":\"https:\\\/\\\/schema.org\",\"@graph\":[{\"@type\":\"WebPage\",\"@id\":\"https:\\\/\\\/www.robertzueblin.com\\\/es\\\/informacion-sobre-el-envio-y-pago\\\/\",\"url\":\"https:\\\/\\\/www.robertzueblin.com\\\/es\\\/informacion-sobre-el-envio-y-pago\\\/\",\"name\":\"Informaci\u00f3n sobre el env\u00edo y pago para pedidos en la tienda online - ROBERT Z\u00dcBLIN\",\"isPartOf\":{\"@id\":\"https:\\\/\\\/www.robertzueblin.com\\\/es\\\/#website\"},\"datePublished\":\"2021-11-26T08:14:58+00:00\",\"dateModified\":\"2025-04-03T08:08:41+00:00\",\"breadcrumb\":{\"@id\":\"https:\\\/\\\/www.robertzueblin.com\\\/es\\\/informacion-sobre-el-envio-y-pago\\\/#breadcrumb\"},\"inLanguage\":\"es\",\"potentialAction\":[{\"@type\":\"ReadAction\",\"target\":[\"https:\\\/\\\/www.robertzueblin.com\\\/es\\\/informacion-sobre-el-envio-y-pago\\\/\"]}]},{\"@type\":\"BreadcrumbList\",\"@id\":\"https:\\\/\\\/www.robertzueblin.com\\\/es\\\/informacion-sobre-el-envio-y-pago\\\/#breadcrumb\",\"itemListElement\":[{\"@type\":\"ListItem\",\"position\":1,\"name\":\"Startseite\",\"item\":\"https:\\\/\\\/www.robertzueblin.com\\\/es\\\/\"},{\"@type\":\"ListItem\",\"position\":2,\"name\":\"Informaci\u00f3n sobre el env\u00edo y pago para pedidos en la tienda online\"}]},{\"@type\":\"WebSite\",\"@id\":\"https:\\\/\\\/www.robertzueblin.com\\\/es\\\/#website\",\"url\":\"https:\\\/\\\/www.robertzueblin.com\\\/es\\\/\",\"name\":\"ROBERT Z\u00dcBLIN\",\"description\":\"\",\"publisher\":{\"@id\":\"https:\\\/\\\/www.robertzueblin.com\\\/es\\\/#organization\"},\"potentialAction\":[{\"@type\":\"SearchAction\",\"target\":{\"@type\":\"EntryPoint\",\"urlTemplate\":\"https:\\\/\\\/www.robertzueblin.com\\\/es\\\/?s={search_term_string}\"},\"query-input\":{\"@type\":\"PropertyValueSpecification\",\"valueRequired\":true,\"valueName\":\"search_term_string\"}}],\"inLanguage\":\"es\"},{\"@type\":\"Organization\",\"@id\":\"https:\\\/\\\/www.robertzueblin.com\\\/es\\\/#organization\",\"name\":\"ROBERT Z\u00dcBLIN\",\"url\":\"https:\\\/\\\/www.robertzueblin.com\\\/es\\\/\",\"logo\":{\"@type\":\"ImageObject\",\"inLanguage\":\"es\",\"@id\":\"https:\\\/\\\/www.robertzueblin.com\\\/es\\\/#\\\/schema\\\/logo\\\/image\\\/\",\"url\":\"https:\\\/\\\/www.robertzueblin.com\\\/wp-content\\\/uploads\\\/cropped-cropped-logo-von-robert-zueblin.jpg\",\"contentUrl\":\"https:\\\/\\\/www.robertzueblin.com\\\/wp-content\\\/uploads\\\/cropped-cropped-logo-von-robert-zueblin.jpg\",\"width\":440,\"height\":60,\"caption\":\"ROBERT Z\u00dcBLIN\"},\"image\":{\"@id\":\"https:\\\/\\\/www.robertzueblin.com\\\/es\\\/#\\\/schema\\\/logo\\\/image\\\/\"}}]}<\/script>\n<!-- \/ Yoast SEO plugin. -->","yoast_head_json":{"title":"Informaci\u00f3n sobre el env\u00edo y pago para pedidos en la tienda online - ROBERT Z\u00dcBLIN","robots":{"index":"index","follow":"follow","max-snippet":"max-snippet:-1","max-image-preview":"max-image-preview:large","max-video-preview":"max-video-preview:-1"},"canonical":"https:\/\/www.robertzueblin.com\/es\/informacion-sobre-el-envio-y-pago\/","og_locale":"es_ES","og_type":"article","og_title":"Informaci\u00f3n sobre el env\u00edo y pago para pedidos en la tienda online - ROBERT Z\u00dcBLIN","og_description":"A continuaci\u00f3n encontrar\u00e1 nuestra informaci\u00f3n sobre env\u00edos y pagos para pedidos en nuestra tienda online de la galer\u00eda de arte online ROBERT Z\u00dcBLIN. Informaci\u00f3n sobre el env\u00edo Ofrecemos env\u00edo gratuito por correo postal dentro de Suiza y a los pa\u00edses indicados en \u00abEnv\u00edo gratuito por correo postal\u00bb y ofrecemos un env\u00edo por mensajero de pago [&hellip;]","og_url":"https:\/\/www.robertzueblin.com\/es\/informacion-sobre-el-envio-y-pago\/","og_site_name":"ROBERT Z\u00dcBLIN","article_modified_time":"2025-04-03T08:08:41+00:00","twitter_card":"summary_large_image","schema":{"@context":"https:\/\/schema.org","@graph":[{"@type":"WebPage","@id":"https:\/\/www.robertzueblin.com\/es\/informacion-sobre-el-envio-y-pago\/","url":"https:\/\/www.robertzueblin.com\/es\/informacion-sobre-el-envio-y-pago\/","name":"Informaci\u00f3n sobre el env\u00edo y pago para pedidos en la tienda online - ROBERT Z\u00dcBLIN","isPartOf":{"@id":"https:\/\/www.robertzueblin.com\/es\/#website"},"datePublished":"2021-11-26T08:14:58+00:00","dateModified":"2025-04-03T08:08:41+00:00","breadcrumb":{"@id":"https:\/\/www.robertzueblin.com\/es\/informacion-sobre-el-envio-y-pago\/#breadcrumb"},"inLanguage":"es","potentialAction":[{"@type":"ReadAction","target":["https:\/\/www.robertzueblin.com\/es\/informacion-sobre-el-envio-y-pago\/"]}]},{"@type":"BreadcrumbList","@id":"https:\/\/www.robertzueblin.com\/es\/informacion-sobre-el-envio-y-pago\/#breadcrumb","itemListElement":[{"@type":"ListItem","position":1,"name":"Startseite","item":"https:\/\/www.robertzueblin.com\/es\/"},{"@type":"ListItem","position":2,"name":"Informaci\u00f3n sobre el env\u00edo y pago para pedidos en la tienda online"}]},{"@type":"WebSite","@id":"https:\/\/www.robertzueblin.com\/es\/#website","url":"https:\/\/www.robertzueblin.com\/es\/","name":"ROBERT Z\u00dcBLIN","description":"","publisher":{"@id":"https:\/\/www.robertzueblin.com\/es\/#organization"},"potentialAction":[{"@type":"SearchAction","target":{"@type":"EntryPoint","urlTemplate":"https:\/\/www.robertzueblin.com\/es\/?s={search_term_string}"},"query-input":{"@type":"PropertyValueSpecification","valueRequired":true,"valueName":"search_term_string"}}],"inLanguage":"es"},{"@type":"Organization","@id":"https:\/\/www.robertzueblin.com\/es\/#organization","name":"ROBERT Z\u00dcBLIN","url":"https:\/\/www.robertzueblin.com\/es\/","logo":{"@type":"ImageObject","inLanguage":"es","@id":"https:\/\/www.robertzueblin.com\/es\/#\/schema\/logo\/image\/","url":"https:\/\/www.robertzueblin.com\/wp-content\/uploads\/cropped-cropped-logo-von-robert-zueblin.jpg","contentUrl":"https:\/\/www.robertzueblin.com\/wp-content\/uploads\/cropped-cropped-logo-von-robert-zueblin.jpg","width":440,"height":60,"caption":"ROBERT Z\u00dcBLIN"},"image":{"@id":"https:\/\/www.robertzueblin.com\/es\/#\/schema\/logo\/image\/"}}]}},"_links":{"self":[{"href":"https:\/\/www.robertzueblin.com\/es\/wp-json\/wp\/v2\/pages\/3156","targetHints":{"allow":["GET"]}}],"collection":[{"href":"https:\/\/www.robertzueblin.com\/es\/wp-json\/wp\/v2\/pages"}],"about":[{"href":"https:\/\/www.robertzueblin.com\/es\/wp-json\/wp\/v2\/types\/page"}],"author":[{"embeddable":true,"href":"https:\/\/www.robertzueblin.com\/es\/wp-json\/wp\/v2\/users\/1"}],"replies":[{"embeddable":true,"href":"https:\/\/www.robertzueblin.com\/es\/wp-json\/wp\/v2\/comments?post=3156"}],"version-history":[{"count":17,"href":"https:\/\/www.robertzueblin.com\/es\/wp-json\/wp\/v2\/pages\/3156\/revisions"}],"predecessor-version":[{"id":44266,"href":"https:\/\/www.robertzueblin.com\/es\/wp-json\/wp\/v2\/pages\/3156\/revisions\/44266"}],"wp:attachment":[{"href":"https:\/\/www.robertzueblin.com\/es\/wp-json\/wp\/v2\/media?parent=3156"}],"curies":[{"name":"wp","href":"https:\/\/api.w.org\/{rel}","templated":true}]}}