{"id":31455,"date":"2023-02-05T18:16:20","date_gmt":"2023-02-05T17:16:20","guid":{"rendered":"https:\/\/www.robertzueblin.com\/?page_id=31455"},"modified":"2023-12-28T19:02:00","modified_gmt":"2023-12-28T18:02:00","slug":"ampliacion-de-exposicion-de-otto-douglas-hill-keramik-museum-de-berlin","status":"publish","type":"page","link":"https:\/\/www.robertzueblin.com\/es\/noticias-ceramica\/ampliacion-de-exposicion-de-otto-douglas-hill-keramik-museum-de-berlin\/","title":{"rendered":"Ampliaci\u00f3n de exposici\u00f3n de Otto Douglas-Hill Keramik-Museum de Berl\u00edn"},"content":{"rendered":"<figure class=\"newsst\"><img decoding=\"async\" src=\"https:\/\/www.robertzueblin.com\/wp-content\/uploads\/otto-douglas-hill-exposicion.jpg\" alt=\"Con motivo del 125 aniversario del nacimiento de Otto Douglas-Hill, el Keramik-Museum de Berl\u00edn (Keramik-Museum Berlin) organiza una exposici\u00f3n titulada Otto Douglas-Hill 1897-1972.\" width=\"100%\" height=\"auto\" \/><\/figure><figcaption><strong><a href=\"https:\/\/www.robertzueblin.com\/es\/otto-douglas-hill\/portamacetas-de-ceramica\/\">Portamacetas de cer\u00e1mica de Otto Douglas-Hill<\/a> (ejemplo similar en la exposici\u00f3n del Museo de Cer\u00e1mica de Berl\u00edn)<\/strong><\/figcaption><table style=\"margin-bottom: 1.5em; margin-top: 2em;\">\n<tbody>\n<tr>\n<td style=\"border-width: 0.15em; line-height: 0; border-color: #bfbfbf!important;\"><span style=\"float:right; font-size: 0.9em; color:#aaaaaa!important;\">Robert Z\u00fcblin | 05.02.2023 | 18:16<\/span><\/td>\n<\/tbody>\n<\/table>\n<div class=\"newsssst\"><strong>La exposici\u00f3n \u00abOtto Douglas-Hill 1897-1972\u00bb en el Keramik-Museum de Berl\u00edn se ha prorrogado hasta el 29 de mayo de 2023.<\/strong><\/div>\n<h2 class=\"newssst\">Con motivo del 125 aniversario<\/h2>\n<p>En un principio, la exposici\u00f3n \u00abOtto Douglas-Hill 1897-1972\u00bb del Keramik-Museum de Berl\u00edn s\u00f3lo iba a estar abierta del 12 de septiembre de 2022 al 23 de enero de 2023. Ahora, el Keramik-Museum de Berl\u00edn ha anunciado la pr\u00f3rroga de la exposici\u00f3n hasta el 29 de mayo de 2023.  <\/p>\n<p>El motivo de la exposici\u00f3n es el 125 aniversario del nacimiento del ceramista <a href=\"https:\/\/www.robertzueblin.com\/es\/otto-douglas-hill\/\">Otto Douglas-Hill<\/a>. El Keramik-Museum de Berl\u00edn quiere rendir homenaje a uno de los ceramistas berlineses m\u00e1s importantes de la primera mitad del siglo XX. De hecho, es uno de los ceramistas m\u00e1s importantes de Alemania e incluso del mundo de su \u00e9poca. <\/p>\n<h2 class=\"newssst\">Vocabulario de dise\u00f1o especial y esmaltes espectaculares<\/h2>\n<p>Otto Douglas-Hill se distingue, por un lado, por su lenguaje formal propio. Por otra parte, tambi\u00e9n destaca por sus esmaltes intensamente coloreados de azul claro a turquesa, as\u00ed como de amarillo brillante.  <\/p>\n<p>La exposici\u00f3n del Keramik-Museum de Berl\u00edn presenta unas cuarenta piezas. Adem\u00e1s de vasijas torneadas, tambi\u00e9n hay cer\u00e1micas construidas por Otto Douglas-Hill.  <\/p>\n<p>El Keramik-Museum de Berl\u00edn se encuentra en Schustehrusstra\u00dfe 13, 10585 Berl\u00edn-Charlottenburg, Alemania.  <\/p>\n<p>El horario de apertura del Keramik-Museum de Berl\u00edn es: Viernes, s\u00e1bados, domingos y lunes, de 13.00 a 17.00 horas. <\/p>\n<div>&nbsp;<\/div>\n<p><a href=\"https:\/\/www.robertzueblin.com\/es\/otto-douglas-hill\/\" style=\"font-size: 0.8em; text-decoration: none; background: #D8D8D8; padding-left: 0.1em; padding-right: 0.1em; padding-top: -0.1em; padding-bottom: -0.2em; float:right;\">Otto Douglas-Hill<\/a><\/p>\n<div>&nbsp;<\/div>\n","protected":false},"excerpt":{"rendered":"<p>Portamacetas de cer\u00e1mica de Otto Douglas-Hill (ejemplo similar en la exposici\u00f3n del Museo de Cer\u00e1mica de Berl\u00edn) Robert Z\u00fcblin | 05.02.2023 | 18:16 La exposici\u00f3n \u00abOtto Douglas-Hill 1897-1972\u00bb en el Keramik-Museum de Berl\u00edn se ha prorrogado hasta el 29 de mayo de 2023. Con motivo del 125 aniversario En un principio, la exposici\u00f3n \u00abOtto Douglas-Hill [&hellip;]<\/p>\n","protected":false},"author":1,"featured_media":0,"parent":2465,"menu_order":0,"comment_status":"closed","ping_status":"closed","template":"","meta":{"footnotes":""},"class_list":["post-31455","page","type-page","status-publish","hentry"],"yoast_head":"<!-- This site is optimized with the Yoast SEO plugin v27.4 - https:\/\/yoast.com\/product\/yoast-seo-wordpress\/ -->\n<title>Ampliaci\u00f3n exposici\u00f3n Otto Douglas-Hill Keramik-Museum Berl\u00edn<\/title>\n<meta name=\"description\" content=\"Exposici\u00f3n Otto Douglas-Hill (ceramista) en Keramik-Musem Berlin con cuarenta cer\u00e1micas de Douglas-Hill pero tambi\u00e9n otras piezas expuestas.\" \/>\n<meta name=\"robots\" content=\"index, follow, max-snippet:-1, max-image-preview:large, max-video-preview:-1\" \/>\n<link rel=\"canonical\" href=\"https:\/\/www.robertzueblin.com\/es\/noticias-ceramica\/ampliacion-de-exposicion-de-otto-douglas-hill-keramik-museum-de-berlin\/\" \/>\n<meta property=\"og:locale\" content=\"es_ES\" \/>\n<meta property=\"og:type\" content=\"article\" \/>\n<meta property=\"og:title\" content=\"Ampliaci\u00f3n exposici\u00f3n Otto Douglas-Hill Keramik-Museum Berl\u00edn\" \/>\n<meta property=\"og:description\" content=\"Exposici\u00f3n Otto Douglas-Hill (ceramista) en Keramik-Musem Berlin con cuarenta cer\u00e1micas de Douglas-Hill pero tambi\u00e9n otras piezas expuestas.\" \/>\n<meta property=\"og:url\" content=\"https:\/\/www.robertzueblin.com\/es\/noticias-ceramica\/ampliacion-de-exposicion-de-otto-douglas-hill-keramik-museum-de-berlin\/\" \/>\n<meta property=\"og:site_name\" content=\"ROBERT Z\u00dcBLIN\" \/>\n<meta property=\"article:modified_time\" content=\"2023-12-28T18:02:00+00:00\" \/>\n<meta property=\"og:image\" content=\"https:\/\/www.robertzueblin.com\/wp-content\/uploads\/otto-douglas-hill-exposicion.jpg\" \/>\n<meta name=\"twitter:card\" content=\"summary_large_image\" \/>\n<script type=\"application\/ld+json\" class=\"yoast-schema-graph\">{\"@context\":\"https:\\\/\\\/schema.org\",\"@graph\":[{\"@type\":\"WebPage\",\"@id\":\"https:\\\/\\\/www.robertzueblin.com\\\/es\\\/noticias-ceramica\\\/ampliacion-de-exposicion-de-otto-douglas-hill-keramik-museum-de-berlin\\\/\",\"url\":\"https:\\\/\\\/www.robertzueblin.com\\\/es\\\/noticias-ceramica\\\/ampliacion-de-exposicion-de-otto-douglas-hill-keramik-museum-de-berlin\\\/\",\"name\":\"Ampliaci\u00f3n exposici\u00f3n Otto Douglas-Hill Keramik-Museum Berl\u00edn\",\"isPartOf\":{\"@id\":\"https:\\\/\\\/www.robertzueblin.com\\\/es\\\/#website\"},\"primaryImageOfPage\":{\"@id\":\"https:\\\/\\\/www.robertzueblin.com\\\/es\\\/noticias-ceramica\\\/ampliacion-de-exposicion-de-otto-douglas-hill-keramik-museum-de-berlin\\\/#primaryimage\"},\"image\":{\"@id\":\"https:\\\/\\\/www.robertzueblin.com\\\/es\\\/noticias-ceramica\\\/ampliacion-de-exposicion-de-otto-douglas-hill-keramik-museum-de-berlin\\\/#primaryimage\"},\"thumbnailUrl\":\"https:\\\/\\\/www.robertzueblin.com\\\/wp-content\\\/uploads\\\/otto-douglas-hill-exposicion.jpg\",\"datePublished\":\"2023-02-05T17:16:20+00:00\",\"dateModified\":\"2023-12-28T18:02:00+00:00\",\"description\":\"Exposici\u00f3n Otto Douglas-Hill (ceramista) en Keramik-Musem Berlin con cuarenta cer\u00e1micas de Douglas-Hill pero tambi\u00e9n otras piezas expuestas.\",\"breadcrumb\":{\"@id\":\"https:\\\/\\\/www.robertzueblin.com\\\/es\\\/noticias-ceramica\\\/ampliacion-de-exposicion-de-otto-douglas-hill-keramik-museum-de-berlin\\\/#breadcrumb\"},\"inLanguage\":\"es\",\"potentialAction\":[{\"@type\":\"ReadAction\",\"target\":[\"https:\\\/\\\/www.robertzueblin.com\\\/es\\\/noticias-ceramica\\\/ampliacion-de-exposicion-de-otto-douglas-hill-keramik-museum-de-berlin\\\/\"]}]},{\"@type\":\"ImageObject\",\"inLanguage\":\"es\",\"@id\":\"https:\\\/\\\/www.robertzueblin.com\\\/es\\\/noticias-ceramica\\\/ampliacion-de-exposicion-de-otto-douglas-hill-keramik-museum-de-berlin\\\/#primaryimage\",\"url\":\"https:\\\/\\\/www.robertzueblin.com\\\/wp-content\\\/uploads\\\/otto-douglas-hill-exposicion.jpg\",\"contentUrl\":\"https:\\\/\\\/www.robertzueblin.com\\\/wp-content\\\/uploads\\\/otto-douglas-hill-exposicion.jpg\"},{\"@type\":\"BreadcrumbList\",\"@id\":\"https:\\\/\\\/www.robertzueblin.com\\\/es\\\/noticias-ceramica\\\/ampliacion-de-exposicion-de-otto-douglas-hill-keramik-museum-de-berlin\\\/#breadcrumb\",\"itemListElement\":[{\"@type\":\"ListItem\",\"position\":1,\"name\":\"Startseite\",\"item\":\"https:\\\/\\\/www.robertzueblin.com\\\/es\\\/\"},{\"@type\":\"ListItem\",\"position\":2,\"name\":\"Noticias de arte y cer\u00e1mica\",\"item\":\"https:\\\/\\\/www.robertzueblin.com\\\/es\\\/noticias-ceramica\\\/\"},{\"@type\":\"ListItem\",\"position\":3,\"name\":\"Ampliaci\u00f3n de exposici\u00f3n de Otto Douglas-Hill Keramik-Museum de Berl\u00edn\"}]},{\"@type\":\"WebSite\",\"@id\":\"https:\\\/\\\/www.robertzueblin.com\\\/es\\\/#website\",\"url\":\"https:\\\/\\\/www.robertzueblin.com\\\/es\\\/\",\"name\":\"ROBERT Z\u00dcBLIN\",\"description\":\"\",\"publisher\":{\"@id\":\"https:\\\/\\\/www.robertzueblin.com\\\/es\\\/#organization\"},\"potentialAction\":[{\"@type\":\"SearchAction\",\"target\":{\"@type\":\"EntryPoint\",\"urlTemplate\":\"https:\\\/\\\/www.robertzueblin.com\\\/es\\\/?s={search_term_string}\"},\"query-input\":{\"@type\":\"PropertyValueSpecification\",\"valueRequired\":true,\"valueName\":\"search_term_string\"}}],\"inLanguage\":\"es\"},{\"@type\":\"Organization\",\"@id\":\"https:\\\/\\\/www.robertzueblin.com\\\/es\\\/#organization\",\"name\":\"ROBERT Z\u00dcBLIN\",\"url\":\"https:\\\/\\\/www.robertzueblin.com\\\/es\\\/\",\"logo\":{\"@type\":\"ImageObject\",\"inLanguage\":\"es\",\"@id\":\"https:\\\/\\\/www.robertzueblin.com\\\/es\\\/#\\\/schema\\\/logo\\\/image\\\/\",\"url\":\"https:\\\/\\\/www.robertzueblin.com\\\/wp-content\\\/uploads\\\/cropped-cropped-logo-von-robert-zueblin.jpg\",\"contentUrl\":\"https:\\\/\\\/www.robertzueblin.com\\\/wp-content\\\/uploads\\\/cropped-cropped-logo-von-robert-zueblin.jpg\",\"width\":440,\"height\":60,\"caption\":\"ROBERT Z\u00dcBLIN\"},\"image\":{\"@id\":\"https:\\\/\\\/www.robertzueblin.com\\\/es\\\/#\\\/schema\\\/logo\\\/image\\\/\"}}]}<\/script>\n<!-- \/ Yoast SEO plugin. -->","yoast_head_json":{"title":"Ampliaci\u00f3n exposici\u00f3n Otto Douglas-Hill Keramik-Museum Berl\u00edn","description":"Exposici\u00f3n Otto Douglas-Hill (ceramista) en Keramik-Musem Berlin con cuarenta cer\u00e1micas de Douglas-Hill pero tambi\u00e9n otras piezas expuestas.","robots":{"index":"index","follow":"follow","max-snippet":"max-snippet:-1","max-image-preview":"max-image-preview:large","max-video-preview":"max-video-preview:-1"},"canonical":"https:\/\/www.robertzueblin.com\/es\/noticias-ceramica\/ampliacion-de-exposicion-de-otto-douglas-hill-keramik-museum-de-berlin\/","og_locale":"es_ES","og_type":"article","og_title":"Ampliaci\u00f3n exposici\u00f3n Otto Douglas-Hill Keramik-Museum Berl\u00edn","og_description":"Exposici\u00f3n Otto Douglas-Hill (ceramista) en Keramik-Musem Berlin con cuarenta cer\u00e1micas de Douglas-Hill pero tambi\u00e9n otras piezas expuestas.","og_url":"https:\/\/www.robertzueblin.com\/es\/noticias-ceramica\/ampliacion-de-exposicion-de-otto-douglas-hill-keramik-museum-de-berlin\/","og_site_name":"ROBERT Z\u00dcBLIN","article_modified_time":"2023-12-28T18:02:00+00:00","og_image":[{"url":"https:\/\/www.robertzueblin.com\/wp-content\/uploads\/otto-douglas-hill-exposicion.jpg","type":"","width":"","height":""}],"twitter_card":"summary_large_image","schema":{"@context":"https:\/\/schema.org","@graph":[{"@type":"WebPage","@id":"https:\/\/www.robertzueblin.com\/es\/noticias-ceramica\/ampliacion-de-exposicion-de-otto-douglas-hill-keramik-museum-de-berlin\/","url":"https:\/\/www.robertzueblin.com\/es\/noticias-ceramica\/ampliacion-de-exposicion-de-otto-douglas-hill-keramik-museum-de-berlin\/","name":"Ampliaci\u00f3n exposici\u00f3n Otto Douglas-Hill Keramik-Museum Berl\u00edn","isPartOf":{"@id":"https:\/\/www.robertzueblin.com\/es\/#website"},"primaryImageOfPage":{"@id":"https:\/\/www.robertzueblin.com\/es\/noticias-ceramica\/ampliacion-de-exposicion-de-otto-douglas-hill-keramik-museum-de-berlin\/#primaryimage"},"image":{"@id":"https:\/\/www.robertzueblin.com\/es\/noticias-ceramica\/ampliacion-de-exposicion-de-otto-douglas-hill-keramik-museum-de-berlin\/#primaryimage"},"thumbnailUrl":"https:\/\/www.robertzueblin.com\/wp-content\/uploads\/otto-douglas-hill-exposicion.jpg","datePublished":"2023-02-05T17:16:20+00:00","dateModified":"2023-12-28T18:02:00+00:00","description":"Exposici\u00f3n Otto Douglas-Hill (ceramista) en Keramik-Musem Berlin con cuarenta cer\u00e1micas de Douglas-Hill pero tambi\u00e9n otras piezas expuestas.","breadcrumb":{"@id":"https:\/\/www.robertzueblin.com\/es\/noticias-ceramica\/ampliacion-de-exposicion-de-otto-douglas-hill-keramik-museum-de-berlin\/#breadcrumb"},"inLanguage":"es","potentialAction":[{"@type":"ReadAction","target":["https:\/\/www.robertzueblin.com\/es\/noticias-ceramica\/ampliacion-de-exposicion-de-otto-douglas-hill-keramik-museum-de-berlin\/"]}]},{"@type":"ImageObject","inLanguage":"es","@id":"https:\/\/www.robertzueblin.com\/es\/noticias-ceramica\/ampliacion-de-exposicion-de-otto-douglas-hill-keramik-museum-de-berlin\/#primaryimage","url":"https:\/\/www.robertzueblin.com\/wp-content\/uploads\/otto-douglas-hill-exposicion.jpg","contentUrl":"https:\/\/www.robertzueblin.com\/wp-content\/uploads\/otto-douglas-hill-exposicion.jpg"},{"@type":"BreadcrumbList","@id":"https:\/\/www.robertzueblin.com\/es\/noticias-ceramica\/ampliacion-de-exposicion-de-otto-douglas-hill-keramik-museum-de-berlin\/#breadcrumb","itemListElement":[{"@type":"ListItem","position":1,"name":"Startseite","item":"https:\/\/www.robertzueblin.com\/es\/"},{"@type":"ListItem","position":2,"name":"Noticias de arte y cer\u00e1mica","item":"https:\/\/www.robertzueblin.com\/es\/noticias-ceramica\/"},{"@type":"ListItem","position":3,"name":"Ampliaci\u00f3n de exposici\u00f3n de Otto Douglas-Hill Keramik-Museum de Berl\u00edn"}]},{"@type":"WebSite","@id":"https:\/\/www.robertzueblin.com\/es\/#website","url":"https:\/\/www.robertzueblin.com\/es\/","name":"ROBERT Z\u00dcBLIN","description":"","publisher":{"@id":"https:\/\/www.robertzueblin.com\/es\/#organization"},"potentialAction":[{"@type":"SearchAction","target":{"@type":"EntryPoint","urlTemplate":"https:\/\/www.robertzueblin.com\/es\/?s={search_term_string}"},"query-input":{"@type":"PropertyValueSpecification","valueRequired":true,"valueName":"search_term_string"}}],"inLanguage":"es"},{"@type":"Organization","@id":"https:\/\/www.robertzueblin.com\/es\/#organization","name":"ROBERT Z\u00dcBLIN","url":"https:\/\/www.robertzueblin.com\/es\/","logo":{"@type":"ImageObject","inLanguage":"es","@id":"https:\/\/www.robertzueblin.com\/es\/#\/schema\/logo\/image\/","url":"https:\/\/www.robertzueblin.com\/wp-content\/uploads\/cropped-cropped-logo-von-robert-zueblin.jpg","contentUrl":"https:\/\/www.robertzueblin.com\/wp-content\/uploads\/cropped-cropped-logo-von-robert-zueblin.jpg","width":440,"height":60,"caption":"ROBERT Z\u00dcBLIN"},"image":{"@id":"https:\/\/www.robertzueblin.com\/es\/#\/schema\/logo\/image\/"}}]}},"_links":{"self":[{"href":"https:\/\/www.robertzueblin.com\/es\/wp-json\/wp\/v2\/pages\/31455","targetHints":{"allow":["GET"]}}],"collection":[{"href":"https:\/\/www.robertzueblin.com\/es\/wp-json\/wp\/v2\/pages"}],"about":[{"href":"https:\/\/www.robertzueblin.com\/es\/wp-json\/wp\/v2\/types\/page"}],"author":[{"embeddable":true,"href":"https:\/\/www.robertzueblin.com\/es\/wp-json\/wp\/v2\/users\/1"}],"replies":[{"embeddable":true,"href":"https:\/\/www.robertzueblin.com\/es\/wp-json\/wp\/v2\/comments?post=31455"}],"version-history":[{"count":3,"href":"https:\/\/www.robertzueblin.com\/es\/wp-json\/wp\/v2\/pages\/31455\/revisions"}],"predecessor-version":[{"id":36050,"href":"https:\/\/www.robertzueblin.com\/es\/wp-json\/wp\/v2\/pages\/31455\/revisions\/36050"}],"up":[{"embeddable":true,"href":"https:\/\/www.robertzueblin.com\/es\/wp-json\/wp\/v2\/pages\/2465"}],"wp:attachment":[{"href":"https:\/\/www.robertzueblin.com\/es\/wp-json\/wp\/v2\/media?parent=31455"}],"curies":[{"name":"wp","href":"https:\/\/api.w.org\/{rel}","templated":true}]}}