{"id":2982,"date":"2021-11-11T17:58:21","date_gmt":"2021-11-11T16:58:21","guid":{"rendered":"https:\/\/www.robertzueblin.com\/?page_id=2982"},"modified":"2022-12-04T22:39:18","modified_gmt":"2022-12-04T21:39:18","slug":"exposicion-de-ceramica-otto-meier-vasijas-prolongada-hasta-el-6-de-marzo-de-2022","status":"publish","type":"page","link":"https:\/\/www.robertzueblin.com\/es\/noticias-ceramica\/exposicion-de-ceramica-otto-meier-vasijas-prolongada-hasta-el-6-de-marzo-de-2022\/","title":{"rendered":"EXPOSICI\u00d3N DE CER\u00c1MICA \u00abOTTO MEIER: VASIJAS\u00bb PROLONGADA HASTA EL 6 DE MARZO DE 2022"},"content":{"rendered":"<figure class=\"newsst\"><img decoding=\"async\" src=\"https:\/\/www.robertzueblin.com\/wp-content\/uploads\/otto-meier-jarron-ceramica-die-sieben-faulen-noticias.jpg\" alt=\"Jarr\u00f3n de cer\u00e1mica de Otto Meier de la \u00e9poca en que trabajaba en la alfarer\u00eda Die sieben Faulen, es decir, entre 1928 y 1939.\" \/><\/figure><figcaption><strong>Jarr\u00f3n de Otto Meier de la alfarer\u00eda \u00abZu den sieben Faulen\u00bb (entre 1928 y 1939)<\/strong><\/span><br \/>\n<span style=\"float: left;\"><small>[Foto: Robert Z\u00fcblin]<\/small><\/span><\/figcaption><table style=\"margin-bottom: 1.5em; margin-top: 5em;\">\n<tbody>\n<tr>\n<td style=\"border-width: 0.15em; line-height: 0; border-color: #bfbfbf!important;\"><span style=\"float:right; font-size: 0.9em; color:#aaaaaa!important;\">Robert Z\u00fcblin | 11.11.2021 | 17:58<\/span><\/td>\n<\/tbody>\n<\/table>\n<div class=\"newsssst\"><strong>La exposici\u00f3n temporal de cer\u00e1mica del ceramista Otto Meier en la Gro\u00dfe Kunstschau Worpswede se ha prolongado hasta el 6 de marzo de 2022.<\/strong><\/div>\n<h2 class=\"newssst\">60 piezas de cer\u00e1mica de Otto Meier<\/h2>\n<p>Un total de sesenta vasijas del ceramista Otto Meier se exponen en la Gro\u00dfe Kunstschau de Worpswede. Las piezas cer\u00e1micas se exponen en la antigua sala de ventas de la Gro\u00dfe Kunstschau, construida por Bernhard Hoetger en 1927.<\/p>\n<p>Bernhard Hoetger (* 1874, \u2020 1949) fue arquitecto, escultor, artesano y pintor. Hoetger introdujo a Otto Meier en la cer\u00e1mica en 1925. En realidad, Otto Meier hab\u00eda estudiado arquitectura hasta entonces.<\/p>\n<p>La exposici\u00f3n \u00abOtto Meier: Recipientes\u00bb se organiza en colaboraci\u00f3n con la hija de Otto Meier, Susanne Meier. La mayor\u00eda de las obras proceden del patrimonio del alfarero, que Susanne Meier ha puesto a disposici\u00f3n de la exposici\u00f3n.<\/p>\n<h2 class=\"newssst\">Prolongaci\u00f3n de la exposici\u00f3n<\/h2>\n<p>Originalmente, la exposici\u00f3n iba a durar hasta el 7 de marzo de 2021. Sin embargo, la exposici\u00f3n en la Gro\u00dfe Kunstschau Worpswede se prolongar\u00e1 hasta el 6 de marzo de 2022. Worpswede -conocida por su colonia de artistas- est\u00e1 situada al noreste de Bremen.<\/p>\n<p>Otto Meier no es un extra\u00f1o en Worpswede. Dado que su taller de los \u00absieben Faulen\u00bb en la B\u00f6ttcherstra\u00dfe de Bremen fue destruido durante la Segunda Guerra Mundial, Otto Meier construy\u00f3 un nuevo taller en la cercana Worpswede en 1945.<\/p>\n<p><a href=\"https:\/\/www.robertzueblin.com\/es\/otto-meier\" style=\"font-size:0.7em; text-decoration: none; background: #D8D8D8; padding-left: 0.4em; padding-right: 0.4em; padding-top: -0.1em; padding-bottom: -0.2em; float:right;\">Otto Meier<\/a><\/p>\n<div>&nbsp;<\/div>\n","protected":false},"excerpt":{"rendered":"<p>Jarr\u00f3n de Otto Meier de la alfarer\u00eda \u00abZu den sieben Faulen\u00bb (entre 1928 y 1939) [Foto: Robert Z\u00fcblin] Robert Z\u00fcblin | 11.11.2021 | 17:58 La exposici\u00f3n temporal de cer\u00e1mica del ceramista Otto Meier en la Gro\u00dfe Kunstschau Worpswede se ha prolongado hasta el 6 de marzo de 2022. 60 piezas de cer\u00e1mica de Otto Meier [&hellip;]<\/p>\n","protected":false},"author":1,"featured_media":0,"parent":2465,"menu_order":0,"comment_status":"closed","ping_status":"closed","template":"","meta":{"footnotes":""},"class_list":["post-2982","page","type-page","status-publish","hentry"],"yoast_head":"<!-- This site is optimized with the Yoast SEO plugin v27.4 - https:\/\/yoast.com\/product\/yoast-seo-wordpress\/ -->\n<title>EXPOSICI\u00d3N DE CER\u00c1MICA &quot;OTTO MEIER: VASIJAS&quot; PROLONGADA HASTA EL 6 DE MARZO DE 2022 - ROBERT Z\u00dcBLIN<\/title>\n<meta name=\"robots\" content=\"index, follow, max-snippet:-1, max-image-preview:large, max-video-preview:-1\" \/>\n<link rel=\"canonical\" href=\"https:\/\/www.robertzueblin.com\/es\/noticias-ceramica\/exposicion-de-ceramica-otto-meier-vasijas-prolongada-hasta-el-6-de-marzo-de-2022\/\" \/>\n<meta property=\"og:locale\" content=\"es_ES\" \/>\n<meta property=\"og:type\" content=\"article\" \/>\n<meta property=\"og:title\" content=\"EXPOSICI\u00d3N DE CER\u00c1MICA &quot;OTTO MEIER: VASIJAS&quot; PROLONGADA HASTA EL 6 DE MARZO DE 2022 - ROBERT Z\u00dcBLIN\" \/>\n<meta property=\"og:description\" content=\"Jarr\u00f3n de Otto Meier de la alfarer\u00eda \u00abZu den sieben Faulen\u00bb (entre 1928 y 1939) [Foto: Robert Z\u00fcblin] Robert Z\u00fcblin | 11.11.2021 | 17:58 La exposici\u00f3n temporal de cer\u00e1mica del ceramista Otto Meier en la Gro\u00dfe Kunstschau Worpswede se ha prolongado hasta el 6 de marzo de 2022. 60 piezas de cer\u00e1mica de Otto Meier [&hellip;]\" \/>\n<meta property=\"og:url\" content=\"https:\/\/www.robertzueblin.com\/es\/noticias-ceramica\/exposicion-de-ceramica-otto-meier-vasijas-prolongada-hasta-el-6-de-marzo-de-2022\/\" \/>\n<meta property=\"og:site_name\" content=\"ROBERT Z\u00dcBLIN\" \/>\n<meta property=\"article:modified_time\" content=\"2022-12-04T21:39:18+00:00\" \/>\n<meta property=\"og:image\" content=\"https:\/\/www.robertzueblin.com\/wp-content\/uploads\/otto-meier-jarron-ceramica-die-sieben-faulen-noticias.jpg\" \/>\n<meta name=\"twitter:card\" content=\"summary_large_image\" \/>\n<script type=\"application\/ld+json\" class=\"yoast-schema-graph\">{\"@context\":\"https:\\\/\\\/schema.org\",\"@graph\":[{\"@type\":\"WebPage\",\"@id\":\"https:\\\/\\\/www.robertzueblin.com\\\/es\\\/noticias-ceramica\\\/exposicion-de-ceramica-otto-meier-vasijas-prolongada-hasta-el-6-de-marzo-de-2022\\\/\",\"url\":\"https:\\\/\\\/www.robertzueblin.com\\\/es\\\/noticias-ceramica\\\/exposicion-de-ceramica-otto-meier-vasijas-prolongada-hasta-el-6-de-marzo-de-2022\\\/\",\"name\":\"EXPOSICI\u00d3N DE CER\u00c1MICA \\\"OTTO MEIER: VASIJAS\\\" PROLONGADA HASTA EL 6 DE MARZO DE 2022 - ROBERT Z\u00dcBLIN\",\"isPartOf\":{\"@id\":\"https:\\\/\\\/www.robertzueblin.com\\\/es\\\/#website\"},\"primaryImageOfPage\":{\"@id\":\"https:\\\/\\\/www.robertzueblin.com\\\/es\\\/noticias-ceramica\\\/exposicion-de-ceramica-otto-meier-vasijas-prolongada-hasta-el-6-de-marzo-de-2022\\\/#primaryimage\"},\"image\":{\"@id\":\"https:\\\/\\\/www.robertzueblin.com\\\/es\\\/noticias-ceramica\\\/exposicion-de-ceramica-otto-meier-vasijas-prolongada-hasta-el-6-de-marzo-de-2022\\\/#primaryimage\"},\"thumbnailUrl\":\"https:\\\/\\\/www.robertzueblin.com\\\/wp-content\\\/uploads\\\/otto-meier-jarron-ceramica-die-sieben-faulen-noticias.jpg\",\"datePublished\":\"2021-11-11T16:58:21+00:00\",\"dateModified\":\"2022-12-04T21:39:18+00:00\",\"breadcrumb\":{\"@id\":\"https:\\\/\\\/www.robertzueblin.com\\\/es\\\/noticias-ceramica\\\/exposicion-de-ceramica-otto-meier-vasijas-prolongada-hasta-el-6-de-marzo-de-2022\\\/#breadcrumb\"},\"inLanguage\":\"es\",\"potentialAction\":[{\"@type\":\"ReadAction\",\"target\":[\"https:\\\/\\\/www.robertzueblin.com\\\/es\\\/noticias-ceramica\\\/exposicion-de-ceramica-otto-meier-vasijas-prolongada-hasta-el-6-de-marzo-de-2022\\\/\"]}]},{\"@type\":\"ImageObject\",\"inLanguage\":\"es\",\"@id\":\"https:\\\/\\\/www.robertzueblin.com\\\/es\\\/noticias-ceramica\\\/exposicion-de-ceramica-otto-meier-vasijas-prolongada-hasta-el-6-de-marzo-de-2022\\\/#primaryimage\",\"url\":\"https:\\\/\\\/www.robertzueblin.com\\\/wp-content\\\/uploads\\\/otto-meier-jarron-ceramica-die-sieben-faulen-noticias.jpg\",\"contentUrl\":\"https:\\\/\\\/www.robertzueblin.com\\\/wp-content\\\/uploads\\\/otto-meier-jarron-ceramica-die-sieben-faulen-noticias.jpg\"},{\"@type\":\"BreadcrumbList\",\"@id\":\"https:\\\/\\\/www.robertzueblin.com\\\/es\\\/noticias-ceramica\\\/exposicion-de-ceramica-otto-meier-vasijas-prolongada-hasta-el-6-de-marzo-de-2022\\\/#breadcrumb\",\"itemListElement\":[{\"@type\":\"ListItem\",\"position\":1,\"name\":\"Startseite\",\"item\":\"https:\\\/\\\/www.robertzueblin.com\\\/es\\\/\"},{\"@type\":\"ListItem\",\"position\":2,\"name\":\"Noticias de arte y cer\u00e1mica\",\"item\":\"https:\\\/\\\/www.robertzueblin.com\\\/es\\\/noticias-ceramica\\\/\"},{\"@type\":\"ListItem\",\"position\":3,\"name\":\"EXPOSICI\u00d3N DE CER\u00c1MICA &#8220;OTTO MEIER: VASIJAS&#8221; PROLONGADA HASTA EL 6 DE MARZO DE 2022\"}]},{\"@type\":\"WebSite\",\"@id\":\"https:\\\/\\\/www.robertzueblin.com\\\/es\\\/#website\",\"url\":\"https:\\\/\\\/www.robertzueblin.com\\\/es\\\/\",\"name\":\"ROBERT Z\u00dcBLIN\",\"description\":\"\",\"publisher\":{\"@id\":\"https:\\\/\\\/www.robertzueblin.com\\\/es\\\/#organization\"},\"potentialAction\":[{\"@type\":\"SearchAction\",\"target\":{\"@type\":\"EntryPoint\",\"urlTemplate\":\"https:\\\/\\\/www.robertzueblin.com\\\/es\\\/?s={search_term_string}\"},\"query-input\":{\"@type\":\"PropertyValueSpecification\",\"valueRequired\":true,\"valueName\":\"search_term_string\"}}],\"inLanguage\":\"es\"},{\"@type\":\"Organization\",\"@id\":\"https:\\\/\\\/www.robertzueblin.com\\\/es\\\/#organization\",\"name\":\"ROBERT Z\u00dcBLIN\",\"url\":\"https:\\\/\\\/www.robertzueblin.com\\\/es\\\/\",\"logo\":{\"@type\":\"ImageObject\",\"inLanguage\":\"es\",\"@id\":\"https:\\\/\\\/www.robertzueblin.com\\\/es\\\/#\\\/schema\\\/logo\\\/image\\\/\",\"url\":\"https:\\\/\\\/www.robertzueblin.com\\\/wp-content\\\/uploads\\\/cropped-cropped-logo-von-robert-zueblin.jpg\",\"contentUrl\":\"https:\\\/\\\/www.robertzueblin.com\\\/wp-content\\\/uploads\\\/cropped-cropped-logo-von-robert-zueblin.jpg\",\"width\":440,\"height\":60,\"caption\":\"ROBERT Z\u00dcBLIN\"},\"image\":{\"@id\":\"https:\\\/\\\/www.robertzueblin.com\\\/es\\\/#\\\/schema\\\/logo\\\/image\\\/\"}}]}<\/script>\n<!-- \/ Yoast SEO plugin. -->","yoast_head_json":{"title":"EXPOSICI\u00d3N DE CER\u00c1MICA \"OTTO MEIER: VASIJAS\" PROLONGADA HASTA EL 6 DE MARZO DE 2022 - ROBERT Z\u00dcBLIN","robots":{"index":"index","follow":"follow","max-snippet":"max-snippet:-1","max-image-preview":"max-image-preview:large","max-video-preview":"max-video-preview:-1"},"canonical":"https:\/\/www.robertzueblin.com\/es\/noticias-ceramica\/exposicion-de-ceramica-otto-meier-vasijas-prolongada-hasta-el-6-de-marzo-de-2022\/","og_locale":"es_ES","og_type":"article","og_title":"EXPOSICI\u00d3N DE CER\u00c1MICA \"OTTO MEIER: VASIJAS\" PROLONGADA HASTA EL 6 DE MARZO DE 2022 - ROBERT Z\u00dcBLIN","og_description":"Jarr\u00f3n de Otto Meier de la alfarer\u00eda \u00abZu den sieben Faulen\u00bb (entre 1928 y 1939) [Foto: Robert Z\u00fcblin] Robert Z\u00fcblin | 11.11.2021 | 17:58 La exposici\u00f3n temporal de cer\u00e1mica del ceramista Otto Meier en la Gro\u00dfe Kunstschau Worpswede se ha prolongado hasta el 6 de marzo de 2022. 60 piezas de cer\u00e1mica de Otto Meier [&hellip;]","og_url":"https:\/\/www.robertzueblin.com\/es\/noticias-ceramica\/exposicion-de-ceramica-otto-meier-vasijas-prolongada-hasta-el-6-de-marzo-de-2022\/","og_site_name":"ROBERT Z\u00dcBLIN","article_modified_time":"2022-12-04T21:39:18+00:00","og_image":[{"url":"https:\/\/www.robertzueblin.com\/wp-content\/uploads\/otto-meier-jarron-ceramica-die-sieben-faulen-noticias.jpg","type":"","width":"","height":""}],"twitter_card":"summary_large_image","schema":{"@context":"https:\/\/schema.org","@graph":[{"@type":"WebPage","@id":"https:\/\/www.robertzueblin.com\/es\/noticias-ceramica\/exposicion-de-ceramica-otto-meier-vasijas-prolongada-hasta-el-6-de-marzo-de-2022\/","url":"https:\/\/www.robertzueblin.com\/es\/noticias-ceramica\/exposicion-de-ceramica-otto-meier-vasijas-prolongada-hasta-el-6-de-marzo-de-2022\/","name":"EXPOSICI\u00d3N DE CER\u00c1MICA \"OTTO MEIER: VASIJAS\" PROLONGADA HASTA EL 6 DE MARZO DE 2022 - ROBERT Z\u00dcBLIN","isPartOf":{"@id":"https:\/\/www.robertzueblin.com\/es\/#website"},"primaryImageOfPage":{"@id":"https:\/\/www.robertzueblin.com\/es\/noticias-ceramica\/exposicion-de-ceramica-otto-meier-vasijas-prolongada-hasta-el-6-de-marzo-de-2022\/#primaryimage"},"image":{"@id":"https:\/\/www.robertzueblin.com\/es\/noticias-ceramica\/exposicion-de-ceramica-otto-meier-vasijas-prolongada-hasta-el-6-de-marzo-de-2022\/#primaryimage"},"thumbnailUrl":"https:\/\/www.robertzueblin.com\/wp-content\/uploads\/otto-meier-jarron-ceramica-die-sieben-faulen-noticias.jpg","datePublished":"2021-11-11T16:58:21+00:00","dateModified":"2022-12-04T21:39:18+00:00","breadcrumb":{"@id":"https:\/\/www.robertzueblin.com\/es\/noticias-ceramica\/exposicion-de-ceramica-otto-meier-vasijas-prolongada-hasta-el-6-de-marzo-de-2022\/#breadcrumb"},"inLanguage":"es","potentialAction":[{"@type":"ReadAction","target":["https:\/\/www.robertzueblin.com\/es\/noticias-ceramica\/exposicion-de-ceramica-otto-meier-vasijas-prolongada-hasta-el-6-de-marzo-de-2022\/"]}]},{"@type":"ImageObject","inLanguage":"es","@id":"https:\/\/www.robertzueblin.com\/es\/noticias-ceramica\/exposicion-de-ceramica-otto-meier-vasijas-prolongada-hasta-el-6-de-marzo-de-2022\/#primaryimage","url":"https:\/\/www.robertzueblin.com\/wp-content\/uploads\/otto-meier-jarron-ceramica-die-sieben-faulen-noticias.jpg","contentUrl":"https:\/\/www.robertzueblin.com\/wp-content\/uploads\/otto-meier-jarron-ceramica-die-sieben-faulen-noticias.jpg"},{"@type":"BreadcrumbList","@id":"https:\/\/www.robertzueblin.com\/es\/noticias-ceramica\/exposicion-de-ceramica-otto-meier-vasijas-prolongada-hasta-el-6-de-marzo-de-2022\/#breadcrumb","itemListElement":[{"@type":"ListItem","position":1,"name":"Startseite","item":"https:\/\/www.robertzueblin.com\/es\/"},{"@type":"ListItem","position":2,"name":"Noticias de arte y cer\u00e1mica","item":"https:\/\/www.robertzueblin.com\/es\/noticias-ceramica\/"},{"@type":"ListItem","position":3,"name":"EXPOSICI\u00d3N DE CER\u00c1MICA &#8220;OTTO MEIER: VASIJAS&#8221; PROLONGADA HASTA EL 6 DE MARZO DE 2022"}]},{"@type":"WebSite","@id":"https:\/\/www.robertzueblin.com\/es\/#website","url":"https:\/\/www.robertzueblin.com\/es\/","name":"ROBERT Z\u00dcBLIN","description":"","publisher":{"@id":"https:\/\/www.robertzueblin.com\/es\/#organization"},"potentialAction":[{"@type":"SearchAction","target":{"@type":"EntryPoint","urlTemplate":"https:\/\/www.robertzueblin.com\/es\/?s={search_term_string}"},"query-input":{"@type":"PropertyValueSpecification","valueRequired":true,"valueName":"search_term_string"}}],"inLanguage":"es"},{"@type":"Organization","@id":"https:\/\/www.robertzueblin.com\/es\/#organization","name":"ROBERT Z\u00dcBLIN","url":"https:\/\/www.robertzueblin.com\/es\/","logo":{"@type":"ImageObject","inLanguage":"es","@id":"https:\/\/www.robertzueblin.com\/es\/#\/schema\/logo\/image\/","url":"https:\/\/www.robertzueblin.com\/wp-content\/uploads\/cropped-cropped-logo-von-robert-zueblin.jpg","contentUrl":"https:\/\/www.robertzueblin.com\/wp-content\/uploads\/cropped-cropped-logo-von-robert-zueblin.jpg","width":440,"height":60,"caption":"ROBERT Z\u00dcBLIN"},"image":{"@id":"https:\/\/www.robertzueblin.com\/es\/#\/schema\/logo\/image\/"}}]}},"_links":{"self":[{"href":"https:\/\/www.robertzueblin.com\/es\/wp-json\/wp\/v2\/pages\/2982","targetHints":{"allow":["GET"]}}],"collection":[{"href":"https:\/\/www.robertzueblin.com\/es\/wp-json\/wp\/v2\/pages"}],"about":[{"href":"https:\/\/www.robertzueblin.com\/es\/wp-json\/wp\/v2\/types\/page"}],"author":[{"embeddable":true,"href":"https:\/\/www.robertzueblin.com\/es\/wp-json\/wp\/v2\/users\/1"}],"replies":[{"embeddable":true,"href":"https:\/\/www.robertzueblin.com\/es\/wp-json\/wp\/v2\/comments?post=2982"}],"version-history":[{"count":14,"href":"https:\/\/www.robertzueblin.com\/es\/wp-json\/wp\/v2\/pages\/2982\/revisions"}],"predecessor-version":[{"id":30535,"href":"https:\/\/www.robertzueblin.com\/es\/wp-json\/wp\/v2\/pages\/2982\/revisions\/30535"}],"up":[{"embeddable":true,"href":"https:\/\/www.robertzueblin.com\/es\/wp-json\/wp\/v2\/pages\/2465"}],"wp:attachment":[{"href":"https:\/\/www.robertzueblin.com\/es\/wp-json\/wp\/v2\/media?parent=2982"}],"curies":[{"name":"wp","href":"https:\/\/api.w.org\/{rel}","templated":true}]}}