{"id":28918,"date":"2022-09-11T09:56:30","date_gmt":"2022-09-11T07:56:30","guid":{"rendered":"https:\/\/www.robertzueblin.com\/?page_id=28918"},"modified":"2025-02-07T20:26:11","modified_gmt":"2025-02-07T19:26:11","slug":"marcas-firmas-monogramas-sellos","status":"publish","type":"page","link":"https:\/\/www.robertzueblin.com\/es\/marcas-firmas-monogramas-sellos\/","title":{"rendered":"Marcas\/Firmas\/Monogramas\/Sellos"},"content":{"rendered":"<div>&nbsp;<\/div>\n<p><a href=\"https:\/\/www.robertzueblin.com\/es\/determinar-la-marca-de-la-ceramica-o-identificar-la-firma-ceramica\/\"><\/p>\n<div class=\"hoverbutton1\" style=\"font-size:1.1em!important;font-family: AkkoPro-BoldCondensed!important;text-decoration: none; color: #ffffff; background: #a89768; border: solid 0.1em; border-color: #847855!important; padding-left: 0.8em; padding-right: 0.8em; padding-top: 0.4em; padding-bottom: 0.4em; float:left; border-radius: 1em; box-shadow: 0.2em 0.3em 0.4em silver;\">Determinar la marca\/firma de la cer\u00e1mica<\/div>\n<p><\/a><\/p>\n<div>&nbsp;<\/div>\n<div>&nbsp;<\/div>\n<p><a href=\"https:\/\/www.robertzueblin.com\/es\/dejar-identificar-marcas-de-porcelana-a-traves-del-servicio-de-identificacion\/\"><\/p>\n<div class=\"hoverbutton1\" style=\"font-size:1.1em!important;font-family: AkkoPro-BoldCondensed!important;text-decoration: none; color: #ffffff; background: #a89768; border: solid 0.1em; border-color: #847855!important; padding-left: 0.8em; padding-right: 0.8em; padding-top: 0.4em; padding-bottom: 0.4em; float:left; border-radius: 1em; box-shadow: 0.2em 0.3em 0.4em silver;\">Determinar marcas de porcelana<\/div>\n<p><\/a><\/p>\n<div>&nbsp;<\/div>\n<div>&nbsp;<\/div>\n<p><a href=\"https:\/\/www.robertzueblin.com\/es\/lexico-firmas-ceramica\/\"><\/p>\n<div class=\"hoverbutton1\" style=\"font-size:1.1em!important;font-family: AkkoPro-BoldCondensed!important;text-decoration: none; color: #ffffff; background: #a89768; border: solid 0.1em; border-color: #847855!important; padding-left: 0.8em; padding-right: 0.8em; padding-top: 0.4em; padding-bottom: 0.4em; float:left; border-radius: 1em; box-shadow: 0.2em 0.3em 0.4em silver;\">L\u00e9xico de firmas de cer\u00e1mica<\/div>\n<p><\/a><\/p>\n<div>&nbsp;<\/div>\n<div>&nbsp;<\/div>\n<p><a href=\"https:\/\/www.robertzueblin.com\/es\/lexico-marcas-ceramica\/\"><\/p>\n<div class=\"hoverbutton1\" style=\"font-size:1.1em!important;font-family: AkkoPro-BoldCondensed!important;text-decoration: none; color: #ffffff; background: #a89768; border: solid 0.1em; border-color: #847855!important; padding-left: 0.8em; padding-right: 0.8em; padding-top: 0.4em; padding-bottom: 0.4em; float:left; border-radius: 1em; box-shadow: 0.2em 0.3em 0.4em silver;\">L\u00e9xico de marcas de cer\u00e1mica<\/div>\n<p><\/a><\/p>\n<div>&nbsp;<\/div>\n<div>&nbsp;<\/div>\n","protected":false},"excerpt":{"rendered":"<p>&nbsp; Determinar la marca\/firma de la cer\u00e1mica &nbsp; &nbsp; Determinar marcas de porcelana &nbsp; &nbsp; L\u00e9xico de firmas de cer\u00e1mica &nbsp; &nbsp; L\u00e9xico de marcas de cer\u00e1mica &nbsp; &nbsp;<\/p>\n","protected":false},"author":1,"featured_media":0,"parent":0,"menu_order":0,"comment_status":"closed","ping_status":"closed","template":"","meta":{"footnotes":""},"class_list":["post-28918","page","type-page","status-publish","hentry"],"yoast_head":"<!-- This site is optimized with the Yoast SEO plugin v27.4 - https:\/\/yoast.com\/product\/yoast-seo-wordpress\/ -->\n<title>Marcas\/Firmas\/Monogramas\/Sellos<\/title>\n<meta name=\"robots\" content=\"index, follow, max-snippet:-1, max-image-preview:large, max-video-preview:-1\" \/>\n<link rel=\"canonical\" href=\"https:\/\/www.robertzueblin.com\/es\/marcas-firmas-monogramas-sellos\/\" \/>\n<meta property=\"og:locale\" content=\"es_ES\" \/>\n<meta property=\"og:type\" content=\"article\" \/>\n<meta property=\"og:title\" content=\"Marcas\/Firmas\/Monogramas\/Sellos\" \/>\n<meta property=\"og:description\" content=\"&nbsp; Determinar la marca\/firma de la cer\u00e1mica &nbsp; &nbsp; Determinar marcas de porcelana &nbsp; &nbsp; L\u00e9xico de firmas de cer\u00e1mica &nbsp; &nbsp; L\u00e9xico de marcas de cer\u00e1mica &nbsp; &nbsp;\" \/>\n<meta property=\"og:url\" content=\"https:\/\/www.robertzueblin.com\/es\/marcas-firmas-monogramas-sellos\/\" \/>\n<meta property=\"og:site_name\" content=\"ROBERT Z\u00dcBLIN\" \/>\n<meta property=\"article:modified_time\" content=\"2025-02-07T19:26:11+00:00\" \/>\n<meta name=\"twitter:card\" content=\"summary_large_image\" \/>\n<script type=\"application\/ld+json\" class=\"yoast-schema-graph\">{\"@context\":\"https:\\\/\\\/schema.org\",\"@graph\":[{\"@type\":\"WebPage\",\"@id\":\"https:\\\/\\\/www.robertzueblin.com\\\/es\\\/marcas-firmas-monogramas-sellos\\\/\",\"url\":\"https:\\\/\\\/www.robertzueblin.com\\\/es\\\/marcas-firmas-monogramas-sellos\\\/\",\"name\":\"Marcas\\\/Firmas\\\/Monogramas\\\/Sellos\",\"isPartOf\":{\"@id\":\"https:\\\/\\\/www.robertzueblin.com\\\/es\\\/#website\"},\"datePublished\":\"2022-09-11T07:56:30+00:00\",\"dateModified\":\"2025-02-07T19:26:11+00:00\",\"breadcrumb\":{\"@id\":\"https:\\\/\\\/www.robertzueblin.com\\\/es\\\/marcas-firmas-monogramas-sellos\\\/#breadcrumb\"},\"inLanguage\":\"es\",\"potentialAction\":[{\"@type\":\"ReadAction\",\"target\":[\"https:\\\/\\\/www.robertzueblin.com\\\/es\\\/marcas-firmas-monogramas-sellos\\\/\"]}]},{\"@type\":\"BreadcrumbList\",\"@id\":\"https:\\\/\\\/www.robertzueblin.com\\\/es\\\/marcas-firmas-monogramas-sellos\\\/#breadcrumb\",\"itemListElement\":[{\"@type\":\"ListItem\",\"position\":1,\"name\":\"Startseite\",\"item\":\"https:\\\/\\\/www.robertzueblin.com\\\/es\\\/\"},{\"@type\":\"ListItem\",\"position\":2,\"name\":\"Marcas\\\/Firmas\\\/Monogramas\\\/Sellos\"}]},{\"@type\":\"WebSite\",\"@id\":\"https:\\\/\\\/www.robertzueblin.com\\\/es\\\/#website\",\"url\":\"https:\\\/\\\/www.robertzueblin.com\\\/es\\\/\",\"name\":\"ROBERT Z\u00dcBLIN\",\"description\":\"\",\"publisher\":{\"@id\":\"https:\\\/\\\/www.robertzueblin.com\\\/es\\\/#organization\"},\"potentialAction\":[{\"@type\":\"SearchAction\",\"target\":{\"@type\":\"EntryPoint\",\"urlTemplate\":\"https:\\\/\\\/www.robertzueblin.com\\\/es\\\/?s={search_term_string}\"},\"query-input\":{\"@type\":\"PropertyValueSpecification\",\"valueRequired\":true,\"valueName\":\"search_term_string\"}}],\"inLanguage\":\"es\"},{\"@type\":\"Organization\",\"@id\":\"https:\\\/\\\/www.robertzueblin.com\\\/es\\\/#organization\",\"name\":\"ROBERT Z\u00dcBLIN\",\"url\":\"https:\\\/\\\/www.robertzueblin.com\\\/es\\\/\",\"logo\":{\"@type\":\"ImageObject\",\"inLanguage\":\"es\",\"@id\":\"https:\\\/\\\/www.robertzueblin.com\\\/es\\\/#\\\/schema\\\/logo\\\/image\\\/\",\"url\":\"https:\\\/\\\/www.robertzueblin.com\\\/wp-content\\\/uploads\\\/cropped-cropped-logo-von-robert-zueblin.jpg\",\"contentUrl\":\"https:\\\/\\\/www.robertzueblin.com\\\/wp-content\\\/uploads\\\/cropped-cropped-logo-von-robert-zueblin.jpg\",\"width\":440,\"height\":60,\"caption\":\"ROBERT Z\u00dcBLIN\"},\"image\":{\"@id\":\"https:\\\/\\\/www.robertzueblin.com\\\/es\\\/#\\\/schema\\\/logo\\\/image\\\/\"}}]}<\/script>\n<!-- \/ Yoast SEO plugin. -->","yoast_head_json":{"title":"Marcas\/Firmas\/Monogramas\/Sellos","robots":{"index":"index","follow":"follow","max-snippet":"max-snippet:-1","max-image-preview":"max-image-preview:large","max-video-preview":"max-video-preview:-1"},"canonical":"https:\/\/www.robertzueblin.com\/es\/marcas-firmas-monogramas-sellos\/","og_locale":"es_ES","og_type":"article","og_title":"Marcas\/Firmas\/Monogramas\/Sellos","og_description":"&nbsp; Determinar la marca\/firma de la cer\u00e1mica &nbsp; &nbsp; Determinar marcas de porcelana &nbsp; &nbsp; L\u00e9xico de firmas de cer\u00e1mica &nbsp; &nbsp; L\u00e9xico de marcas de cer\u00e1mica &nbsp; &nbsp;","og_url":"https:\/\/www.robertzueblin.com\/es\/marcas-firmas-monogramas-sellos\/","og_site_name":"ROBERT Z\u00dcBLIN","article_modified_time":"2025-02-07T19:26:11+00:00","twitter_card":"summary_large_image","schema":{"@context":"https:\/\/schema.org","@graph":[{"@type":"WebPage","@id":"https:\/\/www.robertzueblin.com\/es\/marcas-firmas-monogramas-sellos\/","url":"https:\/\/www.robertzueblin.com\/es\/marcas-firmas-monogramas-sellos\/","name":"Marcas\/Firmas\/Monogramas\/Sellos","isPartOf":{"@id":"https:\/\/www.robertzueblin.com\/es\/#website"},"datePublished":"2022-09-11T07:56:30+00:00","dateModified":"2025-02-07T19:26:11+00:00","breadcrumb":{"@id":"https:\/\/www.robertzueblin.com\/es\/marcas-firmas-monogramas-sellos\/#breadcrumb"},"inLanguage":"es","potentialAction":[{"@type":"ReadAction","target":["https:\/\/www.robertzueblin.com\/es\/marcas-firmas-monogramas-sellos\/"]}]},{"@type":"BreadcrumbList","@id":"https:\/\/www.robertzueblin.com\/es\/marcas-firmas-monogramas-sellos\/#breadcrumb","itemListElement":[{"@type":"ListItem","position":1,"name":"Startseite","item":"https:\/\/www.robertzueblin.com\/es\/"},{"@type":"ListItem","position":2,"name":"Marcas\/Firmas\/Monogramas\/Sellos"}]},{"@type":"WebSite","@id":"https:\/\/www.robertzueblin.com\/es\/#website","url":"https:\/\/www.robertzueblin.com\/es\/","name":"ROBERT Z\u00dcBLIN","description":"","publisher":{"@id":"https:\/\/www.robertzueblin.com\/es\/#organization"},"potentialAction":[{"@type":"SearchAction","target":{"@type":"EntryPoint","urlTemplate":"https:\/\/www.robertzueblin.com\/es\/?s={search_term_string}"},"query-input":{"@type":"PropertyValueSpecification","valueRequired":true,"valueName":"search_term_string"}}],"inLanguage":"es"},{"@type":"Organization","@id":"https:\/\/www.robertzueblin.com\/es\/#organization","name":"ROBERT Z\u00dcBLIN","url":"https:\/\/www.robertzueblin.com\/es\/","logo":{"@type":"ImageObject","inLanguage":"es","@id":"https:\/\/www.robertzueblin.com\/es\/#\/schema\/logo\/image\/","url":"https:\/\/www.robertzueblin.com\/wp-content\/uploads\/cropped-cropped-logo-von-robert-zueblin.jpg","contentUrl":"https:\/\/www.robertzueblin.com\/wp-content\/uploads\/cropped-cropped-logo-von-robert-zueblin.jpg","width":440,"height":60,"caption":"ROBERT Z\u00dcBLIN"},"image":{"@id":"https:\/\/www.robertzueblin.com\/es\/#\/schema\/logo\/image\/"}}]}},"_links":{"self":[{"href":"https:\/\/www.robertzueblin.com\/es\/wp-json\/wp\/v2\/pages\/28918","targetHints":{"allow":["GET"]}}],"collection":[{"href":"https:\/\/www.robertzueblin.com\/es\/wp-json\/wp\/v2\/pages"}],"about":[{"href":"https:\/\/www.robertzueblin.com\/es\/wp-json\/wp\/v2\/types\/page"}],"author":[{"embeddable":true,"href":"https:\/\/www.robertzueblin.com\/es\/wp-json\/wp\/v2\/users\/1"}],"replies":[{"embeddable":true,"href":"https:\/\/www.robertzueblin.com\/es\/wp-json\/wp\/v2\/comments?post=28918"}],"version-history":[{"count":9,"href":"https:\/\/www.robertzueblin.com\/es\/wp-json\/wp\/v2\/pages\/28918\/revisions"}],"predecessor-version":[{"id":43581,"href":"https:\/\/www.robertzueblin.com\/es\/wp-json\/wp\/v2\/pages\/28918\/revisions\/43581"}],"wp:attachment":[{"href":"https:\/\/www.robertzueblin.com\/es\/wp-json\/wp\/v2\/media?parent=28918"}],"curies":[{"name":"wp","href":"https:\/\/api.w.org\/{rel}","templated":true}]}}