{"id":2545,"date":"2021-11-10T00:27:09","date_gmt":"2021-11-09T23:27:09","guid":{"rendered":"https:\/\/www.robertzueblin.com\/?page_id=2545"},"modified":"2023-04-29T13:36:33","modified_gmt":"2023-04-29T11:36:33","slug":"2545-2","status":"publish","type":"page","link":"https:\/\/www.robertzueblin.com\/es\/aviso-de-privacidad\/","title":{"rendered":""},"content":{"rendered":"<h1>Aviso de privacidad<\/h1>\n<h2>1) Informaci\u00f3n sobre la recogida de datos personales y datos de contacto de la persona responsable<\/h2>\n<p>1.1 Nos complace que visite nuestro sitio web y le agradecemos su inter\u00e9s. A continuaci\u00f3n, le informamos sobre el tratamiento de sus datos personales al utilizar nuestro sitio web. A este respecto, los datos personales son todos aquellos con los que se le puede identificar personalmente.<\/p>\n<p>1.2 El responsable del tratamiento de datos en este sitio web es Robert Z\u00fcblin, Freudenbergstrasse 95, 8044 Z\u00farich, Suiza, correo electr\u00f3nico: mitteilung@robertzueblin.com. El responsable del tratamiento es la persona f\u00edsica o jur\u00eddica que, sola o conjuntamente con otras, determina los fines y los medios del tratamiento de los datos personales.<\/p>\n<p>1.3 Este sitio web utiliza el cifrado SSL o TLS por razones de seguridad y para proteger la transmisi\u00f3n de datos personales y otros contenidos confidenciales (por ejemplo, pedidos o consultas al controlador). Puede reconocer una conexi\u00f3n cifrada por la cadena \u00abhttps:\/\/\u00bb y el s\u00edmbolo del candado en la l\u00ednea del navegador.<\/p>\n<h2>2) Recogida de datos al visitar nuestro sitio web<\/h2>\n<p>Cuando usted utiliza nuestro sitio web s\u00f3lo con fines informativos, es decir, si no se registra ni nos transmite informaci\u00f3n de otro modo, s\u00f3lo recogemos los datos que su navegador transmite a nuestro servidor (los llamados \u00abarchivos de registro del servidor\u00bb). Cuando usted visita nuestro sitio web, recopilamos los siguientes datos, que son t\u00e9cnicamente necesarios para poder mostrarle el sitio web:<\/p>\n<ul style=\"font-size: 1.1em;\">\n<li>Nuestro sitio web visitado<\/li>\n<li>Fecha y hora en el momento del acceso<\/li>\n<li>Cantidad de datos enviados en bytes<\/li>\n<li>Fuente\/referencia desde la que lleg\u00f3 a la p\u00e1gina<\/li>\n<li>Navegador utilizado<\/li>\n<li>Sistema operativo utilizado<\/li>\n<li>Direcci\u00f3n IP utilizada (si procede: de forma an\u00f3nima)<\/li>\n<\/ul>\n<p>El tratamiento se lleva a cabo de acuerdo con el Art. 6 p\u00e1rrafo 1 lit. f DSGVO sobre la base de nuestro inter\u00e9s leg\u00edtimo en mejorar la estabilidad y la funcionalidad de nuestro sitio web. Los datos no se transmiten ni se utilizan de ninguna otra manera. Sin embargo, nos reservamos el derecho de revisar los archivos de registro del servidor retrospectivamente si hay indicios concretos de uso ilegal.<\/p>\n<h2>3) Cookies<\/h2>\n<p>Para hacer m\u00e1s atractiva la visita a nuestro sitio web y permitir el uso de ciertas funciones, utilizamos las llamadas cookies en varias p\u00e1ginas. Se trata de peque\u00f1os archivos de texto que se almacenan en su dispositivo terminal. Algunas de las cookies que utilizamos se eliminan una vez finalizada la sesi\u00f3n del navegador, es decir, despu\u00e9s de cerrarlo (las llamadas cookies de sesi\u00f3n). Otras cookies permanecen en su dispositivo terminal y permiten a su navegador reconocerlo la pr\u00f3xima vez que lo visite (las llamadas cookies persistentes). Si se instalan cookies, \u00e9stas recogen y procesan cierta informaci\u00f3n del usuario, como los datos del navegador y de la ubicaci\u00f3n y los valores de la direcci\u00f3n IP, de forma individualizada. Las cookies persistentes se eliminan autom\u00e1ticamente despu\u00e9s de un per\u00edodo de tiempo determinado, que puede variar en funci\u00f3n de la cookie. La duraci\u00f3n del almacenamiento de las respectivas cookies se puede encontrar en la visi\u00f3n general de la configuraci\u00f3n de las cookies de su navegador web.<br \/>\nEn algunos casos, las cookies se utilizan para simplificar el proceso de pedido mediante el almacenamiento de la configuraci\u00f3n (por ejemplo, recordando el contenido de una cesta de la compra virtual para una visita posterior al sitio web). Si los datos personales tambi\u00e9n son procesados por las cookies individuales utilizadas por nosotros, el procesamiento se lleva a cabo de acuerdo con el Art. 6 para. 1 lit. b DSGVO ya sea para la ejecuci\u00f3n del contrato, de acuerdo con el Art. 6 para. 1 lit. a DSGVO en el caso de consentimiento dado o de acuerdo con el Art. 6 para. 1 lit. f DSGVO para proteger nuestros intereses leg\u00edtimos en la mejor funcionalidad posible del sitio web, as\u00ed como un f\u00e1cil y eficaz dise\u00f1o de la visita a la p\u00e1gina.<\/p>\n<p>Tenga en cuenta que puede configurar su navegador de forma que se le informe sobre la instalaci\u00f3n de cookies y pueda decidir individualmente sobre su aceptaci\u00f3n o pueda excluir la aceptaci\u00f3n de cookies para determinados casos o en general. Cada navegador difiere en la forma de gestionar la configuraci\u00f3n de las cookies. Esto se describe en el men\u00fa de ayuda de cada navegador, que explica c\u00f3mo puede cambiar la configuraci\u00f3n de las cookies. Puede encontrarlos para los respectivos navegadores en los siguientes enlaces:<\/p>\n<p>Internet Explorer: https:\/\/support.microsoft.com\/de-de\/help\/17442\/windows-internet-explorer-delete-manage-cookies<br \/>\nFirefox: https:\/\/support.mozilla.org\/de\/kb\/cookies-erlauben-und-ablehnen<br \/>\nChrome: https:\/\/support.google.com\/chrome\/answer\/95647?hl=de&#038;hlrm=en<br \/>\nSafari: https:\/\/support.apple.com\/de-de\/guide\/safari\/sfri11471\/12.0\/mac\/10.14<br \/>\nOpera: https:\/\/help.opera.com\/de\/latest\/web-preferences\/#cookies<br \/>\nTenga en cuenta que si no acepta las cookies, la funcionalidad de nuestro sitio web puede verse limitada.<br \/>\n\u00a0<\/p>\n<h2>4) Contacto con nosotros<\/h2>\n<p>Al ponerse en contacto con nosotros (por ejemplo, a trav\u00e9s del formulario de contacto o del correo electr\u00f3nico), se recogen datos personales. Los datos que se recogen en el caso de un formulario de contacto pueden verse en el formulario de contacto correspondiente. Estos datos se almacenan y utilizan exclusivamente para responder a su solicitud o para ponerse en contacto con usted y la administraci\u00f3n t\u00e9cnica asociada. La base legal para el tratamiento de estos datos es nuestro inter\u00e9s leg\u00edtimo en responder a su solicitud de acuerdo con el Art. 6 Para. 1 lit. f DSGVO. Si su contacto tiene como objetivo la celebraci\u00f3n de un contrato, la base legal adicional para el tratamiento es el art. 6 (1) lit. b DSGVO. Sus datos se eliminar\u00e1n una vez que se haya tramitado su solicitud. Este es el caso si puede deducirse de las circunstancias que el asunto en cuesti\u00f3n ha sido aclarado de forma concluyente y siempre que no haya obligaciones legales de retenci\u00f3n en contra.<\/p>\n<h2>5) Tratamiento de datos al abrir una cuenta de cliente y para la tramitaci\u00f3n de contratos<\/h2>\n<p>De conformidad con el art\u00edculo 6, apartado 1, letra b del DSGVO, los datos personales se seguir\u00e1n recogiendo y procesando si nos los proporciona para la ejecuci\u00f3n de un contrato o al abrir una cuenta de cliente. Los datos que se recogen pueden verse en los respectivos formularios de entrada. La eliminaci\u00f3n de su cuenta de cliente es posible en cualquier momento y puede hacerse enviando un mensaje a la direcci\u00f3n arriba indicada de la persona responsable. Almacenamos y utilizamos los datos facilitados por usted para la tramitaci\u00f3n del contrato. Tras la finalizaci\u00f3n de la tramitaci\u00f3n del contrato o la eliminaci\u00f3n de su cuenta de cliente, sus datos ser\u00e1n bloqueados con respecto a los periodos de retenci\u00f3n del derecho fiscal y comercial y se eliminar\u00e1n tras la expiraci\u00f3n de estos periodos, a menos que usted haya consentido expresamente el uso posterior de sus datos o que se haya reservado un uso posterior legalmente permitido por nuestra parte.\u00a0<\/p>\n<h2>6) Tratamiento de datos para la gesti\u00f3n de pedidos<\/h2>\n<p>6.1 Para la tramitaci\u00f3n de su pedido, colaboramos con los proveedores de servicios indicados a continuaci\u00f3n, que nos apoyan total o parcialmente en la ejecuci\u00f3n de los contratos celebrados. Ciertos datos personales ser\u00e1n transmitidos a estos proveedores de servicios de acuerdo con la siguiente informaci\u00f3n.<br \/>\nLos datos personales recogidos por nosotros se transmitir\u00e1n a la empresa de transporte encargada de la entrega como parte de la tramitaci\u00f3n del contrato, en la medida en que sea necesario para la entrega de la mercanc\u00eda. Transmitimos sus datos de pago a la entidad de cr\u00e9dito encargada en el marco de la tramitaci\u00f3n del pago, siempre que sea necesario para la tramitaci\u00f3n del mismo. Si se utilizan proveedores de servicios de pago, le informaremos expl\u00edcitamente al respecto. La base legal para la transferencia de datos es el Art. 6 P\u00e1rrafo 1 lit. b DSGVO.<\/p>\n<p>6.2 Uso de proveedores de servicios de pago (servicios de pago)<br \/>\n&#8211; PayPal<br \/>\nAl pagar a trav\u00e9s de PayPal, tarjeta de cr\u00e9dito a trav\u00e9s de PayPal, d\u00e9bito directo a trav\u00e9s de PayPal o -si se ofrece- \u00abcompra a cuenta\u00bb o \u00abpago a plazos\u00bb a trav\u00e9s de PayPal, transmitimos sus datos de pago a PayPal Pte. Ltd., 5 Temasek Boulevard, #09-01 Suntec Tower Five, Singapore 038985 (en adelante \u00abPayPal\u00bb) como parte del procesamiento del pago. La transferencia tiene lugar de acuerdo con el Art. 6 P\u00e1rrafo 1 lit. b DSGVO y s\u00f3lo en la medida en que sea necesario para el procesamiento del pago.<\/p>\n<p>Para las modalidades de pago con tarjeta de cr\u00e9dito a trav\u00e9s de PayPal, domiciliaci\u00f3n bancaria a trav\u00e9s de PayPal o -si se ofrece- \u00abcompra a cuenta\u00bb o \u00abpago a plazos\u00bb a trav\u00e9s de PayPal, PayPal se reserva el derecho a realizar una comprobaci\u00f3n de cr\u00e9dito. Para ello, sus datos de pago pueden ser transmitidos a agencias de cr\u00e9dito de acuerdo con el Art. 6 P\u00e1rrafo 1 lit. f DSGVO sobre la base del inter\u00e9s leg\u00edtimo de PayPal para determinar su solvencia. PayPal utiliza el resultado de la comprobaci\u00f3n de cr\u00e9dito en t\u00e9rminos de probabilidad estad\u00edstica de impago con el fin de decidir sobre la provisi\u00f3n de la respectiva forma de pago. La informaci\u00f3n sobre la solvencia puede contener valores de probabilidad (los llamados valores de puntuaci\u00f3n). En la medida en que los valores de puntuaci\u00f3n se incluyen en el resultado del informe de cr\u00e9dito, tienen su base en un procedimiento matem\u00e1tico-estad\u00edstico cient\u00edficamente reconocido. El c\u00e1lculo de los valores de puntuaci\u00f3n incluye, entre otros, los datos de la direcci\u00f3n. Para m\u00e1s informaci\u00f3n sobre la ley de protecci\u00f3n de datos, incluida la informaci\u00f3n sobre las agencias de cr\u00e9dito utilizadas, consulte la declaraci\u00f3n de protecci\u00f3n de datos de PayPal: https:\/\/www.paypal.com\/ch\/webapps\/mpp\/ua\/privacy-full.<br \/>\nPuede oponerse a este tratamiento de sus datos en cualquier momento enviando un mensaje a PayPal. Sin embargo, PayPal puede seguir teniendo derecho a procesar sus datos personales si es necesario para la tramitaci\u00f3n contractual de los pagos.<\/p>\n<h2>7. Derechos del interesado<\/h2>\n<p>7.1 La ley de protecci\u00f3n de datos aplicable concede amplios derechos a los interesados (derechos de acceso e intervenci\u00f3n) frente al responsable del tratamiento en relaci\u00f3n con el tratamiento de sus datos personales, de los que le informamos a continuaci\u00f3n:<\/p>\n<ul style=\"font-size: 1.1em;\">\n<li>Derecho de acceso seg\u00fan el art. 15 de la DSGVO: En particular, tiene derecho a obtener informaci\u00f3n sobre sus datos personales tratados por nosotros, los fines del tratamiento, las categor\u00edas de datos personales tratados, los destinatarios o categor\u00edas de destinatarios a los que se han comunicado o se comunicar\u00e1n sus datos, el per\u00edodo de almacenamiento previsto o los criterios para determinar el per\u00edodo de almacenamiento, la existencia de un derecho de rectificaci\u00f3n, supresi\u00f3n, limitaci\u00f3n del tratamiento, oposici\u00f3n al tratamiento, reclamaci\u00f3n ante una autoridad de control, el origen de sus datos si no han sido recogidos por nosotros, la existencia de una toma de decisiones automatizada, incluida la elaboraci\u00f3n de perfiles y, en su caso, informaci\u00f3n significativa sobre la l\u00f3gica implicada y el alcance y los efectos previstos de dicho tratamiento en relaci\u00f3n con usted, as\u00ed como su derecho a ser informado sobre las garant\u00edas existentes de conformidad con el art\u00edculo 46 de la DSGVO en caso de transferencia de sus datos a terceros pa\u00edses;<\/li>\n<li>Derecho de rectificaci\u00f3n de conformidad con el art\u00edculo 16 del RGPD: Tiene derecho a que se rectifiquen sin demora los datos inexactos que le conciernen y\/o a que se completen los datos incompletos almacenados por nosotros;<\/li>\n<li>Derecho a la supresi\u00f3n seg\u00fan el art. 17 de la DSGVO: Tiene derecho a exigir la supresi\u00f3n de sus datos personales si se cumplen los requisitos del art. 17 (1) de la DSGVO. Sin embargo, este derecho no existe, en particular, si el tratamiento es necesario para el ejercicio del derecho a la libertad de expresi\u00f3n e informaci\u00f3n, para el cumplimiento de una obligaci\u00f3n legal, por razones de inter\u00e9s p\u00fablico o para la afirmaci\u00f3n, el ejercicio o la defensa de reclamaciones legales;<\/li>\n<li>Derecho a la limitaci\u00f3n del tratamiento de acuerdo con el art\u00edculo 18 del RGPD: Tiene derecho a solicitar la limitaci\u00f3n del tratamiento de sus datos personales mientras se verifica la exactitud de sus datos, que usted impugna, si rechaza la supresi\u00f3n de sus datos debido a un tratamiento ilegal de los mismos y, en su lugar, solicita la limitaci\u00f3n del tratamiento de sus datos; si necesita sus datos para la alegaci\u00f3n, el ejercicio o la defensa de reclamaciones legales despu\u00e9s de que ya no necesitemos estos datos una vez alcanzada la finalidad; o si ha presentado una objeci\u00f3n por motivos relacionados con su situaci\u00f3n particular mientras no se haya determinado si prevalecen nuestros motivos leg\u00edtimos;<\/li>\n<li>Derecho a la informaci\u00f3n seg\u00fan el art\u00edculo 19 de la DSGVO: Si usted ha hecho valer el derecho de rectificaci\u00f3n, supresi\u00f3n o limitaci\u00f3n del tratamiento frente al responsable del tratamiento, \u00e9ste est\u00e1 obligado a informar a todos los destinatarios a los que se hayan comunicado los datos personales que le conciernen de dicha rectificaci\u00f3n o supresi\u00f3n de los datos o de la limitaci\u00f3n del tratamiento, salvo que ello resulte imposible o suponga un esfuerzo desproporcionado. Tiene derecho a ser informado sobre estos destinatarios.<\/li>\n<li>Derecho a la portabilidad de los datos seg\u00fan el art. 20 de la DSGVO: Tiene derecho a recibir los datos personales que nos ha facilitado en un formato estructurado, com\u00fan y legible por m\u00e1quina o a solicitar que se transfieran a otro responsable del tratamiento, siempre que sea t\u00e9cnicamente posible;<\/li>\n<li>Derecho a revocar el consentimiento otorgado de conformidad con el art\u00edculo 7 (3) de la DSGVO: Usted tiene derecho a revocar el consentimiento para el tratamiento de datos una vez otorgado en cualquier momento con efecto para el futuro. En caso de revocaci\u00f3n, eliminaremos inmediatamente los datos en cuesti\u00f3n, a menos que el tratamiento posterior pueda basarse en un fundamento jur\u00eddico para el tratamiento sin consentimiento. La revocaci\u00f3n del consentimiento no afecta a la legalidad del tratamiento realizado sobre la base del consentimiento hasta la revocaci\u00f3n;<\/li>\n<li>Derecho a presentar una reclamaci\u00f3n de conformidad con el art\u00edculo 77 del RGPD: Si considera que el tratamiento de los datos personales que le conciernen infringe el RGPD, tiene derecho a presentar una reclamaci\u00f3n ante una autoridad de control, en particular en el Estado miembro de su residencia, lugar de trabajo o lugar de la presunta infracci\u00f3n, sin perjuicio de cualquier otro recurso administrativo o judicial.<\/li>\n<\/ul>\n<p>7.2 DERECHO DE OPOSICI\u00d3N<br \/>\nSI TRATAMOS SUS DATOS PERSONALES EN EL MARCO DE UNA PONDERACI\u00d3N DE INTERESES SOBRE LA BASE DE NUESTRO INTER\u00c9S LEG\u00cdTIMO PREPONDERANTE, USTED TIENE DERECHO A OPONERSE A ESTE TRATAMIENTO CON EFECTO PARA EL FUTURO EN CUALQUIER MOMENTO POR MOTIVOS DERIVADOS DE SU SITUACI\u00d3N PARTICULAR.<br \/>\nSI EJERCE SU DERECHO DE OPOSICI\u00d3N, DEJAREMOS DE TRATAR LOS DATOS EN CUESTI\u00d3N. NO OBSTANTE, NOS RESERVAMOS EL DERECHO A CONTINUAR EL TRATAMIENTO SI PODEMOS DEMOSTRAR QUE EXISTEN MOTIVOS LEG\u00cdTIMOS IMPERIOSOS PARA EL TRATAMIENTO QUE PREVALECEN SOBRE SUS INTERESES, DERECHOS Y LIBERTADES FUNDAMENTALES, O SI EL TRATAMIENTO SE REALIZA CON EL FIN DE HACER VALER, EJERCER O DEFENDER RECLAMACIONES LEGALES.<br \/>\nSI TRATAMOS SUS DATOS PERSONALES CON FINES DE MARKETING DIRECTO, USTED TIENE DERECHO A OPONERSE EN CUALQUIER MOMENTO AL TRATAMIENTO DE SUS DATOS PERSONALES CON FINES DE DICHO MARKETING. PUEDE EJERCER EL DERECHO DE OPOSICI\u00d3N TAL Y COMO SE HA DESCRITO ANTERIORMENTE.<br \/>\nSI EJERCE SU DERECHO DE OPOSICI\u00d3N, DEJAREMOS DE TRATAR LOS DATOS EN CUESTI\u00d3N CON FINES DE MARKETING DIRECTO.<\/p>\n<h2>8) Duraci\u00f3n del almacenamiento de los datos personales<\/h2>\n<p>La duraci\u00f3n del almacenamiento de los datos personales se determina en funci\u00f3n de la base jur\u00eddica respectiva, de la finalidad del tratamiento y, si procede, tambi\u00e9n en funci\u00f3n del per\u00edodo de conservaci\u00f3n legal correspondiente (por ejemplo, los per\u00edodos de conservaci\u00f3n en virtud del derecho mercantil y fiscal).<br \/>\nCuando se tratan datos personales sobre la base de un consentimiento expl\u00edcito de conformidad con el art\u00edculo 6, apartado 1, letra a del DSGVO, estos datos se almacenan hasta que el interesado revoca su consentimiento.<\/p>\n<p>Si existen plazos de conservaci\u00f3n legales para los datos que se procesan en el \u00e1mbito de las obligaciones legales o cuasi legales sobre la base del Art. 6 (1) (b) DSGVO, estos datos se eliminar\u00e1n de forma rutinaria despu\u00e9s de la expiraci\u00f3n de los per\u00edodos de conservaci\u00f3n, siempre que ya no sean necesarios para el cumplimiento del contrato o la iniciaci\u00f3n del contrato y\/o no exista un inter\u00e9s justificado por nuestra parte para seguir almacen\u00e1ndolos.<\/p>\n<p>Cuando se traten datos personales sobre la base del art\u00edculo 6, apartado 1, letra f) de la DSGVO, dichos datos se conservar\u00e1n hasta que el interesado ejerza su derecho de oposici\u00f3n de conformidad con el art\u00edculo 21, apartado 1, de la DSGVO, a menos que podamos demostrar motivos leg\u00edtimos imperiosos para el tratamiento que prevalezcan sobre los intereses, derechos y libertades del interesado, o que el tratamiento sirva para hacer valer, ejercer o defender reclamaciones legales.<\/p>\n<p>Cuando se traten datos personales con fines de marketing directo sobre la base del art\u00edculo 6(1)(f) del DSGVO, dichos datos se conservar\u00e1n hasta que el interesado ejerza su derecho de oposici\u00f3n de conformidad con el art\u00edculo 21(2) del DSGVO.<\/p>\n<p>Salvo que se indique lo contrario en el resto de la informaci\u00f3n de esta declaraci\u00f3n sobre situaciones espec\u00edficas de tratamiento, los datos personales almacenados se eliminar\u00e1n cuando ya no sean necesarios para los fines para los que fueron recogidos o tratados de otro modo.<\/p>\n","protected":false},"excerpt":{"rendered":"<p>Aviso de privacidad 1) Informaci\u00f3n sobre la recogida de datos personales y datos de contacto de la persona responsable 1.1 Nos complace que visite nuestro sitio web y le agradecemos su inter\u00e9s. A continuaci\u00f3n, le informamos sobre el tratamiento de sus datos personales al utilizar nuestro sitio web. A este respecto, los datos personales son [&hellip;]<\/p>\n","protected":false},"author":1,"featured_media":0,"parent":0,"menu_order":0,"comment_status":"closed","ping_status":"closed","template":"","meta":{"footnotes":""},"class_list":["post-2545","page","type-page","status-publish","hentry"],"yoast_head":"<!-- This site is optimized with the Yoast SEO plugin v27.4 - https:\/\/yoast.com\/product\/yoast-seo-wordpress\/ -->\n<title>- ROBERT Z\u00dcBLIN<\/title>\n<meta name=\"robots\" content=\"index, follow, max-snippet:-1, max-image-preview:large, max-video-preview:-1\" \/>\n<link rel=\"canonical\" href=\"https:\/\/www.robertzueblin.com\/es\/aviso-de-privacidad\/\" \/>\n<meta property=\"og:locale\" content=\"es_ES\" \/>\n<meta property=\"og:type\" content=\"article\" \/>\n<meta property=\"og:title\" content=\"- ROBERT Z\u00dcBLIN\" \/>\n<meta property=\"og:description\" content=\"Aviso de privacidad 1) Informaci\u00f3n sobre la recogida de datos personales y datos de contacto de la persona responsable 1.1 Nos complace que visite nuestro sitio web y le agradecemos su inter\u00e9s. A continuaci\u00f3n, le informamos sobre el tratamiento de sus datos personales al utilizar nuestro sitio web. A este respecto, los datos personales son [&hellip;]\" \/>\n<meta property=\"og:url\" content=\"https:\/\/www.robertzueblin.com\/es\/aviso-de-privacidad\/\" \/>\n<meta property=\"og:site_name\" content=\"ROBERT Z\u00dcBLIN\" \/>\n<meta property=\"article:modified_time\" content=\"2023-04-29T11:36:33+00:00\" \/>\n<meta name=\"twitter:card\" content=\"summary_large_image\" \/>\n<script type=\"application\/ld+json\" class=\"yoast-schema-graph\">{\"@context\":\"https:\\\/\\\/schema.org\",\"@graph\":[{\"@type\":\"WebPage\",\"@id\":\"https:\\\/\\\/www.robertzueblin.com\\\/es\\\/aviso-de-privacidad\\\/\",\"url\":\"https:\\\/\\\/www.robertzueblin.com\\\/es\\\/aviso-de-privacidad\\\/\",\"name\":\"- ROBERT Z\u00dcBLIN\",\"isPartOf\":{\"@id\":\"https:\\\/\\\/www.robertzueblin.com\\\/es\\\/#website\"},\"datePublished\":\"2021-11-09T23:27:09+00:00\",\"dateModified\":\"2023-04-29T11:36:33+00:00\",\"inLanguage\":\"es\",\"potentialAction\":[{\"@type\":\"ReadAction\",\"target\":[\"https:\\\/\\\/www.robertzueblin.com\\\/es\\\/aviso-de-privacidad\\\/\"]}]},{\"@type\":\"WebSite\",\"@id\":\"https:\\\/\\\/www.robertzueblin.com\\\/es\\\/#website\",\"url\":\"https:\\\/\\\/www.robertzueblin.com\\\/es\\\/\",\"name\":\"ROBERT Z\u00dcBLIN\",\"description\":\"\",\"publisher\":{\"@id\":\"https:\\\/\\\/www.robertzueblin.com\\\/es\\\/#organization\"},\"potentialAction\":[{\"@type\":\"SearchAction\",\"target\":{\"@type\":\"EntryPoint\",\"urlTemplate\":\"https:\\\/\\\/www.robertzueblin.com\\\/es\\\/?s={search_term_string}\"},\"query-input\":{\"@type\":\"PropertyValueSpecification\",\"valueRequired\":true,\"valueName\":\"search_term_string\"}}],\"inLanguage\":\"es\"},{\"@type\":\"Organization\",\"@id\":\"https:\\\/\\\/www.robertzueblin.com\\\/es\\\/#organization\",\"name\":\"ROBERT Z\u00dcBLIN\",\"url\":\"https:\\\/\\\/www.robertzueblin.com\\\/es\\\/\",\"logo\":{\"@type\":\"ImageObject\",\"inLanguage\":\"es\",\"@id\":\"https:\\\/\\\/www.robertzueblin.com\\\/es\\\/#\\\/schema\\\/logo\\\/image\\\/\",\"url\":\"https:\\\/\\\/www.robertzueblin.com\\\/wp-content\\\/uploads\\\/cropped-cropped-logo-von-robert-zueblin.jpg\",\"contentUrl\":\"https:\\\/\\\/www.robertzueblin.com\\\/wp-content\\\/uploads\\\/cropped-cropped-logo-von-robert-zueblin.jpg\",\"width\":440,\"height\":60,\"caption\":\"ROBERT Z\u00dcBLIN\"},\"image\":{\"@id\":\"https:\\\/\\\/www.robertzueblin.com\\\/es\\\/#\\\/schema\\\/logo\\\/image\\\/\"}}]}<\/script>\n<!-- \/ Yoast SEO plugin. -->","yoast_head_json":{"title":"- ROBERT Z\u00dcBLIN","robots":{"index":"index","follow":"follow","max-snippet":"max-snippet:-1","max-image-preview":"max-image-preview:large","max-video-preview":"max-video-preview:-1"},"canonical":"https:\/\/www.robertzueblin.com\/es\/aviso-de-privacidad\/","og_locale":"es_ES","og_type":"article","og_title":"- ROBERT Z\u00dcBLIN","og_description":"Aviso de privacidad 1) Informaci\u00f3n sobre la recogida de datos personales y datos de contacto de la persona responsable 1.1 Nos complace que visite nuestro sitio web y le agradecemos su inter\u00e9s. A continuaci\u00f3n, le informamos sobre el tratamiento de sus datos personales al utilizar nuestro sitio web. A este respecto, los datos personales son [&hellip;]","og_url":"https:\/\/www.robertzueblin.com\/es\/aviso-de-privacidad\/","og_site_name":"ROBERT Z\u00dcBLIN","article_modified_time":"2023-04-29T11:36:33+00:00","twitter_card":"summary_large_image","schema":{"@context":"https:\/\/schema.org","@graph":[{"@type":"WebPage","@id":"https:\/\/www.robertzueblin.com\/es\/aviso-de-privacidad\/","url":"https:\/\/www.robertzueblin.com\/es\/aviso-de-privacidad\/","name":"- ROBERT Z\u00dcBLIN","isPartOf":{"@id":"https:\/\/www.robertzueblin.com\/es\/#website"},"datePublished":"2021-11-09T23:27:09+00:00","dateModified":"2023-04-29T11:36:33+00:00","inLanguage":"es","potentialAction":[{"@type":"ReadAction","target":["https:\/\/www.robertzueblin.com\/es\/aviso-de-privacidad\/"]}]},{"@type":"WebSite","@id":"https:\/\/www.robertzueblin.com\/es\/#website","url":"https:\/\/www.robertzueblin.com\/es\/","name":"ROBERT Z\u00dcBLIN","description":"","publisher":{"@id":"https:\/\/www.robertzueblin.com\/es\/#organization"},"potentialAction":[{"@type":"SearchAction","target":{"@type":"EntryPoint","urlTemplate":"https:\/\/www.robertzueblin.com\/es\/?s={search_term_string}"},"query-input":{"@type":"PropertyValueSpecification","valueRequired":true,"valueName":"search_term_string"}}],"inLanguage":"es"},{"@type":"Organization","@id":"https:\/\/www.robertzueblin.com\/es\/#organization","name":"ROBERT Z\u00dcBLIN","url":"https:\/\/www.robertzueblin.com\/es\/","logo":{"@type":"ImageObject","inLanguage":"es","@id":"https:\/\/www.robertzueblin.com\/es\/#\/schema\/logo\/image\/","url":"https:\/\/www.robertzueblin.com\/wp-content\/uploads\/cropped-cropped-logo-von-robert-zueblin.jpg","contentUrl":"https:\/\/www.robertzueblin.com\/wp-content\/uploads\/cropped-cropped-logo-von-robert-zueblin.jpg","width":440,"height":60,"caption":"ROBERT Z\u00dcBLIN"},"image":{"@id":"https:\/\/www.robertzueblin.com\/es\/#\/schema\/logo\/image\/"}}]}},"_links":{"self":[{"href":"https:\/\/www.robertzueblin.com\/es\/wp-json\/wp\/v2\/pages\/2545","targetHints":{"allow":["GET"]}}],"collection":[{"href":"https:\/\/www.robertzueblin.com\/es\/wp-json\/wp\/v2\/pages"}],"about":[{"href":"https:\/\/www.robertzueblin.com\/es\/wp-json\/wp\/v2\/types\/page"}],"author":[{"embeddable":true,"href":"https:\/\/www.robertzueblin.com\/es\/wp-json\/wp\/v2\/users\/1"}],"replies":[{"embeddable":true,"href":"https:\/\/www.robertzueblin.com\/es\/wp-json\/wp\/v2\/comments?post=2545"}],"version-history":[{"count":6,"href":"https:\/\/www.robertzueblin.com\/es\/wp-json\/wp\/v2\/pages\/2545\/revisions"}],"predecessor-version":[{"id":32427,"href":"https:\/\/www.robertzueblin.com\/es\/wp-json\/wp\/v2\/pages\/2545\/revisions\/32427"}],"wp:attachment":[{"href":"https:\/\/www.robertzueblin.com\/es\/wp-json\/wp\/v2\/media?parent=2545"}],"curies":[{"name":"wp","href":"https:\/\/api.w.org\/{rel}","templated":true}]}}