{"id":25429,"date":"2022-05-06T11:41:35","date_gmt":"2022-05-06T09:41:35","guid":{"rendered":"https:\/\/www.robertzueblin.com\/?page_id=25429"},"modified":"2024-03-24T16:43:01","modified_gmt":"2024-03-24T15:43:01","slug":"determinar-la-marca-de-la-ceramica-o-identificar-la-firma-ceramica","status":"publish","type":"page","link":"https:\/\/www.robertzueblin.com\/es\/determinar-la-marca-de-la-ceramica-o-identificar-la-firma-ceramica\/","title":{"rendered":"Determinar la marca de la cer\u00e1mica o identificar la firma cer\u00e1mica"},"content":{"rendered":"<p>Tanto si se trata de loza, como de gres u otra cer\u00e1mica cuyo fabricante desconoce, es posible que me haga determinar la marca de la cer\u00e1mica o el sello de la cer\u00e1mica o la firma de la cer\u00e1mica. Ofrezco este <strong>servicio de identificaci\u00f3n de marcas de cer\u00e1mica, sellos de cer\u00e1mica y firmas de cer\u00e1mica por 8,99 euros por cer\u00e1mica<\/strong>. El pago debe realizarse s\u00f3lo si puedo identificar realmente la marca de cer\u00e1mica o el sello de cer\u00e1mica o la firma de cer\u00e1mica. Si paga en francos suizos, el importe ser\u00eda de 8.20 CHF y si paga en d\u00f3lares estadounidenses, el importe ser\u00eda de 10.61 USD.<\/p>\n<p>En cuanto al tiempo, el pago s\u00f3lo se har\u00eda despu\u00e9s de saber de qui\u00e9n es el sello de cer\u00e1mica o la firma de cer\u00e1mica. A continuaci\u00f3n, puede realizar el pago mediante una transferencia bancaria a mi cuenta bancaria alemana o suiza (pueden aplicarse gastos bancarios adicionales para las transferencias al extranjero) o puede pagar mediante PayPal.<\/p>\n<h2>Informaci\u00f3n necesaria para identificar la marca de cer\u00e1mica, el sello de cer\u00e1mica, la firma de cer\u00e1mica<\/h2>\n<p>Para que pueda tramitar su consulta, le ruego me env\u00ede una <strong>foto<\/strong> de la cer\u00e1mica (loza, gres u otro tipo de cer\u00e1mica) en la que se pueda reconocer la marca cer\u00e1mica que desea que se identifique, o el sello o firma cer\u00e1mica, idealmente tambi\u00e9n una foto de la propia pieza. <\/p>\n\n<div class=\"wpcf7 no-js\" id=\"wpcf7-f37496-o1\" lang=\"es-ES\" dir=\"ltr\" data-wpcf7-id=\"37496\">\n<div class=\"screen-reader-response\"><p role=\"status\" aria-live=\"polite\" aria-atomic=\"true\"><\/p> <ul><\/ul><\/div>\n<form action=\"\/es\/wp-json\/wp\/v2\/pages\/25429#wpcf7-f37496-o1\" method=\"post\" class=\"wpcf7-form init\" aria-label=\"Formulario de contacto\" enctype=\"multipart\/form-data\" novalidate=\"novalidate\" data-status=\"init\">\n<fieldset class=\"hidden-fields-container\"><input type=\"hidden\" name=\"_wpcf7\" value=\"37496\" \/><input type=\"hidden\" name=\"_wpcf7_version\" value=\"6.1.5\" \/><input type=\"hidden\" name=\"_wpcf7_locale\" value=\"es_ES\" \/><input type=\"hidden\" name=\"_wpcf7_unit_tag\" value=\"wpcf7-f37496-o1\" \/><input type=\"hidden\" name=\"_wpcf7_container_post\" value=\"0\" \/><input type=\"hidden\" name=\"_wpcf7_posted_data_hash\" value=\"\" \/>\n<\/fieldset>\n<p>Puede utilizar el siguiente formulario de contacto para enviarme fotos de la marca\/firma que desea identificar. Los campos marcados con * son obligatorios. De lo contrario, no ser\u00e1 posible enviar el formulario. (Tenga en cuenta mi <a href=\"https:\/\/www.robertzueblin.com\/es\/aviso-de-privacidad\/\">aviso de privacidad<\/a>).\n<\/p>\n<p><label> Su nombre*<br \/>\n<span class=\"wpcf7-form-control-wrap\" data-name=\"your-name\"><input size=\"40\" maxlength=\"400\" class=\"wpcf7-form-control wpcf7-text wpcf7-validates-as-required\" autocomplete=\"name\" aria-required=\"true\" aria-invalid=\"false\" value=\"\" type=\"text\" name=\"your-name\" \/><\/span> <\/label>\n<\/p>\n<p><label> Su calle y n\u00famero*<br \/>\n<span class=\"wpcf7-form-control-wrap\" data-name=\"your-strasse\"><input size=\"40\" maxlength=\"400\" class=\"wpcf7-form-control wpcf7-text wpcf7-validates-as-required\" autocomplete=\"name\" aria-required=\"true\" aria-invalid=\"false\" value=\"\" type=\"text\" name=\"your-strasse\" \/><\/span> <\/label>\n<\/p>\n<p><label> Su c\u00f3digo postal y ciudad*<br \/>\n<span class=\"wpcf7-form-control-wrap\" data-name=\"your-Stadt\"><input size=\"40\" maxlength=\"400\" class=\"wpcf7-form-control wpcf7-text wpcf7-validates-as-required\" autocomplete=\"name\" aria-required=\"true\" aria-invalid=\"false\" value=\"\" type=\"text\" name=\"your-Stadt\" \/><\/span> <\/label>\n<\/p>\n<p><label> Su pa\u00eds*<br \/>\n<span class=\"wpcf7-form-control-wrap\" data-name=\"your-Land\"><input size=\"40\" maxlength=\"400\" class=\"wpcf7-form-control wpcf7-text wpcf7-validates-as-required\" autocomplete=\"name\" aria-required=\"true\" aria-invalid=\"false\" value=\"\" type=\"text\" name=\"your-Land\" \/><\/span> <\/label>\n<\/p>\n<p><label> Su direcci\u00f3n de correo electr\u00f3nico*<br \/>\n<span class=\"wpcf7-form-control-wrap\" data-name=\"your-email\"><input size=\"40\" maxlength=\"400\" class=\"wpcf7-form-control wpcf7-email wpcf7-validates-as-required wpcf7-text wpcf7-validates-as-email\" autocomplete=\"email\" aria-required=\"true\" aria-invalid=\"false\" value=\"\" type=\"email\" name=\"your-email\" \/><\/span> <\/label>\n<\/p>\n<p><label> Tu n\u00famero de tel\u00e9fono*<br \/>\n<span class=\"wpcf7-form-control-wrap\" data-name=\"your-tel\"><input size=\"40\" maxlength=\"400\" class=\"wpcf7-form-control wpcf7-tel wpcf7-validates-as-required wpcf7-text wpcf7-validates-as-tel\" aria-required=\"true\" aria-invalid=\"false\" value=\"\" type=\"tel\" name=\"your-tel\" \/><\/span> <\/label>\n<\/p>\n<p><label> Su mensaje (opcional)<br \/>\n<span class=\"wpcf7-form-control-wrap\" data-name=\"your-message\"><textarea cols=\"40\" rows=\"10\" maxlength=\"2000\" class=\"wpcf7-form-control wpcf7-textarea\" aria-invalid=\"false\" name=\"your-message\"><\/textarea><\/span> <\/label>\n<\/p>\n<p><label> A continuaci\u00f3n puede adjuntar al mensaje la(s) foto(s) de las marcas\/firmas e, idealmente, tambi\u00e9n la de la propia pieza: <\/label>\n<\/p>\n<p>1\u00aa foto: <span style=\"font-family:AkkoPro-Regular!important; font-size: 0.9em!important;\"><span class=\"wpcf7-form-control-wrap\" data-name=\"file-744\"><input size=\"40\" class=\"wpcf7-form-control wpcf7-file\" accept=\".heic,.heif,.jpg,.jpeg,.png\" aria-invalid=\"false\" type=\"file\" name=\"file-744\" \/><\/span><\/span>\n<\/p>\n<p>2\u00aa foto (si est\u00e1 disponible): <span style=\"font-family:AkkoPro-Regular!important; font-size: 0.9em!important;\"><span class=\"wpcf7-form-control-wrap\" data-name=\"file-243\"><input size=\"40\" class=\"wpcf7-form-control wpcf7-file\" accept=\".heic,.heif,.jpg,.jpeg,.png\" aria-invalid=\"false\" type=\"file\" name=\"file-243\" \/><\/span><\/span>\n<\/p>\n<p>3\u00aa foto (si est\u00e1 disponible): <span style=\"font-family:AkkoPro-Regular!important; font-size: 0.9em!important;\"><span class=\"wpcf7-form-control-wrap\" data-name=\"file-575\"><input size=\"40\" class=\"wpcf7-form-control wpcf7-file\" accept=\".heic,.heif,.jpg,.jpeg,.png\" aria-invalid=\"false\" type=\"file\" name=\"file-575\" \/><\/span><\/span>\n<\/p>\n<div style=\"border: 1px solid black;\">\n\t<p><span class=\"wpcf7-form-control-wrap\" data-name=\"checkbox-51\"><span class=\"wpcf7-form-control wpcf7-checkbox wpcf7-validates-as-required\"><span class=\"wpcf7-list-item first last\"><label><input type=\"checkbox\" name=\"checkbox-51[]\" value=\"Por la presente, me comprometo a pagar 8,99 EUR por pieza de porcelana\/cer\u00e1mica identificada en caso de identificaci\u00f3n correcta de la marca\/firma. (S\u00f3lo recibir\u00e1 una factura por correo electr\u00f3nico si la identificaci\u00f3n se realiza correctamente.)\" \/><span class=\"wpcf7-list-item-label\">Por la presente, me comprometo a pagar 8,99 EUR por pieza de porcelana\/cer\u00e1mica identificada en caso de identificaci\u00f3n correcta de la marca\/firma. (S\u00f3lo recibir\u00e1 una factura por correo electr\u00f3nico si la identificaci\u00f3n se realiza correctamente.)<\/span><\/label><\/span><\/span><\/span>\n\t<\/p>\n<\/div>\n<p><small>(Si paga en d\u00f3lares estadounidenses, deber\u00e1 pagar 10.61 USD por cada pieza de porcelana\/cer\u00e1mica identificada en caso de identificaci\u00f3n correcta de la marca\/firma; si paga en francos suizos, deber\u00e1 pagar 8.20 CHF por cada pieza de porcelana\/cer\u00e1mica identificada en caso de identificaci\u00f3n correcta de la marca\/firma)<\/small>.\n<\/p>\n<p><input class=\"wpcf7-form-control wpcf7-submit has-spinner\" type=\"submit\" value=\"Enviar\" \/>\n<\/p><div class=\"wpcf7-response-output\" aria-hidden=\"true\"><\/div>\n<\/form>\n<\/div>\n\n<div>&nbsp;<\/div>\n<p>Alternativamente, tambi\u00e9n puede enviarme las <strong>fotos<\/strong> de la marca\/firma a identificar a la siguiente direcci\u00f3n de correo electr\u00f3nico, especialmente si la foto respectiva tiene un formato de archivo que no puede enviarse a trav\u00e9s del formulario de contacto anterior:<\/p>\n<p><strong>robert.zueblin@robertzueblin.com<\/strong> <\/p>\n<p>(tenga en cuenta mi <a href=\"https:\/\/www.robertzueblin.com\/es\/aviso-de-privacidad\/\">aviso de privacidad<\/a>).<\/p>\n","protected":false},"excerpt":{"rendered":"<p>Tanto si se trata de loza, como de gres u otra cer\u00e1mica cuyo fabricante desconoce, es posible que me haga determinar la marca de la cer\u00e1mica o el sello de la cer\u00e1mica o la firma de la cer\u00e1mica. Ofrezco este servicio de identificaci\u00f3n de marcas de cer\u00e1mica, sellos de cer\u00e1mica y firmas de cer\u00e1mica por [&hellip;]<\/p>\n","protected":false},"author":1,"featured_media":0,"parent":0,"menu_order":0,"comment_status":"closed","ping_status":"closed","template":"","meta":{"footnotes":""},"class_list":["post-25429","page","type-page","status-publish","hentry"],"yoast_head":"<!-- This site is optimized with the Yoast SEO plugin v27.5 - https:\/\/yoast.com\/product\/yoast-seo-wordpress\/ -->\n<title>Determinar la marca de la cer\u00e1mica o identificar la firma cer\u00e1mica<\/title>\n<meta name=\"description\" content=\"Loza, gres u otra cer\u00e1mica cuyo fabricante desconoce, me haga determinar la marca de la cer\u00e1mica o el sello o la firma de la cer\u00e1mica.\" \/>\n<meta name=\"robots\" content=\"index, follow, max-snippet:-1, max-image-preview:large, max-video-preview:-1\" \/>\n<link rel=\"canonical\" href=\"https:\/\/www.robertzueblin.com\/es\/determinar-la-marca-de-la-ceramica-o-identificar-la-firma-ceramica\/\" \/>\n<meta property=\"og:locale\" content=\"es_ES\" \/>\n<meta property=\"og:type\" content=\"article\" \/>\n<meta property=\"og:title\" content=\"Determinar la marca de la cer\u00e1mica o identificar la firma cer\u00e1mica\" \/>\n<meta property=\"og:description\" content=\"Loza, gres u otra cer\u00e1mica cuyo fabricante desconoce, me haga determinar la marca de la cer\u00e1mica o el sello o la firma de la cer\u00e1mica.\" \/>\n<meta property=\"og:url\" content=\"https:\/\/www.robertzueblin.com\/es\/determinar-la-marca-de-la-ceramica-o-identificar-la-firma-ceramica\/\" \/>\n<meta property=\"og:site_name\" content=\"ROBERT Z\u00dcBLIN\" \/>\n<meta property=\"article:modified_time\" content=\"2024-03-24T15:43:01+00:00\" \/>\n<meta name=\"twitter:card\" content=\"summary_large_image\" \/>\n<script type=\"application\/ld+json\" class=\"yoast-schema-graph\">{\"@context\":\"https:\\\/\\\/schema.org\",\"@graph\":[{\"@type\":\"WebPage\",\"@id\":\"https:\\\/\\\/www.robertzueblin.com\\\/es\\\/determinar-la-marca-de-la-ceramica-o-identificar-la-firma-ceramica\\\/\",\"url\":\"https:\\\/\\\/www.robertzueblin.com\\\/es\\\/determinar-la-marca-de-la-ceramica-o-identificar-la-firma-ceramica\\\/\",\"name\":\"Determinar la marca de la cer\u00e1mica o identificar la firma cer\u00e1mica\",\"isPartOf\":{\"@id\":\"https:\\\/\\\/www.robertzueblin.com\\\/es\\\/#website\"},\"datePublished\":\"2022-05-06T09:41:35+00:00\",\"dateModified\":\"2024-03-24T15:43:01+00:00\",\"description\":\"Loza, gres u otra cer\u00e1mica cuyo fabricante desconoce, me haga determinar la marca de la cer\u00e1mica o el sello o la firma de la cer\u00e1mica.\",\"breadcrumb\":{\"@id\":\"https:\\\/\\\/www.robertzueblin.com\\\/es\\\/determinar-la-marca-de-la-ceramica-o-identificar-la-firma-ceramica\\\/#breadcrumb\"},\"inLanguage\":\"es\",\"potentialAction\":[{\"@type\":\"ReadAction\",\"target\":[\"https:\\\/\\\/www.robertzueblin.com\\\/es\\\/determinar-la-marca-de-la-ceramica-o-identificar-la-firma-ceramica\\\/\"]}]},{\"@type\":\"BreadcrumbList\",\"@id\":\"https:\\\/\\\/www.robertzueblin.com\\\/es\\\/determinar-la-marca-de-la-ceramica-o-identificar-la-firma-ceramica\\\/#breadcrumb\",\"itemListElement\":[{\"@type\":\"ListItem\",\"position\":1,\"name\":\"Startseite\",\"item\":\"https:\\\/\\\/www.robertzueblin.com\\\/es\\\/\"},{\"@type\":\"ListItem\",\"position\":2,\"name\":\"Determinar la marca de la cer\u00e1mica o identificar la firma cer\u00e1mica\"}]},{\"@type\":\"WebSite\",\"@id\":\"https:\\\/\\\/www.robertzueblin.com\\\/es\\\/#website\",\"url\":\"https:\\\/\\\/www.robertzueblin.com\\\/es\\\/\",\"name\":\"ROBERT Z\u00dcBLIN\",\"description\":\"\",\"publisher\":{\"@id\":\"https:\\\/\\\/www.robertzueblin.com\\\/es\\\/#organization\"},\"potentialAction\":[{\"@type\":\"SearchAction\",\"target\":{\"@type\":\"EntryPoint\",\"urlTemplate\":\"https:\\\/\\\/www.robertzueblin.com\\\/es\\\/?s={search_term_string}\"},\"query-input\":{\"@type\":\"PropertyValueSpecification\",\"valueRequired\":true,\"valueName\":\"search_term_string\"}}],\"inLanguage\":\"es\"},{\"@type\":\"Organization\",\"@id\":\"https:\\\/\\\/www.robertzueblin.com\\\/es\\\/#organization\",\"name\":\"ROBERT Z\u00dcBLIN\",\"url\":\"https:\\\/\\\/www.robertzueblin.com\\\/es\\\/\",\"logo\":{\"@type\":\"ImageObject\",\"inLanguage\":\"es\",\"@id\":\"https:\\\/\\\/www.robertzueblin.com\\\/es\\\/#\\\/schema\\\/logo\\\/image\\\/\",\"url\":\"https:\\\/\\\/www.robertzueblin.com\\\/wp-content\\\/uploads\\\/cropped-cropped-logo-von-robert-zueblin.jpg\",\"contentUrl\":\"https:\\\/\\\/www.robertzueblin.com\\\/wp-content\\\/uploads\\\/cropped-cropped-logo-von-robert-zueblin.jpg\",\"width\":440,\"height\":60,\"caption\":\"ROBERT Z\u00dcBLIN\"},\"image\":{\"@id\":\"https:\\\/\\\/www.robertzueblin.com\\\/es\\\/#\\\/schema\\\/logo\\\/image\\\/\"}}]}<\/script>\n<!-- \/ Yoast SEO plugin. -->","yoast_head_json":{"title":"Determinar la marca de la cer\u00e1mica o identificar la firma cer\u00e1mica","description":"Loza, gres u otra cer\u00e1mica cuyo fabricante desconoce, me haga determinar la marca de la cer\u00e1mica o el sello o la firma de la cer\u00e1mica.","robots":{"index":"index","follow":"follow","max-snippet":"max-snippet:-1","max-image-preview":"max-image-preview:large","max-video-preview":"max-video-preview:-1"},"canonical":"https:\/\/www.robertzueblin.com\/es\/determinar-la-marca-de-la-ceramica-o-identificar-la-firma-ceramica\/","og_locale":"es_ES","og_type":"article","og_title":"Determinar la marca de la cer\u00e1mica o identificar la firma cer\u00e1mica","og_description":"Loza, gres u otra cer\u00e1mica cuyo fabricante desconoce, me haga determinar la marca de la cer\u00e1mica o el sello o la firma de la cer\u00e1mica.","og_url":"https:\/\/www.robertzueblin.com\/es\/determinar-la-marca-de-la-ceramica-o-identificar-la-firma-ceramica\/","og_site_name":"ROBERT Z\u00dcBLIN","article_modified_time":"2024-03-24T15:43:01+00:00","twitter_card":"summary_large_image","schema":{"@context":"https:\/\/schema.org","@graph":[{"@type":"WebPage","@id":"https:\/\/www.robertzueblin.com\/es\/determinar-la-marca-de-la-ceramica-o-identificar-la-firma-ceramica\/","url":"https:\/\/www.robertzueblin.com\/es\/determinar-la-marca-de-la-ceramica-o-identificar-la-firma-ceramica\/","name":"Determinar la marca de la cer\u00e1mica o identificar la firma cer\u00e1mica","isPartOf":{"@id":"https:\/\/www.robertzueblin.com\/es\/#website"},"datePublished":"2022-05-06T09:41:35+00:00","dateModified":"2024-03-24T15:43:01+00:00","description":"Loza, gres u otra cer\u00e1mica cuyo fabricante desconoce, me haga determinar la marca de la cer\u00e1mica o el sello o la firma de la cer\u00e1mica.","breadcrumb":{"@id":"https:\/\/www.robertzueblin.com\/es\/determinar-la-marca-de-la-ceramica-o-identificar-la-firma-ceramica\/#breadcrumb"},"inLanguage":"es","potentialAction":[{"@type":"ReadAction","target":["https:\/\/www.robertzueblin.com\/es\/determinar-la-marca-de-la-ceramica-o-identificar-la-firma-ceramica\/"]}]},{"@type":"BreadcrumbList","@id":"https:\/\/www.robertzueblin.com\/es\/determinar-la-marca-de-la-ceramica-o-identificar-la-firma-ceramica\/#breadcrumb","itemListElement":[{"@type":"ListItem","position":1,"name":"Startseite","item":"https:\/\/www.robertzueblin.com\/es\/"},{"@type":"ListItem","position":2,"name":"Determinar la marca de la cer\u00e1mica o identificar la firma cer\u00e1mica"}]},{"@type":"WebSite","@id":"https:\/\/www.robertzueblin.com\/es\/#website","url":"https:\/\/www.robertzueblin.com\/es\/","name":"ROBERT Z\u00dcBLIN","description":"","publisher":{"@id":"https:\/\/www.robertzueblin.com\/es\/#organization"},"potentialAction":[{"@type":"SearchAction","target":{"@type":"EntryPoint","urlTemplate":"https:\/\/www.robertzueblin.com\/es\/?s={search_term_string}"},"query-input":{"@type":"PropertyValueSpecification","valueRequired":true,"valueName":"search_term_string"}}],"inLanguage":"es"},{"@type":"Organization","@id":"https:\/\/www.robertzueblin.com\/es\/#organization","name":"ROBERT Z\u00dcBLIN","url":"https:\/\/www.robertzueblin.com\/es\/","logo":{"@type":"ImageObject","inLanguage":"es","@id":"https:\/\/www.robertzueblin.com\/es\/#\/schema\/logo\/image\/","url":"https:\/\/www.robertzueblin.com\/wp-content\/uploads\/cropped-cropped-logo-von-robert-zueblin.jpg","contentUrl":"https:\/\/www.robertzueblin.com\/wp-content\/uploads\/cropped-cropped-logo-von-robert-zueblin.jpg","width":440,"height":60,"caption":"ROBERT Z\u00dcBLIN"},"image":{"@id":"https:\/\/www.robertzueblin.com\/es\/#\/schema\/logo\/image\/"}}]}},"_links":{"self":[{"href":"https:\/\/www.robertzueblin.com\/es\/wp-json\/wp\/v2\/pages\/25429","targetHints":{"allow":["GET"]}}],"collection":[{"href":"https:\/\/www.robertzueblin.com\/es\/wp-json\/wp\/v2\/pages"}],"about":[{"href":"https:\/\/www.robertzueblin.com\/es\/wp-json\/wp\/v2\/types\/page"}],"author":[{"embeddable":true,"href":"https:\/\/www.robertzueblin.com\/es\/wp-json\/wp\/v2\/users\/1"}],"replies":[{"embeddable":true,"href":"https:\/\/www.robertzueblin.com\/es\/wp-json\/wp\/v2\/comments?post=25429"}],"version-history":[{"count":9,"href":"https:\/\/www.robertzueblin.com\/es\/wp-json\/wp\/v2\/pages\/25429\/revisions"}],"predecessor-version":[{"id":37498,"href":"https:\/\/www.robertzueblin.com\/es\/wp-json\/wp\/v2\/pages\/25429\/revisions\/37498"}],"wp:attachment":[{"href":"https:\/\/www.robertzueblin.com\/es\/wp-json\/wp\/v2\/media?parent=25429"}],"curies":[{"name":"wp","href":"https:\/\/api.w.org\/{rel}","templated":true}]}}