{"id":2542,"date":"2021-11-10T00:14:04","date_gmt":"2021-11-09T23:14:04","guid":{"rendered":"https:\/\/www.robertzueblin.com\/?page_id=2542"},"modified":"2025-07-21T19:34:16","modified_gmt":"2025-07-21T17:34:16","slug":"aviso-legal","status":"publish","type":"page","link":"https:\/\/www.robertzueblin.com\/es\/aviso-legal\/","title":{"rendered":"Aviso legal"},"content":{"rendered":"<p>Aqu\u00ed encontrar\u00e1 los datos de mi imprenta, pero la siguiente direcci\u00f3n no es una tienda abierta al p\u00fablico:<\/p>\n<p>Robert Z\u00fcblin<br \/>\nFreudenbergstrasse 95<br \/>\n8044 Z\u00farich<br \/>\nSuiza<\/p>\n<p>Tel\u00e9fono: 0041 (0) 77 50 60 744<\/p>\n<p>Email: mitteilung@robertzueblin.com<\/p>\n<p><a href=\"https:\/\/www.uid.admin.ch\/Detail.aspx?uid_id=CHE-478.105.609&#038;lang=de\">N\u00famero de identificaci\u00f3n de las empresas suizas (UID): CHE-478.105.609<\/a><\/p>\n<p>&nbsp;<\/p>\n<p>No estoy obligado ni dispuesto a participar en un procedimiento de resoluci\u00f3n de conflictos ante una junta arbitral de consumo.<\/p>\n<p>Como socio de Amazon y de eurobuch gano dinero por las compras cualificadas.<\/p>\n<p>&nbsp;<\/p>\n<div style=\"display: block; background-color: #fbfbfb; color: #292929; border: 1px solid gray; padding: 15px; font-family: Helvetica,Arial,sans-serif; font-size: 14px; font-style: normal;\">\n<p><img decoding=\"async\" style=\"float: left; margin-right: 10px; width: 90px;\" src=\"https:\/\/www.it-recht-kanzlei.de\/gfx\/Logos\/logo-fairness-160.png\" \/><\/p>\n<p style=\"padding-top: 10px;\">Miembro de la iniciativa \u00abFairness im Handel\u00bb.<br \/>\nInformaci\u00f3n sobre la iniciativa: <a style=\"color: #ef7b00;\" href=\"http:\/\/www.fairness-im-handel.de\" target=\"_blank\" rel=\"noopener\">fairness-im-handel.de <\/a><\/p>\n<div style=\"clear: both;\"><\/div>\n<\/div>\n<p>&nbsp;<\/p>\n","protected":false},"excerpt":{"rendered":"<p>Aqu\u00ed encontrar\u00e1 los datos de mi imprenta, pero la siguiente direcci\u00f3n no es una tienda abierta al p\u00fablico: Robert Z\u00fcblin Freudenbergstrasse 95 8044 Z\u00farich Suiza Tel\u00e9fono: 0041 (0) 77 50 60 744 Email: mitteilung@robertzueblin.com N\u00famero de identificaci\u00f3n de las empresas suizas (UID): CHE-478.105.609 &nbsp; No estoy obligado ni dispuesto a participar en un procedimiento de [&hellip;]<\/p>\n","protected":false},"author":1,"featured_media":0,"parent":0,"menu_order":0,"comment_status":"closed","ping_status":"closed","template":"","meta":{"footnotes":""},"class_list":["post-2542","page","type-page","status-publish","hentry"],"yoast_head":"<!-- This site is optimized with the Yoast SEO plugin v27.4 - https:\/\/yoast.com\/product\/yoast-seo-wordpress\/ -->\n<title>Aviso legal - ROBERT Z\u00dcBLIN<\/title>\n<meta name=\"robots\" content=\"index, follow, max-snippet:-1, max-image-preview:large, max-video-preview:-1\" \/>\n<link rel=\"canonical\" href=\"https:\/\/www.robertzueblin.com\/es\/aviso-legal\/\" \/>\n<meta property=\"og:locale\" content=\"es_ES\" \/>\n<meta property=\"og:type\" content=\"article\" \/>\n<meta property=\"og:title\" content=\"Aviso legal - ROBERT Z\u00dcBLIN\" \/>\n<meta property=\"og:description\" content=\"Aqu\u00ed encontrar\u00e1 los datos de mi imprenta, pero la siguiente direcci\u00f3n no es una tienda abierta al p\u00fablico: Robert Z\u00fcblin Freudenbergstrasse 95 8044 Z\u00farich Suiza Tel\u00e9fono: 0041 (0) 77 50 60 744 Email: mitteilung@robertzueblin.com N\u00famero de identificaci\u00f3n de las empresas suizas (UID): CHE-478.105.609 &nbsp; No estoy obligado ni dispuesto a participar en un procedimiento de [&hellip;]\" \/>\n<meta property=\"og:url\" content=\"https:\/\/www.robertzueblin.com\/es\/aviso-legal\/\" \/>\n<meta property=\"og:site_name\" content=\"ROBERT Z\u00dcBLIN\" \/>\n<meta property=\"article:modified_time\" content=\"2025-07-21T17:34:16+00:00\" \/>\n<meta property=\"og:image\" content=\"https:\/\/www.it-recht-kanzlei.de\/gfx\/Logos\/logo-fairness-160.png\" \/>\n<meta name=\"twitter:card\" content=\"summary_large_image\" \/>\n<script type=\"application\/ld+json\" class=\"yoast-schema-graph\">{\"@context\":\"https:\\\/\\\/schema.org\",\"@graph\":[{\"@type\":\"WebPage\",\"@id\":\"https:\\\/\\\/www.robertzueblin.com\\\/es\\\/aviso-legal\\\/\",\"url\":\"https:\\\/\\\/www.robertzueblin.com\\\/es\\\/aviso-legal\\\/\",\"name\":\"Aviso legal - ROBERT Z\u00dcBLIN\",\"isPartOf\":{\"@id\":\"https:\\\/\\\/www.robertzueblin.com\\\/es\\\/#website\"},\"primaryImageOfPage\":{\"@id\":\"https:\\\/\\\/www.robertzueblin.com\\\/es\\\/aviso-legal\\\/#primaryimage\"},\"image\":{\"@id\":\"https:\\\/\\\/www.robertzueblin.com\\\/es\\\/aviso-legal\\\/#primaryimage\"},\"thumbnailUrl\":\"https:\\\/\\\/www.it-recht-kanzlei.de\\\/gfx\\\/Logos\\\/logo-fairness-160.png\",\"datePublished\":\"2021-11-09T23:14:04+00:00\",\"dateModified\":\"2025-07-21T17:34:16+00:00\",\"breadcrumb\":{\"@id\":\"https:\\\/\\\/www.robertzueblin.com\\\/es\\\/aviso-legal\\\/#breadcrumb\"},\"inLanguage\":\"es\",\"potentialAction\":[{\"@type\":\"ReadAction\",\"target\":[\"https:\\\/\\\/www.robertzueblin.com\\\/es\\\/aviso-legal\\\/\"]}]},{\"@type\":\"ImageObject\",\"inLanguage\":\"es\",\"@id\":\"https:\\\/\\\/www.robertzueblin.com\\\/es\\\/aviso-legal\\\/#primaryimage\",\"url\":\"https:\\\/\\\/www.it-recht-kanzlei.de\\\/gfx\\\/Logos\\\/logo-fairness-160.png\",\"contentUrl\":\"https:\\\/\\\/www.it-recht-kanzlei.de\\\/gfx\\\/Logos\\\/logo-fairness-160.png\"},{\"@type\":\"BreadcrumbList\",\"@id\":\"https:\\\/\\\/www.robertzueblin.com\\\/es\\\/aviso-legal\\\/#breadcrumb\",\"itemListElement\":[{\"@type\":\"ListItem\",\"position\":1,\"name\":\"Startseite\",\"item\":\"https:\\\/\\\/www.robertzueblin.com\\\/es\\\/\"},{\"@type\":\"ListItem\",\"position\":2,\"name\":\"Aviso legal\"}]},{\"@type\":\"WebSite\",\"@id\":\"https:\\\/\\\/www.robertzueblin.com\\\/es\\\/#website\",\"url\":\"https:\\\/\\\/www.robertzueblin.com\\\/es\\\/\",\"name\":\"ROBERT Z\u00dcBLIN\",\"description\":\"\",\"publisher\":{\"@id\":\"https:\\\/\\\/www.robertzueblin.com\\\/es\\\/#organization\"},\"potentialAction\":[{\"@type\":\"SearchAction\",\"target\":{\"@type\":\"EntryPoint\",\"urlTemplate\":\"https:\\\/\\\/www.robertzueblin.com\\\/es\\\/?s={search_term_string}\"},\"query-input\":{\"@type\":\"PropertyValueSpecification\",\"valueRequired\":true,\"valueName\":\"search_term_string\"}}],\"inLanguage\":\"es\"},{\"@type\":\"Organization\",\"@id\":\"https:\\\/\\\/www.robertzueblin.com\\\/es\\\/#organization\",\"name\":\"ROBERT Z\u00dcBLIN\",\"url\":\"https:\\\/\\\/www.robertzueblin.com\\\/es\\\/\",\"logo\":{\"@type\":\"ImageObject\",\"inLanguage\":\"es\",\"@id\":\"https:\\\/\\\/www.robertzueblin.com\\\/es\\\/#\\\/schema\\\/logo\\\/image\\\/\",\"url\":\"https:\\\/\\\/www.robertzueblin.com\\\/wp-content\\\/uploads\\\/cropped-cropped-logo-von-robert-zueblin.jpg\",\"contentUrl\":\"https:\\\/\\\/www.robertzueblin.com\\\/wp-content\\\/uploads\\\/cropped-cropped-logo-von-robert-zueblin.jpg\",\"width\":440,\"height\":60,\"caption\":\"ROBERT Z\u00dcBLIN\"},\"image\":{\"@id\":\"https:\\\/\\\/www.robertzueblin.com\\\/es\\\/#\\\/schema\\\/logo\\\/image\\\/\"}}]}<\/script>\n<!-- \/ Yoast SEO plugin. -->","yoast_head_json":{"title":"Aviso legal - ROBERT Z\u00dcBLIN","robots":{"index":"index","follow":"follow","max-snippet":"max-snippet:-1","max-image-preview":"max-image-preview:large","max-video-preview":"max-video-preview:-1"},"canonical":"https:\/\/www.robertzueblin.com\/es\/aviso-legal\/","og_locale":"es_ES","og_type":"article","og_title":"Aviso legal - ROBERT Z\u00dcBLIN","og_description":"Aqu\u00ed encontrar\u00e1 los datos de mi imprenta, pero la siguiente direcci\u00f3n no es una tienda abierta al p\u00fablico: Robert Z\u00fcblin Freudenbergstrasse 95 8044 Z\u00farich Suiza Tel\u00e9fono: 0041 (0) 77 50 60 744 Email: mitteilung@robertzueblin.com N\u00famero de identificaci\u00f3n de las empresas suizas (UID): CHE-478.105.609 &nbsp; No estoy obligado ni dispuesto a participar en un procedimiento de [&hellip;]","og_url":"https:\/\/www.robertzueblin.com\/es\/aviso-legal\/","og_site_name":"ROBERT Z\u00dcBLIN","article_modified_time":"2025-07-21T17:34:16+00:00","og_image":[{"url":"https:\/\/www.it-recht-kanzlei.de\/gfx\/Logos\/logo-fairness-160.png","type":"","width":"","height":""}],"twitter_card":"summary_large_image","schema":{"@context":"https:\/\/schema.org","@graph":[{"@type":"WebPage","@id":"https:\/\/www.robertzueblin.com\/es\/aviso-legal\/","url":"https:\/\/www.robertzueblin.com\/es\/aviso-legal\/","name":"Aviso legal - ROBERT Z\u00dcBLIN","isPartOf":{"@id":"https:\/\/www.robertzueblin.com\/es\/#website"},"primaryImageOfPage":{"@id":"https:\/\/www.robertzueblin.com\/es\/aviso-legal\/#primaryimage"},"image":{"@id":"https:\/\/www.robertzueblin.com\/es\/aviso-legal\/#primaryimage"},"thumbnailUrl":"https:\/\/www.it-recht-kanzlei.de\/gfx\/Logos\/logo-fairness-160.png","datePublished":"2021-11-09T23:14:04+00:00","dateModified":"2025-07-21T17:34:16+00:00","breadcrumb":{"@id":"https:\/\/www.robertzueblin.com\/es\/aviso-legal\/#breadcrumb"},"inLanguage":"es","potentialAction":[{"@type":"ReadAction","target":["https:\/\/www.robertzueblin.com\/es\/aviso-legal\/"]}]},{"@type":"ImageObject","inLanguage":"es","@id":"https:\/\/www.robertzueblin.com\/es\/aviso-legal\/#primaryimage","url":"https:\/\/www.it-recht-kanzlei.de\/gfx\/Logos\/logo-fairness-160.png","contentUrl":"https:\/\/www.it-recht-kanzlei.de\/gfx\/Logos\/logo-fairness-160.png"},{"@type":"BreadcrumbList","@id":"https:\/\/www.robertzueblin.com\/es\/aviso-legal\/#breadcrumb","itemListElement":[{"@type":"ListItem","position":1,"name":"Startseite","item":"https:\/\/www.robertzueblin.com\/es\/"},{"@type":"ListItem","position":2,"name":"Aviso legal"}]},{"@type":"WebSite","@id":"https:\/\/www.robertzueblin.com\/es\/#website","url":"https:\/\/www.robertzueblin.com\/es\/","name":"ROBERT Z\u00dcBLIN","description":"","publisher":{"@id":"https:\/\/www.robertzueblin.com\/es\/#organization"},"potentialAction":[{"@type":"SearchAction","target":{"@type":"EntryPoint","urlTemplate":"https:\/\/www.robertzueblin.com\/es\/?s={search_term_string}"},"query-input":{"@type":"PropertyValueSpecification","valueRequired":true,"valueName":"search_term_string"}}],"inLanguage":"es"},{"@type":"Organization","@id":"https:\/\/www.robertzueblin.com\/es\/#organization","name":"ROBERT Z\u00dcBLIN","url":"https:\/\/www.robertzueblin.com\/es\/","logo":{"@type":"ImageObject","inLanguage":"es","@id":"https:\/\/www.robertzueblin.com\/es\/#\/schema\/logo\/image\/","url":"https:\/\/www.robertzueblin.com\/wp-content\/uploads\/cropped-cropped-logo-von-robert-zueblin.jpg","contentUrl":"https:\/\/www.robertzueblin.com\/wp-content\/uploads\/cropped-cropped-logo-von-robert-zueblin.jpg","width":440,"height":60,"caption":"ROBERT Z\u00dcBLIN"},"image":{"@id":"https:\/\/www.robertzueblin.com\/es\/#\/schema\/logo\/image\/"}}]}},"_links":{"self":[{"href":"https:\/\/www.robertzueblin.com\/es\/wp-json\/wp\/v2\/pages\/2542","targetHints":{"allow":["GET"]}}],"collection":[{"href":"https:\/\/www.robertzueblin.com\/es\/wp-json\/wp\/v2\/pages"}],"about":[{"href":"https:\/\/www.robertzueblin.com\/es\/wp-json\/wp\/v2\/types\/page"}],"author":[{"embeddable":true,"href":"https:\/\/www.robertzueblin.com\/es\/wp-json\/wp\/v2\/users\/1"}],"replies":[{"embeddable":true,"href":"https:\/\/www.robertzueblin.com\/es\/wp-json\/wp\/v2\/comments?post=2542"}],"version-history":[{"count":12,"href":"https:\/\/www.robertzueblin.com\/es\/wp-json\/wp\/v2\/pages\/2542\/revisions"}],"predecessor-version":[{"id":45871,"href":"https:\/\/www.robertzueblin.com\/es\/wp-json\/wp\/v2\/pages\/2542\/revisions\/45871"}],"wp:attachment":[{"href":"https:\/\/www.robertzueblin.com\/es\/wp-json\/wp\/v2\/media?parent=2542"}],"curies":[{"name":"wp","href":"https:\/\/api.w.org\/{rel}","templated":true}]}}