{"id":508,"date":"2021-09-18T14:05:25","date_gmt":"2021-09-18T12:05:25","guid":{"rendered":"https:\/\/www.robertzueblin.com\/?post_type=product&#038;p=508"},"modified":"2025-08-28T14:11:02","modified_gmt":"2025-08-28T12:11:02","slug":"otto-lindig-1895-%e2%80%a0-1966-vase-with-lava-glaze","status":"publish","type":"product","link":"https:\/\/www.robertzueblin.com\/en\/otto-lindig\/vase-with-lava-glaze\/","title":{"rendered":"Otto LINDIG (* 1895, \u2020 1966) \u2013 Vase with Lava Glaze &#8211; Studio Pottery"},"content":{"rendered":"<p><span style=\"font-family: AkkoPro-BoldCondensed!important\">Type:<\/span> <a href=\"https:\/\/www.robertzueblin.com\/en\/arts\/art-pottery-studio-pottery\/\">Studio Pottery<\/a><\/p>\n<p><span style=\"font-family: AkkoPro-BoldCondensed!important\">Design:<\/span> Otto Lindig (* 1895, \u2020 1966)<\/p>\n<p><span style=\"font-family: AkkoPro-BoldCondensed!important\">Carrying out:<\/span> Studio Lindig<\/p>\n<p><span style=\"font-family: AkkoPro-BoldCondensed!important\">Object:<\/span> Vase<\/p>\n<p><span style=\"font-family: AkkoPro-BoldCondensed!important\">Dimensions:<\/span> Height: 14 cm, Diameter: 14.5 cm<\/p>\n<p><span style=\"font-family: AkkoPro-BoldCondensed!important\">Shard:<\/span> light<\/p>\n<p><span style=\"font-family: AkkoPro-BoldCondensed!important\">Surface:<\/span> The outer glaze is gray, beige, blue, green, white, turquoise, black; the interior glaze is red-brown; outer glaze is partially lava-like with craters and bubbles.<\/p>\n<p><span style=\"font-family: AkkoPro-BoldCondensed!important\">Year of manufacture:<\/span> approximately 1940<\/p>\n<p><span style=\"font-family: AkkoPro-BoldCondensed!important\">Condition:<\/span> Cracked at the lip, but stabilized with glue within the crack, minimal glaze loss at the crack on the inside of the lip; two inconspicuous cracks on the shoulder in the glaze; internal glaze has a few scratches and a few unglazed areas<\/p>\n<p><span style=\"font-family: AkkoPro-BoldCondensed!important\">Signature:<\/span> OL\u201e<\/p>\n<p><span style=\"font-family: AkkoPro-BoldCondensed!important\">Details:<\/span><br \/>\nThis ceramic vase was thrown by Lindig&#8217;s co-worker <a href=\"https:\/\/www.robertzueblin.com\/en\/liebfriede-bernstiel\/\">Liebfriede Bernstiel<\/a>, which can be seen on the two goose-feet right below the OL signature [1]. However, <a href=\"https:\/\/www.robertzueblin.com\/en\/otto-lindig\/\">Otto Lindig<\/a> did the glaze firing of the ceramics by himself [2]. He also undertook the glaze production [3]. The Bauhaus potter Otto Lindig was known mainly because of the shapings of his ceramics. The fact that Lindig was also interested in the effect of his glazes was long time disregarded [4]; that he has produced very effective glazes, is particularly evident in this vase, which is characterized by its partial lava-like structure.<\/p>\n<p>A vase by Otto Lindig with similar glaze was sold at auction for 1000 euros [5].<\/p>\n<p><em>Footnotes:<\/em><br \/>\n1. Weber, Klaus (ed.): Keramik und Bauhaus, Berlin 1989, p. 272.<\/p>\n<p>2. Jakobson, Hans-Peter: Otto Lindig: \u201eIm Grunde ist das T\u00f6pfemachen ja immer die gleiche Sache&#8230;\u201c, in: Weber, Klaus (ed.): Keramik und Bauhaus, Berlin 1989, p. 53.<\/p>\n<p>3. Erinnerungen Marieluise Fischers an ihre Lehrzeit bei Otto Lindig in Dornburg \u2013 Ein Interview, in: F\u00f6rderkreis Keramik-Museum B\u00fcrgel e.V., Tr\u00e4ger des Keramikmuseums B\u00fcrgel (ed.): Otto Lindig, Die Dornburger Zeit, Gera 2010, p. 38.<\/p>\n<p>4. Jakobson, Hans-Peter: Otto Lindig: \u201eIm Grunde ist das T\u00f6pfemachen ja immer die gleiche Sache&#8230;\u201c, in: Weber, Klaus (ed.): Keramik und Bauhaus, Berlin 1989, pp. 54-55.<\/p>\n<p>5. <a href=\"https:\/\/www.mehlis.eu\/de\/catalogs\/7915\/item\/2776\/\" rel=\"nofollow\" >Auktionshaus Mehlis (Mehlis Auktionen)<\/a><\/p>\n","protected":false},"excerpt":{"rendered":"<p><span style=\"color: #e2401c;\">&#x25cf;<\/span><span> sold<\/span><\/p>\n","protected":false},"featured_media":723,"template":"","meta":[],"product_brand":[],"product_cat":[46,43],"product_tag":[],"class_list":{"0":"post-508","1":"product","2":"type-product","3":"status-publish","4":"has-post-thumbnail","6":"product_cat-bauhaus","7":"product_cat-otto-lindig","9":"first","10":"outofstock","11":"sold-individually","12":"shipping-taxable","13":"product-type-simple"},"yoast_head":"<!-- This site is optimized with the Yoast SEO plugin v27.5 - https:\/\/yoast.com\/product\/yoast-seo-wordpress\/ -->\n<title>Otto LINDIG - Vase (original) with lava glaze - Studio Pottery<\/title>\n<meta name=\"description\" content=\"Ceramic vase by Bauhaus pupil Otto Lindig original with lava glaze and signature; value reflected in price, see similar vase at auction.\" \/>\n<meta name=\"robots\" content=\"index, follow, max-snippet:-1, max-image-preview:large, max-video-preview:-1\" \/>\n<link rel=\"canonical\" href=\"https:\/\/www.robertzueblin.com\/en\/otto-lindig\/vase-with-lava-glaze\/\" \/>\n<meta property=\"og:locale\" content=\"en_US\" \/>\n<meta property=\"og:type\" content=\"article\" \/>\n<meta property=\"og:title\" content=\"Otto LINDIG - Vase (original) with lava glaze - Studio Pottery\" \/>\n<meta property=\"og:description\" content=\"Ceramic vase by Bauhaus pupil Otto Lindig original with lava glaze and signature; value reflected in price, see similar vase at auction.\" \/>\n<meta property=\"og:url\" content=\"https:\/\/www.robertzueblin.com\/en\/otto-lindig\/vase-with-lava-glaze\/\" \/>\n<meta property=\"og:site_name\" content=\"ROBERT Z\u00dcBLIN\" \/>\n<meta property=\"article:modified_time\" content=\"2025-08-28T12:11:02+00:00\" \/>\n<meta property=\"og:image\" content=\"https:\/\/www.robertzueblin.com\/wp-content\/uploads\/otto-lindig-vase-bauhaus-studio-pottery-lava-glaze.jpg\" \/>\n\t<meta property=\"og:image:width\" content=\"1000\" \/>\n\t<meta property=\"og:image:height\" content=\"1000\" \/>\n\t<meta property=\"og:image:type\" content=\"image\/jpeg\" \/>\n<meta name=\"twitter:card\" content=\"summary_large_image\" \/>\n<script type=\"application\/ld+json\" class=\"yoast-schema-graph\">{\"@context\":\"https:\\\/\\\/schema.org\",\"@graph\":[{\"@type\":\"WebPage\",\"@id\":\"https:\\\/\\\/www.robertzueblin.com\\\/en\\\/otto-lindig\\\/vase-with-lava-glaze\\\/\",\"url\":\"https:\\\/\\\/www.robertzueblin.com\\\/en\\\/otto-lindig\\\/vase-with-lava-glaze\\\/\",\"name\":\"Otto LINDIG - Vase (original) with lava glaze - Studio Pottery\",\"isPartOf\":{\"@id\":\"https:\\\/\\\/www.robertzueblin.com\\\/en\\\/#website\"},\"primaryImageOfPage\":{\"@id\":\"https:\\\/\\\/www.robertzueblin.com\\\/en\\\/otto-lindig\\\/vase-with-lava-glaze\\\/#primaryimage\"},\"image\":{\"@id\":\"https:\\\/\\\/www.robertzueblin.com\\\/en\\\/otto-lindig\\\/vase-with-lava-glaze\\\/#primaryimage\"},\"thumbnailUrl\":\"https:\\\/\\\/www.robertzueblin.com\\\/wp-content\\\/uploads\\\/otto-lindig-vase-bauhaus-studio-pottery-lava-glaze.jpg\",\"datePublished\":\"2021-09-18T12:05:25+00:00\",\"dateModified\":\"2025-08-28T12:11:02+00:00\",\"description\":\"Ceramic vase by Bauhaus pupil Otto Lindig original with lava glaze and signature; value reflected in price, see similar vase at auction.\",\"breadcrumb\":{\"@id\":\"https:\\\/\\\/www.robertzueblin.com\\\/en\\\/otto-lindig\\\/vase-with-lava-glaze\\\/#breadcrumb\"},\"inLanguage\":\"en-US\",\"potentialAction\":[{\"@type\":\"ReadAction\",\"target\":[\"https:\\\/\\\/www.robertzueblin.com\\\/en\\\/otto-lindig\\\/vase-with-lava-glaze\\\/\"]}]},{\"@type\":\"ImageObject\",\"inLanguage\":\"en-US\",\"@id\":\"https:\\\/\\\/www.robertzueblin.com\\\/en\\\/otto-lindig\\\/vase-with-lava-glaze\\\/#primaryimage\",\"url\":\"https:\\\/\\\/www.robertzueblin.com\\\/wp-content\\\/uploads\\\/otto-lindig-vase-bauhaus-studio-pottery-lava-glaze.jpg\",\"contentUrl\":\"https:\\\/\\\/www.robertzueblin.com\\\/wp-content\\\/uploads\\\/otto-lindig-vase-bauhaus-studio-pottery-lava-glaze.jpg\",\"width\":1000,\"height\":1000},{\"@type\":\"BreadcrumbList\",\"@id\":\"https:\\\/\\\/www.robertzueblin.com\\\/en\\\/otto-lindig\\\/vase-with-lava-glaze\\\/#breadcrumb\",\"itemListElement\":[{\"@type\":\"ListItem\",\"position\":1,\"name\":\"Startseite\",\"item\":\"https:\\\/\\\/www.robertzueblin.com\\\/en\\\/\"},{\"@type\":\"ListItem\",\"position\":2,\"name\":\"Online Art Gallery (Online Shop)\",\"item\":\"https:\\\/\\\/www.robertzueblin.com\\\/en\\\/online-art-gallery\\\/\"},{\"@type\":\"ListItem\",\"position\":3,\"name\":\"Otto LINDIG (* 1895, \u2020 1966) \u2013 Vase with Lava Glaze &#8211; Studio Pottery\"}]},{\"@type\":\"WebSite\",\"@id\":\"https:\\\/\\\/www.robertzueblin.com\\\/en\\\/#website\",\"url\":\"https:\\\/\\\/www.robertzueblin.com\\\/en\\\/\",\"name\":\"ROBERT Z\u00dcBLIN\",\"description\":\"\",\"publisher\":{\"@id\":\"https:\\\/\\\/www.robertzueblin.com\\\/en\\\/#organization\"},\"potentialAction\":[{\"@type\":\"SearchAction\",\"target\":{\"@type\":\"EntryPoint\",\"urlTemplate\":\"https:\\\/\\\/www.robertzueblin.com\\\/en\\\/?s={search_term_string}\"},\"query-input\":{\"@type\":\"PropertyValueSpecification\",\"valueRequired\":true,\"valueName\":\"search_term_string\"}}],\"inLanguage\":\"en-US\"},{\"@type\":\"Organization\",\"@id\":\"https:\\\/\\\/www.robertzueblin.com\\\/en\\\/#organization\",\"name\":\"ROBERT Z\u00dcBLIN\",\"url\":\"https:\\\/\\\/www.robertzueblin.com\\\/en\\\/\",\"logo\":{\"@type\":\"ImageObject\",\"inLanguage\":\"en-US\",\"@id\":\"https:\\\/\\\/www.robertzueblin.com\\\/en\\\/#\\\/schema\\\/logo\\\/image\\\/\",\"url\":\"https:\\\/\\\/www.robertzueblin.com\\\/wp-content\\\/uploads\\\/cropped-cropped-logo-von-robert-zueblin.jpg\",\"contentUrl\":\"https:\\\/\\\/www.robertzueblin.com\\\/wp-content\\\/uploads\\\/cropped-cropped-logo-von-robert-zueblin.jpg\",\"width\":440,\"height\":60,\"caption\":\"ROBERT Z\u00dcBLIN\"},\"image\":{\"@id\":\"https:\\\/\\\/www.robertzueblin.com\\\/en\\\/#\\\/schema\\\/logo\\\/image\\\/\"}}]}<\/script>\n<!-- \/ Yoast SEO plugin. -->","yoast_head_json":{"title":"Otto LINDIG - Vase (original) with lava glaze - Studio Pottery","description":"Ceramic vase by Bauhaus pupil Otto Lindig original with lava glaze and signature; value reflected in price, see similar vase at auction.","robots":{"index":"index","follow":"follow","max-snippet":"max-snippet:-1","max-image-preview":"max-image-preview:large","max-video-preview":"max-video-preview:-1"},"canonical":"https:\/\/www.robertzueblin.com\/en\/otto-lindig\/vase-with-lava-glaze\/","og_locale":"en_US","og_type":"article","og_title":"Otto LINDIG - Vase (original) with lava glaze - Studio Pottery","og_description":"Ceramic vase by Bauhaus pupil Otto Lindig original with lava glaze and signature; value reflected in price, see similar vase at auction.","og_url":"https:\/\/www.robertzueblin.com\/en\/otto-lindig\/vase-with-lava-glaze\/","og_site_name":"ROBERT Z\u00dcBLIN","article_modified_time":"2025-08-28T12:11:02+00:00","og_image":[{"width":1000,"height":1000,"url":"https:\/\/www.robertzueblin.com\/wp-content\/uploads\/otto-lindig-vase-bauhaus-studio-pottery-lava-glaze.jpg","type":"image\/jpeg"}],"twitter_card":"summary_large_image","schema":{"@context":"https:\/\/schema.org","@graph":[{"@type":"WebPage","@id":"https:\/\/www.robertzueblin.com\/en\/otto-lindig\/vase-with-lava-glaze\/","url":"https:\/\/www.robertzueblin.com\/en\/otto-lindig\/vase-with-lava-glaze\/","name":"Otto LINDIG - Vase (original) with lava glaze - Studio Pottery","isPartOf":{"@id":"https:\/\/www.robertzueblin.com\/en\/#website"},"primaryImageOfPage":{"@id":"https:\/\/www.robertzueblin.com\/en\/otto-lindig\/vase-with-lava-glaze\/#primaryimage"},"image":{"@id":"https:\/\/www.robertzueblin.com\/en\/otto-lindig\/vase-with-lava-glaze\/#primaryimage"},"thumbnailUrl":"https:\/\/www.robertzueblin.com\/wp-content\/uploads\/otto-lindig-vase-bauhaus-studio-pottery-lava-glaze.jpg","datePublished":"2021-09-18T12:05:25+00:00","dateModified":"2025-08-28T12:11:02+00:00","description":"Ceramic vase by Bauhaus pupil Otto Lindig original with lava glaze and signature; value reflected in price, see similar vase at auction.","breadcrumb":{"@id":"https:\/\/www.robertzueblin.com\/en\/otto-lindig\/vase-with-lava-glaze\/#breadcrumb"},"inLanguage":"en-US","potentialAction":[{"@type":"ReadAction","target":["https:\/\/www.robertzueblin.com\/en\/otto-lindig\/vase-with-lava-glaze\/"]}]},{"@type":"ImageObject","inLanguage":"en-US","@id":"https:\/\/www.robertzueblin.com\/en\/otto-lindig\/vase-with-lava-glaze\/#primaryimage","url":"https:\/\/www.robertzueblin.com\/wp-content\/uploads\/otto-lindig-vase-bauhaus-studio-pottery-lava-glaze.jpg","contentUrl":"https:\/\/www.robertzueblin.com\/wp-content\/uploads\/otto-lindig-vase-bauhaus-studio-pottery-lava-glaze.jpg","width":1000,"height":1000},{"@type":"BreadcrumbList","@id":"https:\/\/www.robertzueblin.com\/en\/otto-lindig\/vase-with-lava-glaze\/#breadcrumb","itemListElement":[{"@type":"ListItem","position":1,"name":"Startseite","item":"https:\/\/www.robertzueblin.com\/en\/"},{"@type":"ListItem","position":2,"name":"Online Art Gallery (Online Shop)","item":"https:\/\/www.robertzueblin.com\/en\/online-art-gallery\/"},{"@type":"ListItem","position":3,"name":"Otto LINDIG (* 1895, \u2020 1966) \u2013 Vase with Lava Glaze &#8211; Studio Pottery"}]},{"@type":"WebSite","@id":"https:\/\/www.robertzueblin.com\/en\/#website","url":"https:\/\/www.robertzueblin.com\/en\/","name":"ROBERT Z\u00dcBLIN","description":"","publisher":{"@id":"https:\/\/www.robertzueblin.com\/en\/#organization"},"potentialAction":[{"@type":"SearchAction","target":{"@type":"EntryPoint","urlTemplate":"https:\/\/www.robertzueblin.com\/en\/?s={search_term_string}"},"query-input":{"@type":"PropertyValueSpecification","valueRequired":true,"valueName":"search_term_string"}}],"inLanguage":"en-US"},{"@type":"Organization","@id":"https:\/\/www.robertzueblin.com\/en\/#organization","name":"ROBERT Z\u00dcBLIN","url":"https:\/\/www.robertzueblin.com\/en\/","logo":{"@type":"ImageObject","inLanguage":"en-US","@id":"https:\/\/www.robertzueblin.com\/en\/#\/schema\/logo\/image\/","url":"https:\/\/www.robertzueblin.com\/wp-content\/uploads\/cropped-cropped-logo-von-robert-zueblin.jpg","contentUrl":"https:\/\/www.robertzueblin.com\/wp-content\/uploads\/cropped-cropped-logo-von-robert-zueblin.jpg","width":440,"height":60,"caption":"ROBERT Z\u00dcBLIN"},"image":{"@id":"https:\/\/www.robertzueblin.com\/en\/#\/schema\/logo\/image\/"}}]}},"_links":{"self":[{"href":"https:\/\/www.robertzueblin.com\/en\/wp-json\/wp\/v2\/product\/508","targetHints":{"allow":["GET"]}}],"collection":[{"href":"https:\/\/www.robertzueblin.com\/en\/wp-json\/wp\/v2\/product"}],"about":[{"href":"https:\/\/www.robertzueblin.com\/en\/wp-json\/wp\/v2\/types\/product"}],"wp:featuredmedia":[{"embeddable":true,"href":"https:\/\/www.robertzueblin.com\/en\/wp-json\/wp\/v2\/media\/723"}],"wp:attachment":[{"href":"https:\/\/www.robertzueblin.com\/en\/wp-json\/wp\/v2\/media?parent=508"}],"wp:term":[{"taxonomy":"product_brand","embeddable":true,"href":"https:\/\/www.robertzueblin.com\/en\/wp-json\/wp\/v2\/product_brand?post=508"},{"taxonomy":"product_cat","embeddable":true,"href":"https:\/\/www.robertzueblin.com\/en\/wp-json\/wp\/v2\/product_cat?post=508"},{"taxonomy":"product_tag","embeddable":true,"href":"https:\/\/www.robertzueblin.com\/en\/wp-json\/wp\/v2\/product_tag?post=508"}],"curies":[{"name":"wp","href":"https:\/\/api.w.org\/{rel}","templated":true}]}}