{"id":37013,"date":"2024-03-01T11:47:29","date_gmt":"2024-03-01T10:58:58","guid":{"rendered":"https:\/\/www.robertzueblin.com\/?post_type=product&#038;p=37013"},"modified":"2025-05-14T11:01:32","modified_gmt":"2025-05-14T09:01:32","slug":"sophie-de-niederhausern-1856-%e2%80%a0-1926-alpine-landscape-oil-painting","status":"publish","type":"product","link":"https:\/\/www.robertzueblin.com\/en\/sophie-de-niederhausern\/alpine-landscape-oil-painting\/","title":{"rendered":"Sophie de NIEDERHAUSERN (* 1856, \u2020 1926) &#8211; Alpine Landscape &#8211; Oil Painting"},"content":{"rendered":"<p><span style=\"font-family: AkkoPro-BoldCondensed!important\">Type:<\/span> <a href=\"https:\/\/www.robertzueblin.com\/en\/arts\/paintings\/\">painting<\/a><\/p>\n<p><span style=\"font-family: AkkoPro-BoldCondensed!important\">Painter:<\/span> <a href=\"https:\/\/www.robertzueblin.com\/en\/sophie-de-niederhausern\/\">Sophie de Niederhausern (Sophie de Niederh\u00e4usern) <\/a> (* 1856, \u2020 1926)<\/p>\n<p><span style=\"font-family: AkkoPro-BoldCondensed!important\">Object:<\/span> <a href=\"https:\/\/www.robertzueblin.com\/en\/oil-paintings\/\">oil painting<\/a><\/p>\n<p><span style=\"font-family: AkkoPro-BoldCondensed!important\">Material:<\/span> oil on cardboard and varnished<\/p>\n<p><span style=\"font-family: AkkoPro-BoldCondensed!important\">Dimensions:<\/span> height: 18.5 cm, width: 18 cm; with frame: height: 25.5 cm, width: 24 cm<\/p>\n<p><span style=\"font-family: AkkoPro-BoldCondensed!important\">Manufacture period:<\/span> around 1900<\/p>\n<p><span style=\"font-family: AkkoPro-BoldCondensed!important\">Condition:<\/span> frame partially damaged, paint on painting partially craquelured<\/p>\n<p><span style=\"font-family: AkkoPro-BoldCondensed!important\">Signature:<\/span> none (but there is a plaque on the frame with the inscription &#8220;S. de Niederhausern&#8221;, there is also an estate stamp on the back of the painting with the inscription &#8220;\u0152UVRE ORIGINAL DE S. de Niederh\u00e4usern Succession de Niederh\u00e4usern&#8221;)<\/p>\n<p><span style=\"font-family: AkkoPro-BoldCondensed!important\">Details:<\/span><br \/>\nThe Swiss painter Sophie de Niederhausern (also spelt Sophie de Niederh\u00e4usern) was the sister of the sculptor Auguste de Niederh\u00e4usern (known as Rodo).   <\/p>\n<p>On the reverse of this Alpine painting gem is the estate stamp with the inscription &#8220;\u0152UVRE ORIGINAL DE S. de Niederh\u00e4usern Succession de Niederh\u00e4usern&#8221;.<\/p>\n","protected":false},"excerpt":{"rendered":"<p><span style=\"color: #e2401c;\">&#x25cf;<\/span><span> sold<\/span><\/p>\n","protected":false},"featured_media":37016,"template":"","meta":[],"product_brand":[],"product_cat":[495,562],"product_tag":[],"class_list":{"0":"post-37013","1":"product","2":"type-product","3":"status-publish","4":"has-post-thumbnail","6":"product_cat-oil-paintings","7":"product_cat-sophie-de-niederhausern","9":"first","10":"outofstock","11":"sold-individually","12":"shipping-taxable","13":"product-type-simple"},"yoast_head":"<!-- This site is optimized with the Yoast SEO plugin v27.4 - https:\/\/yoast.com\/product\/yoast-seo-wordpress\/ -->\n<title>Sophie de NIEDERHAUSERN - Alpine Landscape - Oil Painting<\/title>\n<meta name=\"description\" content=\"Alpine painting Oil painting by the Swiss painter Sophie de Niederhausern (Sophie de Niederh\u00e4usern), sister of Auguste de Niederh\u00e4usern (called Rodo).\" \/>\n<meta name=\"robots\" content=\"index, follow, max-snippet:-1, max-image-preview:large, max-video-preview:-1\" \/>\n<link rel=\"canonical\" href=\"https:\/\/www.robertzueblin.com\/en\/sophie-de-niederhausern\/alpine-landscape-oil-painting\/\" \/>\n<meta property=\"og:locale\" content=\"en_US\" \/>\n<meta property=\"og:type\" content=\"article\" \/>\n<meta property=\"og:title\" content=\"Sophie de NIEDERHAUSERN - Alpine Landscape - Oil Painting\" \/>\n<meta property=\"og:description\" content=\"Alpine painting Oil painting by the Swiss painter Sophie de Niederhausern (Sophie de Niederh\u00e4usern), sister of Auguste de Niederh\u00e4usern (called Rodo).\" \/>\n<meta property=\"og:url\" content=\"https:\/\/www.robertzueblin.com\/en\/sophie-de-niederhausern\/alpine-landscape-oil-painting\/\" \/>\n<meta property=\"og:site_name\" content=\"ROBERT Z\u00dcBLIN\" \/>\n<meta property=\"article:modified_time\" content=\"2025-05-14T09:01:32+00:00\" \/>\n<meta property=\"og:image\" content=\"https:\/\/www.robertzueblin.com\/wp-content\/uploads\/sophie-de-niederhausern-oil-painting-alpine-landscape-photo-title.jpg\" \/>\n\t<meta property=\"og:image:width\" content=\"1000\" \/>\n\t<meta property=\"og:image:height\" content=\"1094\" \/>\n\t<meta property=\"og:image:type\" content=\"image\/jpeg\" \/>\n<meta name=\"twitter:card\" content=\"summary_large_image\" \/>\n<script type=\"application\/ld+json\" class=\"yoast-schema-graph\">{\"@context\":\"https:\\\/\\\/schema.org\",\"@graph\":[{\"@type\":\"WebPage\",\"@id\":\"https:\\\/\\\/www.robertzueblin.com\\\/en\\\/sophie-de-niederhausern\\\/alpine-landscape-oil-painting\\\/\",\"url\":\"https:\\\/\\\/www.robertzueblin.com\\\/en\\\/sophie-de-niederhausern\\\/alpine-landscape-oil-painting\\\/\",\"name\":\"Sophie de NIEDERHAUSERN - Alpine Landscape - Oil Painting\",\"isPartOf\":{\"@id\":\"https:\\\/\\\/www.robertzueblin.com\\\/en\\\/#website\"},\"primaryImageOfPage\":{\"@id\":\"https:\\\/\\\/www.robertzueblin.com\\\/en\\\/sophie-de-niederhausern\\\/alpine-landscape-oil-painting\\\/#primaryimage\"},\"image\":{\"@id\":\"https:\\\/\\\/www.robertzueblin.com\\\/en\\\/sophie-de-niederhausern\\\/alpine-landscape-oil-painting\\\/#primaryimage\"},\"thumbnailUrl\":\"https:\\\/\\\/www.robertzueblin.com\\\/wp-content\\\/uploads\\\/sophie-de-niederhausern-oil-painting-alpine-landscape-photo-title.jpg\",\"datePublished\":\"2024-03-01T10:58:58+00:00\",\"dateModified\":\"2025-05-14T09:01:32+00:00\",\"description\":\"Alpine painting Oil painting by the Swiss painter Sophie de Niederhausern (Sophie de Niederh\u00e4usern), sister of Auguste de Niederh\u00e4usern (called Rodo).\",\"breadcrumb\":{\"@id\":\"https:\\\/\\\/www.robertzueblin.com\\\/en\\\/sophie-de-niederhausern\\\/alpine-landscape-oil-painting\\\/#breadcrumb\"},\"inLanguage\":\"en-US\",\"potentialAction\":[{\"@type\":\"ReadAction\",\"target\":[\"https:\\\/\\\/www.robertzueblin.com\\\/en\\\/sophie-de-niederhausern\\\/alpine-landscape-oil-painting\\\/\"]}]},{\"@type\":\"ImageObject\",\"inLanguage\":\"en-US\",\"@id\":\"https:\\\/\\\/www.robertzueblin.com\\\/en\\\/sophie-de-niederhausern\\\/alpine-landscape-oil-painting\\\/#primaryimage\",\"url\":\"https:\\\/\\\/www.robertzueblin.com\\\/wp-content\\\/uploads\\\/sophie-de-niederhausern-oil-painting-alpine-landscape-photo-title.jpg\",\"contentUrl\":\"https:\\\/\\\/www.robertzueblin.com\\\/wp-content\\\/uploads\\\/sophie-de-niederhausern-oil-painting-alpine-landscape-photo-title.jpg\",\"width\":1000,\"height\":1094},{\"@type\":\"BreadcrumbList\",\"@id\":\"https:\\\/\\\/www.robertzueblin.com\\\/en\\\/sophie-de-niederhausern\\\/alpine-landscape-oil-painting\\\/#breadcrumb\",\"itemListElement\":[{\"@type\":\"ListItem\",\"position\":1,\"name\":\"Startseite\",\"item\":\"https:\\\/\\\/www.robertzueblin.com\\\/en\\\/\"},{\"@type\":\"ListItem\",\"position\":2,\"name\":\"Online Art Gallery (Online Shop)\",\"item\":\"https:\\\/\\\/www.robertzueblin.com\\\/en\\\/online-art-gallery\\\/\"},{\"@type\":\"ListItem\",\"position\":3,\"name\":\"Sophie de NIEDERHAUSERN (* 1856, \u2020 1926) &#8211; Alpine Landscape &#8211; Oil Painting\"}]},{\"@type\":\"WebSite\",\"@id\":\"https:\\\/\\\/www.robertzueblin.com\\\/en\\\/#website\",\"url\":\"https:\\\/\\\/www.robertzueblin.com\\\/en\\\/\",\"name\":\"ROBERT Z\u00dcBLIN\",\"description\":\"\",\"publisher\":{\"@id\":\"https:\\\/\\\/www.robertzueblin.com\\\/en\\\/#organization\"},\"potentialAction\":[{\"@type\":\"SearchAction\",\"target\":{\"@type\":\"EntryPoint\",\"urlTemplate\":\"https:\\\/\\\/www.robertzueblin.com\\\/en\\\/?s={search_term_string}\"},\"query-input\":{\"@type\":\"PropertyValueSpecification\",\"valueRequired\":true,\"valueName\":\"search_term_string\"}}],\"inLanguage\":\"en-US\"},{\"@type\":\"Organization\",\"@id\":\"https:\\\/\\\/www.robertzueblin.com\\\/en\\\/#organization\",\"name\":\"ROBERT Z\u00dcBLIN\",\"url\":\"https:\\\/\\\/www.robertzueblin.com\\\/en\\\/\",\"logo\":{\"@type\":\"ImageObject\",\"inLanguage\":\"en-US\",\"@id\":\"https:\\\/\\\/www.robertzueblin.com\\\/en\\\/#\\\/schema\\\/logo\\\/image\\\/\",\"url\":\"https:\\\/\\\/www.robertzueblin.com\\\/wp-content\\\/uploads\\\/cropped-cropped-logo-von-robert-zueblin.jpg\",\"contentUrl\":\"https:\\\/\\\/www.robertzueblin.com\\\/wp-content\\\/uploads\\\/cropped-cropped-logo-von-robert-zueblin.jpg\",\"width\":440,\"height\":60,\"caption\":\"ROBERT Z\u00dcBLIN\"},\"image\":{\"@id\":\"https:\\\/\\\/www.robertzueblin.com\\\/en\\\/#\\\/schema\\\/logo\\\/image\\\/\"}}]}<\/script>\n<!-- \/ Yoast SEO plugin. -->","yoast_head_json":{"title":"Sophie de NIEDERHAUSERN - Alpine Landscape - Oil Painting","description":"Alpine painting Oil painting by the Swiss painter Sophie de Niederhausern (Sophie de Niederh\u00e4usern), sister of Auguste de Niederh\u00e4usern (called Rodo).","robots":{"index":"index","follow":"follow","max-snippet":"max-snippet:-1","max-image-preview":"max-image-preview:large","max-video-preview":"max-video-preview:-1"},"canonical":"https:\/\/www.robertzueblin.com\/en\/sophie-de-niederhausern\/alpine-landscape-oil-painting\/","og_locale":"en_US","og_type":"article","og_title":"Sophie de NIEDERHAUSERN - Alpine Landscape - Oil Painting","og_description":"Alpine painting Oil painting by the Swiss painter Sophie de Niederhausern (Sophie de Niederh\u00e4usern), sister of Auguste de Niederh\u00e4usern (called Rodo).","og_url":"https:\/\/www.robertzueblin.com\/en\/sophie-de-niederhausern\/alpine-landscape-oil-painting\/","og_site_name":"ROBERT Z\u00dcBLIN","article_modified_time":"2025-05-14T09:01:32+00:00","og_image":[{"width":1000,"height":1094,"url":"https:\/\/www.robertzueblin.com\/wp-content\/uploads\/sophie-de-niederhausern-oil-painting-alpine-landscape-photo-title.jpg","type":"image\/jpeg"}],"twitter_card":"summary_large_image","schema":{"@context":"https:\/\/schema.org","@graph":[{"@type":"WebPage","@id":"https:\/\/www.robertzueblin.com\/en\/sophie-de-niederhausern\/alpine-landscape-oil-painting\/","url":"https:\/\/www.robertzueblin.com\/en\/sophie-de-niederhausern\/alpine-landscape-oil-painting\/","name":"Sophie de NIEDERHAUSERN - Alpine Landscape - Oil Painting","isPartOf":{"@id":"https:\/\/www.robertzueblin.com\/en\/#website"},"primaryImageOfPage":{"@id":"https:\/\/www.robertzueblin.com\/en\/sophie-de-niederhausern\/alpine-landscape-oil-painting\/#primaryimage"},"image":{"@id":"https:\/\/www.robertzueblin.com\/en\/sophie-de-niederhausern\/alpine-landscape-oil-painting\/#primaryimage"},"thumbnailUrl":"https:\/\/www.robertzueblin.com\/wp-content\/uploads\/sophie-de-niederhausern-oil-painting-alpine-landscape-photo-title.jpg","datePublished":"2024-03-01T10:58:58+00:00","dateModified":"2025-05-14T09:01:32+00:00","description":"Alpine painting Oil painting by the Swiss painter Sophie de Niederhausern (Sophie de Niederh\u00e4usern), sister of Auguste de Niederh\u00e4usern (called Rodo).","breadcrumb":{"@id":"https:\/\/www.robertzueblin.com\/en\/sophie-de-niederhausern\/alpine-landscape-oil-painting\/#breadcrumb"},"inLanguage":"en-US","potentialAction":[{"@type":"ReadAction","target":["https:\/\/www.robertzueblin.com\/en\/sophie-de-niederhausern\/alpine-landscape-oil-painting\/"]}]},{"@type":"ImageObject","inLanguage":"en-US","@id":"https:\/\/www.robertzueblin.com\/en\/sophie-de-niederhausern\/alpine-landscape-oil-painting\/#primaryimage","url":"https:\/\/www.robertzueblin.com\/wp-content\/uploads\/sophie-de-niederhausern-oil-painting-alpine-landscape-photo-title.jpg","contentUrl":"https:\/\/www.robertzueblin.com\/wp-content\/uploads\/sophie-de-niederhausern-oil-painting-alpine-landscape-photo-title.jpg","width":1000,"height":1094},{"@type":"BreadcrumbList","@id":"https:\/\/www.robertzueblin.com\/en\/sophie-de-niederhausern\/alpine-landscape-oil-painting\/#breadcrumb","itemListElement":[{"@type":"ListItem","position":1,"name":"Startseite","item":"https:\/\/www.robertzueblin.com\/en\/"},{"@type":"ListItem","position":2,"name":"Online Art Gallery (Online Shop)","item":"https:\/\/www.robertzueblin.com\/en\/online-art-gallery\/"},{"@type":"ListItem","position":3,"name":"Sophie de NIEDERHAUSERN (* 1856, \u2020 1926) &#8211; Alpine Landscape &#8211; Oil Painting"}]},{"@type":"WebSite","@id":"https:\/\/www.robertzueblin.com\/en\/#website","url":"https:\/\/www.robertzueblin.com\/en\/","name":"ROBERT Z\u00dcBLIN","description":"","publisher":{"@id":"https:\/\/www.robertzueblin.com\/en\/#organization"},"potentialAction":[{"@type":"SearchAction","target":{"@type":"EntryPoint","urlTemplate":"https:\/\/www.robertzueblin.com\/en\/?s={search_term_string}"},"query-input":{"@type":"PropertyValueSpecification","valueRequired":true,"valueName":"search_term_string"}}],"inLanguage":"en-US"},{"@type":"Organization","@id":"https:\/\/www.robertzueblin.com\/en\/#organization","name":"ROBERT Z\u00dcBLIN","url":"https:\/\/www.robertzueblin.com\/en\/","logo":{"@type":"ImageObject","inLanguage":"en-US","@id":"https:\/\/www.robertzueblin.com\/en\/#\/schema\/logo\/image\/","url":"https:\/\/www.robertzueblin.com\/wp-content\/uploads\/cropped-cropped-logo-von-robert-zueblin.jpg","contentUrl":"https:\/\/www.robertzueblin.com\/wp-content\/uploads\/cropped-cropped-logo-von-robert-zueblin.jpg","width":440,"height":60,"caption":"ROBERT Z\u00dcBLIN"},"image":{"@id":"https:\/\/www.robertzueblin.com\/en\/#\/schema\/logo\/image\/"}}]}},"_links":{"self":[{"href":"https:\/\/www.robertzueblin.com\/en\/wp-json\/wp\/v2\/product\/37013","targetHints":{"allow":["GET"]}}],"collection":[{"href":"https:\/\/www.robertzueblin.com\/en\/wp-json\/wp\/v2\/product"}],"about":[{"href":"https:\/\/www.robertzueblin.com\/en\/wp-json\/wp\/v2\/types\/product"}],"wp:featuredmedia":[{"embeddable":true,"href":"https:\/\/www.robertzueblin.com\/en\/wp-json\/wp\/v2\/media\/37016"}],"wp:attachment":[{"href":"https:\/\/www.robertzueblin.com\/en\/wp-json\/wp\/v2\/media?parent=37013"}],"wp:term":[{"taxonomy":"product_brand","embeddable":true,"href":"https:\/\/www.robertzueblin.com\/en\/wp-json\/wp\/v2\/product_brand?post=37013"},{"taxonomy":"product_cat","embeddable":true,"href":"https:\/\/www.robertzueblin.com\/en\/wp-json\/wp\/v2\/product_cat?post=37013"},{"taxonomy":"product_tag","embeddable":true,"href":"https:\/\/www.robertzueblin.com\/en\/wp-json\/wp\/v2\/product_tag?post=37013"}],"curies":[{"name":"wp","href":"https:\/\/api.w.org\/{rel}","templated":true}]}}