{"id":25962,"date":"2022-05-28T12:01:55","date_gmt":"2022-05-28T10:01:55","guid":{"rendered":"https:\/\/www.robertzueblin.com\/?post_type=product&#038;p=25962"},"modified":"2025-12-20T15:54:16","modified_gmt":"2025-12-20T14:54:16","slug":"gerda-koerting-1911-%e2%80%a0-2000-vase-made-of-manganese-clay-with-wheel-decoration","status":"publish","type":"product","link":"https:\/\/www.robertzueblin.com\/en\/gerda-koerting\/vase-made-of-manganese-clay-with-wheel-decoration\/","title":{"rendered":"Gerda K\u00d6RTING (* 1911, \u2020 2000) &#8211; Vase Made of Manganese-clay with Wheel Decoration &#8211; Studio Pottery"},"content":{"rendered":"<p><span style=\"font-family: AkkoPro-BoldCondensed!important\">Type:<\/span> <a href=\"https:\/\/www.robertzueblin.com\/en\/arts\/art-pottery-studio-pottery\/\">Studio Pottery<\/a><\/p>\n<p><span style=\"font-family: AkkoPro-BoldCondensed!important\">Design:<\/span> <a href=\"https:\/\/www.robertzueblin.com\/en\/gerda-koerting\/\">Gerda K\u00f6rting<\/a> (* 1911, \u2020 2000)<\/p>\n<p><span style=\"font-family: AkkoPro-BoldCondensed!important\">Carrying out:<\/span> Gerda K\u00f6rting<\/p>\n<p><span style=\"font-family: AkkoPro-BoldCondensed!important\">Object:<\/span> vase<\/p>\n<p><span style=\"font-family: AkkoPro-BoldCondensed!important\">Dimensions:<\/span> height: 12.7 cm, width: 12 cm<\/p>\n<p><span style=\"font-family: AkkoPro-BoldCondensed!important\">Shard:<\/span> dark brown<\/p>\n<p><span style=\"font-family: AkkoPro-BoldCondensed!important\">Surface:<\/span> dark brown, red-brown<\/p>\n<p><span style=\"font-family: AkkoPro-BoldCondensed!important\">Period of manufacture:<\/span> probably 1960s\/ 1970s<\/p>\n<p><span style=\"font-family: AkkoPro-BoldCondensed!important\">Condition:<\/span> undamaged<\/p>\n<p><span style=\"font-family: AkkoPro-BoldCondensed!important\">Signature\/mark:<\/span> human figure on GK<\/p>\n<p><span style=\"font-family: AkkoPro-BoldCondensed!important\">Details:<\/span><br \/>\nThis vase made of manganese-clay by Gerda K\u00f6rting stands out because of the hole pattern on the unglazed belly of the vase, also called R\u00e4del decoration. As it is a GDR pottery, it is possible that the aim here was to save glaze material, because certain fabrics were not available in the former GDR, at least for a time.<\/p>\n<p>However, it may simply have been aesthetically intended to work with structures in the clay instead of glazing the entire ceramic, especially since other members of the Saalfeld Group (Saalfelder K\u00fcnstlergruppe), which included Gerda K\u00f6rting, Karl J\u00fcttner and Gerhard D\u00f6lz, often used the same style by working a structure into the unglazed clay in the belly area of the ceramic vases instead of glaze.<\/p>\n","protected":false},"excerpt":{"rendered":"<p>Type: Studio Pottery Design: Gerda K\u00f6rting (* 1911, \u2020 2000) Carrying out: Gerda K\u00f6rting Object: vase Dimensions: height: 12.7 cm, width: 12 cm Shard: dark brown Surface: dark brown, red-brown Period of manufacture: probably 1960s\/ 1970s Condition: undamaged Signature\/mark: human figure on GK Details: This vase made of manganese-clay by Gerda K\u00f6rting stands out because [&hellip;]<\/p>\n","protected":false},"featured_media":25966,"template":"","meta":[],"product_brand":[],"product_cat":[150],"product_tag":[],"class_list":{"0":"post-25962","1":"product","2":"type-product","3":"status-publish","4":"has-post-thumbnail","6":"product_cat-gerda-koerting","8":"first","9":"instock","10":"sold-individually","11":"shipping-taxable","12":"purchasable","13":"product-type-simple"},"yoast_head":"<!-- This site is optimized with the Yoast SEO plugin v27.4 - https:\/\/yoast.com\/product\/yoast-seo-wordpress\/ -->\n<title>Gerda K\u00d6RTING - Vase in manganese clay with wheel decoration<\/title>\n<meta name=\"description\" content=\"Studio pottery vase made of manganese without coloured glaze and with wheel decoration by the ceramist Gerda K\u00f6rting from the GDR.\" \/>\n<meta name=\"robots\" content=\"index, follow, max-snippet:-1, max-image-preview:large, max-video-preview:-1\" \/>\n<link rel=\"canonical\" href=\"https:\/\/www.robertzueblin.com\/en\/gerda-koerting\/vase-made-of-manganese-clay-with-wheel-decoration\/\" \/>\n<meta property=\"og:locale\" content=\"en_US\" \/>\n<meta property=\"og:type\" content=\"article\" \/>\n<meta property=\"og:title\" content=\"Gerda K\u00d6RTING - Vase in manganese clay with wheel decoration\" \/>\n<meta property=\"og:description\" content=\"Studio pottery vase made of manganese without coloured glaze and with wheel decoration by the ceramist Gerda K\u00f6rting from the GDR.\" \/>\n<meta property=\"og:url\" content=\"https:\/\/www.robertzueblin.com\/en\/gerda-koerting\/vase-made-of-manganese-clay-with-wheel-decoration\/\" \/>\n<meta property=\"og:site_name\" content=\"ROBERT Z\u00dcBLIN\" \/>\n<meta property=\"article:modified_time\" content=\"2025-12-20T14:54:16+00:00\" \/>\n<meta property=\"og:image\" content=\"https:\/\/www.robertzueblin.com\/wp-content\/uploads\/gerda-koerting-studio-pottery-vase-manganese-clay-wheel-decoration-photo-title.jpg\" \/>\n\t<meta property=\"og:image:width\" content=\"1000\" \/>\n\t<meta property=\"og:image:height\" content=\"1000\" \/>\n\t<meta property=\"og:image:type\" content=\"image\/jpeg\" \/>\n<meta name=\"twitter:card\" content=\"summary_large_image\" \/>\n<script type=\"application\/ld+json\" class=\"yoast-schema-graph\">{\"@context\":\"https:\\\/\\\/schema.org\",\"@graph\":[{\"@type\":\"WebPage\",\"@id\":\"https:\\\/\\\/www.robertzueblin.com\\\/en\\\/gerda-koerting\\\/vase-made-of-manganese-clay-with-wheel-decoration\\\/\",\"url\":\"https:\\\/\\\/www.robertzueblin.com\\\/en\\\/gerda-koerting\\\/vase-made-of-manganese-clay-with-wheel-decoration\\\/\",\"name\":\"Gerda K\u00d6RTING - Vase in manganese clay with wheel decoration\",\"isPartOf\":{\"@id\":\"https:\\\/\\\/www.robertzueblin.com\\\/en\\\/#website\"},\"primaryImageOfPage\":{\"@id\":\"https:\\\/\\\/www.robertzueblin.com\\\/en\\\/gerda-koerting\\\/vase-made-of-manganese-clay-with-wheel-decoration\\\/#primaryimage\"},\"image\":{\"@id\":\"https:\\\/\\\/www.robertzueblin.com\\\/en\\\/gerda-koerting\\\/vase-made-of-manganese-clay-with-wheel-decoration\\\/#primaryimage\"},\"thumbnailUrl\":\"https:\\\/\\\/www.robertzueblin.com\\\/wp-content\\\/uploads\\\/gerda-koerting-studio-pottery-vase-manganese-clay-wheel-decoration-photo-title.jpg\",\"datePublished\":\"2022-05-28T10:01:55+00:00\",\"dateModified\":\"2025-12-20T14:54:16+00:00\",\"description\":\"Studio pottery vase made of manganese without coloured glaze and with wheel decoration by the ceramist Gerda K\u00f6rting from the GDR.\",\"breadcrumb\":{\"@id\":\"https:\\\/\\\/www.robertzueblin.com\\\/en\\\/gerda-koerting\\\/vase-made-of-manganese-clay-with-wheel-decoration\\\/#breadcrumb\"},\"inLanguage\":\"en-US\",\"potentialAction\":[{\"@type\":\"ReadAction\",\"target\":[\"https:\\\/\\\/www.robertzueblin.com\\\/en\\\/gerda-koerting\\\/vase-made-of-manganese-clay-with-wheel-decoration\\\/\"]}]},{\"@type\":\"ImageObject\",\"inLanguage\":\"en-US\",\"@id\":\"https:\\\/\\\/www.robertzueblin.com\\\/en\\\/gerda-koerting\\\/vase-made-of-manganese-clay-with-wheel-decoration\\\/#primaryimage\",\"url\":\"https:\\\/\\\/www.robertzueblin.com\\\/wp-content\\\/uploads\\\/gerda-koerting-studio-pottery-vase-manganese-clay-wheel-decoration-photo-title.jpg\",\"contentUrl\":\"https:\\\/\\\/www.robertzueblin.com\\\/wp-content\\\/uploads\\\/gerda-koerting-studio-pottery-vase-manganese-clay-wheel-decoration-photo-title.jpg\",\"width\":1000,\"height\":1000},{\"@type\":\"BreadcrumbList\",\"@id\":\"https:\\\/\\\/www.robertzueblin.com\\\/en\\\/gerda-koerting\\\/vase-made-of-manganese-clay-with-wheel-decoration\\\/#breadcrumb\",\"itemListElement\":[{\"@type\":\"ListItem\",\"position\":1,\"name\":\"Startseite\",\"item\":\"https:\\\/\\\/www.robertzueblin.com\\\/en\\\/\"},{\"@type\":\"ListItem\",\"position\":2,\"name\":\"Online Art Gallery (Online Shop)\",\"item\":\"https:\\\/\\\/www.robertzueblin.com\\\/en\\\/online-art-gallery\\\/\"},{\"@type\":\"ListItem\",\"position\":3,\"name\":\"Gerda K\u00d6RTING (* 1911, \u2020 2000) &#8211; Vase Made of Manganese-clay with Wheel Decoration &#8211; Studio Pottery\"}]},{\"@type\":\"WebSite\",\"@id\":\"https:\\\/\\\/www.robertzueblin.com\\\/en\\\/#website\",\"url\":\"https:\\\/\\\/www.robertzueblin.com\\\/en\\\/\",\"name\":\"ROBERT Z\u00dcBLIN\",\"description\":\"\",\"publisher\":{\"@id\":\"https:\\\/\\\/www.robertzueblin.com\\\/en\\\/#organization\"},\"potentialAction\":[{\"@type\":\"SearchAction\",\"target\":{\"@type\":\"EntryPoint\",\"urlTemplate\":\"https:\\\/\\\/www.robertzueblin.com\\\/en\\\/?s={search_term_string}\"},\"query-input\":{\"@type\":\"PropertyValueSpecification\",\"valueRequired\":true,\"valueName\":\"search_term_string\"}}],\"inLanguage\":\"en-US\"},{\"@type\":\"Organization\",\"@id\":\"https:\\\/\\\/www.robertzueblin.com\\\/en\\\/#organization\",\"name\":\"ROBERT Z\u00dcBLIN\",\"url\":\"https:\\\/\\\/www.robertzueblin.com\\\/en\\\/\",\"logo\":{\"@type\":\"ImageObject\",\"inLanguage\":\"en-US\",\"@id\":\"https:\\\/\\\/www.robertzueblin.com\\\/en\\\/#\\\/schema\\\/logo\\\/image\\\/\",\"url\":\"https:\\\/\\\/www.robertzueblin.com\\\/wp-content\\\/uploads\\\/cropped-cropped-logo-von-robert-zueblin.jpg\",\"contentUrl\":\"https:\\\/\\\/www.robertzueblin.com\\\/wp-content\\\/uploads\\\/cropped-cropped-logo-von-robert-zueblin.jpg\",\"width\":440,\"height\":60,\"caption\":\"ROBERT Z\u00dcBLIN\"},\"image\":{\"@id\":\"https:\\\/\\\/www.robertzueblin.com\\\/en\\\/#\\\/schema\\\/logo\\\/image\\\/\"}}]}<\/script>\n<!-- \/ Yoast SEO plugin. -->","yoast_head_json":{"title":"Gerda K\u00d6RTING - Vase in manganese clay with wheel decoration","description":"Studio pottery vase made of manganese without coloured glaze and with wheel decoration by the ceramist Gerda K\u00f6rting from the GDR.","robots":{"index":"index","follow":"follow","max-snippet":"max-snippet:-1","max-image-preview":"max-image-preview:large","max-video-preview":"max-video-preview:-1"},"canonical":"https:\/\/www.robertzueblin.com\/en\/gerda-koerting\/vase-made-of-manganese-clay-with-wheel-decoration\/","og_locale":"en_US","og_type":"article","og_title":"Gerda K\u00d6RTING - Vase in manganese clay with wheel decoration","og_description":"Studio pottery vase made of manganese without coloured glaze and with wheel decoration by the ceramist Gerda K\u00f6rting from the GDR.","og_url":"https:\/\/www.robertzueblin.com\/en\/gerda-koerting\/vase-made-of-manganese-clay-with-wheel-decoration\/","og_site_name":"ROBERT Z\u00dcBLIN","article_modified_time":"2025-12-20T14:54:16+00:00","og_image":[{"width":1000,"height":1000,"url":"https:\/\/www.robertzueblin.com\/wp-content\/uploads\/gerda-koerting-studio-pottery-vase-manganese-clay-wheel-decoration-photo-title.jpg","type":"image\/jpeg"}],"twitter_card":"summary_large_image","schema":{"@context":"https:\/\/schema.org","@graph":[{"@type":"WebPage","@id":"https:\/\/www.robertzueblin.com\/en\/gerda-koerting\/vase-made-of-manganese-clay-with-wheel-decoration\/","url":"https:\/\/www.robertzueblin.com\/en\/gerda-koerting\/vase-made-of-manganese-clay-with-wheel-decoration\/","name":"Gerda K\u00d6RTING - Vase in manganese clay with wheel decoration","isPartOf":{"@id":"https:\/\/www.robertzueblin.com\/en\/#website"},"primaryImageOfPage":{"@id":"https:\/\/www.robertzueblin.com\/en\/gerda-koerting\/vase-made-of-manganese-clay-with-wheel-decoration\/#primaryimage"},"image":{"@id":"https:\/\/www.robertzueblin.com\/en\/gerda-koerting\/vase-made-of-manganese-clay-with-wheel-decoration\/#primaryimage"},"thumbnailUrl":"https:\/\/www.robertzueblin.com\/wp-content\/uploads\/gerda-koerting-studio-pottery-vase-manganese-clay-wheel-decoration-photo-title.jpg","datePublished":"2022-05-28T10:01:55+00:00","dateModified":"2025-12-20T14:54:16+00:00","description":"Studio pottery vase made of manganese without coloured glaze and with wheel decoration by the ceramist Gerda K\u00f6rting from the GDR.","breadcrumb":{"@id":"https:\/\/www.robertzueblin.com\/en\/gerda-koerting\/vase-made-of-manganese-clay-with-wheel-decoration\/#breadcrumb"},"inLanguage":"en-US","potentialAction":[{"@type":"ReadAction","target":["https:\/\/www.robertzueblin.com\/en\/gerda-koerting\/vase-made-of-manganese-clay-with-wheel-decoration\/"]}]},{"@type":"ImageObject","inLanguage":"en-US","@id":"https:\/\/www.robertzueblin.com\/en\/gerda-koerting\/vase-made-of-manganese-clay-with-wheel-decoration\/#primaryimage","url":"https:\/\/www.robertzueblin.com\/wp-content\/uploads\/gerda-koerting-studio-pottery-vase-manganese-clay-wheel-decoration-photo-title.jpg","contentUrl":"https:\/\/www.robertzueblin.com\/wp-content\/uploads\/gerda-koerting-studio-pottery-vase-manganese-clay-wheel-decoration-photo-title.jpg","width":1000,"height":1000},{"@type":"BreadcrumbList","@id":"https:\/\/www.robertzueblin.com\/en\/gerda-koerting\/vase-made-of-manganese-clay-with-wheel-decoration\/#breadcrumb","itemListElement":[{"@type":"ListItem","position":1,"name":"Startseite","item":"https:\/\/www.robertzueblin.com\/en\/"},{"@type":"ListItem","position":2,"name":"Online Art Gallery (Online Shop)","item":"https:\/\/www.robertzueblin.com\/en\/online-art-gallery\/"},{"@type":"ListItem","position":3,"name":"Gerda K\u00d6RTING (* 1911, \u2020 2000) &#8211; Vase Made of Manganese-clay with Wheel Decoration &#8211; Studio Pottery"}]},{"@type":"WebSite","@id":"https:\/\/www.robertzueblin.com\/en\/#website","url":"https:\/\/www.robertzueblin.com\/en\/","name":"ROBERT Z\u00dcBLIN","description":"","publisher":{"@id":"https:\/\/www.robertzueblin.com\/en\/#organization"},"potentialAction":[{"@type":"SearchAction","target":{"@type":"EntryPoint","urlTemplate":"https:\/\/www.robertzueblin.com\/en\/?s={search_term_string}"},"query-input":{"@type":"PropertyValueSpecification","valueRequired":true,"valueName":"search_term_string"}}],"inLanguage":"en-US"},{"@type":"Organization","@id":"https:\/\/www.robertzueblin.com\/en\/#organization","name":"ROBERT Z\u00dcBLIN","url":"https:\/\/www.robertzueblin.com\/en\/","logo":{"@type":"ImageObject","inLanguage":"en-US","@id":"https:\/\/www.robertzueblin.com\/en\/#\/schema\/logo\/image\/","url":"https:\/\/www.robertzueblin.com\/wp-content\/uploads\/cropped-cropped-logo-von-robert-zueblin.jpg","contentUrl":"https:\/\/www.robertzueblin.com\/wp-content\/uploads\/cropped-cropped-logo-von-robert-zueblin.jpg","width":440,"height":60,"caption":"ROBERT Z\u00dcBLIN"},"image":{"@id":"https:\/\/www.robertzueblin.com\/en\/#\/schema\/logo\/image\/"}}]}},"_links":{"self":[{"href":"https:\/\/www.robertzueblin.com\/en\/wp-json\/wp\/v2\/product\/25962","targetHints":{"allow":["GET"]}}],"collection":[{"href":"https:\/\/www.robertzueblin.com\/en\/wp-json\/wp\/v2\/product"}],"about":[{"href":"https:\/\/www.robertzueblin.com\/en\/wp-json\/wp\/v2\/types\/product"}],"wp:featuredmedia":[{"embeddable":true,"href":"https:\/\/www.robertzueblin.com\/en\/wp-json\/wp\/v2\/media\/25966"}],"wp:attachment":[{"href":"https:\/\/www.robertzueblin.com\/en\/wp-json\/wp\/v2\/media?parent=25962"}],"wp:term":[{"taxonomy":"product_brand","embeddable":true,"href":"https:\/\/www.robertzueblin.com\/en\/wp-json\/wp\/v2\/product_brand?post=25962"},{"taxonomy":"product_cat","embeddable":true,"href":"https:\/\/www.robertzueblin.com\/en\/wp-json\/wp\/v2\/product_cat?post=25962"},{"taxonomy":"product_tag","embeddable":true,"href":"https:\/\/www.robertzueblin.com\/en\/wp-json\/wp\/v2\/product_tag?post=25962"}],"curies":[{"name":"wp","href":"https:\/\/api.w.org\/{rel}","templated":true}]}}