{"id":1848,"date":"2021-10-09T10:41:07","date_gmt":"2021-10-09T08:41:07","guid":{"rendered":"https:\/\/www.robertzueblin.com\/?post_type=product&#038;p=1848"},"modified":"2025-08-29T18:09:35","modified_gmt":"2025-08-29T16:09:35","slug":"stephan-erdoes-1906-%e2%80%a0-1956-vase-early-1950s","status":"publish","type":"product","link":"https:\/\/www.robertzueblin.com\/en\/stephan-erdoes\/vase-early-1950s\/","title":{"rendered":"Stephan ERD\u00d6S (* 1906, \u2020 1956) \u2013 Vase (early 1950s) &#8211; Studio Pottery"},"content":{"rendered":"<p><span style=\"font-family: AkkoPro-BoldCondensed!important\">Type:<\/span> <a href=\"https:\/\/www.robertzueblin.com\/en\/arts\/art-pottery-studio-pottery\/\">Studio Pottery<\/a><\/p>\n<p><span style=\"font-family: AkkoPro-BoldCondensed!important\">Design:<\/span> <a href=\"https:\/\/www.robertzueblin.com\/en\/stephan-erdoes\/\">Stephan Erd\u00f6s<\/a> (* 1906, \u2020 1956)<\/p>\n<p><span style=\"font-family: AkkoPro-BoldCondensed!important\">Carrying out:<\/span> Studio community Erd\u00f6s<\/p>\n<p><span style=\"font-family: AkkoPro-BoldCondensed!important\">Object:<\/span> Vase<\/p>\n<p><span style=\"font-family: AkkoPro-BoldCondensed!important\">Dimensions:<\/span> Height: 8.5 cm, Diameter: 13 cm<\/p>\n<p><span style=\"font-family: AkkoPro-BoldCondensed!important\">Shard:<\/span> dark gray-brown<\/p>\n<p><span style=\"font-family: AkkoPro-BoldCondensed!important\">Surface:<\/span> green, red<\/p>\n<p><span style=\"font-family: AkkoPro-BoldCondensed!important\">Manufacture period:<\/span> early 1950s<\/p>\n<p><span style=\"font-family: AkkoPro-BoldCondensed!important\">Condition:<\/span> undamaged<\/p>\n<p><span style=\"font-family: AkkoPro-BoldCondensed!important\">Signature\/mark:<\/span> SiEM 3405<\/p>\n<p><span style=\"font-family: AkkoPro-BoldCondensed!important\">Details:<\/span><br \/>\nThrown ceramic vase from the studio community Stephan Erd\u00f6s and Ida Erd\u00f6s-Meisinger. Since Ida Erd\u00f6s was mainly engaged with the production of ceramic sculptures, especially figures, this vase is most probably made by her husband Stephan Erd\u00f6s. The potter Stephan Erd\u00f6s concentrated exclusively on vessel ceramics and carried out glaze experiments [1].<\/p>\n<p>In addition to the stamp SiEM the number 3405 is written under the stand. The comparison with similar pieces [2] and the form point to an origin of the vase in the early 1950s.<\/p>\n<p><em>Footnotes:<\/em><br \/>\n1. Reineking v. Bock, Gisela: Keramik des 20. Jahrhunderts, Deutschland, M\u00fcnchen 1979, pp. 140-141.<br \/>\n2. Spielmann, Heinz: Europ\u00e4ische Keramik seit 1950, Sammlung Dr. Hans Thiemann, Ein Bestandskatalog, Hamburg 1979, pp. 130f.<\/p>\n","protected":false},"excerpt":{"rendered":"<p><span style=\"color: #e2401c\">&#x25cf;<\/span><span> sold<\/span><\/p>\n","protected":false},"featured_media":1970,"template":"","meta":[],"product_brand":[],"product_cat":[117],"product_tag":[],"class_list":{"0":"post-1848","1":"product","2":"type-product","3":"status-publish","4":"has-post-thumbnail","6":"product_cat-stephan-erdoes","8":"first","9":"outofstock","10":"shipping-taxable","11":"product-type-simple"},"yoast_head":"<!-- This site is optimized with the Yoast SEO plugin v27.4 - https:\/\/yoast.com\/product\/yoast-seo-wordpress\/ -->\n<title>Stephan ERD\u00d6S (* 1906, \u2020 1956) \u2013 Vase (early 1950s)<\/title>\n<meta name=\"description\" content=\"Studio pottery vase in green and red by Stephan Erd\u00f6s, who studied at the University of Applied Arts in Vienna and had a studio with Ida Erd\u00f6s-Meisinger.\" \/>\n<meta name=\"robots\" content=\"index, follow, max-snippet:-1, max-image-preview:large, max-video-preview:-1\" \/>\n<link rel=\"canonical\" href=\"https:\/\/www.robertzueblin.com\/en\/stephan-erdoes\/vase-early-1950s\/\" \/>\n<meta property=\"og:locale\" content=\"en_US\" \/>\n<meta property=\"og:type\" content=\"article\" \/>\n<meta property=\"og:title\" content=\"Stephan ERD\u00d6S (* 1906, \u2020 1956) \u2013 Vase (early 1950s)\" \/>\n<meta property=\"og:description\" content=\"Studio pottery vase in green and red by Stephan Erd\u00f6s, who studied at the University of Applied Arts in Vienna and had a studio with Ida Erd\u00f6s-Meisinger.\" \/>\n<meta property=\"og:url\" content=\"https:\/\/www.robertzueblin.com\/en\/stephan-erdoes\/vase-early-1950s\/\" \/>\n<meta property=\"og:site_name\" content=\"ROBERT Z\u00dcBLIN\" \/>\n<meta property=\"article:modified_time\" content=\"2025-08-29T16:09:35+00:00\" \/>\n<meta property=\"og:image\" content=\"https:\/\/www.robertzueblin.com\/wp-content\/uploads\/stephan-erdoes-pottery-vase-early-1950s-title-photo.jpg\" \/>\n\t<meta property=\"og:image:width\" content=\"1000\" \/>\n\t<meta property=\"og:image:height\" content=\"1000\" \/>\n\t<meta property=\"og:image:type\" content=\"image\/jpeg\" \/>\n<meta name=\"twitter:card\" content=\"summary_large_image\" \/>\n<script type=\"application\/ld+json\" class=\"yoast-schema-graph\">{\"@context\":\"https:\\\/\\\/schema.org\",\"@graph\":[{\"@type\":\"WebPage\",\"@id\":\"https:\\\/\\\/www.robertzueblin.com\\\/en\\\/stephan-erdoes\\\/vase-early-1950s\\\/\",\"url\":\"https:\\\/\\\/www.robertzueblin.com\\\/en\\\/stephan-erdoes\\\/vase-early-1950s\\\/\",\"name\":\"Stephan ERD\u00d6S (* 1906, \u2020 1956) \u2013 Vase (early 1950s)\",\"isPartOf\":{\"@id\":\"https:\\\/\\\/www.robertzueblin.com\\\/en\\\/#website\"},\"primaryImageOfPage\":{\"@id\":\"https:\\\/\\\/www.robertzueblin.com\\\/en\\\/stephan-erdoes\\\/vase-early-1950s\\\/#primaryimage\"},\"image\":{\"@id\":\"https:\\\/\\\/www.robertzueblin.com\\\/en\\\/stephan-erdoes\\\/vase-early-1950s\\\/#primaryimage\"},\"thumbnailUrl\":\"https:\\\/\\\/www.robertzueblin.com\\\/wp-content\\\/uploads\\\/stephan-erdoes-pottery-vase-early-1950s-title-photo.jpg\",\"datePublished\":\"2021-10-09T08:41:07+00:00\",\"dateModified\":\"2025-08-29T16:09:35+00:00\",\"description\":\"Studio pottery vase in green and red by Stephan Erd\u00f6s, who studied at the University of Applied Arts in Vienna and had a studio with Ida Erd\u00f6s-Meisinger.\",\"breadcrumb\":{\"@id\":\"https:\\\/\\\/www.robertzueblin.com\\\/en\\\/stephan-erdoes\\\/vase-early-1950s\\\/#breadcrumb\"},\"inLanguage\":\"en-US\",\"potentialAction\":[{\"@type\":\"ReadAction\",\"target\":[\"https:\\\/\\\/www.robertzueblin.com\\\/en\\\/stephan-erdoes\\\/vase-early-1950s\\\/\"]}]},{\"@type\":\"ImageObject\",\"inLanguage\":\"en-US\",\"@id\":\"https:\\\/\\\/www.robertzueblin.com\\\/en\\\/stephan-erdoes\\\/vase-early-1950s\\\/#primaryimage\",\"url\":\"https:\\\/\\\/www.robertzueblin.com\\\/wp-content\\\/uploads\\\/stephan-erdoes-pottery-vase-early-1950s-title-photo.jpg\",\"contentUrl\":\"https:\\\/\\\/www.robertzueblin.com\\\/wp-content\\\/uploads\\\/stephan-erdoes-pottery-vase-early-1950s-title-photo.jpg\",\"width\":1000,\"height\":1000},{\"@type\":\"BreadcrumbList\",\"@id\":\"https:\\\/\\\/www.robertzueblin.com\\\/en\\\/stephan-erdoes\\\/vase-early-1950s\\\/#breadcrumb\",\"itemListElement\":[{\"@type\":\"ListItem\",\"position\":1,\"name\":\"Startseite\",\"item\":\"https:\\\/\\\/www.robertzueblin.com\\\/en\\\/\"},{\"@type\":\"ListItem\",\"position\":2,\"name\":\"Online Art Gallery (Online Shop)\",\"item\":\"https:\\\/\\\/www.robertzueblin.com\\\/en\\\/online-art-gallery\\\/\"},{\"@type\":\"ListItem\",\"position\":3,\"name\":\"Stephan ERD\u00d6S (* 1906, \u2020 1956) \u2013 Vase (early 1950s) &#8211; Studio Pottery\"}]},{\"@type\":\"WebSite\",\"@id\":\"https:\\\/\\\/www.robertzueblin.com\\\/en\\\/#website\",\"url\":\"https:\\\/\\\/www.robertzueblin.com\\\/en\\\/\",\"name\":\"ROBERT Z\u00dcBLIN\",\"description\":\"\",\"publisher\":{\"@id\":\"https:\\\/\\\/www.robertzueblin.com\\\/en\\\/#organization\"},\"potentialAction\":[{\"@type\":\"SearchAction\",\"target\":{\"@type\":\"EntryPoint\",\"urlTemplate\":\"https:\\\/\\\/www.robertzueblin.com\\\/en\\\/?s={search_term_string}\"},\"query-input\":{\"@type\":\"PropertyValueSpecification\",\"valueRequired\":true,\"valueName\":\"search_term_string\"}}],\"inLanguage\":\"en-US\"},{\"@type\":\"Organization\",\"@id\":\"https:\\\/\\\/www.robertzueblin.com\\\/en\\\/#organization\",\"name\":\"ROBERT Z\u00dcBLIN\",\"url\":\"https:\\\/\\\/www.robertzueblin.com\\\/en\\\/\",\"logo\":{\"@type\":\"ImageObject\",\"inLanguage\":\"en-US\",\"@id\":\"https:\\\/\\\/www.robertzueblin.com\\\/en\\\/#\\\/schema\\\/logo\\\/image\\\/\",\"url\":\"https:\\\/\\\/www.robertzueblin.com\\\/wp-content\\\/uploads\\\/cropped-cropped-logo-von-robert-zueblin.jpg\",\"contentUrl\":\"https:\\\/\\\/www.robertzueblin.com\\\/wp-content\\\/uploads\\\/cropped-cropped-logo-von-robert-zueblin.jpg\",\"width\":440,\"height\":60,\"caption\":\"ROBERT Z\u00dcBLIN\"},\"image\":{\"@id\":\"https:\\\/\\\/www.robertzueblin.com\\\/en\\\/#\\\/schema\\\/logo\\\/image\\\/\"}}]}<\/script>\n<!-- \/ Yoast SEO plugin. -->","yoast_head_json":{"title":"Stephan ERD\u00d6S (* 1906, \u2020 1956) \u2013 Vase (early 1950s)","description":"Studio pottery vase in green and red by Stephan Erd\u00f6s, who studied at the University of Applied Arts in Vienna and had a studio with Ida Erd\u00f6s-Meisinger.","robots":{"index":"index","follow":"follow","max-snippet":"max-snippet:-1","max-image-preview":"max-image-preview:large","max-video-preview":"max-video-preview:-1"},"canonical":"https:\/\/www.robertzueblin.com\/en\/stephan-erdoes\/vase-early-1950s\/","og_locale":"en_US","og_type":"article","og_title":"Stephan ERD\u00d6S (* 1906, \u2020 1956) \u2013 Vase (early 1950s)","og_description":"Studio pottery vase in green and red by Stephan Erd\u00f6s, who studied at the University of Applied Arts in Vienna and had a studio with Ida Erd\u00f6s-Meisinger.","og_url":"https:\/\/www.robertzueblin.com\/en\/stephan-erdoes\/vase-early-1950s\/","og_site_name":"ROBERT Z\u00dcBLIN","article_modified_time":"2025-08-29T16:09:35+00:00","og_image":[{"width":1000,"height":1000,"url":"https:\/\/www.robertzueblin.com\/wp-content\/uploads\/stephan-erdoes-pottery-vase-early-1950s-title-photo.jpg","type":"image\/jpeg"}],"twitter_card":"summary_large_image","schema":{"@context":"https:\/\/schema.org","@graph":[{"@type":"WebPage","@id":"https:\/\/www.robertzueblin.com\/en\/stephan-erdoes\/vase-early-1950s\/","url":"https:\/\/www.robertzueblin.com\/en\/stephan-erdoes\/vase-early-1950s\/","name":"Stephan ERD\u00d6S (* 1906, \u2020 1956) \u2013 Vase (early 1950s)","isPartOf":{"@id":"https:\/\/www.robertzueblin.com\/en\/#website"},"primaryImageOfPage":{"@id":"https:\/\/www.robertzueblin.com\/en\/stephan-erdoes\/vase-early-1950s\/#primaryimage"},"image":{"@id":"https:\/\/www.robertzueblin.com\/en\/stephan-erdoes\/vase-early-1950s\/#primaryimage"},"thumbnailUrl":"https:\/\/www.robertzueblin.com\/wp-content\/uploads\/stephan-erdoes-pottery-vase-early-1950s-title-photo.jpg","datePublished":"2021-10-09T08:41:07+00:00","dateModified":"2025-08-29T16:09:35+00:00","description":"Studio pottery vase in green and red by Stephan Erd\u00f6s, who studied at the University of Applied Arts in Vienna and had a studio with Ida Erd\u00f6s-Meisinger.","breadcrumb":{"@id":"https:\/\/www.robertzueblin.com\/en\/stephan-erdoes\/vase-early-1950s\/#breadcrumb"},"inLanguage":"en-US","potentialAction":[{"@type":"ReadAction","target":["https:\/\/www.robertzueblin.com\/en\/stephan-erdoes\/vase-early-1950s\/"]}]},{"@type":"ImageObject","inLanguage":"en-US","@id":"https:\/\/www.robertzueblin.com\/en\/stephan-erdoes\/vase-early-1950s\/#primaryimage","url":"https:\/\/www.robertzueblin.com\/wp-content\/uploads\/stephan-erdoes-pottery-vase-early-1950s-title-photo.jpg","contentUrl":"https:\/\/www.robertzueblin.com\/wp-content\/uploads\/stephan-erdoes-pottery-vase-early-1950s-title-photo.jpg","width":1000,"height":1000},{"@type":"BreadcrumbList","@id":"https:\/\/www.robertzueblin.com\/en\/stephan-erdoes\/vase-early-1950s\/#breadcrumb","itemListElement":[{"@type":"ListItem","position":1,"name":"Startseite","item":"https:\/\/www.robertzueblin.com\/en\/"},{"@type":"ListItem","position":2,"name":"Online Art Gallery (Online Shop)","item":"https:\/\/www.robertzueblin.com\/en\/online-art-gallery\/"},{"@type":"ListItem","position":3,"name":"Stephan ERD\u00d6S (* 1906, \u2020 1956) \u2013 Vase (early 1950s) &#8211; Studio Pottery"}]},{"@type":"WebSite","@id":"https:\/\/www.robertzueblin.com\/en\/#website","url":"https:\/\/www.robertzueblin.com\/en\/","name":"ROBERT Z\u00dcBLIN","description":"","publisher":{"@id":"https:\/\/www.robertzueblin.com\/en\/#organization"},"potentialAction":[{"@type":"SearchAction","target":{"@type":"EntryPoint","urlTemplate":"https:\/\/www.robertzueblin.com\/en\/?s={search_term_string}"},"query-input":{"@type":"PropertyValueSpecification","valueRequired":true,"valueName":"search_term_string"}}],"inLanguage":"en-US"},{"@type":"Organization","@id":"https:\/\/www.robertzueblin.com\/en\/#organization","name":"ROBERT Z\u00dcBLIN","url":"https:\/\/www.robertzueblin.com\/en\/","logo":{"@type":"ImageObject","inLanguage":"en-US","@id":"https:\/\/www.robertzueblin.com\/en\/#\/schema\/logo\/image\/","url":"https:\/\/www.robertzueblin.com\/wp-content\/uploads\/cropped-cropped-logo-von-robert-zueblin.jpg","contentUrl":"https:\/\/www.robertzueblin.com\/wp-content\/uploads\/cropped-cropped-logo-von-robert-zueblin.jpg","width":440,"height":60,"caption":"ROBERT Z\u00dcBLIN"},"image":{"@id":"https:\/\/www.robertzueblin.com\/en\/#\/schema\/logo\/image\/"}}]}},"_links":{"self":[{"href":"https:\/\/www.robertzueblin.com\/en\/wp-json\/wp\/v2\/product\/1848","targetHints":{"allow":["GET"]}}],"collection":[{"href":"https:\/\/www.robertzueblin.com\/en\/wp-json\/wp\/v2\/product"}],"about":[{"href":"https:\/\/www.robertzueblin.com\/en\/wp-json\/wp\/v2\/types\/product"}],"wp:featuredmedia":[{"embeddable":true,"href":"https:\/\/www.robertzueblin.com\/en\/wp-json\/wp\/v2\/media\/1970"}],"wp:attachment":[{"href":"https:\/\/www.robertzueblin.com\/en\/wp-json\/wp\/v2\/media?parent=1848"}],"wp:term":[{"taxonomy":"product_brand","embeddable":true,"href":"https:\/\/www.robertzueblin.com\/en\/wp-json\/wp\/v2\/product_brand?post=1848"},{"taxonomy":"product_cat","embeddable":true,"href":"https:\/\/www.robertzueblin.com\/en\/wp-json\/wp\/v2\/product_cat?post=1848"},{"taxonomy":"product_tag","embeddable":true,"href":"https:\/\/www.robertzueblin.com\/en\/wp-json\/wp\/v2\/product_tag?post=1848"}],"curies":[{"name":"wp","href":"https:\/\/api.w.org\/{rel}","templated":true}]}}