{"id":1134,"date":"2021-09-27T21:22:49","date_gmt":"2021-09-27T19:22:49","guid":{"rendered":"https:\/\/www.robertzueblin.com\/?post_type=product&#038;p=1134"},"modified":"2025-12-20T17:28:01","modified_gmt":"2025-12-20T16:28:01","slug":"gerhard-doelz-1926-%e2%80%a0-2007-green-vase-with-structure","status":"publish","type":"product","link":"https:\/\/www.robertzueblin.com\/en\/gerhard-doelz\/green-vase-with-structure\/","title":{"rendered":"Gerhard D\u00d6LZ (* 1926, \u2020 2007) &#8211; Green Vase with Structure &#8211; Studio Pottery"},"content":{"rendered":"<p><span style=\"font-family: AkkoPro-BoldCondensed!important\">Type:<\/span> <a href=\"https:\/\/www.robertzueblin.com\/en\/arts\/art-pottery-studio-pottery\/\">Studio Pottery<\/a><\/p>\n<p><span style=\"font-family: AkkoPro-BoldCondensed!important\">Design:<\/span> Gerhard D\u00f6lz (* 1926, \u2020 2007)<\/p>\n<p><span style=\"font-family: AkkoPro-BoldCondensed!important\">Carrying out:<\/span> Gerhard D\u00f6lz (* 1926, \u2020 2007)<\/p>\n<p><span style=\"font-family: AkkoPro-BoldCondensed!important\">Object:<\/span> Vase<\/p>\n<p><span style=\"font-family: AkkoPro-BoldCondensed!important\">Dimensions:<\/span> Height: 18.5 cm, Width: 11.5 cm<\/p>\n<p><span style=\"font-family: AkkoPro-BoldCondensed!important\">Shard:<\/span> dark<\/p>\n<p><span style=\"font-family: AkkoPro-BoldCondensed!important\">Surface:<\/span> green, brown, white, blue<\/p>\n<p><span style=\"font-family: AkkoPro-BoldCondensed!important\">Year of Manufacture:<\/span> probably 1970s<\/p>\n<p><span style=\"font-family: AkkoPro-BoldCondensed!important\">Condition:<\/span> undamaged (there is a small glaze flaw at the outer edge of the mouth, but in my opinion it was caused by a burst bubble during production)<\/p>\n<p><span style=\"font-family: AkkoPro-BoldCondensed!important\">Signature\/mark:<\/span> GD<\/p>\n<p><span style=\"font-family: AkkoPro-BoldCondensed!important\">Details:<\/span><br \/>\nLike Gerda K\u00f6rting and Karl J\u00fcttner, the GDR ceramist Gerhard D\u00f6lz belongs to the Saalfeld group of artists. This vase here is probably a piece of GDR pottery which, given its form in the style of brutalism, was probably created in the 1970s.<\/p>\n","protected":false},"excerpt":{"rendered":"<p>Type: Studio Pottery Design: Gerhard D\u00f6lz (* 1926, \u2020 2007) Carrying out: Gerhard D\u00f6lz (* 1926, \u2020 2007) Object: Vase Dimensions: Height: 18.5 cm, Width: 11.5 cm Shard: dark Surface: green, brown, white, blue Year of Manufacture: probably 1970s Condition: undamaged (there is a small glaze flaw at the outer edge of the mouth, but [&hellip;]<\/p>\n","protected":false},"featured_media":1233,"template":"","meta":[],"product_brand":[],"product_cat":[91],"product_tag":[],"class_list":{"0":"post-1134","1":"product","2":"type-product","3":"status-publish","4":"has-post-thumbnail","6":"product_cat-gerhard-doelz","8":"first","9":"instock","10":"sold-individually","11":"shipping-taxable","12":"purchasable","13":"product-type-simple"},"yoast_head":"<!-- This site is optimized with the Yoast SEO plugin v27.4 - https:\/\/yoast.com\/product\/yoast-seo-wordpress\/ -->\n<title>Gerhard D\u00f6lz - green vase with structure - Studio Pottery<\/title>\n<meta name=\"description\" content=\"Pottery by one of the most famous GDR ceramists Gerhard D\u00f6lz, a former member of the Saalfeld artist group. Vase in the style of brutalism.\" \/>\n<meta name=\"robots\" content=\"index, follow, max-snippet:-1, max-image-preview:large, max-video-preview:-1\" \/>\n<link rel=\"canonical\" href=\"https:\/\/www.robertzueblin.com\/en\/gerhard-doelz\/green-vase-with-structure\/\" \/>\n<meta property=\"og:locale\" content=\"en_US\" \/>\n<meta property=\"og:type\" content=\"article\" \/>\n<meta property=\"og:title\" content=\"Gerhard D\u00f6lz - green vase with structure - Studio Pottery\" \/>\n<meta property=\"og:description\" content=\"Pottery by one of the most famous GDR ceramists Gerhard D\u00f6lz, a former member of the Saalfeld artist group. Vase in the style of brutalism.\" \/>\n<meta property=\"og:url\" content=\"https:\/\/www.robertzueblin.com\/en\/gerhard-doelz\/green-vase-with-structure\/\" \/>\n<meta property=\"og:site_name\" content=\"ROBERT Z\u00dcBLIN\" \/>\n<meta property=\"article:modified_time\" content=\"2025-12-20T16:28:01+00:00\" \/>\n<meta property=\"og:image\" content=\"https:\/\/www.robertzueblin.com\/wp-content\/uploads\/gerhard-doelz-gdr-pottery-vase-green-brutalism.jpg\" \/>\n\t<meta property=\"og:image:width\" content=\"1080\" \/>\n\t<meta property=\"og:image:height\" content=\"1080\" \/>\n\t<meta property=\"og:image:type\" content=\"image\/jpeg\" \/>\n<meta name=\"twitter:card\" content=\"summary_large_image\" \/>\n<script type=\"application\/ld+json\" class=\"yoast-schema-graph\">{\"@context\":\"https:\\\/\\\/schema.org\",\"@graph\":[{\"@type\":\"WebPage\",\"@id\":\"https:\\\/\\\/www.robertzueblin.com\\\/en\\\/gerhard-doelz\\\/green-vase-with-structure\\\/\",\"url\":\"https:\\\/\\\/www.robertzueblin.com\\\/en\\\/gerhard-doelz\\\/green-vase-with-structure\\\/\",\"name\":\"Gerhard D\u00f6lz - green vase with structure - Studio Pottery\",\"isPartOf\":{\"@id\":\"https:\\\/\\\/www.robertzueblin.com\\\/en\\\/#website\"},\"primaryImageOfPage\":{\"@id\":\"https:\\\/\\\/www.robertzueblin.com\\\/en\\\/gerhard-doelz\\\/green-vase-with-structure\\\/#primaryimage\"},\"image\":{\"@id\":\"https:\\\/\\\/www.robertzueblin.com\\\/en\\\/gerhard-doelz\\\/green-vase-with-structure\\\/#primaryimage\"},\"thumbnailUrl\":\"https:\\\/\\\/www.robertzueblin.com\\\/wp-content\\\/uploads\\\/gerhard-doelz-gdr-pottery-vase-green-brutalism.jpg\",\"datePublished\":\"2021-09-27T19:22:49+00:00\",\"dateModified\":\"2025-12-20T16:28:01+00:00\",\"description\":\"Pottery by one of the most famous GDR ceramists Gerhard D\u00f6lz, a former member of the Saalfeld artist group. Vase in the style of brutalism.\",\"breadcrumb\":{\"@id\":\"https:\\\/\\\/www.robertzueblin.com\\\/en\\\/gerhard-doelz\\\/green-vase-with-structure\\\/#breadcrumb\"},\"inLanguage\":\"en-US\",\"potentialAction\":[{\"@type\":\"ReadAction\",\"target\":[\"https:\\\/\\\/www.robertzueblin.com\\\/en\\\/gerhard-doelz\\\/green-vase-with-structure\\\/\"]}]},{\"@type\":\"ImageObject\",\"inLanguage\":\"en-US\",\"@id\":\"https:\\\/\\\/www.robertzueblin.com\\\/en\\\/gerhard-doelz\\\/green-vase-with-structure\\\/#primaryimage\",\"url\":\"https:\\\/\\\/www.robertzueblin.com\\\/wp-content\\\/uploads\\\/gerhard-doelz-gdr-pottery-vase-green-brutalism.jpg\",\"contentUrl\":\"https:\\\/\\\/www.robertzueblin.com\\\/wp-content\\\/uploads\\\/gerhard-doelz-gdr-pottery-vase-green-brutalism.jpg\",\"width\":1080,\"height\":1080},{\"@type\":\"BreadcrumbList\",\"@id\":\"https:\\\/\\\/www.robertzueblin.com\\\/en\\\/gerhard-doelz\\\/green-vase-with-structure\\\/#breadcrumb\",\"itemListElement\":[{\"@type\":\"ListItem\",\"position\":1,\"name\":\"Startseite\",\"item\":\"https:\\\/\\\/www.robertzueblin.com\\\/en\\\/\"},{\"@type\":\"ListItem\",\"position\":2,\"name\":\"Online Art Gallery (Online Shop)\",\"item\":\"https:\\\/\\\/www.robertzueblin.com\\\/en\\\/online-art-gallery\\\/\"},{\"@type\":\"ListItem\",\"position\":3,\"name\":\"Gerhard D\u00d6LZ (* 1926, \u2020 2007) &#8211; Green Vase with Structure &#8211; Studio Pottery\"}]},{\"@type\":\"WebSite\",\"@id\":\"https:\\\/\\\/www.robertzueblin.com\\\/en\\\/#website\",\"url\":\"https:\\\/\\\/www.robertzueblin.com\\\/en\\\/\",\"name\":\"ROBERT Z\u00dcBLIN\",\"description\":\"\",\"publisher\":{\"@id\":\"https:\\\/\\\/www.robertzueblin.com\\\/en\\\/#organization\"},\"potentialAction\":[{\"@type\":\"SearchAction\",\"target\":{\"@type\":\"EntryPoint\",\"urlTemplate\":\"https:\\\/\\\/www.robertzueblin.com\\\/en\\\/?s={search_term_string}\"},\"query-input\":{\"@type\":\"PropertyValueSpecification\",\"valueRequired\":true,\"valueName\":\"search_term_string\"}}],\"inLanguage\":\"en-US\"},{\"@type\":\"Organization\",\"@id\":\"https:\\\/\\\/www.robertzueblin.com\\\/en\\\/#organization\",\"name\":\"ROBERT Z\u00dcBLIN\",\"url\":\"https:\\\/\\\/www.robertzueblin.com\\\/en\\\/\",\"logo\":{\"@type\":\"ImageObject\",\"inLanguage\":\"en-US\",\"@id\":\"https:\\\/\\\/www.robertzueblin.com\\\/en\\\/#\\\/schema\\\/logo\\\/image\\\/\",\"url\":\"https:\\\/\\\/www.robertzueblin.com\\\/wp-content\\\/uploads\\\/cropped-cropped-logo-von-robert-zueblin.jpg\",\"contentUrl\":\"https:\\\/\\\/www.robertzueblin.com\\\/wp-content\\\/uploads\\\/cropped-cropped-logo-von-robert-zueblin.jpg\",\"width\":440,\"height\":60,\"caption\":\"ROBERT Z\u00dcBLIN\"},\"image\":{\"@id\":\"https:\\\/\\\/www.robertzueblin.com\\\/en\\\/#\\\/schema\\\/logo\\\/image\\\/\"}}]}<\/script>\n<!-- \/ Yoast SEO plugin. -->","yoast_head_json":{"title":"Gerhard D\u00f6lz - green vase with structure - Studio Pottery","description":"Pottery by one of the most famous GDR ceramists Gerhard D\u00f6lz, a former member of the Saalfeld artist group. Vase in the style of brutalism.","robots":{"index":"index","follow":"follow","max-snippet":"max-snippet:-1","max-image-preview":"max-image-preview:large","max-video-preview":"max-video-preview:-1"},"canonical":"https:\/\/www.robertzueblin.com\/en\/gerhard-doelz\/green-vase-with-structure\/","og_locale":"en_US","og_type":"article","og_title":"Gerhard D\u00f6lz - green vase with structure - Studio Pottery","og_description":"Pottery by one of the most famous GDR ceramists Gerhard D\u00f6lz, a former member of the Saalfeld artist group. Vase in the style of brutalism.","og_url":"https:\/\/www.robertzueblin.com\/en\/gerhard-doelz\/green-vase-with-structure\/","og_site_name":"ROBERT Z\u00dcBLIN","article_modified_time":"2025-12-20T16:28:01+00:00","og_image":[{"width":1080,"height":1080,"url":"https:\/\/www.robertzueblin.com\/wp-content\/uploads\/gerhard-doelz-gdr-pottery-vase-green-brutalism.jpg","type":"image\/jpeg"}],"twitter_card":"summary_large_image","schema":{"@context":"https:\/\/schema.org","@graph":[{"@type":"WebPage","@id":"https:\/\/www.robertzueblin.com\/en\/gerhard-doelz\/green-vase-with-structure\/","url":"https:\/\/www.robertzueblin.com\/en\/gerhard-doelz\/green-vase-with-structure\/","name":"Gerhard D\u00f6lz - green vase with structure - Studio Pottery","isPartOf":{"@id":"https:\/\/www.robertzueblin.com\/en\/#website"},"primaryImageOfPage":{"@id":"https:\/\/www.robertzueblin.com\/en\/gerhard-doelz\/green-vase-with-structure\/#primaryimage"},"image":{"@id":"https:\/\/www.robertzueblin.com\/en\/gerhard-doelz\/green-vase-with-structure\/#primaryimage"},"thumbnailUrl":"https:\/\/www.robertzueblin.com\/wp-content\/uploads\/gerhard-doelz-gdr-pottery-vase-green-brutalism.jpg","datePublished":"2021-09-27T19:22:49+00:00","dateModified":"2025-12-20T16:28:01+00:00","description":"Pottery by one of the most famous GDR ceramists Gerhard D\u00f6lz, a former member of the Saalfeld artist group. Vase in the style of brutalism.","breadcrumb":{"@id":"https:\/\/www.robertzueblin.com\/en\/gerhard-doelz\/green-vase-with-structure\/#breadcrumb"},"inLanguage":"en-US","potentialAction":[{"@type":"ReadAction","target":["https:\/\/www.robertzueblin.com\/en\/gerhard-doelz\/green-vase-with-structure\/"]}]},{"@type":"ImageObject","inLanguage":"en-US","@id":"https:\/\/www.robertzueblin.com\/en\/gerhard-doelz\/green-vase-with-structure\/#primaryimage","url":"https:\/\/www.robertzueblin.com\/wp-content\/uploads\/gerhard-doelz-gdr-pottery-vase-green-brutalism.jpg","contentUrl":"https:\/\/www.robertzueblin.com\/wp-content\/uploads\/gerhard-doelz-gdr-pottery-vase-green-brutalism.jpg","width":1080,"height":1080},{"@type":"BreadcrumbList","@id":"https:\/\/www.robertzueblin.com\/en\/gerhard-doelz\/green-vase-with-structure\/#breadcrumb","itemListElement":[{"@type":"ListItem","position":1,"name":"Startseite","item":"https:\/\/www.robertzueblin.com\/en\/"},{"@type":"ListItem","position":2,"name":"Online Art Gallery (Online Shop)","item":"https:\/\/www.robertzueblin.com\/en\/online-art-gallery\/"},{"@type":"ListItem","position":3,"name":"Gerhard D\u00d6LZ (* 1926, \u2020 2007) &#8211; Green Vase with Structure &#8211; Studio Pottery"}]},{"@type":"WebSite","@id":"https:\/\/www.robertzueblin.com\/en\/#website","url":"https:\/\/www.robertzueblin.com\/en\/","name":"ROBERT Z\u00dcBLIN","description":"","publisher":{"@id":"https:\/\/www.robertzueblin.com\/en\/#organization"},"potentialAction":[{"@type":"SearchAction","target":{"@type":"EntryPoint","urlTemplate":"https:\/\/www.robertzueblin.com\/en\/?s={search_term_string}"},"query-input":{"@type":"PropertyValueSpecification","valueRequired":true,"valueName":"search_term_string"}}],"inLanguage":"en-US"},{"@type":"Organization","@id":"https:\/\/www.robertzueblin.com\/en\/#organization","name":"ROBERT Z\u00dcBLIN","url":"https:\/\/www.robertzueblin.com\/en\/","logo":{"@type":"ImageObject","inLanguage":"en-US","@id":"https:\/\/www.robertzueblin.com\/en\/#\/schema\/logo\/image\/","url":"https:\/\/www.robertzueblin.com\/wp-content\/uploads\/cropped-cropped-logo-von-robert-zueblin.jpg","contentUrl":"https:\/\/www.robertzueblin.com\/wp-content\/uploads\/cropped-cropped-logo-von-robert-zueblin.jpg","width":440,"height":60,"caption":"ROBERT Z\u00dcBLIN"},"image":{"@id":"https:\/\/www.robertzueblin.com\/en\/#\/schema\/logo\/image\/"}}]}},"_links":{"self":[{"href":"https:\/\/www.robertzueblin.com\/en\/wp-json\/wp\/v2\/product\/1134","targetHints":{"allow":["GET"]}}],"collection":[{"href":"https:\/\/www.robertzueblin.com\/en\/wp-json\/wp\/v2\/product"}],"about":[{"href":"https:\/\/www.robertzueblin.com\/en\/wp-json\/wp\/v2\/types\/product"}],"wp:featuredmedia":[{"embeddable":true,"href":"https:\/\/www.robertzueblin.com\/en\/wp-json\/wp\/v2\/media\/1233"}],"wp:attachment":[{"href":"https:\/\/www.robertzueblin.com\/en\/wp-json\/wp\/v2\/media?parent=1134"}],"wp:term":[{"taxonomy":"product_brand","embeddable":true,"href":"https:\/\/www.robertzueblin.com\/en\/wp-json\/wp\/v2\/product_brand?post=1134"},{"taxonomy":"product_cat","embeddable":true,"href":"https:\/\/www.robertzueblin.com\/en\/wp-json\/wp\/v2\/product_cat?post=1134"},{"taxonomy":"product_tag","embeddable":true,"href":"https:\/\/www.robertzueblin.com\/en\/wp-json\/wp\/v2\/product_tag?post=1134"}],"curies":[{"name":"wp","href":"https:\/\/api.w.org\/{rel}","templated":true}]}}