{"id":1114,"date":"2021-09-25T19:38:37","date_gmt":"2021-09-25T17:38:37","guid":{"rendered":"https:\/\/www.robertzueblin.com\/?post_type=product&#038;p=1114"},"modified":"2024-08-09T18:25:52","modified_gmt":"2024-08-09T16:25:52","slug":"johannes-lessmann-1903-%e2%80%a0-1944-vase-in-bauhaus-style","status":"publish","type":"product","link":"https:\/\/www.robertzueblin.com\/en\/johannes-lessmann\/vase-bauhaus-style\/","title":{"rendered":"Johannes LE\u1e9eMANN (* 1903, \u2020 1944) &#8211; Vase in Bauhaus Style &#8211; Studio Pottery"},"content":{"rendered":"<p><span style=\"font-family: AkkoPro-BoldCondensed!important\">Type:<\/span> <a href=\"https:\/\/www.robertzueblin.com\/en\/arts\/art-pottery-studio-pottery\/\">Studio Pottery<\/a><\/p>\n<p><span style=\"font-family: AkkoPro-BoldCondensed!important\">Design:<\/span> <a href=\"https:\/\/www.robertzueblin.com\/en\/johannes-lessmann\/\">Johannes Le\u00dfmann<\/a> (* 1903, \u2020 1944)<\/p>\n<p><span style=\"font-family: AkkoPro-BoldCondensed!important\">Carrying out:<\/span> Keramische Werkstatt Margaretenh\u00f6he<\/p>\n<p><span style=\"font-family: AkkoPro-BoldCondensed!important\">Object:<\/span> Vase<\/p>\n<p><span style=\"font-family: AkkoPro-BoldCondensed!important\">Dimensions:<\/span> Height: 15 cm, Width: 11 cm<\/p>\n<p><span style=\"font-family: AkkoPro-BoldCondensed!important\">Shard:<\/span> light<\/p>\n<p><span style=\"font-family: AkkoPro-BoldCondensed!important\">Surface:<\/span> on the outside: blue, black, grey, on the inside: white<\/p>\n<p><span style=\"font-family: AkkoPro-BoldCondensed!important\">Manufacture period:<\/span> 1930s<\/p>\n<p><span style=\"font-family: AkkoPro-BoldCondensed!important\">Condition:<\/span> Undamaged, but production-related irregularities at the lip of the opening edge.<\/p>\n<p><span style=\"font-family: AkkoPro-BoldCondensed!important\">Signature\/mark:<\/span> T in M in arc on line with line left down<\/p>\n<p><span style=\"font-family: AkkoPro-BoldCondensed!important\">Details:<\/span><br \/>\nIn all probability, this is a vase designed by Johannes Le\u00dfmann and made in the Keramische Werkstatt Margaretenh\u00f6he. Johannes Le\u00dfmann was a journeyman of Otto Lindig from 1927 to 1930 and if one did not see the signature of the Keramische Werkstatt Margaretenh\u00f6he under this vase, one would be able to assume that it is probably a piece by Bauhaus potter Otto Lindig.<\/p>\n<p>Because not only the glaze with its cloudy runs is typical of Lindig, but especially the extremely fine lip, which appears to be damaged later on in this piece, but which is probably not perfect due to the production process. Probably the white glaze did not behave optimally during firing or was not applied correctly over all areas of the lip before.<\/p>\n<p>All in all, this is an absolutely impressive piece of a Lindig pupil that is convincing both with its shape and the varied glaze; shiny white on the inside, matt pigeon blue with black spots on the outside and lightly boiled up in an area towards the foot, which is why the glaze has developed a rough surface at this point.<\/p>\n","protected":false},"excerpt":{"rendered":"<p>Type: Studio Pottery Design: Johannes Le\u00dfmann (* 1903, \u2020 1944) Carrying out: Keramische Werkstatt Margaretenh\u00f6he Object: Vase Dimensions: Height: 15 cm, Width: 11 cm Shard: light Surface: on the outside: blue, black, grey, on the inside: white Manufacture period: 1930s Condition: Undamaged, but production-related irregularities at the lip of the opening edge. Signature\/mark: T in [&hellip;]<\/p>\n","protected":false},"featured_media":1116,"template":"","meta":[],"product_brand":[],"product_cat":[46,73],"product_tag":[],"class_list":{"0":"post-1114","1":"product","2":"type-product","3":"status-publish","4":"has-post-thumbnail","6":"product_cat-bauhaus","7":"product_cat-johannes-lessmann","9":"first","10":"instock","11":"sold-individually","12":"shipping-taxable","13":"purchasable","14":"product-type-simple"},"yoast_head":"<!-- This site is optimized with the Yoast SEO plugin v27.5 - https:\/\/yoast.com\/product\/yoast-seo-wordpress\/ -->\n<title>Johannes LE\u1e9eMANN - Vase in the Bauhaus style - Studio Pottery<\/title>\n<meta name=\"description\" content=\"Vase designed by Johannes Le\u00dfmann in the style of Otto Lindig (Bauhaus style), executed by the pottery &quot;Keramische Werkstatt Margaretenh\u00f6he&quot;.\" \/>\n<meta name=\"robots\" content=\"index, follow, max-snippet:-1, max-image-preview:large, max-video-preview:-1\" \/>\n<link rel=\"canonical\" href=\"https:\/\/www.robertzueblin.com\/en\/johannes-lessmann\/vase-bauhaus-style\/\" \/>\n<meta property=\"og:locale\" content=\"en_US\" \/>\n<meta property=\"og:type\" content=\"article\" \/>\n<meta property=\"og:title\" content=\"Johannes LE\u1e9eMANN - Vase in the Bauhaus style - Studio Pottery\" \/>\n<meta property=\"og:description\" content=\"Vase designed by Johannes Le\u00dfmann in the style of Otto Lindig (Bauhaus style), executed by the pottery &quot;Keramische Werkstatt Margaretenh\u00f6he&quot;.\" \/>\n<meta property=\"og:url\" content=\"https:\/\/www.robertzueblin.com\/en\/johannes-lessmann\/vase-bauhaus-style\/\" \/>\n<meta property=\"og:site_name\" content=\"ROBERT Z\u00dcBLIN\" \/>\n<meta property=\"article:modified_time\" content=\"2024-08-09T16:25:52+00:00\" \/>\n<meta property=\"og:image\" content=\"https:\/\/www.robertzueblin.com\/wp-content\/uploads\/johannes-lessmann-pottery-vase.jpg\" \/>\n\t<meta property=\"og:image:width\" content=\"1080\" \/>\n\t<meta property=\"og:image:height\" content=\"1080\" \/>\n\t<meta property=\"og:image:type\" content=\"image\/jpeg\" \/>\n<meta name=\"twitter:card\" content=\"summary_large_image\" \/>\n<script type=\"application\/ld+json\" class=\"yoast-schema-graph\">{\"@context\":\"https:\\\/\\\/schema.org\",\"@graph\":[{\"@type\":\"WebPage\",\"@id\":\"https:\\\/\\\/www.robertzueblin.com\\\/en\\\/johannes-lessmann\\\/vase-bauhaus-style\\\/\",\"url\":\"https:\\\/\\\/www.robertzueblin.com\\\/en\\\/johannes-lessmann\\\/vase-bauhaus-style\\\/\",\"name\":\"Johannes LE\u1e9eMANN - Vase in the Bauhaus style - Studio Pottery\",\"isPartOf\":{\"@id\":\"https:\\\/\\\/www.robertzueblin.com\\\/en\\\/#website\"},\"primaryImageOfPage\":{\"@id\":\"https:\\\/\\\/www.robertzueblin.com\\\/en\\\/johannes-lessmann\\\/vase-bauhaus-style\\\/#primaryimage\"},\"image\":{\"@id\":\"https:\\\/\\\/www.robertzueblin.com\\\/en\\\/johannes-lessmann\\\/vase-bauhaus-style\\\/#primaryimage\"},\"thumbnailUrl\":\"https:\\\/\\\/www.robertzueblin.com\\\/wp-content\\\/uploads\\\/johannes-lessmann-pottery-vase.jpg\",\"datePublished\":\"2021-09-25T17:38:37+00:00\",\"dateModified\":\"2024-08-09T16:25:52+00:00\",\"description\":\"Vase designed by Johannes Le\u00dfmann in the style of Otto Lindig (Bauhaus style), executed by the pottery \\\"Keramische Werkstatt Margaretenh\u00f6he\\\".\",\"breadcrumb\":{\"@id\":\"https:\\\/\\\/www.robertzueblin.com\\\/en\\\/johannes-lessmann\\\/vase-bauhaus-style\\\/#breadcrumb\"},\"inLanguage\":\"en-US\",\"potentialAction\":[{\"@type\":\"ReadAction\",\"target\":[\"https:\\\/\\\/www.robertzueblin.com\\\/en\\\/johannes-lessmann\\\/vase-bauhaus-style\\\/\"]}]},{\"@type\":\"ImageObject\",\"inLanguage\":\"en-US\",\"@id\":\"https:\\\/\\\/www.robertzueblin.com\\\/en\\\/johannes-lessmann\\\/vase-bauhaus-style\\\/#primaryimage\",\"url\":\"https:\\\/\\\/www.robertzueblin.com\\\/wp-content\\\/uploads\\\/johannes-lessmann-pottery-vase.jpg\",\"contentUrl\":\"https:\\\/\\\/www.robertzueblin.com\\\/wp-content\\\/uploads\\\/johannes-lessmann-pottery-vase.jpg\",\"width\":1080,\"height\":1080},{\"@type\":\"BreadcrumbList\",\"@id\":\"https:\\\/\\\/www.robertzueblin.com\\\/en\\\/johannes-lessmann\\\/vase-bauhaus-style\\\/#breadcrumb\",\"itemListElement\":[{\"@type\":\"ListItem\",\"position\":1,\"name\":\"Startseite\",\"item\":\"https:\\\/\\\/www.robertzueblin.com\\\/en\\\/\"},{\"@type\":\"ListItem\",\"position\":2,\"name\":\"Online Art Gallery (Online Shop)\",\"item\":\"https:\\\/\\\/www.robertzueblin.com\\\/en\\\/online-art-gallery\\\/\"},{\"@type\":\"ListItem\",\"position\":3,\"name\":\"Johannes LE\u1e9eMANN (* 1903, \u2020 1944) &#8211; Vase in Bauhaus Style &#8211; Studio Pottery\"}]},{\"@type\":\"WebSite\",\"@id\":\"https:\\\/\\\/www.robertzueblin.com\\\/en\\\/#website\",\"url\":\"https:\\\/\\\/www.robertzueblin.com\\\/en\\\/\",\"name\":\"ROBERT Z\u00dcBLIN\",\"description\":\"\",\"publisher\":{\"@id\":\"https:\\\/\\\/www.robertzueblin.com\\\/en\\\/#organization\"},\"potentialAction\":[{\"@type\":\"SearchAction\",\"target\":{\"@type\":\"EntryPoint\",\"urlTemplate\":\"https:\\\/\\\/www.robertzueblin.com\\\/en\\\/?s={search_term_string}\"},\"query-input\":{\"@type\":\"PropertyValueSpecification\",\"valueRequired\":true,\"valueName\":\"search_term_string\"}}],\"inLanguage\":\"en-US\"},{\"@type\":\"Organization\",\"@id\":\"https:\\\/\\\/www.robertzueblin.com\\\/en\\\/#organization\",\"name\":\"ROBERT Z\u00dcBLIN\",\"url\":\"https:\\\/\\\/www.robertzueblin.com\\\/en\\\/\",\"logo\":{\"@type\":\"ImageObject\",\"inLanguage\":\"en-US\",\"@id\":\"https:\\\/\\\/www.robertzueblin.com\\\/en\\\/#\\\/schema\\\/logo\\\/image\\\/\",\"url\":\"https:\\\/\\\/www.robertzueblin.com\\\/wp-content\\\/uploads\\\/cropped-cropped-logo-von-robert-zueblin.jpg\",\"contentUrl\":\"https:\\\/\\\/www.robertzueblin.com\\\/wp-content\\\/uploads\\\/cropped-cropped-logo-von-robert-zueblin.jpg\",\"width\":440,\"height\":60,\"caption\":\"ROBERT Z\u00dcBLIN\"},\"image\":{\"@id\":\"https:\\\/\\\/www.robertzueblin.com\\\/en\\\/#\\\/schema\\\/logo\\\/image\\\/\"}}]}<\/script>\n<!-- \/ Yoast SEO plugin. -->","yoast_head_json":{"title":"Johannes LE\u1e9eMANN - Vase in the Bauhaus style - Studio Pottery","description":"Vase designed by Johannes Le\u00dfmann in the style of Otto Lindig (Bauhaus style), executed by the pottery \"Keramische Werkstatt Margaretenh\u00f6he\".","robots":{"index":"index","follow":"follow","max-snippet":"max-snippet:-1","max-image-preview":"max-image-preview:large","max-video-preview":"max-video-preview:-1"},"canonical":"https:\/\/www.robertzueblin.com\/en\/johannes-lessmann\/vase-bauhaus-style\/","og_locale":"en_US","og_type":"article","og_title":"Johannes LE\u1e9eMANN - Vase in the Bauhaus style - Studio Pottery","og_description":"Vase designed by Johannes Le\u00dfmann in the style of Otto Lindig (Bauhaus style), executed by the pottery \"Keramische Werkstatt Margaretenh\u00f6he\".","og_url":"https:\/\/www.robertzueblin.com\/en\/johannes-lessmann\/vase-bauhaus-style\/","og_site_name":"ROBERT Z\u00dcBLIN","article_modified_time":"2024-08-09T16:25:52+00:00","og_image":[{"width":1080,"height":1080,"url":"https:\/\/www.robertzueblin.com\/wp-content\/uploads\/johannes-lessmann-pottery-vase.jpg","type":"image\/jpeg"}],"twitter_card":"summary_large_image","schema":{"@context":"https:\/\/schema.org","@graph":[{"@type":"WebPage","@id":"https:\/\/www.robertzueblin.com\/en\/johannes-lessmann\/vase-bauhaus-style\/","url":"https:\/\/www.robertzueblin.com\/en\/johannes-lessmann\/vase-bauhaus-style\/","name":"Johannes LE\u1e9eMANN - Vase in the Bauhaus style - Studio Pottery","isPartOf":{"@id":"https:\/\/www.robertzueblin.com\/en\/#website"},"primaryImageOfPage":{"@id":"https:\/\/www.robertzueblin.com\/en\/johannes-lessmann\/vase-bauhaus-style\/#primaryimage"},"image":{"@id":"https:\/\/www.robertzueblin.com\/en\/johannes-lessmann\/vase-bauhaus-style\/#primaryimage"},"thumbnailUrl":"https:\/\/www.robertzueblin.com\/wp-content\/uploads\/johannes-lessmann-pottery-vase.jpg","datePublished":"2021-09-25T17:38:37+00:00","dateModified":"2024-08-09T16:25:52+00:00","description":"Vase designed by Johannes Le\u00dfmann in the style of Otto Lindig (Bauhaus style), executed by the pottery \"Keramische Werkstatt Margaretenh\u00f6he\".","breadcrumb":{"@id":"https:\/\/www.robertzueblin.com\/en\/johannes-lessmann\/vase-bauhaus-style\/#breadcrumb"},"inLanguage":"en-US","potentialAction":[{"@type":"ReadAction","target":["https:\/\/www.robertzueblin.com\/en\/johannes-lessmann\/vase-bauhaus-style\/"]}]},{"@type":"ImageObject","inLanguage":"en-US","@id":"https:\/\/www.robertzueblin.com\/en\/johannes-lessmann\/vase-bauhaus-style\/#primaryimage","url":"https:\/\/www.robertzueblin.com\/wp-content\/uploads\/johannes-lessmann-pottery-vase.jpg","contentUrl":"https:\/\/www.robertzueblin.com\/wp-content\/uploads\/johannes-lessmann-pottery-vase.jpg","width":1080,"height":1080},{"@type":"BreadcrumbList","@id":"https:\/\/www.robertzueblin.com\/en\/johannes-lessmann\/vase-bauhaus-style\/#breadcrumb","itemListElement":[{"@type":"ListItem","position":1,"name":"Startseite","item":"https:\/\/www.robertzueblin.com\/en\/"},{"@type":"ListItem","position":2,"name":"Online Art Gallery (Online Shop)","item":"https:\/\/www.robertzueblin.com\/en\/online-art-gallery\/"},{"@type":"ListItem","position":3,"name":"Johannes LE\u1e9eMANN (* 1903, \u2020 1944) &#8211; Vase in Bauhaus Style &#8211; Studio Pottery"}]},{"@type":"WebSite","@id":"https:\/\/www.robertzueblin.com\/en\/#website","url":"https:\/\/www.robertzueblin.com\/en\/","name":"ROBERT Z\u00dcBLIN","description":"","publisher":{"@id":"https:\/\/www.robertzueblin.com\/en\/#organization"},"potentialAction":[{"@type":"SearchAction","target":{"@type":"EntryPoint","urlTemplate":"https:\/\/www.robertzueblin.com\/en\/?s={search_term_string}"},"query-input":{"@type":"PropertyValueSpecification","valueRequired":true,"valueName":"search_term_string"}}],"inLanguage":"en-US"},{"@type":"Organization","@id":"https:\/\/www.robertzueblin.com\/en\/#organization","name":"ROBERT Z\u00dcBLIN","url":"https:\/\/www.robertzueblin.com\/en\/","logo":{"@type":"ImageObject","inLanguage":"en-US","@id":"https:\/\/www.robertzueblin.com\/en\/#\/schema\/logo\/image\/","url":"https:\/\/www.robertzueblin.com\/wp-content\/uploads\/cropped-cropped-logo-von-robert-zueblin.jpg","contentUrl":"https:\/\/www.robertzueblin.com\/wp-content\/uploads\/cropped-cropped-logo-von-robert-zueblin.jpg","width":440,"height":60,"caption":"ROBERT Z\u00dcBLIN"},"image":{"@id":"https:\/\/www.robertzueblin.com\/en\/#\/schema\/logo\/image\/"}}]}},"_links":{"self":[{"href":"https:\/\/www.robertzueblin.com\/en\/wp-json\/wp\/v2\/product\/1114","targetHints":{"allow":["GET"]}}],"collection":[{"href":"https:\/\/www.robertzueblin.com\/en\/wp-json\/wp\/v2\/product"}],"about":[{"href":"https:\/\/www.robertzueblin.com\/en\/wp-json\/wp\/v2\/types\/product"}],"wp:featuredmedia":[{"embeddable":true,"href":"https:\/\/www.robertzueblin.com\/en\/wp-json\/wp\/v2\/media\/1116"}],"wp:attachment":[{"href":"https:\/\/www.robertzueblin.com\/en\/wp-json\/wp\/v2\/media?parent=1114"}],"wp:term":[{"taxonomy":"product_brand","embeddable":true,"href":"https:\/\/www.robertzueblin.com\/en\/wp-json\/wp\/v2\/product_brand?post=1114"},{"taxonomy":"product_cat","embeddable":true,"href":"https:\/\/www.robertzueblin.com\/en\/wp-json\/wp\/v2\/product_cat?post=1114"},{"taxonomy":"product_tag","embeddable":true,"href":"https:\/\/www.robertzueblin.com\/en\/wp-json\/wp\/v2\/product_tag?post=1114"}],"curies":[{"name":"wp","href":"https:\/\/api.w.org\/{rel}","templated":true}]}}