{"id":33814,"date":"2023-08-27T14:10:38","date_gmt":"2023-08-27T12:10:38","guid":{"rendered":"https:\/\/www.robertzueblin.com\/?page_id=33814"},"modified":"2023-08-27T14:10:38","modified_gmt":"2023-08-27T12:10:38","slug":"kintsugi-psychology-and-find-kintsugi-book","status":"publish","type":"page","link":"https:\/\/www.robertzueblin.com\/en\/kintsugi\/kintsugi-psychology-and-find-kintsugi-book\/","title":{"rendered":"Kintsugi Psychology and find Kintsugi Book"},"content":{"rendered":"<p><strong>The kintsugi method actually originated for repairing ceramics and porcelain, but its philosophical principles are now also used for healing mental wounds within the framework of a kintsugi psychology. There is more than one kintsugi book that draws on this kintsugi psychology, and we present some of these kintsugi books here.<\/strong><\/p>\n<figure style=\"width:300px;height:auto\"><img decoding=\"async\" alt=\"Repairing a ceramic vase with the kintsugi method, the philosophy of which is now also used in kintsugi psychology and is covered in one or two kintsugi books.\" src=\"https:\/\/www.robertzueblin.com\/wp-content\/uploads\/heiner-hans-koerting-studio-pottery-blue-vase-kintsugi-repair-1-300x300.jpg\" \/><figcaption><strong>Healing with the kintsugi method for a <a href=\"https:\/\/www.robertzueblin.com\/en\/heiner-hans-koerting\/blue-ceramic-vase-studio-pottery\/\">Ceramic-vase by Heiner K\u00f6rting<\/a><\/strong><\/figcaption><\/figure>\n<div>\u00a0<\/div>\n<div>\u00a0<\/div>\n<h2>Kintsugi Psychology<\/h2>\n<p>Kintsugi psychology, which is covered in many life-help books, takes from the original kintsugi philosophy, for example, the principle of seeing something beautiful even in imperfection (turning away from perfectionism). In addition, kintsugi psychology emphasises that healing wounds takes time, which also stems from the <a href=\"https:\/\/www.robertzueblin.com\/en\/kintsugi\/\">kintsugi method of repairing<\/a> ceramics and porcelain, as such repairs can take weeks, months or even years, depending on the complexity of the damage and the repair procedure chosen.<\/p>\n<h2>Kintsugi books as life help<\/h2>\n<p>There is now a large market for books that use Kintsugi psychology to write life-help books, in some cases Kintsugi psychology is also the subject of novels. Below we list one or two Kintsugi books that can be counted in the category of &#8220;<strong>Kintsugi psychology<\/strong>&#8220;, starting with the novel that many know as the &#8220;Kintsugi book&#8221;:<\/p>\n<div><span style=\"float: left;color: #a4a4a4\"><small><i>&#8211; Ad &#8211;<\/i><\/small><\/span><\/div>\n<p>\u00a0<br \/>\n<a href=\"https:\/\/amzn.to\/3OJeDGz\" rel=\"sponsored\"><img decoding=\"async\" src=\"https:\/\/m.media-amazon.com\/images\/P\/3596704928.01._SCLZZZZZZZ_SX500_.jpg\" alt=\"Kintsugi Buch, Roman von Miku Sophie K\u00fchmel.\" style=\"width: 300px;height: auto\" \/><\/p>\n<div style=\"margin-top: -1em\"><strong><em>Kintsugi<\/em> &#8211; novel by Miku Sophie K\u00fchmel<\/strong><\/div>\n<p><\/a><\/p>\n<p><a href=\"https:\/\/amzn.to\/3OJeDGz\" rel=\"sponsored\" style=\"text-decoration: none;background: #D8D8D8;padding-left: 0.4em;padding-right: 0.4em;padding-top: -0.1em;padding-bottom: -0.2em;float:left\">See on Amazon.de <\/a> <span>\u00a0<\/span><\/p>\n<div>\u00a0<\/div>\n<div><span style=\"float: left;color: #a4a4a4\"><small><i>&#8211; Ad &#8211;<\/i><\/small><\/span><\/div>\n<p>\u00a0<br \/>\n<a href=\"https:\/\/amzn.to\/3OmCbk5\" rel=\"sponsored\"><img decoding=\"async\" src=\"https:\/\/m.media-amazon.com\/images\/P\/B07L8L12TJ.01._SCLZZZZZZZ_SX500_.jpg\" alt=\"Kintsugi The Art of Turning Difficult Times into Gold, book by Andrea L\u00f6hndorf.\" style=\"width: 300px;height: auto\" \/><\/p>\n<div style=\"margin-top: -1em\"><strong>Kintsugi: Die Kunst, schwierige Zeiten in Gold zu verwandeln<\/strong><\/div>\n<p><\/a><\/p>\n<p><a href=\"https:\/\/amzn.to\/3OmCbk5\" rel=\"sponsored\" style=\"text-decoration: none;background: #D8D8D8;padding-left: 0.4em;padding-right: 0.4em;padding-top: -0.1em;padding-bottom: -0.2em;float:left\">See on Amazon.de<\/a> <span>\u00a0<\/span><\/p>\n<div>\u00a0<\/div>\n<div><span style=\"float: left;color: #a4a4a4\"><small><i>&#8211; Ad &#8211;<\/i><\/small><\/span><\/div>\n<p>\u00a0<br \/>\n<a href=\"https:\/\/amzn.to\/44WRUxg\" rel=\"sponsored\"><img decoding=\"async\" src=\"https:\/\/m.media-amazon.com\/images\/P\/3424631809.01._SCLZZZZZZZ_SX500_.jpg\" alt=\"Kintsugi: How breaking points in life make us strong - The Japanese way to resilience, Kintsugi Book by C\u00e9line Santini (Author) and Ursula Held (Translator).\" style=\"width: 300px;height: auto\" \/><\/p>\n<div style=\"margin-top: -1em\"><strong>Kintsugi: Wie uns Bruchstellen im Leben stark machen &#8211; Der japanische Weg zur Resilienz<\/strong><\/div>\n<p><\/a><\/p>\n<p><a href=\"https:\/\/amzn.to\/44WRUxg\" rel=\"sponsored\" style=\"text-decoration: none;background: #D8D8D8;padding-left: 0.4em;padding-right: 0.4em;padding-top: -0.1em;padding-bottom: -0.2em;float:left\">See on Amazon.de<\/a> <span>\u00a0<\/span><\/p>\n<div>\u00a0<\/div>\n<div><span style=\"float: left;color: #a4a4a4\"><small><i>&#8211; Ad &#8211;<\/i><\/small><\/span><\/div>\n<p>\u00a0<br \/>\n<a href=\"https:\/\/amzn.to\/3OnimJu\" rel=\"sponsored\"><img decoding=\"async\" src=\"https:\/\/m.media-amazon.com\/images\/P\/B0B6Y2YH45.01._SCLZZZZZZZ_SX500_.jpg\" alt=\"Japanese Philosophy: (5 books in 1) Ikigai, Kaizen, Wabi-Sabi, Kintsugi, Shinrin-Yoku. Improve your life with the ancient teachings from the Land of the Rising Sun, Kintsugi Book by Dai Nippon Teikoku.\" style=\"width: 300px;height: auto\" \/><\/p>\n<div style=\"margin-top: -1em\"><strong>Japanische Philosophie: : (5 B\u00fccher in 1) Ikigai, Kaizen, Wabi-Sabi, Kintsugi, Shinrin-Yoku<\/strong><\/div>\n<p><\/a><\/p>\n<p><a href=\"https:\/\/amzn.to\/3OnimJu\" rel=\"sponsored\" style=\"text-decoration: none;background: #D8D8D8;padding-left: 0.4em;padding-right: 0.4em;padding-top: -0.1em;padding-bottom: -0.2em;float:left\">See on Amazon.de<\/a> <span>\u00a0<\/span><\/p>\n<div>\u00a0<\/div>\n<div><span style=\"float: left;color: #a4a4a4\"><small><i>&#8211; Ad &#8211;<\/i><\/small><\/span><\/div>\n<p>\u00a0<br \/>\n<a href=\"https:\/\/amzn.to\/47nupiu\" rel=\"sponsored\"><img decoding=\"async\" src=\"https:\/\/m.media-amazon.com\/images\/P\/B07L9FTD7C.01._SCLZZZZZZZ_SX500_.jpg\" alt=\"KINTSUGI - Shards Bring Happiness: The Art of Healing Our Wounds (Life Help), by Pascal Akira Frank.\" style=\"width: 300px;height: auto\" \/><\/p>\n<div style=\"margin-top: -1em\"><strong>KINTSUGI &#8211; Scherben bringen Gl\u00fcck: Die Kunst, unsere Wunden zu heilen (Lebenshilfe)<\/strong><\/div>\n<p><\/a><\/p>\n<p><a href=\"https:\/\/amzn.to\/47nupiu\" rel=\"sponsored\" style=\"text-decoration: none;background: #D8D8D8;padding-left: 0.4em;padding-right: 0.4em;padding-top: -0.1em;padding-bottom: -0.2em;float:left\">See on Amazon.de<\/a> <span>\u00a0<\/span><\/p>\n<div>\u00a0<\/div>\n<div><span style=\"float: left;color: #a4a4a4\"><small><i>&#8211; Ad &#8211;<\/i><\/small><\/span><\/div>\n<p>\u00a0<br \/>\n<a href=\"https:\/\/amzn.to\/47od2hC\" rel=\"sponsored\"><img decoding=\"async\" src=\"https:\/\/m.media-amazon.com\/images\/P\/3466347319.01._SCLZZZZZZZ_SX500_.jpg\" alt=\"Kintsugi: The Art of Healing Emotional Hurts, by Tom\u00e1s Navarro (author) and Maria Hoffmann-Dartevelle (translator).\" style=\"width: 300px;height: auto\" \/><\/p>\n<div style=\"margin-top: -1em\"><strong>Kintsugi: Die Kunst, emotionale Verletzungen zu heilen.<\/strong><\/div>\n<p><\/a><\/p>\n<p><a href=\"https:\/\/amzn.to\/47od2hC\" rel=\"sponsored\" style=\"text-decoration: none;background: #D8D8D8;padding-left: 0.4em;padding-right: 0.4em;padding-top: -0.1em;padding-bottom: -0.2em;float:left\">See on Amazon.de<\/a> <span>\u00a0<\/span><\/p>\n<div>\u00a0<\/div>\n<div><span style=\"float: left;color: #a4a4a4\"><small><i>&#8211; Ad &#8211;<\/i><\/small><\/span><\/div>\n<p>\u00a0<br \/>\n<a href=\"https:\/\/amzn.to\/3s4qYNw\" rel=\"sponsored\"><img decoding=\"async\" src=\"https:\/\/m.media-amazon.com\/images\/P\/3969304822.01._SCLZZZZZZZ_SX500_.jpg\" alt=\"Kintsugi for Beginners - The Practice Book: How to Turn Setbacks and Hurts into Gold and Forge True Strength of Character and Resilience - incl. Kintsugi Meditation, by Emi Tanaka.\" style=\"width: 300px;height: auto\" \/><\/p>\n<div style=\"margin-top: -1em\"><strong>Kintsugi f\u00fcr Einsteiger &#8211; Das Praxisbuch: Wie Sie R\u00fcckschl\u00e4ge und Verletzungen in Gold verwandeln und zu wahrer Charakterst\u00e4rke und Resilienz schmieden &#8211; inkl. Kintsugi Meditation<\/strong><\/div>\n<p><\/a><\/p>\n<p><a href=\"https:\/\/amzn.to\/3s4qYNw\" rel=\"sponsored\" style=\"text-decoration: none;background: #D8D8D8;padding-left: 0.4em;padding-right: 0.4em;padding-top: -0.1em;padding-bottom: -0.2em;float:left\">See on Amazon.de<\/a> <span>\u00a0<\/span><\/p>\n<div>\u00a0<\/div>\n<p>If you want to know more about Kintsugi in general, you should read our background article on Kintsugi: <a href=\"https:\/\/www.robertzueblin.com\/en\/kintsugi\/\">Kintsugi \u2013 Philosophy, Meaning, History<\/a>.<\/p>\n","protected":false},"excerpt":{"rendered":"<p>The kintsugi method actually originated for repairing ceramics and porcelain, but its philosophical principles are now also used for healing mental wounds within the framework of a kintsugi psychology. There is more than one kintsugi book that draws on this kintsugi psychology, and we present some of these kintsugi books here. Healing with the kintsugi [&hellip;]<\/p>\n","protected":false},"author":2,"featured_media":0,"parent":33457,"menu_order":0,"comment_status":"closed","ping_status":"closed","template":"","meta":{"footnotes":""},"class_list":["post-33814","page","type-page","status-publish","hentry"],"yoast_head":"<!-- This site is optimized with the Yoast SEO plugin v27.5 - https:\/\/yoast.com\/product\/yoast-seo-wordpress\/ -->\n<title>Kintsugi Psychology and find Kintsugi Book<\/title>\n<meta name=\"description\" content=\"Here we explain the so called Kintsugi psychology and show you where to find a Kintsugi book you are looking for.\" \/>\n<meta name=\"robots\" content=\"index, follow, max-snippet:-1, max-image-preview:large, max-video-preview:-1\" \/>\n<link rel=\"canonical\" href=\"https:\/\/www.robertzueblin.com\/en\/kintsugi\/kintsugi-psychology-and-find-kintsugi-book\/\" \/>\n<meta property=\"og:locale\" content=\"en_US\" \/>\n<meta property=\"og:type\" content=\"article\" \/>\n<meta property=\"og:title\" content=\"Kintsugi Psychology and find Kintsugi Book\" \/>\n<meta property=\"og:description\" content=\"Here we explain the so called Kintsugi psychology and show you where to find a Kintsugi book you are looking for.\" \/>\n<meta property=\"og:url\" content=\"https:\/\/www.robertzueblin.com\/en\/kintsugi\/kintsugi-psychology-and-find-kintsugi-book\/\" \/>\n<meta property=\"og:site_name\" content=\"ROBERT Z\u00dcBLIN\" \/>\n<meta property=\"og:image\" content=\"https:\/\/www.robertzueblin.com\/wp-content\/uploads\/heiner-hans-koerting-studio-pottery-blue-vase-kintsugi-repair-1-300x300.jpg\" \/>\n<meta name=\"twitter:card\" content=\"summary_large_image\" \/>\n<script type=\"application\/ld+json\" class=\"yoast-schema-graph\">{\"@context\":\"https:\\\/\\\/schema.org\",\"@graph\":[{\"@type\":\"WebPage\",\"@id\":\"https:\\\/\\\/www.robertzueblin.com\\\/en\\\/kintsugi\\\/kintsugi-psychology-and-find-kintsugi-book\\\/\",\"url\":\"https:\\\/\\\/www.robertzueblin.com\\\/en\\\/kintsugi\\\/kintsugi-psychology-and-find-kintsugi-book\\\/\",\"name\":\"Kintsugi Psychology and find Kintsugi Book\",\"isPartOf\":{\"@id\":\"https:\\\/\\\/www.robertzueblin.com\\\/en\\\/#website\"},\"primaryImageOfPage\":{\"@id\":\"https:\\\/\\\/www.robertzueblin.com\\\/en\\\/kintsugi\\\/kintsugi-psychology-and-find-kintsugi-book\\\/#primaryimage\"},\"image\":{\"@id\":\"https:\\\/\\\/www.robertzueblin.com\\\/en\\\/kintsugi\\\/kintsugi-psychology-and-find-kintsugi-book\\\/#primaryimage\"},\"thumbnailUrl\":\"https:\\\/\\\/www.robertzueblin.com\\\/wp-content\\\/uploads\\\/heiner-hans-koerting-studio-pottery-blue-vase-kintsugi-repair-1-300x300.jpg\",\"datePublished\":\"2023-08-27T12:10:38+00:00\",\"description\":\"Here we explain the so called Kintsugi psychology and show you where to find a Kintsugi book you are looking for.\",\"breadcrumb\":{\"@id\":\"https:\\\/\\\/www.robertzueblin.com\\\/en\\\/kintsugi\\\/kintsugi-psychology-and-find-kintsugi-book\\\/#breadcrumb\"},\"inLanguage\":\"en-US\",\"potentialAction\":[{\"@type\":\"ReadAction\",\"target\":[\"https:\\\/\\\/www.robertzueblin.com\\\/en\\\/kintsugi\\\/kintsugi-psychology-and-find-kintsugi-book\\\/\"]}]},{\"@type\":\"ImageObject\",\"inLanguage\":\"en-US\",\"@id\":\"https:\\\/\\\/www.robertzueblin.com\\\/en\\\/kintsugi\\\/kintsugi-psychology-and-find-kintsugi-book\\\/#primaryimage\",\"url\":\"https:\\\/\\\/www.robertzueblin.com\\\/wp-content\\\/uploads\\\/heiner-hans-koerting-studio-pottery-blue-vase-kintsugi-repair-1-300x300.jpg\",\"contentUrl\":\"https:\\\/\\\/www.robertzueblin.com\\\/wp-content\\\/uploads\\\/heiner-hans-koerting-studio-pottery-blue-vase-kintsugi-repair-1-300x300.jpg\"},{\"@type\":\"BreadcrumbList\",\"@id\":\"https:\\\/\\\/www.robertzueblin.com\\\/en\\\/kintsugi\\\/kintsugi-psychology-and-find-kintsugi-book\\\/#breadcrumb\",\"itemListElement\":[{\"@type\":\"ListItem\",\"position\":1,\"name\":\"Startseite\",\"item\":\"https:\\\/\\\/www.robertzueblin.com\\\/en\\\/\"},{\"@type\":\"ListItem\",\"position\":2,\"name\":\"Kintsugi &#8211; Philosophy, Meaning, History\",\"item\":\"https:\\\/\\\/www.robertzueblin.com\\\/en\\\/kintsugi\\\/\"},{\"@type\":\"ListItem\",\"position\":3,\"name\":\"Kintsugi Psychology and find Kintsugi Book\"}]},{\"@type\":\"WebSite\",\"@id\":\"https:\\\/\\\/www.robertzueblin.com\\\/en\\\/#website\",\"url\":\"https:\\\/\\\/www.robertzueblin.com\\\/en\\\/\",\"name\":\"ROBERT Z\u00dcBLIN\",\"description\":\"\",\"publisher\":{\"@id\":\"https:\\\/\\\/www.robertzueblin.com\\\/en\\\/#organization\"},\"potentialAction\":[{\"@type\":\"SearchAction\",\"target\":{\"@type\":\"EntryPoint\",\"urlTemplate\":\"https:\\\/\\\/www.robertzueblin.com\\\/en\\\/?s={search_term_string}\"},\"query-input\":{\"@type\":\"PropertyValueSpecification\",\"valueRequired\":true,\"valueName\":\"search_term_string\"}}],\"inLanguage\":\"en-US\"},{\"@type\":\"Organization\",\"@id\":\"https:\\\/\\\/www.robertzueblin.com\\\/en\\\/#organization\",\"name\":\"ROBERT Z\u00dcBLIN\",\"url\":\"https:\\\/\\\/www.robertzueblin.com\\\/en\\\/\",\"logo\":{\"@type\":\"ImageObject\",\"inLanguage\":\"en-US\",\"@id\":\"https:\\\/\\\/www.robertzueblin.com\\\/en\\\/#\\\/schema\\\/logo\\\/image\\\/\",\"url\":\"https:\\\/\\\/www.robertzueblin.com\\\/wp-content\\\/uploads\\\/cropped-cropped-logo-von-robert-zueblin.jpg\",\"contentUrl\":\"https:\\\/\\\/www.robertzueblin.com\\\/wp-content\\\/uploads\\\/cropped-cropped-logo-von-robert-zueblin.jpg\",\"width\":440,\"height\":60,\"caption\":\"ROBERT Z\u00dcBLIN\"},\"image\":{\"@id\":\"https:\\\/\\\/www.robertzueblin.com\\\/en\\\/#\\\/schema\\\/logo\\\/image\\\/\"}}]}<\/script>\n<!-- \/ Yoast SEO plugin. -->","yoast_head_json":{"title":"Kintsugi Psychology and find Kintsugi Book","description":"Here we explain the so called Kintsugi psychology and show you where to find a Kintsugi book you are looking for.","robots":{"index":"index","follow":"follow","max-snippet":"max-snippet:-1","max-image-preview":"max-image-preview:large","max-video-preview":"max-video-preview:-1"},"canonical":"https:\/\/www.robertzueblin.com\/en\/kintsugi\/kintsugi-psychology-and-find-kintsugi-book\/","og_locale":"en_US","og_type":"article","og_title":"Kintsugi Psychology and find Kintsugi Book","og_description":"Here we explain the so called Kintsugi psychology and show you where to find a Kintsugi book you are looking for.","og_url":"https:\/\/www.robertzueblin.com\/en\/kintsugi\/kintsugi-psychology-and-find-kintsugi-book\/","og_site_name":"ROBERT Z\u00dcBLIN","og_image":[{"url":"https:\/\/www.robertzueblin.com\/wp-content\/uploads\/heiner-hans-koerting-studio-pottery-blue-vase-kintsugi-repair-1-300x300.jpg","type":"","width":"","height":""}],"twitter_card":"summary_large_image","schema":{"@context":"https:\/\/schema.org","@graph":[{"@type":"WebPage","@id":"https:\/\/www.robertzueblin.com\/en\/kintsugi\/kintsugi-psychology-and-find-kintsugi-book\/","url":"https:\/\/www.robertzueblin.com\/en\/kintsugi\/kintsugi-psychology-and-find-kintsugi-book\/","name":"Kintsugi Psychology and find Kintsugi Book","isPartOf":{"@id":"https:\/\/www.robertzueblin.com\/en\/#website"},"primaryImageOfPage":{"@id":"https:\/\/www.robertzueblin.com\/en\/kintsugi\/kintsugi-psychology-and-find-kintsugi-book\/#primaryimage"},"image":{"@id":"https:\/\/www.robertzueblin.com\/en\/kintsugi\/kintsugi-psychology-and-find-kintsugi-book\/#primaryimage"},"thumbnailUrl":"https:\/\/www.robertzueblin.com\/wp-content\/uploads\/heiner-hans-koerting-studio-pottery-blue-vase-kintsugi-repair-1-300x300.jpg","datePublished":"2023-08-27T12:10:38+00:00","description":"Here we explain the so called Kintsugi psychology and show you where to find a Kintsugi book you are looking for.","breadcrumb":{"@id":"https:\/\/www.robertzueblin.com\/en\/kintsugi\/kintsugi-psychology-and-find-kintsugi-book\/#breadcrumb"},"inLanguage":"en-US","potentialAction":[{"@type":"ReadAction","target":["https:\/\/www.robertzueblin.com\/en\/kintsugi\/kintsugi-psychology-and-find-kintsugi-book\/"]}]},{"@type":"ImageObject","inLanguage":"en-US","@id":"https:\/\/www.robertzueblin.com\/en\/kintsugi\/kintsugi-psychology-and-find-kintsugi-book\/#primaryimage","url":"https:\/\/www.robertzueblin.com\/wp-content\/uploads\/heiner-hans-koerting-studio-pottery-blue-vase-kintsugi-repair-1-300x300.jpg","contentUrl":"https:\/\/www.robertzueblin.com\/wp-content\/uploads\/heiner-hans-koerting-studio-pottery-blue-vase-kintsugi-repair-1-300x300.jpg"},{"@type":"BreadcrumbList","@id":"https:\/\/www.robertzueblin.com\/en\/kintsugi\/kintsugi-psychology-and-find-kintsugi-book\/#breadcrumb","itemListElement":[{"@type":"ListItem","position":1,"name":"Startseite","item":"https:\/\/www.robertzueblin.com\/en\/"},{"@type":"ListItem","position":2,"name":"Kintsugi &#8211; Philosophy, Meaning, History","item":"https:\/\/www.robertzueblin.com\/en\/kintsugi\/"},{"@type":"ListItem","position":3,"name":"Kintsugi Psychology and find Kintsugi Book"}]},{"@type":"WebSite","@id":"https:\/\/www.robertzueblin.com\/en\/#website","url":"https:\/\/www.robertzueblin.com\/en\/","name":"ROBERT Z\u00dcBLIN","description":"","publisher":{"@id":"https:\/\/www.robertzueblin.com\/en\/#organization"},"potentialAction":[{"@type":"SearchAction","target":{"@type":"EntryPoint","urlTemplate":"https:\/\/www.robertzueblin.com\/en\/?s={search_term_string}"},"query-input":{"@type":"PropertyValueSpecification","valueRequired":true,"valueName":"search_term_string"}}],"inLanguage":"en-US"},{"@type":"Organization","@id":"https:\/\/www.robertzueblin.com\/en\/#organization","name":"ROBERT Z\u00dcBLIN","url":"https:\/\/www.robertzueblin.com\/en\/","logo":{"@type":"ImageObject","inLanguage":"en-US","@id":"https:\/\/www.robertzueblin.com\/en\/#\/schema\/logo\/image\/","url":"https:\/\/www.robertzueblin.com\/wp-content\/uploads\/cropped-cropped-logo-von-robert-zueblin.jpg","contentUrl":"https:\/\/www.robertzueblin.com\/wp-content\/uploads\/cropped-cropped-logo-von-robert-zueblin.jpg","width":440,"height":60,"caption":"ROBERT Z\u00dcBLIN"},"image":{"@id":"https:\/\/www.robertzueblin.com\/en\/#\/schema\/logo\/image\/"}}]}},"_links":{"self":[{"href":"https:\/\/www.robertzueblin.com\/en\/wp-json\/wp\/v2\/pages\/33814","targetHints":{"allow":["GET"]}}],"collection":[{"href":"https:\/\/www.robertzueblin.com\/en\/wp-json\/wp\/v2\/pages"}],"about":[{"href":"https:\/\/www.robertzueblin.com\/en\/wp-json\/wp\/v2\/types\/page"}],"author":[{"embeddable":true,"href":"https:\/\/www.robertzueblin.com\/en\/wp-json\/wp\/v2\/users\/2"}],"replies":[{"embeddable":true,"href":"https:\/\/www.robertzueblin.com\/en\/wp-json\/wp\/v2\/comments?post=33814"}],"version-history":[{"count":12,"href":"https:\/\/www.robertzueblin.com\/en\/wp-json\/wp\/v2\/pages\/33814\/revisions"}],"predecessor-version":[{"id":34108,"href":"https:\/\/www.robertzueblin.com\/en\/wp-json\/wp\/v2\/pages\/33814\/revisions\/34108"}],"up":[{"embeddable":true,"href":"https:\/\/www.robertzueblin.com\/en\/wp-json\/wp\/v2\/pages\/33457"}],"wp:attachment":[{"href":"https:\/\/www.robertzueblin.com\/en\/wp-json\/wp\/v2\/media?parent=33814"}],"curies":[{"name":"wp","href":"https:\/\/api.w.org\/{rel}","templated":true}]}}