{"id":29166,"date":"2022-10-07T18:13:10","date_gmt":"2022-10-07T16:13:10","guid":{"rendered":"https:\/\/www.robertzueblin.com\/?page_id=29166"},"modified":"2023-12-26T15:09:02","modified_gmt":"2023-12-26T14:09:02","slug":"exhibition-daniel-zuloaga-1852-1921-museo-de-bellas-artes-de-alava","status":"publish","type":"page","link":"https:\/\/www.robertzueblin.com\/en\/pottery-news\/exhibition-daniel-zuloaga-1852-1921-museo-de-bellas-artes-de-alava\/","title":{"rendered":"Exhibition Daniel Zuloaga (1852-1921) &#8211; Museo de Bellas Artes de \u00c1lava"},"content":{"rendered":"<figure class=\"newsst\"><img decoding=\"async\" src=\"https:\/\/www.robertzueblin.com\/wp-content\/uploads\/daniel-zuloaga-exhibition.jpg\" alt=\"In the exhibition Daniel Zuloaga (1852-1921) in the Museo de Bellas Artes de \u00c1lava are shown works of Daniel Zuloaga (ceramist), such as tiles, ceramic vases, a box and a bust.\" width=\"100%\" height=\"auto\" \/><\/figure><figcaption><strong><a href=\"https:\/\/www.robertzueblin.com\/en\/daniel-zuloaga\/mortar\/\">Ceramic Mortar from Daniel Zuloaga (not in \u00c1lava exhibition)<\/a><\/strong><\/figcaption><table style=\"margin-bottom: 1.5em; margin-top: 2em;\">\n<tbody>\n<tr>\n<td style=\"border-width: 0.15em; line-height: 0; border-color: #bfbfbf!important;\"><span style=\"float:right; font-size: 0.9em; color:#aaaaaa!important;\">Robert Z\u00fcblin | 07.10.2022 | 18:13 h<\/span><\/td>\n<\/tbody>\n<\/table>\n<div class=\"newsssst\"><strong>The Museo de Bellas Artes de \u00c1lava shows in the exhibition &#8220;Daniel Zuloaga (1852-1921)&#8221; works in ceramics by one of the first art ceramists in Spain.<\/strong><\/div>\n<h2 class=\"newssst\">On occasion of 100th anniversary of death of ceramist Daniel Zuloaga<\/h2>\n<p>The exhibition &#8220;Daniel Zuloaga (1852-1921)&#8221; will run from May 18, 2022 to November 20, 2022 at the Museo de Bellas Artes de \u00c1lava (Museum of Fine Arts \u00c1lava), located in the Basque capital Vitoria-Gasteiz in Spain. The occasion for the Zuloaga exhibition is the 100th anniversary of <a href=\"https:\/\/www.robertzueblin.com\/en\/daniel-zuloaga\">Daniel Zuloaga&#8217;s<\/a> death in 2021.  <\/p>\n<p>In 1867, at the age of 15, Daniel Zuloaga began his five-year apprenticeship at the Manufacture royale de porcelaine de S\u00e8vres in France, one of the most important porcelain manufactories in Europe. Zuloaga, however, wanted to create a counterpoint to the attempts to copy porcelain production from S\u00e8vres and elsewhere in Europe.  <\/p>\n<p>An exhibition brochure for a Daniel Zuloaga exhibition in Madrid circa 1912 states:  <\/p>\n<p><em>&#8220;What Zuloaga avoids is vile imitation. The student of S\u00e8vres, with all due respect, felt that the opposite should be done. One thing is tableware for eating made of unsightly materials and another thing is a decorative object that has no other purpose than to please the eye, and that is why Zuloaga is much more interested in earthenware than in porcelain, which, as has been said, is discredited by those great industries that flood all the shop windows of Madrid with ridiculous bisque porcelain as parodies of S\u00e8vres, Sax, Berlin, Vienna, Chelsen, etc. which cannot enter the room of a person trained in art.&#8221;<\/em> <\/p>\n<h2 class=\"newssst\">Eight Zuloaga ceramics on display<\/h2>\n<p>A total of eight ceramics by Daniel Zuloaga will be on display in the exhibition, including a bust of a flamenco dancer, previously called &#8220;The Gypsy&#8221; but which, thanks to a loan as part of the exhibition &#8220;<a href=\"https:\/\/fundacionzuloaga.com\/exposicion-zuloaga-gitano-flamenco\/\">Zuloaga, entre lo gitano y el flamenco<\/a>&#8221; (<a href=\"https:\/\/www.youtube.com\/watch?v=DFM2_7_fZX8&#038;t=13s\">video accompanying the exhibition<\/a>) in Granada, has since been given a name: Agustina.  <\/p>\n<p>Besides the Agustina bust, there are other works by Daniel Zuloaga in the current exhibition at the Museo de Bellas Artes de \u00c1lava, namely a pictorial box, pictorial tiles and pictorial vases, and a vase with a coat of arms.  <\/p>\n<p>On the <a href=\"https:\/\/arteederrenmuseoa.eus\/es\/web\/arteederrenmuseoa\/-\/daniel-zuloaga\">museum&#8217;s page about the current Daniel Zuloaga exhibition<\/a> at the Museo de Bellas Artes de \u00c1lava there is both a <a href=\"https:\/\/www.youtube.com\/watch?v=o3KCkmfScYg\">video<\/a> about the exhibition and a link to a detailed exhibition brochure with a lot of information about the life of Daniel Zuloaga and the exhibits.<\/p>\n<div>&nbsp;<\/div>\n<p><a href=\"https:\/\/www.robertzueblin.com\/en\/daniel-zuloaga\" style=\"font-size: 0.8em; text-decoration: none; background: #D8D8D8; padding-left: 0.1em; padding-right: 0.1em; padding-top: -0.1em; padding-bottom: -0.2em; float:right;\">Daniel Zuloaga<\/a><\/p>\n<div>&nbsp;<\/div>\n","protected":false},"excerpt":{"rendered":"<p>Ceramic Mortar from Daniel Zuloaga (not in \u00c1lava exhibition) Robert Z\u00fcblin | 07.10.2022 | 18:13 h The Museo de Bellas Artes de \u00c1lava shows in the exhibition &#8220;Daniel Zuloaga (1852-1921)&#8221; works in ceramics by one of the first art ceramists in Spain. On occasion of 100th anniversary of death of ceramist Daniel Zuloaga The exhibition [&hellip;]<\/p>\n","protected":false},"author":1,"featured_media":0,"parent":209,"menu_order":0,"comment_status":"closed","ping_status":"closed","template":"","meta":{"footnotes":""},"class_list":["post-29166","page","type-page","status-publish","hentry"],"yoast_head":"<!-- This site is optimized with the Yoast SEO plugin v27.4 - https:\/\/yoast.com\/product\/yoast-seo-wordpress\/ -->\n<title>Exhibition Daniel Zuloaga 1852-1921 - Museo Bellas Artes \u00c1lava<\/title>\n<meta name=\"description\" content=\"Exhibition Daniel Zuloaga (1852-1921): Museo de Bellas Artes de \u00c1lava shows works by Daniel Zuloaga, ceramicist, tiles, vases, box, bust.\" \/>\n<meta name=\"robots\" content=\"index, follow, max-snippet:-1, max-image-preview:large, max-video-preview:-1\" \/>\n<link rel=\"canonical\" href=\"https:\/\/www.robertzueblin.com\/en\/pottery-news\/exhibition-daniel-zuloaga-1852-1921-museo-de-bellas-artes-de-alava\/\" \/>\n<meta property=\"og:locale\" content=\"en_US\" \/>\n<meta property=\"og:type\" content=\"article\" \/>\n<meta property=\"og:title\" content=\"Exhibition Daniel Zuloaga 1852-1921 - Museo Bellas Artes \u00c1lava\" \/>\n<meta property=\"og:description\" content=\"Exhibition Daniel Zuloaga (1852-1921): Museo de Bellas Artes de \u00c1lava shows works by Daniel Zuloaga, ceramicist, tiles, vases, box, bust.\" \/>\n<meta property=\"og:url\" content=\"https:\/\/www.robertzueblin.com\/en\/pottery-news\/exhibition-daniel-zuloaga-1852-1921-museo-de-bellas-artes-de-alava\/\" \/>\n<meta property=\"og:site_name\" content=\"ROBERT Z\u00dcBLIN\" \/>\n<meta property=\"article:modified_time\" content=\"2023-12-26T14:09:02+00:00\" \/>\n<meta property=\"og:image\" content=\"https:\/\/www.robertzueblin.com\/wp-content\/uploads\/daniel-zuloaga-exhibition.jpg\" \/>\n<meta name=\"twitter:card\" content=\"summary_large_image\" \/>\n<script type=\"application\/ld+json\" class=\"yoast-schema-graph\">{\"@context\":\"https:\\\/\\\/schema.org\",\"@graph\":[{\"@type\":\"WebPage\",\"@id\":\"https:\\\/\\\/www.robertzueblin.com\\\/en\\\/pottery-news\\\/exhibition-daniel-zuloaga-1852-1921-museo-de-bellas-artes-de-alava\\\/\",\"url\":\"https:\\\/\\\/www.robertzueblin.com\\\/en\\\/pottery-news\\\/exhibition-daniel-zuloaga-1852-1921-museo-de-bellas-artes-de-alava\\\/\",\"name\":\"Exhibition Daniel Zuloaga 1852-1921 - Museo Bellas Artes \u00c1lava\",\"isPartOf\":{\"@id\":\"https:\\\/\\\/www.robertzueblin.com\\\/en\\\/#website\"},\"primaryImageOfPage\":{\"@id\":\"https:\\\/\\\/www.robertzueblin.com\\\/en\\\/pottery-news\\\/exhibition-daniel-zuloaga-1852-1921-museo-de-bellas-artes-de-alava\\\/#primaryimage\"},\"image\":{\"@id\":\"https:\\\/\\\/www.robertzueblin.com\\\/en\\\/pottery-news\\\/exhibition-daniel-zuloaga-1852-1921-museo-de-bellas-artes-de-alava\\\/#primaryimage\"},\"thumbnailUrl\":\"https:\\\/\\\/www.robertzueblin.com\\\/wp-content\\\/uploads\\\/daniel-zuloaga-exhibition.jpg\",\"datePublished\":\"2022-10-07T16:13:10+00:00\",\"dateModified\":\"2023-12-26T14:09:02+00:00\",\"description\":\"Exhibition Daniel Zuloaga (1852-1921): Museo de Bellas Artes de \u00c1lava shows works by Daniel Zuloaga, ceramicist, tiles, vases, box, bust.\",\"breadcrumb\":{\"@id\":\"https:\\\/\\\/www.robertzueblin.com\\\/en\\\/pottery-news\\\/exhibition-daniel-zuloaga-1852-1921-museo-de-bellas-artes-de-alava\\\/#breadcrumb\"},\"inLanguage\":\"en-US\",\"potentialAction\":[{\"@type\":\"ReadAction\",\"target\":[\"https:\\\/\\\/www.robertzueblin.com\\\/en\\\/pottery-news\\\/exhibition-daniel-zuloaga-1852-1921-museo-de-bellas-artes-de-alava\\\/\"]}]},{\"@type\":\"ImageObject\",\"inLanguage\":\"en-US\",\"@id\":\"https:\\\/\\\/www.robertzueblin.com\\\/en\\\/pottery-news\\\/exhibition-daniel-zuloaga-1852-1921-museo-de-bellas-artes-de-alava\\\/#primaryimage\",\"url\":\"https:\\\/\\\/www.robertzueblin.com\\\/wp-content\\\/uploads\\\/daniel-zuloaga-exhibition.jpg\",\"contentUrl\":\"https:\\\/\\\/www.robertzueblin.com\\\/wp-content\\\/uploads\\\/daniel-zuloaga-exhibition.jpg\"},{\"@type\":\"BreadcrumbList\",\"@id\":\"https:\\\/\\\/www.robertzueblin.com\\\/en\\\/pottery-news\\\/exhibition-daniel-zuloaga-1852-1921-museo-de-bellas-artes-de-alava\\\/#breadcrumb\",\"itemListElement\":[{\"@type\":\"ListItem\",\"position\":1,\"name\":\"Startseite\",\"item\":\"https:\\\/\\\/www.robertzueblin.com\\\/en\\\/\"},{\"@type\":\"ListItem\",\"position\":2,\"name\":\"Art and Pottery News\",\"item\":\"https:\\\/\\\/www.robertzueblin.com\\\/en\\\/pottery-news\\\/\"},{\"@type\":\"ListItem\",\"position\":3,\"name\":\"Exhibition Daniel Zuloaga (1852-1921) &#8211; Museo de Bellas Artes de \u00c1lava\"}]},{\"@type\":\"WebSite\",\"@id\":\"https:\\\/\\\/www.robertzueblin.com\\\/en\\\/#website\",\"url\":\"https:\\\/\\\/www.robertzueblin.com\\\/en\\\/\",\"name\":\"ROBERT Z\u00dcBLIN\",\"description\":\"\",\"publisher\":{\"@id\":\"https:\\\/\\\/www.robertzueblin.com\\\/en\\\/#organization\"},\"potentialAction\":[{\"@type\":\"SearchAction\",\"target\":{\"@type\":\"EntryPoint\",\"urlTemplate\":\"https:\\\/\\\/www.robertzueblin.com\\\/en\\\/?s={search_term_string}\"},\"query-input\":{\"@type\":\"PropertyValueSpecification\",\"valueRequired\":true,\"valueName\":\"search_term_string\"}}],\"inLanguage\":\"en-US\"},{\"@type\":\"Organization\",\"@id\":\"https:\\\/\\\/www.robertzueblin.com\\\/en\\\/#organization\",\"name\":\"ROBERT Z\u00dcBLIN\",\"url\":\"https:\\\/\\\/www.robertzueblin.com\\\/en\\\/\",\"logo\":{\"@type\":\"ImageObject\",\"inLanguage\":\"en-US\",\"@id\":\"https:\\\/\\\/www.robertzueblin.com\\\/en\\\/#\\\/schema\\\/logo\\\/image\\\/\",\"url\":\"https:\\\/\\\/www.robertzueblin.com\\\/wp-content\\\/uploads\\\/cropped-cropped-logo-von-robert-zueblin.jpg\",\"contentUrl\":\"https:\\\/\\\/www.robertzueblin.com\\\/wp-content\\\/uploads\\\/cropped-cropped-logo-von-robert-zueblin.jpg\",\"width\":440,\"height\":60,\"caption\":\"ROBERT Z\u00dcBLIN\"},\"image\":{\"@id\":\"https:\\\/\\\/www.robertzueblin.com\\\/en\\\/#\\\/schema\\\/logo\\\/image\\\/\"}}]}<\/script>\n<!-- \/ Yoast SEO plugin. -->","yoast_head_json":{"title":"Exhibition Daniel Zuloaga 1852-1921 - Museo Bellas Artes \u00c1lava","description":"Exhibition Daniel Zuloaga (1852-1921): Museo de Bellas Artes de \u00c1lava shows works by Daniel Zuloaga, ceramicist, tiles, vases, box, bust.","robots":{"index":"index","follow":"follow","max-snippet":"max-snippet:-1","max-image-preview":"max-image-preview:large","max-video-preview":"max-video-preview:-1"},"canonical":"https:\/\/www.robertzueblin.com\/en\/pottery-news\/exhibition-daniel-zuloaga-1852-1921-museo-de-bellas-artes-de-alava\/","og_locale":"en_US","og_type":"article","og_title":"Exhibition Daniel Zuloaga 1852-1921 - Museo Bellas Artes \u00c1lava","og_description":"Exhibition Daniel Zuloaga (1852-1921): Museo de Bellas Artes de \u00c1lava shows works by Daniel Zuloaga, ceramicist, tiles, vases, box, bust.","og_url":"https:\/\/www.robertzueblin.com\/en\/pottery-news\/exhibition-daniel-zuloaga-1852-1921-museo-de-bellas-artes-de-alava\/","og_site_name":"ROBERT Z\u00dcBLIN","article_modified_time":"2023-12-26T14:09:02+00:00","og_image":[{"url":"https:\/\/www.robertzueblin.com\/wp-content\/uploads\/daniel-zuloaga-exhibition.jpg","type":"","width":"","height":""}],"twitter_card":"summary_large_image","schema":{"@context":"https:\/\/schema.org","@graph":[{"@type":"WebPage","@id":"https:\/\/www.robertzueblin.com\/en\/pottery-news\/exhibition-daniel-zuloaga-1852-1921-museo-de-bellas-artes-de-alava\/","url":"https:\/\/www.robertzueblin.com\/en\/pottery-news\/exhibition-daniel-zuloaga-1852-1921-museo-de-bellas-artes-de-alava\/","name":"Exhibition Daniel Zuloaga 1852-1921 - Museo Bellas Artes \u00c1lava","isPartOf":{"@id":"https:\/\/www.robertzueblin.com\/en\/#website"},"primaryImageOfPage":{"@id":"https:\/\/www.robertzueblin.com\/en\/pottery-news\/exhibition-daniel-zuloaga-1852-1921-museo-de-bellas-artes-de-alava\/#primaryimage"},"image":{"@id":"https:\/\/www.robertzueblin.com\/en\/pottery-news\/exhibition-daniel-zuloaga-1852-1921-museo-de-bellas-artes-de-alava\/#primaryimage"},"thumbnailUrl":"https:\/\/www.robertzueblin.com\/wp-content\/uploads\/daniel-zuloaga-exhibition.jpg","datePublished":"2022-10-07T16:13:10+00:00","dateModified":"2023-12-26T14:09:02+00:00","description":"Exhibition Daniel Zuloaga (1852-1921): Museo de Bellas Artes de \u00c1lava shows works by Daniel Zuloaga, ceramicist, tiles, vases, box, bust.","breadcrumb":{"@id":"https:\/\/www.robertzueblin.com\/en\/pottery-news\/exhibition-daniel-zuloaga-1852-1921-museo-de-bellas-artes-de-alava\/#breadcrumb"},"inLanguage":"en-US","potentialAction":[{"@type":"ReadAction","target":["https:\/\/www.robertzueblin.com\/en\/pottery-news\/exhibition-daniel-zuloaga-1852-1921-museo-de-bellas-artes-de-alava\/"]}]},{"@type":"ImageObject","inLanguage":"en-US","@id":"https:\/\/www.robertzueblin.com\/en\/pottery-news\/exhibition-daniel-zuloaga-1852-1921-museo-de-bellas-artes-de-alava\/#primaryimage","url":"https:\/\/www.robertzueblin.com\/wp-content\/uploads\/daniel-zuloaga-exhibition.jpg","contentUrl":"https:\/\/www.robertzueblin.com\/wp-content\/uploads\/daniel-zuloaga-exhibition.jpg"},{"@type":"BreadcrumbList","@id":"https:\/\/www.robertzueblin.com\/en\/pottery-news\/exhibition-daniel-zuloaga-1852-1921-museo-de-bellas-artes-de-alava\/#breadcrumb","itemListElement":[{"@type":"ListItem","position":1,"name":"Startseite","item":"https:\/\/www.robertzueblin.com\/en\/"},{"@type":"ListItem","position":2,"name":"Art and Pottery News","item":"https:\/\/www.robertzueblin.com\/en\/pottery-news\/"},{"@type":"ListItem","position":3,"name":"Exhibition Daniel Zuloaga (1852-1921) &#8211; Museo de Bellas Artes de \u00c1lava"}]},{"@type":"WebSite","@id":"https:\/\/www.robertzueblin.com\/en\/#website","url":"https:\/\/www.robertzueblin.com\/en\/","name":"ROBERT Z\u00dcBLIN","description":"","publisher":{"@id":"https:\/\/www.robertzueblin.com\/en\/#organization"},"potentialAction":[{"@type":"SearchAction","target":{"@type":"EntryPoint","urlTemplate":"https:\/\/www.robertzueblin.com\/en\/?s={search_term_string}"},"query-input":{"@type":"PropertyValueSpecification","valueRequired":true,"valueName":"search_term_string"}}],"inLanguage":"en-US"},{"@type":"Organization","@id":"https:\/\/www.robertzueblin.com\/en\/#organization","name":"ROBERT Z\u00dcBLIN","url":"https:\/\/www.robertzueblin.com\/en\/","logo":{"@type":"ImageObject","inLanguage":"en-US","@id":"https:\/\/www.robertzueblin.com\/en\/#\/schema\/logo\/image\/","url":"https:\/\/www.robertzueblin.com\/wp-content\/uploads\/cropped-cropped-logo-von-robert-zueblin.jpg","contentUrl":"https:\/\/www.robertzueblin.com\/wp-content\/uploads\/cropped-cropped-logo-von-robert-zueblin.jpg","width":440,"height":60,"caption":"ROBERT Z\u00dcBLIN"},"image":{"@id":"https:\/\/www.robertzueblin.com\/en\/#\/schema\/logo\/image\/"}}]}},"_links":{"self":[{"href":"https:\/\/www.robertzueblin.com\/en\/wp-json\/wp\/v2\/pages\/29166","targetHints":{"allow":["GET"]}}],"collection":[{"href":"https:\/\/www.robertzueblin.com\/en\/wp-json\/wp\/v2\/pages"}],"about":[{"href":"https:\/\/www.robertzueblin.com\/en\/wp-json\/wp\/v2\/types\/page"}],"author":[{"embeddable":true,"href":"https:\/\/www.robertzueblin.com\/en\/wp-json\/wp\/v2\/users\/1"}],"replies":[{"embeddable":true,"href":"https:\/\/www.robertzueblin.com\/en\/wp-json\/wp\/v2\/comments?post=29166"}],"version-history":[{"count":19,"href":"https:\/\/www.robertzueblin.com\/en\/wp-json\/wp\/v2\/pages\/29166\/revisions"}],"predecessor-version":[{"id":35989,"href":"https:\/\/www.robertzueblin.com\/en\/wp-json\/wp\/v2\/pages\/29166\/revisions\/35989"}],"up":[{"embeddable":true,"href":"https:\/\/www.robertzueblin.com\/en\/wp-json\/wp\/v2\/pages\/209"}],"wp:attachment":[{"href":"https:\/\/www.robertzueblin.com\/en\/wp-json\/wp\/v2\/media?parent=29166"}],"curies":[{"name":"wp","href":"https:\/\/api.w.org\/{rel}","templated":true}]}}