{"id":28689,"date":"2022-09-09T18:51:09","date_gmt":"2022-09-09T16:51:09","guid":{"rendered":"https:\/\/www.robertzueblin.com\/?page_id=28689"},"modified":"2025-04-23T18:11:16","modified_gmt":"2025-04-23T16:11:16","slug":"about","status":"publish","type":"page","link":"https:\/\/www.robertzueblin.com\/en\/about\/","title":{"rendered":"About"},"content":{"rendered":"<p><strong>Behind the website ROBERT Z\u00dcBLIN is, who would have thought it: Robert Z\u00fcblin, who runs an <a href=\"https:\/\/www.robertzueblin.com\/en\/online-art-gallery\/\">online art gallery<\/a> on this website. <\/p>\n<div style=\"float: left; margin-right: 1em;\"><img decoding=\"async\" src=\"https:\/\/www.robertzueblin.com\/wp-content\/uploads\/online-art-gallery-robert-zueblin-225x300.jpg\" alt=\"Online Art Gallery Robert Z\u00fcblin\" width=\"225\" height=\"300\" class=\"alignnone size-medium wp-image-44637\" srcset=\"https:\/\/www.robertzueblin.com\/wp-content\/uploads\/online-art-gallery-robert-zueblin-225x300.jpg 225w, https:\/\/www.robertzueblin.com\/wp-content\/uploads\/online-art-gallery-robert-zueblin-416x555.jpg 416w, https:\/\/www.robertzueblin.com\/wp-content\/uploads\/online-art-gallery-robert-zueblin.jpg 480w\" sizes=\"(max-width: 225px) 100vw, 225px\" \/><\/div>\n<p>So that&#8217;s me, Robert Z\u00fcblin, who puts so many studio ceramics, art paintings, art photographs and sculptures on the net here, whereby many pieces are still available for purchase, others have already been bought and are marked accordingly. The pieces are all located in Zurich and are therefore shipped from Switzerland. I also offer <a href=\"https:\/\/www.robertzueblin.com\/en\/kintsugi\/japanese-gold-repair-pottery-service\/\">Kintsugi repair of ceramics and porcelain<\/a> pieces, i.e. the repair of ceramics using the Japanese Kintsugi technique.<\/strong><\/p>\n<div>&nbsp;<\/div>\n<div style=\"text-align:center;font-size:1.8em;font-family:AkkoPro-BoldCondensed!important;\"><strong>Customer testimonials<\/strong><\/div>\n<p> <div id=\"metaslider-id-36218\" style=\"max-width: 500px; margin: 0 auto;\" class=\"ml-slider-3-107-0 ml-slider-pro-2-55-0 metaslider metaslider-flex metaslider-36218 ml-slider has-dots-nav ms-theme-default\" role=\"region\" aria-label=\"Kundenstimmen EN\" data-height=\"250\" data-width=\"500\">\n    <div id=\"metaslider_container_36218\">\n        <div id=\"metaslider_36218\">\n            <ul class='slides'>\n                <li class=\"slide-36219 ms-layer \" style=\"display: block; width: 100%;\" data-slide-type=\"html_overlay\" data-date=\"2023-12-31 15:10:10\" data-filename=\"customer-testimonials-slider-desk.jpg\"><img decoding=\"async\" width=\"500\" height=\"250\" src=\"https:\/\/www.robertzueblin.com\/wp-content\/uploads\/customer-testimonials-slider-desk.jpg\" class=\"msDefaultImage\" alt=\"\" title=\"\" srcset=\"https:\/\/www.robertzueblin.com\/wp-content\/uploads\/customer-testimonials-slider-desk.jpg 500w, https:\/\/www.robertzueblin.com\/wp-content\/uploads\/customer-testimonials-slider-desk-300x150.jpg 300w, https:\/\/www.robertzueblin.com\/wp-content\/uploads\/customer-testimonials-slider-desk-416x208.jpg 416w\" sizes=\"(max-width: 500px) 100vw, 500px\" \/><div class='msHtmlOverlay' style='display: none; position: absolute; top: 0; left: 0; width: 100%; height: 100%; ' ><div class=\"layer\" style=\"width: 493px; height: 291px; top: 5px; left: 5px; position: absolute;\" data-width=\"491\" data-height=\"291\"><div class=\"animation_in animated disabled\" data-animation=\"disabled\" data-animation-delay=\"0\" style=\"width: 100%; height: 100%;\"><div class=\"animation_out animated disabled\" data-animation=\"disabled\" data-animation-delay=\"0\" style=\"height: 100%; width: 100%;\"><div class=\"ms_content_wrap\" style=\"height: 100%; background: rgba(114, 112, 112, 0.24);\"><div class=\"content\" id=\"layer_content_710676443\" style=\"color: white; padding: 12px; position: relative;\" data-padding=\"12\"><div style=\"margin-left:auto;margin-right:auto;width:100%;height:auto;text-align:center;font-size:1em;font-family:AkkoPro-BoldCondensed!important;color:#363636;\"><strong>Ulrich Wachholtz from Germany says:<\/strong><\/div><div style=\"margin-left:auto;margin-right:auto;width:100%;height:auto;text-align:center;font-size:1em;font-family:AkkoPro-Condensed!important;color:#363636;\"><em>\"The Z\u00fcblin online store has a select range of rare studio pottery. An assortment that is unique on the net. Good photographs with comprehensive descriptions. And the order processing works quickly and smoothly. 5 stars\"<\/em><\/div><\/div><\/div><\/div><\/div><\/div><\/div><\/li>\n                <li class=\"slide-36942 ms-layer \" style=\"display: none; width: 100%;\" data-slide-type=\"html_overlay\" data-date=\"2024-02-18 14:48:44\" data-filename=\"kundenstimmen-slider-desk.jpg\"><img decoding=\"async\" width=\"500\" height=\"250\" src=\"https:\/\/www.robertzueblin.com\/wp-content\/uploads\/kundenstimmen-slider-desk.jpg\" class=\"msDefaultImage\" alt=\"\" title=\"\" srcset=\"https:\/\/www.robertzueblin.com\/wp-content\/uploads\/kundenstimmen-slider-desk.jpg 500w, https:\/\/www.robertzueblin.com\/wp-content\/uploads\/kundenstimmen-slider-desk-300x150.jpg 300w, https:\/\/www.robertzueblin.com\/wp-content\/uploads\/kundenstimmen-slider-desk-416x208.jpg 416w\" sizes=\"(max-width: 500px) 100vw, 500px\" \/><div class='msHtmlOverlay' style='display: none; position: absolute; top: 0; left: 0; width: 100%; height: 100%; ' ><div class=\"layer\" style=\"width: 493px; height: 291px; top: 5px; left: 5px; position: absolute;\" data-width=\"491\" data-height=\"291\"><div class=\"animation_in animated disabled\" data-animation=\"disabled\" data-animation-delay=\"0\" style=\"width: 100%; height: 100%;\"><div class=\"animation_out animated disabled\" data-animation=\"disabled\" data-animation-delay=\"0\" style=\"height: 100%; width: 100%;\"><div class=\"ms_content_wrap\" style=\"height: 100%; background: rgba(114, 112, 112, 0.24);\"><div class=\"content\" id=\"layer_content_710676443\" style=\"color: white; padding: 12px; position: relative;\" data-padding=\"12\"><div style=\"margin-left:auto;margin-right:auto;width:100%;height:auto;text-align:center;font-size:1em;font-family:AkkoPro-BoldCondensed!important;color:#363636;\"><strong>Victor Novotny from the USA says:<\/strong><\/div><div style=\"margin-left:auto;margin-right:auto;width:100%;height:auto;text-align:center;font-size:1em;font-family:AkkoPro-Condensed!important;color:#363636;\"><em>\"I was very happy to discover Robert Z\u00fcblin's store a couple of years ago and have since acquired two hard to find and interesting examples by Otto Hohlt and his son Albrecht.\"<\/em><\/div><\/div><\/div><\/div><\/div><\/div><\/div><\/li>\n                <li class=\"slide-36220 ms-layer \" style=\"display: none; width: 100%;\" data-slide-type=\"html_overlay\" data-date=\"2023-12-31 15:10:11\" data-filename=\"customer-testimonials-slider-desk.jpg\"><img decoding=\"async\" width=\"500\" height=\"250\" src=\"https:\/\/www.robertzueblin.com\/wp-content\/uploads\/customer-testimonials-slider-desk.jpg\" class=\"msDefaultImage\" alt=\"\" title=\"\" srcset=\"https:\/\/www.robertzueblin.com\/wp-content\/uploads\/customer-testimonials-slider-desk.jpg 500w, https:\/\/www.robertzueblin.com\/wp-content\/uploads\/customer-testimonials-slider-desk-300x150.jpg 300w, https:\/\/www.robertzueblin.com\/wp-content\/uploads\/customer-testimonials-slider-desk-416x208.jpg 416w\" sizes=\"(max-width: 500px) 100vw, 500px\" \/><div class='msHtmlOverlay' style='display: none; position: absolute; top: 0; left: 0; width: 100%; height: 100%; ' ><div class=\"layer\" style=\"width: 493px; height: 281px; top: 5px; left: 5px; position: absolute;\" data-width=\"491\" data-height=\"281\"><div class=\"animation_in animated disabled\" data-animation=\"disabled\" data-animation-delay=\"0\" style=\"width: 100%; height: 100%;\"><div class=\"animation_out animated disabled\" data-animation=\"disabled\" data-animation-delay=\"0\" style=\"height: 100%; width: 100%;\"><div class=\"ms_content_wrap\" style=\"height: 100%; background: rgba(114, 112, 112, 0.24);\"><div class=\"content\" id=\"layer_content_135423627\" style=\"color: white; padding: 12px; position: relative;\" data-padding=\"12\"><div style=\"margin-left:auto;margin-right:auto;width:100%;height:auto;text-align:center;font-size:1em;font-family:AkkoPro-BoldCondensed!important;color:#363636;\"><strong>Jos Devriendt from Belgium,Gent, says:<\/strong><\/div><div style=\"margin-left:auto;margin-right:auto;width:100%;height:auto;text-align:center;font-size:1em;font-family:AkkoPro-Condensed!important;color:#363636;\"><em>\"The service about transport and tax declaration was very correct and the ceramic selection rare to find.\"<\/em><\/div><\/div><\/div><\/div><\/div><\/div><\/div><\/li>\n            <\/ul>\n        <\/div>\n        \n    <\/div>\n<\/div><\/p>\n<div>&nbsp;<\/div>\n<div>&nbsp;<\/div>\n<h2>How I came to pottery<\/h2>\n<p>For almost 10 years now I have been dealing with <a href=\"https:\/\/www.robertzueblin.com\/en\/arts\/art-pottery-studio-pottery\/\">studio pottery<\/a> and masterpieces made of ceramics. It all started at a flea market in Berlin (Germany), where I sold, among other things, vases, bowls and dishes especially from the 1920s, 1930s, 1940s, 1950s, 1960s and 1970s, which were actually only design pieces, i.e. factory goods from mass production.<\/p>\n<p>After I went to the flea market on the Stra\u00dfe des 17. Juni in Berlin a few times (the first Berlin flea market, by the way) to offer my design pieces, an older gentleman approached me at some point and told me that they were all quite nice ceramics, but real pottery looked different. He was referring to studio pottery and masterpieces by ceramists such as Richard Bampi, Jan Bontjes van Beek, Gusso Reuss or the Hohlt studio. The older gentleman turned out to be the expert on German studio pottery between the wars and became my mentor for the next few years, from whom I learned an enormous amount about studio pottery; whether it was how to look for a good piece, how to tell if a piece is thrown or built, how to check if a piece is cracked or how to identify pottery signatures, for example. In retrospect, I can&#8217;t imagine a better education than at that flea market, where I met my mentor on a weekly basis. Of course, I also met many other experts and collectors at the 17th of June flea market who shared their knowledge with me.  <\/p>\n<p>In order to offer studio pottery beyond the borders of Germany (and now Switzerland), I had decided to set up an online shop, on whose website you are now. In the meantime, <a href=\"https:\/\/www.robertzueblin.com\/en\/arts\/paintings\/\">art paintings<\/a>, art photographs and sculptures have also been added. I hope you enjoy browsing and I would also be happy for you if you decide to buy a piece:<\/p>\n<p><a href=\"https:\/\/www.robertzueblin.com\/en\/online-art-gallery\/#online-shop\" style=\"font-family: AkkoPro-BoldCondensed!important;text-decoration: none; color: #ffffff!important; background: #000000; padding-left: 0.8em; padding-right: 0.8em; padding-top: 0.4em; padding-bottom: 0.4em; float:left;\">To the works of art in the art gallery online shop<\/a><\/p>\n","protected":false},"excerpt":{"rendered":"<p>Behind the website ROBERT Z\u00dcBLIN is, who would have thought it: Robert Z\u00fcblin, who runs an online art gallery on this website. So that&#8217;s me, Robert Z\u00fcblin, who puts so many studio ceramics, art paintings, art photographs and sculptures on the net here, whereby many pieces are still available for purchase, others have already been [&hellip;]<\/p>\n","protected":false},"author":1,"featured_media":0,"parent":0,"menu_order":0,"comment_status":"closed","ping_status":"closed","template":"","meta":{"footnotes":""},"class_list":["post-28689","page","type-page","status-publish","hentry"],"yoast_head":"<!-- This site is optimized with the Yoast SEO plugin v27.4 - https:\/\/yoast.com\/product\/yoast-seo-wordpress\/ -->\n<title>About us - Online Art Gallery ROBERT Z\u00dcBLIN<\/title>\n<meta name=\"robots\" content=\"index, follow, max-snippet:-1, max-image-preview:large, max-video-preview:-1\" \/>\n<link rel=\"canonical\" href=\"https:\/\/www.robertzueblin.com\/en\/about\/\" \/>\n<meta property=\"og:locale\" content=\"en_US\" \/>\n<meta property=\"og:type\" content=\"article\" \/>\n<meta property=\"og:title\" content=\"About us - Online Art Gallery ROBERT Z\u00dcBLIN\" \/>\n<meta property=\"og:description\" content=\"Behind the website ROBERT Z\u00dcBLIN is, who would have thought it: Robert Z\u00fcblin, who runs an online art gallery on this website. So that&#8217;s me, Robert Z\u00fcblin, who puts so many studio ceramics, art paintings, art photographs and sculptures on the net here, whereby many pieces are still available for purchase, others have already been [&hellip;]\" \/>\n<meta property=\"og:url\" content=\"https:\/\/www.robertzueblin.com\/en\/about\/\" \/>\n<meta property=\"og:site_name\" content=\"ROBERT Z\u00dcBLIN\" \/>\n<meta property=\"article:modified_time\" content=\"2025-04-23T16:11:16+00:00\" \/>\n<meta property=\"og:image\" content=\"https:\/\/www.robertzueblin.com\/wp-content\/uploads\/online-art-gallery-robert-zueblin.jpg\" \/>\n\t<meta property=\"og:image:width\" content=\"480\" \/>\n\t<meta property=\"og:image:height\" content=\"640\" \/>\n\t<meta property=\"og:image:type\" content=\"image\/jpeg\" \/>\n<meta name=\"twitter:card\" content=\"summary_large_image\" \/>\n<script type=\"application\/ld+json\" class=\"yoast-schema-graph\">{\"@context\":\"https:\\\/\\\/schema.org\",\"@graph\":[{\"@type\":\"WebPage\",\"@id\":\"https:\\\/\\\/www.robertzueblin.com\\\/en\\\/about\\\/\",\"url\":\"https:\\\/\\\/www.robertzueblin.com\\\/en\\\/about\\\/\",\"name\":\"About us - Online Art Gallery ROBERT Z\u00dcBLIN\",\"isPartOf\":{\"@id\":\"https:\\\/\\\/www.robertzueblin.com\\\/en\\\/#website\"},\"primaryImageOfPage\":{\"@id\":\"https:\\\/\\\/www.robertzueblin.com\\\/en\\\/about\\\/#primaryimage\"},\"image\":{\"@id\":\"https:\\\/\\\/www.robertzueblin.com\\\/en\\\/about\\\/#primaryimage\"},\"thumbnailUrl\":\"https:\\\/\\\/www.robertzueblin.com\\\/wp-content\\\/uploads\\\/online-art-gallery-robert-zueblin-225x300.jpg\",\"datePublished\":\"2022-09-09T16:51:09+00:00\",\"dateModified\":\"2025-04-23T16:11:16+00:00\",\"breadcrumb\":{\"@id\":\"https:\\\/\\\/www.robertzueblin.com\\\/en\\\/about\\\/#breadcrumb\"},\"inLanguage\":\"en-US\",\"potentialAction\":[{\"@type\":\"ReadAction\",\"target\":[\"https:\\\/\\\/www.robertzueblin.com\\\/en\\\/about\\\/\"]}]},{\"@type\":\"ImageObject\",\"inLanguage\":\"en-US\",\"@id\":\"https:\\\/\\\/www.robertzueblin.com\\\/en\\\/about\\\/#primaryimage\",\"url\":\"https:\\\/\\\/www.robertzueblin.com\\\/wp-content\\\/uploads\\\/online-art-gallery-robert-zueblin-225x300.jpg\",\"contentUrl\":\"https:\\\/\\\/www.robertzueblin.com\\\/wp-content\\\/uploads\\\/online-art-gallery-robert-zueblin-225x300.jpg\"},{\"@type\":\"BreadcrumbList\",\"@id\":\"https:\\\/\\\/www.robertzueblin.com\\\/en\\\/about\\\/#breadcrumb\",\"itemListElement\":[{\"@type\":\"ListItem\",\"position\":1,\"name\":\"Startseite\",\"item\":\"https:\\\/\\\/www.robertzueblin.com\\\/en\\\/\"},{\"@type\":\"ListItem\",\"position\":2,\"name\":\"About\"}]},{\"@type\":\"WebSite\",\"@id\":\"https:\\\/\\\/www.robertzueblin.com\\\/en\\\/#website\",\"url\":\"https:\\\/\\\/www.robertzueblin.com\\\/en\\\/\",\"name\":\"ROBERT Z\u00dcBLIN\",\"description\":\"\",\"publisher\":{\"@id\":\"https:\\\/\\\/www.robertzueblin.com\\\/en\\\/#organization\"},\"potentialAction\":[{\"@type\":\"SearchAction\",\"target\":{\"@type\":\"EntryPoint\",\"urlTemplate\":\"https:\\\/\\\/www.robertzueblin.com\\\/en\\\/?s={search_term_string}\"},\"query-input\":{\"@type\":\"PropertyValueSpecification\",\"valueRequired\":true,\"valueName\":\"search_term_string\"}}],\"inLanguage\":\"en-US\"},{\"@type\":\"Organization\",\"@id\":\"https:\\\/\\\/www.robertzueblin.com\\\/en\\\/#organization\",\"name\":\"ROBERT Z\u00dcBLIN\",\"url\":\"https:\\\/\\\/www.robertzueblin.com\\\/en\\\/\",\"logo\":{\"@type\":\"ImageObject\",\"inLanguage\":\"en-US\",\"@id\":\"https:\\\/\\\/www.robertzueblin.com\\\/en\\\/#\\\/schema\\\/logo\\\/image\\\/\",\"url\":\"https:\\\/\\\/www.robertzueblin.com\\\/wp-content\\\/uploads\\\/cropped-cropped-logo-von-robert-zueblin.jpg\",\"contentUrl\":\"https:\\\/\\\/www.robertzueblin.com\\\/wp-content\\\/uploads\\\/cropped-cropped-logo-von-robert-zueblin.jpg\",\"width\":440,\"height\":60,\"caption\":\"ROBERT Z\u00dcBLIN\"},\"image\":{\"@id\":\"https:\\\/\\\/www.robertzueblin.com\\\/en\\\/#\\\/schema\\\/logo\\\/image\\\/\"}}]}<\/script>\n<!-- \/ Yoast SEO plugin. -->","yoast_head_json":{"title":"About us - Online Art Gallery ROBERT Z\u00dcBLIN","robots":{"index":"index","follow":"follow","max-snippet":"max-snippet:-1","max-image-preview":"max-image-preview:large","max-video-preview":"max-video-preview:-1"},"canonical":"https:\/\/www.robertzueblin.com\/en\/about\/","og_locale":"en_US","og_type":"article","og_title":"About us - Online Art Gallery ROBERT Z\u00dcBLIN","og_description":"Behind the website ROBERT Z\u00dcBLIN is, who would have thought it: Robert Z\u00fcblin, who runs an online art gallery on this website. So that&#8217;s me, Robert Z\u00fcblin, who puts so many studio ceramics, art paintings, art photographs and sculptures on the net here, whereby many pieces are still available for purchase, others have already been [&hellip;]","og_url":"https:\/\/www.robertzueblin.com\/en\/about\/","og_site_name":"ROBERT Z\u00dcBLIN","article_modified_time":"2025-04-23T16:11:16+00:00","og_image":[{"width":480,"height":640,"url":"https:\/\/www.robertzueblin.com\/wp-content\/uploads\/online-art-gallery-robert-zueblin.jpg","type":"image\/jpeg"}],"twitter_card":"summary_large_image","schema":{"@context":"https:\/\/schema.org","@graph":[{"@type":"WebPage","@id":"https:\/\/www.robertzueblin.com\/en\/about\/","url":"https:\/\/www.robertzueblin.com\/en\/about\/","name":"About us - Online Art Gallery ROBERT Z\u00dcBLIN","isPartOf":{"@id":"https:\/\/www.robertzueblin.com\/en\/#website"},"primaryImageOfPage":{"@id":"https:\/\/www.robertzueblin.com\/en\/about\/#primaryimage"},"image":{"@id":"https:\/\/www.robertzueblin.com\/en\/about\/#primaryimage"},"thumbnailUrl":"https:\/\/www.robertzueblin.com\/wp-content\/uploads\/online-art-gallery-robert-zueblin-225x300.jpg","datePublished":"2022-09-09T16:51:09+00:00","dateModified":"2025-04-23T16:11:16+00:00","breadcrumb":{"@id":"https:\/\/www.robertzueblin.com\/en\/about\/#breadcrumb"},"inLanguage":"en-US","potentialAction":[{"@type":"ReadAction","target":["https:\/\/www.robertzueblin.com\/en\/about\/"]}]},{"@type":"ImageObject","inLanguage":"en-US","@id":"https:\/\/www.robertzueblin.com\/en\/about\/#primaryimage","url":"https:\/\/www.robertzueblin.com\/wp-content\/uploads\/online-art-gallery-robert-zueblin-225x300.jpg","contentUrl":"https:\/\/www.robertzueblin.com\/wp-content\/uploads\/online-art-gallery-robert-zueblin-225x300.jpg"},{"@type":"BreadcrumbList","@id":"https:\/\/www.robertzueblin.com\/en\/about\/#breadcrumb","itemListElement":[{"@type":"ListItem","position":1,"name":"Startseite","item":"https:\/\/www.robertzueblin.com\/en\/"},{"@type":"ListItem","position":2,"name":"About"}]},{"@type":"WebSite","@id":"https:\/\/www.robertzueblin.com\/en\/#website","url":"https:\/\/www.robertzueblin.com\/en\/","name":"ROBERT Z\u00dcBLIN","description":"","publisher":{"@id":"https:\/\/www.robertzueblin.com\/en\/#organization"},"potentialAction":[{"@type":"SearchAction","target":{"@type":"EntryPoint","urlTemplate":"https:\/\/www.robertzueblin.com\/en\/?s={search_term_string}"},"query-input":{"@type":"PropertyValueSpecification","valueRequired":true,"valueName":"search_term_string"}}],"inLanguage":"en-US"},{"@type":"Organization","@id":"https:\/\/www.robertzueblin.com\/en\/#organization","name":"ROBERT Z\u00dcBLIN","url":"https:\/\/www.robertzueblin.com\/en\/","logo":{"@type":"ImageObject","inLanguage":"en-US","@id":"https:\/\/www.robertzueblin.com\/en\/#\/schema\/logo\/image\/","url":"https:\/\/www.robertzueblin.com\/wp-content\/uploads\/cropped-cropped-logo-von-robert-zueblin.jpg","contentUrl":"https:\/\/www.robertzueblin.com\/wp-content\/uploads\/cropped-cropped-logo-von-robert-zueblin.jpg","width":440,"height":60,"caption":"ROBERT Z\u00dcBLIN"},"image":{"@id":"https:\/\/www.robertzueblin.com\/en\/#\/schema\/logo\/image\/"}}]}},"_links":{"self":[{"href":"https:\/\/www.robertzueblin.com\/en\/wp-json\/wp\/v2\/pages\/28689","targetHints":{"allow":["GET"]}}],"collection":[{"href":"https:\/\/www.robertzueblin.com\/en\/wp-json\/wp\/v2\/pages"}],"about":[{"href":"https:\/\/www.robertzueblin.com\/en\/wp-json\/wp\/v2\/types\/page"}],"author":[{"embeddable":true,"href":"https:\/\/www.robertzueblin.com\/en\/wp-json\/wp\/v2\/users\/1"}],"replies":[{"embeddable":true,"href":"https:\/\/www.robertzueblin.com\/en\/wp-json\/wp\/v2\/comments?post=28689"}],"version-history":[{"count":17,"href":"https:\/\/www.robertzueblin.com\/en\/wp-json\/wp\/v2\/pages\/28689\/revisions"}],"predecessor-version":[{"id":44638,"href":"https:\/\/www.robertzueblin.com\/en\/wp-json\/wp\/v2\/pages\/28689\/revisions\/44638"}],"wp:attachment":[{"href":"https:\/\/www.robertzueblin.com\/en\/wp-json\/wp\/v2\/media?parent=28689"}],"curies":[{"name":"wp","href":"https:\/\/api.w.org\/{rel}","templated":true}]}}